{"id":654,"date":"2023-12-18T08:25:20","date_gmt":"2023-12-18T08:25:20","guid":{"rendered":"https:\/\/schreibenpro.com\/de\/gute-bewertung-fur-arzt-schreiben-offnen\/"},"modified":"2023-12-18T08:25:20","modified_gmt":"2023-12-18T08:25:20","slug":"gute-bewertung-fur-arzt-schreiben-offnen","status":"publish","type":"page","link":"https:\/\/schreibenpro.com\/de\/gute-bewertung-fur-arzt-schreiben-offnen\/","title":{"rendered":"\u00d6ffnen &#8211; Gute Bewertung F\u00fcr Arzt Schreiben"},"content":{"rendered":"\r\n<p class=\"has-text-align-center\">Muster und Vorlage f\u00fcr <strong> Gute Bewertung F\u00fcr Arzt Schreiben<\/strong> &#8211; Ausf\u00fcllen und Erstellung  &#8211; \u00d6ffnen im <strong>PDF und WORD<\/strong> Datei und Online<\/p>\r\n\r\n\r\n\r\n\r\n<div class=\"wp-block-image\">\r\n<figure class=\"aligncenter size-large is-resized\"><img loading=\"lazy\" decoding=\"async\" class=\"wp-image-215\" src=\"https:\/\/schreibenpro.com\/de\/wp-content\/uploads\/gute-bewertung-fur-arzt-schreiben-muster-vorlage.jpg\" alt=\"\" width=\"245\" height=\"391\" \/><\/figure>\r\n<\/div>\r\n\r\n\r\n\r\n<hr class=\"wp-block-separator has-alpha-channel-opacity\" \/>\r\n\r\n\r\n\r\n\r\n\r\n<div class=\"su-note\"  style=\"border-color:#e5e5e5;border-radius:10px;-moz-border-radius:10px;-webkit-border-radius:10px;\"><div class=\"su-note-inner su-u-clearfix su-u-trim\" style=\"background-color:#FFFFFF;border-color:#ffffff;color:#333333;border-radius:10px;-moz-border-radius:10px;-webkit-border-radius:10px;\">\r\n\r\n<section id=\"specialParagraph\"><p><strong>Einf\u00fchrung:<\/strong><\/p> <p>Sehr geehrte Frau\/Herr Dr. [Nachname des Arztes],<\/p> <p>ich m\u00f6chte Ihnen hiermit gerne eine positive Bewertung und mein aufrichtiges Dankesch\u00f6n f\u00fcr Ihre exzellente Betreuung und Behandlung aussprechen. Ich wurde von Ihnen in den letzten Monaten professionell und einf\u00fchlsam behandelt und bin mit den Ergebnissen \u00e4u\u00dferst zufrieden.<\/p>  <p><strong>Teil 1: Hervorragende medizinische Kompetenz<\/strong><\/p> <p>Als Facharzt mit langj\u00e4hriger Erfahrung haben Sie ein umfassendes Verst\u00e4ndnis der medizinischen Zusammenh\u00e4nge und eine exzellente Diagnosef\u00e4higkeit gezeigt. Sie haben sich die Zeit genommen, meine Beschwerden sorgf\u00e4ltig zu analysieren und eine angemessene Behandlungsmethode vorzuschlagen. Ihre medizinische Kompetenz hat es mir erm\u00f6glicht, mich sicher und verstanden zu f\u00fchlen.<\/p>  <p><strong>Teil 2: Empathische Betreuung und Aufmerksamkeit<\/strong><\/p> <p>Eine besondere Erw\u00e4hnung verdient Ihre empathische Betreuung und Ihr ausgepr\u00e4gtes Einf\u00fchlungsverm\u00f6gen. Sie haben stets ein offenes Ohr f\u00fcr meine Fragen und Bedenken gehabt und haben sich die Zeit genommen, diese ausf\u00fchrlich zu beantworten. Ihre aufmerksame und einf\u00fchlsame Art hat dazu beigetragen, dass ich mich als Patientin wertgesch\u00e4tzt und gut aufgehoben gef\u00fchlt habe.<\/p>  <p><strong>Teil 3: Effektive Kommunikation und klare Erl\u00e4uterungen<\/strong><\/p> <p>Ihre F\u00e4higkeit, komplexe medizinische Sachverhalte in verst\u00e4ndlicher Weise zu erkl\u00e4ren, hat mir geholfen, meine Behandlung besser zu verstehen und mich in die Entscheidungsfindung einzubinden. Sie haben klare Erl\u00e4uterungen gegeben und mich \u00fcber m\u00f6gliche Risiken und Alternativen informiert. Dadurch konnte ich vertrauensvoll in meine Behandlung einwilligen und mich aktiv an meiner Genesung beteiligen.<\/p>  <p><strong>Teil 4: Effiziente Organisation und Terminverwaltung<\/strong><\/p> <p>Es ist bemerkenswert, wie gut Ihre Praxis organisiert ist. Die Wartezeiten waren minimal und die Terminvergabe verlief reibungslos. Ich habe mich immer willkommen gef\u00fchlt und musste nie lange auf einen Termin warten. Ihre freundlichen Mitarbeiter und Mitarbeiterinnen haben einen ausgezeichneten Kundenservice geboten und haben stets f\u00fcr eine angenehme Atmosph\u00e4re gesorgt.<\/p>  <p><strong>Schluss<\/strong><\/p> <p>Ich m\u00f6chte Ihnen nochmals von Herzen f\u00fcr Ihre herausragende professionelle Betreuung danken. Ihre medizinische Kompetenz, Ihre empathische Art und Ihr ausgezeichneter Kundenservice haben meinen Aufenthalt bei Ihnen zu einer positiven Erfahrung gemacht. Ich werde Sie gerne weiterempfehlen und mich bei Bedarf erneut in Ihre kompetenten H\u00e4nde begeben.<\/p>  <p>Mit freundlichen Gr\u00fc\u00dfen,<\/p> [Ihr Name]<\/section><\/div><\/div>\r\n\r\n&nbsp;\r\n\r\n\r\n\r\n\r\n\r\n\r\n<p class=\"has-text-align-center\">Muster und Vorlage f\u00fcr <strong> Gute Bewertung F\u00fcr Arzt Schreiben <\/strong> zur Anpassung und Erstellung  im <strong>WORD<\/strong>\u2013 und <strong>PDF-Format<\/strong><\/p>\r\n\r\n\r\n<button id=\"generatePDF\">Erstellen (PDF &#8211; WORD)<\/button>\r\n\r\n\r\n\r\n<hr class=\"wp-block-separator has-alpha-channel-opacity\" \/>\r\n\r\n\r\n\r\n<p style=\"text-align: center;\"><strong>Gute Bewertung F\u00fcr Arzt Schreiben<\/strong><\/p>\r\n\r\n<div class=\"wp-block-columns is-layout-flex wp-container-core-columns-is-layout-9d6595d7 wp-block-columns-is-layout-flex\">\r\n\r\n\r\n<div class=\"wp-block-column is-layout-flow wp-block-column-is-layout-flow\"><div class=\"su-button-center\"><a href=\"https:\/\/muster-schreiben.com\/arztbewertung-schreiben\/\" class=\"su-button su-button-style-flat\" style=\"color:#FFFFFF;background-color:#144bb6;border-color:#103c92;border-radius:1px\" target=\"_self\"><span style=\"color:#FFFFFF;padding:0px 24px;font-size:18px;line-height:36px;border-color:#5b81cc;border-radius:1px;text-shadow:none\">   PDF <\/span><\/a><\/div>\n<\/div>\r\n\r\n\r\n\r\n<div class=\"wp-block-column is-layout-flow wp-block-column-is-layout-flow\"><div class=\"su-button-center\"><a href=\"https:\/\/www.steuerkanzlei-susanne-weber.de\/downloads\/2020\/mandantenrundschreiben_2019_2020.docx\" class=\"su-button su-button-style-flat\" style=\"color:#FFFFFF;background-color:#144bb6;border-color:#103c92;border-radius:1px\" target=\"_self\"><span style=\"color:#FFFFFF;padding:0px 24px;font-size:18px;line-height:36px;border-color:#5b81cc;border-radius:1px;text-shadow:none\">   DOC<\/span><\/a><\/div>\n<\/div>\r\n\r\n\r\n<\/div>\r\n\r\n\r\n\r\n<p style=\"text-align: center;\"><strong>Beispiele<\/strong><\/p>\r\n\r\n<div class=\"wp-block-columns is-layout-flex wp-container-core-columns-is-layout-9d6595d7 wp-block-columns-is-layout-flex\">\r\n\r\n\r\n<div class=\"wp-block-column is-layout-flow wp-block-column-is-layout-flow\"><div class=\"su-button-center\"><a href=\"https:\/\/cejsh.icm.edu.pl\/cejsh\/element\/bwmeta1.element.desklight-6b5fd731-78ea-49a0-a49d-fb247cf0edd2\/c\/08_kalasznik.pdf\" class=\"su-button su-button-style-flat\" style=\"color:#FFFFFF;background-color:#144bb6;border-color:#103c92;border-radius:1px\" target=\"_self\"><span style=\"color:#FFFFFF;padding:0px 24px;font-size:18px;line-height:36px;border-color:#5b81cc;border-radius:1px;text-shadow:none\">  Beispiel &#8211; 1 <\/span><\/a><\/div>\n<\/div>\r\n\r\n\r\n\r\n<div class=\"wp-block-column is-layout-flow wp-block-column-is-layout-flow\"><div class=\"su-button-center\"><a href=\"https:\/\/m.thieme.de\/viostatics\/dokumente\/vio-2\/final\/de\/dokumente\/arzt-im-beruf\/textbausteine-arbeitszeugnisse.pdf\" class=\"su-button su-button-style-flat\" style=\"color:#FFFFFF;background-color:#144bb6;border-color:#103c92;border-radius:1px\" target=\"_self\"><span style=\"color:#FFFFFF;padding:0px 24px;font-size:18px;line-height:36px;border-color:#5b81cc;border-radius:1px;text-shadow:none\">  Beispiel &#8211; 2 <\/span><\/a><\/div>\n<\/div>\r\n\r\n\r\n<\/div>\r\n\r\n\r\n<hr class=\"wp-block-separator has-alpha-channel-opacity\" \/>\r\n\r\n\r\n\r\n<div class=\"wp-block-columns is-layout-flex wp-container-core-columns-is-layout-9d6595d7 wp-block-columns-is-layout-flex\">\r\n\r\n\r\n<div class=\"wp-block-column is-layout-flow wp-block-column-is-layout-flow\"><div class=\"su-button-center\"><a href=\"https:\/\/www.stiftung-gesundheit.de\/pdf\/stiftungsbrief\/sonderausgabe_stiftungsbrief_2010_arztbewertungen.pdf\" class=\"su-button su-button-style-flat\" style=\"color:#FFFFFF;background-color:#144bb6;border-color:#103c92;border-radius:1px\" target=\"_self\"><span style=\"color:#FFFFFF;padding:0px 24px;font-size:18px;line-height:36px;border-color:#5b81cc;border-radius:1px;text-shadow:none\">  Beispiel &#8211; 3 <\/span><\/a><\/div>\n<\/div>\r\n\r\n\r\n\r\n<div class=\"wp-block-column is-layout-flow wp-block-column-is-layout-flow\"><div class=\"su-button-center\"><a href=\"https:\/\/muster-schreiben.com\/arztbewertung-schreiben\/\" class=\"su-button su-button-style-flat\" style=\"color:#FFFFFF;background-color:#144bb6;border-color:#103c92;border-radius:1px\" target=\"_self\"><span style=\"color:#FFFFFF;padding:0px 24px;font-size:18px;line-height:36px;border-color:#5b81cc;border-radius:1px;text-shadow:none\">  Beispiel &#8211; 4 <\/span><\/a><\/div>\n<\/div>\r\n\r\n\r\n<\/div>\r\n\r\n\r\n<hr class=\"wp-block-separator has-alpha-channel-opacity\" \/>\r\n\r\n<!-- \/wp:post-content -->\r\n\r\n<!-- wp:table {\"align\":\"center\"} -->\r\n<figure class=\"wp-block-table aligncenter\">\r\n<table>\r\n<tbody>\r\n<tr>\r\n<td style=\"text-align: center;\">Gute Bewertung F\u00fcr Arzt Schreiben<\/td>\r\n<\/tr>\r\n<tr>\r\n<td style=\"text-align: center;\">PDF &#8211; WORD Datei<\/td>\r\n<\/tr>\r\n<tr>\r\n<td style=\"text-align: center;\">Bewertung: \u2b50\u2b50\u2b50\u2b50\u2b50 4.14<\/td>\r\n<\/tr>\r\n<tr>\r\n<td style=\"text-align: center;\">Ergebnisse &#8211; 520<\/td>\r\n<\/tr>\r\n<\/tbody>\r\n<\/table>\r\n<\/figure>\r\n<!-- \/wp:table -->\r\n\r\n<!-- wp:separator -->\r\n\r\n<hr class=\"wp-block-separator has-alpha-channel-opacity\" \/>\r\n\r\n<!-- \/wp:separator -->\r\n\r\n<div class=\"su-note\"  style=\"border-color:#e5e5e5;border-radius:10px;-moz-border-radius:10px;-webkit-border-radius:10px;\"><div class=\"su-note-inner su-u-clearfix su-u-trim\" style=\"background-color:#FFFFFF;border-color:#ffffff;color:#333333;border-radius:10px;-moz-border-radius:10px;-webkit-border-radius:10px;\">\r\n\r\n<p>In dieser Anleitung werden verschiedene Tipps und Beispiele f\u00fcr das Verfassen einer guten Bewertung f\u00fcr einen Arzt ausf\u00fchrlich erl\u00e4utert. Es werden die verschiedenen Schritte und Bestandteile einer Bewertung von der Einleitung \u00fcber den Hauptteil bis hin zum Schluss behandelt. Zus\u00e4tzlich werden wichtige \u00dcberlegungen zur formalen Gestaltung und zum Aufbau einer effektiven Bewertung aufgezeigt.<\/p>  <h3>Einleitung<\/h3>  <p>Die Einleitung einer Bewertung f\u00fcr einen Arzt sollte den Zweck der Bewertung erl\u00e4utern und den Leser neugierig machen. Hierbei kann auf die Erfahrungen mit dem Arzt eingegangen werden und warum eine Bewertung verfasst wird. Einleitungss\u00e4tze k\u00f6nnten wie folgt aussehen:<\/p>  <ul> <li>&#8220;Ich m\u00f6chte meine positiven Erfahrungen mit Dr. XYZ teilen.&#8221;<\/li> <li>&#8220;Nach meiner Behandlung bei Dr. XYZ m\u00f6chte ich meine Meinung teilen.&#8221;<\/li> <li>&#8220;Dr. XYZ hat meine Erwartungen \u00fcbertroffen, daher m\u00f6chte ich eine Bewertung hinterlassen.&#8221;<\/li> <\/ul>  <h3>Hauptteil<\/h3>  <p>Der Hauptteil der Bewertung sollte die Erfahrungen und Eindr\u00fccke mit dem Arzt detailliert schildern. Hier k\u00f6nnen die Qualit\u00e4t der Behandlung, die Kompetenz des Arztes, die Freundlichkeit des Personals und weitere wichtige Aspekte beleuchtet werden. Es empfiehlt sich, diese Punkte zu strukturieren:<\/p>  <ol> <li><strong>Qualit\u00e4t der Behandlung:<\/strong> Hier kann auf die Genauigkeit der Diagnose, die Wirksamkeit der Behandlung, eventuelle Nebenwirkungen und weitere relevante Informationen eingegangen werden.<\/li> <li><strong>Kompetenz des Arztes:<\/strong> In diesem Abschnitt k\u00f6nnen die Fachkenntnisse des Arztes, die Erfahrung und Expertise, sowie die F\u00e4higkeit zur Kommunikation mit dem Patienten bewertet werden.<\/li> <li><strong>Freundlichkeit des Personals:<\/strong> Hier ist es wichtig, auf das Verhalten des gesamten Praxisteams einzugehen. Freundlichkeit, Hilfsbereitschaft und ein angenehmes Umfeld k\u00f6nnen positiv bewertet werden.<\/li> <li><strong>Zus\u00e4tzliche Aspekte:<\/strong> Je nach Behandlung k\u00f6nnen weitere Punkte wie Wartezeiten, Sauberkeit der Praxis, Aufkl\u00e4rung \u00fcber die Behandlung oder m\u00f6gliche Alternativen in die Bewertung einflie\u00dfen.<\/li> <\/ol>  <p>Beispiele f\u00fcr S\u00e4tze im Hauptteil:<\/p>  <ul> <li>&#8220;Die Behandlung bei Dr. XYZ war \u00e4u\u00dferst effektiv. Meine Symptome verbesserten sich bereits nach kurzer Zeit.&#8221;<\/li> <li>&#8220;Dr. XYZ verf\u00fcgt \u00fcber tiefgreifende Kenntnisse auf seinem Fachgebiet und konnte alle meine Fragen kompetent beantworten.&#8221;<\/li> <li>&#8220;Das gesamte Praxisteam war \u00fcberaus freundlich und hilfsbereit. Ich f\u00fchlte mich gut aufgehoben und ernst genommen.&#8221;<\/li> <li>&#8220;Die Praxis von Dr. XYZ ist stets sauber und gut organisiert. Auch die Wartezeiten waren angemessen und wurden transparent kommuniziert.&#8221;<\/li> <\/ul>  <h3>Schluss<\/h3>  <p>Im Schluss kann nochmals auf die positiven Erfahrungen mit dem Arzt eingegangen werden. Es bietet sich an, eine klare Empfehlung auszusprechen und die Bewertung zu einem positiven Abschluss zu bringen. Hier einige Beispiele f\u00fcr Schlusss\u00e4tze:<\/p>  <ul> <li>&#8220;Ich kann Dr. XYZ w\u00e4rmstens empfehlen und werde bei Bedarf jederzeit wieder seine Dienste in Anspruch nehmen.&#8221;<\/li> <li>&#8220;Insgesamt bin ich begeistert von der professionellen Betreuung durch Dr. XYZ und werde ihn definitiv weiterempfehlen.&#8221;<\/li> <li>&#8220;Ein Arzt wie Dr. XYZ ist selten. Ich f\u00fchle mich bei ihm gut aufgehoben und bin \u00e4u\u00dferst zufrieden mit meiner Behandlung.&#8221;<\/li> <\/ul>  <h3>Formale Gestaltung und Aufbau eines effektiven Briefes<\/h3>  <p>Um eine Bewertung f\u00fcr einen Arzt m\u00f6glichst effektiv zu gestalten, sollten folgende Aspekte beachtet werden:<\/p>  <dl> <dt><b>Titel:<\/b><\/dt> <dd>Der Titel der Bewertung sollte pr\u00e4gnant sein und das Thema des Briefes genau widerspiegeln.<\/dd>  <dt><b>Gliederung:<\/b><\/dt> <dd>Die Bewertung sollte gut strukturiert sein und klar erkennbare Abschnitte haben. Eine Einleitung, ein Hauptteil und ein Schluss bieten eine gute Orientierung.<\/dd>  <dt><b>Klare Sprache:<\/b><\/dt> <dd>Verwenden Sie eine verst\u00e4ndliche und klare Sprache, um Ihre Gedanken deutlich auszudr\u00fccken. Vermeiden Sie Fachbegriffe, es sei denn, sie sind f\u00fcr die Bewertung relevant.<\/dd>  <dt><b>Beweise und Beispiele:<\/b><\/dt> <dd>St\u00fctzen Sie Ihre Bewertung mit konkreten Beispielen und Erfahrungen. Diese machen die Bewertung glaubw\u00fcrdiger und helfen dem Leser, Ihre Aussagen besser nachzuvollziehen.<\/dd>  <dt><b>Positiver und freundlicher Ton:<\/b><\/dt> <dd>Verwenden Sie einen positiven und freundlichen Ton, um Ihre Zufriedenheit mit dem Arzt zum Ausdruck zu bringen. Vermeiden Sie pers\u00f6nliche Angriffe oder diffamierende \u00c4u\u00dferungen.<\/dd>  <dt><b>:<\/b><\/dt> <dd>Ein guter Brief kann eine starke Wirkung entfalten. Nutzen Sie die M\u00f6glichkeit, Ihren Dank und Ihre Empfehlung zum Ausdruck zu bringen und ermutigen Sie andere, \u00e4hnlich positive Erfahrungen zu machen.<\/dd> <\/dl>\r\n\r\n<\/div><\/div>\r\n\r\n<!-- wp:separator -->\r\n\r\n<hr class=\"wp-block-separator has-alpha-channel-opacity\" \/>","protected":false},"excerpt":{"rendered":"<p>Muster und Vorlage f\u00fcr Gute Bewertung F\u00fcr Arzt Schreiben &#8211; Ausf\u00fcllen und Erstellung &#8211; \u00d6ffnen im PDF und WORD Datei &#8230; <\/p>\n<p class=\"read-more-container\"><a title=\"\u00d6ffnen &#8211; Gute Bewertung F\u00fcr Arzt Schreiben\" class=\"read-more button\" href=\"https:\/\/schreibenpro.com\/de\/gute-bewertung-fur-arzt-schreiben-offnen\/#more-654\" aria-label=\"Mehr zu \u00d6ffnen &#8211; Gute Bewertung F\u00fcr Arzt Schreiben\">\u00d6FFNEN <\/a><\/p>\n","protected":false},"author":1,"featured_media":0,"parent":0,"menu_order":0,"comment_status":"closed","ping_status":"closed","template":"","meta":{"footnotes":""},"class_list":{"0":"post-654","1":"page","2":"type-page","3":"status-publish","5":"infinite-scroll-item"},"yoast_head":"<!-- This site is optimized with the Yoast SEO plugin v24.6 - https:\/\/yoast.com\/wordpress\/plugins\/seo\/ -->\n<title>\u00d6ffnen - Gute Bewertung F\u00fcr Arzt Schreiben - Schreiben PRO<\/title>\n<meta name=\"robots\" content=\"noindex, follow\" \/>\n<meta property=\"og:locale\" content=\"de_DE\" \/>\n<meta property=\"og:type\" content=\"article\" \/>\n<meta property=\"og:title\" content=\"\u00d6ffnen - Gute Bewertung F\u00fcr Arzt Schreiben - Schreiben PRO\" \/>\n<meta property=\"og:description\" content=\"Muster und Vorlage f\u00fcr Gute Bewertung F\u00fcr Arzt Schreiben &#8211; Ausf\u00fcllen und Erstellung &#8211; \u00d6ffnen im PDF und WORD Datei ... \u00d6FFNEN\" \/>\n<meta property=\"og:url\" content=\"https:\/\/schreibenpro.com\/de\/gute-bewertung-fur-arzt-schreiben-offnen\/\" \/>\n<meta property=\"og:site_name\" content=\"Schreiben PRO\" \/>\n<meta property=\"og:image\" content=\"https:\/\/schreibenpro.com\/de\/wp-content\/uploads\/gute-bewertung-fur-arzt-schreiben-muster-vorlage.jpg\" \/>\n<meta name=\"twitter:card\" content=\"summary_large_image\" \/>\n<meta name=\"twitter:label1\" content=\"Gesch\u00e4tzte Lesezeit\" \/>\n\t<meta name=\"twitter:data1\" content=\"1\u00a0Minute\" \/>\n<!-- \/ Yoast SEO plugin. -->","yoast_head_json":{"title":"\u00d6ffnen - Gute Bewertung F\u00fcr Arzt Schreiben - Schreiben PRO","robots":{"index":"noindex","follow":"follow"},"og_locale":"de_DE","og_type":"article","og_title":"\u00d6ffnen - Gute Bewertung F\u00fcr Arzt Schreiben - Schreiben PRO","og_description":"Muster und Vorlage f\u00fcr Gute Bewertung F\u00fcr Arzt Schreiben &#8211; Ausf\u00fcllen und Erstellung &#8211; \u00d6ffnen im PDF und WORD Datei ... \u00d6FFNEN","og_url":"https:\/\/schreibenpro.com\/de\/gute-bewertung-fur-arzt-schreiben-offnen\/","og_site_name":"Schreiben PRO","og_image":[{"url":"https:\/\/schreibenpro.com\/de\/wp-content\/uploads\/gute-bewertung-fur-arzt-schreiben-muster-vorlage.jpg","type":"","width":"","height":""}],"twitter_card":"summary_large_image","twitter_misc":{"Gesch\u00e4tzte Lesezeit":"1\u00a0Minute"},"schema":{"@context":"https:\/\/schema.org","@graph":[{"@type":"WebPage","@id":"https:\/\/schreibenpro.com\/de\/gute-bewertung-fur-arzt-schreiben-offnen\/","url":"https:\/\/schreibenpro.com\/de\/gute-bewertung-fur-arzt-schreiben-offnen\/","name":"\u00d6ffnen - Gute Bewertung F\u00fcr Arzt Schreiben - Schreiben PRO","isPartOf":{"@id":"https:\/\/schreibenpro.com\/de\/#website"},"primaryImageOfPage":{"@id":"https:\/\/schreibenpro.com\/de\/gute-bewertung-fur-arzt-schreiben-offnen\/#primaryimage"},"image":{"@id":"https:\/\/schreibenpro.com\/de\/gute-bewertung-fur-arzt-schreiben-offnen\/#primaryimage"},"thumbnailUrl":"https:\/\/schreibenpro.com\/de\/wp-content\/uploads\/gute-bewertung-fur-arzt-schreiben-muster-vorlage.jpg","datePublished":"2023-12-18T08:25:20+00:00","breadcrumb":{"@id":"https:\/\/schreibenpro.com\/de\/gute-bewertung-fur-arzt-schreiben-offnen\/#breadcrumb"},"inLanguage":"de","potentialAction":[{"@type":"ReadAction","target":["https:\/\/schreibenpro.com\/de\/gute-bewertung-fur-arzt-schreiben-offnen\/"]}]},{"@type":"ImageObject","inLanguage":"de","@id":"https:\/\/schreibenpro.com\/de\/gute-bewertung-fur-arzt-schreiben-offnen\/#primaryimage","url":"https:\/\/schreibenpro.com\/de\/wp-content\/uploads\/anschreiben-zum-angebot-muster-vorlage.jpg","contentUrl":"https:\/\/schreibenpro.com\/de\/wp-content\/uploads\/anschreiben-zum-angebot-muster-vorlage.jpg","width":1410,"height":2250},{"@type":"BreadcrumbList","@id":"https:\/\/schreibenpro.com\/de\/gute-bewertung-fur-arzt-schreiben-offnen\/#breadcrumb","itemListElement":[{"@type":"ListItem","position":1,"name":"Portada","item":"https:\/\/schreibenpro.com\/de\/"},{"@type":"ListItem","position":2,"name":"\u00d6ffnen &#8211; Gute Bewertung F\u00fcr Arzt Schreiben"}]},{"@type":"WebSite","@id":"https:\/\/schreibenpro.com\/de\/#website","url":"https:\/\/schreibenpro.com\/de\/","name":"Schreiben PRO","description":"Muster und Vorlage","publisher":{"@id":"https:\/\/schreibenpro.com\/de\/#organization"},"potentialAction":[{"@type":"SearchAction","target":{"@type":"EntryPoint","urlTemplate":"https:\/\/schreibenpro.com\/de\/?s={search_term_string}"},"query-input":{"@type":"PropertyValueSpecification","valueRequired":true,"valueName":"search_term_string"}}],"inLanguage":"de"},{"@type":"Organization","@id":"https:\/\/schreibenpro.com\/de\/#organization","name":"Schreiben PRO","url":"https:\/\/schreibenpro.com\/de\/","logo":{"@type":"ImageObject","inLanguage":"de","@id":"https:\/\/schreibenpro.com\/de\/#\/schema\/logo\/image\/","url":"https:\/\/schreibenpro.com\/de\/wp-content\/uploads\/cropped-fav.png","contentUrl":"https:\/\/schreibenpro.com\/de\/wp-content\/uploads\/cropped-fav.png","width":512,"height":512,"caption":"Schreiben PRO"},"image":{"@id":"https:\/\/schreibenpro.com\/de\/#\/schema\/logo\/image\/"}}]}},"_links":{"self":[{"href":"https:\/\/schreibenpro.com\/de\/wp-json\/wp\/v2\/pages\/654","targetHints":{"allow":["GET"]}}],"collection":[{"href":"https:\/\/schreibenpro.com\/de\/wp-json\/wp\/v2\/pages"}],"about":[{"href":"https:\/\/schreibenpro.com\/de\/wp-json\/wp\/v2\/types\/page"}],"author":[{"embeddable":true,"href":"https:\/\/schreibenpro.com\/de\/wp-json\/wp\/v2\/users\/1"}],"replies":[{"embeddable":true,"href":"https:\/\/schreibenpro.com\/de\/wp-json\/wp\/v2\/comments?post=654"}],"version-history":[{"count":0,"href":"https:\/\/schreibenpro.com\/de\/wp-json\/wp\/v2\/pages\/654\/revisions"}],"wp:attachment":[{"href":"https:\/\/schreibenpro.com\/de\/wp-json\/wp\/v2\/media?parent=654"}],"curies":[{"name":"wp","href":"https:\/\/api.w.org\/{rel}","templated":true}]}}