{"id":657,"date":"2023-12-18T08:25:21","date_gmt":"2023-12-18T08:25:21","guid":{"rendered":"https:\/\/schreibenpro.com\/de\/schreiben-an-inkasso-offnen\/"},"modified":"2023-12-18T08:25:21","modified_gmt":"2023-12-18T08:25:21","slug":"schreiben-an-inkasso-offnen","status":"publish","type":"page","link":"https:\/\/schreibenpro.com\/de\/schreiben-an-inkasso-offnen\/","title":{"rendered":"\u00d6ffnen &#8211; Schreiben An Inkasso"},"content":{"rendered":"\r\n<p class=\"has-text-align-center\">Vorlage und Muster f\u00fcr <strong> Schreiben An Inkasso<\/strong> &#8211; Ausf\u00fcllen und Erstellung  &#8211; \u00d6ffnen im <strong>PDF  WORD<\/strong> Datei und Online<\/p>\r\n\r\n\r\n\r\n\r\n<div class=\"wp-block-image\">\r\n<figure class=\"aligncenter size-large is-resized\"><img loading=\"lazy\" decoding=\"async\" class=\"wp-image-215\" src=\"https:\/\/schreibenpro.com\/de\/wp-content\/uploads\/schreiben-an-inkasso-muster-vorlage.jpg\" alt=\"\" width=\"245\" height=\"391\" \/><\/figure>\r\n<\/div>\r\n\r\n\r\n\r\n<hr class=\"wp-block-separator has-alpha-channel-opacity\" \/>\r\n\r\n\r\n\r\n\r\n\r\n<div class=\"su-note\"  style=\"border-color:#e5e5e5;border-radius:10px;-moz-border-radius:10px;-webkit-border-radius:10px;\"><div class=\"su-note-inner su-u-clearfix su-u-trim\" style=\"background-color:#FFFFFF;border-color:#ffffff;color:#333333;border-radius:10px;-moz-border-radius:10px;-webkit-border-radius:10px;\">\r\n\r\n<section id=\"specialParagraph\"><p><strong>Einleitung:<\/strong><\/p> <p><b>Sehr geehrtes Inkassounternehmen,<\/b><\/p> <p>hiermit m\u00f6chte ich Ihnen den Sachverhalt bez\u00fcglich einer offenen Forderung darlegen.<\/p>  <p><strong>Schuldnerinformationen:<\/strong><\/p> <dl> <dt>Name des Schuldners:<\/dt> <dd>Max Mustermann<\/dd> <dt>Forderungsnummer:<\/dt> <dd>12345678<\/dd> <dt>Rechnungsnummer:<\/dt> <dd>98765432<\/dd> <\/dl>  <p><strong>Sachverhalt:<\/strong><\/p> <p>Am 1. Januar 2022 habe ich Max Mustermann f\u00fcr erbrachte Dienstleistungen eine Rechnung mit der Nummer 98765432 \u00fcber den Betrag von 3000 Euro gestellt. Leider ist die Frist zur Zahlung der Rechnung bis zum 1. Februar 2022 verstrichen und ich habe bis heute keinen Zahlungseingang feststellen k\u00f6nnen.<\/p>  <p><strong>Mahnungen:<\/strong><\/p> <p>Ich habe Max Mustermann in der Folge mehrere Mahnungen geschickt, um ihn zur Zahlung zu ermahnen. Die Mahnungen wurden per E-Mail und per Post versandt. Trotzdem blieb die Forderung bis dato unbezahlt.<\/p>  <p><strong>Zahlungserinnerung:<\/strong><\/p> <p>Zus\u00e4tzlich zu den Mahnungen habe ich Max Mustermann am 1. M\u00e4rz 2022 eine Zahlungserinnerung per Einschreiben geschickt. Trotz des Nachdrucks auf die Dringlichkeit der Zahlung habe ich bislang keine R\u00fcckmeldung oder Zahlung erhalten.<\/p>  <p><strong>Rechtliche Schritte:<\/strong><\/p> <p>Wir sehen uns daher gezwungen, rechtliche Schritte gegen Max Mustermann einzuleiten, um die offene Forderung einzutreiben. Es tut mir leid, dass es zu dieser Situation gekommen ist, aber ich sehe keine andere M\u00f6glichkeit mehr.<\/p>  <p><strong>Forderungs\u00fcbersicht:<\/strong><\/p> <table> <tr> <th>Rechnungsnummer<\/th> <th>Rechnungsdatum<\/th> <th>F\u00e4lligkeitsdatum<\/th> <th>Betrag<\/th> <\/tr> <tr> <td>98765432<\/td> <td>1. Januar 2022<\/td> <td>1. Februar 2022<\/td> <td>3000 Euro<\/td> <\/tr> <\/table>  <p><strong>Aufforderung zur Zahlung:<\/strong><\/p> <p>Ich fordere Sie hiermit auf, unverz\u00fcglich eine Zahlung von 3000 Euro auf das unten angegebene Konto zu \u00fcberweisen. Sollte die Zahlung nicht innerhalb von 14 Tagen nach Erhalt dieses Schreibens eingehen, behalten wir uns vor, weitere rechtliche Schritte einzuleiten, um die offene Forderung einzutreiben.<\/p>  <p><strong>Zahlungsinformationen:<\/strong><\/p> <p>Kontoinhaber: Max Mustermann<br> IBAN: DE12 3456 7890 1234 5678 90<br> Bank: Musterbank<br> Verwendungszweck: Forderungsnummer 12345678<\/p>  <p><strong>Kontaktdaten:<\/strong><\/p> <p>Sollten Sie Fragen oder weitere Informationen ben\u00f6tigen, stehe ich Ihnen gerne zur Verf\u00fcgung.<\/p> <p>Max Mustermann<br> Musterstra\u00dfe 1<br> 12345 Musterstadt<br> E-Mail: max.mustermann@example.com<br> Telefon: 0123456789<\/p>  <p><strong>Schluss:<\/strong><\/p> <p>Ich hoffe auf eine schnelle und zufriedenstellende Beilegung dieser Angelegenheit.<\/p> <p>Mit freundlichen Gr\u00fc\u00dfen,<\/p> <p><em>Max Mustermann<\/em><\/p><\/section><\/div><\/div>\r\n\r\n&nbsp;\r\n\r\n\r\n\r\n\r\n\r\n\r\n<p class=\"has-text-align-center\">Muster und Vorlage f\u00fcr <strong> Schreiben An Inkasso <\/strong> zur Erstellung und Anpassung im <strong>WORD<\/strong>\u2013 und <strong>PDF-Format<\/strong><\/p>\r\n\r\n\r\n<button id=\"generatePDF\">Erstellen (PDF &#8211; WORD)<\/button>\r\n\r\n\r\n\r\n<hr class=\"wp-block-separator has-alpha-channel-opacity\" \/>\r\n\r\n\r\n\r\n<p style=\"text-align: center;\"><strong>Schreiben An Inkasso<\/strong><\/p>\r\n\r\n<div class=\"wp-block-columns is-layout-flex wp-container-core-columns-is-layout-9d6595d7 wp-block-columns-is-layout-flex\">\r\n\r\n\r\n<div class=\"wp-block-column is-layout-flow wp-block-column-is-layout-flow\"><div class=\"su-button-center\"><a href=\"https:\/\/www.verbraucherzentrale.de\/sites\/default\/files\/2022-06\/Abwehr_einer_unberechtigten_Forderung_Inkasso.pdf\" class=\"su-button su-button-style-flat\" style=\"color:#FFFFFF;background-color:#144bb6;border-color:#103c92;border-radius:1px\" target=\"_self\"><span style=\"color:#FFFFFF;padding:0px 24px;font-size:18px;line-height:36px;border-color:#5b81cc;border-radius:1px;text-shadow:none\">   PDF <\/span><\/a><\/div>\n<\/div>\r\n\r\n\r\n\r\n<div class=\"wp-block-column is-layout-flow wp-block-column-is-layout-flow\"><div class=\"su-button-center\"><a href=\"https:\/\/www.verbraucherzentrale.de\/sites\/default\/files\/2017-10\/Inkasso-schon-bezahlt.docx\" class=\"su-button su-button-style-flat\" style=\"color:#FFFFFF;background-color:#144bb6;border-color:#103c92;border-radius:1px\" target=\"_self\"><span style=\"color:#FFFFFF;padding:0px 24px;font-size:18px;line-height:36px;border-color:#5b81cc;border-radius:1px;text-shadow:none\">   DOC<\/span><\/a><\/div>\n<\/div>\r\n\r\n\r\n<\/div>\r\n\r\n\r\n\r\n<p style=\"text-align: center;\"><strong>Beispiele<\/strong><\/p>\r\n\r\n<div class=\"wp-block-columns is-layout-flex wp-container-core-columns-is-layout-9d6595d7 wp-block-columns-is-layout-flex\">\r\n\r\n\r\n<div class=\"wp-block-column is-layout-flow wp-block-column-is-layout-flow\"><div class=\"su-button-center\"><a href=\"https:\/\/www.verbraucherzentrale.de\/sites\/default\/files\/2022-06\/Abwehr_einer_unberechtigten_Forderung_Inkasso.pdf\" class=\"su-button su-button-style-flat\" style=\"color:#FFFFFF;background-color:#144bb6;border-color:#103c92;border-radius:1px\" target=\"_self\"><span style=\"color:#FFFFFF;padding:0px 24px;font-size:18px;line-height:36px;border-color:#5b81cc;border-radius:1px;text-shadow:none\">  Beispiel &#8211; 1 <\/span><\/a><\/div>\n<\/div>\r\n\r\n\r\n\r\n<div class=\"wp-block-column is-layout-flow wp-block-column-is-layout-flow\"><div class=\"su-button-center\"><a href=\"https:\/\/www.advocado.de\/files\/advocado\/content\/ratgeber-dokumente\/advocado-mustervorlage-widerspruch-inkasso-forderung.pdf\" class=\"su-button su-button-style-flat\" style=\"color:#FFFFFF;background-color:#144bb6;border-color:#103c92;border-radius:1px\" target=\"_self\"><span style=\"color:#FFFFFF;padding:0px 24px;font-size:18px;line-height:36px;border-color:#5b81cc;border-radius:1px;text-shadow:none\">  Beispiel &#8211; 2 <\/span><\/a><\/div>\n<\/div>\r\n\r\n\r\n<\/div>\r\n\r\n\r\n<hr class=\"wp-block-separator has-alpha-channel-opacity\" \/>\r\n\r\n\r\n\r\n<div class=\"wp-block-columns is-layout-flex wp-container-core-columns-is-layout-9d6595d7 wp-block-columns-is-layout-flex\">\r\n\r\n\r\n<div class=\"wp-block-column is-layout-flow wp-block-column-is-layout-flow\"><div class=\"su-button-center\"><a href=\"https:\/\/www.verbraucherzentrale.de\/sites\/default\/files\/2023-07\/musterbrief-inkassoburo-unberechtige-forderung-abwehren_0.pdf\" class=\"su-button su-button-style-flat\" style=\"color:#FFFFFF;background-color:#144bb6;border-color:#103c92;border-radius:1px\" target=\"_self\"><span style=\"color:#FFFFFF;padding:0px 24px;font-size:18px;line-height:36px;border-color:#5b81cc;border-radius:1px;text-shadow:none\">  Beispiel &#8211; 3 <\/span><\/a><\/div>\n<\/div>\r\n\r\n\r\n\r\n<div class=\"wp-block-column is-layout-flow wp-block-column-is-layout-flow\"><div class=\"su-button-center\"><a href=\"https:\/\/www.verbraucherzentrale.de\/sites\/default\/files\/2022-06\/Abwehr_einer_unberechtigten_Forderung_Inkasso.pdf\" class=\"su-button su-button-style-flat\" style=\"color:#FFFFFF;background-color:#144bb6;border-color:#103c92;border-radius:1px\" target=\"_self\"><span style=\"color:#FFFFFF;padding:0px 24px;font-size:18px;line-height:36px;border-color:#5b81cc;border-radius:1px;text-shadow:none\">  Beispiel &#8211; 4 <\/span><\/a><\/div>\n<\/div>\r\n\r\n\r\n<\/div>\r\n\r\n\r\n<hr class=\"wp-block-separator has-alpha-channel-opacity\" \/>\r\n\r\n<!-- \/wp:post-content -->\r\n\r\n<!-- wp:table {\"align\":\"center\"} -->\r\n<figure class=\"wp-block-table aligncenter\">\r\n<table>\r\n<tbody>\r\n<tr>\r\n<td style=\"text-align: center;\">Schreiben An Inkasso<\/td>\r\n<\/tr>\r\n<tr>\r\n<td style=\"text-align: center;\">PDF &#8211; WORD Datei<\/td>\r\n<\/tr>\r\n<tr>\r\n<td style=\"text-align: center;\">Bewertung: \u2b50\u2b50\u2b50\u2b50\u2b50 4.86<\/td>\r\n<\/tr>\r\n<tr>\r\n<td style=\"text-align: center;\">Ergebnisse &#8211; 7586<\/td>\r\n<\/tr>\r\n<\/tbody>\r\n<\/table>\r\n<\/figure>\r\n<!-- \/wp:table -->\r\n\r\n<!-- wp:separator -->\r\n\r\n<hr class=\"wp-block-separator has-alpha-channel-opacity\" \/>\r\n\r\n<!-- \/wp:separator -->\r\n\r\n<div class=\"su-note\"  style=\"border-color:#e5e5e5;border-radius:10px;-moz-border-radius:10px;-webkit-border-radius:10px;\"><div class=\"su-note-inner su-u-clearfix su-u-trim\" style=\"background-color:#FFFFFF;border-color:#ffffff;color:#333333;border-radius:10px;-moz-border-radius:10px;-webkit-border-radius:10px;\">\r\n\r\n<p><strong>Einf\u00fchrung:<\/strong><\/p> <p>Ein Schreiben an ein Inkasso-Unternehmen zu verfassen, erfordert besondere Aufmerksamkeit und Sorgfalt. In dieser Anleitung werden wir die verschiedenen Schritte und Bestandteile des Briefschreibens ausf\u00fchrlich erl\u00e4utern und Ihnen hilfreiche Tipps und Beispiele geben, wie Sie effektiv mit einem Inkasso-Unternehmen kommunizieren k\u00f6nnen.<\/p>  <h3>Inhaltsverzeichnis:<\/h3> <ol> <li>Einleitung<\/li> <li>Hauptteil<\/li> <li>Schluss<\/li> <li>Formale Gestaltung<\/li> <li>Aufbau eines effektiven Briefes<\/li> <\/ol>  <h3>1. Einleitung:<\/h3>  <p>Die Einleitung sollte h\u00f6flich und pr\u00e4zise sein. Stellen Sie sich vor und erl\u00e4utern Sie den Grund f\u00fcr Ihr Schreiben.<\/p>  <p>Beispiel:<\/p> <blockquote> <p>Sehr geehrte Damen und Herren,<\/p> <p>hiermit m\u00f6chte ich auf die Angelegenheit bez\u00fcglich der offenen Rechnung in H\u00f6he von \u20ac500, die von meiner Seite beglichen wurde, aufmerksam machen.<\/p> <\/blockquote>  <h3>2. Hauptteil:<\/h3>  <p>Der Hauptteil ist der wichtigste Teil Ihres Schreibens. In diesem Abschnitt sollten Sie alle relevanten Informationen pr\u00e4sentieren und Ihre Position klar darlegen.<\/p>  <p>Beispiel:<\/p> <blockquote> <p>Leider habe ich festgestellt, dass die Zahlung trotz der \u00dcberweisung nicht auf Ihrem Konto verbucht wurde. Ich habe den Zahlungsbeleg sowie den entsprechenden Kontoauszug als Nachweis beigef\u00fcgt.<\/p> <p>Ich bitte Sie h\u00f6flichst, diesen Sachverhalt zu \u00fcberpr\u00fcfen und die offene Rechnung in Ihrem System als beglichen zu markieren.<\/p> <p>Des Weiteren bitte ich um eine schriftliche Best\u00e4tigung \u00fcber die erfolgte Zahlungsausglich.<\/p> <\/blockquote>  <h3>3. Schluss:<\/h3>  <p>Im Schlussteil sollten Sie h\u00f6flich abschlie\u00dfen und um eine angemessene Reaktion bitten. Geben Sie alle relevanten Kontaktinformationen an und bieten Sie an, eventuelle Fragen zu beantworten.<\/p>  <p>Beispiel:<\/p> <blockquote> <p>Ich bedanke mich im Voraus f\u00fcr Ihre Unterst\u00fctzung und stehe Ihnen jederzeit f\u00fcr R\u00fcckfragen zur Verf\u00fcgung. Bitte teilen Sie mir schriftlich mit, sobald die offene Rechnung beglichen ist und keine weiteren Ma\u00dfnahmen erforderlich sind.<\/p> <p>Mit freundlichen Gr\u00fc\u00dfen,<\/p> <p>Ihr Name<\/p> <p>Ihre Telefonnummer<\/p> <p>Ihre E-Mail-Adresse<\/p> <\/blockquote>  <h3>4. Formale Gestaltung:<\/h3>  <p>Bei der formalen Gestaltung Ihres Schreibens sollten Sie darauf achten, dass es sauber und gut strukturiert ist. Verwenden Sie einen professionellen Schrifttyp und sorgen Sie f\u00fcr ausreichend Zeilenabstand.<\/p>  <p>Setzen Sie wichtige Informationen wie Ihren Namen und Ihre Kontaktdaten fett hervor, um sie deutlich sichtbar zu machen.<\/p>  <h3>5. Aufbau eines effektiven Briefes:<\/h3>  <p>Um einen effektiven Brief zu verfassen, beachten Sie folgende Tipps:<\/p>  <dl> <dt>5.1. Pr\u00fcfen Sie Ihre Informationen:<\/dt> <dd>Vergewissern Sie sich, dass alle Informationen, die Sie im Brief angeben, korrekt und vollst\u00e4ndig sind.<\/dd>  <dt>5.2. Bleiben Sie h\u00f6flich und respektvoll:<\/dt> <dd>Vermeiden Sie Beleidigungen oder unsachliche \u00c4u\u00dferungen. Behalten Sie einen respektvollen Ton bei, um Ihre Chancen auf eine positive Reaktion zu erh\u00f6hen.<\/dd>  <dt>5.3. Beweise anf\u00fcgen:<\/dt> <dd>F\u00fcgen Sie Kopien von Zahlungsbelegen oder anderen relevanten Dokumenten als Nachweis bei.<\/dd>  <dt>5.4. Frist setzen:<\/dt> <dd>Geben Sie dem Inkasso-Unternehmen eine angemessene Frist, um auf Ihr Schreiben zu reagieren.<\/dd>  <dt>5.5. Schreiben Sie in einfacher Sprache:<\/dt> <dd>Verwenden Sie klare und verst\u00e4ndliche Sprache, um Missverst\u00e4ndnisse zu vermeiden.<\/dd> <\/dl>\r\n\r\n<\/div><\/div>\r\n\r\n<!-- wp:separator -->\r\n\r\n<hr class=\"wp-block-separator has-alpha-channel-opacity\" \/>","protected":false},"excerpt":{"rendered":"<p>Vorlage und Muster f\u00fcr Schreiben An Inkasso &#8211; Ausf\u00fcllen und Erstellung &#8211; \u00d6ffnen im PDF WORD Datei und Online &nbsp; &#8230; <\/p>\n<p class=\"read-more-container\"><a title=\"\u00d6ffnen &#8211; Schreiben An Inkasso\" class=\"read-more button\" href=\"https:\/\/schreibenpro.com\/de\/schreiben-an-inkasso-offnen\/#more-657\" aria-label=\"Mehr zu \u00d6ffnen &#8211; Schreiben An Inkasso\">\u00d6FFNEN <\/a><\/p>\n","protected":false},"author":1,"featured_media":0,"parent":0,"menu_order":0,"comment_status":"closed","ping_status":"closed","template":"","meta":{"footnotes":""},"class_list":{"0":"post-657","1":"page","2":"type-page","3":"status-publish","5":"infinite-scroll-item"},"yoast_head":"<!-- This site is optimized with the Yoast SEO plugin v24.6 - https:\/\/yoast.com\/wordpress\/plugins\/seo\/ -->\n<title>\u00d6ffnen - Schreiben An Inkasso - Schreiben PRO<\/title>\n<meta name=\"robots\" content=\"noindex, follow\" \/>\n<meta property=\"og:locale\" content=\"de_DE\" \/>\n<meta property=\"og:type\" content=\"article\" \/>\n<meta property=\"og:title\" content=\"\u00d6ffnen - Schreiben An Inkasso - Schreiben PRO\" \/>\n<meta property=\"og:description\" content=\"Vorlage und Muster f\u00fcr Schreiben An Inkasso &#8211; Ausf\u00fcllen und Erstellung &#8211; \u00d6ffnen im PDF WORD Datei und Online &nbsp; ... \u00d6FFNEN\" \/>\n<meta property=\"og:url\" content=\"https:\/\/schreibenpro.com\/de\/schreiben-an-inkasso-offnen\/\" \/>\n<meta property=\"og:site_name\" content=\"Schreiben PRO\" \/>\n<meta property=\"og:image\" content=\"https:\/\/schreibenpro.com\/de\/wp-content\/uploads\/schreiben-an-inkasso-muster-vorlage.jpg\" \/>\n<meta name=\"twitter:card\" content=\"summary_large_image\" \/>\n<meta name=\"twitter:label1\" content=\"Gesch\u00e4tzte Lesezeit\" \/>\n\t<meta name=\"twitter:data1\" content=\"1\u00a0Minute\" \/>\n<!-- \/ Yoast SEO plugin. -->","yoast_head_json":{"title":"\u00d6ffnen - Schreiben An Inkasso - Schreiben PRO","robots":{"index":"noindex","follow":"follow"},"og_locale":"de_DE","og_type":"article","og_title":"\u00d6ffnen - Schreiben An Inkasso - Schreiben PRO","og_description":"Vorlage und Muster f\u00fcr Schreiben An Inkasso &#8211; Ausf\u00fcllen und Erstellung &#8211; \u00d6ffnen im PDF WORD Datei und Online &nbsp; ... \u00d6FFNEN","og_url":"https:\/\/schreibenpro.com\/de\/schreiben-an-inkasso-offnen\/","og_site_name":"Schreiben PRO","og_image":[{"url":"https:\/\/schreibenpro.com\/de\/wp-content\/uploads\/schreiben-an-inkasso-muster-vorlage.jpg","type":"","width":"","height":""}],"twitter_card":"summary_large_image","twitter_misc":{"Gesch\u00e4tzte Lesezeit":"1\u00a0Minute"},"schema":{"@context":"https:\/\/schema.org","@graph":[{"@type":"WebPage","@id":"https:\/\/schreibenpro.com\/de\/schreiben-an-inkasso-offnen\/","url":"https:\/\/schreibenpro.com\/de\/schreiben-an-inkasso-offnen\/","name":"\u00d6ffnen - Schreiben An Inkasso - Schreiben PRO","isPartOf":{"@id":"https:\/\/schreibenpro.com\/de\/#website"},"primaryImageOfPage":{"@id":"https:\/\/schreibenpro.com\/de\/schreiben-an-inkasso-offnen\/#primaryimage"},"image":{"@id":"https:\/\/schreibenpro.com\/de\/schreiben-an-inkasso-offnen\/#primaryimage"},"thumbnailUrl":"https:\/\/schreibenpro.com\/de\/wp-content\/uploads\/schreiben-an-inkasso-muster-vorlage.jpg","datePublished":"2023-12-18T08:25:21+00:00","breadcrumb":{"@id":"https:\/\/schreibenpro.com\/de\/schreiben-an-inkasso-offnen\/#breadcrumb"},"inLanguage":"de","potentialAction":[{"@type":"ReadAction","target":["https:\/\/schreibenpro.com\/de\/schreiben-an-inkasso-offnen\/"]}]},{"@type":"ImageObject","inLanguage":"de","@id":"https:\/\/schreibenpro.com\/de\/schreiben-an-inkasso-offnen\/#primaryimage","url":"https:\/\/schreibenpro.com\/de\/wp-content\/uploads\/anschreiben-zum-angebot-muster-vorlage.jpg","contentUrl":"https:\/\/schreibenpro.com\/de\/wp-content\/uploads\/anschreiben-zum-angebot-muster-vorlage.jpg","width":1410,"height":2250},{"@type":"BreadcrumbList","@id":"https:\/\/schreibenpro.com\/de\/schreiben-an-inkasso-offnen\/#breadcrumb","itemListElement":[{"@type":"ListItem","position":1,"name":"Portada","item":"https:\/\/schreibenpro.com\/de\/"},{"@type":"ListItem","position":2,"name":"\u00d6ffnen &#8211; Schreiben An Inkasso"}]},{"@type":"WebSite","@id":"https:\/\/schreibenpro.com\/de\/#website","url":"https:\/\/schreibenpro.com\/de\/","name":"Schreiben PRO","description":"Muster und Vorlage","publisher":{"@id":"https:\/\/schreibenpro.com\/de\/#organization"},"potentialAction":[{"@type":"SearchAction","target":{"@type":"EntryPoint","urlTemplate":"https:\/\/schreibenpro.com\/de\/?s={search_term_string}"},"query-input":{"@type":"PropertyValueSpecification","valueRequired":true,"valueName":"search_term_string"}}],"inLanguage":"de"},{"@type":"Organization","@id":"https:\/\/schreibenpro.com\/de\/#organization","name":"Schreiben PRO","url":"https:\/\/schreibenpro.com\/de\/","logo":{"@type":"ImageObject","inLanguage":"de","@id":"https:\/\/schreibenpro.com\/de\/#\/schema\/logo\/image\/","url":"https:\/\/schreibenpro.com\/de\/wp-content\/uploads\/cropped-fav.png","contentUrl":"https:\/\/schreibenpro.com\/de\/wp-content\/uploads\/cropped-fav.png","width":512,"height":512,"caption":"Schreiben PRO"},"image":{"@id":"https:\/\/schreibenpro.com\/de\/#\/schema\/logo\/image\/"}}]}},"_links":{"self":[{"href":"https:\/\/schreibenpro.com\/de\/wp-json\/wp\/v2\/pages\/657","targetHints":{"allow":["GET"]}}],"collection":[{"href":"https:\/\/schreibenpro.com\/de\/wp-json\/wp\/v2\/pages"}],"about":[{"href":"https:\/\/schreibenpro.com\/de\/wp-json\/wp\/v2\/types\/page"}],"author":[{"embeddable":true,"href":"https:\/\/schreibenpro.com\/de\/wp-json\/wp\/v2\/users\/1"}],"replies":[{"embeddable":true,"href":"https:\/\/schreibenpro.com\/de\/wp-json\/wp\/v2\/comments?post=657"}],"version-history":[{"count":0,"href":"https:\/\/schreibenpro.com\/de\/wp-json\/wp\/v2\/pages\/657\/revisions"}],"wp:attachment":[{"href":"https:\/\/schreibenpro.com\/de\/wp-json\/wp\/v2\/media?parent=657"}],"curies":[{"name":"wp","href":"https:\/\/api.w.org\/{rel}","templated":true}]}}