{"id":659,"date":"2023-12-18T08:25:22","date_gmt":"2023-12-18T08:25:22","guid":{"rendered":"https:\/\/schreibenpro.com\/de\/anschreiben-bewerbung-ausbildung-offnen\/"},"modified":"2023-12-18T08:25:22","modified_gmt":"2023-12-18T08:25:22","slug":"anschreiben-bewerbung-ausbildung-offnen","status":"publish","type":"page","link":"https:\/\/schreibenpro.com\/de\/anschreiben-bewerbung-ausbildung-offnen\/","title":{"rendered":"\u00d6ffnen &#8211; Anschreiben Bewerbung Ausbildung"},"content":{"rendered":"\r\n<p class=\"has-text-align-center\">Vorlage und Muster f\u00fcr <strong> Anschreiben Bewerbung Ausbildung<\/strong> &#8211; Erstellung und Ausf\u00fcllen &#8211; \u00d6ffnen im <strong>WORD und PDF<\/strong> Datei und Online<\/p>\r\n\r\n\r\n\r\n\r\n<div class=\"wp-block-image\">\r\n<figure class=\"aligncenter size-large is-resized\"><img loading=\"lazy\" decoding=\"async\" class=\"wp-image-215\" src=\"https:\/\/schreibenpro.com\/de\/wp-content\/uploads\/anschreiben-bewerbung-ausbildung-muster-vorlage.jpg\" alt=\"\" width=\"245\" height=\"391\" \/><\/figure>\r\n<\/div>\r\n\r\n\r\n\r\n<hr class=\"wp-block-separator has-alpha-channel-opacity\" \/>\r\n\r\n\r\n\r\n\r\n\r\n<div class=\"su-note\"  style=\"border-color:#e5e5e5;border-radius:10px;-moz-border-radius:10px;-webkit-border-radius:10px;\"><div class=\"su-note-inner su-u-clearfix su-u-trim\" style=\"background-color:#FFFFFF;border-color:#ffffff;color:#333333;border-radius:10px;-moz-border-radius:10px;-webkit-border-radius:10px;\">\r\n\r\n<section id=\"specialParagraph\"><p><strong>Einleitung:<\/strong><\/p> <p>Sehr geehrte Damen und Herren,<\/p> <p>hiermit m\u00f6chte ich mich um eine Ausbildung als [Beruf] in Ihrem Unternehmen bewerben. Durch meine langj\u00e4hrige Begeisterung f\u00fcr [Beruf] und meine Motivation, in diesem Bereich erfolgreich zu sein, bin ich davon \u00fcberzeugt, dass ich die idealen Voraussetzungen mitbringe, um Ihre Ausbildung erfolgreich abzuschlie\u00dfen und einen wertvollen Beitrag zu Ihrem Unternehmen zu leisten.<\/p> <p>Im Folgenden m\u00f6chte ich Ihnen kurz meine bisherige schulische und praktische Laufbahn schildern sowie meine St\u00e4rken und F\u00e4higkeiten erl\u00e4utern.<\/p>  <p><strong>Schulische und praktische Laufbahn:<\/strong><\/p> <p>Nach meinem erfolgreichen Abschluss der [Schulform] an der [Schule] im Jahr [Jahr] habe ich mich intensiv mit dem Berufsfeld [Beruf] auseinandergesetzt. Dabei habe ich bereits erste praktische Erfahrungen gesammelt, indem ich ein Praktikum bei [Unternehmen] absolviert habe. Diese Zeit hat meine Begeisterung f\u00fcr den Beruf weiter verst\u00e4rkt und best\u00e4tigt, dass ich die richtige Wahl getroffen habe.<\/p> <p>Parallel zu meinem Praktikum habe ich mich auch im schulischen Bereich intensiv mit [Beruf] besch\u00e4ftigt. In verschiedenen Wahlf\u00e4chern und Projektarbeiten habe ich meine Kenntnisse vertieft und herausragende Ergebnisse erzielt. Besonders gef\u00e4llt mir an [Beruf] die Kombination aus theoretischem Wissen und praktischem Arbeiten. Deshalb bin ich sehr motiviert, meine Ausbildung in Ihrem Unternehmen anzutreten und mich weiterzuentwickeln.<\/p>  <p><strong>St\u00e4rken und F\u00e4higkeiten:<\/strong><\/p> <p>Meine bisherige schulische und praktische Laufbahn hat mir wertvolle F\u00e4higkeiten und St\u00e4rken verliehen, die ich gerne in die Ausbildung einbringen m\u00f6chte. Dazu z\u00e4hlen meine hohe Lernbereitschaft, meine Teamf\u00e4higkeit sowie meine organisierte und zielstrebige Arbeitsweise. In meinen bisherigen schulischen Projekten habe ich gelernt, eigenverantwortlich zu arbeiten und L\u00f6sungen f\u00fcr komplexe Aufgaben zu finden. Durch mein Praktikum habe ich zudem wertvolle Kenntnisse im Umgang mit [spezifischen Tools oder Maschinen] erlangt. Diese Erfahrungen m\u00f6chte ich gerne im Rahmen meiner Ausbildung weiter vertiefen und ausbauen.<\/p>  <p><strong>Warum ich mich f\u00fcr Ihr Unternehmen entscheide:<\/strong><\/p> <p>Ihr Unternehmen genie\u00dft einen ausgezeichneten Ruf in der Branche und bietet erstklassige Ausbildungsm\u00f6glichkeiten in [Beruf]. Besonders beeindruckt hat mich Ihre langj\u00e4hrige Erfahrung und Ihr Engagement f\u00fcr die Ausbildung junger Talente. Ich bin der festen \u00dcberzeugung, dass ich in Ihrem Unternehmen die besten Voraussetzungen habe, um mich fachlich und pers\u00f6nlich optimal weiterzuentwickeln.<\/p> <p>Ihre Unternehmenskultur, die von Teamarbeit, Innovation und der F\u00f6rderung individueller St\u00e4rken gepr\u00e4gt ist, entspricht genau meinen Vorstellungen. Ich bin davon \u00fcberzeugt, dass ich in einem solchen Umfeld meine F\u00e4higkeiten am besten entfalten kann.<\/p>  <p><strong>Schluss:<\/strong><\/p> <p>\u00dcber die Einladung zu einem pers\u00f6nlichen Gespr\u00e4ch w\u00fcrde ich mich sehr freuen, um Sie von meiner Motivation und meinem Engagement \u00fcberzeugen zu k\u00f6nnen. Gerne stehe ich Ihnen auch f\u00fcr R\u00fcckfragen telefonisch oder per E-Mail zur Verf\u00fcgung.<\/p> <p>Vielen Dank f\u00fcr die Ber\u00fccksichtigung meiner Bewerbung.<\/p>  <p>Mit freundlichen Gr\u00fc\u00dfen,<\/p> [Vorname Nachname]<\/section><\/div><\/div>\r\n\r\n&nbsp;\r\n\r\n\r\n\r\n\r\n\r\n\r\n<p class=\"has-text-align-center\">Vorlage und Muster f\u00fcr <strong> Anschreiben Bewerbung Ausbildung <\/strong> zur Erstellung und Anpassung im <strong>WORD<\/strong>\u2013 und <strong>PDF-Format<\/strong><\/p>\r\n\r\n\r\n<button id=\"generatePDF\">Erstellen (PDF &#8211; WORD)<\/button>\r\n\r\n\r\n\r\n<hr class=\"wp-block-separator has-alpha-channel-opacity\" \/>\r\n\r\n\r\n\r\n<p style=\"text-align: center;\"><strong>Anschreiben Bewerbung Ausbildung<\/strong><\/p>\r\n\r\n<div class=\"wp-block-columns is-layout-flex wp-container-core-columns-is-layout-9d6595d7 wp-block-columns-is-layout-flex\">\r\n\r\n\r\n<div class=\"wp-block-column is-layout-flow wp-block-column-is-layout-flow\"><div class=\"su-button-center\"><a href=\"https:\/\/planet-beruf.de\/fileadmin\/assets\/01_Neu\/05_PDF_Neu\/Wie_bewerbe_ich_mich\/Arbeitsblaetter\/Musteranschreiben_fuer_eine_Ausbildungsstelle.pdf\" class=\"su-button su-button-style-flat\" style=\"color:#FFFFFF;background-color:#144bb6;border-color:#103c92;border-radius:1px\" target=\"_self\"><span style=\"color:#FFFFFF;padding:0px 24px;font-size:18px;line-height:36px;border-color:#5b81cc;border-radius:1px;text-shadow:none\">   PDF <\/span><\/a><\/div>\n<\/div>\r\n\r\n\r\n\r\n<div class=\"wp-block-column is-layout-flow wp-block-column-is-layout-flow\"><div class=\"su-button-center\"><a href=\"https:\/\/lebenslaufdesigns.de\/wp-content\/uploads\/anschreiben-ausbildung-download.docx\" class=\"su-button su-button-style-flat\" style=\"color:#FFFFFF;background-color:#144bb6;border-color:#103c92;border-radius:1px\" target=\"_self\"><span style=\"color:#FFFFFF;padding:0px 24px;font-size:18px;line-height:36px;border-color:#5b81cc;border-radius:1px;text-shadow:none\">   DOC<\/span><\/a><\/div>\n<\/div>\r\n\r\n\r\n<\/div>\r\n\r\n\r\n\r\n<p style=\"text-align: center;\"><strong>Beispiele<\/strong><\/p>\r\n\r\n<div class=\"wp-block-columns is-layout-flex wp-container-core-columns-is-layout-9d6595d7 wp-block-columns-is-layout-flex\">\r\n\r\n\r\n<div class=\"wp-block-column is-layout-flow wp-block-column-is-layout-flow\"><div class=\"su-button-center\"><a href=\"https:\/\/planet-beruf.de\/fileadmin\/assets\/01_Neu\/05_PDF_Neu\/Wie_bewerbe_ich_mich\/Arbeitsblaetter\/Musteranschreiben_fuer_eine_Ausbildungsstelle.pdf\" class=\"su-button su-button-style-flat\" style=\"color:#FFFFFF;background-color:#144bb6;border-color:#103c92;border-radius:1px\" target=\"_self\"><span style=\"color:#FFFFFF;padding:0px 24px;font-size:18px;line-height:36px;border-color:#5b81cc;border-radius:1px;text-shadow:none\">  Beispiel &#8211; 1 <\/span><\/a><\/div>\n<\/div>\r\n\r\n\r\n\r\n<div class=\"wp-block-column is-layout-flow wp-block-column-is-layout-flow\"><div class=\"su-button-center\"><a href=\"https:\/\/www.ausbildungspark.com\/files\/muster-anschreiben-ausbildung.pdf\" class=\"su-button su-button-style-flat\" style=\"color:#FFFFFF;background-color:#144bb6;border-color:#103c92;border-radius:1px\" target=\"_self\"><span style=\"color:#FFFFFF;padding:0px 24px;font-size:18px;line-height:36px;border-color:#5b81cc;border-radius:1px;text-shadow:none\">  Beispiel &#8211; 2 <\/span><\/a><\/div>\n<\/div>\r\n\r\n\r\n<\/div>\r\n\r\n\r\n<hr class=\"wp-block-separator has-alpha-channel-opacity\" \/>\r\n\r\n\r\n\r\n<div class=\"wp-block-columns is-layout-flex wp-container-core-columns-is-layout-9d6595d7 wp-block-columns-is-layout-flex\">\r\n\r\n\r\n<div class=\"wp-block-column is-layout-flow wp-block-column-is-layout-flow\"><div class=\"su-button-center\"><a href=\"https:\/\/www.jobaktiv-lm.de\/cms\/upload\/mod_texte\/anschreiben---form-und-inhalt---bewerbung-um-ausbildungsstelle.pdf\" class=\"su-button su-button-style-flat\" style=\"color:#FFFFFF;background-color:#144bb6;border-color:#103c92;border-radius:1px\" target=\"_self\"><span style=\"color:#FFFFFF;padding:0px 24px;font-size:18px;line-height:36px;border-color:#5b81cc;border-radius:1px;text-shadow:none\">  Beispiel &#8211; 3 <\/span><\/a><\/div>\n<\/div>\r\n\r\n\r\n\r\n<div class=\"wp-block-column is-layout-flow wp-block-column-is-layout-flow\"><div class=\"su-button-center\"><a href=\"https:\/\/planet-beruf.de\/fileadmin\/assets\/01_Neu\/05_PDF_Neu\/Wie_bewerbe_ich_mich\/Arbeitsblaetter\/Musteranschreiben_fuer_eine_Ausbildungsstelle.pdf\" class=\"su-button su-button-style-flat\" style=\"color:#FFFFFF;background-color:#144bb6;border-color:#103c92;border-radius:1px\" target=\"_self\"><span style=\"color:#FFFFFF;padding:0px 24px;font-size:18px;line-height:36px;border-color:#5b81cc;border-radius:1px;text-shadow:none\">  Beispiel &#8211; 4 <\/span><\/a><\/div>\n<\/div>\r\n\r\n\r\n<\/div>\r\n\r\n\r\n<hr class=\"wp-block-separator has-alpha-channel-opacity\" \/>\r\n\r\n<!-- \/wp:post-content -->\r\n\r\n<!-- wp:table {\"align\":\"center\"} -->\r\n<figure class=\"wp-block-table aligncenter\">\r\n<table>\r\n<tbody>\r\n<tr>\r\n<td style=\"text-align: center;\">Anschreiben Bewerbung Ausbildung<\/td>\r\n<\/tr>\r\n<tr>\r\n<td style=\"text-align: center;\">PDF &#8211; WORD Datei<\/td>\r\n<\/tr>\r\n<tr>\r\n<td style=\"text-align: center;\">Bewertung: \u2b50\u2b50\u2b50\u2b50\u2b50 4.94<\/td>\r\n<\/tr>\r\n<tr>\r\n<td style=\"text-align: center;\">Ergebnisse &#8211; 7196<\/td>\r\n<\/tr>\r\n<\/tbody>\r\n<\/table>\r\n<\/figure>\r\n<!-- \/wp:table -->\r\n\r\n<!-- wp:separator -->\r\n\r\n<hr class=\"wp-block-separator has-alpha-channel-opacity\" \/>\r\n\r\n<!-- \/wp:separator -->\r\n\r\n<div class=\"su-note\"  style=\"border-color:#e5e5e5;border-radius:10px;-moz-border-radius:10px;-webkit-border-radius:10px;\"><div class=\"su-note-inner su-u-clearfix su-u-trim\" style=\"background-color:#FFFFFF;border-color:#ffffff;color:#333333;border-radius:10px;-moz-border-radius:10px;-webkit-border-radius:10px;\">\r\n\r\n<p>Ein Anschreiben f\u00fcr eine Bewerbung um eine Ausbildung ist eine wichtige M\u00f6glichkeit, um potenziellen Arbeitgebern darzulegen, wer Sie sind, was Sie interessiert und warum Sie sich f\u00fcr die Ausbildung qualifizieren. In dieser Anleitung werden wir Ihnen Schritt f\u00fcr Schritt erkl\u00e4ren, wie Sie ein effektives Anschreiben f\u00fcr Ihre Bewerbung erstellen k\u00f6nnen.<\/p>  <h3>Schritt 1: Der richtige Aufbau<\/h3>  <p>Ein Anschreiben besteht in der Regel aus den folgenden Abschnitten:<\/p>  <ol> <li>Einleitung<\/li> <li>Hauptteil<\/li> <li>Schluss<\/li> <\/ol>  <h4>Einleitung<\/h4> <p>In der Einleitung sollten Sie sich vorstellen und angeben, f\u00fcr welche Stelle Sie sich bewerben. Geben Sie au\u00dferdem an, wo Sie von der Stelle erfahren haben und warum Sie sich daf\u00fcr interessieren.<\/p>  <strong>Beispiel:<\/strong> <p>Sehr geehrter Herr\/Frau [Nachname des Ansprechpartners],<\/p> <p>hiermit bewerbe ich mich um die Ausbildungsstelle zur [Stellenbezeichnung], wie im [Name der Quelle, z.B. Zeitungsanzeige, Webseite] vom [Datum] angegeben. Die Ausbildung bei [Name des Unternehmens] interessiert mich besonders, da ich meine beruflichen Ambitionen in diesem Bereich verwirklichen m\u00f6chte.<\/p>  <h4>Hauptteil<\/h4> <p>Im Hauptteil sollten Sie Ihre Erfahrungen, Qualifikationen und F\u00e4higkeiten hervorheben, die Sie f\u00fcr die Ausbildung qualifizieren. Beschreiben Sie konkret, warum Sie f\u00fcr die Stelle geeignet sind und welche besonderen St\u00e4rken Sie mitbringen.<\/p>  <strong>Beispiel:<\/strong> <p>W\u00e4hrend meiner schulischen Laufbahn habe ich mich intensiv mit den F\u00e4chern [fachlicher Bezug zur Ausbildung] auseinandergesetzt und dabei besonders gute Noten erzielt. Ich habe bereits erste praktische Erfahrungen in diesem Bereich gesammelt, zum Beispiel durch ein Praktikum bei [Name des Unternehmens]. Dort konnte ich meine F\u00e4higkeiten im Umgang mit [relevante F\u00e4higkeiten] weiterentwickeln und meine Teamf\u00e4higkeit unter Beweis stellen.<\/p>  <h4>Schluss<\/h4> <p>Im Schluss sollten Sie Ihr Interesse an einem pers\u00f6nlichen Gespr\u00e4ch und die M\u00f6glichkeit einer weiteren Kontaktaufnahme ausdr\u00fccken. Danken Sie dem Arbeitgeber f\u00fcr seine Zeit und seine Ber\u00fccksichtigung Ihrer Bewerbung.<\/p>  <strong>Beispiel:<\/strong> <p>\u00dcber die M\u00f6glichkeit zu einem pers\u00f6nlichen Gespr\u00e4ch mit Ihnen freue ich mich sehr. Gerne m\u00f6chte ich Sie in einem Vorstellungsgespr\u00e4ch von meinen F\u00e4higkeiten \u00fcberzeugen. F\u00fcr Ihre Zeit und die Ber\u00fccksichtigung meiner Bewerbung bedanke ich mich im Voraus.<\/p>  <h3>Schritt 2: Formale Gestaltung<\/h3>  <p>Ein Anschreiben sollte formell, pr\u00e4zise und gut strukturiert sein. Hier sind einige wichtige \u00dcberlegungen zur formalen Gestaltung:<\/p>  <dl> <dt>Schriftart und -gr\u00f6\u00dfe:<\/dt> <dd>Verwenden Sie eine professionelle Schriftart wie Arial, Times New Roman oder Calibri in einer Schriftgr\u00f6\u00dfe zwischen 10pt und 12pt.<\/dd>  <dt>Formatierung:<\/dt> <dd>Strukturieren Sie Ihr Anschreiben in Abs\u00e4tze und verwenden Sie Leerzeilen zwischen den Abschnitten, um den Text \u00fcbersichtlich zu gestalten.<\/dd>  <dt>Adresse und Datum:<\/dt> <dd>Platzieren Sie Ihre Adresse oben links und das Datum rechts daneben.<\/dd>  <dt>Anrede:<\/dt> <dd>Verwenden Sie eine formelle Anrede wie &#8220;Sehr geehrter Herr\/Frau [Nachname des Ansprechpartners],&#8221;<\/dd>  <dt>Unterschrift:<\/dt> <dd>Vergessen Sie nicht, Ihre Bewerbung mit Ihrer Unterschrift zu versehen.<\/dd> <\/dl>  <h3>Schritt 3: Beispiele und Vorlagen<\/h3>  <p>Um Ihnen den Schreibprozess zu erleichtern, finden Sie hier einige Beispiel-Anschreiben f\u00fcr eine Bewerbung um eine Ausbildung:<\/p>  <p><a href=\"[Link to sample cover letter 1]\">Musteranschreiben 1<\/a><\/p> <p><a href=\"[Link to sample cover letter 2]\">Musteranschreiben 2<\/a><\/p> <p><a href=\"[Link to sample cover letter 3]\">Musteranschreiben 3<\/a><\/p>  <p>Sie k\u00f6nnen diese Beispiele als Ausgangspunkt f\u00fcr Ihr eigenes Anschreiben verwenden und sie an Ihre eigenen Bed\u00fcrfnisse und Qualifikationen anpassen.<\/p>  <h3><\/h3>  <p>Ein Anschreiben f\u00fcr eine Bewerbung um eine Ausbildung kann ein entscheidender Faktor bei der Auswahl von Bewerbern sein. Mit dieser Anleitung haben Sie die richtigen Werkzeuge, um ein effektives Anschreiben zu verfassen. Denken Sie daran, dass es wichtig ist, Ihre Erfahrungen und St\u00e4rken hervorzuheben, jedoch auch Ihre Motivation und Ihr Interesse an der Ausbildung deutlich zu machen. Verwenden Sie unsere Tipps und Beispiele, um Ihr eigenes Anschreiben zu erstellen.<\/p>\r\n\r\n<\/div><\/div>\r\n\r\n<!-- wp:separator -->\r\n\r\n<hr class=\"wp-block-separator has-alpha-channel-opacity\" \/>","protected":false},"excerpt":{"rendered":"<p>Vorlage und Muster f\u00fcr Anschreiben Bewerbung Ausbildung &#8211; Erstellung und Ausf\u00fcllen &#8211; \u00d6ffnen im WORD und PDF Datei und Online &#8230; <\/p>\n<p class=\"read-more-container\"><a title=\"\u00d6ffnen &#8211; Anschreiben Bewerbung Ausbildung\" class=\"read-more button\" href=\"https:\/\/schreibenpro.com\/de\/anschreiben-bewerbung-ausbildung-offnen\/#more-659\" aria-label=\"Mehr zu \u00d6ffnen &#8211; Anschreiben Bewerbung Ausbildung\">\u00d6FFNEN <\/a><\/p>\n","protected":false},"author":1,"featured_media":0,"parent":0,"menu_order":0,"comment_status":"closed","ping_status":"closed","template":"","meta":{"footnotes":""},"class_list":{"0":"post-659","1":"page","2":"type-page","3":"status-publish","5":"infinite-scroll-item"},"yoast_head":"<!-- This site is optimized with the Yoast SEO plugin v24.6 - https:\/\/yoast.com\/wordpress\/plugins\/seo\/ -->\n<title>\u00d6ffnen - Anschreiben Bewerbung Ausbildung - Schreiben PRO<\/title>\n<meta name=\"robots\" content=\"noindex, follow\" \/>\n<meta property=\"og:locale\" content=\"de_DE\" \/>\n<meta property=\"og:type\" content=\"article\" \/>\n<meta property=\"og:title\" content=\"\u00d6ffnen - Anschreiben Bewerbung Ausbildung - Schreiben PRO\" \/>\n<meta property=\"og:description\" content=\"Vorlage und Muster f\u00fcr Anschreiben Bewerbung Ausbildung &#8211; Erstellung und Ausf\u00fcllen &#8211; \u00d6ffnen im WORD und PDF Datei und Online ... \u00d6FFNEN\" \/>\n<meta property=\"og:url\" content=\"https:\/\/schreibenpro.com\/de\/anschreiben-bewerbung-ausbildung-offnen\/\" \/>\n<meta property=\"og:site_name\" content=\"Schreiben PRO\" \/>\n<meta property=\"og:image\" content=\"https:\/\/schreibenpro.com\/de\/wp-content\/uploads\/anschreiben-bewerbung-ausbildung-muster-vorlage.jpg\" \/>\n<meta name=\"twitter:card\" content=\"summary_large_image\" \/>\n<meta name=\"twitter:label1\" content=\"Gesch\u00e4tzte Lesezeit\" \/>\n\t<meta name=\"twitter:data1\" content=\"1\u00a0Minute\" \/>\n<!-- \/ Yoast SEO plugin. -->","yoast_head_json":{"title":"\u00d6ffnen - Anschreiben Bewerbung Ausbildung - Schreiben PRO","robots":{"index":"noindex","follow":"follow"},"og_locale":"de_DE","og_type":"article","og_title":"\u00d6ffnen - Anschreiben Bewerbung Ausbildung - Schreiben PRO","og_description":"Vorlage und Muster f\u00fcr Anschreiben Bewerbung Ausbildung &#8211; Erstellung und Ausf\u00fcllen &#8211; \u00d6ffnen im WORD und PDF Datei und Online ... \u00d6FFNEN","og_url":"https:\/\/schreibenpro.com\/de\/anschreiben-bewerbung-ausbildung-offnen\/","og_site_name":"Schreiben PRO","og_image":[{"url":"https:\/\/schreibenpro.com\/de\/wp-content\/uploads\/anschreiben-bewerbung-ausbildung-muster-vorlage.jpg","type":"","width":"","height":""}],"twitter_card":"summary_large_image","twitter_misc":{"Gesch\u00e4tzte Lesezeit":"1\u00a0Minute"},"schema":{"@context":"https:\/\/schema.org","@graph":[{"@type":"WebPage","@id":"https:\/\/schreibenpro.com\/de\/anschreiben-bewerbung-ausbildung-offnen\/","url":"https:\/\/schreibenpro.com\/de\/anschreiben-bewerbung-ausbildung-offnen\/","name":"\u00d6ffnen - Anschreiben Bewerbung Ausbildung - Schreiben PRO","isPartOf":{"@id":"https:\/\/schreibenpro.com\/de\/#website"},"primaryImageOfPage":{"@id":"https:\/\/schreibenpro.com\/de\/anschreiben-bewerbung-ausbildung-offnen\/#primaryimage"},"image":{"@id":"https:\/\/schreibenpro.com\/de\/anschreiben-bewerbung-ausbildung-offnen\/#primaryimage"},"thumbnailUrl":"https:\/\/schreibenpro.com\/de\/wp-content\/uploads\/anschreiben-bewerbung-ausbildung-muster-vorlage.jpg","datePublished":"2023-12-18T08:25:22+00:00","breadcrumb":{"@id":"https:\/\/schreibenpro.com\/de\/anschreiben-bewerbung-ausbildung-offnen\/#breadcrumb"},"inLanguage":"de","potentialAction":[{"@type":"ReadAction","target":["https:\/\/schreibenpro.com\/de\/anschreiben-bewerbung-ausbildung-offnen\/"]}]},{"@type":"ImageObject","inLanguage":"de","@id":"https:\/\/schreibenpro.com\/de\/anschreiben-bewerbung-ausbildung-offnen\/#primaryimage","url":"https:\/\/schreibenpro.com\/de\/wp-content\/uploads\/anschreiben-zum-angebot-muster-vorlage.jpg","contentUrl":"https:\/\/schreibenpro.com\/de\/wp-content\/uploads\/anschreiben-zum-angebot-muster-vorlage.jpg","width":1410,"height":2250},{"@type":"BreadcrumbList","@id":"https:\/\/schreibenpro.com\/de\/anschreiben-bewerbung-ausbildung-offnen\/#breadcrumb","itemListElement":[{"@type":"ListItem","position":1,"name":"Portada","item":"https:\/\/schreibenpro.com\/de\/"},{"@type":"ListItem","position":2,"name":"\u00d6ffnen &#8211; Anschreiben Bewerbung Ausbildung"}]},{"@type":"WebSite","@id":"https:\/\/schreibenpro.com\/de\/#website","url":"https:\/\/schreibenpro.com\/de\/","name":"Schreiben PRO","description":"Muster und Vorlage","publisher":{"@id":"https:\/\/schreibenpro.com\/de\/#organization"},"potentialAction":[{"@type":"SearchAction","target":{"@type":"EntryPoint","urlTemplate":"https:\/\/schreibenpro.com\/de\/?s={search_term_string}"},"query-input":{"@type":"PropertyValueSpecification","valueRequired":true,"valueName":"search_term_string"}}],"inLanguage":"de"},{"@type":"Organization","@id":"https:\/\/schreibenpro.com\/de\/#organization","name":"Schreiben PRO","url":"https:\/\/schreibenpro.com\/de\/","logo":{"@type":"ImageObject","inLanguage":"de","@id":"https:\/\/schreibenpro.com\/de\/#\/schema\/logo\/image\/","url":"https:\/\/schreibenpro.com\/de\/wp-content\/uploads\/cropped-fav.png","contentUrl":"https:\/\/schreibenpro.com\/de\/wp-content\/uploads\/cropped-fav.png","width":512,"height":512,"caption":"Schreiben PRO"},"image":{"@id":"https:\/\/schreibenpro.com\/de\/#\/schema\/logo\/image\/"}}]}},"_links":{"self":[{"href":"https:\/\/schreibenpro.com\/de\/wp-json\/wp\/v2\/pages\/659","targetHints":{"allow":["GET"]}}],"collection":[{"href":"https:\/\/schreibenpro.com\/de\/wp-json\/wp\/v2\/pages"}],"about":[{"href":"https:\/\/schreibenpro.com\/de\/wp-json\/wp\/v2\/types\/page"}],"author":[{"embeddable":true,"href":"https:\/\/schreibenpro.com\/de\/wp-json\/wp\/v2\/users\/1"}],"replies":[{"embeddable":true,"href":"https:\/\/schreibenpro.com\/de\/wp-json\/wp\/v2\/comments?post=659"}],"version-history":[{"count":0,"href":"https:\/\/schreibenpro.com\/de\/wp-json\/wp\/v2\/pages\/659\/revisions"}],"wp:attachment":[{"href":"https:\/\/schreibenpro.com\/de\/wp-json\/wp\/v2\/media?parent=659"}],"curies":[{"name":"wp","href":"https:\/\/api.w.org\/{rel}","templated":true}]}}