{"id":662,"date":"2023-12-18T08:25:24","date_gmt":"2023-12-18T08:25:24","guid":{"rendered":"https:\/\/schreibenpro.com\/de\/vollmacht-schreiben-fur-alles-offnen\/"},"modified":"2023-12-18T08:25:24","modified_gmt":"2023-12-18T08:25:24","slug":"vollmacht-schreiben-fur-alles-offnen","status":"publish","type":"page","link":"https:\/\/schreibenpro.com\/de\/vollmacht-schreiben-fur-alles-offnen\/","title":{"rendered":"\u00d6ffnen &#8211; Vollmacht Schreiben F\u00fcr Alles"},"content":{"rendered":"\r\n<p class=\"has-text-align-center\">Vorlage und Muster f\u00fcr <strong> Vollmacht Schreiben F\u00fcr Alles<\/strong> &#8211; Erstellung und Ausf\u00fcllen &#8211; \u00d6ffnen im <strong>WORD PDF<\/strong> Datei und Online<\/p>\r\n\r\n\r\n\r\n\r\n<div class=\"wp-block-image\">\r\n<figure class=\"aligncenter size-large is-resized\"><img loading=\"lazy\" decoding=\"async\" class=\"wp-image-215\" src=\"https:\/\/schreibenpro.com\/de\/wp-content\/uploads\/vollmacht-schreiben-fur-alles-muster-vorlage.jpg\" alt=\"\" width=\"245\" height=\"391\" \/><\/figure>\r\n<\/div>\r\n\r\n\r\n\r\n<hr class=\"wp-block-separator has-alpha-channel-opacity\" \/>\r\n\r\n\r\n\r\n\r\n\r\n<div class=\"su-note\"  style=\"border-color:#e5e5e5;border-radius:10px;-moz-border-radius:10px;-webkit-border-radius:10px;\"><div class=\"su-note-inner su-u-clearfix su-u-trim\" style=\"background-color:#FFFFFF;border-color:#ffffff;color:#333333;border-radius:10px;-moz-border-radius:10px;-webkit-border-radius:10px;\">\r\n\r\n<section id=\"specialParagraph\"><p><strong>Einleitung:<\/strong><\/p> <p>Sehr geehrter Herr\/Frau [Vollmachtgeber&#8217;s Name],<\/p> <p>ich, [Vollmachtnehmer&#8217;s Name], schreibe Ihnen dieses Schreiben, um Ihnen eine Vollmacht f\u00fcr alle Angelegenheiten auszustellen. Durch diese Vollmacht erm\u00e4chtige ich Sie, in meinem Namen und mit meinen Rechten und Pflichten zu handeln. Diese Vollmacht gilt ab dem Datum dieser Unterzeichnung und bleibt g\u00fcltig, bis sie widerrufen wird.<\/p>  <p><strong>Vorteile der Vollmacht:<\/strong><\/p> <p>Die Ausstellung einer Vollmacht erm\u00f6glicht es Ihnen, in meiner Abwesenheit oder falls ich nicht handlungsf\u00e4hig bin, meine Interessen zu vertreten und Entscheidungen in meinem Namen zu treffen. Diese Vollmacht gibt Ihnen die notwendige rechtliche Befugnis, um in verschiedenen Bereichen aufzutreten, die im Folgenden detailliert aufgelistet sind.<\/p>  <p><strong>Umfang der Vollmacht:<\/strong><\/p> <dl> <dt><strong>Finanzangelegenheiten:<\/strong><\/dt> <dd>&#8211; Zugriff auf meine Bankkonten und Durchf\u00fchrung von Transaktionen<\/dd> <dd>&#8211; Abschluss von Vertr\u00e4gen und Vereinbarungen im Zusammenhang mit meinen finanziellen Interessen<\/dd> <dd>&#8211; Steuererkl\u00e4rungen einreichen und Zahlungen leisten<\/dd> <dd>&#8211; Abschluss von Versicherungs- und Investmentgesch\u00e4ften<\/dd>  <dt><strong>Immobiliengesch\u00e4fte:<\/strong><\/dt> <dd>&#8211; Kauf und Verkauf von Immobilien in meinem Namen<\/dd> <dd>&#8211; Abschluss von Miet- und Pachtvertr\u00e4gen<\/dd> <dd>&#8211; Verwaltung meiner aktiven Immobilien<\/dd>  <dt><strong>Rechtliche Angelegenheiten:<\/strong><\/dt> <dd>&#8211; Beauftragung und Kommunikation mit Anw\u00e4lten in meinem Namen<\/dd> <dd>&#8211; Vertretung vor Gericht<\/dd> <dd>&#8211; Abschluss von rechtlichen Vereinbarungen<\/dd>  <dt><strong>Medizinische Entscheidungen:<\/strong><\/dt> <dd>&#8211; Zugriff auf medizinische Unterlagen und Informationen<\/dd> <dd>&#8211; Treffen von medizinischen Entscheidungen in meinem Namen<\/dd>  <dt><strong>Andere Angelegenheiten:<\/strong><\/dt> <dd>&#8211; Vertretung bei offiziellen Beh\u00f6rden, Banken und Institutionen<\/dd> <dd>&#8211; Abschluss von Vertr\u00e4gen und Vereinbarungen, die nicht in den obigen Kategorien aufgef\u00fchrt sind<\/dd> <\/dl>  <p><strong>Bedingungen der Vollmacht:<\/strong><\/p> <p>Es ist wichtig zu beachten, dass diese Vollmacht nur in meinem besten Interesse und gem\u00e4\u00df meinen W\u00fcnschen ausge\u00fcbt werden soll. Sie haben die Verpflichtung, im Einklang mit meinen Interessen und den geltenden Gesetzen und Vorschriften zu handeln. Sollten Sie Zweifel oder Fragen haben, so m\u00fcssen Sie mich vor einer Handlung kontaktieren und meine Anweisungen einholen.<\/p>  <p><strong>Widerruf der Vollmacht:<\/strong><\/p> <p>Ich behalte mir das Recht vor, diese Vollmacht jederzeit zu widerrufen. Der Widerruf muss schriftlich erfolgen und an Ihre Kontaktdaten gesendet werden, die ich Ihnen bereitstellen werde.<\/p>  <p><strong>Vertraulichkeit:<\/strong><\/p> <p>Alle Informationen und Dokumente, die im Rahmen dieser Vollmacht ausgetauscht werden, sind vertraulich zu behandeln und d\u00fcrfen ohne meine ausdr\u00fcckliche Zustimmung nicht an Dritte weitergegeben werden.<\/p>  <p><strong>Unterschrift:<\/strong><\/p> <p>Ich bitte Sie, eine Kopie dieses Schreibens zu behalten und das Original zu unterschreiben. Bitte senden Sie mir die unterschriebene Kopie zur\u00fcck, um den Empfang und Ihre Zustimmung zu best\u00e4tigen.<\/p>  <p>Ich bedanke mich im Voraus f\u00fcr Ihre Unterst\u00fctzung und das Vertrauen, das Sie mir entgegenbringen.<\/p>  <p>Mit freundlichen Gr\u00fc\u00dfen,<\/p> [Vollmachtnehmer&#8217;s Name]<\/section><\/div><\/div>\r\n\r\n&nbsp;\r\n\r\n\r\n\r\n\r\n\r\n\r\n<p class=\"has-text-align-center\">Vorlage und Muster f\u00fcr <strong> Vollmacht Schreiben F\u00fcr Alles <\/strong> zur Anpassung und Erstellung  im <strong>WORD<\/strong>\u2013 und <strong>PDF-Format<\/strong><\/p>\r\n\r\n\r\n<button id=\"generatePDF\">Erstellen (PDF &#8211; WORD)<\/button>\r\n\r\n\r\n\r\n<hr class=\"wp-block-separator has-alpha-channel-opacity\" \/>\r\n\r\n\r\n\r\n<p style=\"text-align: center;\"><strong>Vollmacht Schreiben F\u00fcr Alles<\/strong><\/p>\r\n\r\n<div class=\"wp-block-columns is-layout-flex wp-container-core-columns-is-layout-9d6595d7 wp-block-columns-is-layout-flex\">\r\n\r\n\r\n<div class=\"wp-block-column is-layout-flow wp-block-column-is-layout-flow\"><div class=\"su-button-center\"><a href=\"https:\/\/welcome.hamburg.de\/contentblob\/2217302\/12e2f8e9395e953a472be5ee02b19a3a\/data\/vollmacht.pdf\" class=\"su-button su-button-style-flat\" style=\"color:#FFFFFF;background-color:#144bb6;border-color:#103c92;border-radius:1px\" target=\"_self\"><span style=\"color:#FFFFFF;padding:0px 24px;font-size:18px;line-height:36px;border-color:#5b81cc;border-radius:1px;text-shadow:none\">   PDF <\/span><\/a><\/div>\n<\/div>\r\n\r\n\r\n\r\n<div class=\"wp-block-column is-layout-flow wp-block-column-is-layout-flow\"><div class=\"su-button-center\"><a href=\"https:\/\/welcome.hamburg.de\/contentblob\/2217302\/12e2f8e9395e953a472be5ee02b19a3a\/data\/vollmacht.pdf\" class=\"su-button su-button-style-flat\" style=\"color:#FFFFFF;background-color:#144bb6;border-color:#103c92;border-radius:1px\" target=\"_self\"><span style=\"color:#FFFFFF;padding:0px 24px;font-size:18px;line-height:36px;border-color:#5b81cc;border-radius:1px;text-shadow:none\">   DOC<\/span><\/a><\/div>\n<\/div>\r\n\r\n\r\n<\/div>\r\n\r\n\r\n\r\n<p style=\"text-align: center;\"><strong>Beispiele<\/strong><\/p>\r\n\r\n<div class=\"wp-block-columns is-layout-flex wp-container-core-columns-is-layout-9d6595d7 wp-block-columns-is-layout-flex\">\r\n\r\n\r\n<div class=\"wp-block-column is-layout-flow wp-block-column-is-layout-flow\"><div class=\"su-button-center\"><a href=\"https:\/\/www.bmj.de\/SharedDocs\/Downloads\/DE\/Formular\/Vorsorgevollmacht.pdf?__blob=publicationFile&#038;v=7\" class=\"su-button su-button-style-flat\" style=\"color:#FFFFFF;background-color:#144bb6;border-color:#103c92;border-radius:1px\" target=\"_self\"><span style=\"color:#FFFFFF;padding:0px 24px;font-size:18px;line-height:36px;border-color:#5b81cc;border-radius:1px;text-shadow:none\">  Beispiel &#8211; 1 <\/span><\/a><\/div>\n<\/div>\r\n\r\n\r\n\r\n<div class=\"wp-block-column is-layout-flow wp-block-column-is-layout-flow\"><div class=\"su-button-center\"><a href=\"https:\/\/fluechtlingsrat-brandenburg.de\/wp-content\/uploads\/2015\/10\/Mustervollmacht.pdf\" class=\"su-button su-button-style-flat\" style=\"color:#FFFFFF;background-color:#144bb6;border-color:#103c92;border-radius:1px\" target=\"_self\"><span style=\"color:#FFFFFF;padding:0px 24px;font-size:18px;line-height:36px;border-color:#5b81cc;border-radius:1px;text-shadow:none\">  Beispiel &#8211; 2 <\/span><\/a><\/div>\n<\/div>\r\n\r\n\r\n<\/div>\r\n\r\n\r\n<hr class=\"wp-block-separator has-alpha-channel-opacity\" \/>\r\n\r\n\r\n\r\n<div class=\"wp-block-columns is-layout-flex wp-container-core-columns-is-layout-9d6595d7 wp-block-columns-is-layout-flex\">\r\n\r\n\r\n<div class=\"wp-block-column is-layout-flow wp-block-column-is-layout-flow\"><div class=\"su-button-center\"><a href=\"https:\/\/www.grevenbroich.de\/fileadmin\/Gleichstellung\/PDF\/Vorsorgevollmacht_Vordruck_pdf.pdf\" class=\"su-button su-button-style-flat\" style=\"color:#FFFFFF;background-color:#144bb6;border-color:#103c92;border-radius:1px\" target=\"_self\"><span style=\"color:#FFFFFF;padding:0px 24px;font-size:18px;line-height:36px;border-color:#5b81cc;border-radius:1px;text-shadow:none\">  Beispiel &#8211; 3 <\/span><\/a><\/div>\n<\/div>\r\n\r\n\r\n\r\n<div class=\"wp-block-column is-layout-flow wp-block-column-is-layout-flow\"><div class=\"su-button-center\"><a href=\"https:\/\/welcome.hamburg.de\/contentblob\/2217302\/12e2f8e9395e953a472be5ee02b19a3a\/data\/vollmacht.pdf\" class=\"su-button su-button-style-flat\" style=\"color:#FFFFFF;background-color:#144bb6;border-color:#103c92;border-radius:1px\" target=\"_self\"><span style=\"color:#FFFFFF;padding:0px 24px;font-size:18px;line-height:36px;border-color:#5b81cc;border-radius:1px;text-shadow:none\">  Beispiel &#8211; 4 <\/span><\/a><\/div>\n<\/div>\r\n\r\n\r\n<\/div>\r\n\r\n\r\n<hr class=\"wp-block-separator has-alpha-channel-opacity\" \/>\r\n\r\n<!-- \/wp:post-content -->\r\n\r\n<!-- wp:table {\"align\":\"center\"} -->\r\n<figure class=\"wp-block-table aligncenter\">\r\n<table>\r\n<tbody>\r\n<tr>\r\n<td style=\"text-align: center;\">Vollmacht Schreiben F\u00fcr Alles<\/td>\r\n<\/tr>\r\n<tr>\r\n<td style=\"text-align: center;\">PDF &#8211; WORD Datei<\/td>\r\n<\/tr>\r\n<tr>\r\n<td style=\"text-align: center;\">Bewertung: \u2b50\u2b50\u2b50\u2b50\u2b50 4.27<\/td>\r\n<\/tr>\r\n<tr>\r\n<td style=\"text-align: center;\">Ergebnisse &#8211; 1794<\/td>\r\n<\/tr>\r\n<\/tbody>\r\n<\/table>\r\n<\/figure>\r\n<!-- \/wp:table -->\r\n\r\n<!-- wp:separator -->\r\n\r\n<hr class=\"wp-block-separator has-alpha-channel-opacity\" \/>\r\n\r\n<!-- \/wp:separator -->\r\n\r\n<div class=\"su-note\"  style=\"border-color:#e5e5e5;border-radius:10px;-moz-border-radius:10px;-webkit-border-radius:10px;\"><div class=\"su-note-inner su-u-clearfix su-u-trim\" style=\"background-color:#FFFFFF;border-color:#ffffff;color:#333333;border-radius:10px;-moz-border-radius:10px;-webkit-border-radius:10px;\">\r\n\r\n<p>Das Verfassen eines Vollmacht Schreibens f\u00fcr alle Anliegen erfordert sorgf\u00e4ltige \u00dcberlegungen und eine klare Strukturierung. In dieser Anleitung werden wir Ihnen detaillierte Tipps und Beispiele geben, um Ihnen dabei zu helfen, ein effektives und professionelles Vollmacht Schreiben zu verfassen.<\/p>  <h3>Schritt 1: Einleitende Informationen<\/h3>  <p>Beginnen Sie das Vollmacht Schreiben mit Ihren pers\u00f6nlichen Informationen, einschlie\u00dflich Ihres Namens, Ihrer Adresse und Ihrer Kontaktdaten. Geben Sie au\u00dferdem das aktuelle Datum an und adressieren Sie den Brief an die richtige Person oder Organisation.<\/p>  <p><strong>Beispiel:<\/strong><\/p>  <pre><code>Ihr Name Ihre Adresse Stadt, Bundesland Postleitzahl  Datum  Empf\u00e4ngername Empf\u00e4ngeradresse Stadt, Bundesland Postleitzahl<\/code><\/pre>  <h3>Schritt 2: Einleitung<\/h3>  <p>Die Einleitung sollte kurz und pr\u00e4zise sein. Geben Sie Ihren Namen erneut an und stellen Sie klar, dass Sie eine Vollmacht f\u00fcr alle Angelegenheiten erteilen m\u00f6chten. Geben Sie den Grund f\u00fcr die Erteilung der Vollmacht an und erkl\u00e4ren Sie, warum dies notwendig ist.<\/p>  <p><strong>Beispiel:<\/strong><\/p>  <pre><code>Betreff: Vollmacht f\u00fcr alle Angelegenheiten  Sehr geehrte(r) [Empf\u00e4ngername],  hiermit erm\u00e4chtige ich [Ihr Name] dazu, in meinem Namen und f\u00fcr meine Angelegenheiten eine Vollmacht auszu\u00fcben. Dies beinhaltet alle rechtlichen, finanziellen und administrativen Belange in meinem Namen zu erledigen. Aufgrund [Grund f\u00fcr die Vollmacht], ben\u00f6tige ich Ihre Unterst\u00fctzung, um diese Aufgaben f\u00fcr mich zu \u00fcbernehmen.<\/code><\/pre>  <h3>Schritt 3: Hauptteil<\/h3>  <p>Im Hauptteil des Vollmacht Schreibens sollten Sie die spezifischen Aufgaben und Befugnisse angeben, die der Bevollm\u00e4chtigte f\u00fcr Sie \u00fcbernehmen darf. Es ist wichtig, dass diese Angaben so pr\u00e4zise wie m\u00f6glich sind, um Missverst\u00e4ndnisse zu vermeiden. Geben Sie auch eine klare Zeitspanne an, f\u00fcr die die Vollmacht g\u00fcltig sein soll.<\/p>  <p><strong>Beispiel:<\/strong><\/p>  <pre><code>Die erteilte Vollmacht umfasst folgende Aufgaben und Befugnisse:  1. Vertr\u00e4ge unterzeichnen und im Rahmen meiner Verpflichtungen handeln. 2. Finanzielle Transaktionen durchf\u00fchren und Zahlungen in meinem Namen t\u00e4tigen. 3. Alle notwendigen Dokumente unterzeichnen und einreichen. 4. Vertretung vor Beh\u00f6rden und anderen Organisationen. 5. Zugang zu meinen Konto- und Verm\u00f6gensinformationen erhalten.  Diese Vollmacht gilt ab dem [Startdatum] und bleibt bis zum [Enddatum] g\u00fcltig, es sei denn, sie wird vorher schriftlich widerrufen.<\/code><\/pre>  <h3>Schritt 4: Schluss<\/h3>  <p>Im Schlussteil des Vollmacht Schreibens sollten Sie Ihre Bereitschaft zur Zusammenarbeit betonen und eventuelle Fragen oder Bedenken ansprechen, die der Bevollm\u00e4chtigte haben k\u00f6nnte. Geben Sie Ihre Kontaktdaten erneut an und verabschieden Sie sich h\u00f6flich.<\/p>  <p><strong>Beispiel:<\/strong><\/p>  <pre><code>Ich vertraue darauf, dass Sie meine Interessen in meinem Sinne sorgf\u00e4ltig und verantwortungsbewusst vertreten werden. Bei weiteren Fragen oder Informationen stehe ich Ihnen jederzeit zur Verf\u00fcgung. Ich danke Ihnen im Voraus f\u00fcr Ihre Unterst\u00fctzung.  Mit freundlichen Gr\u00fc\u00dfen,  [Ihr Name] [Ihre Kontaktdaten]<\/code><\/pre>  <h3>Wichtige \u00dcberlegungen zur formalen Gestaltung und zum Aufbau eines effektiven Vollmacht Schreibens<\/h3>  <dl> <dt>1. Pr\u00e4zision<\/dt> <dd>Stellen Sie sicher, dass die Angaben zu den Befugnissen und Aufgaben in der Vollmacht klar und pr\u00e4zise sind, um Missverst\u00e4ndnisse zu vermeiden.<\/dd>  <dt>2. Datumsangaben<\/dt> <dd>Geben Sie das aktuelle Datum und klare Zeitspannen an, f\u00fcr die die Vollmacht g\u00fcltig sein soll.<\/dd>  <dt>3. Angabe pers\u00f6nlicher Informationen<\/dt> <dd>Vergewissern Sie sich, dass Ihre pers\u00f6nlichen Informationen, einschlie\u00dflich Name, Adresse und Kontaktdaten, korrekt und vollst\u00e4ndig angegeben sind.<\/dd>  <dt>4. H\u00f6flichkeit und Professionalit\u00e4t<\/dt> <dd>Verwenden Sie eine h\u00f6fliche und professionelle Sprache, um den Brief formal und respektvoll zu gestalten.<\/dd>  <dt>5. Klare Strukturierung<\/dt> <dd>Gliedern Sie den Brief in Einleitung, Hauptteil und Schluss, um einen klaren und leicht verst\u00e4ndlichen Briefaufbau zu gew\u00e4hrleisten.<\/dd> <\/dl>\r\n\r\n<\/div><\/div>\r\n\r\n<!-- wp:separator -->\r\n\r\n<hr class=\"wp-block-separator has-alpha-channel-opacity\" \/>","protected":false},"excerpt":{"rendered":"<p>Vorlage und Muster f\u00fcr Vollmacht Schreiben F\u00fcr Alles &#8211; Erstellung und Ausf\u00fcllen &#8211; \u00d6ffnen im WORD PDF Datei und Online &#8230; <\/p>\n<p class=\"read-more-container\"><a title=\"\u00d6ffnen &#8211; Vollmacht Schreiben F\u00fcr Alles\" class=\"read-more button\" href=\"https:\/\/schreibenpro.com\/de\/vollmacht-schreiben-fur-alles-offnen\/#more-662\" aria-label=\"Mehr zu \u00d6ffnen &#8211; Vollmacht Schreiben F\u00fcr Alles\">\u00d6FFNEN <\/a><\/p>\n","protected":false},"author":1,"featured_media":0,"parent":0,"menu_order":0,"comment_status":"closed","ping_status":"closed","template":"","meta":{"footnotes":""},"class_list":{"0":"post-662","1":"page","2":"type-page","3":"status-publish","5":"infinite-scroll-item"},"yoast_head":"<!-- This site is optimized with the Yoast SEO plugin v24.6 - https:\/\/yoast.com\/wordpress\/plugins\/seo\/ -->\n<title>\u00d6ffnen - Vollmacht Schreiben F\u00fcr Alles - Schreiben PRO<\/title>\n<meta name=\"robots\" content=\"noindex, follow\" \/>\n<meta property=\"og:locale\" content=\"de_DE\" \/>\n<meta property=\"og:type\" content=\"article\" \/>\n<meta property=\"og:title\" content=\"\u00d6ffnen - Vollmacht Schreiben F\u00fcr Alles - Schreiben PRO\" \/>\n<meta property=\"og:description\" content=\"Vorlage und Muster f\u00fcr Vollmacht Schreiben F\u00fcr Alles &#8211; Erstellung und Ausf\u00fcllen &#8211; \u00d6ffnen im WORD PDF Datei und Online ... \u00d6FFNEN\" \/>\n<meta property=\"og:url\" content=\"https:\/\/schreibenpro.com\/de\/vollmacht-schreiben-fur-alles-offnen\/\" \/>\n<meta property=\"og:site_name\" content=\"Schreiben PRO\" \/>\n<meta property=\"og:image\" content=\"https:\/\/schreibenpro.com\/de\/wp-content\/uploads\/vollmacht-schreiben-fur-alles-muster-vorlage.jpg\" \/>\n<meta name=\"twitter:card\" content=\"summary_large_image\" \/>\n<meta name=\"twitter:label1\" content=\"Gesch\u00e4tzte Lesezeit\" \/>\n\t<meta name=\"twitter:data1\" content=\"1\u00a0Minute\" \/>\n<!-- \/ Yoast SEO plugin. -->","yoast_head_json":{"title":"\u00d6ffnen - Vollmacht Schreiben F\u00fcr Alles - Schreiben PRO","robots":{"index":"noindex","follow":"follow"},"og_locale":"de_DE","og_type":"article","og_title":"\u00d6ffnen - Vollmacht Schreiben F\u00fcr Alles - Schreiben PRO","og_description":"Vorlage und Muster f\u00fcr Vollmacht Schreiben F\u00fcr Alles &#8211; Erstellung und Ausf\u00fcllen &#8211; \u00d6ffnen im WORD PDF Datei und Online ... \u00d6FFNEN","og_url":"https:\/\/schreibenpro.com\/de\/vollmacht-schreiben-fur-alles-offnen\/","og_site_name":"Schreiben PRO","og_image":[{"url":"https:\/\/schreibenpro.com\/de\/wp-content\/uploads\/vollmacht-schreiben-fur-alles-muster-vorlage.jpg","type":"","width":"","height":""}],"twitter_card":"summary_large_image","twitter_misc":{"Gesch\u00e4tzte Lesezeit":"1\u00a0Minute"},"schema":{"@context":"https:\/\/schema.org","@graph":[{"@type":"WebPage","@id":"https:\/\/schreibenpro.com\/de\/vollmacht-schreiben-fur-alles-offnen\/","url":"https:\/\/schreibenpro.com\/de\/vollmacht-schreiben-fur-alles-offnen\/","name":"\u00d6ffnen - Vollmacht Schreiben F\u00fcr Alles - Schreiben PRO","isPartOf":{"@id":"https:\/\/schreibenpro.com\/de\/#website"},"primaryImageOfPage":{"@id":"https:\/\/schreibenpro.com\/de\/vollmacht-schreiben-fur-alles-offnen\/#primaryimage"},"image":{"@id":"https:\/\/schreibenpro.com\/de\/vollmacht-schreiben-fur-alles-offnen\/#primaryimage"},"thumbnailUrl":"https:\/\/schreibenpro.com\/de\/wp-content\/uploads\/vollmacht-schreiben-fur-alles-muster-vorlage.jpg","datePublished":"2023-12-18T08:25:24+00:00","breadcrumb":{"@id":"https:\/\/schreibenpro.com\/de\/vollmacht-schreiben-fur-alles-offnen\/#breadcrumb"},"inLanguage":"de","potentialAction":[{"@type":"ReadAction","target":["https:\/\/schreibenpro.com\/de\/vollmacht-schreiben-fur-alles-offnen\/"]}]},{"@type":"ImageObject","inLanguage":"de","@id":"https:\/\/schreibenpro.com\/de\/vollmacht-schreiben-fur-alles-offnen\/#primaryimage","url":"https:\/\/schreibenpro.com\/de\/wp-content\/uploads\/anschreiben-zum-angebot-muster-vorlage.jpg","contentUrl":"https:\/\/schreibenpro.com\/de\/wp-content\/uploads\/anschreiben-zum-angebot-muster-vorlage.jpg","width":1410,"height":2250},{"@type":"BreadcrumbList","@id":"https:\/\/schreibenpro.com\/de\/vollmacht-schreiben-fur-alles-offnen\/#breadcrumb","itemListElement":[{"@type":"ListItem","position":1,"name":"Portada","item":"https:\/\/schreibenpro.com\/de\/"},{"@type":"ListItem","position":2,"name":"\u00d6ffnen &#8211; Vollmacht Schreiben F\u00fcr Alles"}]},{"@type":"WebSite","@id":"https:\/\/schreibenpro.com\/de\/#website","url":"https:\/\/schreibenpro.com\/de\/","name":"Schreiben PRO","description":"Muster und Vorlage","publisher":{"@id":"https:\/\/schreibenpro.com\/de\/#organization"},"potentialAction":[{"@type":"SearchAction","target":{"@type":"EntryPoint","urlTemplate":"https:\/\/schreibenpro.com\/de\/?s={search_term_string}"},"query-input":{"@type":"PropertyValueSpecification","valueRequired":true,"valueName":"search_term_string"}}],"inLanguage":"de"},{"@type":"Organization","@id":"https:\/\/schreibenpro.com\/de\/#organization","name":"Schreiben PRO","url":"https:\/\/schreibenpro.com\/de\/","logo":{"@type":"ImageObject","inLanguage":"de","@id":"https:\/\/schreibenpro.com\/de\/#\/schema\/logo\/image\/","url":"https:\/\/schreibenpro.com\/de\/wp-content\/uploads\/cropped-fav.png","contentUrl":"https:\/\/schreibenpro.com\/de\/wp-content\/uploads\/cropped-fav.png","width":512,"height":512,"caption":"Schreiben PRO"},"image":{"@id":"https:\/\/schreibenpro.com\/de\/#\/schema\/logo\/image\/"}}]}},"_links":{"self":[{"href":"https:\/\/schreibenpro.com\/de\/wp-json\/wp\/v2\/pages\/662","targetHints":{"allow":["GET"]}}],"collection":[{"href":"https:\/\/schreibenpro.com\/de\/wp-json\/wp\/v2\/pages"}],"about":[{"href":"https:\/\/schreibenpro.com\/de\/wp-json\/wp\/v2\/types\/page"}],"author":[{"embeddable":true,"href":"https:\/\/schreibenpro.com\/de\/wp-json\/wp\/v2\/users\/1"}],"replies":[{"embeddable":true,"href":"https:\/\/schreibenpro.com\/de\/wp-json\/wp\/v2\/comments?post=662"}],"version-history":[{"count":0,"href":"https:\/\/schreibenpro.com\/de\/wp-json\/wp\/v2\/pages\/662\/revisions"}],"wp:attachment":[{"href":"https:\/\/schreibenpro.com\/de\/wp-json\/wp\/v2\/media?parent=662"}],"curies":[{"name":"wp","href":"https:\/\/api.w.org\/{rel}","templated":true}]}}