{"id":663,"date":"2023-12-18T08:25:24","date_gmt":"2023-12-18T08:25:24","guid":{"rendered":"https:\/\/schreibenpro.com\/de\/versicherung-umschreiben-todesfall-offnen\/"},"modified":"2023-12-18T08:25:24","modified_gmt":"2023-12-18T08:25:24","slug":"versicherung-umschreiben-todesfall-offnen","status":"publish","type":"page","link":"https:\/\/schreibenpro.com\/de\/versicherung-umschreiben-todesfall-offnen\/","title":{"rendered":"\u00d6ffnen &#8211; Versicherung Umschreiben Todesfall"},"content":{"rendered":"\r\n<p class=\"has-text-align-center\">Muster und Vorlage f\u00fcr <strong> Versicherung Umschreiben Todesfall<\/strong> &#8211; Erstellung und Ausf\u00fcllen &#8211; \u00d6ffnen im <strong>WORD und PDF<\/strong> Datei und Online<\/p>\r\n\r\n\r\n\r\n\r\n<div class=\"wp-block-image\">\r\n<figure class=\"aligncenter size-large is-resized\"><img loading=\"lazy\" decoding=\"async\" class=\"wp-image-215\" src=\"https:\/\/schreibenpro.com\/de\/wp-content\/uploads\/versicherung-umschreiben-todesfall-muster-vorlage.jpg\" alt=\"\" width=\"245\" height=\"391\" \/><\/figure>\r\n<\/div>\r\n\r\n\r\n\r\n<hr class=\"wp-block-separator has-alpha-channel-opacity\" \/>\r\n\r\n\r\n\r\n\r\n\r\n<div class=\"su-note\"  style=\"border-color:#e5e5e5;border-radius:10px;-moz-border-radius:10px;-webkit-border-radius:10px;\"><div class=\"su-note-inner su-u-clearfix su-u-trim\" style=\"background-color:#FFFFFF;border-color:#ffffff;color:#333333;border-radius:10px;-moz-border-radius:10px;-webkit-border-radius:10px;\">\r\n\r\n<section id=\"specialParagraph\"><p><strong>Einleitung:<\/strong><\/p> <p><b>Empf\u00e4ngername<\/b><\/p> <p><b>Empf\u00e4ngeradresse<\/b><\/p> <p><b>Datum<\/b><\/p>  <p>Sehr geehrte\/r Herr\/Frau <b>Empf\u00e4ngername<\/b>,<\/p>  <p>ich wende mich heute an Sie, um eine dringende Frage in Bezug auf die Versicherung meines verstorbenen Ehepartners zu kl\u00e4ren. Mein Ehepartner, <b>Name des Ehepartners<\/b>, ist am <b>Datum des Todesfalls<\/b> verstorben, und ich m\u00f6chte sicherstellen, dass die Versicherungsleistungen entsprechend angepasst werden.<\/p>  <p><strong>Hauptteil:<\/strong><\/p>  <dt><b>Schritt 1: Angabe der Vertragsdaten<\/b><\/dt> <dd>Um sicherzustellen, dass Sie auf die richtige Versicherungspolice Bezug nehmen, finde Sie hier die Vertragsdaten:<\/dd> <dd><b>Vertragsnummer:<\/b> <i>123456789<\/i><\/dd> <dd><b>Versicherungsnehmer:<\/b> <i>Ihr Name<\/i><\/dd> <dd><b>Versicherungsart:<\/b> <i>Lebensversicherung auf den Todesfall<\/i><\/dd>  <dt><b>Schritt 2: Erl\u00e4uterung des Todesfalls<\/b><\/dt> <dd>Leider ist mein Ehepartner, <b>Name des Ehepartners<\/b>, am <b>Datum des Todesfalls<\/b> verstorben. Der Todesfall wurde amtlich registriert und ich lege Ihnen eine Kopie der Sterbeurkunde bei.<\/dd>  <dt><b>Schritt 3: Aktualisierung der Versicherungsleistungen<\/b><\/dt> <dd>Ich m\u00f6chte Sie bitten, die notwendigen Schritte einzuleiten, um die Versicherungsleistungen an den aktuellen Todesfall anzupassen. Bitte pr\u00fcfen Sie die Versicherungssumme und stellen Sie sicher, dass diese den aktuellen Bed\u00fcrfnissen entspricht. Falls erforderlich, f\u00fcgen Sie bitte eine Erh\u00f6hung der Versicherungssumme hinzu, um eine angemessene Absicherung zu gew\u00e4hrleisten.<\/dd>  <dd>Des Weiteren bitte ich Sie, die Beg\u00fcnstigten der Versicherungsleistungen zu \u00fcberpr\u00fcfen und sicherzustellen, dass die Informationen auf dem neuesten Stand sind. Hierbei m\u00f6chte ich Sie darauf hinweisen, dass ich als Ehepartnerin des verstorbenen Versicherungsnehmers m\u00f6glicherweise Anspruch auf die Versicherungsleistung habe und die entsprechenden Daten entsprechend aktualisieren lassen m\u00f6chte.<\/dd>  <dt><b>Schritt 4: Zus\u00e4tzliche Unterlagen<\/b><\/dt> <dd>Anbei finden Sie eine Kopie der Sterbeurkunde meines Ehepartners, um den Todesfall zu best\u00e4tigen. Sollten weitere Unterlagen oder Informationen erforderlich sein, stehe ich Ihnen gerne zur Verf\u00fcgung und bitte Sie, mich entsprechend zu kontaktieren.<\/dd>  <p><strong>Schluss:<\/strong><\/p>  <p>Ich hoffe, dass Sie meinen Wunsch verstehen und die notwendigen Schritte unverz\u00fcglich in die Wege leiten k\u00f6nnen. Ich m\u00f6chte gerne \u00fcber den Fortschritt der Anpassungen informiert werden und stehe Ihnen f\u00fcr weitere Informationen oder Fragen zur Verf\u00fcgung.<\/p>  <p>Ich bedanke mich im Voraus f\u00fcr Ihre Unterst\u00fctzung in dieser Angelegenheit.<\/p>  <p>Mit freundlichen Gr\u00fc\u00dfen,<\/p> <p><b>Ihr Name<\/b><\/p> <p><b>Ihre Adresse<\/b><\/p> <p><b>Ihre Kontaktdaten<\/b><\/p><\/section><\/div><\/div>\r\n\r\n&nbsp;\r\n\r\n\r\n\r\n\r\n\r\n\r\n<p class=\"has-text-align-center\">Vorlage und Muster f\u00fcr <strong> Versicherung Umschreiben Todesfall <\/strong> zur Erstellung und Anpassung im <strong>WORD<\/strong>\u2013 und <strong>PDF-Format<\/strong><\/p>\r\n\r\n\r\n<button id=\"generatePDF\">Erstellen (PDF &#8211; WORD)<\/button>\r\n\r\n\r\n\r\n<hr class=\"wp-block-separator has-alpha-channel-opacity\" \/>\r\n\r\n\r\n\r\n<p style=\"text-align: center;\"><strong>Versicherung Umschreiben Todesfall<\/strong><\/p>\r\n\r\n<div class=\"wp-block-columns is-layout-flex wp-container-core-columns-is-layout-9d6595d7 wp-block-columns-is-layout-flex\">\r\n\r\n\r\n<div class=\"wp-block-column is-layout-flow wp-block-column-is-layout-flow\"><div class=\"su-button-center\"><a href=\"https:\/\/root.die-wirtschaftsexperten.de\/upload\/mediapool\/musterbrief-aenderung-bezugsrecht-im-todesfall.pdf\" class=\"su-button su-button-style-flat\" style=\"color:#FFFFFF;background-color:#144bb6;border-color:#103c92;border-radius:1px\" target=\"_self\"><span style=\"color:#FFFFFF;padding:0px 24px;font-size:18px;line-height:36px;border-color:#5b81cc;border-radius:1px;text-shadow:none\">   PDF <\/span><\/a><\/div>\n<\/div>\r\n\r\n\r\n\r\n<div class=\"wp-block-column is-layout-flow wp-block-column-is-layout-flow\"><div class=\"su-button-center\"><a href=\"https:\/\/root.die-wirtschaftsexperten.de\/upload\/mediapool\/musterbrief-aenderung-bezugsrecht-im-todesfall.pdf\" class=\"su-button su-button-style-flat\" style=\"color:#FFFFFF;background-color:#144bb6;border-color:#103c92;border-radius:1px\" target=\"_self\"><span style=\"color:#FFFFFF;padding:0px 24px;font-size:18px;line-height:36px;border-color:#5b81cc;border-radius:1px;text-shadow:none\">   DOC<\/span><\/a><\/div>\n<\/div>\r\n\r\n\r\n<\/div>\r\n\r\n\r\n\r\n<p style=\"text-align: center;\"><strong>Beispiele<\/strong><\/p>\r\n\r\n<div class=\"wp-block-columns is-layout-flex wp-container-core-columns-is-layout-9d6595d7 wp-block-columns-is-layout-flex\">\r\n\r\n\r\n<div class=\"wp-block-column is-layout-flow wp-block-column-is-layout-flow\"><div class=\"su-button-center\"><a href=\"https:\/\/www.bundderversicherten.de\/files\/merkblatt\/33_tod_vn.pdf\" class=\"su-button su-button-style-flat\" style=\"color:#FFFFFF;background-color:#144bb6;border-color:#103c92;border-radius:1px\" target=\"_self\"><span style=\"color:#FFFFFF;padding:0px 24px;font-size:18px;line-height:36px;border-color:#5b81cc;border-radius:1px;text-shadow:none\">  Beispiel &#8211; 1 <\/span><\/a><\/div>\n<\/div>\r\n\r\n\r\n\r\n<div class=\"wp-block-column is-layout-flow wp-block-column-is-layout-flow\"><div class=\"su-button-center\"><a href=\"https:\/\/root.die-wirtschaftsexperten.de\/upload\/mediapool\/musterbrief-aenderung-bezugsrecht-im-todesfall.pdf\" class=\"su-button su-button-style-flat\" style=\"color:#FFFFFF;background-color:#144bb6;border-color:#103c92;border-radius:1px\" target=\"_self\"><span style=\"color:#FFFFFF;padding:0px 24px;font-size:18px;line-height:36px;border-color:#5b81cc;border-radius:1px;text-shadow:none\">  Beispiel &#8211; 2 <\/span><\/a><\/div>\n<\/div>\r\n\r\n\r\n<\/div>\r\n\r\n\r\n<hr class=\"wp-block-separator has-alpha-channel-opacity\" \/>\r\n\r\n\r\n\r\n<div class=\"wp-block-columns is-layout-flex wp-container-core-columns-is-layout-9d6595d7 wp-block-columns-is-layout-flex\">\r\n\r\n\r\n<div class=\"wp-block-column is-layout-flow wp-block-column-is-layout-flow\"><div class=\"su-button-center\"><a href=\"https:\/\/srm-versicherung.at\/wp-content\/uploads\/2021\/08\/Todesfall_-_Information_fuer_Hinterbliebene_-_02.2020.pdf\" class=\"su-button su-button-style-flat\" style=\"color:#FFFFFF;background-color:#144bb6;border-color:#103c92;border-radius:1px\" target=\"_self\"><span style=\"color:#FFFFFF;padding:0px 24px;font-size:18px;line-height:36px;border-color:#5b81cc;border-radius:1px;text-shadow:none\">  Beispiel &#8211; 3 <\/span><\/a><\/div>\n<\/div>\r\n\r\n\r\n\r\n<div class=\"wp-block-column is-layout-flow wp-block-column-is-layout-flow\"><div class=\"su-button-center\"><a href=\"https:\/\/root.die-wirtschaftsexperten.de\/upload\/mediapool\/musterbrief-aenderung-bezugsrecht-im-todesfall.pdf\" class=\"su-button su-button-style-flat\" style=\"color:#FFFFFF;background-color:#144bb6;border-color:#103c92;border-radius:1px\" target=\"_self\"><span style=\"color:#FFFFFF;padding:0px 24px;font-size:18px;line-height:36px;border-color:#5b81cc;border-radius:1px;text-shadow:none\">  Beispiel &#8211; 4 <\/span><\/a><\/div>\n<\/div>\r\n\r\n\r\n<\/div>\r\n\r\n\r\n<hr class=\"wp-block-separator has-alpha-channel-opacity\" \/>\r\n\r\n<!-- \/wp:post-content -->\r\n\r\n<!-- wp:table {\"align\":\"center\"} -->\r\n<figure class=\"wp-block-table aligncenter\">\r\n<table>\r\n<tbody>\r\n<tr>\r\n<td style=\"text-align: center;\">Versicherung Umschreiben Todesfall<\/td>\r\n<\/tr>\r\n<tr>\r\n<td style=\"text-align: center;\">PDF &#8211; WORD Datei<\/td>\r\n<\/tr>\r\n<tr>\r\n<td style=\"text-align: center;\">Bewertung: \u2b50\u2b50\u2b50\u2b50\u2b50 4.92<\/td>\r\n<\/tr>\r\n<tr>\r\n<td style=\"text-align: center;\">Ergebnisse &#8211; 1421<\/td>\r\n<\/tr>\r\n<\/tbody>\r\n<\/table>\r\n<\/figure>\r\n<!-- \/wp:table -->\r\n\r\n<!-- wp:separator -->\r\n\r\n<hr class=\"wp-block-separator has-alpha-channel-opacity\" \/>\r\n\r\n<!-- \/wp:separator -->\r\n\r\n<div class=\"su-note\"  style=\"border-color:#e5e5e5;border-radius:10px;-moz-border-radius:10px;-webkit-border-radius:10px;\"><div class=\"su-note-inner su-u-clearfix su-u-trim\" style=\"background-color:#FFFFFF;border-color:#ffffff;color:#333333;border-radius:10px;-moz-border-radius:10px;-webkit-border-radius:10px;\">\r\n\r\n<p>Ein Versicherungsanschreiben bei einem Todesfall ist ein wichtiger Schritt, um den Versicherer \u00fcber den Verlust einer geliebten Person zu informieren und eine eventuelle Auszahlung der Versicherungsleistung zu beantragen. In diesem Leitfaden erfahren Sie, wie Sie solch ein Anschreiben verfassen k\u00f6nnen.<\/p>  <h3>1. Einleitung<\/h3> <p>In der Einleitung sollten Sie Ihren Namen, Ihre Adresse, Ihre Kontaktdaten und Ihre Versicherungsnummer angeben. Geben Sie au\u00dferdem den Namen der verstorbenen Person, das Todesdatum und das Versicherungsdatum an.<\/p> <p>Zum Beispiel:<\/p>  <blockquote> <p>Max Mustermann<br> Musterstra\u00dfe 123<br> 12345 Musterstadt<br> max.mustermann@example.com<br> Versicherungsnummer: 1234567890<\/p>  <p>Versicherungsgesellschaft XYZ<br> Versicherungsabteilung<br> Adresse der Versicherungsgesellschaft<br> Datum: [Datum des Briefs]<br><\/p>  <p>Betreff: Versicherungsanschreiben zum Todesfall meines Ehepartners<\/p> <\/blockquote>  <h3>2. Hauptteil<\/h3> <p>Im Hauptteil des Anschreibens sollten Sie detaillierte Informationen \u00fcber den Todesfall und die Versicherung angeben. F\u00fcgen Sie alle relevanten Dokumente wie den Totenschein, die Sterbeurkunde und den Versicherungsschein bei. Beschreiben Sie den Versicherungsvertrag und erw\u00e4hnen Sie alle relevanten Policen.<\/p> <p>Zum Beispiel:<\/p> <blockquote> <p>Sehr geehrte Damen und Herren,<\/p>  <p>ich m\u00f6chte Sie hiermit \u00fcber den Todesfall meines Ehepartners, Frau\/Herr [Name des Verstorbenen], informieren. Frau\/Herr [Name des Verstorbenen] ist am [Datum des Todesfalls] verstorben.<\/p>  <p>Mein Ehepartner war bei Ihrer Versicherungsgesellschaft unter der Versicherungsnummer [Versicherungsnummer] versichert. Er\/Sie hatte bei Ihnen eine Lebensversicherung mit einer Versicherungssumme von [Summe] Euro abgeschlossen. Ich lege diesem Schreiben eine Kopie des Totenscheins und der Sterbeurkunde bei.<\/p>  <p>Bitte teilen Sie mir mit, welche weiteren Dokumente oder Informationen Sie ben\u00f6tigen, um den Anspruch auf die Versicherungsleistung zu pr\u00fcfen.<\/p>  <p>Bei Fragen stehe ich Ihnen gerne zur Verf\u00fcgung.<\/p>  <p>Mit freundlichen Gr\u00fc\u00dfen,<\/p> [Ihr Name] <\/blockquote>  <h3>3. Schluss<\/h3> <p>Im Schlussteil sollten Sie noch einmal Ihre Kontaktdaten angeben und h\u00f6flich um eine schnelle Bearbeitung des Anliegens bitten. Bedanken Sie sich f\u00fcr die Aufmerksamkeit und erw\u00e4hnen Sie, dass Sie bei weiteren Fragen zur Verf\u00fcgung stehen.<\/p> <p>Zum Beispiel:<\/p> <blockquote> <p>Mit freundlichen Gr\u00fc\u00dfen,<\/p> [Ihr Name] [Ihre Adresse] [Ihre Kontaktdaten]  <p>Anlage: Totenschein, Sterbeurkunde<\/p> <\/blockquote>  <h3>4. Formale Gestaltung und Aufbau<\/h3> <p>Um einen effektiven und professionellen Brief zu verfassen, sollten Sie folgende Tipps beachten:<\/p> <ul> <li>Verwenden Sie eine h\u00f6fliche und respektvolle Sprache.<\/li> <li>Strukturieren Sie den Brief mit klar erkennbaren Abs\u00e4tzen.<\/li> <li>Verwenden Sie Fettdruck oder Unterstreichungen, um wichtige Informationen hervorzuheben.<\/li> <li>Verwenden Sie eine gut lesbare Schriftart und eine angemessene Schriftgr\u00f6\u00dfe.<\/li> <li>Geben Sie Ihre Kontaktdaten am Anfang und am Ende des Briefes an.<\/li> <li>F\u00fcgen Sie relevante Unterlagen als Anhang hinzu und erw\u00e4hnen Sie diese im Text.<\/li> <\/ul>\r\n\r\n<\/div><\/div>\r\n\r\n<!-- wp:separator -->\r\n\r\n<hr class=\"wp-block-separator has-alpha-channel-opacity\" \/>","protected":false},"excerpt":{"rendered":"<p>Muster und Vorlage f\u00fcr Versicherung Umschreiben Todesfall &#8211; Erstellung und Ausf\u00fcllen &#8211; \u00d6ffnen im WORD und PDF Datei und Online &#8230; <\/p>\n<p class=\"read-more-container\"><a title=\"\u00d6ffnen &#8211; Versicherung Umschreiben Todesfall\" class=\"read-more button\" href=\"https:\/\/schreibenpro.com\/de\/versicherung-umschreiben-todesfall-offnen\/#more-663\" aria-label=\"Mehr zu \u00d6ffnen &#8211; Versicherung Umschreiben Todesfall\">\u00d6FFNEN <\/a><\/p>\n","protected":false},"author":1,"featured_media":0,"parent":0,"menu_order":0,"comment_status":"closed","ping_status":"closed","template":"","meta":{"footnotes":""},"class_list":{"0":"post-663","1":"page","2":"type-page","3":"status-publish","5":"infinite-scroll-item"},"yoast_head":"<!-- This site is optimized with the Yoast SEO plugin v24.6 - https:\/\/yoast.com\/wordpress\/plugins\/seo\/ -->\n<title>\u00d6ffnen - Versicherung Umschreiben Todesfall - Schreiben PRO<\/title>\n<meta name=\"robots\" content=\"noindex, follow\" \/>\n<meta property=\"og:locale\" content=\"de_DE\" \/>\n<meta property=\"og:type\" content=\"article\" \/>\n<meta property=\"og:title\" content=\"\u00d6ffnen - Versicherung Umschreiben Todesfall - Schreiben PRO\" \/>\n<meta property=\"og:description\" content=\"Muster und Vorlage f\u00fcr Versicherung Umschreiben Todesfall &#8211; Erstellung und Ausf\u00fcllen &#8211; \u00d6ffnen im WORD und PDF Datei und Online ... \u00d6FFNEN\" \/>\n<meta property=\"og:url\" content=\"https:\/\/schreibenpro.com\/de\/versicherung-umschreiben-todesfall-offnen\/\" \/>\n<meta property=\"og:site_name\" content=\"Schreiben PRO\" \/>\n<meta property=\"og:image\" content=\"https:\/\/schreibenpro.com\/de\/wp-content\/uploads\/versicherung-umschreiben-todesfall-muster-vorlage.jpg\" \/>\n<meta name=\"twitter:card\" content=\"summary_large_image\" \/>\n<meta name=\"twitter:label1\" content=\"Gesch\u00e4tzte Lesezeit\" \/>\n\t<meta name=\"twitter:data1\" content=\"1\u00a0Minute\" \/>\n<!-- \/ Yoast SEO plugin. -->","yoast_head_json":{"title":"\u00d6ffnen - Versicherung Umschreiben Todesfall - Schreiben PRO","robots":{"index":"noindex","follow":"follow"},"og_locale":"de_DE","og_type":"article","og_title":"\u00d6ffnen - Versicherung Umschreiben Todesfall - Schreiben PRO","og_description":"Muster und Vorlage f\u00fcr Versicherung Umschreiben Todesfall &#8211; Erstellung und Ausf\u00fcllen &#8211; \u00d6ffnen im WORD und PDF Datei und Online ... \u00d6FFNEN","og_url":"https:\/\/schreibenpro.com\/de\/versicherung-umschreiben-todesfall-offnen\/","og_site_name":"Schreiben PRO","og_image":[{"url":"https:\/\/schreibenpro.com\/de\/wp-content\/uploads\/versicherung-umschreiben-todesfall-muster-vorlage.jpg","type":"","width":"","height":""}],"twitter_card":"summary_large_image","twitter_misc":{"Gesch\u00e4tzte Lesezeit":"1\u00a0Minute"},"schema":{"@context":"https:\/\/schema.org","@graph":[{"@type":"WebPage","@id":"https:\/\/schreibenpro.com\/de\/versicherung-umschreiben-todesfall-offnen\/","url":"https:\/\/schreibenpro.com\/de\/versicherung-umschreiben-todesfall-offnen\/","name":"\u00d6ffnen - Versicherung Umschreiben Todesfall - Schreiben PRO","isPartOf":{"@id":"https:\/\/schreibenpro.com\/de\/#website"},"primaryImageOfPage":{"@id":"https:\/\/schreibenpro.com\/de\/versicherung-umschreiben-todesfall-offnen\/#primaryimage"},"image":{"@id":"https:\/\/schreibenpro.com\/de\/versicherung-umschreiben-todesfall-offnen\/#primaryimage"},"thumbnailUrl":"https:\/\/schreibenpro.com\/de\/wp-content\/uploads\/versicherung-umschreiben-todesfall-muster-vorlage.jpg","datePublished":"2023-12-18T08:25:24+00:00","breadcrumb":{"@id":"https:\/\/schreibenpro.com\/de\/versicherung-umschreiben-todesfall-offnen\/#breadcrumb"},"inLanguage":"de","potentialAction":[{"@type":"ReadAction","target":["https:\/\/schreibenpro.com\/de\/versicherung-umschreiben-todesfall-offnen\/"]}]},{"@type":"ImageObject","inLanguage":"de","@id":"https:\/\/schreibenpro.com\/de\/versicherung-umschreiben-todesfall-offnen\/#primaryimage","url":"https:\/\/schreibenpro.com\/de\/wp-content\/uploads\/anschreiben-zum-angebot-muster-vorlage.jpg","contentUrl":"https:\/\/schreibenpro.com\/de\/wp-content\/uploads\/anschreiben-zum-angebot-muster-vorlage.jpg","width":1410,"height":2250},{"@type":"BreadcrumbList","@id":"https:\/\/schreibenpro.com\/de\/versicherung-umschreiben-todesfall-offnen\/#breadcrumb","itemListElement":[{"@type":"ListItem","position":1,"name":"Portada","item":"https:\/\/schreibenpro.com\/de\/"},{"@type":"ListItem","position":2,"name":"\u00d6ffnen &#8211; Versicherung Umschreiben Todesfall"}]},{"@type":"WebSite","@id":"https:\/\/schreibenpro.com\/de\/#website","url":"https:\/\/schreibenpro.com\/de\/","name":"Schreiben PRO","description":"Muster und Vorlage","publisher":{"@id":"https:\/\/schreibenpro.com\/de\/#organization"},"potentialAction":[{"@type":"SearchAction","target":{"@type":"EntryPoint","urlTemplate":"https:\/\/schreibenpro.com\/de\/?s={search_term_string}"},"query-input":{"@type":"PropertyValueSpecification","valueRequired":true,"valueName":"search_term_string"}}],"inLanguage":"de"},{"@type":"Organization","@id":"https:\/\/schreibenpro.com\/de\/#organization","name":"Schreiben PRO","url":"https:\/\/schreibenpro.com\/de\/","logo":{"@type":"ImageObject","inLanguage":"de","@id":"https:\/\/schreibenpro.com\/de\/#\/schema\/logo\/image\/","url":"https:\/\/schreibenpro.com\/de\/wp-content\/uploads\/cropped-fav.png","contentUrl":"https:\/\/schreibenpro.com\/de\/wp-content\/uploads\/cropped-fav.png","width":512,"height":512,"caption":"Schreiben PRO"},"image":{"@id":"https:\/\/schreibenpro.com\/de\/#\/schema\/logo\/image\/"}}]}},"_links":{"self":[{"href":"https:\/\/schreibenpro.com\/de\/wp-json\/wp\/v2\/pages\/663","targetHints":{"allow":["GET"]}}],"collection":[{"href":"https:\/\/schreibenpro.com\/de\/wp-json\/wp\/v2\/pages"}],"about":[{"href":"https:\/\/schreibenpro.com\/de\/wp-json\/wp\/v2\/types\/page"}],"author":[{"embeddable":true,"href":"https:\/\/schreibenpro.com\/de\/wp-json\/wp\/v2\/users\/1"}],"replies":[{"embeddable":true,"href":"https:\/\/schreibenpro.com\/de\/wp-json\/wp\/v2\/comments?post=663"}],"version-history":[{"count":0,"href":"https:\/\/schreibenpro.com\/de\/wp-json\/wp\/v2\/pages\/663\/revisions"}],"wp:attachment":[{"href":"https:\/\/schreibenpro.com\/de\/wp-json\/wp\/v2\/media?parent=663"}],"curies":[{"name":"wp","href":"https:\/\/api.w.org\/{rel}","templated":true}]}}