{"id":668,"date":"2023-12-18T08:25:26","date_gmt":"2023-12-18T08:25:26","guid":{"rendered":"https:\/\/schreibenpro.com\/de\/zimmerwunsch-an-hotel-schreiben-offnen\/"},"modified":"2023-12-18T08:25:26","modified_gmt":"2023-12-18T08:25:26","slug":"zimmerwunsch-an-hotel-schreiben-offnen","status":"publish","type":"page","link":"https:\/\/schreibenpro.com\/de\/zimmerwunsch-an-hotel-schreiben-offnen\/","title":{"rendered":"\u00d6ffnen &#8211; Zimmerwunsch An Hotel Schreiben"},"content":{"rendered":"\r\n<p class=\"has-text-align-center\">Muster und Vorlage f\u00fcr <strong> Zimmerwunsch An Hotel Schreiben<\/strong> &#8211; Erstellung und Ausf\u00fcllen &#8211; \u00d6ffnen im <strong>PDF WORD<\/strong> Datei und Online<\/p>\r\n\r\n\r\n\r\n\r\n<div class=\"wp-block-image\">\r\n<figure class=\"aligncenter size-large is-resized\"><img loading=\"lazy\" decoding=\"async\" class=\"wp-image-215\" src=\"https:\/\/schreibenpro.com\/de\/wp-content\/uploads\/zimmerwunsch-an-hotel-schreiben-muster-vorlage.jpg\" alt=\"\" width=\"245\" height=\"391\" \/><\/figure>\r\n<\/div>\r\n\r\n\r\n\r\n<hr class=\"wp-block-separator has-alpha-channel-opacity\" \/>\r\n\r\n\r\n\r\n\r\n\r\n<div class=\"su-note\"  style=\"border-color:#e5e5e5;border-radius:10px;-moz-border-radius:10px;-webkit-border-radius:10px;\"><div class=\"su-note-inner su-u-clearfix su-u-trim\" style=\"background-color:#FFFFFF;border-color:#ffffff;color:#333333;border-radius:10px;-moz-border-radius:10px;-webkit-border-radius:10px;\">\r\n\r\n<section id=\"specialParagraph\"><p><strong>Geehrte Damen und Herren,<\/strong><\/p>  <p>Ich m\u00f6chte gerne eine Reservierung in Ihrem Hotel vornehmen und h\u00e4tte einen Zimmerwunsch, den ich gerne mit Ihnen besprechen w\u00fcrde. Ich plane, in der Zeit vom <b>10. Juli bis zum 15. Juli<\/b> zu reisen und w\u00fcrde gerne ein Doppelzimmer mit Meerblick buchen. Falls dies nicht verf\u00fcgbar ist, w\u00fcrde ich mich auch mit einem Doppelzimmer ohne besondere Aussicht zufriedengeben.<\/p>  <p><strong>1. Einleitung:<\/strong><\/p> <p>Bitte lassen Sie mich wissen, ob zu dem genannten Zeitraum ein Zimmer mit meinen gew\u00fcnschten Merkmalen verf\u00fcgbar ist. Sollte dies der Fall sein, w\u00fcrde ich gerne weitere Details und Informationen erhalten.<\/p>  <p><strong>2. Kontaktdaten:<\/strong><\/p> <dl> <dt>Name:<\/dt> <dd>Max Mustermann<\/dd> <dt>E-Mail-Adresse:<\/dt> <dd>max.mustermann@example.com<\/dd> <dt>Telefonnummer:<\/dt> <dd>+49 123456789<\/dd> <\/dl>  <p><strong>3. Zimmerwunsch:<\/strong><\/p> <p>Wie bereits erw\u00e4hnt, w\u00e4re es mir sehr wichtig, ein Doppelzimmer mit Meerblick zu bekommen. Ich plane, meinen Aufenthalt mit meiner Partnerin zu verbringen und m\u00f6chte ihr eine besondere \u00dcberraschung bereiten. Ein Meerblickzimmer w\u00e4re hierf\u00fcr perfekt geeignet.<\/p>  <p><strong>4. Alternativoption:<\/strong><\/p> <p>Sollte es kein Doppelzimmer mit Meerblick verf\u00fcgbar sein, w\u00e4re ich auch mit einem Doppelzimmer ohne besondere Aussicht zufrieden. Die Hauptsache ist, dass wir einen angenehmen und komfortablen Aufenthalt in Ihrem Hotel genie\u00dfen k\u00f6nnen.<\/p>  <p><strong>5. Zus\u00e4tzliche Anforderungen:<\/strong><\/p> <p>Des Weiteren w\u00fcrde ich gerne erfahren, ob es m\u00f6glich ist, ein Zimmer in den oberen Etagen zu erhalten, da wir gerne eine gute Aussicht genie\u00dfen w\u00fcrden. Au\u00dferdem w\u00e4re es f\u00fcr uns wichtig zu wissen, ob das Zimmer \u00fcber eine Klimaanlage verf\u00fcgt.<\/p>  <p><strong>6. Preis und Zahlungsinformationen:<\/strong><\/p> <p>Bitte lassen Sie mich auch wissen, welcher Preis f\u00fcr das gew\u00fcnschte Zimmer anfallen w\u00fcrde und welche Zahlungsmethoden akzeptiert werden. Gerne w\u00fcrde ich auch erfahren, ob eine Anzahlung erforderlich ist.<\/p>  <p><strong>7. Weitere Fragen:<\/strong><\/p> <p>Falls Sie weitere Informationen oder Fragen ben\u00f6tigen, stehe ich Ihnen gerne zur Verf\u00fcgung. Bitte lassen Sie mich wissen, wie wir den weiteren Buchungsprozess fortsetzen k\u00f6nnen.<\/p>  <p><strong>8. Schluss:<\/strong><\/p> <p>Ich bedanke mich im Voraus f\u00fcr Ihre Unterst\u00fctzung und freue mich auf Ihre R\u00fcckmeldung. Ich hoffe sehr, dass mein Zimmerwunsch erf\u00fcllt werden kann und dass wir einen angenehmen Aufenthalt in Ihrem Hotel genie\u00dfen k\u00f6nnen.<\/p>  <p>Mit freundlichen Gr\u00fc\u00dfen,<\/p>  <p>Max Mustermann<\/p><\/section><\/div><\/div>\r\n\r\n&nbsp;\r\n\r\n\r\n\r\n\r\n\r\n\r\n<p class=\"has-text-align-center\">Muster und Vorlage f\u00fcr <strong> Zimmerwunsch An Hotel Schreiben <\/strong> zur Anpassung und Erstellung  im <strong>WORD<\/strong>\u2013 und <strong>PDF-Format<\/strong><\/p>\r\n\r\n\r\n<button id=\"generatePDF\">Erstellen (PDF &#8211; WORD)<\/button>\r\n\r\n\r\n\r\n<hr class=\"wp-block-separator has-alpha-channel-opacity\" \/>\r\n\r\n\r\n\r\n<p style=\"text-align: center;\"><strong>Zimmerwunsch An Hotel Schreiben<\/strong><\/p>\r\n\r\n<div class=\"wp-block-columns is-layout-flex wp-container-core-columns-is-layout-9d6595d7 wp-block-columns-is-layout-flex\">\r\n\r\n\r\n<div class=\"wp-block-column is-layout-flow wp-block-column-is-layout-flow\"><div class=\"su-button-center\"><a href=\"https:\/\/www.business-angels.de\/wp-content\/uploads\/2019\/08\/Zimmerabrufformular-BANDINSEL-Camp.pdf\" class=\"su-button su-button-style-flat\" style=\"color:#FFFFFF;background-color:#144bb6;border-color:#103c92;border-radius:1px\" target=\"_self\"><span style=\"color:#FFFFFF;padding:0px 24px;font-size:18px;line-height:36px;border-color:#5b81cc;border-radius:1px;text-shadow:none\">   PDF <\/span><\/a><\/div>\n<\/div>\r\n\r\n\r\n\r\n<div class=\"wp-block-column is-layout-flow wp-block-column-is-layout-flow\"><div class=\"su-button-center\"><a href=\"https:\/\/www.business-angels.de\/wp-content\/uploads\/2019\/08\/Zimmerabrufformular-BANDINSEL-Camp.pdf\" class=\"su-button su-button-style-flat\" style=\"color:#FFFFFF;background-color:#144bb6;border-color:#103c92;border-radius:1px\" target=\"_self\"><span style=\"color:#FFFFFF;padding:0px 24px;font-size:18px;line-height:36px;border-color:#5b81cc;border-radius:1px;text-shadow:none\">   DOC<\/span><\/a><\/div>\n<\/div>\r\n\r\n\r\n<\/div>\r\n\r\n\r\n\r\n<p style=\"text-align: center;\"><strong>Beispiele<\/strong><\/p>\r\n\r\n<div class=\"wp-block-columns is-layout-flex wp-container-core-columns-is-layout-9d6595d7 wp-block-columns-is-layout-flex\">\r\n\r\n\r\n<div class=\"wp-block-column is-layout-flow wp-block-column-is-layout-flow\"><div class=\"su-button-center\"><a href=\"https:\/\/www.hotel-gruenberger.de\/pdf\/serviceleitfaden.pdf\" class=\"su-button su-button-style-flat\" style=\"color:#FFFFFF;background-color:#144bb6;border-color:#103c92;border-radius:1px\" target=\"_self\"><span style=\"color:#FFFFFF;padding:0px 24px;font-size:18px;line-height:36px;border-color:#5b81cc;border-radius:1px;text-shadow:none\">  Beispiel &#8211; 1 <\/span><\/a><\/div>\n<\/div>\r\n\r\n\r\n\r\n<div class=\"wp-block-column is-layout-flow wp-block-column-is-layout-flow\"><div class=\"su-button-center\"><a href=\"https:\/\/www.richsteins-posthotel.de\/de\/zimmer\/gaesteinformation.pdf\" class=\"su-button su-button-style-flat\" style=\"color:#FFFFFF;background-color:#144bb6;border-color:#103c92;border-radius:1px\" target=\"_self\"><span style=\"color:#FFFFFF;padding:0px 24px;font-size:18px;line-height:36px;border-color:#5b81cc;border-radius:1px;text-shadow:none\">  Beispiel &#8211; 2 <\/span><\/a><\/div>\n<\/div>\r\n\r\n\r\n<\/div>\r\n\r\n\r\n<hr class=\"wp-block-separator has-alpha-channel-opacity\" \/>\r\n\r\n\r\n\r\n<div class=\"wp-block-columns is-layout-flex wp-container-core-columns-is-layout-9d6595d7 wp-block-columns-is-layout-flex\">\r\n\r\n\r\n<div class=\"wp-block-column is-layout-flow wp-block-column-is-layout-flow\"><div class=\"su-button-center\"><a href=\"https:\/\/www.klett-sprachen.de\/downloads\/448\/Kapitel_5F26_3A_5FWas_5Fkann_5Fich_5Ff_FCr_5FSie_5Ftun_3F\/pdf\" class=\"su-button su-button-style-flat\" style=\"color:#FFFFFF;background-color:#144bb6;border-color:#103c92;border-radius:1px\" target=\"_self\"><span style=\"color:#FFFFFF;padding:0px 24px;font-size:18px;line-height:36px;border-color:#5b81cc;border-radius:1px;text-shadow:none\">  Beispiel &#8211; 3 <\/span><\/a><\/div>\n<\/div>\r\n\r\n\r\n\r\n<div class=\"wp-block-column is-layout-flow wp-block-column-is-layout-flow\"><div class=\"su-button-center\"><a href=\"https:\/\/www.business-angels.de\/wp-content\/uploads\/2019\/08\/Zimmerabrufformular-BANDINSEL-Camp.pdf\" class=\"su-button su-button-style-flat\" style=\"color:#FFFFFF;background-color:#144bb6;border-color:#103c92;border-radius:1px\" target=\"_self\"><span style=\"color:#FFFFFF;padding:0px 24px;font-size:18px;line-height:36px;border-color:#5b81cc;border-radius:1px;text-shadow:none\">  Beispiel &#8211; 4 <\/span><\/a><\/div>\n<\/div>\r\n\r\n\r\n<\/div>\r\n\r\n\r\n<hr class=\"wp-block-separator has-alpha-channel-opacity\" \/>\r\n\r\n<!-- \/wp:post-content -->\r\n\r\n<!-- wp:table {\"align\":\"center\"} -->\r\n<figure class=\"wp-block-table aligncenter\">\r\n<table>\r\n<tbody>\r\n<tr>\r\n<td style=\"text-align: center;\">Zimmerwunsch An Hotel Schreiben<\/td>\r\n<\/tr>\r\n<tr>\r\n<td style=\"text-align: center;\">PDF &#8211; WORD Datei<\/td>\r\n<\/tr>\r\n<tr>\r\n<td style=\"text-align: center;\">Bewertung: \u2b50\u2b50\u2b50\u2b50\u2b50 4.59<\/td>\r\n<\/tr>\r\n<tr>\r\n<td style=\"text-align: center;\">Ergebnisse &#8211; 6714<\/td>\r\n<\/tr>\r\n<\/tbody>\r\n<\/table>\r\n<\/figure>\r\n<!-- \/wp:table -->\r\n\r\n<!-- wp:separator -->\r\n\r\n<hr class=\"wp-block-separator has-alpha-channel-opacity\" \/>\r\n\r\n<!-- \/wp:separator -->\r\n\r\n<div class=\"su-note\"  style=\"border-color:#e5e5e5;border-radius:10px;-moz-border-radius:10px;-webkit-border-radius:10px;\"><div class=\"su-note-inner su-u-clearfix su-u-trim\" style=\"background-color:#FFFFFF;border-color:#ffffff;color:#333333;border-radius:10px;-moz-border-radius:10px;-webkit-border-radius:10px;\">\r\n\r\n<p>Ein Zimmerwunschbrief ist ein formeller Brief, den man an ein Hotel schreibt, um bestimmte Vorlieben, Anforderungen oder besondere Bed\u00fcrfnisse f\u00fcr den Aufenthalt auszudr\u00fccken. In diesem Leitfaden werden wir Tipps und Beispiele f\u00fcr die Verfassung eines Zimmerwunschbriefes geben, um sicherzustellen, dass ihr Aufenthalt im Hotel Ihren Erwartungen entspricht.<\/p>  <h3>Schritt 1: Adressieren Sie den Brief korrekt<\/h3>  <p>Der Brief sollte an den Manager oder die Rezeptionsleitung des Hotels gerichtet sein. Beachten Sie die korrekte Anrede, zum Beispiel &#8220;Sehr geehrter Herr\/Frau [Name des Managers]&#8221;. Falls der Name nicht bekannt ist, k\u00f6nnen Sie auch &#8220;Sehr geehrtes Hotelmanagement&#8221; verwenden. Vermeiden Sie informelle oder abgek\u00fcrzte Anreden wie &#8220;Hallo&#8221; oder &#8220;Liebes Hotelteam&#8221;.<\/p>  <h3>Schritt 2: Geben Sie Ihren Kontext an<\/h3>  <p>In der Einleitung des Briefes sollten Sie angeben, warum Sie schreiben und um welchen Zeitraum es sich handelt. Zum Beispiel:<\/p>  <blockquote> <p>Ich schreibe Ihnen im Zusammenhang mit meiner bevorstehenden Reservierung im [Hotelname] f\u00fcr den Zeitraum [Datum].<\/p> <\/blockquote>  <p>Dies stellt sicher, dass der Empf\u00e4nger den Zweck Ihres Briefes versteht und Ihre Anfrage in den richtigen Kontext setzen kann.<\/p>  <h3>Schritt 3: Geben Sie Ihre Raumpr\u00e4ferenzen an<\/h3>  <p>Nun ist es wichtig, Ihre spezifischen Raumpr\u00e4ferenzen mitzuteilen. Stellen Sie sicher, dass Sie klare und pr\u00e4zise Informationen geben. Zum Beispiel:<\/p>  <blockquote> <p>Ich w\u00fcrde gerne ein Nichtraucherzimmer in den oberen Stockwerken des Hotels haben, um den L\u00e4rm von der Stra\u00dfe zu minimieren.<\/p> <\/blockquote>  <p>Sie k\u00f6nnen auch zus\u00e4tzliche Angaben machen, wie zum Beispiel die Anzahl der ben\u00f6tigten Betten, den Wunsch nach einem Balkon oder einer besonderen Aussicht.<\/p>  <h3>Schritt 4: Geben Sie spezielle Anforderungen oder Bed\u00fcrfnisse an<\/h3>  <p>Wenn Sie spezielle Anforderungen oder Bed\u00fcrfnisse haben, wie zum Beispiel Allergien oder k\u00f6rperliche Einschr\u00e4nkungen, sollten Sie diese im Brief erw\u00e4hnen, damit das Hotel darauf eingehen kann. Zum Beispiel:<\/p>  <blockquote> <p>Bitte beachten Sie, dass ich an einer Glutenunvertr\u00e4glichkeit leide. Es w\u00e4re daher hilfreich, wenn Sie glutenfreie Optionen in Ihrem Fr\u00fchst\u00fccksservice anbieten k\u00f6nnten.<\/p> <\/blockquote>  <p>Das Hotel wird Ihnen dann entsprechende Informationen \u00fcber die M\u00f6glichkeiten geben oder Ihnen alternative Vorschl\u00e4ge unterbreiten.<\/p>  <h3>Schritt 5: Fragen Sie nach Best\u00e4tigung<\/h3>  <p>Am Ende des Briefes sollten Sie h\u00f6flich nach einer Best\u00e4tigung Ihrer Anfrage fragen und angeben, wie Sie bevorzugt kontaktiert werden m\u00f6chten. Zum Beispiel:<\/p>  <blockquote> <p>Ich w\u00fcrde mich freuen, wenn Sie meine Anfragen ber\u00fccksichtigen k\u00f6nnten. Bitte best\u00e4tigen Sie diese per E-Mail an [Ihre E-Mail-Adresse] oder telefonisch unter [Ihre Telefonnummer].<\/p> <\/blockquote>  <p>Indem Sie nach einer Best\u00e4tigung fragen, stellen Sie sicher, dass Ihre Anfrage aufgenommen wurde und dass Sie die M\u00f6glichkeit haben, bei Bedarf R\u00fcckfragen zu stellen.<\/p>  <h3>Schritt 6: Schlie\u00dfen Sie den Brief h\u00f6flich ab<\/h3>  <p>Beenden Sie den Brief mit einer h\u00f6flichen Abschlussformel wie &#8220;Mit freundlichen Gr\u00fc\u00dfen&#8221; oder &#8220;Hochachtungsvoll&#8221;, gefolgt von Ihrem Namen und gegebenenfalls Ihrer Kontaktnummer oder E-Mail-Adresse.<\/p>  <h3>Beispiel-Zimmerwunschbrief an ein Hotel<\/h3>  <blockquote> <p>Sehr geehrter Herr\/Frau [Name des Managers],<\/p> <p>Ich schreibe Ihnen im Zusammenhang mit meiner bevorstehenden Reservierung im [Hotelname] f\u00fcr den Zeitraum [Datum].<\/p> <p>Ich w\u00fcrde gerne ein Nichtraucherzimmer in den oberen Stockwerken des Hotels haben, um den L\u00e4rm von der Stra\u00dfe zu minimieren. Zus\u00e4tzlich w\u00e4re ein Balkon mit Aussicht auf das Meer w\u00fcnschenswert.<\/p> <p>Bitte beachten Sie, dass ich an einer Glutenunvertr\u00e4glichkeit leide. Es w\u00e4re daher hilfreich, wenn Sie glutenfreie Optionen in Ihrem Fr\u00fchst\u00fccksservice anbieten k\u00f6nnten.<\/p> <p>Ich w\u00fcrde mich freuen, wenn Sie meine Anfragen ber\u00fccksichtigen k\u00f6nnten. Bitte best\u00e4tigen Sie diese per E-Mail an [Ihre E-Mail-Adresse] oder telefonisch unter [Ihre Telefonnummer].<\/p> <p>Mit freundlichen Gr\u00fc\u00dfen,<\/p> [Ihr Name] <\/blockquote>  <p>Beachten Sie, dass dies nur ein Beispiel ist und Sie den Brief an Ihre spezifischen Bed\u00fcrfnisse und Vorlieben anpassen sollten.<\/p>  <p>Mit diesen Schritten und Beispielen sollten Sie in der Lage sein, einen effektiven Zimmerwunschbrief zu verfassen, der Ihre Anforderungen klar und pr\u00e4zise \u00fcbermittelt. Denken Sie daran, h\u00f6flich und respektvoll zu bleiben und geben Sie dem Hotel ausreichend Zeit, um auf Ihre Anfrage zu reagieren.<\/p>\r\n\r\n<\/div><\/div>\r\n\r\n<!-- wp:separator -->\r\n\r\n<hr class=\"wp-block-separator has-alpha-channel-opacity\" \/>","protected":false},"excerpt":{"rendered":"<p>Muster und Vorlage f\u00fcr Zimmerwunsch An Hotel Schreiben &#8211; Erstellung und Ausf\u00fcllen &#8211; \u00d6ffnen im PDF WORD Datei und Online &#8230; <\/p>\n<p class=\"read-more-container\"><a title=\"\u00d6ffnen &#8211; Zimmerwunsch An Hotel Schreiben\" class=\"read-more button\" href=\"https:\/\/schreibenpro.com\/de\/zimmerwunsch-an-hotel-schreiben-offnen\/#more-668\" aria-label=\"Mehr zu \u00d6ffnen &#8211; Zimmerwunsch An Hotel Schreiben\">\u00d6FFNEN <\/a><\/p>\n","protected":false},"author":1,"featured_media":0,"parent":0,"menu_order":0,"comment_status":"closed","ping_status":"closed","template":"","meta":{"footnotes":""},"class_list":{"0":"post-668","1":"page","2":"type-page","3":"status-publish","5":"infinite-scroll-item"},"yoast_head":"<!-- This site is optimized with the Yoast SEO plugin v24.6 - https:\/\/yoast.com\/wordpress\/plugins\/seo\/ -->\n<title>\u00d6ffnen - Zimmerwunsch An Hotel Schreiben - Schreiben PRO<\/title>\n<meta name=\"robots\" content=\"noindex, follow\" \/>\n<meta property=\"og:locale\" content=\"de_DE\" \/>\n<meta property=\"og:type\" content=\"article\" \/>\n<meta property=\"og:title\" content=\"\u00d6ffnen - Zimmerwunsch An Hotel Schreiben - Schreiben PRO\" \/>\n<meta property=\"og:description\" content=\"Muster und Vorlage f\u00fcr Zimmerwunsch An Hotel Schreiben &#8211; Erstellung und Ausf\u00fcllen &#8211; \u00d6ffnen im PDF WORD Datei und Online ... \u00d6FFNEN\" \/>\n<meta property=\"og:url\" content=\"https:\/\/schreibenpro.com\/de\/zimmerwunsch-an-hotel-schreiben-offnen\/\" \/>\n<meta property=\"og:site_name\" content=\"Schreiben PRO\" \/>\n<meta property=\"og:image\" content=\"https:\/\/schreibenpro.com\/de\/wp-content\/uploads\/zimmerwunsch-an-hotel-schreiben-muster-vorlage.jpg\" \/>\n<meta name=\"twitter:card\" content=\"summary_large_image\" \/>\n<meta name=\"twitter:label1\" content=\"Gesch\u00e4tzte Lesezeit\" \/>\n\t<meta name=\"twitter:data1\" content=\"1\u00a0Minute\" \/>\n<!-- \/ Yoast SEO plugin. -->","yoast_head_json":{"title":"\u00d6ffnen - Zimmerwunsch An Hotel Schreiben - Schreiben PRO","robots":{"index":"noindex","follow":"follow"},"og_locale":"de_DE","og_type":"article","og_title":"\u00d6ffnen - Zimmerwunsch An Hotel Schreiben - Schreiben PRO","og_description":"Muster und Vorlage f\u00fcr Zimmerwunsch An Hotel Schreiben &#8211; Erstellung und Ausf\u00fcllen &#8211; \u00d6ffnen im PDF WORD Datei und Online ... \u00d6FFNEN","og_url":"https:\/\/schreibenpro.com\/de\/zimmerwunsch-an-hotel-schreiben-offnen\/","og_site_name":"Schreiben PRO","og_image":[{"url":"https:\/\/schreibenpro.com\/de\/wp-content\/uploads\/zimmerwunsch-an-hotel-schreiben-muster-vorlage.jpg","type":"","width":"","height":""}],"twitter_card":"summary_large_image","twitter_misc":{"Gesch\u00e4tzte Lesezeit":"1\u00a0Minute"},"schema":{"@context":"https:\/\/schema.org","@graph":[{"@type":"WebPage","@id":"https:\/\/schreibenpro.com\/de\/zimmerwunsch-an-hotel-schreiben-offnen\/","url":"https:\/\/schreibenpro.com\/de\/zimmerwunsch-an-hotel-schreiben-offnen\/","name":"\u00d6ffnen - Zimmerwunsch An Hotel Schreiben - Schreiben PRO","isPartOf":{"@id":"https:\/\/schreibenpro.com\/de\/#website"},"primaryImageOfPage":{"@id":"https:\/\/schreibenpro.com\/de\/zimmerwunsch-an-hotel-schreiben-offnen\/#primaryimage"},"image":{"@id":"https:\/\/schreibenpro.com\/de\/zimmerwunsch-an-hotel-schreiben-offnen\/#primaryimage"},"thumbnailUrl":"https:\/\/schreibenpro.com\/de\/wp-content\/uploads\/zimmerwunsch-an-hotel-schreiben-muster-vorlage.jpg","datePublished":"2023-12-18T08:25:26+00:00","breadcrumb":{"@id":"https:\/\/schreibenpro.com\/de\/zimmerwunsch-an-hotel-schreiben-offnen\/#breadcrumb"},"inLanguage":"de","potentialAction":[{"@type":"ReadAction","target":["https:\/\/schreibenpro.com\/de\/zimmerwunsch-an-hotel-schreiben-offnen\/"]}]},{"@type":"ImageObject","inLanguage":"de","@id":"https:\/\/schreibenpro.com\/de\/zimmerwunsch-an-hotel-schreiben-offnen\/#primaryimage","url":"https:\/\/schreibenpro.com\/de\/wp-content\/uploads\/anschreiben-zum-angebot-muster-vorlage.jpg","contentUrl":"https:\/\/schreibenpro.com\/de\/wp-content\/uploads\/anschreiben-zum-angebot-muster-vorlage.jpg","width":1410,"height":2250},{"@type":"BreadcrumbList","@id":"https:\/\/schreibenpro.com\/de\/zimmerwunsch-an-hotel-schreiben-offnen\/#breadcrumb","itemListElement":[{"@type":"ListItem","position":1,"name":"Portada","item":"https:\/\/schreibenpro.com\/de\/"},{"@type":"ListItem","position":2,"name":"\u00d6ffnen &#8211; Zimmerwunsch An Hotel Schreiben"}]},{"@type":"WebSite","@id":"https:\/\/schreibenpro.com\/de\/#website","url":"https:\/\/schreibenpro.com\/de\/","name":"Schreiben PRO","description":"Muster und Vorlage","publisher":{"@id":"https:\/\/schreibenpro.com\/de\/#organization"},"potentialAction":[{"@type":"SearchAction","target":{"@type":"EntryPoint","urlTemplate":"https:\/\/schreibenpro.com\/de\/?s={search_term_string}"},"query-input":{"@type":"PropertyValueSpecification","valueRequired":true,"valueName":"search_term_string"}}],"inLanguage":"de"},{"@type":"Organization","@id":"https:\/\/schreibenpro.com\/de\/#organization","name":"Schreiben PRO","url":"https:\/\/schreibenpro.com\/de\/","logo":{"@type":"ImageObject","inLanguage":"de","@id":"https:\/\/schreibenpro.com\/de\/#\/schema\/logo\/image\/","url":"https:\/\/schreibenpro.com\/de\/wp-content\/uploads\/cropped-fav.png","contentUrl":"https:\/\/schreibenpro.com\/de\/wp-content\/uploads\/cropped-fav.png","width":512,"height":512,"caption":"Schreiben PRO"},"image":{"@id":"https:\/\/schreibenpro.com\/de\/#\/schema\/logo\/image\/"}}]}},"_links":{"self":[{"href":"https:\/\/schreibenpro.com\/de\/wp-json\/wp\/v2\/pages\/668","targetHints":{"allow":["GET"]}}],"collection":[{"href":"https:\/\/schreibenpro.com\/de\/wp-json\/wp\/v2\/pages"}],"about":[{"href":"https:\/\/schreibenpro.com\/de\/wp-json\/wp\/v2\/types\/page"}],"author":[{"embeddable":true,"href":"https:\/\/schreibenpro.com\/de\/wp-json\/wp\/v2\/users\/1"}],"replies":[{"embeddable":true,"href":"https:\/\/schreibenpro.com\/de\/wp-json\/wp\/v2\/comments?post=668"}],"version-history":[{"count":0,"href":"https:\/\/schreibenpro.com\/de\/wp-json\/wp\/v2\/pages\/668\/revisions"}],"wp:attachment":[{"href":"https:\/\/schreibenpro.com\/de\/wp-json\/wp\/v2\/media?parent=668"}],"curies":[{"name":"wp","href":"https:\/\/api.w.org\/{rel}","templated":true}]}}