{"id":669,"date":"2023-12-18T08:25:27","date_gmt":"2023-12-18T08:25:27","guid":{"rendered":"https:\/\/schreibenpro.com\/de\/ruckerstattung-schreiben-krankenkasse-offnen\/"},"modified":"2023-12-18T08:25:27","modified_gmt":"2023-12-18T08:25:27","slug":"ruckerstattung-schreiben-krankenkasse-offnen","status":"publish","type":"page","link":"https:\/\/schreibenpro.com\/de\/ruckerstattung-schreiben-krankenkasse-offnen\/","title":{"rendered":"\u00d6ffnen &#8211; R\u00fcckerstattung Schreiben Krankenkasse"},"content":{"rendered":"\r\n<p class=\"has-text-align-center\">Muster und Vorlage f\u00fcr <strong> R\u00fcckerstattung Schreiben Krankenkasse<\/strong> &#8211; Ausf\u00fcllen und Erstellung  &#8211; \u00d6ffnen im <strong>WORD PDF<\/strong> Datei und Online<\/p>\r\n\r\n\r\n\r\n\r\n<div class=\"wp-block-image\">\r\n<figure class=\"aligncenter size-large is-resized\"><img loading=\"lazy\" decoding=\"async\" class=\"wp-image-215\" src=\"https:\/\/schreibenpro.com\/de\/wp-content\/uploads\/ruckerstattung-schreiben-krankenkasse-muster-vorlage.jpg\" alt=\"\" width=\"245\" height=\"391\" \/><\/figure>\r\n<\/div>\r\n\r\n\r\n\r\n<hr class=\"wp-block-separator has-alpha-channel-opacity\" \/>\r\n\r\n\r\n\r\n\r\n\r\n<div class=\"su-note\"  style=\"border-color:#e5e5e5;border-radius:10px;-moz-border-radius:10px;-webkit-border-radius:10px;\"><div class=\"su-note-inner su-u-clearfix su-u-trim\" style=\"background-color:#FFFFFF;border-color:#ffffff;color:#333333;border-radius:10px;-moz-border-radius:10px;-webkit-border-radius:10px;\">\r\n\r\n<section id=\"specialParagraph\"><p>Sehr geehrte Damen und Herren,<\/p>  <p>hiermit m\u00f6chte ich eine R\u00fcckerstattung meiner Krankenkassenbeitr\u00e4ge beantragen. Ich habe bemerkt, dass ich versehentlich einen zu hohen Beitrag gezahlt habe und bitte Sie daher um \u00dcberpr\u00fcfung und R\u00fcckzahlung des \u00fcbersch\u00fcssigen Betrags. Im Folgenden finden Sie eine detaillierte Aufschl\u00fcsselung meiner Zahlungen:<\/p>  <dl> <dt>Zahlungszeitraum:<\/dt> <dd>Januar 2021 &#8211; Dezember 2021<\/dd> <dt>Gesamtbetrag:<\/dt> <dd>XXXX Euro<\/dd> <\/dl>  <p>Es ergibt sich daher eine \u00dcberzahlung in H\u00f6he von XXXX Euro. Ich bitte Sie darum, diesen Betrag auf mein unten angegebenes Bankkonto zur\u00fcckzuerstatten:<\/p>  <dl> <dt>Bankverbindung:<\/dt> <dd>Kontoinhaber: [Ihr Name]<\/dd> <dd>Kontonummer: [Ihre Kontonummer]<\/dd> <dd>Bankname: [Name Ihrer Bank]<\/dd> <dd>IBAN: [Ihre IBAN]<\/dd> <dd>BIC: [Ihre BIC]<\/dd> <\/dl>  <p>Des Weiteren bitte ich um eine schriftliche Best\u00e4tigung \u00fcber die R\u00fcckerstattung sowie die Angabe des Zeitraums, in dem die R\u00fcckzahlung erfolgen wird. Ich bedanke mich im Voraus f\u00fcr Ihre Unterst\u00fctzung und stehe f\u00fcr weitere Informationen zur Verf\u00fcgung.<\/p>  <p>Mit freundlichen Gr\u00fc\u00dfen<\/p>  [Ihr Name]<\/section><\/div><\/div>\r\n\r\n&nbsp;\r\n\r\n\r\n\r\n\r\n\r\n\r\n<p class=\"has-text-align-center\">Vorlage und Muster f\u00fcr <strong> R\u00fcckerstattung Schreiben Krankenkasse <\/strong> zur Anpassung und Erstellung  im <strong>WORD<\/strong>\u2013 und <strong>PDF-Format<\/strong><\/p>\r\n\r\n\r\n<button id=\"generatePDF\">Erstellen (PDF &#8211; WORD)<\/button>\r\n\r\n\r\n\r\n<hr class=\"wp-block-separator has-alpha-channel-opacity\" \/>\r\n\r\n\r\n\r\n<p style=\"text-align: center;\"><strong>R\u00fcckerstattung Schreiben Krankenkasse<\/strong><\/p>\r\n\r\n<div class=\"wp-block-columns is-layout-flex wp-container-core-columns-is-layout-9d6595d7 wp-block-columns-is-layout-flex\">\r\n\r\n\r\n<div class=\"wp-block-column is-layout-flow wp-block-column-is-layout-flow\"><div class=\"su-button-center\"><a href=\"https:\/\/root.die-wirtschaftsexperten.de\/upload\/mediapool\/musterbrief-rechnungen-einreichen-krankenversicherung.pdf\" class=\"su-button su-button-style-flat\" style=\"color:#FFFFFF;background-color:#144bb6;border-color:#103c92;border-radius:1px\" target=\"_self\"><span style=\"color:#FFFFFF;padding:0px 24px;font-size:18px;line-height:36px;border-color:#5b81cc;border-radius:1px;text-shadow:none\">   PDF <\/span><\/a><\/div>\n<\/div>\r\n\r\n\r\n\r\n<div class=\"wp-block-column is-layout-flow wp-block-column-is-layout-flow\"><div class=\"su-button-center\"><a href=\"https:\/\/medicalofficeberlin.de\/wp-content\/uploads\/2020\/12\/Musterschreiben_Kostenerstattung.docx\" class=\"su-button su-button-style-flat\" style=\"color:#FFFFFF;background-color:#144bb6;border-color:#103c92;border-radius:1px\" target=\"_self\"><span style=\"color:#FFFFFF;padding:0px 24px;font-size:18px;line-height:36px;border-color:#5b81cc;border-radius:1px;text-shadow:none\">   DOC<\/span><\/a><\/div>\n<\/div>\r\n\r\n\r\n<\/div>\r\n\r\n\r\n\r\n<p style=\"text-align: center;\"><strong>Beispiele<\/strong><\/p>\r\n\r\n<div class=\"wp-block-columns is-layout-flex wp-container-core-columns-is-layout-9d6595d7 wp-block-columns-is-layout-flex\">\r\n\r\n\r\n<div class=\"wp-block-column is-layout-flow wp-block-column-is-layout-flow\"><div class=\"su-button-center\"><a href=\"https:\/\/root.die-wirtschaftsexperten.de\/upload\/mediapool\/musterbrief-rechnungen-einreichen-krankenversicherung.pdf\" class=\"su-button su-button-style-flat\" style=\"color:#FFFFFF;background-color:#144bb6;border-color:#103c92;border-radius:1px\" target=\"_self\"><span style=\"color:#FFFFFF;padding:0px 24px;font-size:18px;line-height:36px;border-color:#5b81cc;border-radius:1px;text-shadow:none\">  Beispiel &#8211; 1 <\/span><\/a><\/div>\n<\/div>\r\n\r\n\r\n\r\n<div class=\"wp-block-column is-layout-flow wp-block-column-is-layout-flow\"><div class=\"su-button-center\"><a href=\"https:\/\/rechtecheck.de\/vorlagen\/musterbriefe\/musterbrief-kostenuebernahme-praevention.pdf\" class=\"su-button su-button-style-flat\" style=\"color:#FFFFFF;background-color:#144bb6;border-color:#103c92;border-radius:1px\" target=\"_self\"><span style=\"color:#FFFFFF;padding:0px 24px;font-size:18px;line-height:36px;border-color:#5b81cc;border-radius:1px;text-shadow:none\">  Beispiel &#8211; 2 <\/span><\/a><\/div>\n<\/div>\r\n\r\n\r\n<\/div>\r\n\r\n\r\n<hr class=\"wp-block-separator has-alpha-channel-opacity\" \/>\r\n\r\n\r\n\r\n<div class=\"wp-block-columns is-layout-flex wp-container-core-columns-is-layout-9d6595d7 wp-block-columns-is-layout-flex\">\r\n\r\n\r\n<div class=\"wp-block-column is-layout-flow wp-block-column-is-layout-flow\"><div class=\"su-button-center\"><a href=\"https:\/\/www.rawenzel.de\/files\/rawenzel.de\/dokumente\/downloads\/mustervorlage-kostenuebernahmeantrag.pdf\" class=\"su-button su-button-style-flat\" style=\"color:#FFFFFF;background-color:#144bb6;border-color:#103c92;border-radius:1px\" target=\"_self\"><span style=\"color:#FFFFFF;padding:0px 24px;font-size:18px;line-height:36px;border-color:#5b81cc;border-radius:1px;text-shadow:none\">  Beispiel &#8211; 3 <\/span><\/a><\/div>\n<\/div>\r\n\r\n\r\n\r\n<div class=\"wp-block-column is-layout-flow wp-block-column-is-layout-flow\"><div class=\"su-button-center\"><a href=\"https:\/\/root.die-wirtschaftsexperten.de\/upload\/mediapool\/musterbrief-rechnungen-einreichen-krankenversicherung.pdf\" class=\"su-button su-button-style-flat\" style=\"color:#FFFFFF;background-color:#144bb6;border-color:#103c92;border-radius:1px\" target=\"_self\"><span style=\"color:#FFFFFF;padding:0px 24px;font-size:18px;line-height:36px;border-color:#5b81cc;border-radius:1px;text-shadow:none\">  Beispiel &#8211; 4 <\/span><\/a><\/div>\n<\/div>\r\n\r\n\r\n<\/div>\r\n\r\n\r\n<hr class=\"wp-block-separator has-alpha-channel-opacity\" \/>\r\n\r\n<!-- \/wp:post-content -->\r\n\r\n<!-- wp:table {\"align\":\"center\"} -->\r\n<figure class=\"wp-block-table aligncenter\">\r\n<table>\r\n<tbody>\r\n<tr>\r\n<td style=\"text-align: center;\">R\u00fcckerstattung Schreiben Krankenkasse<\/td>\r\n<\/tr>\r\n<tr>\r\n<td style=\"text-align: center;\">PDF &#8211; WORD Datei<\/td>\r\n<\/tr>\r\n<tr>\r\n<td style=\"text-align: center;\">Bewertung: \u2b50\u2b50\u2b50\u2b50\u2b50 4.46<\/td>\r\n<\/tr>\r\n<tr>\r\n<td style=\"text-align: center;\">Ergebnisse &#8211; 3665<\/td>\r\n<\/tr>\r\n<\/tbody>\r\n<\/table>\r\n<\/figure>\r\n<!-- \/wp:table -->\r\n\r\n<!-- wp:separator -->\r\n\r\n<hr class=\"wp-block-separator has-alpha-channel-opacity\" \/>\r\n\r\n<!-- \/wp:separator -->\r\n\r\n<div class=\"su-note\"  style=\"border-color:#e5e5e5;border-radius:10px;-moz-border-radius:10px;-webkit-border-radius:10px;\"><div class=\"su-note-inner su-u-clearfix su-u-trim\" style=\"background-color:#FFFFFF;border-color:#ffffff;color:#333333;border-radius:10px;-moz-border-radius:10px;-webkit-border-radius:10px;\">\r\n\r\n<p>Ein R\u00fcckerstattungsschreiben an die Krankenkasse ist ein formeller Brief, den Sie verfassen, um eine R\u00fcckerstattung f\u00fcr medizinische Ausgaben oder Behandlungen zu beantragen, die Sie bereits bezahlt haben. Es ist wichtig, dass Sie Ihren Anspruch klar und pr\u00e4zise darlegen, damit Ihre Anfrage schnell und effektiv bearbeitet werden kann.<\/p>  <h3>Schritt 1: Die Einleitung<\/h3>  <p>In der Einleitung sollten Sie den Zweck Ihres Briefes erkl\u00e4ren und den Empf\u00e4nger ansprechen. Verwenden Sie den korrekten Namen der Krankenkasse und eine formelle Anrede wie &#8220;Sehr geehrte Damen und Herren&#8221;. Sagen Sie auch, warum Sie sich an die Krankenkasse wenden und was Sie beantragen.<\/p>  <p><strong>Beispiel:<\/strong><\/p>  <blockquote> <p>Sehr geehrte Damen und Herren,<\/p>  <p>ich schreibe Ihnen, um eine R\u00fcckerstattung f\u00fcr meine k\u00fcrzlich get\u00e4tigten medizinischen Ausgaben zu beantragen. Ich bin bei Ihrer Krankenkasse versichert und m\u00f6chte Sie bitten, den angeh\u00e4ngten Nachweis meiner Ausgaben zu pr\u00fcfen und mir die entsprechende R\u00fcckerstattung zukommen zu lassen.<\/p> <\/blockquote>  <h3>Schritt 2: Der Hauptteil<\/h3>  <p>Im Hauptteil des Briefes sollten Sie Ihre medizinischen Ausgaben im Detail auflisten und jeden Betrag mit entsprechenden Belegen oder Rechnungen untermauern. Geben Sie auch das genaue Datum der Ausgaben an. Sie k\u00f6nnen auch zus\u00e4tzliche Informationen wie Ihre Versicherungsnummer oder andere relevante pers\u00f6nliche Informationen angeben.<\/p>  <p><strong>Beispiel:<\/strong><\/p>  <blockquote> <p>Im Folgenden finden Sie eine detaillierte Liste meiner medizinischen Ausgaben:<\/p>  <dl> <dt>Datum: 01.05.2022<\/dt> <dd>Arztbesuch bei Dr. M\u00fcller &#8211; 50\u20ac<\/dd>  <dt>Datum: 10.05.2022<\/dt> <dd>Zahnbehandlung bei Dr. Schmidt &#8211; 150\u20ac<\/dd>  <dt>Datum: 20.05.2022<\/dt> <dd>Medikamente aus der Apotheke &#8211; 30\u20ac<\/dd> <\/dl>  <p>Anbei finden Sie auch Kopien der entsprechenden Rechnungen und Belege zu den genannten Ausgaben.<\/p> <\/blockquote>  <h3>Schritt 3: Der Schluss<\/h3>  <p>Im Schlussteil des Briefes sollten Sie Ihre R\u00fcckerstattung wiederholt beantragen und h\u00f6flich um eine baldige \u00dcberpr\u00fcfung und Bearbeitung Ihres Antrags bitten. Geben Sie auch Ihre Kontaktdaten an, damit die Krankenkasse Sie bei R\u00fcckfragen erreichen kann.<\/p>  <p><strong>Beispiel:<\/strong><\/p>  <blockquote> <p>Bitte pr\u00fcfen Sie meine R\u00fcckerstattungsanfrage so schnell wie m\u00f6glich. Sollten Sie weitere Informationen ben\u00f6tigen, stehe ich Ihnen gerne zur Verf\u00fcgung. Sie k\u00f6nnen mich telefonisch unter der Nummer XXX-XXXXXX oder per E-Mail unter example@email.com erreichen.<\/p>  <p>Vielen Dank im Voraus f\u00fcr Ihre Unterst\u00fctzung.<\/p>  <p>Mit freundlichen Gr\u00fc\u00dfen,<\/p> <p>Ihr Name<\/p> <\/blockquote>  <h3>Wichtige \u00dcberlegungen zur formalen Gestaltung und zum Aufbau eines effektiven Briefes<\/h3>  <p>Bei der formalen Gestaltung eines R\u00fcckerstattungsschreibens sollten Sie darauf achten, dass Sie einen professionellen Ton verwenden und korrekte Grammatik und Rechtschreibung einhalten. Vermeiden Sie umgangssprachliche Ausdr\u00fccke und halten Sie den Brief klar und pr\u00e4zise.<\/p>  <p>Ein effektiver Brief zur R\u00fcckerstattung an die Krankenkasse sollte folgende Punkte beachten:<\/p>  <ol> <li>Seien Sie h\u00f6flich und respektvoll gegen\u00fcber dem Empf\u00e4nger.<\/li> <li>Geben Sie klare Informationen \u00fcber Ihre medizinischen Ausgaben und f\u00fcgen Sie entsprechende Belege hinzu.<\/li> <li>Nennen Sie das genaue Datum der Ausgaben.<\/li> <li>Wiederholen Sie h\u00f6flich Ihre R\u00fcckerstattungsanfrage.<\/li> <li>Geben Sie Ihre Kontaktdaten an, damit die Krankenkasse Sie bei R\u00fcckfragen erreichen kann.<\/li> <li>Schlie\u00dfen Sie den Brief mit einer h\u00f6flichen Gru\u00dfformel ab.<\/li> <\/ol>  <p>Indem Sie diese Punkte ber\u00fccksichtigen und Ihren Brief klar und pr\u00e4zise verfassen, erh\u00f6hen Sie die Chancen auf eine erfolgreiche R\u00fcckerstattung Ihrer medizinischen Ausgaben.<\/p>\r\n\r\n<\/div><\/div>\r\n\r\n<!-- wp:separator -->\r\n\r\n<hr class=\"wp-block-separator has-alpha-channel-opacity\" \/>","protected":false},"excerpt":{"rendered":"<p>Muster und Vorlage f\u00fcr R\u00fcckerstattung Schreiben Krankenkasse &#8211; Ausf\u00fcllen und Erstellung &#8211; \u00d6ffnen im WORD PDF Datei und Online &nbsp; &#8230; <\/p>\n<p class=\"read-more-container\"><a title=\"\u00d6ffnen &#8211; R\u00fcckerstattung Schreiben Krankenkasse\" class=\"read-more button\" href=\"https:\/\/schreibenpro.com\/de\/ruckerstattung-schreiben-krankenkasse-offnen\/#more-669\" aria-label=\"Mehr zu \u00d6ffnen &#8211; R\u00fcckerstattung Schreiben Krankenkasse\">\u00d6FFNEN <\/a><\/p>\n","protected":false},"author":1,"featured_media":0,"parent":0,"menu_order":0,"comment_status":"closed","ping_status":"closed","template":"","meta":{"footnotes":""},"class_list":{"0":"post-669","1":"page","2":"type-page","3":"status-publish","5":"infinite-scroll-item"},"yoast_head":"<!-- This site is optimized with the Yoast SEO plugin v24.6 - https:\/\/yoast.com\/wordpress\/plugins\/seo\/ -->\n<title>\u00d6ffnen - R\u00fcckerstattung Schreiben Krankenkasse - Schreiben PRO<\/title>\n<meta name=\"robots\" content=\"noindex, follow\" \/>\n<meta property=\"og:locale\" content=\"de_DE\" \/>\n<meta property=\"og:type\" content=\"article\" \/>\n<meta property=\"og:title\" content=\"\u00d6ffnen - R\u00fcckerstattung Schreiben Krankenkasse - Schreiben PRO\" \/>\n<meta property=\"og:description\" content=\"Muster und Vorlage f\u00fcr R\u00fcckerstattung Schreiben Krankenkasse &#8211; Ausf\u00fcllen und Erstellung &#8211; \u00d6ffnen im WORD PDF Datei und Online &nbsp; ... \u00d6FFNEN\" \/>\n<meta property=\"og:url\" content=\"https:\/\/schreibenpro.com\/de\/ruckerstattung-schreiben-krankenkasse-offnen\/\" \/>\n<meta property=\"og:site_name\" content=\"Schreiben PRO\" \/>\n<meta property=\"og:image\" content=\"https:\/\/schreibenpro.com\/de\/wp-content\/uploads\/ruckerstattung-schreiben-krankenkasse-muster-vorlage.jpg\" \/>\n<meta name=\"twitter:card\" content=\"summary_large_image\" \/>\n<meta name=\"twitter:label1\" content=\"Gesch\u00e4tzte Lesezeit\" \/>\n\t<meta name=\"twitter:data1\" content=\"1\u00a0Minute\" \/>\n<!-- \/ Yoast SEO plugin. -->","yoast_head_json":{"title":"\u00d6ffnen - R\u00fcckerstattung Schreiben Krankenkasse - Schreiben PRO","robots":{"index":"noindex","follow":"follow"},"og_locale":"de_DE","og_type":"article","og_title":"\u00d6ffnen - R\u00fcckerstattung Schreiben Krankenkasse - Schreiben PRO","og_description":"Muster und Vorlage f\u00fcr R\u00fcckerstattung Schreiben Krankenkasse &#8211; Ausf\u00fcllen und Erstellung &#8211; \u00d6ffnen im WORD PDF Datei und Online &nbsp; ... \u00d6FFNEN","og_url":"https:\/\/schreibenpro.com\/de\/ruckerstattung-schreiben-krankenkasse-offnen\/","og_site_name":"Schreiben PRO","og_image":[{"url":"https:\/\/schreibenpro.com\/de\/wp-content\/uploads\/ruckerstattung-schreiben-krankenkasse-muster-vorlage.jpg","type":"","width":"","height":""}],"twitter_card":"summary_large_image","twitter_misc":{"Gesch\u00e4tzte Lesezeit":"1\u00a0Minute"},"schema":{"@context":"https:\/\/schema.org","@graph":[{"@type":"WebPage","@id":"https:\/\/schreibenpro.com\/de\/ruckerstattung-schreiben-krankenkasse-offnen\/","url":"https:\/\/schreibenpro.com\/de\/ruckerstattung-schreiben-krankenkasse-offnen\/","name":"\u00d6ffnen - R\u00fcckerstattung Schreiben Krankenkasse - Schreiben PRO","isPartOf":{"@id":"https:\/\/schreibenpro.com\/de\/#website"},"primaryImageOfPage":{"@id":"https:\/\/schreibenpro.com\/de\/ruckerstattung-schreiben-krankenkasse-offnen\/#primaryimage"},"image":{"@id":"https:\/\/schreibenpro.com\/de\/ruckerstattung-schreiben-krankenkasse-offnen\/#primaryimage"},"thumbnailUrl":"https:\/\/schreibenpro.com\/de\/wp-content\/uploads\/ruckerstattung-schreiben-krankenkasse-muster-vorlage.jpg","datePublished":"2023-12-18T08:25:27+00:00","breadcrumb":{"@id":"https:\/\/schreibenpro.com\/de\/ruckerstattung-schreiben-krankenkasse-offnen\/#breadcrumb"},"inLanguage":"de","potentialAction":[{"@type":"ReadAction","target":["https:\/\/schreibenpro.com\/de\/ruckerstattung-schreiben-krankenkasse-offnen\/"]}]},{"@type":"ImageObject","inLanguage":"de","@id":"https:\/\/schreibenpro.com\/de\/ruckerstattung-schreiben-krankenkasse-offnen\/#primaryimage","url":"https:\/\/schreibenpro.com\/de\/wp-content\/uploads\/anschreiben-zum-angebot-muster-vorlage.jpg","contentUrl":"https:\/\/schreibenpro.com\/de\/wp-content\/uploads\/anschreiben-zum-angebot-muster-vorlage.jpg","width":1410,"height":2250},{"@type":"BreadcrumbList","@id":"https:\/\/schreibenpro.com\/de\/ruckerstattung-schreiben-krankenkasse-offnen\/#breadcrumb","itemListElement":[{"@type":"ListItem","position":1,"name":"Portada","item":"https:\/\/schreibenpro.com\/de\/"},{"@type":"ListItem","position":2,"name":"\u00d6ffnen &#8211; R\u00fcckerstattung Schreiben Krankenkasse"}]},{"@type":"WebSite","@id":"https:\/\/schreibenpro.com\/de\/#website","url":"https:\/\/schreibenpro.com\/de\/","name":"Schreiben PRO","description":"Muster und Vorlage","publisher":{"@id":"https:\/\/schreibenpro.com\/de\/#organization"},"potentialAction":[{"@type":"SearchAction","target":{"@type":"EntryPoint","urlTemplate":"https:\/\/schreibenpro.com\/de\/?s={search_term_string}"},"query-input":{"@type":"PropertyValueSpecification","valueRequired":true,"valueName":"search_term_string"}}],"inLanguage":"de"},{"@type":"Organization","@id":"https:\/\/schreibenpro.com\/de\/#organization","name":"Schreiben PRO","url":"https:\/\/schreibenpro.com\/de\/","logo":{"@type":"ImageObject","inLanguage":"de","@id":"https:\/\/schreibenpro.com\/de\/#\/schema\/logo\/image\/","url":"https:\/\/schreibenpro.com\/de\/wp-content\/uploads\/cropped-fav.png","contentUrl":"https:\/\/schreibenpro.com\/de\/wp-content\/uploads\/cropped-fav.png","width":512,"height":512,"caption":"Schreiben PRO"},"image":{"@id":"https:\/\/schreibenpro.com\/de\/#\/schema\/logo\/image\/"}}]}},"_links":{"self":[{"href":"https:\/\/schreibenpro.com\/de\/wp-json\/wp\/v2\/pages\/669","targetHints":{"allow":["GET"]}}],"collection":[{"href":"https:\/\/schreibenpro.com\/de\/wp-json\/wp\/v2\/pages"}],"about":[{"href":"https:\/\/schreibenpro.com\/de\/wp-json\/wp\/v2\/types\/page"}],"author":[{"embeddable":true,"href":"https:\/\/schreibenpro.com\/de\/wp-json\/wp\/v2\/users\/1"}],"replies":[{"embeddable":true,"href":"https:\/\/schreibenpro.com\/de\/wp-json\/wp\/v2\/comments?post=669"}],"version-history":[{"count":0,"href":"https:\/\/schreibenpro.com\/de\/wp-json\/wp\/v2\/pages\/669\/revisions"}],"wp:attachment":[{"href":"https:\/\/schreibenpro.com\/de\/wp-json\/wp\/v2\/media?parent=669"}],"curies":[{"name":"wp","href":"https:\/\/api.w.org\/{rel}","templated":true}]}}