{"id":672,"date":"2023-12-18T08:25:28","date_gmt":"2023-12-18T08:25:28","guid":{"rendered":"https:\/\/schreibenpro.com\/de\/einladungsschreiben-visum-familie-offnen\/"},"modified":"2023-12-18T08:25:28","modified_gmt":"2023-12-18T08:25:28","slug":"einladungsschreiben-visum-familie-offnen","status":"publish","type":"page","link":"https:\/\/schreibenpro.com\/de\/einladungsschreiben-visum-familie-offnen\/","title":{"rendered":"\u00d6ffnen &#8211; Einladungsschreiben Visum Familie"},"content":{"rendered":"\r\n<p class=\"has-text-align-center\">Vorlage und Muster f\u00fcr <strong> Einladungsschreiben Visum Familie<\/strong> &#8211; Ausf\u00fcllen und Erstellung  &#8211; \u00d6ffnen im <strong>PDF WORD<\/strong> Datei und Online<\/p>\r\n\r\n\r\n\r\n\r\n<div class=\"wp-block-image\">\r\n<figure class=\"aligncenter size-large is-resized\"><img loading=\"lazy\" decoding=\"async\" class=\"wp-image-215\" src=\"https:\/\/schreibenpro.com\/de\/wp-content\/uploads\/einladungsschreiben-visum-familie-muster-vorlage.jpg\" alt=\"\" width=\"245\" height=\"391\" \/><\/figure>\r\n<\/div>\r\n\r\n\r\n\r\n<hr class=\"wp-block-separator has-alpha-channel-opacity\" \/>\r\n\r\n\r\n\r\n\r\n\r\n<div class=\"su-note\"  style=\"border-color:#e5e5e5;border-radius:10px;-moz-border-radius:10px;-webkit-border-radius:10px;\"><div class=\"su-note-inner su-u-clearfix su-u-trim\" style=\"background-color:#FFFFFF;border-color:#ffffff;color:#333333;border-radius:10px;-moz-border-radius:10px;-webkit-border-radius:10px;\">\r\n\r\n<section id=\"specialParagraph\"><style> body { font-family: Arial, sans-serif; margin: 50px; font-size: 14px; }  h1 { font-size: 24px; text-decoration: underline; }  p { margin-bottom: 20px; }  strong { font-weight: bold; }  b { font-weight: bold; }  dt { font-weight: bold; margin-top: 10px; }  dd { margin-left: 20px; } <\/style>     <p>Sehr geehrte\/r Konsul\/in,<\/p>  <p>ich schreibe Ihnen dieses Einladungsschreiben im Namen meiner Familie, um meiner Familie die Einreise in Deutschland zu erm\u00f6glichen. Als deutsche Staatsb\u00fcrgerin mit Wohnsitz in Deutschland m\u00f6chte ich meine Eltern und meinen Bruder f\u00fcr einen Zeitraum von drei Monaten besuchen lassen.<\/p>  <p><strong>Einleitung:<\/strong><\/p>  <p>Ich m\u00f6chte Ihnen zun\u00e4chst einige Informationen \u00fcber meine Familie geben. Meine Eltern, Herr und Frau Mustermann, leben in Indien. Sie sind im Rentenalter und haben keine Eink\u00fcnfte in Deutschland. Mein Bruder, Herr XYZ, ist ebenfalls in Indien ans\u00e4ssig und arbeitet dort als Ingenieur.<\/p>  <p><strong>Reisepl\u00e4ne:<\/strong><\/p>  <p>Meine Familie plant, am 15. M\u00e4rz 2023 nach Deutschland zu reisen und bis zum 15. Juni 2023 zu bleiben. W\u00e4hrend ihres Aufenthalts hier planen wir verschiedene touristische Aktivit\u00e4ten wie den Besuch von Sehensw\u00fcrdigkeiten, Museen und kulturellen Veranstaltungen. Au\u00dferdem m\u00f6chten wir einige Zeit gemeinsam in meiner Wohnung verbringen, um unsere Familie zu genie\u00dfen und uns besser kennenzulernen.<\/p>  <p><strong>Finanzierung:<\/strong><\/p>  <p>Ich werde f\u00fcr die Kosten der gesamten Reise meiner Familie aufkommen. Ich habe ausreichend finanzielle Mittel, um die Unterbringung, Verpflegung und alle anderen Ausgaben w\u00e4hrend ihres Aufenthalts in Deutschland zu decken. Ich lege hiermit nachweislich meinen Kontoauszug der letzten drei Monate, meinen Arbeitsvertrag und Gehaltsnachweise bei, um meine finanzielle Situation zu best\u00e4tigen. Ich bin auch bereit, eine Verpflichtungserkl\u00e4rung abzugeben, um die finanzielle Verantwortung f\u00fcr meine Familie zu \u00fcbernehmen.<\/p>  <p><strong>Unterkunft:<\/strong><\/p>  <p>Meine Familie wird w\u00e4hrend ihres Aufenthalts in meiner Wohnung in Berlin untergebracht sein. Die Wohnung ist ausreichend gro\u00df und komfortabel, um alle Familienmitglieder unterzubringen. Ich lege hiermit eine Wohnungsbest\u00e4tigung bei, die best\u00e4tigt, dass meine Familie w\u00e4hrend ihres Aufenthalts bei mir wohnen wird.<\/p>  <p><strong>Reiseversicherung:<\/strong><\/p>  <p>Meine Familie wird eine umfassende Reiseversicherung abschlie\u00dfen, die alle medizinischen Kosten und sonstigen Sch\u00e4den w\u00e4hrend ihres Aufenthalts abdeckt. Ich lege hiermit die Versicherungspolice bei, um sicherzustellen, dass alle notwendigen Vorkehrungen f\u00fcr ihre Sicherheit und Gesundheit getroffen wurden.<\/p>  <p><strong>Zusammenfassung:<\/strong><\/p>  <p>Im Namen meiner Familie m\u00f6chte ich Sie bitten, ihnen ein Visum zur Einreise nach Deutschland zu gew\u00e4hren. Ich versichere Ihnen, dass meine Familie sich an alle Regeln und Vorschriften halten wird und dass sie Deutschland rechtzeitig verlassen wird. Ich bin jederzeit f\u00fcr R\u00fcckfragen und weitere Informationen erreichbar.<\/p>  <p>Vielen Dank f\u00fcr Ihre Aufmerksamkeit und Ihre Bem\u00fchungen. Wir hoffen auf eine positive Antwort von Ihnen.<\/p>  <p>Mit freundlichen Gr\u00fc\u00dfen,<\/p> <p><b>Ihr Name<\/b><\/p><\/section><\/div><\/div>\r\n\r\n&nbsp;\r\n\r\n\r\n\r\n\r\n\r\n\r\n<p class=\"has-text-align-center\">Muster und Vorlage f\u00fcr <strong> Einladungsschreiben Visum Familie <\/strong> zur Anpassung und Erstellung  im <strong>WORD<\/strong>\u2013 und <strong>PDF-Format<\/strong><\/p>\r\n\r\n\r\n<button id=\"generatePDF\">Erstellen (PDF &#8211; WORD)<\/button>\r\n\r\n\r\n\r\n<hr class=\"wp-block-separator has-alpha-channel-opacity\" \/>\r\n\r\n\r\n\r\n<p style=\"text-align: center;\"><strong>Einladungsschreiben Visum Familie<\/strong><\/p>\r\n\r\n<div class=\"wp-block-columns is-layout-flex wp-container-core-columns-is-layout-9d6595d7 wp-block-columns-is-layout-flex\">\r\n\r\n\r\n<div class=\"wp-block-column is-layout-flow wp-block-column-is-layout-flow\"><div class=\"su-button-center\"><a href=\"https:\/\/www.ihk-siegen.de\/fileadmin\/user_upload\/Internationales_Recht\/Laender_und_Maerkte\/Muster_Einladungsschreiben.pdf\" class=\"su-button su-button-style-flat\" style=\"color:#FFFFFF;background-color:#144bb6;border-color:#103c92;border-radius:1px\" target=\"_self\"><span style=\"color:#FFFFFF;padding:0px 24px;font-size:18px;line-height:36px;border-color:#5b81cc;border-radius:1px;text-shadow:none\">   PDF <\/span><\/a><\/div>\n<\/div>\r\n\r\n\r\n\r\n<div class=\"wp-block-column is-layout-flow wp-block-column-is-layout-flow\"><div class=\"su-button-center\"><a href=\"https:\/\/www.ihk-siegen.de\/fileadmin\/user_upload\/Internationales_Recht\/Laender_und_Maerkte\/Muster_Einladungsschreiben.pdf\" class=\"su-button su-button-style-flat\" style=\"color:#FFFFFF;background-color:#144bb6;border-color:#103c92;border-radius:1px\" target=\"_self\"><span style=\"color:#FFFFFF;padding:0px 24px;font-size:18px;line-height:36px;border-color:#5b81cc;border-radius:1px;text-shadow:none\">   DOC<\/span><\/a><\/div>\n<\/div>\r\n\r\n\r\n<\/div>\r\n\r\n\r\n\r\n<p style=\"text-align: center;\"><strong>Beispiele<\/strong><\/p>\r\n\r\n<div class=\"wp-block-columns is-layout-flex wp-container-core-columns-is-layout-9d6595d7 wp-block-columns-is-layout-flex\">\r\n\r\n\r\n<div class=\"wp-block-column is-layout-flow wp-block-column-is-layout-flow\"><div class=\"su-button-center\"><a href=\"https:\/\/www.sem.admin.ch\/dam\/sem\/de\/data\/einreise\/merkblatt_einreise\/mb-einladungsschreiben-d.pdf.download.pdf\/mb-einladungsschreiben-d.pdf\" class=\"su-button su-button-style-flat\" style=\"color:#FFFFFF;background-color:#144bb6;border-color:#103c92;border-radius:1px\" target=\"_self\"><span style=\"color:#FFFFFF;padding:0px 24px;font-size:18px;line-height:36px;border-color:#5b81cc;border-radius:1px;text-shadow:none\">  Beispiel &#8211; 1 <\/span><\/a><\/div>\n<\/div>\r\n\r\n\r\n\r\n<div class=\"wp-block-column is-layout-flow wp-block-column-is-layout-flow\"><div class=\"su-button-center\"><a href=\"https:\/\/kiew.diplo.de\/blob\/1281002\/c28d3f775414f1a0f54b43ff88e1b63f\/besuch-data.pdf\" class=\"su-button su-button-style-flat\" style=\"color:#FFFFFF;background-color:#144bb6;border-color:#103c92;border-radius:1px\" target=\"_self\"><span style=\"color:#FFFFFF;padding:0px 24px;font-size:18px;line-height:36px;border-color:#5b81cc;border-radius:1px;text-shadow:none\">  Beispiel &#8211; 2 <\/span><\/a><\/div>\n<\/div>\r\n\r\n\r\n<\/div>\r\n\r\n\r\n<hr class=\"wp-block-separator has-alpha-channel-opacity\" \/>\r\n\r\n\r\n\r\n<div class=\"wp-block-columns is-layout-flex wp-container-core-columns-is-layout-9d6595d7 wp-block-columns-is-layout-flex\">\r\n\r\n\r\n<div class=\"wp-block-column is-layout-flow wp-block-column-is-layout-flow\"><div class=\"su-button-center\"><a href=\"https:\/\/caracas.diplo.de\/blob\/2162460\/7bf226806f6df4f8dcfb1f4329521084\/merkblatt-familienzusammenfuehrung-data.pdf\" class=\"su-button su-button-style-flat\" style=\"color:#FFFFFF;background-color:#144bb6;border-color:#103c92;border-radius:1px\" target=\"_self\"><span style=\"color:#FFFFFF;padding:0px 24px;font-size:18px;line-height:36px;border-color:#5b81cc;border-radius:1px;text-shadow:none\">  Beispiel &#8211; 3 <\/span><\/a><\/div>\n<\/div>\r\n\r\n\r\n\r\n<div class=\"wp-block-column is-layout-flow wp-block-column-is-layout-flow\"><div class=\"su-button-center\"><a href=\"https:\/\/www.ihk-siegen.de\/fileadmin\/user_upload\/Internationales_Recht\/Laender_und_Maerkte\/Muster_Einladungsschreiben.pdf\" class=\"su-button su-button-style-flat\" style=\"color:#FFFFFF;background-color:#144bb6;border-color:#103c92;border-radius:1px\" target=\"_self\"><span style=\"color:#FFFFFF;padding:0px 24px;font-size:18px;line-height:36px;border-color:#5b81cc;border-radius:1px;text-shadow:none\">  Beispiel &#8211; 4 <\/span><\/a><\/div>\n<\/div>\r\n\r\n\r\n<\/div>\r\n\r\n\r\n<hr class=\"wp-block-separator has-alpha-channel-opacity\" \/>\r\n\r\n<!-- \/wp:post-content -->\r\n\r\n<!-- wp:table {\"align\":\"center\"} -->\r\n<figure class=\"wp-block-table aligncenter\">\r\n<table>\r\n<tbody>\r\n<tr>\r\n<td style=\"text-align: center;\">Einladungsschreiben Visum Familie<\/td>\r\n<\/tr>\r\n<tr>\r\n<td style=\"text-align: center;\">PDF &#8211; WORD Datei<\/td>\r\n<\/tr>\r\n<tr>\r\n<td style=\"text-align: center;\">Bewertung: \u2b50\u2b50\u2b50\u2b50\u2b50 4.48<\/td>\r\n<\/tr>\r\n<tr>\r\n<td style=\"text-align: center;\">Ergebnisse &#8211; 7148<\/td>\r\n<\/tr>\r\n<\/tbody>\r\n<\/table>\r\n<\/figure>\r\n<!-- \/wp:table -->\r\n\r\n<!-- wp:separator -->\r\n\r\n<hr class=\"wp-block-separator has-alpha-channel-opacity\" \/>\r\n\r\n<!-- \/wp:separator -->\r\n\r\n<div class=\"su-note\"  style=\"border-color:#e5e5e5;border-radius:10px;-moz-border-radius:10px;-webkit-border-radius:10px;\"><div class=\"su-note-inner su-u-clearfix su-u-trim\" style=\"background-color:#FFFFFF;border-color:#ffffff;color:#333333;border-radius:10px;-moz-border-radius:10px;-webkit-border-radius:10px;\">\r\n\r\n<p>Das Verfassen eines Einladungsschreibens f\u00fcr ein Familienvisum erfordert Sorgfalt und Aufmerksamkeit f\u00fcr Details. Ein gut geschriebenes Einladungsschreiben kann dabei helfen, den Antragsprozess zu beschleunigen und die Chancen auf eine positive Entscheidung zu erh\u00f6hen.<\/p>  <h3>Schritt 1: Die Einleitung<\/h3>  <p>Die Einleitung des Einladungsschreibens sollte einen h\u00f6flichen und respektvollen Ton haben. Beginnen Sie mit einer freundlichen Begr\u00fc\u00dfung und geben Sie Ihren Namen sowie Ihre Kontaktdaten an. Erkl\u00e4ren Sie kurz Ihre Beziehung zu der Person, die Sie einladen, und den Grund f\u00fcr die Einladung.<\/p>  <p><strong>Beispiel:<\/strong><\/p>  <blockquote> <p>Sehr geehrte\/r Herr\/Frau [Name des Konsulatsbeamten],<\/p>  <p>Ich, [Ihr Name], wende mich an Sie, um eine offizielle Einladung f\u00fcr meine Familienangeh\u00f6rigen, [Name der Familienangeh\u00f6rigen], auszusprechen. [Name der Familienangeh\u00f6rigen] ist meine [Beziehung zur Person] und ich m\u00f6chte sie\/ihn gerne in [Name des Landes] besuchen.<\/p> <\/blockquote>  <h3>Schritt 2: Der Hauptteil<\/h3>  <p>Im Hauptteil des Einladungsschreibens sollten Sie die detaillierten Angaben zum Besuch Ihrer Familienangeh\u00f6rigen machen. Beschreiben Sie den geplanten Besuchszeitraum, den Zweck des Besuchs und die Unterkunftsm\u00f6glichkeiten. Geben Sie auch an, ob Sie f\u00fcr die Reisekosten und den Aufenthalt Ihrer Familienangeh\u00f6rigen aufkommen werden.<\/p>  <p><strong>Beispiel:<\/strong><\/p>  <blockquote> <p>Der geplante Besuchszeitraum meiner Familienangeh\u00f6rigen ist vom [Datum] bis zum [Datum]. Der Hauptzweck ihres Besuchs ist [Grund des Besuchs, z.B. Familientreffen oder Urlaub]. Sie werden w\u00e4hrend ihres Aufenthalts in [Name des Landes] bei mir wohnen.<\/p>  <p>Ich best\u00e4tige hiermit, dass ich f\u00fcr s\u00e4mtliche Reisekosten und den Aufenthalt meiner Familienangeh\u00f6rigen w\u00e4hrend ihres Besuchs in [Name des Landes] verantwortlich bin. Ich werde ihnen die notwendige finanzielle Unterst\u00fctzung gew\u00e4hren und ihnen bei Bedarf Unterkunft sowie Verpflegung bieten.<\/p> <\/blockquote>  <h3>Schritt 3: Der Schluss<\/h3>  <p>Beenden Sie Ihr Einladungsschreiben mit einer freundlichen Abschlussformel und einer Bitte um positive Entscheidung. Geben Sie erneut Ihre Kontaktdaten an und zeigen Sie Ihre Bereitschaft, weitere Informationen bereitzustellen, falls erforderlich.<\/p>  <p><strong>Beispiel:<\/strong><\/p>  <blockquote> <p>Ich bedanke mich im Voraus f\u00fcr Ihre Aufmerksamkeit und hoffe auf eine positive Entscheidung in Bezug auf das Visum meiner Familienangeh\u00f6rigen. Sollten Sie weitere Informationen oder Unterlagen ben\u00f6tigen, stehe ich Ihnen gerne zur Verf\u00fcgung.<\/p>  <p>Mit freundlichen Gr\u00fc\u00dfen,<\/p>  [Ihr Name] <\/blockquote>  <h3>Wichtige \u00dcberlegungen zur formalen Gestaltung<\/h3>  <p>Bei der formalen Gestaltung des Einladungsschreibens f\u00fcr ein Familienvisum sollten Sie folgende Punkte beachten:<\/p>  <dl> <dt>Papierformat und Schriftart:<\/dt> <dd>Verwenden Sie f\u00fcr das Einladungsschreiben ein standardisiertes Papierformat (z.B. DIN A4) und eine klare und gut lesbare Schriftart (z.B. Arial oder Times New Roman).<\/dd>  <dt>Unterschrift:<\/dt> <dd>Unterzeichnen Sie das Einladungsschreiben handschriftlich und geben Sie das Datum der Unterzeichnung an.<\/dd>  <dt>Notarielle Beglaubigung:<\/dt> <dd>In einigen F\u00e4llen kann es erforderlich sein, das Einladungsschreiben notariell beglaubigen zu lassen. Informieren Sie sich im Voraus bei der zust\u00e4ndigen Botschaft oder dem Konsulat.<\/dd> <\/dl>  <h3>Aufbau eines effektiven Einladungsschreibens<\/h3>  <p>Um ein effektives Einladungsschreiben f\u00fcr ein Familienvisum zu verfassen, sollten Sie folgende Aspekte ber\u00fccksichtigen:<\/p>  <ol> <li>Seien Sie pr\u00e4zise und deutlich in Ihrer Ausdrucksweise.<\/li> <li>Vermeiden Sie \u00fcberfl\u00fcssige Informationen und bleiben Sie beim Thema.<\/li> <li>Geben Sie klare Angaben zum Besuchszeitraum, Zweck des Besuchs und Unterkunftsm\u00f6glichkeiten.<\/li> <li>Zeigen Sie Ihre Bereitschaft, alle anfallenden Kosten zu \u00fcbernehmen.<\/li> <li>F\u00fcgen Sie Kopien relevanter Dokumente wie Reisep\u00e4sse, Ausweisdokumente oder bestehende Visa hinzu, um Ihre Einladung zu unterst\u00fctzen.<\/li> <\/ol>\r\n\r\n<\/div><\/div>\r\n\r\n<!-- wp:separator -->\r\n\r\n<hr class=\"wp-block-separator has-alpha-channel-opacity\" \/>","protected":false},"excerpt":{"rendered":"<p>Vorlage und Muster f\u00fcr Einladungsschreiben Visum Familie &#8211; Ausf\u00fcllen und Erstellung &#8211; \u00d6ffnen im PDF WORD Datei und Online &nbsp; &#8230; <\/p>\n<p class=\"read-more-container\"><a title=\"\u00d6ffnen &#8211; Einladungsschreiben Visum Familie\" class=\"read-more button\" href=\"https:\/\/schreibenpro.com\/de\/einladungsschreiben-visum-familie-offnen\/#more-672\" aria-label=\"Mehr zu \u00d6ffnen &#8211; Einladungsschreiben Visum Familie\">\u00d6FFNEN <\/a><\/p>\n","protected":false},"author":1,"featured_media":0,"parent":0,"menu_order":0,"comment_status":"closed","ping_status":"closed","template":"","meta":{"footnotes":""},"class_list":{"0":"post-672","1":"page","2":"type-page","3":"status-publish","5":"infinite-scroll-item"},"yoast_head":"<!-- This site is optimized with the Yoast SEO plugin v24.6 - https:\/\/yoast.com\/wordpress\/plugins\/seo\/ -->\n<title>\u00d6ffnen - Einladungsschreiben Visum Familie - Schreiben PRO<\/title>\n<meta name=\"robots\" content=\"noindex, follow\" \/>\n<meta property=\"og:locale\" content=\"de_DE\" \/>\n<meta property=\"og:type\" content=\"article\" \/>\n<meta property=\"og:title\" content=\"\u00d6ffnen - Einladungsschreiben Visum Familie - Schreiben PRO\" \/>\n<meta property=\"og:description\" content=\"Vorlage und Muster f\u00fcr Einladungsschreiben Visum Familie &#8211; Ausf\u00fcllen und Erstellung &#8211; \u00d6ffnen im PDF WORD Datei und Online &nbsp; ... \u00d6FFNEN\" \/>\n<meta property=\"og:url\" content=\"https:\/\/schreibenpro.com\/de\/einladungsschreiben-visum-familie-offnen\/\" \/>\n<meta property=\"og:site_name\" content=\"Schreiben PRO\" \/>\n<meta property=\"og:image\" content=\"https:\/\/schreibenpro.com\/de\/wp-content\/uploads\/einladungsschreiben-visum-familie-muster-vorlage.jpg\" \/>\n<meta name=\"twitter:card\" content=\"summary_large_image\" \/>\n<meta name=\"twitter:label1\" content=\"Gesch\u00e4tzte Lesezeit\" \/>\n\t<meta name=\"twitter:data1\" content=\"1\u00a0Minute\" \/>\n<!-- \/ Yoast SEO plugin. -->","yoast_head_json":{"title":"\u00d6ffnen - Einladungsschreiben Visum Familie - Schreiben PRO","robots":{"index":"noindex","follow":"follow"},"og_locale":"de_DE","og_type":"article","og_title":"\u00d6ffnen - Einladungsschreiben Visum Familie - Schreiben PRO","og_description":"Vorlage und Muster f\u00fcr Einladungsschreiben Visum Familie &#8211; Ausf\u00fcllen und Erstellung &#8211; \u00d6ffnen im PDF WORD Datei und Online &nbsp; ... \u00d6FFNEN","og_url":"https:\/\/schreibenpro.com\/de\/einladungsschreiben-visum-familie-offnen\/","og_site_name":"Schreiben PRO","og_image":[{"url":"https:\/\/schreibenpro.com\/de\/wp-content\/uploads\/einladungsschreiben-visum-familie-muster-vorlage.jpg","type":"","width":"","height":""}],"twitter_card":"summary_large_image","twitter_misc":{"Gesch\u00e4tzte Lesezeit":"1\u00a0Minute"},"schema":{"@context":"https:\/\/schema.org","@graph":[{"@type":"WebPage","@id":"https:\/\/schreibenpro.com\/de\/einladungsschreiben-visum-familie-offnen\/","url":"https:\/\/schreibenpro.com\/de\/einladungsschreiben-visum-familie-offnen\/","name":"\u00d6ffnen - Einladungsschreiben Visum Familie - Schreiben PRO","isPartOf":{"@id":"https:\/\/schreibenpro.com\/de\/#website"},"primaryImageOfPage":{"@id":"https:\/\/schreibenpro.com\/de\/einladungsschreiben-visum-familie-offnen\/#primaryimage"},"image":{"@id":"https:\/\/schreibenpro.com\/de\/einladungsschreiben-visum-familie-offnen\/#primaryimage"},"thumbnailUrl":"https:\/\/schreibenpro.com\/de\/wp-content\/uploads\/einladungsschreiben-visum-familie-muster-vorlage.jpg","datePublished":"2023-12-18T08:25:28+00:00","breadcrumb":{"@id":"https:\/\/schreibenpro.com\/de\/einladungsschreiben-visum-familie-offnen\/#breadcrumb"},"inLanguage":"de","potentialAction":[{"@type":"ReadAction","target":["https:\/\/schreibenpro.com\/de\/einladungsschreiben-visum-familie-offnen\/"]}]},{"@type":"ImageObject","inLanguage":"de","@id":"https:\/\/schreibenpro.com\/de\/einladungsschreiben-visum-familie-offnen\/#primaryimage","url":"https:\/\/schreibenpro.com\/de\/wp-content\/uploads\/anschreiben-zum-angebot-muster-vorlage.jpg","contentUrl":"https:\/\/schreibenpro.com\/de\/wp-content\/uploads\/anschreiben-zum-angebot-muster-vorlage.jpg","width":1410,"height":2250},{"@type":"BreadcrumbList","@id":"https:\/\/schreibenpro.com\/de\/einladungsschreiben-visum-familie-offnen\/#breadcrumb","itemListElement":[{"@type":"ListItem","position":1,"name":"Portada","item":"https:\/\/schreibenpro.com\/de\/"},{"@type":"ListItem","position":2,"name":"\u00d6ffnen &#8211; Einladungsschreiben Visum Familie"}]},{"@type":"WebSite","@id":"https:\/\/schreibenpro.com\/de\/#website","url":"https:\/\/schreibenpro.com\/de\/","name":"Schreiben PRO","description":"Muster und Vorlage","publisher":{"@id":"https:\/\/schreibenpro.com\/de\/#organization"},"potentialAction":[{"@type":"SearchAction","target":{"@type":"EntryPoint","urlTemplate":"https:\/\/schreibenpro.com\/de\/?s={search_term_string}"},"query-input":{"@type":"PropertyValueSpecification","valueRequired":true,"valueName":"search_term_string"}}],"inLanguage":"de"},{"@type":"Organization","@id":"https:\/\/schreibenpro.com\/de\/#organization","name":"Schreiben PRO","url":"https:\/\/schreibenpro.com\/de\/","logo":{"@type":"ImageObject","inLanguage":"de","@id":"https:\/\/schreibenpro.com\/de\/#\/schema\/logo\/image\/","url":"https:\/\/schreibenpro.com\/de\/wp-content\/uploads\/cropped-fav.png","contentUrl":"https:\/\/schreibenpro.com\/de\/wp-content\/uploads\/cropped-fav.png","width":512,"height":512,"caption":"Schreiben PRO"},"image":{"@id":"https:\/\/schreibenpro.com\/de\/#\/schema\/logo\/image\/"}}]}},"_links":{"self":[{"href":"https:\/\/schreibenpro.com\/de\/wp-json\/wp\/v2\/pages\/672","targetHints":{"allow":["GET"]}}],"collection":[{"href":"https:\/\/schreibenpro.com\/de\/wp-json\/wp\/v2\/pages"}],"about":[{"href":"https:\/\/schreibenpro.com\/de\/wp-json\/wp\/v2\/types\/page"}],"author":[{"embeddable":true,"href":"https:\/\/schreibenpro.com\/de\/wp-json\/wp\/v2\/users\/1"}],"replies":[{"embeddable":true,"href":"https:\/\/schreibenpro.com\/de\/wp-json\/wp\/v2\/comments?post=672"}],"version-history":[{"count":0,"href":"https:\/\/schreibenpro.com\/de\/wp-json\/wp\/v2\/pages\/672\/revisions"}],"wp:attachment":[{"href":"https:\/\/schreibenpro.com\/de\/wp-json\/wp\/v2\/media?parent=672"}],"curies":[{"name":"wp","href":"https:\/\/api.w.org\/{rel}","templated":true}]}}