{"id":673,"date":"2023-12-18T08:25:29","date_gmt":"2023-12-18T08:25:29","guid":{"rendered":"https:\/\/schreibenpro.com\/de\/dankschreiben-nach-meeting-offnen\/"},"modified":"2023-12-18T08:25:29","modified_gmt":"2023-12-18T08:25:29","slug":"dankschreiben-nach-meeting-offnen","status":"publish","type":"page","link":"https:\/\/schreibenpro.com\/de\/dankschreiben-nach-meeting-offnen\/","title":{"rendered":"\u00d6ffnen &#8211; Dankschreiben Nach Meeting"},"content":{"rendered":"\r\n<p class=\"has-text-align-center\">Vorlage und Muster f\u00fcr <strong> Dankschreiben Nach Meeting<\/strong> &#8211; Ausf\u00fcllen und Erstellung  &#8211; \u00d6ffnen im <strong>PDF  WORD<\/strong> Datei und Online<\/p>\r\n\r\n\r\n\r\n\r\n<div class=\"wp-block-image\">\r\n<figure class=\"aligncenter size-large is-resized\"><img loading=\"lazy\" decoding=\"async\" class=\"wp-image-215\" src=\"https:\/\/schreibenpro.com\/de\/wp-content\/uploads\/dankschreiben-nach-meeting-muster-vorlage.jpg\" alt=\"\" width=\"245\" height=\"391\" \/><\/figure>\r\n<\/div>\r\n\r\n\r\n\r\n<hr class=\"wp-block-separator has-alpha-channel-opacity\" \/>\r\n\r\n\r\n\r\n\r\n\r\n<div class=\"su-note\"  style=\"border-color:#e5e5e5;border-radius:10px;-moz-border-radius:10px;-webkit-border-radius:10px;\"><div class=\"su-note-inner su-u-clearfix su-u-trim\" style=\"background-color:#FFFFFF;border-color:#ffffff;color:#333333;border-radius:10px;-moz-border-radius:10px;-webkit-border-radius:10px;\">\r\n\r\n<section id=\"specialParagraph\"><p><strong>An:<\/strong><\/p> <p>Name des Empf\u00e4ngers<\/p> <p>Firma\/Organisation<\/p> <p>Adresse des Empf\u00e4ngers<\/p> <p>Datum des Versands<\/p>  <p><strong>Betreff:<\/strong> Dankschreiben Nach Meeting<\/p>  <p><strong>Sehr geehrter Herr\/Frau [Nachname des Empf\u00e4ngers],<\/strong><\/p>  <p>ich hoffe, dass Ihnen diese E-Mail findet, w\u00e4hrend es Ihnen gut geht. Ich m\u00f6chte mich herzlich f\u00fcr das k\u00fcrzlich abgehaltene Meeting bedanken, das [Datum des Meetings] stattgefunden hat. Ich sch\u00e4tze die M\u00f6glichkeit, mit Ihnen und Ihrem Team zusammenzuarbeiten und die vielen wertvollen Informationen zu erhalten, die w\u00e4hrend des Meetings ausgetauscht wurden.<\/p>  <p><strong>Einleitung:<\/strong><\/p> <p>Ich m\u00f6chte die Gelegenheit nutzen, um die wichtigsten Punkte, die w\u00e4hrend des Treffens besprochen wurden, zusammenzufassen:<\/p> <ol> <li><strong>Punkt 1:<\/strong> Beschreiben Sie den ersten Hauptpunkt, der w\u00e4hrend des Meetings diskutiert wurde. Geben Sie eine kurze Zusammenfassung der Erkenntnisse oder L\u00f6sungen, die daraus resultierten.<\/li> <li><strong>Punkt 2:<\/strong> Beschreiben Sie den zweiten Hauptpunkt, der w\u00e4hrend des Meetings diskutiert wurde. Geben Sie eine kurze Zusammenfassung der Erkenntnisse oder L\u00f6sungen, die daraus resultierten.<\/li> <li><strong>Punkt 3:<\/strong> Beschreiben Sie den dritten Hauptpunkt, der w\u00e4hrend des Meetings diskutiert wurde. Geben Sie eine kurze Zusammenfassung der Erkenntnisse oder L\u00f6sungen, die daraus resultierten.<\/li> <\/ol>  <p><strong>Hauptteil:<\/strong><\/p> <p>Ich bin der Meinung, dass das Meeting \u00e4u\u00dferst produktiv war und viele wichtige Punkte abgedeckt wurden. Die Diskussionen waren rege, und ich konnte von den Erfahrungen und dem Fachwissen jedes Teilnehmers profitieren. Besonders beeindruckt hat mich [nennen Sie ein spezifisches Beispiel oder eine Situation, die Sie w\u00e4hrend des Meetings beeindruckt hat]. Diese Idee\/Erkenntnis ist f\u00fcr unser Projekt\/Unternehmen \u00e4u\u00dferst wertvoll und wird zweifellos zu unserem Erfolg beitragen.<\/p>  <p>Ich m\u00f6chte auch betonen, wie sehr ich die Zusammenarbeit und das Engagement jedes Einzelnen in Ihrem Team sch\u00e4tze. Es war deutlich zu sp\u00fcren, dass jeder Teilnehmer mit Leidenschaft und Zielstrebigkeit anwesend war. Diese positive Einstellung hat das Meeting zu einem effektiven und angenehmen Ereignis gemacht.<\/p>  <p><strong>Schluss:<\/strong><\/p> <p>Ich m\u00f6chte mich erneut f\u00fcr die Gelegenheit bedanken, an diesem Meeting teilzunehmen, und f\u00fcr das Vertrauen, das Sie und Ihr Team in mich und mein Team gesetzt haben. Ich bin zuversichtlich, dass wir die besprochenen Punkte erfolgreich umsetzen k\u00f6nnen und freue mich darauf, in Zukunft weiterhin mit Ihnen zusammenzuarbeiten. Sollten Fragen oder Anregungen aufkommen, z\u00f6gern Sie bitte nicht, mich zu kontaktieren.<\/p>  <p>Nochmals vielen Dank f\u00fcr Ihre Zeit und M\u00fche.<\/p>  <p>Mit freundlichen Gr\u00fc\u00dfen,<\/p>  [Ihr Name]<\/section><\/div><\/div>\r\n\r\n&nbsp;\r\n\r\n\r\n\r\n\r\n\r\n\r\n<p class=\"has-text-align-center\">Muster und Vorlage f\u00fcr <strong> Dankschreiben Nach Meeting <\/strong> zur Anpassung und Erstellung  im <strong>WORD<\/strong>\u2013 und <strong>PDF-Format<\/strong><\/p>\r\n\r\n\r\n<button id=\"generatePDF\">Erstellen (PDF &#8211; WORD)<\/button>\r\n\r\n\r\n\r\n<hr class=\"wp-block-separator has-alpha-channel-opacity\" \/>\r\n\r\n\r\n\r\n<p style=\"text-align: center;\"><strong>Dankschreiben Nach Meeting<\/strong><\/p>\r\n\r\n<div class=\"wp-block-columns is-layout-flex wp-container-core-columns-is-layout-9d6595d7 wp-block-columns-is-layout-flex\">\r\n\r\n\r\n<div class=\"wp-block-column is-layout-flow wp-block-column-is-layout-flow\"><div class=\"su-button-center\"><a href=\"https:\/\/opus-hslb.bsz-bw.de\/files\/300\/Bachelorarbeit_Stefanie_Herold_o.A.pdf\" class=\"su-button su-button-style-flat\" style=\"color:#FFFFFF;background-color:#144bb6;border-color:#103c92;border-radius:1px\" target=\"_self\"><span style=\"color:#FFFFFF;padding:0px 24px;font-size:18px;line-height:36px;border-color:#5b81cc;border-radius:1px;text-shadow:none\">   PDF <\/span><\/a><\/div>\n<\/div>\r\n\r\n\r\n\r\n<div class=\"wp-block-column is-layout-flow wp-block-column-is-layout-flow\"><div class=\"su-button-center\"><a href=\"https:\/\/opus-hslb.bsz-bw.de\/files\/300\/Bachelorarbeit_Stefanie_Herold_o.A.pdf\" class=\"su-button su-button-style-flat\" style=\"color:#FFFFFF;background-color:#144bb6;border-color:#103c92;border-radius:1px\" target=\"_self\"><span style=\"color:#FFFFFF;padding:0px 24px;font-size:18px;line-height:36px;border-color:#5b81cc;border-radius:1px;text-shadow:none\">   DOC<\/span><\/a><\/div>\n<\/div>\r\n\r\n\r\n<\/div>\r\n\r\n\r\n\r\n<p style=\"text-align: center;\"><strong>Beispiele<\/strong><\/p>\r\n\r\n<div class=\"wp-block-columns is-layout-flex wp-container-core-columns-is-layout-9d6595d7 wp-block-columns-is-layout-flex\">\r\n\r\n\r\n<div class=\"wp-block-column is-layout-flow wp-block-column-is-layout-flow\"><div class=\"su-button-center\"><a href=\"http:\/\/christop.egli.home.hefr.ch\/Dreamweaver\/Geschaeftskorrespondenz_L.pdf\" class=\"su-button su-button-style-flat\" style=\"color:#FFFFFF;background-color:#144bb6;border-color:#103c92;border-radius:1px\" target=\"_self\"><span style=\"color:#FFFFFF;padding:0px 24px;font-size:18px;line-height:36px;border-color:#5b81cc;border-radius:1px;text-shadow:none\">  Beispiel &#8211; 1 <\/span><\/a><\/div>\n<\/div>\r\n\r\n\r\n\r\n<div class=\"wp-block-column is-layout-flow wp-block-column-is-layout-flow\"><div class=\"su-button-center\"><a href=\"https:\/\/elearning-bfw-frankfurt.de\/pluginfile.php\/39622\/mod_resource\/content\/2\/Verhalten%20in%20Meetings.pdf\" class=\"su-button su-button-style-flat\" style=\"color:#FFFFFF;background-color:#144bb6;border-color:#103c92;border-radius:1px\" target=\"_self\"><span style=\"color:#FFFFFF;padding:0px 24px;font-size:18px;line-height:36px;border-color:#5b81cc;border-radius:1px;text-shadow:none\">  Beispiel &#8211; 2 <\/span><\/a><\/div>\n<\/div>\r\n\r\n\r\n<\/div>\r\n\r\n\r\n<hr class=\"wp-block-separator has-alpha-channel-opacity\" \/>\r\n\r\n\r\n\r\n<div class=\"wp-block-columns is-layout-flex wp-container-core-columns-is-layout-9d6595d7 wp-block-columns-is-layout-flex\">\r\n\r\n\r\n<div class=\"wp-block-column is-layout-flow wp-block-column-is-layout-flow\"><div class=\"su-button-center\"><a href=\"https:\/\/opus-hslb.bsz-bw.de\/files\/300\/Bachelorarbeit_Stefanie_Herold_o.A.pdf\" class=\"su-button su-button-style-flat\" style=\"color:#FFFFFF;background-color:#144bb6;border-color:#103c92;border-radius:1px\" target=\"_self\"><span style=\"color:#FFFFFF;padding:0px 24px;font-size:18px;line-height:36px;border-color:#5b81cc;border-radius:1px;text-shadow:none\">  Beispiel &#8211; 3 <\/span><\/a><\/div>\n<\/div>\r\n\r\n\r\n\r\n<div class=\"wp-block-column is-layout-flow wp-block-column-is-layout-flow\"><div class=\"su-button-center\"><a href=\"https:\/\/opus-hslb.bsz-bw.de\/files\/300\/Bachelorarbeit_Stefanie_Herold_o.A.pdf\" class=\"su-button su-button-style-flat\" style=\"color:#FFFFFF;background-color:#144bb6;border-color:#103c92;border-radius:1px\" target=\"_self\"><span style=\"color:#FFFFFF;padding:0px 24px;font-size:18px;line-height:36px;border-color:#5b81cc;border-radius:1px;text-shadow:none\">  Beispiel &#8211; 4 <\/span><\/a><\/div>\n<\/div>\r\n\r\n\r\n<\/div>\r\n\r\n\r\n<hr class=\"wp-block-separator has-alpha-channel-opacity\" \/>\r\n\r\n<!-- \/wp:post-content -->\r\n\r\n<!-- wp:table {\"align\":\"center\"} -->\r\n<figure class=\"wp-block-table aligncenter\">\r\n<table>\r\n<tbody>\r\n<tr>\r\n<td style=\"text-align: center;\">Dankschreiben Nach Meeting<\/td>\r\n<\/tr>\r\n<tr>\r\n<td style=\"text-align: center;\">PDF &#8211; WORD Datei<\/td>\r\n<\/tr>\r\n<tr>\r\n<td style=\"text-align: center;\">Bewertung: \u2b50\u2b50\u2b50\u2b50\u2b50 4.22<\/td>\r\n<\/tr>\r\n<tr>\r\n<td style=\"text-align: center;\">Ergebnisse &#8211; 6437<\/td>\r\n<\/tr>\r\n<\/tbody>\r\n<\/table>\r\n<\/figure>\r\n<!-- \/wp:table -->\r\n\r\n<!-- wp:separator -->\r\n\r\n<hr class=\"wp-block-separator has-alpha-channel-opacity\" \/>\r\n\r\n<!-- \/wp:separator -->\r\n\r\n<div class=\"su-note\"  style=\"border-color:#e5e5e5;border-radius:10px;-moz-border-radius:10px;-webkit-border-radius:10px;\"><div class=\"su-note-inner su-u-clearfix su-u-trim\" style=\"background-color:#FFFFFF;border-color:#ffffff;color:#333333;border-radius:10px;-moz-border-radius:10px;-webkit-border-radius:10px;\">\r\n\r\n<p>Ein Dankschreiben nach einem Meeting zu verfassen ist eine h\u00f6fliche und professionelle Geste, um sich bei den Personen zu bedanken, die an dem Meeting teilgenommen haben. Es zeigt, dass Sie die Zeit und Bem\u00fchungen der Teilnehmer sch\u00e4tzen und Ihnen dankbar sind. In diesem Leitfaden werden wir Ihnen die Schritte und Bestandteile eines effektiven Dankschreibens nach einem Meeting n\u00e4her erl\u00e4utern.<\/p>  <h3>1. Betreffzeile<\/h3> <p>Beginnen Sie Ihr Dankschreiben mit einer aussagekr\u00e4ftigen Betreffzeile, die den Inhalt des Briefes zusammenfasst. Eine gute Betreffzeile k\u00f6nnte zum Beispiel &#8220;Dankesch\u00f6n f\u00fcr das tolle Meeting&#8221; lauten. Dadurch wissen die Empf\u00e4nger direkt, worum es in Ihrem Brief geht.<\/p>  <h3>2. Anrede<\/h3> <p>Verwenden Sie eine h\u00f6fliche Anrede, um alle Empf\u00e4nger des Dankschreibens anzusprechen. Falls Sie das Meeting mit einer Gruppe von Personen abgehalten haben, k\u00f6nnen Sie zum Beispiel &#8220;Sehr geehrte Teilnehmer des Meetings&#8221; verwenden.<\/p>  <h3>3. Einleitung<\/h3> <p>In der Einleitung sollten Sie kurz erw\u00e4hnen, wann und wo das Meeting stattgefunden hat. Geben Sie auch an, wer Sie sind und in welcher Funktion Sie am Meeting teilgenommen haben. Eine gute Einleitung k\u00f6nnte wie folgt aussehen:<\/p>  <blockquote> <p>Ich m\u00f6chte mich bei Ihnen allen herzlich f\u00fcr das produktive Meeting am [Datum] in [Ort] bedanken. Als [Ihre Position\/Funktion] beim Meeting habe ich die Ergebnisse und Diskussionen sorgf\u00e4ltig verfolgt und m\u00f6chte nun meine Dankbarkeit zum Ausdruck bringen.<\/p> <\/blockquote>  <h3>4. Hauptteil<\/h3> <p>Im Hauptteil des Dankschreibens sollten Sie die einzelnen Punkte des Meetings ansprechen, die Ihnen besonders gefallen haben oder die von gro\u00dfer Bedeutung waren. Hier ist es wichtig, spezifische Details zu nennen und die Leistungen der Teilnehmer anzuerkennen.<\/p> <p>Verwenden Sie zum Beispiel die folgenden Stichpunkte als Leitfaden f\u00fcr den Hauptteil:<\/p>  <dl> <dt>Tolle Ideen und Vorschl\u00e4ge<\/dt> <dd>Erw\u00e4hnen Sie speziell die Ideen oder Vorschl\u00e4ge, die Ihnen besonders gefallen haben und erkl\u00e4ren Sie, warum sie wichtig sind.<\/dd> <dt>Konstruktive Diskussionen<\/dt> <dd>Heben Sie hervor, wie die Diskussionen w\u00e4hrend des Meetings zu neuen Erkenntnissen gef\u00fchrt haben und welche Auswirkungen sie auf das zuk\u00fcnftige Vorgehen haben k\u00f6nnten.<\/dd> <dt>Erfolge und Meilensteine<\/dt> <dd>Falls w\u00e4hrend des Meetings bestimmte Ziele erreicht oder Meilensteine erreicht wurden, erw\u00e4hnen Sie diese und gratulieren Sie den Teilnehmern zu ihren Erfolgen.<\/dd> <\/dl>  <h3>5. Schluss<\/h3> <p>Beenden Sie das Dankschreiben mit einer abschlie\u00dfenden Dankesformel und einer freundlichen Gru\u00dfformel. Hier sind einige Beispiele f\u00fcr passende Abschl\u00fcsse:<\/p> <blockquote> <p>Nochmals vielen Dank f\u00fcr Ihre Zeit und Bem\u00fchungen. Ich freue mich auf zuk\u00fcnftige Zusammenarbeit.<\/p> <p>Mit freundlichen Gr\u00fc\u00dfen,<\/p> [Ihr Name] <\/blockquote> <p>oder<\/p> <blockquote> <p>Vielen Dank noch einmal f\u00fcr das tolle Meeting. Ich bin beeindruckt von den erreichten Ergebnissen.<\/p> <p>Mit besten Gr\u00fc\u00dfen,<\/p> [Ihr Name] <\/blockquote>  <h3>6. Formale Gestaltung und Aufbau<\/h3> <p>Bei der formalen Gestaltung und dem Aufbau des Dankschreibens sollten Sie folgende Aspekte beachten:<\/p> <ul> <li>Verwenden Sie eine professionelle und gut lesbare Schriftart, wie zum Beispiel Arial oder Times New Roman.<\/li> <li>Halten Sie den Text des Briefes linksb\u00fcndig.<\/li> <li>Gliedern Sie den Brief in Abs\u00e4tze, um die Lesbarkeit zu erh\u00f6hen.<\/li> <li>Betonen Sie wichtige Informationen durch fettgedruckte oder fett markierte Textstellen.<\/li> <li>F\u00fcgen Sie gegebenenfalls eine pers\u00f6nliche Unterschrift am Ende des Briefes hinzu.<\/li> <\/ul>\r\n\r\n<\/div><\/div>\r\n\r\n<!-- wp:separator -->\r\n\r\n<hr class=\"wp-block-separator has-alpha-channel-opacity\" \/>","protected":false},"excerpt":{"rendered":"<p>Vorlage und Muster f\u00fcr Dankschreiben Nach Meeting &#8211; Ausf\u00fcllen und Erstellung &#8211; \u00d6ffnen im PDF WORD Datei und Online &nbsp; &#8230; <\/p>\n<p class=\"read-more-container\"><a title=\"\u00d6ffnen &#8211; Dankschreiben Nach Meeting\" class=\"read-more button\" href=\"https:\/\/schreibenpro.com\/de\/dankschreiben-nach-meeting-offnen\/#more-673\" aria-label=\"Mehr zu \u00d6ffnen &#8211; Dankschreiben Nach Meeting\">\u00d6FFNEN <\/a><\/p>\n","protected":false},"author":1,"featured_media":0,"parent":0,"menu_order":0,"comment_status":"closed","ping_status":"closed","template":"","meta":{"footnotes":""},"class_list":{"0":"post-673","1":"page","2":"type-page","3":"status-publish","5":"infinite-scroll-item"},"yoast_head":"<!-- This site is optimized with the Yoast SEO plugin v24.6 - https:\/\/yoast.com\/wordpress\/plugins\/seo\/ -->\n<title>\u00d6ffnen - Dankschreiben Nach Meeting - Schreiben PRO<\/title>\n<meta name=\"robots\" content=\"noindex, follow\" \/>\n<meta property=\"og:locale\" content=\"de_DE\" \/>\n<meta property=\"og:type\" content=\"article\" \/>\n<meta property=\"og:title\" content=\"\u00d6ffnen - Dankschreiben Nach Meeting - Schreiben PRO\" \/>\n<meta property=\"og:description\" content=\"Vorlage und Muster f\u00fcr Dankschreiben Nach Meeting &#8211; Ausf\u00fcllen und Erstellung &#8211; \u00d6ffnen im PDF WORD Datei und Online &nbsp; ... \u00d6FFNEN\" \/>\n<meta property=\"og:url\" content=\"https:\/\/schreibenpro.com\/de\/dankschreiben-nach-meeting-offnen\/\" \/>\n<meta property=\"og:site_name\" content=\"Schreiben PRO\" \/>\n<meta property=\"og:image\" content=\"https:\/\/schreibenpro.com\/de\/wp-content\/uploads\/dankschreiben-nach-meeting-muster-vorlage.jpg\" \/>\n<meta name=\"twitter:card\" content=\"summary_large_image\" \/>\n<meta name=\"twitter:label1\" content=\"Gesch\u00e4tzte Lesezeit\" \/>\n\t<meta name=\"twitter:data1\" content=\"1\u00a0Minute\" \/>\n<!-- \/ Yoast SEO plugin. -->","yoast_head_json":{"title":"\u00d6ffnen - Dankschreiben Nach Meeting - Schreiben PRO","robots":{"index":"noindex","follow":"follow"},"og_locale":"de_DE","og_type":"article","og_title":"\u00d6ffnen - Dankschreiben Nach Meeting - Schreiben PRO","og_description":"Vorlage und Muster f\u00fcr Dankschreiben Nach Meeting &#8211; Ausf\u00fcllen und Erstellung &#8211; \u00d6ffnen im PDF WORD Datei und Online &nbsp; ... \u00d6FFNEN","og_url":"https:\/\/schreibenpro.com\/de\/dankschreiben-nach-meeting-offnen\/","og_site_name":"Schreiben PRO","og_image":[{"url":"https:\/\/schreibenpro.com\/de\/wp-content\/uploads\/dankschreiben-nach-meeting-muster-vorlage.jpg","type":"","width":"","height":""}],"twitter_card":"summary_large_image","twitter_misc":{"Gesch\u00e4tzte Lesezeit":"1\u00a0Minute"},"schema":{"@context":"https:\/\/schema.org","@graph":[{"@type":"WebPage","@id":"https:\/\/schreibenpro.com\/de\/dankschreiben-nach-meeting-offnen\/","url":"https:\/\/schreibenpro.com\/de\/dankschreiben-nach-meeting-offnen\/","name":"\u00d6ffnen - Dankschreiben Nach Meeting - Schreiben PRO","isPartOf":{"@id":"https:\/\/schreibenpro.com\/de\/#website"},"primaryImageOfPage":{"@id":"https:\/\/schreibenpro.com\/de\/dankschreiben-nach-meeting-offnen\/#primaryimage"},"image":{"@id":"https:\/\/schreibenpro.com\/de\/dankschreiben-nach-meeting-offnen\/#primaryimage"},"thumbnailUrl":"https:\/\/schreibenpro.com\/de\/wp-content\/uploads\/dankschreiben-nach-meeting-muster-vorlage.jpg","datePublished":"2023-12-18T08:25:29+00:00","breadcrumb":{"@id":"https:\/\/schreibenpro.com\/de\/dankschreiben-nach-meeting-offnen\/#breadcrumb"},"inLanguage":"de","potentialAction":[{"@type":"ReadAction","target":["https:\/\/schreibenpro.com\/de\/dankschreiben-nach-meeting-offnen\/"]}]},{"@type":"ImageObject","inLanguage":"de","@id":"https:\/\/schreibenpro.com\/de\/dankschreiben-nach-meeting-offnen\/#primaryimage","url":"https:\/\/schreibenpro.com\/de\/wp-content\/uploads\/anschreiben-zum-angebot-muster-vorlage.jpg","contentUrl":"https:\/\/schreibenpro.com\/de\/wp-content\/uploads\/anschreiben-zum-angebot-muster-vorlage.jpg","width":1410,"height":2250},{"@type":"BreadcrumbList","@id":"https:\/\/schreibenpro.com\/de\/dankschreiben-nach-meeting-offnen\/#breadcrumb","itemListElement":[{"@type":"ListItem","position":1,"name":"Portada","item":"https:\/\/schreibenpro.com\/de\/"},{"@type":"ListItem","position":2,"name":"\u00d6ffnen &#8211; Dankschreiben Nach Meeting"}]},{"@type":"WebSite","@id":"https:\/\/schreibenpro.com\/de\/#website","url":"https:\/\/schreibenpro.com\/de\/","name":"Schreiben PRO","description":"Muster und Vorlage","publisher":{"@id":"https:\/\/schreibenpro.com\/de\/#organization"},"potentialAction":[{"@type":"SearchAction","target":{"@type":"EntryPoint","urlTemplate":"https:\/\/schreibenpro.com\/de\/?s={search_term_string}"},"query-input":{"@type":"PropertyValueSpecification","valueRequired":true,"valueName":"search_term_string"}}],"inLanguage":"de"},{"@type":"Organization","@id":"https:\/\/schreibenpro.com\/de\/#organization","name":"Schreiben PRO","url":"https:\/\/schreibenpro.com\/de\/","logo":{"@type":"ImageObject","inLanguage":"de","@id":"https:\/\/schreibenpro.com\/de\/#\/schema\/logo\/image\/","url":"https:\/\/schreibenpro.com\/de\/wp-content\/uploads\/cropped-fav.png","contentUrl":"https:\/\/schreibenpro.com\/de\/wp-content\/uploads\/cropped-fav.png","width":512,"height":512,"caption":"Schreiben PRO"},"image":{"@id":"https:\/\/schreibenpro.com\/de\/#\/schema\/logo\/image\/"}}]}},"_links":{"self":[{"href":"https:\/\/schreibenpro.com\/de\/wp-json\/wp\/v2\/pages\/673","targetHints":{"allow":["GET"]}}],"collection":[{"href":"https:\/\/schreibenpro.com\/de\/wp-json\/wp\/v2\/pages"}],"about":[{"href":"https:\/\/schreibenpro.com\/de\/wp-json\/wp\/v2\/types\/page"}],"author":[{"embeddable":true,"href":"https:\/\/schreibenpro.com\/de\/wp-json\/wp\/v2\/users\/1"}],"replies":[{"embeddable":true,"href":"https:\/\/schreibenpro.com\/de\/wp-json\/wp\/v2\/comments?post=673"}],"version-history":[{"count":0,"href":"https:\/\/schreibenpro.com\/de\/wp-json\/wp\/v2\/pages\/673\/revisions"}],"wp:attachment":[{"href":"https:\/\/schreibenpro.com\/de\/wp-json\/wp\/v2\/media?parent=673"}],"curies":[{"name":"wp","href":"https:\/\/api.w.org\/{rel}","templated":true}]}}