{"id":674,"date":"2023-12-18T08:25:29","date_gmt":"2023-12-18T08:25:29","guid":{"rendered":"https:\/\/schreibenpro.com\/de\/bewerbungsschreiben-lehrer-quereinstieg-offnen\/"},"modified":"2023-12-18T08:25:29","modified_gmt":"2023-12-18T08:25:29","slug":"bewerbungsschreiben-lehrer-quereinstieg-offnen","status":"publish","type":"page","link":"https:\/\/schreibenpro.com\/de\/bewerbungsschreiben-lehrer-quereinstieg-offnen\/","title":{"rendered":"\u00d6ffnen &#8211; Bewerbungsschreiben Lehrer Quereinstieg"},"content":{"rendered":"\r\n<p class=\"has-text-align-center\">Muster und Vorlage f\u00fcr <strong> Bewerbungsschreiben Lehrer Quereinstieg<\/strong> &#8211; Ausf\u00fcllen und Erstellung  &#8211; \u00d6ffnen im <strong>WORD  PDF<\/strong> Datei und Online<\/p>\r\n\r\n\r\n\r\n\r\n<div class=\"wp-block-image\">\r\n<figure class=\"aligncenter size-large is-resized\"><img loading=\"lazy\" decoding=\"async\" class=\"wp-image-215\" src=\"https:\/\/schreibenpro.com\/de\/wp-content\/uploads\/bewerbungsschreiben-lehrer-quereinstieg-muster-vorlage.jpg\" alt=\"\" width=\"245\" height=\"391\" \/><\/figure>\r\n<\/div>\r\n\r\n\r\n\r\n<hr class=\"wp-block-separator has-alpha-channel-opacity\" \/>\r\n\r\n\r\n\r\n\r\n\r\n<div class=\"su-note\"  style=\"border-color:#e5e5e5;border-radius:10px;-moz-border-radius:10px;-webkit-border-radius:10px;\"><div class=\"su-note-inner su-u-clearfix su-u-trim\" style=\"background-color:#FFFFFF;border-color:#ffffff;color:#333333;border-radius:10px;-moz-border-radius:10px;-webkit-border-radius:10px;\">\r\n\r\n<section id=\"specialParagraph\"><p>Sehr geehrte(r) [Name der Person \/ Personalabteilung],<\/p> <p> <strong>Einleitung:<\/strong> Ich m\u00f6chte mich hiermit auf die Stelle als Lehrer\/in im Quereinstieg an Ihrer Schule bewerben. Aufgrund meiner Leidenschaft f\u00fcr das Unterrichten und meiner Erfahrungen in der [Name des Fachbereichs] bin ich \u00fcberzeugt, dass ich ein wertvoller Beitrag f\u00fcr Ihr Team sein kann. <\/p> <p> <strong>1. Absatz:<\/strong> In meinem bisherigen beruflichen Werdegang habe ich mich intensiv mit [Name des Fachgebiets] besch\u00e4ftigt. Ich habe [Anzahl der Jahre] Jahre lang im [Fachbereich \/ Unternehmen] gearbeitet und dort umfangreiche Kenntnisse in [relevanten F\u00e4chern \/ Themen] erworben. Diese Erfahrungen haben mich zu der Entscheidung gebracht, meine Berufslaufbahn als Lehrer\/in fortzusetzen und meine Leidenschaft f\u00fcr das Unterrichten zu verwirklichen. <\/p> <p> <strong>2. Absatz:<\/strong> W\u00e4hrend meiner Zeit im [Fachbereich \/ Unternehmen] habe ich regelm\u00e4\u00dfig Schulungen und Weiterbildungen besucht, um mein Wissen und meine F\u00e4higkeiten im Unterrichten zu erweitern. Auch habe ich erfolgreich an Projekten teilgenommen, bei denen ich meine didaktischen F\u00e4higkeiten unter Beweis stellen konnte. Meine Erfahrungen in der Erstellung von Lehrmaterialien und der Planung von Unterrichtseinheiten machen mich zu einem qualifizierten und engagierten Lehrer\/in. <\/p> <p> <strong>3. Absatz:<\/strong> Zudem verf\u00fcge ich \u00fcber ausgezeichnete Kommunikationsf\u00e4higkeiten und bin in der Lage, komplexe Inhalte verst\u00e4ndlich zu vermitteln. Ich bin flexibel und anpassungsf\u00e4hig, was es mir erm\u00f6glicht, auf die Bed\u00fcrfnisse einzelner Sch\u00fcler\/innen einzugehen und den Unterricht entsprechend anzupassen. Meine Sch\u00fcler\/innen sch\u00e4tzen meine enthusiastische Art zu unterrichten und die inspirierende Lernumgebung, die ich schaffe. <\/p> <p> <strong>4. Absatz:<\/strong> Dar\u00fcber hinaus bin ich motiviert, mich kontinuierlich weiterzuentwickeln und neue Methoden und Ans\u00e4tze im Unterricht einzusetzen. Ich bin bereit, zus\u00e4tzliche Aufgaben zu \u00fcbernehmen und mich aktiv an schulischen Aktivit\u00e4ten zu beteiligen. Die M\u00f6glichkeit, mich in einem neuen Umfeld einzubringen und meine F\u00e4higkeiten als Lehrer\/in zu erweitern, reizt mich sehr. <\/p> <p> <strong>Schluss:<\/strong> Ich bin davon \u00fcberzeugt, dass ich mit meiner Erfahrung, meinem Engagement und meiner Begeisterung f\u00fcr das Unterrichten einen wertvollen Beitrag zur positiven Entwicklung Ihrer Sch\u00fcler\/innen leisten kann. \u00dcber die M\u00f6glichkeit, mein Profil pers\u00f6nlich vorstellen zu d\u00fcrfen, w\u00fcrde ich mich sehr freuen. <\/p> <p>Mit freundlichen Gr\u00fc\u00dfen,<\/p> [Vorname Nachname]<\/section><\/div><\/div>\r\n\r\n&nbsp;\r\n\r\n\r\n\r\n\r\n\r\n\r\n<p class=\"has-text-align-center\">Vorlage und Muster f\u00fcr <strong> Bewerbungsschreiben Lehrer Quereinstieg <\/strong> zur Anpassung und Erstellung  im <strong>WORD<\/strong>\u2013 und <strong>PDF-Format<\/strong><\/p>\r\n\r\n\r\n<button id=\"generatePDF\">Erstellen (PDF &#8211; WORD)<\/button>\r\n\r\n\r\n\r\n<hr class=\"wp-block-separator has-alpha-channel-opacity\" \/>\r\n\r\n\r\n\r\n<p style=\"text-align: center;\"><strong>Bewerbungsschreiben Lehrer Quereinstieg<\/strong><\/p>\r\n\r\n<div class=\"wp-block-columns is-layout-flex wp-container-core-columns-is-layout-9d6595d7 wp-block-columns-is-layout-flex\">\r\n\r\n\r\n<div class=\"wp-block-column is-layout-flow wp-block-column-is-layout-flow\"><div class=\"su-button-center\"><a href=\"https:\/\/www.m-vg.de\/mediafiles\/Leseprobe\/9783868810370.pdf\" class=\"su-button su-button-style-flat\" style=\"color:#FFFFFF;background-color:#144bb6;border-color:#103c92;border-radius:1px\" target=\"_self\"><span style=\"color:#FFFFFF;padding:0px 24px;font-size:18px;line-height:36px;border-color:#5b81cc;border-radius:1px;text-shadow:none\">   PDF <\/span><\/a><\/div>\n<\/div>\r\n\r\n\r\n\r\n<div class=\"wp-block-column is-layout-flow wp-block-column-is-layout-flow\"><div class=\"su-button-center\"><a href=\"https:\/\/www.m-vg.de\/mediafiles\/Leseprobe\/9783868810370.pdf\" class=\"su-button su-button-style-flat\" style=\"color:#FFFFFF;background-color:#144bb6;border-color:#103c92;border-radius:1px\" target=\"_self\"><span style=\"color:#FFFFFF;padding:0px 24px;font-size:18px;line-height:36px;border-color:#5b81cc;border-radius:1px;text-shadow:none\">   DOC<\/span><\/a><\/div>\n<\/div>\r\n\r\n\r\n<\/div>\r\n\r\n\r\n\r\n<p style=\"text-align: center;\"><strong>Beispiele<\/strong><\/p>\r\n\r\n<div class=\"wp-block-columns is-layout-flex wp-container-core-columns-is-layout-9d6595d7 wp-block-columns-is-layout-flex\">\r\n\r\n\r\n<div class=\"wp-block-column is-layout-flow wp-block-column-is-layout-flow\"><div class=\"su-button-center\"><a href=\"https:\/\/www.mk.niedersachsen.de\/download\/192581\/Merkblatt_fuer_den_direkten_Quereinstieg.pdf\" class=\"su-button su-button-style-flat\" style=\"color:#FFFFFF;background-color:#144bb6;border-color:#103c92;border-radius:1px\" target=\"_self\"><span style=\"color:#FFFFFF;padding:0px 24px;font-size:18px;line-height:36px;border-color:#5b81cc;border-radius:1px;text-shadow:none\">  Beispiel &#8211; 1 <\/span><\/a><\/div>\n<\/div>\r\n\r\n\r\n\r\n<div class=\"wp-block-column is-layout-flow wp-block-column-is-layout-flow\"><div class=\"su-button-center\"><a href=\"https:\/\/www.m-vg.de\/mediafiles\/Leseprobe\/9783868810370.pdf\" class=\"su-button su-button-style-flat\" style=\"color:#FFFFFF;background-color:#144bb6;border-color:#103c92;border-radius:1px\" target=\"_self\"><span style=\"color:#FFFFFF;padding:0px 24px;font-size:18px;line-height:36px;border-color:#5b81cc;border-radius:1px;text-shadow:none\">  Beispiel &#8211; 2 <\/span><\/a><\/div>\n<\/div>\r\n\r\n\r\n<\/div>\r\n\r\n\r\n<hr class=\"wp-block-separator has-alpha-channel-opacity\" \/>\r\n\r\n\r\n\r\n<div class=\"wp-block-columns is-layout-flex wp-container-core-columns-is-layout-9d6595d7 wp-block-columns-is-layout-flex\">\r\n\r\n\r\n<div class=\"wp-block-column is-layout-flow wp-block-column-is-layout-flow\"><div class=\"su-button-center\"><a href=\"https:\/\/www.schulministerium.nrw\/system\/files\/media\/document\/file\/broschuere_seiteneinstieg_obas_220216.pdf\" class=\"su-button su-button-style-flat\" style=\"color:#FFFFFF;background-color:#144bb6;border-color:#103c92;border-radius:1px\" target=\"_self\"><span style=\"color:#FFFFFF;padding:0px 24px;font-size:18px;line-height:36px;border-color:#5b81cc;border-radius:1px;text-shadow:none\">  Beispiel &#8211; 3 <\/span><\/a><\/div>\n<\/div>\r\n\r\n\r\n\r\n<div class=\"wp-block-column is-layout-flow wp-block-column-is-layout-flow\"><div class=\"su-button-center\"><a href=\"https:\/\/www.m-vg.de\/mediafiles\/Leseprobe\/9783868810370.pdf\" class=\"su-button su-button-style-flat\" style=\"color:#FFFFFF;background-color:#144bb6;border-color:#103c92;border-radius:1px\" target=\"_self\"><span style=\"color:#FFFFFF;padding:0px 24px;font-size:18px;line-height:36px;border-color:#5b81cc;border-radius:1px;text-shadow:none\">  Beispiel &#8211; 4 <\/span><\/a><\/div>\n<\/div>\r\n\r\n\r\n<\/div>\r\n\r\n\r\n<hr class=\"wp-block-separator has-alpha-channel-opacity\" \/>\r\n\r\n<!-- \/wp:post-content -->\r\n\r\n<!-- wp:table {\"align\":\"center\"} -->\r\n<figure class=\"wp-block-table aligncenter\">\r\n<table>\r\n<tbody>\r\n<tr>\r\n<td style=\"text-align: center;\">Bewerbungsschreiben Lehrer Quereinstieg<\/td>\r\n<\/tr>\r\n<tr>\r\n<td style=\"text-align: center;\">PDF &#8211; WORD Datei<\/td>\r\n<\/tr>\r\n<tr>\r\n<td style=\"text-align: center;\">Bewertung: \u2b50\u2b50\u2b50\u2b50\u2b50 4.81<\/td>\r\n<\/tr>\r\n<tr>\r\n<td style=\"text-align: center;\">Ergebnisse &#8211; 2327<\/td>\r\n<\/tr>\r\n<\/tbody>\r\n<\/table>\r\n<\/figure>\r\n<!-- \/wp:table -->\r\n\r\n<!-- wp:separator -->\r\n\r\n<hr class=\"wp-block-separator has-alpha-channel-opacity\" \/>\r\n\r\n<!-- \/wp:separator -->\r\n\r\n<div class=\"su-note\"  style=\"border-color:#e5e5e5;border-radius:10px;-moz-border-radius:10px;-webkit-border-radius:10px;\"><div class=\"su-note-inner su-u-clearfix su-u-trim\" style=\"background-color:#FFFFFF;border-color:#ffffff;color:#333333;border-radius:10px;-moz-border-radius:10px;-webkit-border-radius:10px;\">\r\n\r\n<p><strong>Einf\u00fchrung:<\/strong><\/p>  <p>Ein Bewerbungsschreiben ist ein wichtiger Bestandteil des Bewerbungsprozesses, da es Ihrem potenziellen Arbeitgeber einen ersten Eindruck von Ihnen vermittelt. Insbesondere f\u00fcr den Quereinstieg in den Lehrerberuf ist ein \u00fcberzeugendes Bewerbungsschreiben von gro\u00dfer Bedeutung. In dieser Anleitung werden wir Ihnen zeigen, wie Sie ein effektives Bewerbungsschreiben f\u00fcr eine Lehrerstelle im Quereinstieg verfassen k\u00f6nnen.<\/p>  <p><strong>Teil 1: Einleitung<\/strong><\/p>  <p>Die Einleitung Ihres Bewerbungsschreibens sollte einen professionellen und gleichzeitig pers\u00f6nlichen Ton treffen. Hier sind einige Tipps, wie Sie eine beeindruckende Einleitung schreiben k\u00f6nnen:<\/p>  <ol> <li>Beginnen Sie mit einer h\u00f6flichen und ansprechenden Anrede, wie zum Beispiel &#8220;Sehr geehrter Herr\/Frau [Name des Ansprechpartners]&#8221;.<\/li> <li>Stellen Sie sich kurz vor und geben Sie Ihren Namen sowie Ihre aktuelle berufliche Situation an.<\/li> <li>Verdeutlichen Sie Ihre Motivation f\u00fcr den Quereinstieg in den Lehrerberuf.<\/li> <li>Nennen Sie den Grund, warum Sie sich speziell f\u00fcr diese Schule und diese Stelle interessieren.<\/li> <\/ol>  <p><strong>Beispiel:<\/strong><\/p>  <p>Sehr geehrter Herr Meier,<\/p> <p>mein Name ist Anna Schmidt und ich bin derzeit als Sozialp\u00e4dagogin t\u00e4tig. Nach langj\u00e4hriger Erfahrung in dieser Branche habe ich mich dazu entschieden, in den Lehrerberuf im Quereinstieg einzusteigen. Besonders begeistert mich die Innovationskraft und der Fokus auf individuelle F\u00f6rderung, die Ihre Schule auszeichnet. Aus diesen Gr\u00fcnden bewerbe ich mich hiermit auf die ausgeschriebene Lehrerstelle f\u00fcr Gesellschaftswissenschaften.<\/p>  <p><strong>Teil 2: Hauptteil<\/strong><\/p>  <p>Der Hauptteil Ihres Bewerbungsschreibens ist der wichtigste Teil und sollte Ihre Qualifikationen, F\u00e4higkeiten und Erfahrungen hervorheben. Hier sind einige Punkte, die Sie ber\u00fccksichtigen sollten:<\/p>  <ol> <li>Geben Sie einen \u00dcberblick \u00fcber Ihre Ausbildung und Ihre bisherige Berufserfahrung.<\/li> <dd>&#8211; Erl\u00e4utern Sie, wie Ihre bisherige Erfahrung Sie f\u00fcr den Lehrerberuf im Quereinstieg qualifiziert.<\/dd> <dd>&#8211; Heben Sie relevante F\u00e4higkeiten hervor, die f\u00fcr den Lehrerberuf von Vorteil sind, wie z.B. Kommunikationsf\u00e4higkeit, Teamarbeit, Organisationstalent usw.<\/dd> <li>Verweisen Sie auf Ihre p\u00e4dagogischen und fachlichen Kenntnisse.<\/li> <dd>&#8211; Beschreiben Sie, wie Sie methodisch und didaktisch vorgehen, um Sch\u00fclerinnen und Sch\u00fcler zu f\u00f6rdern und zu motivieren.<\/dd> <li>Betonen Sie Ihre Motivation und Leidenschaft f\u00fcr den Lehrerberuf im Quereinstieg.<\/li> <dd>&#8211; Veranschaulichen Sie, warum Sie gerade in diesem Berufsfeld erfolgreich sein werden.<\/dd> <\/ol>  <p><strong>Beispiel:<\/strong><\/p>  <p>W\u00e4hrend meiner T\u00e4tigkeit als Sozialp\u00e4dagogin habe ich umfangreiche Erfahrungen in der Betreuung und Unterst\u00fctzung von Sch\u00fclerinnen und Sch\u00fclern gesammelt. Diese Erfahrungen erm\u00f6glichten es mir, mein methodisches und didaktisches Repertoire stetig zu erweitern. Ich bin mir der Herausforderungen des Lehrerberufs bewusst und habe stets meine Leidenschaft f\u00fcr das Unterrichten von Jugendlichen unter Beweis gestellt. Meine positive Erfolgsbilanz sowie meine F\u00e4higkeit, individuell auf die Bed\u00fcrfnisse und Interessen der Sch\u00fclerinnen und Sch\u00fcler einzugehen, haben mir das Vertrauen der beteiligten Personen eingebracht.<\/p>  <p><strong>Teil 3: Schlussteil<\/strong><\/p>  <p>Der Schlussteil Ihres Bewerbungsschreibens sollte den Leser dazu ermutigen, mit Ihnen in Kontakt zu treten. Hier sind einige Tipps, wie Sie Ihren Schlussteil gestalten k\u00f6nnen:<\/p>  <ol> <li>Fassen Sie nochmals Ihre St\u00e4rken und Qualifikationen zusammen.<\/li> <li>Dr\u00fccken Sie Ihr Interesse an einem pers\u00f6nlichen Gespr\u00e4ch aus.<\/li> <li>Geben Sie Ihre Kontaktdaten f\u00fcr R\u00fcckfragen an und bedanken Sie sich f\u00fcr die Ber\u00fccksichtigung Ihrer Bewerbung.<\/li> <\/ol>  <p><strong>Beispiel:<\/strong><\/p>  <p>Insgesamt bin ich von meinem Potenzial als Lehrkraft und von der M\u00f6glichkeit, Ihre Schule aktiv bei der individuellen F\u00f6rderung der Sch\u00fclerinnen und Sch\u00fcler zu unterst\u00fctzen, \u00fcberzeugt. Ich w\u00fcrde mich daher sehr freuen, Sie in einem pers\u00f6nlichen Gespr\u00e4ch von meinen St\u00e4rken und Qualifikationen \u00fcberzeugen zu k\u00f6nnen. Sie erreichen mich jederzeit telefonisch unter 0123456789 oder per E-Mail unter anna.schmidt@example.com. Vielen Dank f\u00fcr Ihre Zeit und die Ber\u00fccksichtigung meiner Bewerbung.<\/p>  <p><strong>Schlusswort:<\/strong><\/p>  <p>Ein \u00fcberzeugendes Bewerbungsschreiben ist der erste Schritt, um im Bewerbungsverfahren f\u00fcr eine Lehrerstelle im Quereinstieg erfolgreich zu sein. Mit dieser Anleitung haben Sie eine solide Grundlage, um Ihr eigenes Bewerbungsschreiben zu verfassen. Vergessen Sie nicht, dass ein gut strukturierter und gut formulierter Brief Ihre Chancen auf ein Vorstellungsgespr\u00e4ch erheblich erh\u00f6hen kann.<\/p>\r\n\r\n<\/div><\/div>\r\n\r\n<!-- wp:separator -->\r\n\r\n<hr class=\"wp-block-separator has-alpha-channel-opacity\" \/>","protected":false},"excerpt":{"rendered":"<p>Muster und Vorlage f\u00fcr Bewerbungsschreiben Lehrer Quereinstieg &#8211; Ausf\u00fcllen und Erstellung &#8211; \u00d6ffnen im WORD PDF Datei und Online &nbsp; &#8230; <\/p>\n<p class=\"read-more-container\"><a title=\"\u00d6ffnen &#8211; Bewerbungsschreiben Lehrer Quereinstieg\" class=\"read-more button\" href=\"https:\/\/schreibenpro.com\/de\/bewerbungsschreiben-lehrer-quereinstieg-offnen\/#more-674\" aria-label=\"Mehr zu \u00d6ffnen &#8211; Bewerbungsschreiben Lehrer Quereinstieg\">\u00d6FFNEN <\/a><\/p>\n","protected":false},"author":1,"featured_media":0,"parent":0,"menu_order":0,"comment_status":"closed","ping_status":"closed","template":"","meta":{"footnotes":""},"class_list":{"0":"post-674","1":"page","2":"type-page","3":"status-publish","5":"infinite-scroll-item"},"yoast_head":"<!-- This site is optimized with the Yoast SEO plugin v24.6 - https:\/\/yoast.com\/wordpress\/plugins\/seo\/ -->\n<title>\u00d6ffnen - Bewerbungsschreiben Lehrer Quereinstieg - Schreiben PRO<\/title>\n<meta name=\"robots\" content=\"noindex, follow\" \/>\n<meta property=\"og:locale\" content=\"de_DE\" \/>\n<meta property=\"og:type\" content=\"article\" \/>\n<meta property=\"og:title\" content=\"\u00d6ffnen - Bewerbungsschreiben Lehrer Quereinstieg - Schreiben PRO\" \/>\n<meta property=\"og:description\" content=\"Muster und Vorlage f\u00fcr Bewerbungsschreiben Lehrer Quereinstieg &#8211; Ausf\u00fcllen und Erstellung &#8211; \u00d6ffnen im WORD PDF Datei und Online &nbsp; ... \u00d6FFNEN\" \/>\n<meta property=\"og:url\" content=\"https:\/\/schreibenpro.com\/de\/bewerbungsschreiben-lehrer-quereinstieg-offnen\/\" \/>\n<meta property=\"og:site_name\" content=\"Schreiben PRO\" \/>\n<meta property=\"og:image\" content=\"https:\/\/schreibenpro.com\/de\/wp-content\/uploads\/bewerbungsschreiben-lehrer-quereinstieg-muster-vorlage.jpg\" \/>\n<meta name=\"twitter:card\" content=\"summary_large_image\" \/>\n<meta name=\"twitter:label1\" content=\"Gesch\u00e4tzte Lesezeit\" \/>\n\t<meta name=\"twitter:data1\" content=\"1\u00a0Minute\" \/>\n<!-- \/ Yoast SEO plugin. -->","yoast_head_json":{"title":"\u00d6ffnen - Bewerbungsschreiben Lehrer Quereinstieg - Schreiben PRO","robots":{"index":"noindex","follow":"follow"},"og_locale":"de_DE","og_type":"article","og_title":"\u00d6ffnen - Bewerbungsschreiben Lehrer Quereinstieg - Schreiben PRO","og_description":"Muster und Vorlage f\u00fcr Bewerbungsschreiben Lehrer Quereinstieg &#8211; Ausf\u00fcllen und Erstellung &#8211; \u00d6ffnen im WORD PDF Datei und Online &nbsp; ... \u00d6FFNEN","og_url":"https:\/\/schreibenpro.com\/de\/bewerbungsschreiben-lehrer-quereinstieg-offnen\/","og_site_name":"Schreiben PRO","og_image":[{"url":"https:\/\/schreibenpro.com\/de\/wp-content\/uploads\/bewerbungsschreiben-lehrer-quereinstieg-muster-vorlage.jpg","type":"","width":"","height":""}],"twitter_card":"summary_large_image","twitter_misc":{"Gesch\u00e4tzte Lesezeit":"1\u00a0Minute"},"schema":{"@context":"https:\/\/schema.org","@graph":[{"@type":"WebPage","@id":"https:\/\/schreibenpro.com\/de\/bewerbungsschreiben-lehrer-quereinstieg-offnen\/","url":"https:\/\/schreibenpro.com\/de\/bewerbungsschreiben-lehrer-quereinstieg-offnen\/","name":"\u00d6ffnen - Bewerbungsschreiben Lehrer Quereinstieg - Schreiben PRO","isPartOf":{"@id":"https:\/\/schreibenpro.com\/de\/#website"},"primaryImageOfPage":{"@id":"https:\/\/schreibenpro.com\/de\/bewerbungsschreiben-lehrer-quereinstieg-offnen\/#primaryimage"},"image":{"@id":"https:\/\/schreibenpro.com\/de\/bewerbungsschreiben-lehrer-quereinstieg-offnen\/#primaryimage"},"thumbnailUrl":"https:\/\/schreibenpro.com\/de\/wp-content\/uploads\/bewerbungsschreiben-lehrer-quereinstieg-muster-vorlage.jpg","datePublished":"2023-12-18T08:25:29+00:00","breadcrumb":{"@id":"https:\/\/schreibenpro.com\/de\/bewerbungsschreiben-lehrer-quereinstieg-offnen\/#breadcrumb"},"inLanguage":"de","potentialAction":[{"@type":"ReadAction","target":["https:\/\/schreibenpro.com\/de\/bewerbungsschreiben-lehrer-quereinstieg-offnen\/"]}]},{"@type":"ImageObject","inLanguage":"de","@id":"https:\/\/schreibenpro.com\/de\/bewerbungsschreiben-lehrer-quereinstieg-offnen\/#primaryimage","url":"https:\/\/schreibenpro.com\/de\/wp-content\/uploads\/anschreiben-zum-angebot-muster-vorlage.jpg","contentUrl":"https:\/\/schreibenpro.com\/de\/wp-content\/uploads\/anschreiben-zum-angebot-muster-vorlage.jpg","width":1410,"height":2250},{"@type":"BreadcrumbList","@id":"https:\/\/schreibenpro.com\/de\/bewerbungsschreiben-lehrer-quereinstieg-offnen\/#breadcrumb","itemListElement":[{"@type":"ListItem","position":1,"name":"Portada","item":"https:\/\/schreibenpro.com\/de\/"},{"@type":"ListItem","position":2,"name":"\u00d6ffnen &#8211; Bewerbungsschreiben Lehrer Quereinstieg"}]},{"@type":"WebSite","@id":"https:\/\/schreibenpro.com\/de\/#website","url":"https:\/\/schreibenpro.com\/de\/","name":"Schreiben PRO","description":"Muster und Vorlage","publisher":{"@id":"https:\/\/schreibenpro.com\/de\/#organization"},"potentialAction":[{"@type":"SearchAction","target":{"@type":"EntryPoint","urlTemplate":"https:\/\/schreibenpro.com\/de\/?s={search_term_string}"},"query-input":{"@type":"PropertyValueSpecification","valueRequired":true,"valueName":"search_term_string"}}],"inLanguage":"de"},{"@type":"Organization","@id":"https:\/\/schreibenpro.com\/de\/#organization","name":"Schreiben PRO","url":"https:\/\/schreibenpro.com\/de\/","logo":{"@type":"ImageObject","inLanguage":"de","@id":"https:\/\/schreibenpro.com\/de\/#\/schema\/logo\/image\/","url":"https:\/\/schreibenpro.com\/de\/wp-content\/uploads\/cropped-fav.png","contentUrl":"https:\/\/schreibenpro.com\/de\/wp-content\/uploads\/cropped-fav.png","width":512,"height":512,"caption":"Schreiben PRO"},"image":{"@id":"https:\/\/schreibenpro.com\/de\/#\/schema\/logo\/image\/"}}]}},"_links":{"self":[{"href":"https:\/\/schreibenpro.com\/de\/wp-json\/wp\/v2\/pages\/674","targetHints":{"allow":["GET"]}}],"collection":[{"href":"https:\/\/schreibenpro.com\/de\/wp-json\/wp\/v2\/pages"}],"about":[{"href":"https:\/\/schreibenpro.com\/de\/wp-json\/wp\/v2\/types\/page"}],"author":[{"embeddable":true,"href":"https:\/\/schreibenpro.com\/de\/wp-json\/wp\/v2\/users\/1"}],"replies":[{"embeddable":true,"href":"https:\/\/schreibenpro.com\/de\/wp-json\/wp\/v2\/comments?post=674"}],"version-history":[{"count":0,"href":"https:\/\/schreibenpro.com\/de\/wp-json\/wp\/v2\/pages\/674\/revisions"}],"wp:attachment":[{"href":"https:\/\/schreibenpro.com\/de\/wp-json\/wp\/v2\/media?parent=674"}],"curies":[{"name":"wp","href":"https:\/\/api.w.org\/{rel}","templated":true}]}}