{"id":682,"date":"2023-12-18T08:25:33","date_gmt":"2023-12-18T08:25:33","guid":{"rendered":"https:\/\/schreibenpro.com\/de\/haus-kaufen-interesse-schreiben-offnen\/"},"modified":"2023-12-18T08:25:33","modified_gmt":"2023-12-18T08:25:33","slug":"haus-kaufen-interesse-schreiben-offnen","status":"publish","type":"page","link":"https:\/\/schreibenpro.com\/de\/haus-kaufen-interesse-schreiben-offnen\/","title":{"rendered":"\u00d6ffnen &#8211; Haus Kaufen Interesse Schreiben"},"content":{"rendered":"\r\n<p class=\"has-text-align-center\">Muster und Vorlage f\u00fcr <strong> Haus Kaufen Interesse Schreiben<\/strong> &#8211; Ausf\u00fcllen und Erstellung  &#8211; \u00d6ffnen im <strong>PDF  WORD<\/strong> Datei und Online<\/p>\r\n\r\n\r\n\r\n\r\n<div class=\"wp-block-image\">\r\n<figure class=\"aligncenter size-large is-resized\"><img loading=\"lazy\" decoding=\"async\" class=\"wp-image-215\" src=\"https:\/\/schreibenpro.com\/de\/wp-content\/uploads\/haus-kaufen-interesse-schreiben-muster-vorlage.jpg\" alt=\"\" width=\"245\" height=\"391\" \/><\/figure>\r\n<\/div>\r\n\r\n\r\n\r\n<hr class=\"wp-block-separator has-alpha-channel-opacity\" \/>\r\n\r\n\r\n\r\n\r\n\r\n<div class=\"su-note\"  style=\"border-color:#e5e5e5;border-radius:10px;-moz-border-radius:10px;-webkit-border-radius:10px;\"><div class=\"su-note-inner su-u-clearfix su-u-trim\" style=\"background-color:#FFFFFF;border-color:#ffffff;color:#333333;border-radius:10px;-moz-border-radius:10px;-webkit-border-radius:10px;\">\r\n\r\n<section id=\"specialParagraph\"><p><strong>An:<\/strong><br> [Name des Immobilienmaklers]<br> [Name des Immobilienunternehmens]<br> [Adresse des Immobilienunternehmens]<br> [Stadt, PLZ]  <p><strong>Von:<\/strong><br> [Ihr Name]<br> [Ihre Adresse]<br> [Stadt, PLZ]<br> [Ihre Kontaktdaten]  <p><strong>Datum:<\/strong><br> [aktuelles Datum]  <p><strong>Betreff:<\/strong> Interesse am Kauf eines Hauses<\/p>  <p><strong>Lieber [Name des Immobilienmaklers],<\/strong><\/p>  <p>Ich hoffe, diese Nachricht findet Sie in bester Gesundheit und bester Laune. Ich schreibe Ihnen, um mein aufrichtiges Interesse am Kauf eines Hauses auszudr\u00fccken, das von Ihrem Unternehmen angeboten wird. Ich habe Ihre Website und Online-Angebote gr\u00fcndlich durchgesehen und bin auf die Immobilie [Adressenangabe oder Objektnummer der interessierten Immobilie] aufmerksam geworden, die mein Interesse geweckt hat.<\/p>  <p><strong><b>Einleitung:<\/b><\/strong><\/p>  <p>In dieser Einleitung m\u00f6chten Sie Ihre Beziehung zum Immobilienmakler und -unternehmen etablieren. Beschreiben Sie kurz, wie Sie auf das Haus aufmerksam geworden sind und warum es Ihr Interesse geweckt hat.<\/p>  <p><strong><b>Warum dieses Haus?<\/b><\/strong><\/p>  <p>Ich habe lange nach einem idealen Zuhause gesucht und nach ausgiebiger Recherche bin ich \u00fcberzeugt, dass das Haus, das Sie anbieten, meinen Anforderungen und W\u00fcnschen entspricht. Folgende Gr\u00fcnde haben mich besonders angezogen:<\/p>  <dl> <dt>&#8211; Lage:<\/dt> <dd>Die Lage des Hauses ist f\u00fcr mich \u00e4u\u00dferst attraktiv. Es befindet sich in einer ruhigen und gut etablierten Wohngegend, die sowohl eine gute Anbindung an die Innenstadt als auch an diverse Einkaufs- und Freizeitm\u00f6glichkeiten bietet.<\/dd>  <dt>&#8211; Gr\u00f6\u00dfe und Layout:<\/dt> <dd>Das Haus bietet die ideale Gr\u00f6\u00dfe f\u00fcr meine Bed\u00fcrfnisse. Die R\u00e4ume sind gut aufgeteilt und bieten ausreichend Platz f\u00fcr meinen Lebensstil und meine Familie.<\/dd>  <dt>&#8211; Zustand und Qualit\u00e4t:<\/dt> <dd>Ich habe festgestellt, dass das Haus in einem ausgezeichneten Zustand ist und sorgf\u00e4ltig gewartet wurde. Die hochwertigen Materialien und die Liebe zum Detail sind eindeutig erkennbar und verleihen dem Haus einen besonderen Charme.<\/dd>  <dt>&#8211; Au\u00dfenbereich:<\/dt> <dd>Der gut gepflegte Garten und der sch\u00f6ne Innenhof bieten zus\u00e4tzlichen Platz f\u00fcr Outdoor-Aktivit\u00e4ten und sind ein weiteres Plus dieses Hauses.<\/dd> <\/dl>  <p><strong><b>Finanzen:<\/b><\/strong><\/p>  <p>Bitte teilen Sie mir mit, wie ich den genauen Kaufpreis und alle weiteren eventuellen Kosten wie Maklergeb\u00fchren, Steuern oder Renovierungskosten ermitteln kann. Ich plane, eine Finanzierung f\u00fcr den Kauf des Hauses zu beantragen und w\u00fcrde gerne wissen, ob Ihr Unternehmen spezielle Bedingungen oder Finanzierungsoptionen anbietet.<\/p>  <p><strong><b>Besichtigung:<\/b><\/strong><\/p>  <p>Um eine fundierte Entscheidung treffen zu k\u00f6nnen, w\u00fcrde ich gerne eine Besichtigung des Hauses vereinbaren. Bitte lassen Sie mich wissen, wann es Ihnen am besten passt und ob ich vorab weitere Informationen oder Dokumente f\u00fcr die Besichtigung ben\u00f6tige.<\/p>  <p><strong><b>Zusammenfassung:<\/b><\/strong><\/p>  <p>Ich bedanke mich im Voraus f\u00fcr Ihre Zeit und Ihre Unterst\u00fctzung bei der Beantwortung meiner Fragen. Das Haus, das Sie anbieten, scheint genau das zu sein, wonach ich lange gesucht habe. Ich hoffe, dass wir einen Termin f\u00fcr eine Besichtigung vereinbaren k\u00f6nnen und freue mich auf Ihre R\u00fcckmeldung.<\/p>  <p>Mit freundlichen Gr\u00fc\u00dfen,<\/p>  [Ihr Name]  <p><strong>Anlagen:<\/strong><br> &#8211; Kopie meines Ausweises<br> &#8211; Finanzierungsunterlagen (falls erforderlich)<\/p><\/section><\/div><\/div>\r\n\r\n&nbsp;\r\n\r\n\r\n\r\n\r\n\r\n\r\n<p class=\"has-text-align-center\">Muster und Vorlage f\u00fcr <strong> Haus Kaufen Interesse Schreiben <\/strong> zur Anpassung und Erstellung  im <strong>WORD<\/strong>\u2013 und <strong>PDF-Format<\/strong><\/p>\r\n\r\n\r\n<button id=\"generatePDF\">Erstellen (PDF &#8211; WORD)<\/button>\r\n\r\n\r\n\r\n<hr class=\"wp-block-separator has-alpha-channel-opacity\" \/>\r\n\r\n\r\n\r\n<p style=\"text-align: center;\"><strong>Haus Kaufen Interesse Schreiben<\/strong><\/p>\r\n\r\n<div class=\"wp-block-columns is-layout-flex wp-container-core-columns-is-layout-9d6595d7 wp-block-columns-is-layout-flex\">\r\n\r\n\r\n<div class=\"wp-block-column is-layout-flow wp-block-column-is-layout-flow\"><div class=\"su-button-center\"><a href=\"https:\/\/briefe-fuer-immobilienmakler.de\/cust\/Briefe%20f%C3%BCr%20Immobilienmakler.pdf\" class=\"su-button su-button-style-flat\" style=\"color:#FFFFFF;background-color:#144bb6;border-color:#103c92;border-radius:1px\" target=\"_self\"><span style=\"color:#FFFFFF;padding:0px 24px;font-size:18px;line-height:36px;border-color:#5b81cc;border-radius:1px;text-shadow:none\">   PDF <\/span><\/a><\/div>\n<\/div>\r\n\r\n\r\n\r\n<div class=\"wp-block-column is-layout-flow wp-block-column-is-layout-flow\"><div class=\"su-button-center\"><a href=\"https:\/\/jimdo-storage.global.ssl.fastly.net\/file\/b7b12357-3547-4eba-9cb4-e96e0e93a5df\/Gebotsabgabe%20zum%20Bieterverfahren%20Vorlage.docx\" class=\"su-button su-button-style-flat\" style=\"color:#FFFFFF;background-color:#144bb6;border-color:#103c92;border-radius:1px\" target=\"_self\"><span style=\"color:#FFFFFF;padding:0px 24px;font-size:18px;line-height:36px;border-color:#5b81cc;border-radius:1px;text-shadow:none\">   DOC<\/span><\/a><\/div>\n<\/div>\r\n\r\n\r\n<\/div>\r\n\r\n\r\n\r\n<p style=\"text-align: center;\"><strong>Beispiele<\/strong><\/p>\r\n\r\n<div class=\"wp-block-columns is-layout-flex wp-container-core-columns-is-layout-9d6595d7 wp-block-columns-is-layout-flex\">\r\n\r\n\r\n<div class=\"wp-block-column is-layout-flow wp-block-column-is-layout-flow\"><div class=\"su-button-center\"><a href=\"https:\/\/briefe-fuer-immobilienmakler.de\/cust\/Briefe%20f%C3%BCr%20Immobilienmakler.pdf\" class=\"su-button su-button-style-flat\" style=\"color:#FFFFFF;background-color:#144bb6;border-color:#103c92;border-radius:1px\" target=\"_self\"><span style=\"color:#FFFFFF;padding:0px 24px;font-size:18px;line-height:36px;border-color:#5b81cc;border-radius:1px;text-shadow:none\">  Beispiel &#8211; 1 <\/span><\/a><\/div>\n<\/div>\r\n\r\n\r\n\r\n<div class=\"wp-block-column is-layout-flow wp-block-column-is-layout-flow\"><div class=\"su-button-center\"><a href=\"https:\/\/www.immobilien-profi.de\/cms\/media\/ip-pdf\/dossiers\/DossierVerkaufsskripte.pdf\" class=\"su-button su-button-style-flat\" style=\"color:#FFFFFF;background-color:#144bb6;border-color:#103c92;border-radius:1px\" target=\"_self\"><span style=\"color:#FFFFFF;padding:0px 24px;font-size:18px;line-height:36px;border-color:#5b81cc;border-radius:1px;text-shadow:none\">  Beispiel &#8211; 2 <\/span><\/a><\/div>\n<\/div>\r\n\r\n\r\n<\/div>\r\n\r\n\r\n<hr class=\"wp-block-separator has-alpha-channel-opacity\" \/>\r\n\r\n\r\n\r\n<div class=\"wp-block-columns is-layout-flex wp-container-core-columns-is-layout-9d6595d7 wp-block-columns-is-layout-flex\">\r\n\r\n\r\n<div class=\"wp-block-column is-layout-flow wp-block-column-is-layout-flow\"><div class=\"su-button-center\"><a href=\"http:\/\/cockpit-direct.flowfact.me\/main\/files\/mehr_erfolg_mit_professionellen_vorlagen.pdf\" class=\"su-button su-button-style-flat\" style=\"color:#FFFFFF;background-color:#144bb6;border-color:#103c92;border-radius:1px\" target=\"_self\"><span style=\"color:#FFFFFF;padding:0px 24px;font-size:18px;line-height:36px;border-color:#5b81cc;border-radius:1px;text-shadow:none\">  Beispiel &#8211; 3 <\/span><\/a><\/div>\n<\/div>\r\n\r\n\r\n\r\n<div class=\"wp-block-column is-layout-flow wp-block-column-is-layout-flow\"><div class=\"su-button-center\"><a href=\"https:\/\/briefe-fuer-immobilienmakler.de\/cust\/Briefe%20f%C3%BCr%20Immobilienmakler.pdf\" class=\"su-button su-button-style-flat\" style=\"color:#FFFFFF;background-color:#144bb6;border-color:#103c92;border-radius:1px\" target=\"_self\"><span style=\"color:#FFFFFF;padding:0px 24px;font-size:18px;line-height:36px;border-color:#5b81cc;border-radius:1px;text-shadow:none\">  Beispiel &#8211; 4 <\/span><\/a><\/div>\n<\/div>\r\n\r\n\r\n<\/div>\r\n\r\n\r\n<hr class=\"wp-block-separator has-alpha-channel-opacity\" \/>\r\n\r\n<!-- \/wp:post-content -->\r\n\r\n<!-- wp:table {\"align\":\"center\"} -->\r\n<figure class=\"wp-block-table aligncenter\">\r\n<table>\r\n<tbody>\r\n<tr>\r\n<td style=\"text-align: center;\">Haus Kaufen Interesse Schreiben<\/td>\r\n<\/tr>\r\n<tr>\r\n<td style=\"text-align: center;\">PDF &#8211; WORD Datei<\/td>\r\n<\/tr>\r\n<tr>\r\n<td style=\"text-align: center;\">Bewertung: \u2b50\u2b50\u2b50\u2b50\u2b50 4.67<\/td>\r\n<\/tr>\r\n<tr>\r\n<td style=\"text-align: center;\">Ergebnisse &#8211; 3967<\/td>\r\n<\/tr>\r\n<\/tbody>\r\n<\/table>\r\n<\/figure>\r\n<!-- \/wp:table -->\r\n\r\n<!-- wp:separator -->\r\n\r\n<hr class=\"wp-block-separator has-alpha-channel-opacity\" \/>\r\n\r\n<!-- \/wp:separator -->\r\n\r\n<div class=\"su-note\"  style=\"border-color:#e5e5e5;border-radius:10px;-moz-border-radius:10px;-webkit-border-radius:10px;\"><div class=\"su-note-inner su-u-clearfix su-u-trim\" style=\"background-color:#FFFFFF;border-color:#ffffff;color:#333333;border-radius:10px;-moz-border-radius:10px;-webkit-border-radius:10px;\">\r\n\r\n<p><strong>Einf\u00fchrung:<\/strong><\/p>  <p>Ein Haus Kaufen Interesse Schreiben ist ein formeller Brief, den Sie an den Verk\u00e4ufer oder den Immobilienmakler senden, um Ihr Interesse an einem bestimmten Haus zum Ausdruck zu bringen. Dieser Brief dient dazu, Ihre Motivation und Ihr Interesse am Kauf des Hauses zu zeigen und den Verk\u00e4ufer zu ermutigen, mit Ihnen in Verhandlung zu treten.<\/p>  <p>In dieser Anleitung werden wir Ihnen Tipps und Beispiele geben, wie Sie ein effektives Haus Kaufen Interesse Schreiben verfassen k\u00f6nnen.<\/p>  <p><strong>Teil 1: Einleitung<\/strong><\/p>  <p>Die Einleitung ist der erste Teil Ihres Haus Kaufen Interesse Schreibens und sollte den Zweck des Briefes klar und pr\u00e4gnant darstellen. Hier sind einige Tipps, wie Sie die Einleitung gestalten k\u00f6nnen:<\/p>  <p>1. Beginnen Sie mit einer h\u00f6flichen Anrede wie &#8220;Sehr geehrter Herr\/Frau [Name des Verk\u00e4ufers oder des Immobilienmaklers]&#8221;.<\/p> <p>2. Stellen Sie sich kurz vor und nennen Sie Ihren vollst\u00e4ndigen Namen.<\/p> <p>3. Dr\u00fccken Sie Ihr Interesse an dem spezifischen Haus aus, \u00fcber das Sie mehr erfahren m\u00f6chten oder das Sie kaufen m\u00f6chten.<\/p> <p>4. Geben Sie an, wie Sie von dem Haus erfahren haben, z.B. durch eine Zeitungsanzeige, eine Immobilienwebsite oder eine Empfehlung.<\/p>  <p><strong>Beispiel:<\/strong><\/p> <p>Sehr geehrter Herr M\u00fcller,<\/p> <p>Mein Name ist Julia Schmidt und ich schreibe Ihnen, um mein ernsthaftes Interesse an dem Haus in der Musterstra\u00dfe 123 zum Ausdruck zu bringen. Ich habe von dem Haus durch Ihre Anzeige auf Immobilien.com erfahren und war sofort von den Bildern und der Beschreibung beeindruckt.<\/p>  <p><strong>Teil 2: Hauptteil<\/strong><\/p>  <p>Der Hauptteil Ihres Haus Kaufen Interesse Schreibens erm\u00f6glicht es Ihnen, genauer auf die Gr\u00fcnde f\u00fcr Ihr Interesse an dem Haus einzugehen. Hier sind einige Punkte, die Sie in diesem Teil abdecken k\u00f6nnen:<\/p>  <p>1. Beschreiben Sie die Funktionen und Eigenschaften des Hauses, die Sie besonders ansprechen. Seien Sie spezifisch und f\u00fcgen Sie Details hinzu, um Ihr Interesse zu verdeutlichen.<\/p> <p>2. Listen Sie eventuelle Renovierungen oder Upgrades auf, die Sie planen, um das Haus an Ihre Bed\u00fcrfnisse anzupassen.<\/p> <p>3. Erw\u00e4hnen Sie, wie das Haus zu Ihren Zukunftspl\u00e4nen und Ihren Lebenszielen passt, z.B. als Familienhaus oder als langfristige Investition.<\/p>  <p><strong>Beispiel:<\/strong><\/p> <p>Was mich besonders an dem Haus in der Musterstra\u00dfe 123 anspricht, ist der charmante viktorianische Stil, der perfekt zu meinem Geschmack und meinen Vorlieben passt. Die ger\u00e4umige K\u00fcche und der offene Grundriss sind ideal f\u00fcr Familienessen und Unterhaltung. Au\u00dferdem liebe ich den gro\u00dfen Garten, der Platz f\u00fcr meine Kinder zum Spielen bietet. Ich habe bereits mit einem Architekten gesprochen und w\u00fcrde gerne einige Renovierungen vornehmen, um das Dachgeschoss in ein zus\u00e4tzliches Schlafzimmer und ein B\u00fcro umzuwandeln.<\/p>  <p><strong>Teil 3: Schluss<\/strong><\/p>  <p>Der Schluss Ihres Haus Kaufen Interesse Schreibens soll den Verk\u00e4ufer ermutigen, in Kontakt mit Ihnen zu treten und weitere Informationen bereitzustellen. Hier sind einige Punkte, die Sie in diesem Teil erw\u00e4hnen k\u00f6nnen:<\/p>  <p>1. Dr\u00fccken Sie erneut Ihr Interesse an einem pers\u00f6nlichen Treffen oder einer Besichtigung des Hauses aus.<\/p> <p>2. Geben Sie Ihre Kontaktdaten an, z.B. Ihre Telefonnummer und E-Mail-Adresse, damit der Verk\u00e4ufer Sie erreichen kann.<\/p> <p>3. Bedanken Sie sich h\u00f6flich f\u00fcr die Zeit und die Ber\u00fccksichtigung Ihres Briefes.<\/p>  <p><strong>Beispiel:<\/strong><\/p> <p>Ich w\u00fcrde mich sehr freuen, das Haus in der Musterstra\u00dfe 123 pers\u00f6nlich zu besichtigen und weitere Informationen zu erhalten. Sie k\u00f6nnen mich unter der Telefonnummer 0123456789 oder per E-Mail unter j.schmidt@email.com erreichen. Vielen Dank f\u00fcr Ihre Zeit und Ihre Ber\u00fccksichtigung meines Schreibens.<\/p>  <p><strong>Teil 4: Formale Gestaltung und Aufbau<\/strong><\/p>  <p>Ein effektives Haus Kaufen Interesse Schreiben sollte eine klare und professionelle formale Gestaltung haben. Hier sind einige Punkte, die Sie beachten sollten:<\/p>  <p>1. Verwenden Sie eine professionelle Schriftart wie Arial oder Times New Roman.<\/p> <p>2. Formatieren Sie den Brief mit Abs\u00e4tzen, um den Text \u00fcbersichtlich zu gliedern.<\/p> <p>3. Verwenden Sie fettgedruckte oder kursiv geschriebene Texte, um bestimmte Informationen hervorzuheben.<\/p> <p>4. Vergessen Sie nicht, Ihren Namen am Ende des Briefes zu unterschreiben.<\/p>  <p><strong>Beispiel:<\/strong><\/p> <p>Mit freundlichen Gr\u00fc\u00dfen,<\/p> [Ihr vollst\u00e4ndiger Name]  <p><strong>:<\/strong><\/p>  <p>Das Verfassen eines Haus Kaufen Interesse Schreibens erfordert Sorgfalt und \u00dcberlegung. Durch die Nutzung unserer Anleitung und der Tipps und Beispiele k\u00f6nnen Sie ein effektives Schreiben verfassen, das Ihr Interesse am Kauf des Hauses deutlich macht und den Verk\u00e4ufer ermutigt, mit Ihnen in Verhandlung zu treten. Vergessen Sie nicht, den Brief sorgf\u00e4ltig zu formatieren und zu \u00fcberpr\u00fcfen, bevor Sie ihn senden, um einen positiven Eindruck zu hinterlassen.<\/p>\r\n\r\n<\/div><\/div>\r\n\r\n<!-- wp:separator -->\r\n\r\n<hr class=\"wp-block-separator has-alpha-channel-opacity\" \/>","protected":false},"excerpt":{"rendered":"<p>Muster und Vorlage f\u00fcr Haus Kaufen Interesse Schreiben &#8211; Ausf\u00fcllen und Erstellung &#8211; \u00d6ffnen im PDF WORD Datei und Online &#8230; <\/p>\n<p class=\"read-more-container\"><a title=\"\u00d6ffnen &#8211; Haus Kaufen Interesse Schreiben\" class=\"read-more button\" href=\"https:\/\/schreibenpro.com\/de\/haus-kaufen-interesse-schreiben-offnen\/#more-682\" aria-label=\"Mehr zu \u00d6ffnen &#8211; Haus Kaufen Interesse Schreiben\">\u00d6FFNEN <\/a><\/p>\n","protected":false},"author":1,"featured_media":0,"parent":0,"menu_order":0,"comment_status":"closed","ping_status":"closed","template":"","meta":{"footnotes":""},"class_list":{"0":"post-682","1":"page","2":"type-page","3":"status-publish","5":"infinite-scroll-item"},"yoast_head":"<!-- This site is optimized with the Yoast SEO plugin v24.6 - https:\/\/yoast.com\/wordpress\/plugins\/seo\/ -->\n<title>\u00d6ffnen - Haus Kaufen Interesse Schreiben - Schreiben PRO<\/title>\n<meta name=\"robots\" content=\"noindex, follow\" \/>\n<meta property=\"og:locale\" content=\"de_DE\" \/>\n<meta property=\"og:type\" content=\"article\" \/>\n<meta property=\"og:title\" content=\"\u00d6ffnen - Haus Kaufen Interesse Schreiben - Schreiben PRO\" \/>\n<meta property=\"og:description\" content=\"Muster und Vorlage f\u00fcr Haus Kaufen Interesse Schreiben &#8211; Ausf\u00fcllen und Erstellung &#8211; \u00d6ffnen im PDF WORD Datei und Online ... \u00d6FFNEN\" \/>\n<meta property=\"og:url\" content=\"https:\/\/schreibenpro.com\/de\/haus-kaufen-interesse-schreiben-offnen\/\" \/>\n<meta property=\"og:site_name\" content=\"Schreiben PRO\" \/>\n<meta property=\"og:image\" content=\"https:\/\/schreibenpro.com\/de\/wp-content\/uploads\/haus-kaufen-interesse-schreiben-muster-vorlage.jpg\" \/>\n<meta name=\"twitter:card\" content=\"summary_large_image\" \/>\n<meta name=\"twitter:label1\" content=\"Gesch\u00e4tzte Lesezeit\" \/>\n\t<meta name=\"twitter:data1\" content=\"1\u00a0Minute\" \/>\n<!-- \/ Yoast SEO plugin. -->","yoast_head_json":{"title":"\u00d6ffnen - Haus Kaufen Interesse Schreiben - Schreiben PRO","robots":{"index":"noindex","follow":"follow"},"og_locale":"de_DE","og_type":"article","og_title":"\u00d6ffnen - Haus Kaufen Interesse Schreiben - Schreiben PRO","og_description":"Muster und Vorlage f\u00fcr Haus Kaufen Interesse Schreiben &#8211; Ausf\u00fcllen und Erstellung &#8211; \u00d6ffnen im PDF WORD Datei und Online ... \u00d6FFNEN","og_url":"https:\/\/schreibenpro.com\/de\/haus-kaufen-interesse-schreiben-offnen\/","og_site_name":"Schreiben PRO","og_image":[{"url":"https:\/\/schreibenpro.com\/de\/wp-content\/uploads\/haus-kaufen-interesse-schreiben-muster-vorlage.jpg","type":"","width":"","height":""}],"twitter_card":"summary_large_image","twitter_misc":{"Gesch\u00e4tzte Lesezeit":"1\u00a0Minute"},"schema":{"@context":"https:\/\/schema.org","@graph":[{"@type":"WebPage","@id":"https:\/\/schreibenpro.com\/de\/haus-kaufen-interesse-schreiben-offnen\/","url":"https:\/\/schreibenpro.com\/de\/haus-kaufen-interesse-schreiben-offnen\/","name":"\u00d6ffnen - Haus Kaufen Interesse Schreiben - Schreiben PRO","isPartOf":{"@id":"https:\/\/schreibenpro.com\/de\/#website"},"primaryImageOfPage":{"@id":"https:\/\/schreibenpro.com\/de\/haus-kaufen-interesse-schreiben-offnen\/#primaryimage"},"image":{"@id":"https:\/\/schreibenpro.com\/de\/haus-kaufen-interesse-schreiben-offnen\/#primaryimage"},"thumbnailUrl":"https:\/\/schreibenpro.com\/de\/wp-content\/uploads\/haus-kaufen-interesse-schreiben-muster-vorlage.jpg","datePublished":"2023-12-18T08:25:33+00:00","breadcrumb":{"@id":"https:\/\/schreibenpro.com\/de\/haus-kaufen-interesse-schreiben-offnen\/#breadcrumb"},"inLanguage":"de","potentialAction":[{"@type":"ReadAction","target":["https:\/\/schreibenpro.com\/de\/haus-kaufen-interesse-schreiben-offnen\/"]}]},{"@type":"ImageObject","inLanguage":"de","@id":"https:\/\/schreibenpro.com\/de\/haus-kaufen-interesse-schreiben-offnen\/#primaryimage","url":"https:\/\/schreibenpro.com\/de\/wp-content\/uploads\/anschreiben-zum-angebot-muster-vorlage.jpg","contentUrl":"https:\/\/schreibenpro.com\/de\/wp-content\/uploads\/anschreiben-zum-angebot-muster-vorlage.jpg","width":1410,"height":2250},{"@type":"BreadcrumbList","@id":"https:\/\/schreibenpro.com\/de\/haus-kaufen-interesse-schreiben-offnen\/#breadcrumb","itemListElement":[{"@type":"ListItem","position":1,"name":"Portada","item":"https:\/\/schreibenpro.com\/de\/"},{"@type":"ListItem","position":2,"name":"\u00d6ffnen &#8211; Haus Kaufen Interesse Schreiben"}]},{"@type":"WebSite","@id":"https:\/\/schreibenpro.com\/de\/#website","url":"https:\/\/schreibenpro.com\/de\/","name":"Schreiben PRO","description":"Muster und Vorlage","publisher":{"@id":"https:\/\/schreibenpro.com\/de\/#organization"},"potentialAction":[{"@type":"SearchAction","target":{"@type":"EntryPoint","urlTemplate":"https:\/\/schreibenpro.com\/de\/?s={search_term_string}"},"query-input":{"@type":"PropertyValueSpecification","valueRequired":true,"valueName":"search_term_string"}}],"inLanguage":"de"},{"@type":"Organization","@id":"https:\/\/schreibenpro.com\/de\/#organization","name":"Schreiben PRO","url":"https:\/\/schreibenpro.com\/de\/","logo":{"@type":"ImageObject","inLanguage":"de","@id":"https:\/\/schreibenpro.com\/de\/#\/schema\/logo\/image\/","url":"https:\/\/schreibenpro.com\/de\/wp-content\/uploads\/cropped-fav.png","contentUrl":"https:\/\/schreibenpro.com\/de\/wp-content\/uploads\/cropped-fav.png","width":512,"height":512,"caption":"Schreiben PRO"},"image":{"@id":"https:\/\/schreibenpro.com\/de\/#\/schema\/logo\/image\/"}}]}},"_links":{"self":[{"href":"https:\/\/schreibenpro.com\/de\/wp-json\/wp\/v2\/pages\/682","targetHints":{"allow":["GET"]}}],"collection":[{"href":"https:\/\/schreibenpro.com\/de\/wp-json\/wp\/v2\/pages"}],"about":[{"href":"https:\/\/schreibenpro.com\/de\/wp-json\/wp\/v2\/types\/page"}],"author":[{"embeddable":true,"href":"https:\/\/schreibenpro.com\/de\/wp-json\/wp\/v2\/users\/1"}],"replies":[{"embeddable":true,"href":"https:\/\/schreibenpro.com\/de\/wp-json\/wp\/v2\/comments?post=682"}],"version-history":[{"count":0,"href":"https:\/\/schreibenpro.com\/de\/wp-json\/wp\/v2\/pages\/682\/revisions"}],"wp:attachment":[{"href":"https:\/\/schreibenpro.com\/de\/wp-json\/wp\/v2\/media?parent=682"}],"curies":[{"name":"wp","href":"https:\/\/api.w.org\/{rel}","templated":true}]}}