{"id":691,"date":"2023-12-18T08:25:37","date_gmt":"2023-12-18T08:25:37","guid":{"rendered":"https:\/\/schreibenpro.com\/de\/einladungsschreiben-fur-auslandische-gaste-offnen\/"},"modified":"2023-12-18T08:25:37","modified_gmt":"2023-12-18T08:25:37","slug":"einladungsschreiben-fur-auslandische-gaste-offnen","status":"publish","type":"page","link":"https:\/\/schreibenpro.com\/de\/einladungsschreiben-fur-auslandische-gaste-offnen\/","title":{"rendered":"\u00d6ffnen &#8211; Einladungsschreiben F\u00fcr Ausl\u00e4ndische G\u00e4ste"},"content":{"rendered":"\r\n<p class=\"has-text-align-center\">Muster und Vorlage f\u00fcr <strong> Einladungsschreiben F\u00fcr Ausl\u00e4ndische G\u00e4ste<\/strong> &#8211; Ausf\u00fcllen und Erstellung  &#8211; \u00d6ffnen im <strong>PDF  WORD<\/strong> Datei und Online<\/p>\r\n\r\n\r\n\r\n\r\n<div class=\"wp-block-image\">\r\n<figure class=\"aligncenter size-large is-resized\"><img loading=\"lazy\" decoding=\"async\" class=\"wp-image-215\" src=\"https:\/\/schreibenpro.com\/de\/wp-content\/uploads\/einladungsschreiben-fur-auslandische-gaste-muster-vorlage.jpg\" alt=\"\" width=\"245\" height=\"391\" \/><\/figure>\r\n<\/div>\r\n\r\n\r\n\r\n<hr class=\"wp-block-separator has-alpha-channel-opacity\" \/>\r\n\r\n\r\n\r\n\r\n\r\n<div class=\"su-note\"  style=\"border-color:#e5e5e5;border-radius:10px;-moz-border-radius:10px;-webkit-border-radius:10px;\"><div class=\"su-note-inner su-u-clearfix su-u-trim\" style=\"background-color:#FFFFFF;border-color:#ffffff;color:#333333;border-radius:10px;-moz-border-radius:10px;-webkit-border-radius:10px;\">\r\n\r\n<section id=\"specialParagraph\"><p><strong>Einleitung:<\/strong><\/p> <p>Sehr geehrte\/r [Name des Gastes],<\/p> <p>Ich hoffe, dass Sie diese Einladung in bester Gesundheit erreicht. Es ist mir eine gro\u00dfe Freude, Ihnen officialName zur officialOccasion einzuladen, die am officialDate stattfinden wird. Unser Team hat sich viel M\u00fche gegeben, um eine unvergessliche Veranstaltung zu planen, und es w\u00fcrde uns sehr freuen, Sie als unseren ausl\u00e4ndischen Gast dabei begr\u00fc\u00dfen zu d\u00fcrfen.<\/p>  <p><strong>Kontext und Grund der Einladung:<\/strong><\/p> <p>Die officialOccasion ist eine international anerkannte Veranstaltung, die darauf abzielt, offizielleName zusammenzubringen, um Ideen und Erfahrungen auszutauschen. Wir haben hochkar\u00e4tige Redner aus verschiedenen L\u00e4ndern eingeladen, um Vortr\u00e4ge \u00fcber aktuelle Themen in unserem Fachgebiet zu halten. Es wird au\u00dferdem Workshops und Networking-M\u00f6glichkeiten geben, um den Austausch zwischen den Teilnehmenden zu f\u00f6rdern.<\/p> <p>Ihr Beitrag als ausl\u00e4ndischer Gast w\u00e4re von gro\u00dfer Bedeutung, um eine globale Perspektive in die Veranstaltung einzubringen. Sie k\u00f6nnten uns von Ihren Erfahrungen in Ihrem Heimatland erz\u00e4hlen, relevante Einblicke geben und m\u00f6glicherweise Entscheidungstr\u00e4ger Ihres Landes mit offizielleName in Kontakt bringen. Ihre Pr\u00e4senz w\u00fcrde dazu beitragen, die Veranstaltung noch erfolgreicher zu machen.<\/p>  <p><strong>Veranstaltungsdetails:<\/strong><\/p> <dl> <dt>Veranstaltungsname:<\/dt> <dd>officialOccasion<\/dd> <dt>Datum:<\/dt> <dd>officialDate<\/dd> <dt>Ort:<\/dt> <dd>VeranstaltungsortName, Adresse, Stadt, Land<\/dd> <dt>Agenda:<\/dt> <dd>&#8211; Vortr\u00e4ge internationaler Redner<\/dd> <dd>&#8211; Workshops zu verschiedenen Themen<\/dd> <dd>&#8211; Netzwerkm\u00f6glichkeiten<\/dd> <\/dl>  <p><strong>Unterst\u00fctzung und Gastfreundschaft:<\/strong><\/p> <p>Als eingeladener ausl\u00e4ndischer Gast werden wir Ihnen f\u00fcr die officialDuration Ihres Aufenthalts eine Freiheitstellung f\u00fcr officialDate-officialDate stellen. W\u00e4hrend dieser Zeit werden wir alle erforderlichen Schritte unternehmen, um sicherzustellen, dass Ihr Aufenthalt so angenehm wie m\u00f6glich ist. Dies beinhaltet die Organisation Ihrer Unterkunft in einem nahegelegenen Hotel, die Bereitstellung eines offiziellen Transfers vom Flughafen zu Ihrem Hotel und zum Veranstaltungsort sowie die Begleitung durch einen offiziellen Dolmetscher oder \u00dcbersetzer, um Ihnen bei der Kommunikation behilflich zu sein.<\/p>  <p><strong>Visumsunterst\u00fctzung:<\/strong><\/p> <p>Da wir wissen, dass internationale Reisen eine sorgf\u00e4ltige Planung erfordern, bieten wir Ihnen Unterst\u00fctzung bei der Beantragung eines Visums f\u00fcr die Einreise in officialCountry an. Unser Team wird Ihnen alle erforderlichen Unterlagen und Informationen bereitstellen, um den Prozess so reibungslos wie m\u00f6glich zu gestalten. Bitte lassen Sie uns wissen, wenn Sie Unterst\u00fctzung bei der Visumsbeantragung ben\u00f6tigen.<\/p>   <p><strong>Best\u00e4tigung:<\/strong><\/p> <p>Um uns \u00fcber Ihre Teilnahme zu informieren und um weitere Details zu besprechen, bitten wir Sie, das beigef\u00fcgte Antwortformular ausgef\u00fcllt zur\u00fcckzusenden. Bitte geben Sie uns sp\u00e4testens bis officialRSVPDate Bescheid, um unsere Vorbereitungen entsprechend zu treffen.<\/p>  <p><strong>Wir freuen uns auf Ihre Teilnahme an dieser bedeutenden Veranstaltung und darauf, Sie pers\u00f6nlich zu treffen.<\/strong><\/p>  <p>Mit freundlichen Gr\u00fc\u00dfen,<\/p>  [Ihr Name]<\/section><\/div><\/div>\r\n\r\n&nbsp;\r\n\r\n\r\n\r\n\r\n\r\n\r\n<p class=\"has-text-align-center\">Vorlage und Muster f\u00fcr <strong> Einladungsschreiben F\u00fcr Ausl\u00e4ndische G\u00e4ste <\/strong> zur Erstellung und Anpassung im <strong>WORD<\/strong>\u2013 und <strong>PDF-Format<\/strong><\/p>\r\n\r\n\r\n<button id=\"generatePDF\">Erstellen (PDF &#8211; WORD)<\/button>\r\n\r\n\r\n\r\n<hr class=\"wp-block-separator has-alpha-channel-opacity\" \/>\r\n\r\n\r\n\r\n<p style=\"text-align: center;\"><strong>Einladungsschreiben F\u00fcr Ausl\u00e4ndische G\u00e4ste<\/strong><\/p>\r\n\r\n<div class=\"wp-block-columns is-layout-flex wp-container-core-columns-is-layout-9d6595d7 wp-block-columns-is-layout-flex\">\r\n\r\n\r\n<div class=\"wp-block-column is-layout-flow wp-block-column-is-layout-flow\"><div class=\"su-button-center\"><a href=\"https:\/\/www.ihk-siegen.de\/fileadmin\/user_upload\/Internationales_Recht\/Laender_und_Maerkte\/Muster_Einladungsschreiben.pdf\" class=\"su-button su-button-style-flat\" style=\"color:#FFFFFF;background-color:#144bb6;border-color:#103c92;border-radius:1px\" target=\"_self\"><span style=\"color:#FFFFFF;padding:0px 24px;font-size:18px;line-height:36px;border-color:#5b81cc;border-radius:1px;text-shadow:none\">   PDF <\/span><\/a><\/div>\n<\/div>\r\n\r\n\r\n\r\n<div class=\"wp-block-column is-layout-flow wp-block-column-is-layout-flow\"><div class=\"su-button-center\"><a href=\"https:\/\/www.landtag.nrw.de\/portal\/WWW\/dokumentenarchiv\/Dokument\/MMP17-40.docx\" class=\"su-button su-button-style-flat\" style=\"color:#FFFFFF;background-color:#144bb6;border-color:#103c92;border-radius:1px\" target=\"_self\"><span style=\"color:#FFFFFF;padding:0px 24px;font-size:18px;line-height:36px;border-color:#5b81cc;border-radius:1px;text-shadow:none\">   DOC<\/span><\/a><\/div>\n<\/div>\r\n\r\n\r\n<\/div>\r\n\r\n\r\n\r\n<p style=\"text-align: center;\"><strong>Beispiele<\/strong><\/p>\r\n\r\n<div class=\"wp-block-columns is-layout-flex wp-container-core-columns-is-layout-9d6595d7 wp-block-columns-is-layout-flex\">\r\n\r\n\r\n<div class=\"wp-block-column is-layout-flow wp-block-column-is-layout-flow\"><div class=\"su-button-center\"><a href=\"https:\/\/www.sem.admin.ch\/dam\/sem\/de\/data\/einreise\/merkblatt_einreise\/mb-einladungsschreiben-d.pdf.download.pdf\/mb-einladungsschreiben-d.pdf\" class=\"su-button su-button-style-flat\" style=\"color:#FFFFFF;background-color:#144bb6;border-color:#103c92;border-radius:1px\" target=\"_self\"><span style=\"color:#FFFFFF;padding:0px 24px;font-size:18px;line-height:36px;border-color:#5b81cc;border-radius:1px;text-shadow:none\">  Beispiel &#8211; 1 <\/span><\/a><\/div>\n<\/div>\r\n\r\n\r\n\r\n<div class=\"wp-block-column is-layout-flow wp-block-column-is-layout-flow\"><div class=\"su-button-center\"><a href=\"https:\/\/www.ihk-siegen.de\/fileadmin\/user_upload\/Internationales_Recht\/Laender_und_Maerkte\/Muster_Einladungsschreiben.pdf\" class=\"su-button su-button-style-flat\" style=\"color:#FFFFFF;background-color:#144bb6;border-color:#103c92;border-radius:1px\" target=\"_self\"><span style=\"color:#FFFFFF;padding:0px 24px;font-size:18px;line-height:36px;border-color:#5b81cc;border-radius:1px;text-shadow:none\">  Beispiel &#8211; 2 <\/span><\/a><\/div>\n<\/div>\r\n\r\n\r\n<\/div>\r\n\r\n\r\n<hr class=\"wp-block-separator has-alpha-channel-opacity\" \/>\r\n\r\n\r\n\r\n<div class=\"wp-block-columns is-layout-flex wp-container-core-columns-is-layout-9d6595d7 wp-block-columns-is-layout-flex\">\r\n\r\n\r\n<div class=\"wp-block-column is-layout-flow wp-block-column-is-layout-flow\"><div class=\"su-button-center\"><a href=\"https:\/\/www.heidelberg.de\/site\/Heidelberg_ROOT\/get\/documents_E685562889\/heidelberg\/Objektdatenbank\/15\/PDF\/15_pdf_VerpflichtungsgeberPersonalbogen.pdf\" class=\"su-button su-button-style-flat\" style=\"color:#FFFFFF;background-color:#144bb6;border-color:#103c92;border-radius:1px\" target=\"_self\"><span style=\"color:#FFFFFF;padding:0px 24px;font-size:18px;line-height:36px;border-color:#5b81cc;border-radius:1px;text-shadow:none\">  Beispiel &#8211; 3 <\/span><\/a><\/div>\n<\/div>\r\n\r\n\r\n\r\n<div class=\"wp-block-column is-layout-flow wp-block-column-is-layout-flow\"><div class=\"su-button-center\"><a href=\"https:\/\/www.ihk-siegen.de\/fileadmin\/user_upload\/Internationales_Recht\/Laender_und_Maerkte\/Muster_Einladungsschreiben.pdf\" class=\"su-button su-button-style-flat\" style=\"color:#FFFFFF;background-color:#144bb6;border-color:#103c92;border-radius:1px\" target=\"_self\"><span style=\"color:#FFFFFF;padding:0px 24px;font-size:18px;line-height:36px;border-color:#5b81cc;border-radius:1px;text-shadow:none\">  Beispiel &#8211; 4 <\/span><\/a><\/div>\n<\/div>\r\n\r\n\r\n<\/div>\r\n\r\n\r\n<hr class=\"wp-block-separator has-alpha-channel-opacity\" \/>\r\n\r\n<!-- \/wp:post-content -->\r\n\r\n<!-- wp:table {\"align\":\"center\"} -->\r\n<figure class=\"wp-block-table aligncenter\">\r\n<table>\r\n<tbody>\r\n<tr>\r\n<td style=\"text-align: center;\">Einladungsschreiben F\u00fcr Ausl\u00e4ndische G\u00e4ste<\/td>\r\n<\/tr>\r\n<tr>\r\n<td style=\"text-align: center;\">PDF &#8211; WORD Datei<\/td>\r\n<\/tr>\r\n<tr>\r\n<td style=\"text-align: center;\">Bewertung: \u2b50\u2b50\u2b50\u2b50\u2b50 4.55<\/td>\r\n<\/tr>\r\n<tr>\r\n<td style=\"text-align: center;\">Ergebnisse &#8211; 2339<\/td>\r\n<\/tr>\r\n<\/tbody>\r\n<\/table>\r\n<\/figure>\r\n<!-- \/wp:table -->\r\n\r\n<!-- wp:separator -->\r\n\r\n<hr class=\"wp-block-separator has-alpha-channel-opacity\" \/>\r\n\r\n<!-- \/wp:separator -->\r\n\r\n<div class=\"su-note\"  style=\"border-color:#e5e5e5;border-radius:10px;-moz-border-radius:10px;-webkit-border-radius:10px;\"><div class=\"su-note-inner su-u-clearfix su-u-trim\" style=\"background-color:#FFFFFF;border-color:#ffffff;color:#333333;border-radius:10px;-moz-border-radius:10px;-webkit-border-radius:10px;\">\r\n\r\n<p>Einladungsschreiben f\u00fcr ausl\u00e4ndische G\u00e4ste zu verfassen kann eine anspruchsvolle Aufgabe sein, da es wichtig ist, alle notwendigen Informationen zu kommunizieren und gleichzeitig h\u00f6flich und pr\u00e4zise zu sein. In dieser Anleitung werden wir Ihnen Schritt f\u00fcr Schritt erkl\u00e4ren, wie Sie ein effektives Einladungsschreiben verfassen k\u00f6nnen. <\/p>  <h3>Schritt 1: Die Einleitung<\/h3> <p>Die Einleitung Ihres Einladungsschreibens sollte h\u00f6flich und einladend sein. Hier ist es wichtig, den Anlass der Einladung deutlich zu machen und von Anfang an das Interesse des Lesers zu wecken. Sie k\u00f6nnen beispielsweise folgende S\u00e4tze verwenden: <\/p>  <blockquote> <p>&#8220;Sehr geehrter [Name des Gastes],<\/p> <p>wir freuen uns sehr, Ihnen hiermit eine offizielle Einladung zu unserem [Anlass der Einladung] zu senden.&#8221;<\/p> <\/blockquote>  <p>In der Einleitung sollten Sie auch das Datum, die Uhrzeit und den Ort des Events angeben. Sie k\u00f6nnen dies in einem separaten Absatz oder in einem Tabelleformat tun. Hier ist ein Beispiel: <\/p>  <blockquote> <p>Datum: [Datum] <p>Uhrzeit: [Uhrzeit] <p>Ort: [Ort] <\/blockquote>  <h3>Schritt 2: Der Hauptteil<\/h3> <p>Der Hauptteil des Einladungsschreibens enth\u00e4lt detailliertere Informationen \u00fcber das Event sowie spezifische Anweisungen f\u00fcr den Gast. Dieser Teil sollte klar und gut strukturiert sein, um Missverst\u00e4ndnisse zu vermeiden. Verwenden Sie Abs\u00e4tze und Aufz\u00e4hlungspunkte, um die Informationen \u00fcbersichtlich zu pr\u00e4sentieren. Hier sind einige Beispiele f\u00fcr Informationen, die im Hauptteil enthalten sein k\u00f6nnten:<\/p>  <dl> <dt>Dresscode:<\/dt> <dd>[Beschreiben Sie den gew\u00fcnschten Dresscode f\u00fcr das Event, z. B. &#8220;black tie&#8221; oder &#8220;business casual&#8221;]<\/dd>  <dt>Agenda:<\/dt> <dd>[Geben Sie eine \u00dcbersicht \u00fcber den Ablauf des Events und die geplanten Aktivit\u00e4ten]<\/dd>  <dt>Transport:<\/dt> <dd>[Erkl\u00e4ren Sie, wie der Gast den Veranstaltungsort erreichen kann, z. B. mit \u00f6ffentlichen Verkehrsmitteln oder einem Shuttleservice]<\/dd>  <dt>Unterkunft:<\/dt> <dd>[Falls erforderlich, geben Sie Informationen \u00fcber die empfohlenen Hotels oder bieten Sie an, eine Unterkunft zu organisieren]<\/dd>  <dt>Verpflegung:<\/dt> <dd>[Informieren Sie \u00fcber die Art der Verpflegung w\u00e4hrend des Events, z. B. Buffet oder festliches Men\u00fc]<\/dd>  <dt>Sonstige Informationen:<\/dt> <dd>[F\u00fcgen Sie hier alle weiteren relevanten Informationen hinzu, z. B. besondere Vorschriften oder W\u00fcnsche des Gastes]<\/dd> <\/dl>  <h3>Schritt 3: Der Schluss<\/h3> <p>Im Schlussteil des Einladungsschreibens sollten Sie erneut Ihre Vorfreude auf das Event zum Ausdruck bringen und Ihre Kontaktdaten f\u00fcr eventuelle R\u00fcckfragen angeben. Hier ist ein Beispiel f\u00fcr einen Abschlusssatz:<\/p>  <blockquote> <p>&#8220;Wir hoffen, dass Sie unsere Einladung annehmen und freuen uns sehr darauf, Sie bei [Anlass der Einladung] zu begr\u00fc\u00dfen. Bei Fragen oder weiteren Informationen stehe ich Ihnen gerne zur Verf\u00fcgung.&#8221;<\/p> <\/blockquote>  <p>Am Ende des Briefes k\u00f6nnen Sie Ihre Kontaktdaten angeben, z. B. Ihre Telefonnummer oder E-Mail-Adresse. <\/p>  <h3>Wichtige \u00dcberlegungen zur formalen Gestaltung<\/h3> <p>Bei der formalen Gestaltung Ihres Einladungsschreibens sollten Sie die folgenden Punkte beachten:<\/p>  <ul> <li>Verwenden Sie ein professionelles Briefpapier oder geben Sie Ihren Namen und Ihre Adresse in der Kopfzeile an.<\/li> <li>Platzieren Sie das Datum und Ihre Kontaktdaten oben rechts oder links.<\/li> <li>Beginnen Sie den Brief mit einer h\u00f6flichen Anrede wie &#8220;Sehr geehrter [Name des Gastes]&#8221;.<\/li> <li>Verwenden Sie eine formelle Sprache, halten Sie den Ton h\u00f6flich und deutlich.<\/li> <li>Enden Sie den Brief mit einer passenden Schlussformel wie &#8220;Mit freundlichen Gr\u00fc\u00dfen&#8221; gefolgt von Ihrem Namen und Titel.<\/li> <\/ul>  <h3>Beispiele f\u00fcr Einladungsschreiben<\/h3> <p>Um Ihnen einen besseren Eindruck davon zu geben, wie ein Einladungsschreiben aussehen k\u00f6nnte, finden Sie hier einige Beispiele:<\/p>  <ol> <li><strong>Einladung zu einer Hochzeit:<\/strong> Hier finden Sie ein Beispiel f\u00fcr ein Einladungsschreiben f\u00fcr eine Hochzeit, einschlie\u00dflich Informationen zum Datum, Ort, Dresscode und RSVP-Anweisungen.<\/li> <li><strong>Einladung zu einer Konferenz:<\/strong> In diesem Beispiel finden Sie ein Einladungsschreiben f\u00fcr eine Konferenz mit Informationen zur Agenda, den Rednern und den Registrierungsdetails.<\/li> <li><strong>Einladung zu einem Gesch\u00e4ftsessen:<\/strong> Hier finden Sie ein Beispiel f\u00fcr ein Einladungsschreiben zu einem Gesch\u00e4ftsessen mit Informationen zum Datum, Ort, Men\u00fc und RSVP-Anweisungen.<\/li> <\/ol>  <p>Wenn Sie weitere Beispiele ben\u00f6tigen, k\u00f6nnen Sie online nach Vorlagen suchen oder sich an anderen Briefen orientieren, die sich auf Ihr spezifisches Event beziehen.<\/p>  <p>Mit dieser Anleitung sollten Sie in der Lage sein, ein gut strukturiertes und h\u00f6fliches Einladungsschreiben f\u00fcr ausl\u00e4ndische G\u00e4ste zu verfassen. Denken Sie daran, die Informationen klar und pr\u00e4zise zu pr\u00e4sentieren und den Leser fr\u00fchzeitig f\u00fcr das Event zu begeistern. Viel Erfolg beim Verfassen Ihres Einladungsschreibens!<\/p>\r\n\r\n<\/div><\/div>\r\n\r\n<!-- wp:separator -->\r\n\r\n<hr class=\"wp-block-separator has-alpha-channel-opacity\" \/>","protected":false},"excerpt":{"rendered":"<p>Muster und Vorlage f\u00fcr Einladungsschreiben F\u00fcr Ausl\u00e4ndische G\u00e4ste &#8211; Ausf\u00fcllen und Erstellung &#8211; \u00d6ffnen im PDF WORD Datei und Online &#8230; <\/p>\n<p class=\"read-more-container\"><a title=\"\u00d6ffnen &#8211; Einladungsschreiben F\u00fcr Ausl\u00e4ndische G\u00e4ste\" class=\"read-more button\" href=\"https:\/\/schreibenpro.com\/de\/einladungsschreiben-fur-auslandische-gaste-offnen\/#more-691\" aria-label=\"Mehr zu \u00d6ffnen &#8211; Einladungsschreiben F\u00fcr Ausl\u00e4ndische G\u00e4ste\">\u00d6FFNEN <\/a><\/p>\n","protected":false},"author":1,"featured_media":0,"parent":0,"menu_order":0,"comment_status":"closed","ping_status":"closed","template":"","meta":{"footnotes":""},"class_list":{"0":"post-691","1":"page","2":"type-page","3":"status-publish","5":"infinite-scroll-item"},"yoast_head":"<!-- This site is optimized with the Yoast SEO plugin v24.6 - https:\/\/yoast.com\/wordpress\/plugins\/seo\/ -->\n<title>\u00d6ffnen - Einladungsschreiben F\u00fcr Ausl\u00e4ndische G\u00e4ste - Schreiben PRO<\/title>\n<meta name=\"robots\" content=\"noindex, follow\" \/>\n<meta property=\"og:locale\" content=\"de_DE\" \/>\n<meta property=\"og:type\" content=\"article\" \/>\n<meta property=\"og:title\" content=\"\u00d6ffnen - Einladungsschreiben F\u00fcr Ausl\u00e4ndische G\u00e4ste - Schreiben PRO\" \/>\n<meta property=\"og:description\" content=\"Muster und Vorlage f\u00fcr Einladungsschreiben F\u00fcr Ausl\u00e4ndische G\u00e4ste &#8211; Ausf\u00fcllen und Erstellung &#8211; \u00d6ffnen im PDF WORD Datei und Online ... \u00d6FFNEN\" \/>\n<meta property=\"og:url\" content=\"https:\/\/schreibenpro.com\/de\/einladungsschreiben-fur-auslandische-gaste-offnen\/\" \/>\n<meta property=\"og:site_name\" content=\"Schreiben PRO\" \/>\n<meta property=\"og:image\" content=\"https:\/\/schreibenpro.com\/de\/wp-content\/uploads\/einladungsschreiben-fur-auslandische-gaste-muster-vorlage.jpg\" \/>\n<meta name=\"twitter:card\" content=\"summary_large_image\" \/>\n<meta name=\"twitter:label1\" content=\"Gesch\u00e4tzte Lesezeit\" \/>\n\t<meta name=\"twitter:data1\" content=\"1\u00a0Minute\" \/>\n<!-- \/ Yoast SEO plugin. -->","yoast_head_json":{"title":"\u00d6ffnen - Einladungsschreiben F\u00fcr Ausl\u00e4ndische G\u00e4ste - Schreiben PRO","robots":{"index":"noindex","follow":"follow"},"og_locale":"de_DE","og_type":"article","og_title":"\u00d6ffnen - Einladungsschreiben F\u00fcr Ausl\u00e4ndische G\u00e4ste - Schreiben PRO","og_description":"Muster und Vorlage f\u00fcr Einladungsschreiben F\u00fcr Ausl\u00e4ndische G\u00e4ste &#8211; Ausf\u00fcllen und Erstellung &#8211; \u00d6ffnen im PDF WORD Datei und Online ... \u00d6FFNEN","og_url":"https:\/\/schreibenpro.com\/de\/einladungsschreiben-fur-auslandische-gaste-offnen\/","og_site_name":"Schreiben PRO","og_image":[{"url":"https:\/\/schreibenpro.com\/de\/wp-content\/uploads\/einladungsschreiben-fur-auslandische-gaste-muster-vorlage.jpg","type":"","width":"","height":""}],"twitter_card":"summary_large_image","twitter_misc":{"Gesch\u00e4tzte Lesezeit":"1\u00a0Minute"},"schema":{"@context":"https:\/\/schema.org","@graph":[{"@type":"WebPage","@id":"https:\/\/schreibenpro.com\/de\/einladungsschreiben-fur-auslandische-gaste-offnen\/","url":"https:\/\/schreibenpro.com\/de\/einladungsschreiben-fur-auslandische-gaste-offnen\/","name":"\u00d6ffnen - Einladungsschreiben F\u00fcr Ausl\u00e4ndische G\u00e4ste - Schreiben PRO","isPartOf":{"@id":"https:\/\/schreibenpro.com\/de\/#website"},"primaryImageOfPage":{"@id":"https:\/\/schreibenpro.com\/de\/einladungsschreiben-fur-auslandische-gaste-offnen\/#primaryimage"},"image":{"@id":"https:\/\/schreibenpro.com\/de\/einladungsschreiben-fur-auslandische-gaste-offnen\/#primaryimage"},"thumbnailUrl":"https:\/\/schreibenpro.com\/de\/wp-content\/uploads\/einladungsschreiben-fur-auslandische-gaste-muster-vorlage.jpg","datePublished":"2023-12-18T08:25:37+00:00","breadcrumb":{"@id":"https:\/\/schreibenpro.com\/de\/einladungsschreiben-fur-auslandische-gaste-offnen\/#breadcrumb"},"inLanguage":"de","potentialAction":[{"@type":"ReadAction","target":["https:\/\/schreibenpro.com\/de\/einladungsschreiben-fur-auslandische-gaste-offnen\/"]}]},{"@type":"ImageObject","inLanguage":"de","@id":"https:\/\/schreibenpro.com\/de\/einladungsschreiben-fur-auslandische-gaste-offnen\/#primaryimage","url":"https:\/\/schreibenpro.com\/de\/wp-content\/uploads\/anschreiben-zum-angebot-muster-vorlage.jpg","contentUrl":"https:\/\/schreibenpro.com\/de\/wp-content\/uploads\/anschreiben-zum-angebot-muster-vorlage.jpg","width":1410,"height":2250},{"@type":"BreadcrumbList","@id":"https:\/\/schreibenpro.com\/de\/einladungsschreiben-fur-auslandische-gaste-offnen\/#breadcrumb","itemListElement":[{"@type":"ListItem","position":1,"name":"Portada","item":"https:\/\/schreibenpro.com\/de\/"},{"@type":"ListItem","position":2,"name":"\u00d6ffnen &#8211; Einladungsschreiben F\u00fcr Ausl\u00e4ndische G\u00e4ste"}]},{"@type":"WebSite","@id":"https:\/\/schreibenpro.com\/de\/#website","url":"https:\/\/schreibenpro.com\/de\/","name":"Schreiben PRO","description":"Muster und Vorlage","publisher":{"@id":"https:\/\/schreibenpro.com\/de\/#organization"},"potentialAction":[{"@type":"SearchAction","target":{"@type":"EntryPoint","urlTemplate":"https:\/\/schreibenpro.com\/de\/?s={search_term_string}"},"query-input":{"@type":"PropertyValueSpecification","valueRequired":true,"valueName":"search_term_string"}}],"inLanguage":"de"},{"@type":"Organization","@id":"https:\/\/schreibenpro.com\/de\/#organization","name":"Schreiben PRO","url":"https:\/\/schreibenpro.com\/de\/","logo":{"@type":"ImageObject","inLanguage":"de","@id":"https:\/\/schreibenpro.com\/de\/#\/schema\/logo\/image\/","url":"https:\/\/schreibenpro.com\/de\/wp-content\/uploads\/cropped-fav.png","contentUrl":"https:\/\/schreibenpro.com\/de\/wp-content\/uploads\/cropped-fav.png","width":512,"height":512,"caption":"Schreiben PRO"},"image":{"@id":"https:\/\/schreibenpro.com\/de\/#\/schema\/logo\/image\/"}}]}},"_links":{"self":[{"href":"https:\/\/schreibenpro.com\/de\/wp-json\/wp\/v2\/pages\/691","targetHints":{"allow":["GET"]}}],"collection":[{"href":"https:\/\/schreibenpro.com\/de\/wp-json\/wp\/v2\/pages"}],"about":[{"href":"https:\/\/schreibenpro.com\/de\/wp-json\/wp\/v2\/types\/page"}],"author":[{"embeddable":true,"href":"https:\/\/schreibenpro.com\/de\/wp-json\/wp\/v2\/users\/1"}],"replies":[{"embeddable":true,"href":"https:\/\/schreibenpro.com\/de\/wp-json\/wp\/v2\/comments?post=691"}],"version-history":[{"count":0,"href":"https:\/\/schreibenpro.com\/de\/wp-json\/wp\/v2\/pages\/691\/revisions"}],"wp:attachment":[{"href":"https:\/\/schreibenpro.com\/de\/wp-json\/wp\/v2\/media?parent=691"}],"curies":[{"name":"wp","href":"https:\/\/api.w.org\/{rel}","templated":true}]}}