{"id":693,"date":"2023-12-18T08:25:38","date_gmt":"2023-12-18T08:25:38","guid":{"rendered":"https:\/\/schreibenpro.com\/de\/bewerbungsschreiben-auf-empfehlung-offnen\/"},"modified":"2023-12-18T08:25:38","modified_gmt":"2023-12-18T08:25:38","slug":"bewerbungsschreiben-auf-empfehlung-offnen","status":"publish","type":"page","link":"https:\/\/schreibenpro.com\/de\/bewerbungsschreiben-auf-empfehlung-offnen\/","title":{"rendered":"\u00d6ffnen &#8211; Bewerbungsschreiben Auf Empfehlung"},"content":{"rendered":"\r\n<p class=\"has-text-align-center\">Vorlage und Muster f\u00fcr <strong> Bewerbungsschreiben Auf Empfehlung<\/strong> &#8211; Erstellung und Ausf\u00fcllen &#8211; \u00d6ffnen im <strong>WORD PDF<\/strong> Datei und Online<\/p>\r\n\r\n\r\n\r\n\r\n<div class=\"wp-block-image\">\r\n<figure class=\"aligncenter size-large is-resized\"><img loading=\"lazy\" decoding=\"async\" class=\"wp-image-215\" src=\"https:\/\/schreibenpro.com\/de\/wp-content\/uploads\/bewerbungsschreiben-auf-empfehlung-muster-vorlage.jpg\" alt=\"\" width=\"245\" height=\"391\" \/><\/figure>\r\n<\/div>\r\n\r\n\r\n\r\n<hr class=\"wp-block-separator has-alpha-channel-opacity\" \/>\r\n\r\n\r\n\r\n\r\n\r\n<div class=\"su-note\"  style=\"border-color:#e5e5e5;border-radius:10px;-moz-border-radius:10px;-webkit-border-radius:10px;\"><div class=\"su-note-inner su-u-clearfix su-u-trim\" style=\"background-color:#FFFFFF;border-color:#ffffff;color:#333333;border-radius:10px;-moz-border-radius:10px;-webkit-border-radius:10px;\">\r\n\r\n<section id=\"specialParagraph\"><p><strong>Einsendeadresse:<\/strong><\/p> <p>Ihr Name<\/p> <p>Ihre Adresse<\/p> <p>Ihre Stadt, PLZ<\/p> <p>Ihre E-Mail-Adresse<\/p> <p>Ihre Telefonnummer<\/p>  <p><strong>Datum:<\/strong><\/p> <p>Datum der Bewerbung<\/p>  <p><strong>Betreff:<\/strong><\/p> <p>Bewerbung auf Empfehlung<\/p>  <p><strong>Anrede:<\/strong><\/p> <p>Sehr geehrte\/r Herr\/Frau [Name des Empfehlungsgebers],<\/p>  <p><strong>Einleitung:<\/strong><\/p> <p>Ich hoffe, dass es Ihnen gut geht. Mein Name ist [Ihr Name] und ich schreibe Ihnen auf Empfehlung von [Name des Empfehlungsgebers]. Ich habe von [Name des Empfehlungsgebers] erfahren, dass Sie eine Stelle in Ihrem Unternehmen\/einer bestimmten Abteilung\/einem bestimmten Projekt zu besetzen haben und dass Sie an qualifizierten Bewerbern interessiert sind.<\/p>  <p><strong>Informationen \u00fcber Empfehlungsgeber:<\/strong><\/p> [Name des Empfehlungsgebers] ist [seine\/ihre Position oder Berufstitel] bei [Firma oder Organisation]. Ich habe [Name des Empfehlungsgebers] w\u00e4hrend meiner Zeit als [Ihre Position oder Beruf] bei [Firma oder Organisation] kennengelernt und konnte seine\/ihre umfangreichen F\u00e4higkeiten, Kenntnisse und Erfahrungen in [Passendes Fachgebiet] aus erster Hand erleben.<\/p>  <p><strong>Warum ich mich bewerbe:<\/strong><\/p> <p>Ich bin sehr daran interessiert, mich in Ihrem Unternehmen\/Ihrer Abteilung\/Ihrem Projektteam zu bewerben, da [Gr\u00fcnde, warum Sie sich bewerben, z. B. Interesse an der Branche, der angebotenen Position, den Projekten oder der Unternehmenskultur]. Durch meine bisherige Erfahrung in [Ihr Fachgebiet] und meine Kenntnisse in [relevante F\u00e4higkeiten\/Kenntnisse] f\u00fchle ich mich gut vorbereitet, um zu Ihrem Team beizutragen und gemeinsam Erfolg zu erzielen.<\/p>  <p><strong>Relevante Erfahrungen und F\u00e4higkeiten:<\/strong><\/p> <dt>1. Erfahrung\/F\u00e4higkeit:<\/dt> <dd>&#8211; Beschreiben Sie Ihre relevante Erfahrung oder F\u00e4higkeit und wie sie Ihnen bei der Bew\u00e4ltigung der Anforderungen der Position helfen kann.<\/dd> <dt>2. Erfahrung\/F\u00e4higkeit:<\/dt> <dd>&#8211; Beschreiben Sie eine weitere relevante Erfahrung oder F\u00e4higkeit und erkl\u00e4ren Sie, wie sie Ihnen bei der Bew\u00e4ltigung der Anforderungen der Position behilflich sein kann.<\/dd> <dt>N\u00e4chster Abschnitt f\u00fcr mehr relevante Erfahrungen und F\u00e4higkeiten&#8230;<\/dt>  <p><strong>Warum ich ein wertvoller Mitarbeiter bin:<\/strong><\/p> <p>Meine besonderen St\u00e4rken liegen in [Beispiel f\u00fcr Ihre St\u00e4rken, z. B. Teamarbeit, Probleml\u00f6sungskompetenz, hohe Lernbereitschaft]. Ich habe bewiesen, dass ich in der Lage bin, unter Druck effizient zu arbeiten und mich schnell in neue Situationen einzufinden. Ich bin auch stets bestrebt, meine F\u00e4higkeiten durch kontinuierliche Weiterbildung und das Streben nach Exzellenz weiter zu verbessern.<\/p>  <p><strong>Abschluss:<\/strong><\/p> <p>Ich bin davon \u00fcberzeugt, dass meine Erfahrung, meine F\u00e4higkeiten und meine Leidenschaft f\u00fcr [Ihr Fachgebiet\/Ihre Branche] mich zu einem wertvollen Mitglied Ihres Teams machen w\u00fcrden. Ich freue mich, meine Bewerbung mit Ihnen pers\u00f6nlich zu besprechen und stehe f\u00fcr ein Vorstellungsgespr\u00e4ch zur Verf\u00fcgung. Bitte finden Sie meine Kontaktdaten am Anfang dieses Schreibens.<\/p>  <p>Vielen Dank f\u00fcr Ihre Zeit und Aufmerksamkeit. Ich freue mich darauf, von Ihnen zu h\u00f6ren.<\/p>  <p>Mit freundlichen Gr\u00fc\u00dfen,<\/p>  [Ihr Name]<\/section><\/div><\/div>\r\n\r\n&nbsp;\r\n\r\n\r\n\r\n\r\n\r\n\r\n<p class=\"has-text-align-center\">Muster und Vorlage f\u00fcr <strong> Bewerbungsschreiben Auf Empfehlung <\/strong> zur Erstellung und Anpassung im <strong>WORD<\/strong>\u2013 und <strong>PDF-Format<\/strong><\/p>\r\n\r\n\r\n<button id=\"generatePDF\">Erstellen (PDF &#8211; WORD)<\/button>\r\n\r\n\r\n\r\n<hr class=\"wp-block-separator has-alpha-channel-opacity\" \/>\r\n\r\n\r\n\r\n<p style=\"text-align: center;\"><strong>Bewerbungsschreiben Auf Empfehlung<\/strong><\/p>\r\n\r\n<div class=\"wp-block-columns is-layout-flex wp-container-core-columns-is-layout-9d6595d7 wp-block-columns-is-layout-flex\">\r\n\r\n\r\n<div class=\"wp-block-column is-layout-flow wp-block-column-is-layout-flow\"><div class=\"su-button-center\"><a href=\"https:\/\/sequoya.de\/wp-content\/uploads\/Handout-Satzbausteine_Anschreiben.pdf\" class=\"su-button su-button-style-flat\" style=\"color:#FFFFFF;background-color:#144bb6;border-color:#103c92;border-radius:1px\" target=\"_self\"><span style=\"color:#FFFFFF;padding:0px 24px;font-size:18px;line-height:36px;border-color:#5b81cc;border-radius:1px;text-shadow:none\">   PDF <\/span><\/a><\/div>\n<\/div>\r\n\r\n\r\n\r\n<div class=\"wp-block-column is-layout-flow wp-block-column-is-layout-flow\"><div class=\"su-button-center\"><a href=\"https:\/\/sequoya.de\/wp-content\/uploads\/Handout-Satzbausteine_Anschreiben.pdf\" class=\"su-button su-button-style-flat\" style=\"color:#FFFFFF;background-color:#144bb6;border-color:#103c92;border-radius:1px\" target=\"_self\"><span style=\"color:#FFFFFF;padding:0px 24px;font-size:18px;line-height:36px;border-color:#5b81cc;border-radius:1px;text-shadow:none\">   DOC<\/span><\/a><\/div>\n<\/div>\r\n\r\n\r\n<\/div>\r\n\r\n\r\n\r\n<p style=\"text-align: center;\"><strong>Beispiele<\/strong><\/p>\r\n\r\n<div class=\"wp-block-columns is-layout-flex wp-container-core-columns-is-layout-9d6595d7 wp-block-columns-is-layout-flex\">\r\n\r\n\r\n<div class=\"wp-block-column is-layout-flow wp-block-column-is-layout-flow\"><div class=\"su-button-center\"><a href=\"https:\/\/sequoya.de\/wp-content\/uploads\/Handout-Satzbausteine_Anschreiben.pdf\" class=\"su-button su-button-style-flat\" style=\"color:#FFFFFF;background-color:#144bb6;border-color:#103c92;border-radius:1px\" target=\"_self\"><span style=\"color:#FFFFFF;padding:0px 24px;font-size:18px;line-height:36px;border-color:#5b81cc;border-radius:1px;text-shadow:none\">  Beispiel &#8211; 1 <\/span><\/a><\/div>\n<\/div>\r\n\r\n\r\n\r\n<div class=\"wp-block-column is-layout-flow wp-block-column-is-layout-flow\"><div class=\"su-button-center\"><a href=\"https:\/\/www.cvpics.ch\/textbausteine-fuer-ihr-anschreiben-v2\/\" class=\"su-button su-button-style-flat\" style=\"color:#FFFFFF;background-color:#144bb6;border-color:#103c92;border-radius:1px\" target=\"_self\"><span style=\"color:#FFFFFF;padding:0px 24px;font-size:18px;line-height:36px;border-color:#5b81cc;border-radius:1px;text-shadow:none\">  Beispiel &#8211; 2 <\/span><\/a><\/div>\n<\/div>\r\n\r\n\r\n<\/div>\r\n\r\n\r\n<hr class=\"wp-block-separator has-alpha-channel-opacity\" \/>\r\n\r\n\r\n\r\n<div class=\"wp-block-columns is-layout-flex wp-container-core-columns-is-layout-9d6595d7 wp-block-columns-is-layout-flex\">\r\n\r\n\r\n<div class=\"wp-block-column is-layout-flow wp-block-column-is-layout-flow\"><div class=\"su-button-center\"><a href=\"https:\/\/www.meinrat.at\/wp-content\/uploads\/2020\/04\/expertentipps-zum-bewerbungsschreiben-1.pdf\" class=\"su-button su-button-style-flat\" style=\"color:#FFFFFF;background-color:#144bb6;border-color:#103c92;border-radius:1px\" target=\"_self\"><span style=\"color:#FFFFFF;padding:0px 24px;font-size:18px;line-height:36px;border-color:#5b81cc;border-radius:1px;text-shadow:none\">  Beispiel &#8211; 3 <\/span><\/a><\/div>\n<\/div>\r\n\r\n\r\n\r\n<div class=\"wp-block-column is-layout-flow wp-block-column-is-layout-flow\"><div class=\"su-button-center\"><a href=\"https:\/\/sequoya.de\/wp-content\/uploads\/Handout-Satzbausteine_Anschreiben.pdf\" class=\"su-button su-button-style-flat\" style=\"color:#FFFFFF;background-color:#144bb6;border-color:#103c92;border-radius:1px\" target=\"_self\"><span style=\"color:#FFFFFF;padding:0px 24px;font-size:18px;line-height:36px;border-color:#5b81cc;border-radius:1px;text-shadow:none\">  Beispiel &#8211; 4 <\/span><\/a><\/div>\n<\/div>\r\n\r\n\r\n<\/div>\r\n\r\n\r\n<hr class=\"wp-block-separator has-alpha-channel-opacity\" \/>\r\n\r\n<!-- \/wp:post-content -->\r\n\r\n<!-- wp:table {\"align\":\"center\"} -->\r\n<figure class=\"wp-block-table aligncenter\">\r\n<table>\r\n<tbody>\r\n<tr>\r\n<td style=\"text-align: center;\">Bewerbungsschreiben Auf Empfehlung<\/td>\r\n<\/tr>\r\n<tr>\r\n<td style=\"text-align: center;\">PDF &#8211; WORD Datei<\/td>\r\n<\/tr>\r\n<tr>\r\n<td style=\"text-align: center;\">Bewertung: \u2b50\u2b50\u2b50\u2b50\u2b50 4.92<\/td>\r\n<\/tr>\r\n<tr>\r\n<td style=\"text-align: center;\">Ergebnisse &#8211; 5682<\/td>\r\n<\/tr>\r\n<\/tbody>\r\n<\/table>\r\n<\/figure>\r\n<!-- \/wp:table -->\r\n\r\n<!-- wp:separator -->\r\n\r\n<hr class=\"wp-block-separator has-alpha-channel-opacity\" \/>\r\n\r\n<!-- \/wp:separator -->\r\n\r\n<div class=\"su-note\"  style=\"border-color:#e5e5e5;border-radius:10px;-moz-border-radius:10px;-webkit-border-radius:10px;\"><div class=\"su-note-inner su-u-clearfix su-u-trim\" style=\"background-color:#FFFFFF;border-color:#ffffff;color:#333333;border-radius:10px;-moz-border-radius:10px;-webkit-border-radius:10px;\">\r\n\r\n<p>Ein Bewerbungsschreiben auf Empfehlung ist eine gro\u00dfartige M\u00f6glichkeit, um Ihre Chancen auf eine Anstellung zu verbessern. Indem Sie die Empfehlung einer vertrauensw\u00fcrdigen Person nutzen, k\u00f6nnen Sie Ihre Glaubw\u00fcrdigkeit und Ihre Verbindung zum potenziellen Arbeitgeber st\u00e4rken. In dieser Anleitung werden wir Ihnen Schritt f\u00fcr Schritt erkl\u00e4ren, wie Sie ein solches Schreiben verfassen k\u00f6nnen.<\/p>  <h3>Schritt 1: Begr\u00fc\u00dfung und Vorstellung<\/h3>  <p>Der erste Abschnitt Ihres Bewerbungsschreibens sollte die Begr\u00fc\u00dfung und eine kurze Vorstellung enthalten. Beginnen Sie mit einer h\u00f6flichen Anrede, wie zum Beispiel &#8220;Sehr geehrter Herr\/Frau [Nachname]&#8221;. Verwenden Sie den richtigen Nachnamen des Ansprechpartners, um einen professionellen Eindruck zu hinterlassen.<\/p>  <p>Danach stellen Sie sich kurz vor und nennen Sie den Namen der Person, die Sie empfohlen hat. Sie k\u00f6nnten zum Beispiel schreiben: &#8220;Mein Name ist [Ihr Name] und ich wurde von [Empfehler\/Referenzperson] empfohlen, mich bei Ihnen zu bewerben.&#8221;<\/p>  <h4>Beispiel:<\/h4>  <p><strong>Sehr geehrter Herr M\u00fcller,<\/strong><\/p>  <p><strong>Mein Name ist Lisa Becker und ich wurde von Herrn Schmidt empfohlen, mich bei Ihnen zu bewerben.<\/strong><\/p>  <h3>Schritt 2: Ihre Qualifikationen betonen<\/h3>  <p>Nach der Vorstellung ist es wichtig, Ihre Qualifikationen hervorzuheben und zu erkl\u00e4ren, warum Sie f\u00fcr die Stelle geeignet sind. Sie k\u00f6nnen Ihre relevanten Erfahrungen und F\u00e4higkeiten anf\u00fchren, um den potenziellen Arbeitgeber zu \u00fcberzeugen. Verwenden Sie dabei klare und pr\u00e4gnante Formulierungen.<\/p>  <p>Es ist auch hilfreich, bestimmte Beispiele oder Projekte anzuf\u00fchren, die Ihre F\u00e4higkeiten und Erfahrungen unterstreichen. Stellen Sie sicher, dass Sie diese Informationen so strukturieren, dass sie leicht verst\u00e4ndlich sind. Vermeiden Sie es, zu viele technische Begriffe oder Fachjargon zu verwenden, um Missverst\u00e4ndnisse zu vermeiden.<\/p>  <h4>Beispiel:<\/h4>  <p><strong>Ich verf\u00fcge \u00fcber umfangreiche Erfahrung in der Projektarbeit und habe als Projektleiterin eines gro\u00dfen Teams von 20 Mitarbeitern erfolgreich Projekte im Bereich Marketing geleitet. Mein analytisches Denken, meine Kommunikationsf\u00e4higkeiten und meine F\u00e4higkeit, effektiv mit verschiedenen Stakeholdern zu arbeiten, tragen zu meiner Effektivit\u00e4t als Projektleiterin bei.<\/strong><\/p>  <h3>Schritt 3: Motivation f\u00fcr die Stelle<\/h3>  <p>Nachdem Sie Ihre Qualifikationen betont haben, ist es wichtig, Ihre Motivation f\u00fcr die Stelle zu erkl\u00e4ren. Geben Sie an, warum Sie an dieser Position interessiert sind und wie Ihre F\u00e4higkeiten und Interessen zur Stelle passen.<\/p>  <p>Es ist hilfreich, Ihre Recherche \u00fcber das Unternehmen zu erw\u00e4hnen und zu zeigen, dass Sie die Unternehmenskultur verstehen und sich gut in das Team einf\u00fcgen k\u00f6nnen. Dadurch demonstrieren Sie Ihr Interesse und Ihre Motivation f\u00fcr die Stelle.<\/p>  <h4>Beispiel:<\/h4>  <p><strong>Ich bin besonders an dieser Position interessiert, da sie mir die M\u00f6glichkeit bietet, meine Leidenschaft f\u00fcr digitales Marketing mit meiner Erfahrung in der Projektarbeit zu verbinden. Ich habe viel \u00fcber [Unternehmensname] recherchiert und bin beeindruckt von den innovativen Marketingstrategien, die Sie umsetzen. Ich bin \u00fcberzeugt, dass ich mit meinen F\u00e4higkeiten und meinem Interesse an den neuesten Marketingtrends einen wertvollen Beitrag zu Ihrem Team leisten kann.<\/strong><\/p>  <h3>Schritt 4: Abschluss und dankende Schlussformel<\/h3>  <p>Der letzte Abschnitt Ihres Bewerbungsschreibens sollte den Abschluss und eine dankende Schlussformel enthalten. Bedanken Sie sich f\u00fcr die Zeit und Aufmerksamkeit des potenziellen Arbeitgebers und dr\u00fccken Sie Ihre Bereitschaft aus, weitere Informationen zur Verf\u00fcgung zu stellen oder zu einem Vorstellungsgespr\u00e4ch eingeladen zu werden.<\/p>  <p>Beenden Sie das Schreiben mit einer professionellen Schlussformel wie &#8220;Mit freundlichen Gr\u00fc\u00dfen&#8221; oder &#8220;Hochachtungsvoll&#8221;. Vergessen Sie nicht, Ihren vollst\u00e4ndigen Namen und Ihre Kontaktdaten anzugeben, damit der Arbeitgeber Sie problemlos erreichen kann.<\/p>  <h4>Beispiel:<\/h4>  <p><strong>Vielen Dank f\u00fcr Ihre Zeit und Aufmerksamkeit. Ich stehe Ihnen gerne f\u00fcr weitere Informationen oder ein pers\u00f6nliches Gespr\u00e4ch zur Verf\u00fcgung.<\/strong><\/p>  <p><strong>Mit freundlichen Gr\u00fc\u00dfen,<\/strong><\/p>  <p><strong>Lisa Becker<\/strong><\/p>  <h3><\/h3>  <p>Ein Bewerbungsschreiben auf Empfehlung ist eine effektive M\u00f6glichkeit, Ihre Chancen auf eine Anstellung zu verbessern. Indem Sie die Empfehlung einer vertrauensw\u00fcrdigen Person nutzen, k\u00f6nnen Sie Ihre Glaubw\u00fcrdigkeit und Ihre Verbindung zum potenziellen Arbeitgeber st\u00e4rken. In diesem Handbuch haben wir Ihnen detailliert erkl\u00e4rt, wie Sie ein solches Schreiben verfassen k\u00f6nnen. Von der Begr\u00fc\u00dfung und Vorstellung \u00fcber das Betonen Ihrer Qualifikationen und Motivation bis hin zum Abschluss und der dankenden Schlussformel, haben wir Ihnen hilfreiche Tipps und Beispiele gegeben, um ein \u00fcberzeugendes Bewerbungsschreiben auf Empfehlung zu schreiben.<\/p>\r\n\r\n<\/div><\/div>\r\n\r\n<!-- wp:separator -->\r\n\r\n<hr class=\"wp-block-separator has-alpha-channel-opacity\" \/>","protected":false},"excerpt":{"rendered":"<p>Vorlage und Muster f\u00fcr Bewerbungsschreiben Auf Empfehlung &#8211; Erstellung und Ausf\u00fcllen &#8211; \u00d6ffnen im WORD PDF Datei und Online &nbsp; &#8230; <\/p>\n<p class=\"read-more-container\"><a title=\"\u00d6ffnen &#8211; Bewerbungsschreiben Auf Empfehlung\" class=\"read-more button\" href=\"https:\/\/schreibenpro.com\/de\/bewerbungsschreiben-auf-empfehlung-offnen\/#more-693\" aria-label=\"Mehr zu \u00d6ffnen &#8211; Bewerbungsschreiben Auf Empfehlung\">\u00d6FFNEN <\/a><\/p>\n","protected":false},"author":1,"featured_media":0,"parent":0,"menu_order":0,"comment_status":"closed","ping_status":"closed","template":"","meta":{"footnotes":""},"class_list":{"0":"post-693","1":"page","2":"type-page","3":"status-publish","5":"infinite-scroll-item"},"yoast_head":"<!-- This site is optimized with the Yoast SEO plugin v24.6 - https:\/\/yoast.com\/wordpress\/plugins\/seo\/ -->\n<title>\u00d6ffnen - Bewerbungsschreiben Auf Empfehlung - Schreiben PRO<\/title>\n<meta name=\"robots\" content=\"noindex, follow\" \/>\n<meta property=\"og:locale\" content=\"de_DE\" \/>\n<meta property=\"og:type\" content=\"article\" \/>\n<meta property=\"og:title\" content=\"\u00d6ffnen - Bewerbungsschreiben Auf Empfehlung - Schreiben PRO\" \/>\n<meta property=\"og:description\" content=\"Vorlage und Muster f\u00fcr Bewerbungsschreiben Auf Empfehlung &#8211; Erstellung und Ausf\u00fcllen &#8211; \u00d6ffnen im WORD PDF Datei und Online &nbsp; ... \u00d6FFNEN\" \/>\n<meta property=\"og:url\" content=\"https:\/\/schreibenpro.com\/de\/bewerbungsschreiben-auf-empfehlung-offnen\/\" \/>\n<meta property=\"og:site_name\" content=\"Schreiben PRO\" \/>\n<meta property=\"og:image\" content=\"https:\/\/schreibenpro.com\/de\/wp-content\/uploads\/bewerbungsschreiben-auf-empfehlung-muster-vorlage.jpg\" \/>\n<meta name=\"twitter:card\" content=\"summary_large_image\" \/>\n<meta name=\"twitter:label1\" content=\"Gesch\u00e4tzte Lesezeit\" \/>\n\t<meta name=\"twitter:data1\" content=\"1\u00a0Minute\" \/>\n<!-- \/ Yoast SEO plugin. -->","yoast_head_json":{"title":"\u00d6ffnen - Bewerbungsschreiben Auf Empfehlung - Schreiben PRO","robots":{"index":"noindex","follow":"follow"},"og_locale":"de_DE","og_type":"article","og_title":"\u00d6ffnen - Bewerbungsschreiben Auf Empfehlung - Schreiben PRO","og_description":"Vorlage und Muster f\u00fcr Bewerbungsschreiben Auf Empfehlung &#8211; Erstellung und Ausf\u00fcllen &#8211; \u00d6ffnen im WORD PDF Datei und Online &nbsp; ... \u00d6FFNEN","og_url":"https:\/\/schreibenpro.com\/de\/bewerbungsschreiben-auf-empfehlung-offnen\/","og_site_name":"Schreiben PRO","og_image":[{"url":"https:\/\/schreibenpro.com\/de\/wp-content\/uploads\/bewerbungsschreiben-auf-empfehlung-muster-vorlage.jpg","type":"","width":"","height":""}],"twitter_card":"summary_large_image","twitter_misc":{"Gesch\u00e4tzte Lesezeit":"1\u00a0Minute"},"schema":{"@context":"https:\/\/schema.org","@graph":[{"@type":"WebPage","@id":"https:\/\/schreibenpro.com\/de\/bewerbungsschreiben-auf-empfehlung-offnen\/","url":"https:\/\/schreibenpro.com\/de\/bewerbungsschreiben-auf-empfehlung-offnen\/","name":"\u00d6ffnen - Bewerbungsschreiben Auf Empfehlung - Schreiben PRO","isPartOf":{"@id":"https:\/\/schreibenpro.com\/de\/#website"},"primaryImageOfPage":{"@id":"https:\/\/schreibenpro.com\/de\/bewerbungsschreiben-auf-empfehlung-offnen\/#primaryimage"},"image":{"@id":"https:\/\/schreibenpro.com\/de\/bewerbungsschreiben-auf-empfehlung-offnen\/#primaryimage"},"thumbnailUrl":"https:\/\/schreibenpro.com\/de\/wp-content\/uploads\/bewerbungsschreiben-auf-empfehlung-muster-vorlage.jpg","datePublished":"2023-12-18T08:25:38+00:00","breadcrumb":{"@id":"https:\/\/schreibenpro.com\/de\/bewerbungsschreiben-auf-empfehlung-offnen\/#breadcrumb"},"inLanguage":"de","potentialAction":[{"@type":"ReadAction","target":["https:\/\/schreibenpro.com\/de\/bewerbungsschreiben-auf-empfehlung-offnen\/"]}]},{"@type":"ImageObject","inLanguage":"de","@id":"https:\/\/schreibenpro.com\/de\/bewerbungsschreiben-auf-empfehlung-offnen\/#primaryimage","url":"https:\/\/schreibenpro.com\/de\/wp-content\/uploads\/anschreiben-zum-angebot-muster-vorlage.jpg","contentUrl":"https:\/\/schreibenpro.com\/de\/wp-content\/uploads\/anschreiben-zum-angebot-muster-vorlage.jpg","width":1410,"height":2250},{"@type":"BreadcrumbList","@id":"https:\/\/schreibenpro.com\/de\/bewerbungsschreiben-auf-empfehlung-offnen\/#breadcrumb","itemListElement":[{"@type":"ListItem","position":1,"name":"Portada","item":"https:\/\/schreibenpro.com\/de\/"},{"@type":"ListItem","position":2,"name":"\u00d6ffnen &#8211; Bewerbungsschreiben Auf Empfehlung"}]},{"@type":"WebSite","@id":"https:\/\/schreibenpro.com\/de\/#website","url":"https:\/\/schreibenpro.com\/de\/","name":"Schreiben PRO","description":"Muster und Vorlage","publisher":{"@id":"https:\/\/schreibenpro.com\/de\/#organization"},"potentialAction":[{"@type":"SearchAction","target":{"@type":"EntryPoint","urlTemplate":"https:\/\/schreibenpro.com\/de\/?s={search_term_string}"},"query-input":{"@type":"PropertyValueSpecification","valueRequired":true,"valueName":"search_term_string"}}],"inLanguage":"de"},{"@type":"Organization","@id":"https:\/\/schreibenpro.com\/de\/#organization","name":"Schreiben PRO","url":"https:\/\/schreibenpro.com\/de\/","logo":{"@type":"ImageObject","inLanguage":"de","@id":"https:\/\/schreibenpro.com\/de\/#\/schema\/logo\/image\/","url":"https:\/\/schreibenpro.com\/de\/wp-content\/uploads\/cropped-fav.png","contentUrl":"https:\/\/schreibenpro.com\/de\/wp-content\/uploads\/cropped-fav.png","width":512,"height":512,"caption":"Schreiben PRO"},"image":{"@id":"https:\/\/schreibenpro.com\/de\/#\/schema\/logo\/image\/"}}]}},"_links":{"self":[{"href":"https:\/\/schreibenpro.com\/de\/wp-json\/wp\/v2\/pages\/693","targetHints":{"allow":["GET"]}}],"collection":[{"href":"https:\/\/schreibenpro.com\/de\/wp-json\/wp\/v2\/pages"}],"about":[{"href":"https:\/\/schreibenpro.com\/de\/wp-json\/wp\/v2\/types\/page"}],"author":[{"embeddable":true,"href":"https:\/\/schreibenpro.com\/de\/wp-json\/wp\/v2\/users\/1"}],"replies":[{"embeddable":true,"href":"https:\/\/schreibenpro.com\/de\/wp-json\/wp\/v2\/comments?post=693"}],"version-history":[{"count":0,"href":"https:\/\/schreibenpro.com\/de\/wp-json\/wp\/v2\/pages\/693\/revisions"}],"wp:attachment":[{"href":"https:\/\/schreibenpro.com\/de\/wp-json\/wp\/v2\/media?parent=693"}],"curies":[{"name":"wp","href":"https:\/\/api.w.org\/{rel}","templated":true}]}}