{"id":696,"date":"2023-12-18T08:25:39","date_gmt":"2023-12-18T08:25:39","guid":{"rendered":"https:\/\/schreibenpro.com\/de\/anschreiben-interesse-hauskauf-offnen\/"},"modified":"2023-12-18T08:25:39","modified_gmt":"2023-12-18T08:25:39","slug":"anschreiben-interesse-hauskauf-offnen","status":"publish","type":"page","link":"https:\/\/schreibenpro.com\/de\/anschreiben-interesse-hauskauf-offnen\/","title":{"rendered":"\u00d6ffnen &#8211; Anschreiben Interesse Hauskauf"},"content":{"rendered":"\r\n<p class=\"has-text-align-center\">Muster und Vorlage f\u00fcr <strong> Anschreiben Interesse Hauskauf<\/strong> &#8211; Ausf\u00fcllen und Erstellung  &#8211; \u00d6ffnen im <strong>WORD PDF<\/strong> Datei und Online<\/p>\r\n\r\n\r\n\r\n\r\n<div class=\"wp-block-image\">\r\n<figure class=\"aligncenter size-large is-resized\"><img loading=\"lazy\" decoding=\"async\" class=\"wp-image-215\" src=\"https:\/\/schreibenpro.com\/de\/wp-content\/uploads\/anschreiben-interesse-hauskauf-muster-vorlage.jpg\" alt=\"\" width=\"245\" height=\"391\" \/><\/figure>\r\n<\/div>\r\n\r\n\r\n\r\n<hr class=\"wp-block-separator has-alpha-channel-opacity\" \/>\r\n\r\n\r\n\r\n\r\n\r\n<div class=\"su-note\"  style=\"border-color:#e5e5e5;border-radius:10px;-moz-border-radius:10px;-webkit-border-radius:10px;\"><div class=\"su-note-inner su-u-clearfix su-u-trim\" style=\"background-color:#FFFFFF;border-color:#ffffff;color:#333333;border-radius:10px;-moz-border-radius:10px;-webkit-border-radius:10px;\">\r\n\r\n<section id=\"specialParagraph\"><p><strong>Einleitung:<\/strong><\/p> <p>Sehr geehrte\/r [Name des Verk\u00e4ufers\/der Verk\u00e4uferin],<\/p> <p>mit gro\u00dfem Interesse habe ich erfahren, dass Sie Ihr Haus zum Verkauf anbieten. Nach gr\u00fcndlicher Recherche und Besichtigung des Hauses bin ich zu dem Entschluss gekommen, dass dieses Haus perfekt zu meinen Bed\u00fcrfnissen und W\u00fcnschen als potenzieller K\u00e4ufer\/in passt.<\/p>  <p><strong>Kurze Vorstellung:<\/strong><\/p> <p>Mein Name ist [Ihr Name] und ich bin [Beruf\/T\u00e4tigkeit]. Ich lebe derzeit in [aktueller Wohnort] und suche nach einem neuen Zuhause, das meinen Bed\u00fcrfnissen auf lange Sicht entspricht. Ich war schon immer von der Architektur und dem Charme der [Stadt\/Gegend, in der sich das Haus befindet] angezogen und freue mich, dass ich die M\u00f6glichkeit habe, hier zu leben.<\/p>  <p><strong>Beschreibung des Hauses:<\/strong><\/p> <p>Das Haus, das Sie zum Verkauf anbieten, hat meine Aufmerksamkeit aufgrund seiner einzigartigen Merkmale und Eigenschaften erregt. Besonders beeindruckt hat mich [hier k\u00f6nnen Sie spezifische Merkmale des Hauses hervorheben, wie zum Beispiel Gr\u00f6\u00dfe, Anzahl der Zimmer, besondere Ausstattung oder Annehmlichkeiten]. Ich bin der Meinung, dass dieses Haus meiner Familie und mir die ideale Umgebung bieten kann, um unser Zuhause f\u00fcr viele Jahre zu gestalten und hier sch\u00f6ne Erinnerungen zu schaffen.<\/p>  <p><strong>Finanzielle M\u00f6glichkeiten:<\/strong><\/p> <p>Ich m\u00f6chte betonen, dass ich mich bereits \u00fcber meine finanziellen M\u00f6glichkeiten informiert habe und sicher bin, dass ich in der Lage bin, das Haus zu einem angemessenen Preis zu erwerben. Ich habe bereits Kontakt zu meiner Bank aufgenommen und eine Finanzierungszusage erhalten. Daher bin ich bereit, zeitnah mit Ihnen \u00fcber den Kaufprozess zu sprechen und gegebenenfalls ein Angebot zu unterbreiten, das Ihren Vorstellungen entspricht.<\/p>  <p><strong>Weitere Informationen:<\/strong><\/p> <p>Falls es Ihnen m\u00f6glich ist, m\u00f6chte ich gerne weitere Informationen \u00fcber das Haus erhalten, wie zum Beispiel den Grundriss, Informationen \u00fcber den Garten oder etwaige Renovierungen, die durchgef\u00fchrt wurden. Jegliche zus\u00e4tzliche Informationen werden mir dabei helfen, eine informierte und wohl\u00fcberlegte Entscheidung zu treffen.<\/p>  <p><strong>Besichtigungswunsch:<\/strong><\/p> <p>Des Weiteren m\u00f6chte ich gerne einen Termin vereinbaren, um das Haus erneut zu besichtigen und eventuell einen unabh\u00e4ngigen Gutachter hinzuzuziehen, um sicherzustellen, dass das Haus allen Anforderungen entspricht. Bitte lassen Sie mich wissen, wann es Ihnen am besten passt.<\/p>  <p><strong>Abschluss:<\/strong><\/p> <p>Ich bedanke mich f\u00fcr Ihre Aufmerksamkeit und hoffe auf eine positive R\u00fcckmeldung. F\u00fcr R\u00fcckfragen stehe ich Ihnen gerne zur Verf\u00fcgung. Ich freue mich darauf, Sie pers\u00f6nlich kennenzulernen und den Kaufprozess weiterzuverfolgen.<\/p>  <p>Mit freundlichen Gr\u00fc\u00dfen,<\/p> [Ihr Name]<\/section><\/div><\/div>\r\n\r\n&nbsp;\r\n\r\n\r\n\r\n\r\n\r\n\r\n<p class=\"has-text-align-center\">Vorlage und Muster f\u00fcr <strong> Anschreiben Interesse Hauskauf <\/strong> zur Anpassung und Erstellung  im <strong>WORD<\/strong>\u2013 und <strong>PDF-Format<\/strong><\/p>\r\n\r\n\r\n<button id=\"generatePDF\">Erstellen (PDF &#8211; WORD)<\/button>\r\n\r\n\r\n\r\n<hr class=\"wp-block-separator has-alpha-channel-opacity\" \/>\r\n\r\n\r\n\r\n<p style=\"text-align: center;\"><strong>Anschreiben Interesse Hauskauf<\/strong><\/p>\r\n\r\n<div class=\"wp-block-columns is-layout-flex wp-container-core-columns-is-layout-9d6595d7 wp-block-columns-is-layout-flex\">\r\n\r\n\r\n<div class=\"wp-block-column is-layout-flow wp-block-column-is-layout-flow\"><div class=\"su-button-center\"><a href=\"https:\/\/briefe-fuer-immobilienmakler.de\/cust\/Briefe%20f%C3%BCr%20Immobilienmakler.pdf\" class=\"su-button su-button-style-flat\" style=\"color:#FFFFFF;background-color:#144bb6;border-color:#103c92;border-radius:1px\" target=\"_self\"><span style=\"color:#FFFFFF;padding:0px 24px;font-size:18px;line-height:36px;border-color:#5b81cc;border-radius:1px;text-shadow:none\">   PDF <\/span><\/a><\/div>\n<\/div>\r\n\r\n\r\n\r\n<div class=\"wp-block-column is-layout-flow wp-block-column-is-layout-flow\"><div class=\"su-button-center\"><a href=\"https:\/\/jimdo-storage.global.ssl.fastly.net\/file\/b7b12357-3547-4eba-9cb4-e96e0e93a5df\/Gebotsabgabe%20zum%20Bieterverfahren%20Vorlage.docx\" class=\"su-button su-button-style-flat\" style=\"color:#FFFFFF;background-color:#144bb6;border-color:#103c92;border-radius:1px\" target=\"_self\"><span style=\"color:#FFFFFF;padding:0px 24px;font-size:18px;line-height:36px;border-color:#5b81cc;border-radius:1px;text-shadow:none\">   DOC<\/span><\/a><\/div>\n<\/div>\r\n\r\n\r\n<\/div>\r\n\r\n\r\n\r\n<p style=\"text-align: center;\"><strong>Beispiele<\/strong><\/p>\r\n\r\n<div class=\"wp-block-columns is-layout-flex wp-container-core-columns-is-layout-9d6595d7 wp-block-columns-is-layout-flex\">\r\n\r\n\r\n<div class=\"wp-block-column is-layout-flow wp-block-column-is-layout-flow\"><div class=\"su-button-center\"><a href=\"https:\/\/briefe-fuer-immobilienmakler.de\/cust\/Briefe%20f%C3%BCr%20Immobilienmakler.pdf\" class=\"su-button su-button-style-flat\" style=\"color:#FFFFFF;background-color:#144bb6;border-color:#103c92;border-radius:1px\" target=\"_self\"><span style=\"color:#FFFFFF;padding:0px 24px;font-size:18px;line-height:36px;border-color:#5b81cc;border-radius:1px;text-shadow:none\">  Beispiel &#8211; 1 <\/span><\/a><\/div>\n<\/div>\r\n\r\n\r\n\r\n<div class=\"wp-block-column is-layout-flow wp-block-column-is-layout-flow\"><div class=\"su-button-center\"><a href=\"http:\/\/cockpit-direct.flowfact.me\/main\/files\/mehr_erfolg_mit_professionellen_vorlagen.pdf\" class=\"su-button su-button-style-flat\" style=\"color:#FFFFFF;background-color:#144bb6;border-color:#103c92;border-radius:1px\" target=\"_self\"><span style=\"color:#FFFFFF;padding:0px 24px;font-size:18px;line-height:36px;border-color:#5b81cc;border-radius:1px;text-shadow:none\">  Beispiel &#8211; 2 <\/span><\/a><\/div>\n<\/div>\r\n\r\n\r\n<\/div>\r\n\r\n\r\n<hr class=\"wp-block-separator has-alpha-channel-opacity\" \/>\r\n\r\n\r\n\r\n<div class=\"wp-block-columns is-layout-flex wp-container-core-columns-is-layout-9d6595d7 wp-block-columns-is-layout-flex\">\r\n\r\n\r\n<div class=\"wp-block-column is-layout-flow wp-block-column-is-layout-flow\"><div class=\"su-button-center\"><a href=\"https:\/\/www.bruchsal.de\/site\/Bruchsal-Internet\/get\/documents\/bruchsal-internet\/PB5Documents\/pdf\/Interessenbekundung-Wohnbauinvestoren-02-endversion.pdf\" class=\"su-button su-button-style-flat\" style=\"color:#FFFFFF;background-color:#144bb6;border-color:#103c92;border-radius:1px\" target=\"_self\"><span style=\"color:#FFFFFF;padding:0px 24px;font-size:18px;line-height:36px;border-color:#5b81cc;border-radius:1px;text-shadow:none\">  Beispiel &#8211; 3 <\/span><\/a><\/div>\n<\/div>\r\n\r\n\r\n\r\n<div class=\"wp-block-column is-layout-flow wp-block-column-is-layout-flow\"><div class=\"su-button-center\"><a href=\"https:\/\/briefe-fuer-immobilienmakler.de\/cust\/Briefe%20f%C3%BCr%20Immobilienmakler.pdf\" class=\"su-button su-button-style-flat\" style=\"color:#FFFFFF;background-color:#144bb6;border-color:#103c92;border-radius:1px\" target=\"_self\"><span style=\"color:#FFFFFF;padding:0px 24px;font-size:18px;line-height:36px;border-color:#5b81cc;border-radius:1px;text-shadow:none\">  Beispiel &#8211; 4 <\/span><\/a><\/div>\n<\/div>\r\n\r\n\r\n<\/div>\r\n\r\n\r\n<hr class=\"wp-block-separator has-alpha-channel-opacity\" \/>\r\n\r\n<!-- \/wp:post-content -->\r\n\r\n<!-- wp:table {\"align\":\"center\"} -->\r\n<figure class=\"wp-block-table aligncenter\">\r\n<table>\r\n<tbody>\r\n<tr>\r\n<td style=\"text-align: center;\">Anschreiben Interesse Hauskauf<\/td>\r\n<\/tr>\r\n<tr>\r\n<td style=\"text-align: center;\">PDF &#8211; WORD Datei<\/td>\r\n<\/tr>\r\n<tr>\r\n<td style=\"text-align: center;\">Bewertung: \u2b50\u2b50\u2b50\u2b50\u2b50 4.73<\/td>\r\n<\/tr>\r\n<tr>\r\n<td style=\"text-align: center;\">Ergebnisse &#8211; 6979<\/td>\r\n<\/tr>\r\n<\/tbody>\r\n<\/table>\r\n<\/figure>\r\n<!-- \/wp:table -->\r\n\r\n<!-- wp:separator -->\r\n\r\n<hr class=\"wp-block-separator has-alpha-channel-opacity\" \/>\r\n\r\n<!-- \/wp:separator -->\r\n\r\n<div class=\"su-note\"  style=\"border-color:#e5e5e5;border-radius:10px;-moz-border-radius:10px;-webkit-border-radius:10px;\"><div class=\"su-note-inner su-u-clearfix su-u-trim\" style=\"background-color:#FFFFFF;border-color:#ffffff;color:#333333;border-radius:10px;-moz-border-radius:10px;-webkit-border-radius:10px;\">\r\n\r\n<p>Ein Anschreiben zum Interesse am Hauskauf ist eine wichtige Kommunikation, um potenzielles Interesse an einem Haus oder einer Immobilie gegen\u00fcber dem Verk\u00e4ufer oder dem Makler zu zeigen. Es ist wichtig, dass das Anschreiben effektiv und professionell ist, um einen guten Eindruck zu hinterlassen und Ihre Chancen auf den Hauskauf zu verbessern. In dieser Anleitung werden wir Ihnen detaillierte Schritte und Bestandteile eines solchen Anschreibens erl\u00e4utern.<\/p>  <h3>Einleitung<\/h3>  <p>Die Einleitung ist der erste Teil des Anschreibens und sollte dazu dienen, das Interesse an der Immobilie zu vermitteln und einen guten ersten Eindruck zu hinterlassen. Hier sind einige Tipps, wie Sie Ihre Einleitung effektiv gestalten k\u00f6nnen:<\/p>  <ol> <li>Beginnen Sie mit einer h\u00f6flichen und professionellen Anrede, z. B. &#8220;Sehr geehrter [Name des Verk\u00e4ufers\/Maklers]&#8221;.<\/li> <li>Stellen Sie sich und Ihren Hintergrund kurz vor, um dem Verk\u00e4ufer\/Makler einen Einblick in Ihre Situation zu geben. Zum Beispiel k\u00f6nnen Sie Ihren Beruf, Ihre Familie oder Ihre aktuellen Wohnverh\u00e4ltnisse erw\u00e4hnen.<\/li> <li>\u00c4u\u00dfern Sie Ihr konkretes Interesse an der Immobilie und geben Sie an, woher Sie von ihr erfahren haben. Zum Beispiel k\u00f6nnen Sie sagen: &#8220;Ich habe Ihre Immobilienanzeige auf [Website\/Zeitung] gesehen und bin sehr an Ihrer Immobilie interessiert.&#8221;<\/li> <\/ol>  <p>Ein Beispiel f\u00fcr die Einleitung k\u00f6nnte wie folgt aussehen:<\/p>  <p><strong>Sehr geehrte Frau\/Herr [Name des Verk\u00e4ufers\/Maklers],<\/strong><\/p>  <p>Mein Name ist [Ihr Name] und ich habe von dem zum Verkauf stehenden Haus in [Adresse der Immobilie] durch Ihre Anzeige auf [Website\/Zeitung] erfahren. Ich war von den Bildern und der Beschreibung so beeindruckt, dass ich sofort meine ernsthafte Absicht signalisieren m\u00f6chte, diese Immobilie zu erwerben.<\/p>  <h3>Hauptteil<\/h3>  <p>Der Hauptteil des Anschreibens ist der Ort, an dem Sie Ihre Interessen, Bed\u00fcrfnisse und W\u00fcnsche in Bezug auf die Immobilie weiter ausf\u00fchren. Hier sind einige wichtige Punkte, die Sie ber\u00fccksichtigen sollten:<\/p>  <dl> <dt>1. Beschreiben Sie Ihren Bedarf<\/dt> <dd>Erkl\u00e4ren Sie, warum genau diese Immobilie Ihren Bed\u00fcrfnissen entspricht. Betonen Sie die Merkmale, die Ihnen wichtig sind, wie z. B. die Gr\u00f6\u00dfe des Hauses, die Anzahl der Schlafzimmer, die Lage oder andere spezifische Anforderungen, die Sie haben.<\/dd>  <dt>2. Zeigen Sie Ihr Interesse<\/dt> <dd>Erkl\u00e4ren Sie Ihre Begeisterung und Ihr Interesse an der Immobilie. Betonen Sie, was Ihnen an der Immobilie gef\u00e4llt und wie gut sie zu Ihren Bed\u00fcrfnissen passt. Seien Sie dabei offen und ehrlich, aber auch respektvoll gegen\u00fcber dem Verk\u00e4ufer\/Makler.<\/dd>  <dt>3. Erw\u00e4hnen Sie Ihre Finanzierungsm\u00f6glichkeiten<\/dt> <dd>Geben Sie an, dass Sie in der Lage sind, die Immobilie finanziell zu erwerben. Erw\u00e4hnen Sie hierbei, ob Sie bereits eine Finanzierungszusage haben oder wie Sie den Kauf finanzieren m\u00f6chten.<\/dd> <\/dl>  <p>Ein Beispiel f\u00fcr den Hauptteil k\u00f6nnte wie folgt aussehen:<\/p>  <p>Die Gr\u00f6\u00dfe und Lage des Hauses in [Adresse der Immobilie] sind perfekt f\u00fcr meine Familie. Wir haben nach einer ger\u00e4umigen Immobilie mit mindestens vier Schlafzimmern und einem gro\u00dfen Garten gesucht, und Ihr Haus erf\u00fcllt alle unsere Anforderungen. Besonders beeindruckt hat uns die moderne Ausstattung und die helle Atmosph\u00e4re des Hauses, die in den Bildern zu erkennen ist. Es scheint ideal f\u00fcr unsere Familie und unsere Bed\u00fcrfnisse zu sein.<\/p> <p>Ich m\u00f6chte Ihnen auch mitteilen, dass wir bereits eine Finanzierungszusage f\u00fcr den Kauf dieser Immobilie erhalten haben. Wir sind finanziell gut aufgestellt und k\u00f6nnten den Kauf problemlos abschlie\u00dfen. <\/p>  <h3>Schluss<\/h3>  <p>Der Schlussteil des Anschreibens dient dazu, den Brief auf eine positive und professionelle Weise abzurunden. Hier sind einige Tipps f\u00fcr den Abschluss:<\/p>  <ol> <li>Bekr\u00e4ftigen Sie Ihr Interesse an der Immobilie und Ihre Hoffnung, dass der Verk\u00e4ufer\/Makler Ihr Angebot in Betracht zieht.<\/li> <li>Bieten Sie an, weitere Informationen zu liefern oder einen Besichtigungstermin zu vereinbaren.<\/li> <li>Bedanken Sie sich h\u00f6flich f\u00fcr die Zeit und die Ber\u00fccksichtigung Ihres Anschreibens.<\/li> <li>Schlie\u00dfen Sie mit einer h\u00f6flichen Gru\u00dfformel ab, z. B. &#8220;Mit freundlichen Gr\u00fc\u00dfen&#8221; gefolgt von Ihrem Namen.<\/li> <\/ol>  <p>Ein Beispiel f\u00fcr den Schluss k\u00f6nnte wie folgt aussehen:<\/p>  <p>Ich hoffe, dass Sie unser Interesse an Ihrem Haus ber\u00fccksichtigen und wir die M\u00f6glichkeit haben, es pers\u00f6nlich zu besichtigen. Falls Sie weitere Informationen ben\u00f6tigen oder einen Besichtigungstermin vereinbaren m\u00f6chten, stehe ich Ihnen gerne zur Verf\u00fcgung. Vielen Dank f\u00fcr Ihre Zeit und Ihre Ber\u00fccksichtigung unseres Anschreibens.<\/p>  <p>Mit freundlichen Gr\u00fc\u00dfen,<\/p> [Ihr Name]  <p>Indem Sie diese Schritte befolgen und Ihre Interessen und Bed\u00fcrfnisse effektiv kommunizieren, k\u00f6nnen Sie ein \u00fcberzeugendes Anschreiben zum Interesse am Hauskauf erstellen. Denken Sie daran, dass Professionalit\u00e4t, H\u00f6flichkeit und Ehrlichkeit in Ihrem Anschreiben von gro\u00dfer Bedeutung sind.<\/p>\r\n\r\n<\/div><\/div>\r\n\r\n<!-- wp:separator -->\r\n\r\n<hr class=\"wp-block-separator has-alpha-channel-opacity\" \/>","protected":false},"excerpt":{"rendered":"<p>Muster und Vorlage f\u00fcr Anschreiben Interesse Hauskauf &#8211; Ausf\u00fcllen und Erstellung &#8211; \u00d6ffnen im WORD PDF Datei und Online &nbsp; &#8230; <\/p>\n<p class=\"read-more-container\"><a title=\"\u00d6ffnen &#8211; Anschreiben Interesse Hauskauf\" class=\"read-more button\" href=\"https:\/\/schreibenpro.com\/de\/anschreiben-interesse-hauskauf-offnen\/#more-696\" aria-label=\"Mehr zu \u00d6ffnen &#8211; Anschreiben Interesse Hauskauf\">\u00d6FFNEN <\/a><\/p>\n","protected":false},"author":1,"featured_media":0,"parent":0,"menu_order":0,"comment_status":"closed","ping_status":"closed","template":"","meta":{"footnotes":""},"class_list":{"0":"post-696","1":"page","2":"type-page","3":"status-publish","5":"infinite-scroll-item"},"yoast_head":"<!-- This site is optimized with the Yoast SEO plugin v24.6 - https:\/\/yoast.com\/wordpress\/plugins\/seo\/ -->\n<title>\u00d6ffnen - Anschreiben Interesse Hauskauf - Schreiben PRO<\/title>\n<meta name=\"robots\" content=\"noindex, follow\" \/>\n<meta property=\"og:locale\" content=\"de_DE\" \/>\n<meta property=\"og:type\" content=\"article\" \/>\n<meta property=\"og:title\" content=\"\u00d6ffnen - Anschreiben Interesse Hauskauf - Schreiben PRO\" \/>\n<meta property=\"og:description\" content=\"Muster und Vorlage f\u00fcr Anschreiben Interesse Hauskauf &#8211; Ausf\u00fcllen und Erstellung &#8211; \u00d6ffnen im WORD PDF Datei und Online &nbsp; ... \u00d6FFNEN\" \/>\n<meta property=\"og:url\" content=\"https:\/\/schreibenpro.com\/de\/anschreiben-interesse-hauskauf-offnen\/\" \/>\n<meta property=\"og:site_name\" content=\"Schreiben PRO\" \/>\n<meta property=\"og:image\" content=\"https:\/\/schreibenpro.com\/de\/wp-content\/uploads\/anschreiben-interesse-hauskauf-muster-vorlage.jpg\" \/>\n<meta name=\"twitter:card\" content=\"summary_large_image\" \/>\n<meta name=\"twitter:label1\" content=\"Gesch\u00e4tzte Lesezeit\" \/>\n\t<meta name=\"twitter:data1\" content=\"1\u00a0Minute\" \/>\n<!-- \/ Yoast SEO plugin. -->","yoast_head_json":{"title":"\u00d6ffnen - Anschreiben Interesse Hauskauf - Schreiben PRO","robots":{"index":"noindex","follow":"follow"},"og_locale":"de_DE","og_type":"article","og_title":"\u00d6ffnen - Anschreiben Interesse Hauskauf - Schreiben PRO","og_description":"Muster und Vorlage f\u00fcr Anschreiben Interesse Hauskauf &#8211; Ausf\u00fcllen und Erstellung &#8211; \u00d6ffnen im WORD PDF Datei und Online &nbsp; ... \u00d6FFNEN","og_url":"https:\/\/schreibenpro.com\/de\/anschreiben-interesse-hauskauf-offnen\/","og_site_name":"Schreiben PRO","og_image":[{"url":"https:\/\/schreibenpro.com\/de\/wp-content\/uploads\/anschreiben-interesse-hauskauf-muster-vorlage.jpg","type":"","width":"","height":""}],"twitter_card":"summary_large_image","twitter_misc":{"Gesch\u00e4tzte Lesezeit":"1\u00a0Minute"},"schema":{"@context":"https:\/\/schema.org","@graph":[{"@type":"WebPage","@id":"https:\/\/schreibenpro.com\/de\/anschreiben-interesse-hauskauf-offnen\/","url":"https:\/\/schreibenpro.com\/de\/anschreiben-interesse-hauskauf-offnen\/","name":"\u00d6ffnen - Anschreiben Interesse Hauskauf - Schreiben PRO","isPartOf":{"@id":"https:\/\/schreibenpro.com\/de\/#website"},"primaryImageOfPage":{"@id":"https:\/\/schreibenpro.com\/de\/anschreiben-interesse-hauskauf-offnen\/#primaryimage"},"image":{"@id":"https:\/\/schreibenpro.com\/de\/anschreiben-interesse-hauskauf-offnen\/#primaryimage"},"thumbnailUrl":"https:\/\/schreibenpro.com\/de\/wp-content\/uploads\/anschreiben-interesse-hauskauf-muster-vorlage.jpg","datePublished":"2023-12-18T08:25:39+00:00","breadcrumb":{"@id":"https:\/\/schreibenpro.com\/de\/anschreiben-interesse-hauskauf-offnen\/#breadcrumb"},"inLanguage":"de","potentialAction":[{"@type":"ReadAction","target":["https:\/\/schreibenpro.com\/de\/anschreiben-interesse-hauskauf-offnen\/"]}]},{"@type":"ImageObject","inLanguage":"de","@id":"https:\/\/schreibenpro.com\/de\/anschreiben-interesse-hauskauf-offnen\/#primaryimage","url":"https:\/\/schreibenpro.com\/de\/wp-content\/uploads\/anschreiben-zum-angebot-muster-vorlage.jpg","contentUrl":"https:\/\/schreibenpro.com\/de\/wp-content\/uploads\/anschreiben-zum-angebot-muster-vorlage.jpg","width":1410,"height":2250},{"@type":"BreadcrumbList","@id":"https:\/\/schreibenpro.com\/de\/anschreiben-interesse-hauskauf-offnen\/#breadcrumb","itemListElement":[{"@type":"ListItem","position":1,"name":"Portada","item":"https:\/\/schreibenpro.com\/de\/"},{"@type":"ListItem","position":2,"name":"\u00d6ffnen &#8211; Anschreiben Interesse Hauskauf"}]},{"@type":"WebSite","@id":"https:\/\/schreibenpro.com\/de\/#website","url":"https:\/\/schreibenpro.com\/de\/","name":"Schreiben PRO","description":"Muster und Vorlage","publisher":{"@id":"https:\/\/schreibenpro.com\/de\/#organization"},"potentialAction":[{"@type":"SearchAction","target":{"@type":"EntryPoint","urlTemplate":"https:\/\/schreibenpro.com\/de\/?s={search_term_string}"},"query-input":{"@type":"PropertyValueSpecification","valueRequired":true,"valueName":"search_term_string"}}],"inLanguage":"de"},{"@type":"Organization","@id":"https:\/\/schreibenpro.com\/de\/#organization","name":"Schreiben PRO","url":"https:\/\/schreibenpro.com\/de\/","logo":{"@type":"ImageObject","inLanguage":"de","@id":"https:\/\/schreibenpro.com\/de\/#\/schema\/logo\/image\/","url":"https:\/\/schreibenpro.com\/de\/wp-content\/uploads\/cropped-fav.png","contentUrl":"https:\/\/schreibenpro.com\/de\/wp-content\/uploads\/cropped-fav.png","width":512,"height":512,"caption":"Schreiben PRO"},"image":{"@id":"https:\/\/schreibenpro.com\/de\/#\/schema\/logo\/image\/"}}]}},"_links":{"self":[{"href":"https:\/\/schreibenpro.com\/de\/wp-json\/wp\/v2\/pages\/696","targetHints":{"allow":["GET"]}}],"collection":[{"href":"https:\/\/schreibenpro.com\/de\/wp-json\/wp\/v2\/pages"}],"about":[{"href":"https:\/\/schreibenpro.com\/de\/wp-json\/wp\/v2\/types\/page"}],"author":[{"embeddable":true,"href":"https:\/\/schreibenpro.com\/de\/wp-json\/wp\/v2\/users\/1"}],"replies":[{"embeddable":true,"href":"https:\/\/schreibenpro.com\/de\/wp-json\/wp\/v2\/comments?post=696"}],"version-history":[{"count":0,"href":"https:\/\/schreibenpro.com\/de\/wp-json\/wp\/v2\/pages\/696\/revisions"}],"wp:attachment":[{"href":"https:\/\/schreibenpro.com\/de\/wp-json\/wp\/v2\/media?parent=696"}],"curies":[{"name":"wp","href":"https:\/\/api.w.org\/{rel}","templated":true}]}}