{"id":697,"date":"2023-12-18T08:25:40","date_gmt":"2023-12-18T08:25:40","guid":{"rendered":"https:\/\/schreibenpro.com\/de\/anschreiben-bewerbung-praktikum-offnen\/"},"modified":"2023-12-18T08:25:40","modified_gmt":"2023-12-18T08:25:40","slug":"anschreiben-bewerbung-praktikum-offnen","status":"publish","type":"page","link":"https:\/\/schreibenpro.com\/de\/anschreiben-bewerbung-praktikum-offnen\/","title":{"rendered":"\u00d6ffnen &#8211; Anschreiben Bewerbung Praktikum"},"content":{"rendered":"\r\n<p class=\"has-text-align-center\">Muster und Vorlage f\u00fcr <strong> Anschreiben Bewerbung Praktikum<\/strong> &#8211; Erstellung und Ausf\u00fcllen &#8211; \u00d6ffnen im <strong>PDF  WORD<\/strong> Datei und Online<\/p>\r\n\r\n\r\n\r\n\r\n<div class=\"wp-block-image\">\r\n<figure class=\"aligncenter size-large is-resized\"><img loading=\"lazy\" decoding=\"async\" class=\"wp-image-215\" src=\"https:\/\/schreibenpro.com\/de\/wp-content\/uploads\/anschreiben-bewerbung-praktikum-muster-vorlage.jpg\" alt=\"\" width=\"245\" height=\"391\" \/><\/figure>\r\n<\/div>\r\n\r\n\r\n\r\n<hr class=\"wp-block-separator has-alpha-channel-opacity\" \/>\r\n\r\n\r\n\r\n\r\n\r\n<div class=\"su-note\"  style=\"border-color:#e5e5e5;border-radius:10px;-moz-border-radius:10px;-webkit-border-radius:10px;\"><div class=\"su-note-inner su-u-clearfix su-u-trim\" style=\"background-color:#FFFFFF;border-color:#ffffff;color:#333333;border-radius:10px;-moz-border-radius:10px;-webkit-border-radius:10px;\">\r\n\r\n<section id=\"specialParagraph\"><p>Max Mustermann Musterstra\u00dfe 123 12345 Musterstadt Tel: 01234\/56789 Email: max.mustermann@email.com<\/p>  <p>Unternehmen XYZ Personalabteilung Musterweg 456 54321 Musterstadt<\/p>  <p><strong>Bewerbung f\u00fcr ein Praktikum im Bereich Marketing<\/strong><\/p>  <p>Sehr geehrte Damen und Herren,<\/p>  <p>hiermit bewerbe ich mich um ein Praktikum im Bereich Marketing in Ihrem Unternehmen XYZ. Durch die intensive Recherche \u00fcber Ihr Unternehmen habe ich viel \u00fcber Ihre Produkte, Dienstleistungen und Ihren Erfolg am Markt erfahren. Die M\u00f6glichkeit, mein theoretisches Wissen in einem praktischen Umfeld anzuwenden und dabei Ihr Unternehmen unterst\u00fctzen zu k\u00f6nnen, reizt mich sehr.<\/p>  <p><strong>Warum ich mich f\u00fcr das Praktikum bei XYZ interessiere:<\/strong><\/p>  <p>Ich habe gro\u00dfes Interesse an der Marketingbranche, insbesondere an der Entwicklung von Marketingstrategien und der Kundengewinnung. XYZ hat sich in diesen Bereichen als Marktf\u00fchrer etabliert, was mein Interesse an einem Praktikum bei Ihrem Unternehmen weiter verst\u00e4rkt hat. Ich bin beeindruckt von den innovativen Ans\u00e4tzen und den Erfolgen, die Sie in der Vergangenheit erzielt haben.<\/p>  <p><strong>Meine Qualifikationen:<\/strong><\/p>  <p>Ich habe ein abgeschlossenes Studium der Betriebswirtschaftslehre mit Schwerpunkt Marketing an der Universit\u00e4t Musterstadt absolviert. W\u00e4hrend meines Studiums konnte ich meine Kenntnisse in den Bereichen Marktforschung, Produktentwicklung und Marketingstrategien vertiefen. Zudem sammelte ich erste praktische Erfahrungen im Marketing w\u00e4hrend meiner Werkstudentent\u00e4tigkeit bei Unternehmen ABC.<\/p>  <p>Des Weiteren verf\u00fcge ich \u00fcber ausgezeichnete analytische und kommunikative F\u00e4higkeiten sowie \u00fcber ein hohes Ma\u00df an Kreativit\u00e4t. Ich bin in der Lage, komplexe Zusammenh\u00e4nge schnell zu erfassen und L\u00f6sungen zu entwickeln. Als teamorientierte Person kann ich gut im Team arbeiten und bringe gerne eigene Ideen ein.<\/p>  <p><strong>Warum ich mich f\u00fcr ein Praktikum entschieden habe:<\/strong><\/p>  <p>Ein Praktikum bietet mir die M\u00f6glichkeit, mein theoretisches Wissen in der Praxis anzuwenden und erste praktische Erfahrungen im Bereich Marketing zu sammeln. Ich erhoffe mir dadurch einen tieferen Einblick in die Abl\u00e4ufe eines Unternehmens zu bekommen und meine Kenntnisse weiter auszubauen. Zudem bin ich \u00fcberzeugt, dass ein Praktikum bei Ihrem Unternehmen mir wertvolle Kontakte und Einblicke in die Branche bieten wird.<\/p>  <p><strong>Meine Erwartungen an das Praktikum bei XYZ:<\/strong><\/p>  <p>Ich erwarte, dass das Praktikum mich in meinem weiteren Berufsweg unterst\u00fctzt und mir die M\u00f6glichkeit bietet, meine F\u00e4higkeiten und Kenntnisse weiter auszubauen. Ich m\u00f6chte w\u00e4hrend des Praktikums sowohl an aktuellen Projekten mitarbeiten als auch eigenst\u00e4ndige Aufgaben \u00fcbernehmen. Zudem erhoffe ich mir eine konstruktive Feedback-Kultur, um mich bestm\u00f6glich weiterentwickeln zu k\u00f6nnen.<\/p>  <p><strong>Warum ich mich f\u00fcr Ihr Unternehmen entschieden habe:<\/strong><\/p>  <p>Ihr Unternehmen hat einen ausgezeichneten Ruf in der Branche und legt gro\u00dfen Wert auf Innovation und Qualit\u00e4t. Ich m\u00f6chte Teil eines Unternehmens sein, das sich stetig weiterentwickelt und neue Ma\u00dfst\u00e4be setzt. Die M\u00f6glichkeit, bei XYZ mitzuarbeiten und einen Beitrag zum weiteren Erfolg zu leisten, ist f\u00fcr mich \u00e4u\u00dferst reizvoll.<\/p>  <p><strong>Mein zeitlicher Rahmen:<\/strong><\/p>  <p>Ich stehe Ihnen ab dem 1. Juli 20XX f\u00fcr einen Zeitraum von sechs Monaten zur Verf\u00fcgung. Eine Verl\u00e4ngerung des Praktikums ist f\u00fcr mich durchaus vorstellbar.<\/p>  <p><strong>Mein Lebenslauf und weitere Unterlagen:<\/strong><\/p>  <p>Anbei finden Sie meinen Lebenslauf sowie meine Zeugnisse und weitere Unterlagen. Ich stehe Ihnen gerne f\u00fcr ein pers\u00f6nliches Gespr\u00e4ch zur Verf\u00fcgung, um meine Motivation und Qualifikationen n\u00e4her zu erl\u00e4utern.<\/p>  <p>\u00dcber eine positive R\u00fcckmeldung Ihrerseits w\u00fcrde ich mich sehr freuen. Ich bin davon \u00fcberzeugt, dass ich mit meinem Einsatz und meiner Leidenschaft einen wertvollen Beitrag zu Ihrem Unternehmen leisten kann.<\/p>  <p>Mit freundlichen Gr\u00fc\u00dfen,<\/p>  <p>Max Mustermann<\/p><\/section><\/div><\/div>\r\n\r\n&nbsp;\r\n\r\n\r\n\r\n\r\n\r\n\r\n<p class=\"has-text-align-center\">Muster und Vorlage f\u00fcr <strong> Anschreiben Bewerbung Praktikum <\/strong> zur Anpassung und Erstellung  im <strong>WORD<\/strong>\u2013 und <strong>PDF-Format<\/strong><\/p>\r\n\r\n\r\n<button id=\"generatePDF\">Erstellen (PDF &#8211; WORD)<\/button>\r\n\r\n\r\n\r\n<hr class=\"wp-block-separator has-alpha-channel-opacity\" \/>\r\n\r\n\r\n\r\n<p style=\"text-align: center;\"><strong>Anschreiben Bewerbung Praktikum<\/strong><\/p>\r\n\r\n<div class=\"wp-block-columns is-layout-flex wp-container-core-columns-is-layout-9d6595d7 wp-block-columns-is-layout-flex\">\r\n\r\n\r\n<div class=\"wp-block-column is-layout-flow wp-block-column-is-layout-flow\"><div class=\"su-button-center\"><a href=\"https:\/\/planet-beruf.de\/fileadmin\/assets\/01_Neu\/05_PDF_Neu\/Wie_bewerbe_ich_mich\/Arbeitsblaetter\/Musteranschreiben_fuer_ein_Praktikum.pdf\" class=\"su-button su-button-style-flat\" style=\"color:#FFFFFF;background-color:#144bb6;border-color:#103c92;border-radius:1px\" target=\"_self\"><span style=\"color:#FFFFFF;padding:0px 24px;font-size:18px;line-height:36px;border-color:#5b81cc;border-radius:1px;text-shadow:none\">   PDF <\/span><\/a><\/div>\n<\/div>\r\n\r\n\r\n\r\n<div class=\"wp-block-column is-layout-flow wp-block-column-is-layout-flow\"><div class=\"su-button-center\"><a href=\"https:\/\/lebenslaufdesigns.de\/wp-content\/uploads\/anschreiben-praktikum-download.docx\" class=\"su-button su-button-style-flat\" style=\"color:#FFFFFF;background-color:#144bb6;border-color:#103c92;border-radius:1px\" target=\"_self\"><span style=\"color:#FFFFFF;padding:0px 24px;font-size:18px;line-height:36px;border-color:#5b81cc;border-radius:1px;text-shadow:none\">   DOC<\/span><\/a><\/div>\n<\/div>\r\n\r\n\r\n<\/div>\r\n\r\n\r\n\r\n<p style=\"text-align: center;\"><strong>Beispiele<\/strong><\/p>\r\n\r\n<div class=\"wp-block-columns is-layout-flex wp-container-core-columns-is-layout-9d6595d7 wp-block-columns-is-layout-flex\">\r\n\r\n\r\n<div class=\"wp-block-column is-layout-flow wp-block-column-is-layout-flow\"><div class=\"su-button-center\"><a href=\"https:\/\/planet-beruf.de\/fileadmin\/assets\/01_Neu\/05_PDF_Neu\/Wie_bewerbe_ich_mich\/Arbeitsblaetter\/Musteranschreiben_fuer_ein_Praktikum.pdf\" class=\"su-button su-button-style-flat\" style=\"color:#FFFFFF;background-color:#144bb6;border-color:#103c92;border-radius:1px\" target=\"_self\"><span style=\"color:#FFFFFF;padding:0px 24px;font-size:18px;line-height:36px;border-color:#5b81cc;border-radius:1px;text-shadow:none\">  Beispiel &#8211; 1 <\/span><\/a><\/div>\n<\/div>\r\n\r\n\r\n\r\n<div class=\"wp-block-column is-layout-flow wp-block-column-is-layout-flow\"><div class=\"su-button-center\"><a href=\"https:\/\/www.fu-berlin.de\/sites\/career\/_ressourcen\/Bewerbung_Ressourcen\/Vorlage-Anschreiben.pdf\" class=\"su-button su-button-style-flat\" style=\"color:#FFFFFF;background-color:#144bb6;border-color:#103c92;border-radius:1px\" target=\"_self\"><span style=\"color:#FFFFFF;padding:0px 24px;font-size:18px;line-height:36px;border-color:#5b81cc;border-radius:1px;text-shadow:none\">  Beispiel &#8211; 2 <\/span><\/a><\/div>\n<\/div>\r\n\r\n\r\n<\/div>\r\n\r\n\r\n<hr class=\"wp-block-separator has-alpha-channel-opacity\" \/>\r\n\r\n\r\n\r\n<div class=\"wp-block-columns is-layout-flex wp-container-core-columns-is-layout-9d6595d7 wp-block-columns-is-layout-flex\">\r\n\r\n\r\n<div class=\"wp-block-column is-layout-flow wp-block-column-is-layout-flow\"><div class=\"su-button-center\"><a href=\"https:\/\/www.adhs-ausbildungskompass.de\/Content\/Pdfs\/Musteranschreiben_Schuelerpraktikum.pdf\" class=\"su-button su-button-style-flat\" style=\"color:#FFFFFF;background-color:#144bb6;border-color:#103c92;border-radius:1px\" target=\"_self\"><span style=\"color:#FFFFFF;padding:0px 24px;font-size:18px;line-height:36px;border-color:#5b81cc;border-radius:1px;text-shadow:none\">  Beispiel &#8211; 3 <\/span><\/a><\/div>\n<\/div>\r\n\r\n\r\n\r\n<div class=\"wp-block-column is-layout-flow wp-block-column-is-layout-flow\"><div class=\"su-button-center\"><a href=\"https:\/\/planet-beruf.de\/fileadmin\/assets\/01_Neu\/05_PDF_Neu\/Wie_bewerbe_ich_mich\/Arbeitsblaetter\/Musteranschreiben_fuer_ein_Praktikum.pdf\" class=\"su-button su-button-style-flat\" style=\"color:#FFFFFF;background-color:#144bb6;border-color:#103c92;border-radius:1px\" target=\"_self\"><span style=\"color:#FFFFFF;padding:0px 24px;font-size:18px;line-height:36px;border-color:#5b81cc;border-radius:1px;text-shadow:none\">  Beispiel &#8211; 4 <\/span><\/a><\/div>\n<\/div>\r\n\r\n\r\n<\/div>\r\n\r\n\r\n<hr class=\"wp-block-separator has-alpha-channel-opacity\" \/>\r\n\r\n<!-- \/wp:post-content -->\r\n\r\n<!-- wp:table {\"align\":\"center\"} -->\r\n<figure class=\"wp-block-table aligncenter\">\r\n<table>\r\n<tbody>\r\n<tr>\r\n<td style=\"text-align: center;\">Anschreiben Bewerbung Praktikum<\/td>\r\n<\/tr>\r\n<tr>\r\n<td style=\"text-align: center;\">PDF &#8211; WORD Datei<\/td>\r\n<\/tr>\r\n<tr>\r\n<td style=\"text-align: center;\">Bewertung: \u2b50\u2b50\u2b50\u2b50\u2b50 4.30<\/td>\r\n<\/tr>\r\n<tr>\r\n<td style=\"text-align: center;\">Ergebnisse &#8211; 7546<\/td>\r\n<\/tr>\r\n<\/tbody>\r\n<\/table>\r\n<\/figure>\r\n<!-- \/wp:table -->\r\n\r\n<!-- wp:separator -->\r\n\r\n<hr class=\"wp-block-separator has-alpha-channel-opacity\" \/>\r\n\r\n<!-- \/wp:separator -->\r\n\r\n<div class=\"su-note\"  style=\"border-color:#e5e5e5;border-radius:10px;-moz-border-radius:10px;-webkit-border-radius:10px;\"><div class=\"su-note-inner su-u-clearfix su-u-trim\" style=\"background-color:#FFFFFF;border-color:#ffffff;color:#333333;border-radius:10px;-moz-border-radius:10px;-webkit-border-radius:10px;\">\r\n\r\n<p>Ein Anschreiben f\u00fcr eine Bewerbung um ein Praktikum ist eine wichtige M\u00f6glichkeit, um sich bei einem potenziellen Arbeitgeber vorzustellen und Ihr Interesse an einer bestimmten Position zu zeigen. Es ist entscheidend, dass Ihr Anschreiben professionell, gut strukturiert und \u00fcberzeugend ist, um die Aufmerksamkeit des Lesers zu erregen.<\/p>  <h3>1. Einleitung<\/h3>  <p>Die Einleitung ist der erste Abschnitt Ihres Anschreibens und dient dazu, den Leser neugierig zu machen und sein Interesse zu wecken. Hier sollten Sie Ihren Namen, den Namen des Unternehmens, bei dem Sie sich bewerben, und den Grund f\u00fcr Ihr Interesse an dem Praktikum angeben.<\/p>  <p>Beispiel:<\/p>  <blockquote><p>Sehr geehrte\/r [Name des Ansprechpartners oder des Personalverantwortlichen],<\/p> <p>mit gro\u00dfem Interesse habe ich auf Ihrer Webseite gelesen, dass Sie Praktikumsstellen in [Bereich\/Abteilung] anbieten.<\/p> <p>Mein Name ist [Ihr Name] und ich studiere derzeit [Studiengang] an der [Universit\u00e4t\/Hochschule]. Ich schreibe Ihnen, um mich als Praktikant\/in in Ihrem Unternehmen zu bewerben.<\/p><\/blockquote>  <h3>2. Hauptteil<\/h3>  <p>Der Hauptteil Ihres Anschreibens erm\u00f6glicht es Ihnen, Ihre F\u00e4higkeiten, Erfahrungen und Qualifikationen hervorzuheben, die Sie f\u00fcr das Praktikum qualifizieren. Beziehen Sie sich auf Ihre Ausbildung, bisherige Praktika oder relevante Projekte, um Ihre Eignung f\u00fcr die Position zu unterstreichen.<\/p>  <p>Beispiel:<\/p>  <blockquote><p>In meinem Studium habe ich mich auf [spezifischer Bereich] spezialisiert und bereits praktische Erfahrungen gesammelt. Im Rahmen meines letzten Praktikums bei [Unternehmen] konnte ich umfassende Kenntnisse in [spezifischen F\u00e4higkeiten] erwerben und erfolgreich an Projekten wie [Projektname] mitwirken.<\/p> <p>Ich bin mit den g\u00e4ngigen Office-Anwendungen wie Word, Excel und PowerPoint vertraut und beherrsche zudem Programmiersprachen wie Java und Python. Meine analytischen F\u00e4higkeiten und meine schnelle Auffassungsgabe erm\u00f6glichen es mir, komplexe Probleme zu l\u00f6sen und mich schnell in neue Aufgabenbereiche einzuarbeiten.<\/p><\/blockquote>  <h3>3. Schluss<\/h3>  <p>Der Schlussteil Ihres Anschreibens dient dazu, den Leser zu einer Reaktion zu bewegen, wie zum Beispiel zu einem Vorstellungsgespr\u00e4ch oder zu weiteren Informationen. Bedanken Sie sich f\u00fcr die Ber\u00fccksichtigung Ihrer Bewerbung und zeigen Sie Ihr Interesse an einem pers\u00f6nlichen Gespr\u00e4ch.<\/p>  <p>Beispiel:<\/p>  <blockquote><p>Ich freue mich sehr \u00fcber Ihre Aufmerksamkeit und hoffe sehr, dass ich Sie von meinen Qualifikationen \u00fcberzeugen konnte. Gerne stehe ich f\u00fcr ein pers\u00f6nliches Gespr\u00e4ch zur Verf\u00fcgung, um weitere Details zu besprechen und Sie von meiner Motivation zu \u00fcberzeugen.<\/p> <p>Anbei finden Sie meinen Lebenslauf, Zeugnisse sowie eine Referenz von meinem letzten Arbeitgeber.<\/p> <p>Ich danke Ihnen f\u00fcr Ihre Zeit und ber\u00fccksichtigen Sie bitte meine Bewerbung positiv.<\/p> <p>Mit freundlichen Gr\u00fc\u00dfen,<\/p> [Ihr Name]<\/blockquote>  <h3>4. Formale Gestaltung und Aufbau<\/h3>  <p>Ein professionelles Anschreiben sollte die folgenden formalen Richtlinien und Strukturen beachten:<\/p>  <dl> <dt>4.1 Schriftart und -gr\u00f6\u00dfe:<\/dt> <dd>Verwenden Sie eine gut lesbare Schriftart wie Arial oder Times New Roman mit einer Schriftgr\u00f6\u00dfe von 10-12 Punkt f\u00fcr den Flie\u00dftext.<\/dd>  <dt>4.2 Einr\u00fcckung und Abst\u00e4nde:<\/dt> <dd>R\u00fccken Sie Ihren Text linksb\u00fcndig ein und verwenden Sie einen Zeilenabstand von 1,5 oder 2,0.<\/dd>  <dt>4.3 Unterschrift:<\/dt> <dd>Verwenden Sie eine digitale Unterschrift, wenn Sie den Brief per E-Mail versenden. Falls Sie den Brief ausdrucken und per Post verschicken, unterschreiben Sie ihn handschriftlich.<\/dd>  <dt>4.4 Anlagen:<\/dt> <dd>Nennen Sie alle beigef\u00fcgten Dokumente wie Lebenslauf, Zeugnisse oder Zertifikate.<\/dd> <\/dl>  <h3>5. Weitere Tipps<\/h3>  <p>Um ein \u00fcberzeugendes Anschreiben f\u00fcr Ihre Bewerbung um ein Praktikum zu verfassen, beachten Sie die folgenden Tipps:<\/p>  <ul> <li>Passen Sie Ihr Anschreiben an jede einzelne Bewerbung an, um Ihre Motivation und Eignung f\u00fcr die spezifische Position hervorzuheben.<\/li> <li>Verwenden Sie keine Floskeln oder Allgemeinpl\u00e4tze, sondern seien Sie spezifisch und geben Sie konkrete Beispiele.<\/li> <li>Seien Sie positiv und selbstbewusst, aber vermeiden Sie \u00dcberheblichkeit.<\/li> <li>Vermeiden Sie Rechtschreib- und Grammatikfehler, indem Sie Ihr Anschreiben sorgf\u00e4ltig Korrektur lesen.<\/li> <li>Schreiben Sie einen individuellen Betreff, der den Zweck Ihres Anschreibens klar macht.<\/li> <li>Halten Sie Ihr Anschreiben auf eine Seite, um die Aufmerksamkeit des Lesers aufrechtzuerhalten.<\/li> <\/ul>  <p>Indem Sie die oben genannten Guidelines und Tipps befolgen, k\u00f6nnen Sie ein beeindruckendes Anschreiben f\u00fcr Ihre Bewerbung um ein Praktikum verfassen. Denken Sie daran, dass Ihr Anschreiben Ihre erste Chance ist, einen guten Eindruck zu hinterlassen und Ihr Interesse an der Position zu zeigen. Investieren Sie daher ausreichend Zeit und M\u00fche in die Erstellung eines professionellen und \u00fcberzeugenden Anschreibens.<\/p>\r\n\r\n<\/div><\/div>\r\n\r\n<!-- wp:separator -->\r\n\r\n<hr class=\"wp-block-separator has-alpha-channel-opacity\" \/>","protected":false},"excerpt":{"rendered":"<p>Muster und Vorlage f\u00fcr Anschreiben Bewerbung Praktikum &#8211; Erstellung und Ausf\u00fcllen &#8211; \u00d6ffnen im PDF WORD Datei und Online &nbsp; &#8230; <\/p>\n<p class=\"read-more-container\"><a title=\"\u00d6ffnen &#8211; Anschreiben Bewerbung Praktikum\" class=\"read-more button\" href=\"https:\/\/schreibenpro.com\/de\/anschreiben-bewerbung-praktikum-offnen\/#more-697\" aria-label=\"Mehr zu \u00d6ffnen &#8211; Anschreiben Bewerbung Praktikum\">\u00d6FFNEN <\/a><\/p>\n","protected":false},"author":1,"featured_media":0,"parent":0,"menu_order":0,"comment_status":"closed","ping_status":"closed","template":"","meta":{"footnotes":""},"class_list":{"0":"post-697","1":"page","2":"type-page","3":"status-publish","5":"infinite-scroll-item"},"yoast_head":"<!-- This site is optimized with the Yoast SEO plugin v24.6 - https:\/\/yoast.com\/wordpress\/plugins\/seo\/ -->\n<title>\u00d6ffnen - Anschreiben Bewerbung Praktikum - Schreiben PRO<\/title>\n<meta name=\"robots\" content=\"noindex, follow\" \/>\n<meta property=\"og:locale\" content=\"de_DE\" \/>\n<meta property=\"og:type\" content=\"article\" \/>\n<meta property=\"og:title\" content=\"\u00d6ffnen - Anschreiben Bewerbung Praktikum - Schreiben PRO\" \/>\n<meta property=\"og:description\" content=\"Muster und Vorlage f\u00fcr Anschreiben Bewerbung Praktikum &#8211; Erstellung und Ausf\u00fcllen &#8211; \u00d6ffnen im PDF WORD Datei und Online &nbsp; ... \u00d6FFNEN\" \/>\n<meta property=\"og:url\" content=\"https:\/\/schreibenpro.com\/de\/anschreiben-bewerbung-praktikum-offnen\/\" \/>\n<meta property=\"og:site_name\" content=\"Schreiben PRO\" \/>\n<meta property=\"og:image\" content=\"https:\/\/schreibenpro.com\/de\/wp-content\/uploads\/anschreiben-bewerbung-praktikum-muster-vorlage.jpg\" \/>\n<meta name=\"twitter:card\" content=\"summary_large_image\" \/>\n<meta name=\"twitter:label1\" content=\"Gesch\u00e4tzte Lesezeit\" \/>\n\t<meta name=\"twitter:data1\" content=\"1\u00a0Minute\" \/>\n<!-- \/ Yoast SEO plugin. -->","yoast_head_json":{"title":"\u00d6ffnen - Anschreiben Bewerbung Praktikum - Schreiben PRO","robots":{"index":"noindex","follow":"follow"},"og_locale":"de_DE","og_type":"article","og_title":"\u00d6ffnen - Anschreiben Bewerbung Praktikum - Schreiben PRO","og_description":"Muster und Vorlage f\u00fcr Anschreiben Bewerbung Praktikum &#8211; Erstellung und Ausf\u00fcllen &#8211; \u00d6ffnen im PDF WORD Datei und Online &nbsp; ... \u00d6FFNEN","og_url":"https:\/\/schreibenpro.com\/de\/anschreiben-bewerbung-praktikum-offnen\/","og_site_name":"Schreiben PRO","og_image":[{"url":"https:\/\/schreibenpro.com\/de\/wp-content\/uploads\/anschreiben-bewerbung-praktikum-muster-vorlage.jpg","type":"","width":"","height":""}],"twitter_card":"summary_large_image","twitter_misc":{"Gesch\u00e4tzte Lesezeit":"1\u00a0Minute"},"schema":{"@context":"https:\/\/schema.org","@graph":[{"@type":"WebPage","@id":"https:\/\/schreibenpro.com\/de\/anschreiben-bewerbung-praktikum-offnen\/","url":"https:\/\/schreibenpro.com\/de\/anschreiben-bewerbung-praktikum-offnen\/","name":"\u00d6ffnen - Anschreiben Bewerbung Praktikum - Schreiben PRO","isPartOf":{"@id":"https:\/\/schreibenpro.com\/de\/#website"},"primaryImageOfPage":{"@id":"https:\/\/schreibenpro.com\/de\/anschreiben-bewerbung-praktikum-offnen\/#primaryimage"},"image":{"@id":"https:\/\/schreibenpro.com\/de\/anschreiben-bewerbung-praktikum-offnen\/#primaryimage"},"thumbnailUrl":"https:\/\/schreibenpro.com\/de\/wp-content\/uploads\/anschreiben-bewerbung-praktikum-muster-vorlage.jpg","datePublished":"2023-12-18T08:25:40+00:00","breadcrumb":{"@id":"https:\/\/schreibenpro.com\/de\/anschreiben-bewerbung-praktikum-offnen\/#breadcrumb"},"inLanguage":"de","potentialAction":[{"@type":"ReadAction","target":["https:\/\/schreibenpro.com\/de\/anschreiben-bewerbung-praktikum-offnen\/"]}]},{"@type":"ImageObject","inLanguage":"de","@id":"https:\/\/schreibenpro.com\/de\/anschreiben-bewerbung-praktikum-offnen\/#primaryimage","url":"https:\/\/schreibenpro.com\/de\/wp-content\/uploads\/anschreiben-zum-angebot-muster-vorlage.jpg","contentUrl":"https:\/\/schreibenpro.com\/de\/wp-content\/uploads\/anschreiben-zum-angebot-muster-vorlage.jpg","width":1410,"height":2250},{"@type":"BreadcrumbList","@id":"https:\/\/schreibenpro.com\/de\/anschreiben-bewerbung-praktikum-offnen\/#breadcrumb","itemListElement":[{"@type":"ListItem","position":1,"name":"Portada","item":"https:\/\/schreibenpro.com\/de\/"},{"@type":"ListItem","position":2,"name":"\u00d6ffnen &#8211; Anschreiben Bewerbung Praktikum"}]},{"@type":"WebSite","@id":"https:\/\/schreibenpro.com\/de\/#website","url":"https:\/\/schreibenpro.com\/de\/","name":"Schreiben PRO","description":"Muster und Vorlage","publisher":{"@id":"https:\/\/schreibenpro.com\/de\/#organization"},"potentialAction":[{"@type":"SearchAction","target":{"@type":"EntryPoint","urlTemplate":"https:\/\/schreibenpro.com\/de\/?s={search_term_string}"},"query-input":{"@type":"PropertyValueSpecification","valueRequired":true,"valueName":"search_term_string"}}],"inLanguage":"de"},{"@type":"Organization","@id":"https:\/\/schreibenpro.com\/de\/#organization","name":"Schreiben PRO","url":"https:\/\/schreibenpro.com\/de\/","logo":{"@type":"ImageObject","inLanguage":"de","@id":"https:\/\/schreibenpro.com\/de\/#\/schema\/logo\/image\/","url":"https:\/\/schreibenpro.com\/de\/wp-content\/uploads\/cropped-fav.png","contentUrl":"https:\/\/schreibenpro.com\/de\/wp-content\/uploads\/cropped-fav.png","width":512,"height":512,"caption":"Schreiben PRO"},"image":{"@id":"https:\/\/schreibenpro.com\/de\/#\/schema\/logo\/image\/"}}]}},"_links":{"self":[{"href":"https:\/\/schreibenpro.com\/de\/wp-json\/wp\/v2\/pages\/697","targetHints":{"allow":["GET"]}}],"collection":[{"href":"https:\/\/schreibenpro.com\/de\/wp-json\/wp\/v2\/pages"}],"about":[{"href":"https:\/\/schreibenpro.com\/de\/wp-json\/wp\/v2\/types\/page"}],"author":[{"embeddable":true,"href":"https:\/\/schreibenpro.com\/de\/wp-json\/wp\/v2\/users\/1"}],"replies":[{"embeddable":true,"href":"https:\/\/schreibenpro.com\/de\/wp-json\/wp\/v2\/comments?post=697"}],"version-history":[{"count":0,"href":"https:\/\/schreibenpro.com\/de\/wp-json\/wp\/v2\/pages\/697\/revisions"}],"wp:attachment":[{"href":"https:\/\/schreibenpro.com\/de\/wp-json\/wp\/v2\/media?parent=697"}],"curies":[{"name":"wp","href":"https:\/\/api.w.org\/{rel}","templated":true}]}}