{"id":698,"date":"2023-12-18T08:25:40","date_gmt":"2023-12-18T08:25:40","guid":{"rendered":"https:\/\/schreibenpro.com\/de\/bewerbungsschreiben-schulplatz-altenpflege-offnen\/"},"modified":"2023-12-18T08:25:40","modified_gmt":"2023-12-18T08:25:40","slug":"bewerbungsschreiben-schulplatz-altenpflege-offnen","status":"publish","type":"page","link":"https:\/\/schreibenpro.com\/de\/bewerbungsschreiben-schulplatz-altenpflege-offnen\/","title":{"rendered":"\u00d6ffnen &#8211; Bewerbungsschreiben Schulplatz Altenpflege"},"content":{"rendered":"\r\n<p class=\"has-text-align-center\">Vorlage und Muster f\u00fcr <strong> Bewerbungsschreiben Schulplatz Altenpflege<\/strong> &#8211; Erstellung und Ausf\u00fcllen &#8211; \u00d6ffnen im <strong>PDF  WORD<\/strong> Datei und Online<\/p>\r\n\r\n\r\n\r\n\r\n<div class=\"wp-block-image\">\r\n<figure class=\"aligncenter size-large is-resized\"><img loading=\"lazy\" decoding=\"async\" class=\"wp-image-215\" src=\"https:\/\/schreibenpro.com\/de\/wp-content\/uploads\/bewerbungsschreiben-schulplatz-altenpflege-muster-vorlage.jpg\" alt=\"\" width=\"245\" height=\"391\" \/><\/figure>\r\n<\/div>\r\n\r\n\r\n\r\n<hr class=\"wp-block-separator has-alpha-channel-opacity\" \/>\r\n\r\n\r\n\r\n\r\n\r\n<div class=\"su-note\"  style=\"border-color:#e5e5e5;border-radius:10px;-moz-border-radius:10px;-webkit-border-radius:10px;\"><div class=\"su-note-inner su-u-clearfix su-u-trim\" style=\"background-color:#FFFFFF;border-color:#ffffff;color:#333333;border-radius:10px;-moz-border-radius:10px;-webkit-border-radius:10px;\">\r\n\r\n<section id=\"specialParagraph\"><style> h1 { text-align: center; }  p { text-indent: 2em; }  strong { font-weight: bold; }  dt { font-weight: bold; margin-bottom: 0.5em; }  dd { margin-left: 2em; } <\/style>     <p><strong>Einleitung:<\/strong><\/p> <p>Sehr geehrtes Team der Altenpflegeschule,<\/p> <p>mit gro\u00dfem Interesse bewerbe ich mich hiermit um einen Schulplatz in der Altenpflege. Ich habe bereits viel \u00fcber Ihre renommierte Schule und das gute Ausbildungsniveau geh\u00f6rt und bin \u00fcberzeugt, dass ich hier die optimalen Voraussetzungen f\u00fcr eine erfolgreiche Ausbildung in der Altenpflege finde.<\/p>  <p><strong>Berufliche Motivation:<\/strong><\/p> <p>Seit meiner Kindheit interessiere ich mich f\u00fcr den Umgang mit \u00e4lteren Menschen und habe bereits erste Erfahrungen in der Altenpflege gesammelt. Mir bereitet es gro\u00dfe Freude, Menschen in ihrem Alltag zu unterst\u00fctzen und ihnen ein w\u00fcrdevolles Leben im Alter zu erm\u00f6glichen. Ich bin davon \u00fcberzeugt, dass ich durch eine Ausbildung in der Altenpflege meine Leidenschaft zum Beruf machen und einen wertvollen Beitrag zur Gesellschaft leisten kann.<\/p> <p>Ich habe bereits an verschiedenen Praktika in Altenheimen teilgenommen und konnte dabei meine kommunikativen F\u00e4higkeiten und meine Empathie unter Beweis stellen. Ich bin einf\u00fchlsam, geduldig und verantwortungsbewusst im Umgang mit \u00e4lteren und pflegebed\u00fcrftigen Menschen. Zudem arbeite ich gerne im Team und kann gut organisieren und strukturieren.<\/p>  <p><strong>Ausbildung und Erfahrungen:<\/strong><\/p> <p>Nach meinem erfolgreichen Abschluss der Mittelschule habe ich eine Ausbildung zur Sozialassistentin absolviert. W\u00e4hrend meiner Ausbildung habe ich unter anderem in einem Seniorenheim gearbeitet und dabei wertvolle Praxiserfahrungen gesammelt. Die Arbeit mit den \u00e4lteren Menschen hat mich zutiefst beeindruckt und mich in meiner Berufswahl best\u00e4rkt.<\/p> <p>Nach meiner Ausbildung habe ich bereits einige Zeit als Sozialassistentin in einem Altenheim gearbeitet und dabei meine F\u00e4higkeiten weiterentwickelt. Dabei konnte ich vor allem meine Kenntnisse in der Pflege, der Betreuung und der Organisation von Aktivit\u00e4ten f\u00fcr \u00e4ltere Menschen vertiefen. Diese Erfahrungen haben mein Interesse an der Altenpflege weiter verst\u00e4rkt und mich motiviert, eine professionelle Ausbildung in diesem Bereich zu absolvieren.<\/p>  <p><strong>Warum ich mich f\u00fcr Ihre Schule entscheide:<\/strong><\/p> <p>Ihre Schule genie\u00dft einen ausgezeichneten Ruf und ist bekannt f\u00fcr ihre qualitativ hochwertige Ausbildung in der Altenpflege. Ich bin beeindruckt von den positiven R\u00fcckmeldungen ehemaliger Sch\u00fclerinnen und Sch\u00fcler und den vielseitigen Weiterbildungsm\u00f6glichkeiten, die Ihre Schule anbietet. Zudem hat mir der Besuch des Informationsabends einen sehr guten Eindruck vermittelt und ich konnte mich pers\u00f6nlich von der hohen Fachkompetenz der Lehrkr\u00e4fte \u00fcberzeugen.<\/p> <p>Des Weiteren spricht mich die praxisnahe Ausbildung an Ihrer Schule sehr an. Die M\u00f6glichkeit, bereits w\u00e4hrend der Ausbildung in verschiedenen Einrichtungen zu arbeiten und Erfahrungen zu sammeln, ist f\u00fcr mich besonders wertvoll. Ich bin \u00fcberzeugt, dass dies meine berufliche Entwicklung ma\u00dfgeblich unterst\u00fctzt und mich bestens auf die Anforderungen im Arbeitsalltag vorbereitet.<\/p>  <p><strong>K\u00fcnftige Ziele und Beitrag zur Schule:<\/strong><\/p> <p>Mein Ziel ist es, nach meiner Ausbildung in der Pflege zu arbeiten und \u00e4lteren Menschen ein w\u00fcrdevolles, selbstbestimmtes Leben zu erm\u00f6glichen. Ich m\u00f6chte meine erlernten Kenntnisse und F\u00e4higkeiten bestm\u00f6glich einsetzen und einen positiven Beitrag zur Gesellschaft leisten.<\/p> <p>An Ihrer Schule m\u00f6chte ich mich aktiv am schulischen Leben beteiligen und meine Erfahrungen und mein Wissen mit den anderen Studierenden teilen. Ich bin \u00fcberzeugt, dass ich mit meiner offenen und zugewandten Art eine positive Lernatmosph\u00e4re schaffen kann. Zudem m\u00f6chte ich gerne an schulischen Projekten und Veranstaltungen teilnehmen und dadurch meine Kompetenzen weiterentwickeln.<\/p>  <p><strong>Schluss:<\/strong><\/p> <p>Ich bin davon \u00fcberzeugt, dass eine Ausbildung in Ihrer Altenpflegeschule die beste Wahl f\u00fcr mich ist und ich hier die optimalen Voraussetzungen f\u00fcr eine erfolgreiche berufliche Zukunft finde. Ich bin hoch motiviert, mich intensiv in meine Ausbildung einzubringen und freue mich sehr \u00fcber die M\u00f6glichkeit, an Ihrer Schule aufgenommen zu werden.<\/p> <p>Gerne stehe ich Ihnen f\u00fcr R\u00fcckfragen oder ein pers\u00f6nliches Gespr\u00e4ch zur Verf\u00fcgung. \u00dcber eine positive R\u00fcckmeldung w\u00fcrde ich mich sehr freuen.<\/p>  <p>Mit freundlichen Gr\u00fc\u00dfen,<\/p> <p>Ihr Name<\/p><\/section><\/div><\/div>\r\n\r\n&nbsp;\r\n\r\n\r\n\r\n\r\n\r\n\r\n<p class=\"has-text-align-center\">Vorlage und Muster f\u00fcr <strong> Bewerbungsschreiben Schulplatz Altenpflege <\/strong> zur Anpassung und Erstellung  im <strong>WORD<\/strong>\u2013 und <strong>PDF-Format<\/strong><\/p>\r\n\r\n\r\n<button id=\"generatePDF\">Erstellen (PDF &#8211; WORD)<\/button>\r\n\r\n\r\n\r\n<hr class=\"wp-block-separator has-alpha-channel-opacity\" \/>\r\n\r\n\r\n\r\n<p style=\"text-align: center;\"><strong>Bewerbungsschreiben Schulplatz Altenpflege<\/strong><\/p>\r\n\r\n<div class=\"wp-block-columns is-layout-flex wp-container-core-columns-is-layout-9d6595d7 wp-block-columns-is-layout-flex\">\r\n\r\n\r\n<div class=\"wp-block-column is-layout-flow wp-block-column-is-layout-flow\"><div class=\"su-button-center\"><a href=\"https:\/\/bbs-saarburg.de\/wp-content\/uploads\/2019\/01\/DeckblattBewerbungFSA.pdf\" class=\"su-button su-button-style-flat\" style=\"color:#FFFFFF;background-color:#144bb6;border-color:#103c92;border-radius:1px\" target=\"_self\"><span style=\"color:#FFFFFF;padding:0px 24px;font-size:18px;line-height:36px;border-color:#5b81cc;border-radius:1px;text-shadow:none\">   PDF <\/span><\/a><\/div>\n<\/div>\r\n\r\n\r\n\r\n<div class=\"wp-block-column is-layout-flow wp-block-column-is-layout-flow\"><div class=\"su-button-center\"><a href=\"https:\/\/bbs-saarburg.de\/wp-content\/uploads\/2019\/01\/DeckblattBewerbungFSA.pdf\" class=\"su-button su-button-style-flat\" style=\"color:#FFFFFF;background-color:#144bb6;border-color:#103c92;border-radius:1px\" target=\"_self\"><span style=\"color:#FFFFFF;padding:0px 24px;font-size:18px;line-height:36px;border-color:#5b81cc;border-radius:1px;text-shadow:none\">   DOC<\/span><\/a><\/div>\n<\/div>\r\n\r\n\r\n<\/div>\r\n\r\n\r\n\r\n<p style=\"text-align: center;\"><strong>Beispiele<\/strong><\/p>\r\n\r\n<div class=\"wp-block-columns is-layout-flex wp-container-core-columns-is-layout-9d6595d7 wp-block-columns-is-layout-flex\">\r\n\r\n\r\n<div class=\"wp-block-column is-layout-flow wp-block-column-is-layout-flow\"><div class=\"su-button-center\"><a href=\"https:\/\/bbs-saarburg.de\/wp-content\/uploads\/2019\/01\/DeckblattBewerbungFSA.pdf\" class=\"su-button su-button-style-flat\" style=\"color:#FFFFFF;background-color:#144bb6;border-color:#103c92;border-radius:1px\" target=\"_self\"><span style=\"color:#FFFFFF;padding:0px 24px;font-size:18px;line-height:36px;border-color:#5b81cc;border-radius:1px;text-shadow:none\">  Beispiel &#8211; 1 <\/span><\/a><\/div>\n<\/div>\r\n\r\n\r\n\r\n<div class=\"wp-block-column is-layout-flow wp-block-column-is-layout-flow\"><div class=\"su-button-center\"><a href=\"https:\/\/www.altenpflege-hofheim.de\/download-bereich\/download-file?path=Flyer2_Pflege.pdf\" class=\"su-button su-button-style-flat\" style=\"color:#FFFFFF;background-color:#144bb6;border-color:#103c92;border-radius:1px\" target=\"_self\"><span style=\"color:#FFFFFF;padding:0px 24px;font-size:18px;line-height:36px;border-color:#5b81cc;border-radius:1px;text-shadow:none\">  Beispiel &#8211; 2 <\/span><\/a><\/div>\n<\/div>\r\n\r\n\r\n<\/div>\r\n\r\n\r\n<hr class=\"wp-block-separator has-alpha-channel-opacity\" \/>\r\n\r\n\r\n\r\n<div class=\"wp-block-columns is-layout-flex wp-container-core-columns-is-layout-9d6595d7 wp-block-columns-is-layout-flex\">\r\n\r\n\r\n<div class=\"wp-block-column is-layout-flow wp-block-column-is-layout-flow\"><div class=\"su-button-center\"><a href=\"https:\/\/mobil.kreis-reutlingen.de\/ceasy\/resource\/?id=11030&#038;download=1\" class=\"su-button su-button-style-flat\" style=\"color:#FFFFFF;background-color:#144bb6;border-color:#103c92;border-radius:1px\" target=\"_self\"><span style=\"color:#FFFFFF;padding:0px 24px;font-size:18px;line-height:36px;border-color:#5b81cc;border-radius:1px;text-shadow:none\">  Beispiel &#8211; 3 <\/span><\/a><\/div>\n<\/div>\r\n\r\n\r\n\r\n<div class=\"wp-block-column is-layout-flow wp-block-column-is-layout-flow\"><div class=\"su-button-center\"><a href=\"https:\/\/bbs-saarburg.de\/wp-content\/uploads\/2019\/01\/DeckblattBewerbungFSA.pdf\" class=\"su-button su-button-style-flat\" style=\"color:#FFFFFF;background-color:#144bb6;border-color:#103c92;border-radius:1px\" target=\"_self\"><span style=\"color:#FFFFFF;padding:0px 24px;font-size:18px;line-height:36px;border-color:#5b81cc;border-radius:1px;text-shadow:none\">  Beispiel &#8211; 4 <\/span><\/a><\/div>\n<\/div>\r\n\r\n\r\n<\/div>\r\n\r\n\r\n<hr class=\"wp-block-separator has-alpha-channel-opacity\" \/>\r\n\r\n<!-- \/wp:post-content -->\r\n\r\n<!-- wp:table {\"align\":\"center\"} -->\r\n<figure class=\"wp-block-table aligncenter\">\r\n<table>\r\n<tbody>\r\n<tr>\r\n<td style=\"text-align: center;\">Bewerbungsschreiben Schulplatz Altenpflege<\/td>\r\n<\/tr>\r\n<tr>\r\n<td style=\"text-align: center;\">PDF &#8211; WORD Datei<\/td>\r\n<\/tr>\r\n<tr>\r\n<td style=\"text-align: center;\">Bewertung: \u2b50\u2b50\u2b50\u2b50\u2b50 4.36<\/td>\r\n<\/tr>\r\n<tr>\r\n<td style=\"text-align: center;\">Ergebnisse &#8211; 7238<\/td>\r\n<\/tr>\r\n<\/tbody>\r\n<\/table>\r\n<\/figure>\r\n<!-- \/wp:table -->\r\n\r\n<!-- wp:separator -->\r\n\r\n<hr class=\"wp-block-separator has-alpha-channel-opacity\" \/>\r\n\r\n<!-- \/wp:separator -->\r\n\r\n<div class=\"su-note\"  style=\"border-color:#e5e5e5;border-radius:10px;-moz-border-radius:10px;-webkit-border-radius:10px;\"><div class=\"su-note-inner su-u-clearfix su-u-trim\" style=\"background-color:#FFFFFF;border-color:#ffffff;color:#333333;border-radius:10px;-moz-border-radius:10px;-webkit-border-radius:10px;\">\r\n\r\n<p><strong>Einf\u00fchrung:<\/strong><\/p>  <p>Das Bewerbungsschreiben ist ein entscheidender Teil des Bewerbungsprozesses f\u00fcr einen Schulplatz in der Altenpflege. Es dient dazu, dem potenziellen Arbeitgeber einen ersten Eindruck von Ihnen als Bewerber zu vermitteln und Ihre Motivation sowie Qualifikationen hervorzuheben. In dieser Anleitung werden wir Ihnen anhand von Tipps und Beispielen den Aufbau und die formalen Aspekte eines effektiven Bewerbungsschreibens f\u00fcr einen Schulplatz in der Altenpflege erl\u00e4utern.<\/p>  <p><h3><strong>Teil 1: Der Aufbau des Bewerbungsschreibens<\/strong><\/h3><\/p>  <p><strong>Einleitung:<\/strong><\/p>  <p>Die Einleitung Ihres Bewerbungsschreibens sollte pr\u00e4gnant und auf den Punkt gebracht sein. Hier stellen Sie sich selbst vor und nennen den Grund f\u00fcr Ihre Bewerbung. Beispiele f\u00fcr eine gute Einleitung sind:<\/p>  <dl> <dt>Beispiel 1:<\/dt> <dd> &#8220;Sehr geehrte Damen und Herren,<\/dd> <dd> mein Name ist [Ihr Name] und ich bewerbe mich hiermit um einen Schulplatz in der Altenpflege an Ihrer Einrichtung. Ich habe gro\u00dfes Interesse an dieser T\u00e4tigkeit und m\u00f6chte meine Leidenschaft f\u00fcr die Pflege \u00e4lterer Menschen zum Beruf machen. &#8220;<\/dd>  <dt>Beispiel 2:<\/dt> <dd> &#8220;Sehr geehrte Frau [Name des Ansprechpartners],<\/dd> <dd> ich schreibe Ihnen, um mich um einen Schulplatz in der Altenpflege an Ihrer renommierten Institution zu bewerben. Aufgrund meiner pers\u00f6nlichen Erfahrungen und meiner Begeisterung f\u00fcr die Altenpflege bin ich fest entschlossen, eine Ausbildung in diesem Bereich zu absolvieren.&#8221;<\/dd> <\/dl>  <p><strong>Hauptteil:<\/strong><\/p>  <p>Im Hauptteil Ihres Bewerbungsschreibens sollten Sie Ihre wichtigsten Qualifikationen, Erfahrungen und pers\u00f6nlichen St\u00e4rken hervorheben. Hier ist es wichtig, dass Sie sich auf die Anforderungen des Schulplatzes in der Altenpflege beziehen und deutlich machen, warum Sie der geeignete Kandidat sind. Geben Sie Beispiele f\u00fcr Ihre Kompetenzen und Erfolge aus Ihrer bisherigen schulischen oder beruflichen Laufbahn. Beachten Sie dabei die spezifischen Anforderungen der Institution, bei der Sie sich bewerben.<\/p>  <p><strong>Beispiel f\u00fcr den Hauptteil:<\/strong><\/p>  <p>Da der Hauptteil sehr individuell gestaltet werden muss, ist es wichtig, eigene Gedanken und Erfahrungen einzubringen. Hier ein Beispiel, um Sie zu inspirieren:<\/p>  <dl> <dt>Beispiel:<\/dt> <dd> &#8220;W\u00e4hrend meiner Schulzeit habe ich an einem Praktikum in einem Altenpflegeheim teilgenommen, wo ich wertvolle Erfahrungen im Umgang mit \u00e4lteren Menschen und ihren spezifischen Bed\u00fcrfnissen gemacht habe. Besonders wichtig war f\u00fcr mich die F\u00f6rderung der Selbstst\u00e4ndigkeit und W\u00fcrde der Bewohner, weshalb ich mich intensiv mit Pflegetechniken und dem respektvollen Umgang mit den Menschen auseinandergesetzt habe. Ich konnte dabei meine Kommunikations- und Teamf\u00e4higkeit unter Beweis stellen und habe gelernt, wie man professionell auf individuelle Bed\u00fcrfnisse eingeht.&#8221;<\/dd> <\/dl>  <p><strong>Schluss:<\/strong><\/p>  <p>Ihr Schluss sollte kurz und pr\u00e4gnant sein. Bedanken Sie sich f\u00fcr die Ber\u00fccksichtigung Ihrer Bewerbung und dr\u00fccken Sie Ihr Interesse an einem Vorstellungsgespr\u00e4ch aus. Geben Sie Ihre Kontaktdaten an und stehen Sie f\u00fcr weitere Fragen zur Verf\u00fcgung.<\/p>  <p><strong>Beispiel f\u00fcr den Schluss:<\/strong><\/p>  <p>Ein Beispiel f\u00fcr den Schlussteil k\u00f6nnte wie folgt aussehen:<\/p>  <dl> <dt>Beispiel:<\/dt> <dd> &#8220;Ich w\u00fcrde mich sehr dar\u00fcber freuen, Teil Ihres Teams zu werden und meine F\u00e4higkeiten in der Altenpflege weiter auszubauen. Gerne stehe ich Ihnen f\u00fcr ein pers\u00f6nliches Gespr\u00e4ch zur Verf\u00fcgung, um Sie von meinen Qualifikationen zu \u00fcberzeugen. Meine Kontaktdaten sind unten angegeben. Vielen Dank f\u00fcr Ihre Zeit und Ber\u00fccksichtigung meiner Bewerbung.&#8221;<\/dd> <\/dl>  <p><h3><strong>Teil 2: Formale Gestaltung und Aufbau<\/strong><\/h3><\/p>  <p>Um einen professionellen Eindruck zu hinterlassen, sollten Sie bei der formalen Gestaltung und dem Aufbau Ihres Bewerbungsschreibens folgende Punkte beachten:<\/p>  <p><strong>1. \u00dcbersichtlichkeit:<\/strong><\/p> <p>Ihr Bewerbungsschreiben sollte gut strukturiert sein und in Abs\u00e4tze unterteilt werden, um eine bessere Lesbarkeit zu gew\u00e4hrleisten. Verwenden Sie dabei Leerzeilen, um Abs\u00e4tze voneinander abzugrenzen.<\/p>  <p><strong>2. Formatierung:<\/strong><\/p> <p>\u00dcblicherweise wird ein Bewerbungsschreiben als klassischer Briefformat verfasst. Verwenden Sie dazu einen professionellen Schrifttyp (z.B. Arial oder Times New Roman) und eine angemessene Schriftgr\u00f6\u00dfe (12 Punkt). Fetten Sie \u00dcberschriften und wichtige Informationen, um diese hervorzuheben.<\/p>  <p><strong>3. Anschrift:<\/strong><\/p> <p>Geben Sie oben links Ihre eigene Adresse sowie rechts daneben die Adresse der Institution an, bei der Sie sich bewerben. Verwenden Sie dazu die Betreffzeile, um den genauen Grund Ihrer Bewerbung zu nennen.<\/p>  <p><strong>4. Unterschrift:<\/strong><\/p> <p>Unten rechts auf der Seite setzen Sie nach der Gru\u00dfformel Ihre pers\u00f6nliche Unterschrift. Verwenden Sie hierf\u00fcr einen schwarzen Kugelschreiber.<\/p>  <p><strong>Beispiel f\u00fcr die formale Gestaltung:<\/strong><\/p>  <p>Hier ein Beispiel f\u00fcr die formale Gestaltung eines Bewerbungsschreibens:<\/p>  <dl> <dt>Beispiel:<\/dt> <dd> &#8220;Max Mustermann<\/dd> <dd> Musterstra\u00dfe 1<\/dd> <dd> 12345 Musterstadt<\/dd> <dd> Telefon: 01234-56789<\/dd> <dd> E-Mail: max.mustermann@example.com<\/dd> <dd> <br><\/dd> <dd> Altenpflegeschule<\/dd> <dd> Musterweg 2<\/dd> <dd> 54321 Musterstadt<\/dd> <dd> <br><\/dd> <dd> <strong>Betreff: Bewerbung um einen Schulplatz in der Altenpflege<\/strong><\/dd> <dd> <br><\/dd> <dd> Musterstadt, 01.01.2023<\/dd> <dd> <br><\/dd> <dd> <strong>Sehr geehrte Damen und Herren,<\/strong><\/dd> <dd> [Einleitung]<\/dd> <dd> [Hauptteil]<\/dd> <dd> [Schluss]<\/dd> <dd> <br><\/dd> <dd> Mit freundlichen Gr\u00fc\u00dfen,<\/dd> <dd> <br><\/dd> <dd> Max Mustermann<\/dd> <\/dl>  <p><h3><strong>Zusammenfassung:<\/strong><\/h3><\/p>  <p>In dieser Anleitung haben wir Ihnen eine detaillierte Schritt-f\u00fcr-Schritt-Anleitung zum Verfassen eines Bewerbungsschreibens f\u00fcr einen Schulplatz in der Altenpflege gegeben. Wir haben den Aufbau des Bewerbungsschreibens erl\u00e4utert, wichtige Tipps und Beispiele f\u00fcr die verschiedenen Abschnitte gegeben und auf die formale Gestaltung und den Aufbau eines effektiven Briefes hingewiesen. Mit dieser Anleitung sollten Sie nun in der Lage sein, ein \u00fcberzeugendes Bewerbungsschreiben zu verfassen und Ihre Chancen auf einen Schulplatz in der Altenpflege zu erh\u00f6hen.<\/p>\r\n\r\n<\/div><\/div>\r\n\r\n<!-- wp:separator -->\r\n\r\n<hr class=\"wp-block-separator has-alpha-channel-opacity\" \/>","protected":false},"excerpt":{"rendered":"<p>Vorlage und Muster f\u00fcr Bewerbungsschreiben Schulplatz Altenpflege &#8211; Erstellung und Ausf\u00fcllen &#8211; \u00d6ffnen im PDF WORD Datei und Online &nbsp; &#8230; <\/p>\n<p class=\"read-more-container\"><a title=\"\u00d6ffnen &#8211; Bewerbungsschreiben Schulplatz Altenpflege\" class=\"read-more button\" href=\"https:\/\/schreibenpro.com\/de\/bewerbungsschreiben-schulplatz-altenpflege-offnen\/#more-698\" aria-label=\"Mehr zu \u00d6ffnen &#8211; Bewerbungsschreiben Schulplatz Altenpflege\">\u00d6FFNEN <\/a><\/p>\n","protected":false},"author":1,"featured_media":0,"parent":0,"menu_order":0,"comment_status":"closed","ping_status":"closed","template":"","meta":{"footnotes":""},"class_list":{"0":"post-698","1":"page","2":"type-page","3":"status-publish","5":"infinite-scroll-item"},"yoast_head":"<!-- This site is optimized with the Yoast SEO plugin v24.6 - https:\/\/yoast.com\/wordpress\/plugins\/seo\/ -->\n<title>\u00d6ffnen - Bewerbungsschreiben Schulplatz Altenpflege - Schreiben PRO<\/title>\n<meta name=\"robots\" content=\"noindex, follow\" \/>\n<meta property=\"og:locale\" content=\"de_DE\" \/>\n<meta property=\"og:type\" content=\"article\" \/>\n<meta property=\"og:title\" content=\"\u00d6ffnen - Bewerbungsschreiben Schulplatz Altenpflege - Schreiben PRO\" \/>\n<meta property=\"og:description\" content=\"Vorlage und Muster f\u00fcr Bewerbungsschreiben Schulplatz Altenpflege &#8211; Erstellung und Ausf\u00fcllen &#8211; \u00d6ffnen im PDF WORD Datei und Online &nbsp; ... \u00d6FFNEN\" \/>\n<meta property=\"og:url\" content=\"https:\/\/schreibenpro.com\/de\/bewerbungsschreiben-schulplatz-altenpflege-offnen\/\" \/>\n<meta property=\"og:site_name\" content=\"Schreiben PRO\" \/>\n<meta property=\"og:image\" content=\"https:\/\/schreibenpro.com\/de\/wp-content\/uploads\/bewerbungsschreiben-schulplatz-altenpflege-muster-vorlage.jpg\" \/>\n<meta name=\"twitter:card\" content=\"summary_large_image\" \/>\n<meta name=\"twitter:label1\" content=\"Gesch\u00e4tzte Lesezeit\" \/>\n\t<meta name=\"twitter:data1\" content=\"1\u00a0Minute\" \/>\n<!-- \/ Yoast SEO plugin. -->","yoast_head_json":{"title":"\u00d6ffnen - Bewerbungsschreiben Schulplatz Altenpflege - Schreiben PRO","robots":{"index":"noindex","follow":"follow"},"og_locale":"de_DE","og_type":"article","og_title":"\u00d6ffnen - Bewerbungsschreiben Schulplatz Altenpflege - Schreiben PRO","og_description":"Vorlage und Muster f\u00fcr Bewerbungsschreiben Schulplatz Altenpflege &#8211; Erstellung und Ausf\u00fcllen &#8211; \u00d6ffnen im PDF WORD Datei und Online &nbsp; ... \u00d6FFNEN","og_url":"https:\/\/schreibenpro.com\/de\/bewerbungsschreiben-schulplatz-altenpflege-offnen\/","og_site_name":"Schreiben PRO","og_image":[{"url":"https:\/\/schreibenpro.com\/de\/wp-content\/uploads\/bewerbungsschreiben-schulplatz-altenpflege-muster-vorlage.jpg","type":"","width":"","height":""}],"twitter_card":"summary_large_image","twitter_misc":{"Gesch\u00e4tzte Lesezeit":"1\u00a0Minute"},"schema":{"@context":"https:\/\/schema.org","@graph":[{"@type":"WebPage","@id":"https:\/\/schreibenpro.com\/de\/bewerbungsschreiben-schulplatz-altenpflege-offnen\/","url":"https:\/\/schreibenpro.com\/de\/bewerbungsschreiben-schulplatz-altenpflege-offnen\/","name":"\u00d6ffnen - Bewerbungsschreiben Schulplatz Altenpflege - Schreiben PRO","isPartOf":{"@id":"https:\/\/schreibenpro.com\/de\/#website"},"primaryImageOfPage":{"@id":"https:\/\/schreibenpro.com\/de\/bewerbungsschreiben-schulplatz-altenpflege-offnen\/#primaryimage"},"image":{"@id":"https:\/\/schreibenpro.com\/de\/bewerbungsschreiben-schulplatz-altenpflege-offnen\/#primaryimage"},"thumbnailUrl":"https:\/\/schreibenpro.com\/de\/wp-content\/uploads\/bewerbungsschreiben-schulplatz-altenpflege-muster-vorlage.jpg","datePublished":"2023-12-18T08:25:40+00:00","breadcrumb":{"@id":"https:\/\/schreibenpro.com\/de\/bewerbungsschreiben-schulplatz-altenpflege-offnen\/#breadcrumb"},"inLanguage":"de","potentialAction":[{"@type":"ReadAction","target":["https:\/\/schreibenpro.com\/de\/bewerbungsschreiben-schulplatz-altenpflege-offnen\/"]}]},{"@type":"ImageObject","inLanguage":"de","@id":"https:\/\/schreibenpro.com\/de\/bewerbungsschreiben-schulplatz-altenpflege-offnen\/#primaryimage","url":"https:\/\/schreibenpro.com\/de\/wp-content\/uploads\/anschreiben-zum-angebot-muster-vorlage.jpg","contentUrl":"https:\/\/schreibenpro.com\/de\/wp-content\/uploads\/anschreiben-zum-angebot-muster-vorlage.jpg","width":1410,"height":2250},{"@type":"BreadcrumbList","@id":"https:\/\/schreibenpro.com\/de\/bewerbungsschreiben-schulplatz-altenpflege-offnen\/#breadcrumb","itemListElement":[{"@type":"ListItem","position":1,"name":"Portada","item":"https:\/\/schreibenpro.com\/de\/"},{"@type":"ListItem","position":2,"name":"\u00d6ffnen &#8211; Bewerbungsschreiben Schulplatz Altenpflege"}]},{"@type":"WebSite","@id":"https:\/\/schreibenpro.com\/de\/#website","url":"https:\/\/schreibenpro.com\/de\/","name":"Schreiben PRO","description":"Muster und Vorlage","publisher":{"@id":"https:\/\/schreibenpro.com\/de\/#organization"},"potentialAction":[{"@type":"SearchAction","target":{"@type":"EntryPoint","urlTemplate":"https:\/\/schreibenpro.com\/de\/?s={search_term_string}"},"query-input":{"@type":"PropertyValueSpecification","valueRequired":true,"valueName":"search_term_string"}}],"inLanguage":"de"},{"@type":"Organization","@id":"https:\/\/schreibenpro.com\/de\/#organization","name":"Schreiben PRO","url":"https:\/\/schreibenpro.com\/de\/","logo":{"@type":"ImageObject","inLanguage":"de","@id":"https:\/\/schreibenpro.com\/de\/#\/schema\/logo\/image\/","url":"https:\/\/schreibenpro.com\/de\/wp-content\/uploads\/cropped-fav.png","contentUrl":"https:\/\/schreibenpro.com\/de\/wp-content\/uploads\/cropped-fav.png","width":512,"height":512,"caption":"Schreiben PRO"},"image":{"@id":"https:\/\/schreibenpro.com\/de\/#\/schema\/logo\/image\/"}}]}},"_links":{"self":[{"href":"https:\/\/schreibenpro.com\/de\/wp-json\/wp\/v2\/pages\/698","targetHints":{"allow":["GET"]}}],"collection":[{"href":"https:\/\/schreibenpro.com\/de\/wp-json\/wp\/v2\/pages"}],"about":[{"href":"https:\/\/schreibenpro.com\/de\/wp-json\/wp\/v2\/types\/page"}],"author":[{"embeddable":true,"href":"https:\/\/schreibenpro.com\/de\/wp-json\/wp\/v2\/users\/1"}],"replies":[{"embeddable":true,"href":"https:\/\/schreibenpro.com\/de\/wp-json\/wp\/v2\/comments?post=698"}],"version-history":[{"count":0,"href":"https:\/\/schreibenpro.com\/de\/wp-json\/wp\/v2\/pages\/698\/revisions"}],"wp:attachment":[{"href":"https:\/\/schreibenpro.com\/de\/wp-json\/wp\/v2\/media?parent=698"}],"curies":[{"name":"wp","href":"https:\/\/api.w.org\/{rel}","templated":true}]}}