{"id":703,"date":"2023-12-18T08:25:43","date_gmt":"2023-12-18T08:25:43","guid":{"rendered":"https:\/\/schreibenpro.com\/de\/reflexion-schreiben-erzieher-offnen\/"},"modified":"2023-12-18T08:25:43","modified_gmt":"2023-12-18T08:25:43","slug":"reflexion-schreiben-erzieher-offnen","status":"publish","type":"page","link":"https:\/\/schreibenpro.com\/de\/reflexion-schreiben-erzieher-offnen\/","title":{"rendered":"\u00d6ffnen &#8211; Reflexion Schreiben Erzieher"},"content":{"rendered":"\r\n<p class=\"has-text-align-center\">Muster und Vorlage f\u00fcr <strong> Reflexion Schreiben Erzieher<\/strong> &#8211; Erstellung und Ausf\u00fcllen &#8211; \u00d6ffnen im <strong>WORD und PDF<\/strong> Datei und Online<\/p>\r\n\r\n\r\n\r\n\r\n<div class=\"wp-block-image\">\r\n<figure class=\"aligncenter size-large is-resized\"><img loading=\"lazy\" decoding=\"async\" class=\"wp-image-215\" src=\"https:\/\/schreibenpro.com\/de\/wp-content\/uploads\/reflexion-schreiben-erzieher-muster-vorlage.jpg\" alt=\"\" width=\"245\" height=\"391\" \/><\/figure>\r\n<\/div>\r\n\r\n\r\n\r\n<hr class=\"wp-block-separator has-alpha-channel-opacity\" \/>\r\n\r\n\r\n\r\n\r\n\r\n<div class=\"su-note\"  style=\"border-color:#e5e5e5;border-radius:10px;-moz-border-radius:10px;-webkit-border-radius:10px;\"><div class=\"su-note-inner su-u-clearfix su-u-trim\" style=\"background-color:#FFFFFF;border-color:#ffffff;color:#333333;border-radius:10px;-moz-border-radius:10px;-webkit-border-radius:10px;\">\r\n\r\n<section id=\"specialParagraph\"><p>Ein Reflexionsschreiben ist eine wichtige \u00dcbung, um die eigene p\u00e4dagogische Praxis zu analysieren und zu verbessern. In diesem Beispiel m\u00f6chte ich Ihnen zeigen, wie ein solches Schreiben f\u00fcr Erzieher strukturiert ist und welche Inhalte typischerweise enthalten sind.<\/p>  <h3>Einleitung<\/h3> <p>Die Einleitung des Reflexionsschreibens dient dazu, den Kontext zu erkl\u00e4ren und das Thema des Schreibens einzuf\u00fchren. Hier k\u00f6nnen Sie zum Beispiel beschreiben, in welcher Kindertagesst\u00e4tte oder Schule Sie arbeiten und auf welches Ereignis oder Thema Sie sich in Ihrer Reflexion beziehen werden.<\/p>  <p><strong>Beispiel:<\/strong> Als Erzieherin im Kindergarten XYZ m\u00f6chte ich in diesem Reflexionsschreiben meine Erfahrungen und Erkenntnisse aus einem Projekt zur fr\u00fchkindlichen Sprachf\u00f6rderung reflektieren.<\/p>  <h3>Hauptteil<\/h3> <p>Der Hauptteil des Reflexionsschreibens enth\u00e4lt die eigentliche Analyse und Reflexion Ihrer p\u00e4dagogischen Praxis. Hier k\u00f6nnen Sie auf konkrete Situationen eingehen, Ihre Beobachtungen darlegen und Ihre Gedanken und Gef\u00fchle reflektieren. Eine m\u00f6gliche Herangehensweise ist die Verwendung von Fragen, um verschiedene Aspekte Ihres Handelns zu betrachten.<\/p>  <p><strong>Beispiel:<\/strong> W\u00e4hrend des Sprachf\u00f6rderprojekts habe ich bemerkt, dass einige Kinder Schwierigkeiten hatten, ihre Gedanken und Gef\u00fchle sprachlich auszudr\u00fccken. Ich habe mich gefragt, ob meine bisherigen p\u00e4dagogischen Ans\u00e4tze ausreichen, um die individuellen Bed\u00fcrfnisse dieser Kinder zu unterst\u00fctzen. Zus\u00e4tzlich habe ich mich gefragt, welche Rolle die Eltern bei der Sprachentwicklung ihrer Kinder spielen und wie ich sie besser einbinden kann.<\/p>  <p>Im Hauptteil ist es wichtig, Ihren Gedankengang und Ihre Reflexionen zu strukturieren, damit der Text f\u00fcr den Leser leicht verst\u00e4ndlich ist. Sie k\u00f6nnen Abs\u00e4tze verwenden, um verschiedene Themenbereiche voneinander abzugrenzen und \u00dcberschriften verwenden, um die verschiedenen Aspekte Ihrer Reflexion hervorzuheben.<\/p>  <h3>Zusammenfassung und Schlussfolgerungen<\/h3> <p>Im letzten Teil des Reflexionsschreibens fassen Sie Ihre Erkenntnisse zusammen und ziehen Schlussfolgerungen f\u00fcr Ihre zuk\u00fcnftige p\u00e4dagogische Praxis. Sie k\u00f6nnen dabei auf die im Hauptteil behandelten Fragen und Aspekte Bezug nehmen und Ihre \u00dcberlegungen zusammenf\u00fchren.<\/p>  <p><strong>Beispiel:<\/strong> Insgesamt habe ich erfahren, dass eine individualisierte Sprachf\u00f6rderung essentiell ist, um die Bed\u00fcrfnisse jedes einzelnen Kindes zu erf\u00fcllen. Zudem habe ich erkannt, dass die Einbeziehung der Eltern eine wichtige Rolle dabei spielt, die sprachliche Entwicklung der Kinder zu unterst\u00fctzen. F\u00fcr die Zukunft plane ich daher, mein Sprachf\u00f6rderkonzept anzupassen und verst\u00e4rkt mit den Eltern zusammenzuarbeiten.<\/p>  <h3>Fazit<\/h3> <p>Ein Reflexionsschreiben als Erzieher ist eine wertvolle M\u00f6glichkeit, die eigene p\u00e4dagogische Praxis zu hinterfragen und zu verbessern. Indem Sie Ihre Erfahrungen und Gedanken reflektieren, k\u00f6nnen Sie neue Erkenntnisse gewinnen und Ihre p\u00e4dagogische Arbeit weiterentwickeln. Eine strukturierte und gut formulierte Reflexion hilft Ihnen dabei, Ihre Beobachtungen und Gedanken klar und verst\u00e4ndlich darzulegen.<\/p>  <p>Mit dem Beispiel-Reflexionsschreiben m\u00f6chte ich Ihnen daher eine Vorlage an die Hand geben, wie Sie Ihren eigenen Reflexionsprozess strukturieren und gestalten k\u00f6nnen. Denken Sie daran, dass jedes Reflexionsschreiben individuell ist und Ihre pers\u00f6nlichen Erfahrungen und Erkenntnisse widerspiegeln sollte. Viel Erfolg bei der Erstellung Ihres eigenen Reflexionsschreibens!<\/p><\/section><\/div><\/div>\r\n\r\n&nbsp;\r\n\r\n\r\n\r\n\r\n\r\n\r\n<p class=\"has-text-align-center\">Vorlage und Muster f\u00fcr <strong> Reflexion Schreiben Erzieher <\/strong> zur Anpassung und Erstellung  im <strong>WORD<\/strong>\u2013 und <strong>PDF-Format<\/strong><\/p>\r\n\r\n\r\n<button id=\"generatePDF\">Erstellen (PDF &#8211; WORD)<\/button>\r\n\r\n\r\n\r\n<hr class=\"wp-block-separator has-alpha-channel-opacity\" \/>\r\n\r\n\r\n\r\n<p style=\"text-align: center;\"><strong>Reflexion Schreiben Erzieher<\/strong><\/p>\r\n\r\n<div class=\"wp-block-columns is-layout-flex wp-container-core-columns-is-layout-9d6595d7 wp-block-columns-is-layout-flex\">\r\n\r\n\r\n<div class=\"wp-block-column is-layout-flow wp-block-column-is-layout-flow\"><div class=\"su-button-center\"><a href=\"https:\/\/www.pakita.de\/files\/Download\/Ausbildung\/Theater-Cafe%20Reflexion-2.pdf\" class=\"su-button su-button-style-flat\" style=\"color:#FFFFFF;background-color:#144bb6;border-color:#103c92;border-radius:1px\" target=\"_self\"><span style=\"color:#FFFFFF;padding:0px 24px;font-size:18px;line-height:36px;border-color:#5b81cc;border-radius:1px;text-shadow:none\">   PDF <\/span><\/a><\/div>\n<\/div>\r\n\r\n\r\n\r\n<div class=\"wp-block-column is-layout-flow wp-block-column-is-layout-flow\"><div class=\"su-button-center\"><a href=\"https:\/\/www.nibis.de\/uploads\/nlschb-kuels\/Bericht%20Innovorhaben%20Sprachbildung%20und%20Sprachf%C3%B6rderung%20Stand%2010_2021.docx\" class=\"su-button su-button-style-flat\" style=\"color:#FFFFFF;background-color:#144bb6;border-color:#103c92;border-radius:1px\" target=\"_self\"><span style=\"color:#FFFFFF;padding:0px 24px;font-size:18px;line-height:36px;border-color:#5b81cc;border-radius:1px;text-shadow:none\">   DOC<\/span><\/a><\/div>\n<\/div>\r\n\r\n\r\n<\/div>\r\n\r\n\r\n\r\n<p style=\"text-align: center;\"><strong>Beispiele<\/strong><\/p>\r\n\r\n<div class=\"wp-block-columns is-layout-flex wp-container-core-columns-is-layout-9d6595d7 wp-block-columns-is-layout-flex\">\r\n\r\n\r\n<div class=\"wp-block-column is-layout-flow wp-block-column-is-layout-flow\"><div class=\"su-button-center\"><a href=\"https:\/\/www.pakita.de\/files\/Download\/Ausbildung\/Theater-Cafe%20Reflexion-2.pdf\" class=\"su-button su-button-style-flat\" style=\"color:#FFFFFF;background-color:#144bb6;border-color:#103c92;border-radius:1px\" target=\"_self\"><span style=\"color:#FFFFFF;padding:0px 24px;font-size:18px;line-height:36px;border-color:#5b81cc;border-radius:1px;text-shadow:none\">  Beispiel &#8211; 1 <\/span><\/a><\/div>\n<\/div>\r\n\r\n\r\n\r\n<div class=\"wp-block-column is-layout-flow wp-block-column-is-layout-flow\"><div class=\"su-button-center\"><a href=\"https:\/\/d-nb.info\/1246680408\/34\" class=\"su-button su-button-style-flat\" style=\"color:#FFFFFF;background-color:#144bb6;border-color:#103c92;border-radius:1px\" target=\"_self\"><span style=\"color:#FFFFFF;padding:0px 24px;font-size:18px;line-height:36px;border-color:#5b81cc;border-radius:1px;text-shadow:none\">  Beispiel &#8211; 2 <\/span><\/a><\/div>\n<\/div>\r\n\r\n\r\n<\/div>\r\n\r\n\r\n<hr class=\"wp-block-separator has-alpha-channel-opacity\" \/>\r\n\r\n\r\n\r\n<div class=\"wp-block-columns is-layout-flex wp-container-core-columns-is-layout-9d6595d7 wp-block-columns-is-layout-flex\">\r\n\r\n\r\n<div class=\"wp-block-column is-layout-flow wp-block-column-is-layout-flow\"><div class=\"su-button-center\"><a href=\"https:\/\/kita-brandenburg-forum.de\/exported_files\/48_cda7f7708ec09cdf964ee9139422e42d.pdf\" class=\"su-button su-button-style-flat\" style=\"color:#FFFFFF;background-color:#144bb6;border-color:#103c92;border-radius:1px\" target=\"_self\"><span style=\"color:#FFFFFF;padding:0px 24px;font-size:18px;line-height:36px;border-color:#5b81cc;border-radius:1px;text-shadow:none\">  Beispiel &#8211; 3 <\/span><\/a><\/div>\n<\/div>\r\n\r\n\r\n\r\n<div class=\"wp-block-column is-layout-flow wp-block-column-is-layout-flow\"><div class=\"su-button-center\"><a href=\"https:\/\/www.pakita.de\/files\/Download\/Ausbildung\/Theater-Cafe%20Reflexion-2.pdf\" class=\"su-button su-button-style-flat\" style=\"color:#FFFFFF;background-color:#144bb6;border-color:#103c92;border-radius:1px\" target=\"_self\"><span style=\"color:#FFFFFF;padding:0px 24px;font-size:18px;line-height:36px;border-color:#5b81cc;border-radius:1px;text-shadow:none\">  Beispiel &#8211; 4 <\/span><\/a><\/div>\n<\/div>\r\n\r\n\r\n<\/div>\r\n\r\n\r\n<hr class=\"wp-block-separator has-alpha-channel-opacity\" \/>\r\n\r\n<!-- \/wp:post-content -->\r\n\r\n<!-- wp:table {\"align\":\"center\"} -->\r\n<figure class=\"wp-block-table aligncenter\">\r\n<table>\r\n<tbody>\r\n<tr>\r\n<td style=\"text-align: center;\">Reflexion Schreiben Erzieher<\/td>\r\n<\/tr>\r\n<tr>\r\n<td style=\"text-align: center;\">PDF &#8211; WORD Datei<\/td>\r\n<\/tr>\r\n<tr>\r\n<td style=\"text-align: center;\">Bewertung: \u2b50\u2b50\u2b50\u2b50\u2b50 4.1<\/td>\r\n<\/tr>\r\n<tr>\r\n<td style=\"text-align: center;\">Ergebnisse &#8211; 2492<\/td>\r\n<\/tr>\r\n<\/tbody>\r\n<\/table>\r\n<\/figure>\r\n<!-- \/wp:table -->\r\n\r\n<!-- wp:separator -->\r\n\r\n<hr class=\"wp-block-separator has-alpha-channel-opacity\" \/>\r\n\r\n<!-- \/wp:separator -->\r\n\r\n<div class=\"su-note\"  style=\"border-color:#e5e5e5;border-radius:10px;-moz-border-radius:10px;-webkit-border-radius:10px;\"><div class=\"su-note-inner su-u-clearfix su-u-trim\" style=\"background-color:#FFFFFF;border-color:#ffffff;color:#333333;border-radius:10px;-moz-border-radius:10px;-webkit-border-radius:10px;\">\r\n\r\n<p>Ein Reflexionsschreiben ist ein wichtiger Bestandteil der beruflichen Entwicklung als Erzieher. Es erm\u00f6glicht Ihnen, \u00fcber Ihre Erfahrungen und Herausforderungen nachzudenken und daraus zu lernen. In dieser Anleitung werden wir die verschiedenen Schritte und Bestandteile eines Reflexionsschreibens ausf\u00fchrlich erl\u00e4utern und wichtige \u00dcberlegungen zur formalen Gestaltung und zum Aufbau eines effektiven Briefes geben.<\/p>  <h3>Schritt 1: Vorbereitung<\/h3>  <p>Bevor Sie mit dem Schreiben Ihres Reflexionsschreibens beginnen, ist es wichtig, dass Sie sich Zeit nehmen, um \u00fcber Ihre Erfahrungen nachzudenken und gegebenenfalls Materialien wie Notizen oder Protokolle sammeln, die Ihnen bei der Organisation Ihrer Gedanken helfen k\u00f6nnen. \u00dcberlegen Sie, welche spezifischen Aspekte oder Ereignisse Sie in Ihrer Reflexion ansprechen m\u00f6chten.<\/p>  <h3>Schritt 2: Einleitung<\/h3>  <p>Die Einleitung Ihres Reflexionsschreibens sollte den Leser neugierig machen und einen \u00dcberblick \u00fcber das Thema und den Zweck Ihrer Reflexion geben. Sie k\u00f6nnen eine pers\u00f6nliche Anekdote oder eine allgemeine Aussage verwenden, um das Interesse des Lesers zu wecken. Stellen Sie sicher, dass Sie klar Ihre Haupterfahrung oder Ihr Hauptthema einf\u00fchren.<\/p>  <p>Beispiel:<\/p>  <blockquote> <p>Sehr geehrte Kollegen,<\/p>  <p>ich hoffe, dass dieser Brief Sie in guter Gesundheit erreicht. In meiner heutigen Reflexion m\u00f6chte ich gerne \u00fcber meine Erfahrungen mit der Umsetzung eines neuen Lernprogramms f\u00fcr Vorschulkinder sprechen. Dieses Programm, das auf interaktiven Lernmethoden basiert, hat in den letzten Monaten unser Team vor neue Herausforderungen gestellt und viele interessante Erkenntnisse erm\u00f6glicht.<\/p> <\/blockquote>  <h3>Schritt 3: Hauptteil<\/h3>  <p>Der Hauptteil Ihres Reflexionsschreibens sollte Ihre Erfahrungen und Beobachtungen detailliert beschreiben. Stellen Sie sicher, dass Sie auf spezifische Ereignisse oder Situationen eingehen und Ihre Gedanken und Gef\u00fchle dazu ausdr\u00fccken. Vermeiden Sie es, zu oberfl\u00e4chlich zu sein oder allgemeine Aussagen zu machen. Geben Sie konkrete Beispiele, um Ihren Standpunkt zu verdeutlichen.<\/p>  <p>Beispiel:<\/p>  <blockquote> <p>W\u00e4hrend der Implementierung des neuen Lernprogramms habe ich festgestellt, dass einige der Vorschulkinder Schwierigkeiten hatten, sich auf die interaktiven Aktivit\u00e4ten zu konzentrieren. Beispielsweise hatte Simon, ein vierj\u00e4hriger Junge, Schwierigkeiten, den Anweisungen zu folgen und seine Aufgaben zu erledigen. Ich konnte beobachten, wie er schnell frustriert wurde und sich zur\u00fcckzog. Nachdem ich dies bemerkte, beschloss ich, eine individuelle Betreuung anzubieten, um Simon zu unterst\u00fctzen und sein Selbstvertrauen zu st\u00e4rken.<\/p> <\/blockquote>  <h3>Schritt 4: Schluss<\/h3>  <p>Im Schlussteil Ihres Reflexionsschreibens sollten Sie Ihre Erfahrungen reflektieren und eine Schlussfolgerung ziehen. Was haben Sie gelernt? Wie haben Ihre Erfahrungen Ihre berufliche Entwicklung beeinflusst? Versuchen Sie, auf Ihre zuk\u00fcnftigen Handlungen oder Ziele einzugehen und einen Ausblick zu geben.<\/p>  <p>Beispiel:<\/p>  <blockquote> <p>Im R\u00fcckblick auf diese Erfahrung konnte ich erkennen, wie wichtig es ist, individuelle Unterst\u00fctzung anzubieten und auf die Bed\u00fcrfnisse jedes Kindes einzugehen. Das Lernprogramm hat mir gezeigt, dass jedes Kind seinen eigenen Lernstil hat und dass es wichtig ist, alternative Herangehensweisen zu finden, um ihre individuellen Bed\u00fcrfnisse zu erf\u00fcllen. In Zukunft werde ich meine p\u00e4dagogischen Praktiken \u00fcberdenken und mich darauf konzentrieren, auf die St\u00e4rken und Schw\u00e4chen jedes Kindes einzugehen, um eine unterst\u00fctzende Lernumgebung zu schaffen.<\/p> <\/blockquote>  <h3>Formale Gestaltung und Aufbau<\/h3>  <p>Bei der formalen Gestaltung Ihres Reflexionsschreibens sollten Sie auf eine klare Struktur und gute Lesbarkeit achten. Verwenden Sie Abs\u00e4tze, um Ihre Gedanken in Abschnitte zu gliedern, und verwenden Sie geeignete \u00dcberschriften, um dem Leser zu helfen, Ihren Text zu verstehen. Au\u00dferdem ist es wichtig, ein authentisches und professionelles Schreibniveau beizubehalten.<\/p>  <p>Wenn Sie Ihren Brief mit &#8220;Mit freundlichen Gr\u00fc\u00dfen&#8221; beenden, vergessen Sie nicht, Ihren Namen und Ihre Kontaktdaten anzugeben, falls der Leser weitere Fragen oder Anmerkungen hat.<\/p>  <h3><\/h3>  <p>Das Verfassen eines Reflexionsschreibens als Erzieher kann eine wertvolle M\u00f6glichkeit sein, \u00fcber Ihre Erfahrungen nachzudenken und daraus zu lernen. Indem Sie den oben genannten Schritten und \u00dcberlegungen folgen, k\u00f6nnen Sie einen effektiven und gut strukturierten Brief verfassen, der Ihren Gedanken und Erfahrungen gerecht wird.<\/p>\r\n\r\n<\/div><\/div>\r\n\r\n<!-- wp:separator -->\r\n\r\n<hr class=\"wp-block-separator has-alpha-channel-opacity\" \/>","protected":false},"excerpt":{"rendered":"<p>Muster und Vorlage f\u00fcr Reflexion Schreiben Erzieher &#8211; Erstellung und Ausf\u00fcllen &#8211; \u00d6ffnen im WORD und PDF Datei und Online &#8230; <\/p>\n<p class=\"read-more-container\"><a title=\"\u00d6ffnen &#8211; Reflexion Schreiben Erzieher\" class=\"read-more button\" href=\"https:\/\/schreibenpro.com\/de\/reflexion-schreiben-erzieher-offnen\/#more-703\" aria-label=\"Mehr zu \u00d6ffnen &#8211; Reflexion Schreiben Erzieher\">\u00d6FFNEN <\/a><\/p>\n","protected":false},"author":1,"featured_media":0,"parent":0,"menu_order":0,"comment_status":"closed","ping_status":"closed","template":"","meta":{"footnotes":""},"class_list":{"0":"post-703","1":"page","2":"type-page","3":"status-publish","5":"infinite-scroll-item"},"yoast_head":"<!-- This site is optimized with the Yoast SEO plugin v24.6 - https:\/\/yoast.com\/wordpress\/plugins\/seo\/ -->\n<title>\u00d6ffnen - Reflexion Schreiben Erzieher - Schreiben PRO<\/title>\n<meta name=\"robots\" content=\"noindex, follow\" \/>\n<meta property=\"og:locale\" content=\"de_DE\" \/>\n<meta property=\"og:type\" content=\"article\" \/>\n<meta property=\"og:title\" content=\"\u00d6ffnen - Reflexion Schreiben Erzieher - Schreiben PRO\" \/>\n<meta property=\"og:description\" content=\"Muster und Vorlage f\u00fcr Reflexion Schreiben Erzieher &#8211; Erstellung und Ausf\u00fcllen &#8211; \u00d6ffnen im WORD und PDF Datei und Online ... \u00d6FFNEN\" \/>\n<meta property=\"og:url\" content=\"https:\/\/schreibenpro.com\/de\/reflexion-schreiben-erzieher-offnen\/\" \/>\n<meta property=\"og:site_name\" content=\"Schreiben PRO\" \/>\n<meta property=\"og:image\" content=\"https:\/\/schreibenpro.com\/de\/wp-content\/uploads\/reflexion-schreiben-erzieher-muster-vorlage.jpg\" \/>\n<meta name=\"twitter:card\" content=\"summary_large_image\" \/>\n<meta name=\"twitter:label1\" content=\"Gesch\u00e4tzte Lesezeit\" \/>\n\t<meta name=\"twitter:data1\" content=\"1\u00a0Minute\" \/>\n<!-- \/ Yoast SEO plugin. -->","yoast_head_json":{"title":"\u00d6ffnen - Reflexion Schreiben Erzieher - Schreiben PRO","robots":{"index":"noindex","follow":"follow"},"og_locale":"de_DE","og_type":"article","og_title":"\u00d6ffnen - Reflexion Schreiben Erzieher - Schreiben PRO","og_description":"Muster und Vorlage f\u00fcr Reflexion Schreiben Erzieher &#8211; Erstellung und Ausf\u00fcllen &#8211; \u00d6ffnen im WORD und PDF Datei und Online ... \u00d6FFNEN","og_url":"https:\/\/schreibenpro.com\/de\/reflexion-schreiben-erzieher-offnen\/","og_site_name":"Schreiben PRO","og_image":[{"url":"https:\/\/schreibenpro.com\/de\/wp-content\/uploads\/reflexion-schreiben-erzieher-muster-vorlage.jpg","type":"","width":"","height":""}],"twitter_card":"summary_large_image","twitter_misc":{"Gesch\u00e4tzte Lesezeit":"1\u00a0Minute"},"schema":{"@context":"https:\/\/schema.org","@graph":[{"@type":"WebPage","@id":"https:\/\/schreibenpro.com\/de\/reflexion-schreiben-erzieher-offnen\/","url":"https:\/\/schreibenpro.com\/de\/reflexion-schreiben-erzieher-offnen\/","name":"\u00d6ffnen - Reflexion Schreiben Erzieher - Schreiben PRO","isPartOf":{"@id":"https:\/\/schreibenpro.com\/de\/#website"},"primaryImageOfPage":{"@id":"https:\/\/schreibenpro.com\/de\/reflexion-schreiben-erzieher-offnen\/#primaryimage"},"image":{"@id":"https:\/\/schreibenpro.com\/de\/reflexion-schreiben-erzieher-offnen\/#primaryimage"},"thumbnailUrl":"https:\/\/schreibenpro.com\/de\/wp-content\/uploads\/reflexion-schreiben-erzieher-muster-vorlage.jpg","datePublished":"2023-12-18T08:25:43+00:00","breadcrumb":{"@id":"https:\/\/schreibenpro.com\/de\/reflexion-schreiben-erzieher-offnen\/#breadcrumb"},"inLanguage":"de","potentialAction":[{"@type":"ReadAction","target":["https:\/\/schreibenpro.com\/de\/reflexion-schreiben-erzieher-offnen\/"]}]},{"@type":"ImageObject","inLanguage":"de","@id":"https:\/\/schreibenpro.com\/de\/reflexion-schreiben-erzieher-offnen\/#primaryimage","url":"https:\/\/schreibenpro.com\/de\/wp-content\/uploads\/anschreiben-zum-angebot-muster-vorlage.jpg","contentUrl":"https:\/\/schreibenpro.com\/de\/wp-content\/uploads\/anschreiben-zum-angebot-muster-vorlage.jpg","width":1410,"height":2250},{"@type":"BreadcrumbList","@id":"https:\/\/schreibenpro.com\/de\/reflexion-schreiben-erzieher-offnen\/#breadcrumb","itemListElement":[{"@type":"ListItem","position":1,"name":"Portada","item":"https:\/\/schreibenpro.com\/de\/"},{"@type":"ListItem","position":2,"name":"\u00d6ffnen &#8211; Reflexion Schreiben Erzieher"}]},{"@type":"WebSite","@id":"https:\/\/schreibenpro.com\/de\/#website","url":"https:\/\/schreibenpro.com\/de\/","name":"Schreiben PRO","description":"Muster und Vorlage","publisher":{"@id":"https:\/\/schreibenpro.com\/de\/#organization"},"potentialAction":[{"@type":"SearchAction","target":{"@type":"EntryPoint","urlTemplate":"https:\/\/schreibenpro.com\/de\/?s={search_term_string}"},"query-input":{"@type":"PropertyValueSpecification","valueRequired":true,"valueName":"search_term_string"}}],"inLanguage":"de"},{"@type":"Organization","@id":"https:\/\/schreibenpro.com\/de\/#organization","name":"Schreiben PRO","url":"https:\/\/schreibenpro.com\/de\/","logo":{"@type":"ImageObject","inLanguage":"de","@id":"https:\/\/schreibenpro.com\/de\/#\/schema\/logo\/image\/","url":"https:\/\/schreibenpro.com\/de\/wp-content\/uploads\/cropped-fav.png","contentUrl":"https:\/\/schreibenpro.com\/de\/wp-content\/uploads\/cropped-fav.png","width":512,"height":512,"caption":"Schreiben PRO"},"image":{"@id":"https:\/\/schreibenpro.com\/de\/#\/schema\/logo\/image\/"}}]}},"_links":{"self":[{"href":"https:\/\/schreibenpro.com\/de\/wp-json\/wp\/v2\/pages\/703","targetHints":{"allow":["GET"]}}],"collection":[{"href":"https:\/\/schreibenpro.com\/de\/wp-json\/wp\/v2\/pages"}],"about":[{"href":"https:\/\/schreibenpro.com\/de\/wp-json\/wp\/v2\/types\/page"}],"author":[{"embeddable":true,"href":"https:\/\/schreibenpro.com\/de\/wp-json\/wp\/v2\/users\/1"}],"replies":[{"embeddable":true,"href":"https:\/\/schreibenpro.com\/de\/wp-json\/wp\/v2\/comments?post=703"}],"version-history":[{"count":0,"href":"https:\/\/schreibenpro.com\/de\/wp-json\/wp\/v2\/pages\/703\/revisions"}],"wp:attachment":[{"href":"https:\/\/schreibenpro.com\/de\/wp-json\/wp\/v2\/media?parent=703"}],"curies":[{"name":"wp","href":"https:\/\/api.w.org\/{rel}","templated":true}]}}