{"id":707,"date":"2023-12-18T08:25:45","date_gmt":"2023-12-18T08:25:45","guid":{"rendered":"https:\/\/schreibenpro.com\/de\/bewerbung-kauffrau-fur-buromanagement-anschreiben-offnen\/"},"modified":"2023-12-18T08:25:45","modified_gmt":"2023-12-18T08:25:45","slug":"bewerbung-kauffrau-fur-buromanagement-anschreiben-offnen","status":"publish","type":"page","link":"https:\/\/schreibenpro.com\/de\/bewerbung-kauffrau-fur-buromanagement-anschreiben-offnen\/","title":{"rendered":"\u00d6ffnen &#8211; Bewerbung Kauffrau F\u00fcr B\u00fcromanagement Anschreiben"},"content":{"rendered":"\r\n<p class=\"has-text-align-center\">Muster und Vorlage f\u00fcr <strong> Bewerbung Kauffrau F\u00fcr B\u00fcromanagement Anschreiben<\/strong> &#8211; Erstellung und Ausf\u00fcllen &#8211; \u00d6ffnen im <strong>WORD und PDF<\/strong> Datei und Online<\/p>\r\n\r\n\r\n\r\n\r\n<div class=\"wp-block-image\">\r\n<figure class=\"aligncenter size-large is-resized\"><img loading=\"lazy\" decoding=\"async\" class=\"wp-image-215\" src=\"https:\/\/schreibenpro.com\/de\/wp-content\/uploads\/bewerbung-kauffrau-fur-buromanagement-anschreiben-muster-vorlage.jpg\" alt=\"\" width=\"245\" height=\"391\" \/><\/figure>\r\n<\/div>\r\n\r\n\r\n\r\n<hr class=\"wp-block-separator has-alpha-channel-opacity\" \/>\r\n\r\n\r\n\r\n\r\n\r\n<div class=\"su-note\"  style=\"border-color:#e5e5e5;border-radius:10px;-moz-border-radius:10px;-webkit-border-radius:10px;\"><div class=\"su-note-inner su-u-clearfix su-u-trim\" style=\"background-color:#FFFFFF;border-color:#ffffff;color:#333333;border-radius:10px;-moz-border-radius:10px;-webkit-border-radius:10px;\">\r\n\r\n<section id=\"specialParagraph\"><p><strong>Vorname Nachname<\/strong><\/p> <p>Stra\u00dfe Hausnummer<\/p> <p>PLZ Ort<\/p> <p>Tel: 0123456789<\/p> <p>Email: vorname.nachname@gmail.com<\/p>  <p><strong>Unternehmensname<\/strong><\/p> <p>Z.Hd. Personalabteilung<\/p> <p>Stra\u00dfe Hausnummer<\/p> <p>PLZ Ort<\/p> <p>Ort, Datum<\/p>  <p><strong>Bewerbung als Kauffrau f\u00fcr B\u00fcromanagement<\/strong><\/p>  <p>Sehr geehrte Damen und Herren,<\/p>  <p>als engagierte und motivierte Kauffrau f\u00fcr B\u00fcromanagement m\u00f6chte ich mich gerne bei Ihnen um eine Stelle bewerben. Auf Ihrer Website bin ich auf die offene Position in Ihrem Unternehmen aufmerksam geworden und bin \u00fcberzeugt, dass meine F\u00e4higkeiten und Kenntnisse perfekt zu dieser Stelle passen.<\/p>  <p><strong>Einleitung<\/strong><\/p>  <p>Ich habe im Jahr 2015 meine Ausbildung zur Kauffrau f\u00fcr B\u00fcromanagement erfolgreich abgeschlossen und seitdem umfangreiche Berufserfahrungen in diesem Bereich gesammelt. W\u00e4hrend meiner Ausbildung konnte ich fundierte Kenntnisse in den Bereichen Personalwesen, Rechnungswesen, B\u00fcrokommunikation und Projektmanagement erwerben. Zudem habe ich bereits erfolgreich administrative und organisatorische Aufgaben in verschiedenen Unternehmen ausgef\u00fchrt.<\/p>  <p><strong>Hauptteil<\/strong><\/p>  <p>In meiner letzten Position als B\u00fcroangestellte bei XYZ GmbH war ich unter anderem f\u00fcr die effiziente Organisation des B\u00fcros und die Unterst\u00fctzung des Teams verantwortlich. Ich habe eigenst\u00e4ndig Termine koordiniert, Meetings vorbereitet, Kundendaten verwaltet und allgemeine administrative Aufgaben erledigt. Dabei konnte ich meine ausgepr\u00e4gten organisatorischen F\u00e4higkeiten, meine hohe Arbeitsdisziplin sowie meine Teamf\u00e4higkeit unter Beweis stellen. Dar\u00fcber hinaus verf\u00fcge ich \u00fcber umfangreiche Kenntnisse in den g\u00e4ngigen Office-Programmen und beherrsche das 10-Finger-System sicher.<\/p>  <p>Aufgrund meiner ausgepr\u00e4gten Kommunikationsf\u00e4higkeit f\u00e4llt es mir leicht, sowohl schriftlich als auch m\u00fcndlich auf Deutsch und Englisch klar und verst\u00e4ndlich zu kommunizieren. Ich bin es gewohnt, effektiv mit Kunden, Lieferanten und Kollegen zu kommunizieren und strebe immer eine hohe Kundenzufriedenheit an. Meine freundliche und zuvorkommende Art hat es mir erm\u00f6glicht, ein starkes Netzwerk aufzubauen und gute Beziehungen sowohl intern als auch extern zu pflegen.<\/p>  <p><strong>Schluss<\/strong><\/p>  <p>Gerne m\u00f6chte ich meine Kenntnisse und F\u00e4higkeiten in Ihrem Unternehmen einbringen und zum Erfolg beitragen. Ich freue mich sehr \u00fcber die M\u00f6glichkeit, mich pers\u00f6nlich vorzustellen und n\u00e4her zu erl\u00e4utern, warum ich mich als ideale Kandidatin f\u00fcr diese Stelle sehe.<\/p>  <p>\u00dcber eine positive R\u00fcckmeldung und die Einladung zu einem pers\u00f6nlichen Gespr\u00e4ch w\u00fcrde ich mich sehr freuen.<\/p>  <p>Mit freundlichen Gr\u00fc\u00dfen<\/p>  <p>Vorname Nachname<\/p>  <p><strong>Anlagen:<\/strong><\/p> <ol> <li>Lebenslauf<\/li> <li>Ausbildungsnachweise<\/li> <li>Arbeitszeugnisse<\/li> <\/ol><\/section><\/div><\/div>\r\n\r\n&nbsp;\r\n\r\n\r\n\r\n\r\n\r\n\r\n<p class=\"has-text-align-center\">Muster und Vorlage f\u00fcr <strong> Bewerbung Kauffrau F\u00fcr B\u00fcromanagement Anschreiben <\/strong> zur Erstellung und Anpassung im <strong>WORD<\/strong>\u2013 und <strong>PDF-Format<\/strong><\/p>\r\n\r\n\r\n<button id=\"generatePDF\">Erstellen (PDF &#8211; WORD)<\/button>\r\n\r\n\r\n\r\n<hr class=\"wp-block-separator has-alpha-channel-opacity\" \/>\r\n\r\n\r\n\r\n<p style=\"text-align: center;\"><strong>Bewerbung Kauffrau F\u00fcr B\u00fcromanagement Anschreiben<\/strong><\/p>\r\n\r\n<div class=\"wp-block-columns is-layout-flex wp-container-core-columns-is-layout-9d6595d7 wp-block-columns-is-layout-flex\">\r\n\r\n\r\n<div class=\"wp-block-column is-layout-flow wp-block-column-is-layout-flow\"><div class=\"su-button-center\"><a href=\"https:\/\/www.ausbildungspark.com\/files\/anschreiben-kaufmann-fuer-bueromanagement.pdf\" class=\"su-button su-button-style-flat\" style=\"color:#FFFFFF;background-color:#144bb6;border-color:#103c92;border-radius:1px\" target=\"_self\"><span style=\"color:#FFFFFF;padding:0px 24px;font-size:18px;line-height:36px;border-color:#5b81cc;border-radius:1px;text-shadow:none\">   PDF <\/span><\/a><\/div>\n<\/div>\r\n\r\n\r\n\r\n<div class=\"wp-block-column is-layout-flow wp-block-column-is-layout-flow\"><div class=\"su-button-center\"><a href=\"https:\/\/karrierebibel.de\/wp-content\/uploads\/2021\/07\/Bewerbungsschreiben-Buerokauffrau-Vorlage-Word.docx\" class=\"su-button su-button-style-flat\" style=\"color:#FFFFFF;background-color:#144bb6;border-color:#103c92;border-radius:1px\" target=\"_self\"><span style=\"color:#FFFFFF;padding:0px 24px;font-size:18px;line-height:36px;border-color:#5b81cc;border-radius:1px;text-shadow:none\">   DOC<\/span><\/a><\/div>\n<\/div>\r\n\r\n\r\n<\/div>\r\n\r\n\r\n\r\n<p style=\"text-align: center;\"><strong>Beispiele<\/strong><\/p>\r\n\r\n<div class=\"wp-block-columns is-layout-flex wp-container-core-columns-is-layout-9d6595d7 wp-block-columns-is-layout-flex\">\r\n\r\n\r\n<div class=\"wp-block-column is-layout-flow wp-block-column-is-layout-flow\"><div class=\"su-button-center\"><a href=\"https:\/\/www.ausbildungspark.com\/files\/anschreiben-kaufmann-fuer-bueromanagement.pdf\" class=\"su-button su-button-style-flat\" style=\"color:#FFFFFF;background-color:#144bb6;border-color:#103c92;border-radius:1px\" target=\"_self\"><span style=\"color:#FFFFFF;padding:0px 24px;font-size:18px;line-height:36px;border-color:#5b81cc;border-radius:1px;text-shadow:none\">  Beispiel &#8211; 1 <\/span><\/a><\/div>\n<\/div>\r\n\r\n\r\n\r\n<div class=\"wp-block-column is-layout-flow wp-block-column-is-layout-flow\"><div class=\"su-button-center\"><a href=\"https:\/\/www.azubiyo.de\/media\/9883\/positivbeispiel_anschreiben.pdf\" class=\"su-button su-button-style-flat\" style=\"color:#FFFFFF;background-color:#144bb6;border-color:#103c92;border-radius:1px\" target=\"_self\"><span style=\"color:#FFFFFF;padding:0px 24px;font-size:18px;line-height:36px;border-color:#5b81cc;border-radius:1px;text-shadow:none\">  Beispiel &#8211; 2 <\/span><\/a><\/div>\n<\/div>\r\n\r\n\r\n<\/div>\r\n\r\n\r\n<hr class=\"wp-block-separator has-alpha-channel-opacity\" \/>\r\n\r\n\r\n\r\n<div class=\"wp-block-columns is-layout-flex wp-container-core-columns-is-layout-9d6595d7 wp-block-columns-is-layout-flex\">\r\n\r\n\r\n<div class=\"wp-block-column is-layout-flow wp-block-column-is-layout-flow\"><div class=\"su-button-center\"><a href=\"https:\/\/www.ausbildung.de\/uploads\/download_file\/63fac6c2-2272-4810-a251-919b6fbcd977\/Anschreiben_Kaufmann_Bueromanagement.pdf\" class=\"su-button su-button-style-flat\" style=\"color:#FFFFFF;background-color:#144bb6;border-color:#103c92;border-radius:1px\" target=\"_self\"><span style=\"color:#FFFFFF;padding:0px 24px;font-size:18px;line-height:36px;border-color:#5b81cc;border-radius:1px;text-shadow:none\">  Beispiel &#8211; 3 <\/span><\/a><\/div>\n<\/div>\r\n\r\n\r\n\r\n<div class=\"wp-block-column is-layout-flow wp-block-column-is-layout-flow\"><div class=\"su-button-center\"><a href=\"https:\/\/www.ausbildungspark.com\/files\/anschreiben-kaufmann-fuer-bueromanagement.pdf\" class=\"su-button su-button-style-flat\" style=\"color:#FFFFFF;background-color:#144bb6;border-color:#103c92;border-radius:1px\" target=\"_self\"><span style=\"color:#FFFFFF;padding:0px 24px;font-size:18px;line-height:36px;border-color:#5b81cc;border-radius:1px;text-shadow:none\">  Beispiel &#8211; 4 <\/span><\/a><\/div>\n<\/div>\r\n\r\n\r\n<\/div>\r\n\r\n\r\n<hr class=\"wp-block-separator has-alpha-channel-opacity\" \/>\r\n\r\n<!-- \/wp:post-content -->\r\n\r\n<!-- wp:table {\"align\":\"center\"} -->\r\n<figure class=\"wp-block-table aligncenter\">\r\n<table>\r\n<tbody>\r\n<tr>\r\n<td style=\"text-align: center;\">Bewerbung Kauffrau F\u00fcr B\u00fcromanagement Anschreiben<\/td>\r\n<\/tr>\r\n<tr>\r\n<td style=\"text-align: center;\">PDF &#8211; WORD Datei<\/td>\r\n<\/tr>\r\n<tr>\r\n<td style=\"text-align: center;\">Bewertung: \u2b50\u2b50\u2b50\u2b50\u2b50 4.20<\/td>\r\n<\/tr>\r\n<tr>\r\n<td style=\"text-align: center;\">Ergebnisse &#8211; 3264<\/td>\r\n<\/tr>\r\n<\/tbody>\r\n<\/table>\r\n<\/figure>\r\n<!-- \/wp:table -->\r\n\r\n<!-- wp:separator -->\r\n\r\n<hr class=\"wp-block-separator has-alpha-channel-opacity\" \/>\r\n\r\n<!-- \/wp:separator -->\r\n\r\n<div class=\"su-note\"  style=\"border-color:#e5e5e5;border-radius:10px;-moz-border-radius:10px;-webkit-border-radius:10px;\"><div class=\"su-note-inner su-u-clearfix su-u-trim\" style=\"background-color:#FFFFFF;border-color:#ffffff;color:#333333;border-radius:10px;-moz-border-radius:10px;-webkit-border-radius:10px;\">\r\n\r\n<p>Ein Bewerbungsschreiben ist ein wesentlicher Bestandteil Ihrer Bewerbung f\u00fcr eine Stelle als Kauffrau f\u00fcr B\u00fcromanagement. Es ist Ihre erste M\u00f6glichkeit, sich potenziellen Arbeitgebern vorzustellen und Ihr Interesse an der Stelle zu bekunden. Ein gut geschriebenes Anschreiben kann den Unterschied zwischen einer Einladung zum Vorstellungsgespr\u00e4ch und einer Absage ausmachen. In diesem Leitfaden erfahren Sie, wie Sie ein \u00fcberzeugendes Anschreiben verfassen.<\/p>  <h3>Schritt 1: Betreffzeile<\/h3>  <p>Die Betreffzeile ist der erste Teil Ihres Anschreibens und sollte deutlich machen, f\u00fcr welche Stelle Sie sich bewerben. Geben Sie den genauen Stellentitel sowie die Stellennummer an, falls angegeben. Beispiel:<\/p>  <code>Bewerbung als Kauffrau f\u00fcr B\u00fcromanagement - Stellennummer 12345<\/code>  <h3>Schritt 2: Absenderinformationen<\/h3>  <p>Geben Sie Ihre vollst\u00e4ndigen Kontaktdaten als Absender an. Dazu geh\u00f6ren Ihr Name, Ihre Adresse, Ihre Telefonnummer und Ihre E-Mail-Adresse. Sie k\u00f6nnen diese Informationen oben links oder rechts auf der Seite platzieren. Beispiel:<\/p>  <code>Vorname Nachname Stra\u00dfe Hausnummer PLZ Ort Telefonnummer E-Mail-Adresse<\/code>  <h3>Schritt 3: Empf\u00e4ngerinformationen<\/h3>  <p>Geben Sie den Namen des Unternehmens, den Namen des Empf\u00e4ngers und die Adresse des Unternehmens an. Diese Informationen sollten linksb\u00fcndig unter Ihren Absenderinformationen angeordnet sein. Beispiel:<\/p>  <code>Unternehmen XYZ Ansprechpartner: Herr\/Frau Mustermann Stra\u00dfe Hausnummer PLZ Ort<\/code>  <h3>Schritt 4: Datum<\/h3>  <p>Geben Sie das aktuelle Datum an. Platzieren Sie es unter den Empf\u00e4ngerinformationen oder rechtsb\u00fcndig auf der Seite. Beispiel:<\/p>  <code>Datum: TT.MM.JJJJ<\/code>  <h3>Schritt 5: Anrede<\/h3>  <p>Beginnen Sie das Anschreiben mit einer h\u00f6flichen Anrede, die den Empf\u00e4nger mit Namen anspricht. Verwenden Sie &#8220;Sehr geehrte\/r Herr\/Frau [Nachname]&#8221; oder &#8220;Sehr geehrtes Team von [Unternehmen]&#8221;. Beispiel:<\/p>  <code>Sehr geehrte Frau Mustermann,<\/code>  <h3>Schritt 6: Einleitung<\/h3>  <p>In der Einleitung sollten Sie angeben, wie Sie auf die Stellenausschreibung aufmerksam geworden sind und warum Sie sich f\u00fcr die Stelle interessieren. Geben Sie auch an, wo Sie \u00fcber die Stelle erfahren haben (z. B. \u00fcber die Unternehmenswebsite oder eine Jobb\u00f6rse). Beispiel:<\/p>  <code>Ihre Stellenanzeige auf Ihrer Unternehmenswebsite hat mein Interesse geweckt und ich bewerbe mich hiermit um die Stelle als Kauffrau f\u00fcr B\u00fcromanagement bei Unternehmen XYZ.<\/code>  <h3>Schritt 7: Hauptteil<\/h3>  <p>Im Hauptteil des Anschreibens sollten Sie Ihre Qualifikationen, Erfahrungen und F\u00e4higkeiten hervorheben, die Sie f\u00fcr die ausgeschriebene Stelle qualifizieren. Beziehen Sie sich auf die Anforderungen in der Stellenbeschreibung und stellen Sie Ihre entsprechenden Kenntnisse und Erfahrungen dar. Gehen Sie konkret auf Ihre beruflichen Erfolge und Leistungen ein. Beispiel:<\/p>  <code>In meiner vorherigen Position als B\u00fcrokauffrau bei ABC GmbH war ich verantwortlich f\u00fcr die Koordination des B\u00fcroalltags, die Organisation von Meetings und die Bearbeitung der Korrespondenz. Durch meine sorgf\u00e4ltige Arbeitsweise und mein Organisationstalent konnte ich die Arbeitsabl\u00e4ufe optimieren und den B\u00fcrobetrieb effizienter gestalten.<\/code>  <h3>Schritt 8: Schluss<\/h3>  <p>Im Schlussteil des Anschreibens sollten Sie Ihre Motivation f\u00fcr die Stelle und Ihr Interesse am Unternehmen zum Ausdruck bringen. Geben Sie an, warum Sie f\u00fcr die ausgeschriebene Stelle geeignet sind und welche Mehrwert Sie dem Unternehmen bieten k\u00f6nnen. Bedanken Sie sich abschlie\u00dfend f\u00fcr die Ber\u00fccksichtigung Ihrer Bewerbung und geben Sie an, dass Sie sich \u00fcber eine Einladung zum Vorstellungsgespr\u00e4ch freuen. Beispiel:<\/p>  <code>Ich bin \u00fcberzeugt, dass meine Erfahrungen und F\u00e4higkeiten mich zu einer wertvollen Erg\u00e4nzung f\u00fcr Ihr Team machen. Ich freue mich darauf, mehr \u00fcber Ihre Anforderungen und die M\u00f6glichkeit einer Zusammenarbeit zu erfahren. Vielen Dank f\u00fcr Ihre Aufmerksamkeit und die Ber\u00fccksichtigung meiner Bewerbung. Mit freundlichen Gr\u00fc\u00dfen, [Vorname Nachname]<\/code>  <h3>Schritt 9: Gru\u00dfformel und Unterschrift<\/h3>  <p>Beenden Sie das Anschreiben mit einer passenden Gru\u00dfformel wie &#8220;Mit freundlichen Gr\u00fc\u00dfen&#8221; oder &#8220;Hochachtungsvoll&#8221;. Darunter platzieren Sie Ihren Namen und Ihre Unterschrift (falls Sie das Anschreiben ausdrucken und per Post verschicken). Beispiel:<\/p>  <code>Mit freundlichen Gr\u00fc\u00dfen, Vorname Nachname<\/code>  <p>Das war eine detaillierte Anleitung, wie Sie ein Bewerbungsschreiben als Kauffrau f\u00fcr B\u00fcromanagement verfassen k\u00f6nnen. Nehmen Sie sich Zeit, den Text sorgf\u00e4ltig zu \u00fcberpr\u00fcfen, um sicherzustellen, dass er frei von Rechtschreibfehlern und Grammatikfehlern ist. Viel Erfolg bei Ihrer Bewerbung!<\/p>\r\n\r\n<\/div><\/div>\r\n\r\n<!-- wp:separator -->\r\n\r\n<hr class=\"wp-block-separator has-alpha-channel-opacity\" \/>","protected":false},"excerpt":{"rendered":"<p>Muster und Vorlage f\u00fcr Bewerbung Kauffrau F\u00fcr B\u00fcromanagement Anschreiben &#8211; Erstellung und Ausf\u00fcllen &#8211; \u00d6ffnen im WORD und PDF Datei &#8230; <\/p>\n<p class=\"read-more-container\"><a title=\"\u00d6ffnen &#8211; Bewerbung Kauffrau F\u00fcr B\u00fcromanagement Anschreiben\" class=\"read-more button\" href=\"https:\/\/schreibenpro.com\/de\/bewerbung-kauffrau-fur-buromanagement-anschreiben-offnen\/#more-707\" aria-label=\"Mehr zu \u00d6ffnen &#8211; Bewerbung Kauffrau F\u00fcr B\u00fcromanagement Anschreiben\">\u00d6FFNEN <\/a><\/p>\n","protected":false},"author":1,"featured_media":0,"parent":0,"menu_order":0,"comment_status":"closed","ping_status":"closed","template":"","meta":{"footnotes":""},"class_list":{"0":"post-707","1":"page","2":"type-page","3":"status-publish","5":"infinite-scroll-item"},"yoast_head":"<!-- This site is optimized with the Yoast SEO plugin v24.6 - https:\/\/yoast.com\/wordpress\/plugins\/seo\/ -->\n<title>\u00d6ffnen - Bewerbung Kauffrau F\u00fcr B\u00fcromanagement Anschreiben - Schreiben PRO<\/title>\n<meta name=\"robots\" content=\"noindex, follow\" \/>\n<meta property=\"og:locale\" content=\"de_DE\" \/>\n<meta property=\"og:type\" content=\"article\" \/>\n<meta property=\"og:title\" content=\"\u00d6ffnen - Bewerbung Kauffrau F\u00fcr B\u00fcromanagement Anschreiben - Schreiben PRO\" \/>\n<meta property=\"og:description\" content=\"Muster und Vorlage f\u00fcr Bewerbung Kauffrau F\u00fcr B\u00fcromanagement Anschreiben &#8211; Erstellung und Ausf\u00fcllen &#8211; \u00d6ffnen im WORD und PDF Datei ... \u00d6FFNEN\" \/>\n<meta property=\"og:url\" content=\"https:\/\/schreibenpro.com\/de\/bewerbung-kauffrau-fur-buromanagement-anschreiben-offnen\/\" \/>\n<meta property=\"og:site_name\" content=\"Schreiben PRO\" \/>\n<meta property=\"og:image\" content=\"https:\/\/schreibenpro.com\/de\/wp-content\/uploads\/bewerbung-kauffrau-fur-buromanagement-anschreiben-muster-vorlage.jpg\" \/>\n<meta name=\"twitter:card\" content=\"summary_large_image\" \/>\n<meta name=\"twitter:label1\" content=\"Gesch\u00e4tzte Lesezeit\" \/>\n\t<meta name=\"twitter:data1\" content=\"1\u00a0Minute\" \/>\n<!-- \/ Yoast SEO plugin. -->","yoast_head_json":{"title":"\u00d6ffnen - Bewerbung Kauffrau F\u00fcr B\u00fcromanagement Anschreiben - Schreiben PRO","robots":{"index":"noindex","follow":"follow"},"og_locale":"de_DE","og_type":"article","og_title":"\u00d6ffnen - Bewerbung Kauffrau F\u00fcr B\u00fcromanagement Anschreiben - Schreiben PRO","og_description":"Muster und Vorlage f\u00fcr Bewerbung Kauffrau F\u00fcr B\u00fcromanagement Anschreiben &#8211; Erstellung und Ausf\u00fcllen &#8211; \u00d6ffnen im WORD und PDF Datei ... \u00d6FFNEN","og_url":"https:\/\/schreibenpro.com\/de\/bewerbung-kauffrau-fur-buromanagement-anschreiben-offnen\/","og_site_name":"Schreiben PRO","og_image":[{"url":"https:\/\/schreibenpro.com\/de\/wp-content\/uploads\/bewerbung-kauffrau-fur-buromanagement-anschreiben-muster-vorlage.jpg","type":"","width":"","height":""}],"twitter_card":"summary_large_image","twitter_misc":{"Gesch\u00e4tzte Lesezeit":"1\u00a0Minute"},"schema":{"@context":"https:\/\/schema.org","@graph":[{"@type":"WebPage","@id":"https:\/\/schreibenpro.com\/de\/bewerbung-kauffrau-fur-buromanagement-anschreiben-offnen\/","url":"https:\/\/schreibenpro.com\/de\/bewerbung-kauffrau-fur-buromanagement-anschreiben-offnen\/","name":"\u00d6ffnen - Bewerbung Kauffrau F\u00fcr B\u00fcromanagement Anschreiben - Schreiben PRO","isPartOf":{"@id":"https:\/\/schreibenpro.com\/de\/#website"},"primaryImageOfPage":{"@id":"https:\/\/schreibenpro.com\/de\/bewerbung-kauffrau-fur-buromanagement-anschreiben-offnen\/#primaryimage"},"image":{"@id":"https:\/\/schreibenpro.com\/de\/bewerbung-kauffrau-fur-buromanagement-anschreiben-offnen\/#primaryimage"},"thumbnailUrl":"https:\/\/schreibenpro.com\/de\/wp-content\/uploads\/bewerbung-kauffrau-fur-buromanagement-anschreiben-muster-vorlage.jpg","datePublished":"2023-12-18T08:25:45+00:00","breadcrumb":{"@id":"https:\/\/schreibenpro.com\/de\/bewerbung-kauffrau-fur-buromanagement-anschreiben-offnen\/#breadcrumb"},"inLanguage":"de","potentialAction":[{"@type":"ReadAction","target":["https:\/\/schreibenpro.com\/de\/bewerbung-kauffrau-fur-buromanagement-anschreiben-offnen\/"]}]},{"@type":"ImageObject","inLanguage":"de","@id":"https:\/\/schreibenpro.com\/de\/bewerbung-kauffrau-fur-buromanagement-anschreiben-offnen\/#primaryimage","url":"https:\/\/schreibenpro.com\/de\/wp-content\/uploads\/anschreiben-zum-angebot-muster-vorlage.jpg","contentUrl":"https:\/\/schreibenpro.com\/de\/wp-content\/uploads\/anschreiben-zum-angebot-muster-vorlage.jpg","width":1410,"height":2250},{"@type":"BreadcrumbList","@id":"https:\/\/schreibenpro.com\/de\/bewerbung-kauffrau-fur-buromanagement-anschreiben-offnen\/#breadcrumb","itemListElement":[{"@type":"ListItem","position":1,"name":"Portada","item":"https:\/\/schreibenpro.com\/de\/"},{"@type":"ListItem","position":2,"name":"\u00d6ffnen &#8211; Bewerbung Kauffrau F\u00fcr B\u00fcromanagement Anschreiben"}]},{"@type":"WebSite","@id":"https:\/\/schreibenpro.com\/de\/#website","url":"https:\/\/schreibenpro.com\/de\/","name":"Schreiben PRO","description":"Muster und Vorlage","publisher":{"@id":"https:\/\/schreibenpro.com\/de\/#organization"},"potentialAction":[{"@type":"SearchAction","target":{"@type":"EntryPoint","urlTemplate":"https:\/\/schreibenpro.com\/de\/?s={search_term_string}"},"query-input":{"@type":"PropertyValueSpecification","valueRequired":true,"valueName":"search_term_string"}}],"inLanguage":"de"},{"@type":"Organization","@id":"https:\/\/schreibenpro.com\/de\/#organization","name":"Schreiben PRO","url":"https:\/\/schreibenpro.com\/de\/","logo":{"@type":"ImageObject","inLanguage":"de","@id":"https:\/\/schreibenpro.com\/de\/#\/schema\/logo\/image\/","url":"https:\/\/schreibenpro.com\/de\/wp-content\/uploads\/cropped-fav.png","contentUrl":"https:\/\/schreibenpro.com\/de\/wp-content\/uploads\/cropped-fav.png","width":512,"height":512,"caption":"Schreiben PRO"},"image":{"@id":"https:\/\/schreibenpro.com\/de\/#\/schema\/logo\/image\/"}}]}},"_links":{"self":[{"href":"https:\/\/schreibenpro.com\/de\/wp-json\/wp\/v2\/pages\/707","targetHints":{"allow":["GET"]}}],"collection":[{"href":"https:\/\/schreibenpro.com\/de\/wp-json\/wp\/v2\/pages"}],"about":[{"href":"https:\/\/schreibenpro.com\/de\/wp-json\/wp\/v2\/types\/page"}],"author":[{"embeddable":true,"href":"https:\/\/schreibenpro.com\/de\/wp-json\/wp\/v2\/users\/1"}],"replies":[{"embeddable":true,"href":"https:\/\/schreibenpro.com\/de\/wp-json\/wp\/v2\/comments?post=707"}],"version-history":[{"count":0,"href":"https:\/\/schreibenpro.com\/de\/wp-json\/wp\/v2\/pages\/707\/revisions"}],"wp:attachment":[{"href":"https:\/\/schreibenpro.com\/de\/wp-json\/wp\/v2\/media?parent=707"}],"curies":[{"name":"wp","href":"https:\/\/api.w.org\/{rel}","templated":true}]}}