{"id":709,"date":"2023-12-18T08:25:45","date_gmt":"2023-12-18T08:25:45","guid":{"rendered":"https:\/\/schreibenpro.com\/de\/remonstration-visum-anschreiben-offnen\/"},"modified":"2023-12-18T08:25:45","modified_gmt":"2023-12-18T08:25:45","slug":"remonstration-visum-anschreiben-offnen","status":"publish","type":"page","link":"https:\/\/schreibenpro.com\/de\/remonstration-visum-anschreiben-offnen\/","title":{"rendered":"\u00d6ffnen &#8211; Remonstration Visum Anschreiben"},"content":{"rendered":"\r\n<p class=\"has-text-align-center\">Vorlage und Muster f\u00fcr <strong> Remonstration Visum Anschreiben<\/strong> &#8211; Erstellung und Ausf\u00fcllen &#8211; \u00d6ffnen im <strong>WORD und PDF<\/strong> Datei und Online<\/p>\r\n\r\n\r\n\r\n\r\n<div class=\"wp-block-image\">\r\n<figure class=\"aligncenter size-large is-resized\"><img loading=\"lazy\" decoding=\"async\" class=\"wp-image-215\" src=\"https:\/\/schreibenpro.com\/de\/wp-content\/uploads\/remonstration-visum-anschreiben-muster-vorlage.jpg\" alt=\"\" width=\"245\" height=\"391\" \/><\/figure>\r\n<\/div>\r\n\r\n\r\n\r\n<hr class=\"wp-block-separator has-alpha-channel-opacity\" \/>\r\n\r\n\r\n\r\n\r\n\r\n<div class=\"su-note\"  style=\"border-color:#e5e5e5;border-radius:10px;-moz-border-radius:10px;-webkit-border-radius:10px;\"><div class=\"su-note-inner su-u-clearfix su-u-trim\" style=\"background-color:#FFFFFF;border-color:#ffffff;color:#333333;border-radius:10px;-moz-border-radius:10px;-webkit-border-radius:10px;\">\r\n\r\n<section id=\"specialParagraph\"><p>Sehr geehrte\/r Herr\/Frau [Namens des zust\u00e4ndigen Bearbeiters\/der zust\u00e4ndigen Bearbeiterin],<\/p>  <p>ich bitte um Ihr Verst\u00e4ndnis und m\u00f6chte hiermit remonstrieren gegen den ablehnenden Bescheid in Bezug auf meinen Visumsantrag vom [Datum des Bescheids].<\/p>  <h3>1. Einleitung<\/h3>  <p>Ich m\u00f6chte zu Beginn betonen, dass ich die Entscheidung, meinen Visumsantrag abzulehnen, respektiere. Dennoch halte ich es f\u00fcr wichtig, Ihnen die Gr\u00fcnde darzulegen, warum ich diese Entscheidung anfechte. Ich bitte Sie daher h\u00f6flich, meine Remonstration sorgf\u00e4ltig zu pr\u00fcfen und erneut in Betracht zu ziehen, ob mein Antrag nicht doch berechtigt ist.<\/p>  <h3>2. Hintergrundinformationen<\/h3>  <p>Um Ihnen ein besseres Verst\u00e4ndnis meiner Situation zu erm\u00f6glichen, m\u00f6chte ich Ihnen im Folgenden einige Hintergrundinformationen geben. Ich bin [Ihre Nationalit\u00e4t] und beabsichtige, f\u00fcr einen Zeitraum von [geplante Aufenthaltsdauer] nach [Name des Ziellandes] zu reisen. Mein Zweck des Aufenthalts ist [Grund f\u00fcr den Aufenthalt] (z.B. Tourismus, Gesch\u00e4ftsreise, Studium usw.).<\/p>  <p>Ich habe bereits [Anzahl der vorherigen Visa-Antr\u00e4ge] Visa-Antr\u00e4ge gestellt und jedes Mal war mein Antrag erfolgreich. Ich habe alle erforderlichen Unterlagen eingereicht und die Vorgaben des Konsulats oder der Botschaft genau befolgt. Daher bin ich verwundert \u00fcber die Ablehnung meines aktuellen Antrags.<\/p>  <h3>3. Begr\u00fcndung der Remonstration<\/h3>  <p>3.1 Fehlende Ber\u00fccksichtigung relevanter Unterlagen<\/p> <p>Ich m\u00f6chte Sie darauf hinweisen, dass ich in meinem Antrag alle erforderlichen Unterlagen eingereicht habe, um meinen Antrag zu unterst\u00fctzen. Es scheint jedoch, als w\u00e4ren einige dieser Unterlagen nicht ausreichend ber\u00fccksichtigt worden. Insbesondere m\u00f6chte ich auf [Name des Dokuments] hinweisen, welches [Beschreibung des Dokuments und seiner Bedeutung f\u00fcr den Antrag] ist. Ich bitte Sie daher, dieses Dokument in Ihre \u00dcberlegungen mit einzubeziehen.<\/p>  <p>3.2 Missverst\u00e4ndnis in Bezug auf [Spezifischer Punkt] <p>In Ihrem Ablehnungsbescheid wurde erw\u00e4hnt, dass [Falsche\/Unklare Aussage im Ablehnungsbescheid]. Ich m\u00f6chte betonen, dass diese Aussage nicht korrekt ist und auf einem Missverst\u00e4ndnis beruht. Tats\u00e4chlich habe ich [Korrekte Informationen\/Fakten]. Ich bitte Sie daher, diese Informationen erneut zu \u00fcberpr\u00fcfen und in Ihre Entscheidung mit einzubeziehen.<\/p>  <p>3.3 Erf\u00fcllung aller Vorgaben und Kriterien<\/p> <p>Ich habe mir die Zeit genommen, die Vorgaben und Kriterien f\u00fcr die Beantragung des Visums sorgf\u00e4ltig zu lesen und zu verstehen. Mein Antrag erf\u00fcllt alle diese Vorgaben und Kriterien vollst\u00e4ndig. Dennoch wurde er abgelehnt. Ich bitte Sie daher h\u00f6flich, meine Erf\u00fcllung der Vorgaben und Kriterien erneut zu \u00fcberpr\u00fcfen und in Ihrer Entscheidung zu ber\u00fccksichtigen.<\/p>  <h3>4. Zus\u00e4tzliche Unterst\u00fctzung<\/h3>  <p>Um meine Gr\u00fcnde weiter zu untermauern, habe ich folgende zus\u00e4tzliche Unterlagen beigef\u00fcgt:<\/p> <dl> <dt>&#8211; Dokument A:<\/dt> <dd>Beschreibung des Dokuments A und seiner Relevanz f\u00fcr meinen Antrag.<\/dd> <dt>&#8211; Dokument B:<\/dt> <dd>Beschreibung des Dokuments B und seiner Relevanz f\u00fcr meinen Antrag.<\/dd> <\/dl>  <h3>5. Schluss<\/h3>  <p>Ich bedanke mich f\u00fcr Ihre Aufmerksamkeit und Ihr Verst\u00e4ndnis. Ich hoffe, dass Sie meine Remonstration gr\u00fcndlich pr\u00fcfen werden und zu einer positiven Entscheidung gelangen. Sollten Sie weitere Informationen oder Unterlagen ben\u00f6tigen, stehe ich Ihnen jederzeit zur Verf\u00fcgung.<\/p>  <p>Mit freundlichen Gr\u00fc\u00dfen,<\/p> [Ihr Name]<\/section><\/div><\/div>\r\n\r\n&nbsp;\r\n\r\n\r\n\r\n\r\n\r\n\r\n<p class=\"has-text-align-center\">Vorlage und Muster f\u00fcr <strong> Remonstration Visum Anschreiben <\/strong> zur Anpassung und Erstellung  im <strong>WORD<\/strong>\u2013 und <strong>PDF-Format<\/strong><\/p>\r\n\r\n\r\n<button id=\"generatePDF\">Erstellen (PDF &#8211; WORD)<\/button>\r\n\r\n\r\n\r\n<hr class=\"wp-block-separator has-alpha-channel-opacity\" \/>\r\n\r\n\r\n\r\n<p style=\"text-align: center;\"><strong>Remonstration Visum Anschreiben<\/strong><\/p>\r\n\r\n<div class=\"wp-block-columns is-layout-flex wp-container-core-columns-is-layout-9d6595d7 wp-block-columns-is-layout-flex\">\r\n\r\n\r\n<div class=\"wp-block-column is-layout-flow wp-block-column-is-layout-flow\"><div class=\"su-button-center\"><a href=\"https:\/\/beirut.diplo.de\/blob\/2026292\/6e1cab2d7e99da83ab503c008918b1df\/remonstration-schengen-syr-data.pdf\" class=\"su-button su-button-style-flat\" style=\"color:#FFFFFF;background-color:#144bb6;border-color:#103c92;border-radius:1px\" target=\"_self\"><span style=\"color:#FFFFFF;padding:0px 24px;font-size:18px;line-height:36px;border-color:#5b81cc;border-radius:1px;text-shadow:none\">   PDF <\/span><\/a><\/div>\n<\/div>\r\n\r\n\r\n\r\n<div class=\"wp-block-column is-layout-flow wp-block-column-is-layout-flow\"><div class=\"su-button-center\"><a href=\"https:\/\/beirut.diplo.de\/blob\/2026292\/6e1cab2d7e99da83ab503c008918b1df\/remonstration-schengen-syr-data.pdf\" class=\"su-button su-button-style-flat\" style=\"color:#FFFFFF;background-color:#144bb6;border-color:#103c92;border-radius:1px\" target=\"_self\"><span style=\"color:#FFFFFF;padding:0px 24px;font-size:18px;line-height:36px;border-color:#5b81cc;border-radius:1px;text-shadow:none\">   DOC<\/span><\/a><\/div>\n<\/div>\r\n\r\n\r\n<\/div>\r\n\r\n\r\n\r\n<p style=\"text-align: center;\"><strong>Beispiele<\/strong><\/p>\r\n\r\n<div class=\"wp-block-columns is-layout-flex wp-container-core-columns-is-layout-9d6595d7 wp-block-columns-is-layout-flex\">\r\n\r\n\r\n<div class=\"wp-block-column is-layout-flow wp-block-column-is-layout-flow\"><div class=\"su-button-center\"><a href=\"https:\/\/beirut.diplo.de\/blob\/2026292\/6e1cab2d7e99da83ab503c008918b1df\/remonstration-schengen-syr-data.pdf\" class=\"su-button su-button-style-flat\" style=\"color:#FFFFFF;background-color:#144bb6;border-color:#103c92;border-radius:1px\" target=\"_self\"><span style=\"color:#FFFFFF;padding:0px 24px;font-size:18px;line-height:36px;border-color:#5b81cc;border-radius:1px;text-shadow:none\">  Beispiel &#8211; 1 <\/span><\/a><\/div>\n<\/div>\r\n\r\n\r\n\r\n<div class=\"wp-block-column is-layout-flow wp-block-column-is-layout-flow\"><div class=\"su-button-center\"><a href=\"https:\/\/jimdo-storage.global.ssl.fastly.net\/file\/200a409e-804a-43a3-8c8a-df3c2681228f\/89865219857.pdf\" class=\"su-button su-button-style-flat\" style=\"color:#FFFFFF;background-color:#144bb6;border-color:#103c92;border-radius:1px\" target=\"_self\"><span style=\"color:#FFFFFF;padding:0px 24px;font-size:18px;line-height:36px;border-color:#5b81cc;border-radius:1px;text-shadow:none\">  Beispiel &#8211; 2 <\/span><\/a><\/div>\n<\/div>\r\n\r\n\r\n<\/div>\r\n\r\n\r\n<hr class=\"wp-block-separator has-alpha-channel-opacity\" \/>\r\n\r\n\r\n\r\n<div class=\"wp-block-columns is-layout-flex wp-container-core-columns-is-layout-9d6595d7 wp-block-columns-is-layout-flex\">\r\n\r\n\r\n<div class=\"wp-block-column is-layout-flow wp-block-column-is-layout-flow\"><div class=\"su-button-center\"><a href=\"https:\/\/taschkent.diplo.de\/blob\/2440542\/cb270ad1cb3f815bd041c5b58d8b56af\/remonstration-merkblatt--d--data.pdf\" class=\"su-button su-button-style-flat\" style=\"color:#FFFFFF;background-color:#144bb6;border-color:#103c92;border-radius:1px\" target=\"_self\"><span style=\"color:#FFFFFF;padding:0px 24px;font-size:18px;line-height:36px;border-color:#5b81cc;border-radius:1px;text-shadow:none\">  Beispiel &#8211; 3 <\/span><\/a><\/div>\n<\/div>\r\n\r\n\r\n\r\n<div class=\"wp-block-column is-layout-flow wp-block-column-is-layout-flow\"><div class=\"su-button-center\"><a href=\"https:\/\/beirut.diplo.de\/blob\/2026292\/6e1cab2d7e99da83ab503c008918b1df\/remonstration-schengen-syr-data.pdf\" class=\"su-button su-button-style-flat\" style=\"color:#FFFFFF;background-color:#144bb6;border-color:#103c92;border-radius:1px\" target=\"_self\"><span style=\"color:#FFFFFF;padding:0px 24px;font-size:18px;line-height:36px;border-color:#5b81cc;border-radius:1px;text-shadow:none\">  Beispiel &#8211; 4 <\/span><\/a><\/div>\n<\/div>\r\n\r\n\r\n<\/div>\r\n\r\n\r\n<hr class=\"wp-block-separator has-alpha-channel-opacity\" \/>\r\n\r\n<!-- \/wp:post-content -->\r\n\r\n<!-- wp:table {\"align\":\"center\"} -->\r\n<figure class=\"wp-block-table aligncenter\">\r\n<table>\r\n<tbody>\r\n<tr>\r\n<td style=\"text-align: center;\">Remonstration Visum Anschreiben<\/td>\r\n<\/tr>\r\n<tr>\r\n<td style=\"text-align: center;\">PDF &#8211; WORD Datei<\/td>\r\n<\/tr>\r\n<tr>\r\n<td style=\"text-align: center;\">Bewertung: \u2b50\u2b50\u2b50\u2b50\u2b50 4.79<\/td>\r\n<\/tr>\r\n<tr>\r\n<td style=\"text-align: center;\">Ergebnisse &#8211; 1732<\/td>\r\n<\/tr>\r\n<\/tbody>\r\n<\/table>\r\n<\/figure>\r\n<!-- \/wp:table -->\r\n\r\n<!-- wp:separator -->\r\n\r\n<hr class=\"wp-block-separator has-alpha-channel-opacity\" \/>\r\n\r\n<!-- \/wp:separator -->\r\n\r\n<div class=\"su-note\"  style=\"border-color:#e5e5e5;border-radius:10px;-moz-border-radius:10px;-webkit-border-radius:10px;\"><div class=\"su-note-inner su-u-clearfix su-u-trim\" style=\"background-color:#FFFFFF;border-color:#ffffff;color:#333333;border-radius:10px;-moz-border-radius:10px;-webkit-border-radius:10px;\">\r\n\r\n<h3>Einleitung<\/h3>  <p> Das Remonstration Visum Anschreiben ist ein wichtiges Dokument, das verwendet wird, um Einspruch gegen eine Entscheidung der Visumbeh\u00f6rde zu erheben. In diesem Anschreiben haben Sie die M\u00f6glichkeit, Ihre Gr\u00fcnde f\u00fcr den Einspruch darzulegen und Ihre Argumente zu pr\u00e4sentieren. Es ist wichtig, dass das Anschreiben gut formuliert, pr\u00e4zise und \u00fcberzeugend ist, um Ihre Chancen auf Erfolg zu erh\u00f6hen. <\/p>  <h3>Schritt 1: Adressen und Datum<\/h3>  <p> Beginnen Sie das Anschreiben, indem Sie Ihre vollst\u00e4ndige Adresse zusammen mit Ihrem Namen oben rechts auf der Seite angeben. Geben Sie daraufhin das Datum an, an dem Sie das Anschreiben verfassen. <\/p>  <p> <strong>Beispiel:<\/strong>  <\/p>  <p> Ihr Name<br> Ihre Stra\u00dfe und Hausnummer<br> Ihre Stadt und Postleitzahl<br> Ihr Land<br> <\/p>  <p> Datum: XX.XX.XXXX <\/p>  <h3>Schritt 2: Betreffzeile<\/h3>  <p> Die Betreffzeile sollte pr\u00e4zise und aussagekr\u00e4ftig sein, um das Interesse des Lesers zu wecken. Verwenden Sie diese Zeile, um Ihre Beschwerde oder Ihren Einspruch klar zu formulieren. <\/p>  <p> <strong>Beispiel:<\/strong> Einspruch gegen Ablehnung meines Visumantrags <\/p>  <h3>Schritt 3: Anrede<\/h3>  <p> Verwenden Sie eine h\u00f6fliche und angemessene Anrede, um das Anschreiben zu beginnen. Falls Sie den Namen des Empf\u00e4ngers kennen, verwenden Sie &#8220;Sehr geehrter Herr\/Frau [Nachname]&#8221;. Wenn Sie den Namen nicht kennen, k\u00f6nnen Sie &#8220;Sehr geehrte Damen und Herren&#8221; verwenden. <\/p>  <p> <strong>Beispiel:<\/strong> Sehr geehrte Damen und Herren, <\/p>  <h3>Schritt 4: Einleitung<\/h3>  <p> Die Einleitung sollte den Zweck des Anschreibens klar darlegen und den Leser dar\u00fcber informieren, warum Sie Einspruch gegen die Entscheidung der Visumbeh\u00f6rde erheben. <\/p>  <p> <strong>Beispiel:<\/strong> Ich schreibe Ihnen, um Einspruch gegen die Ablehnung meines Visumantrags einzureichen, der am [Datum] von [Name der Visumbeh\u00f6rde] abgelehnt wurde. Ich bin der festen \u00dcberzeugung, dass diese Entscheidung nicht gerechtfertigt ist, da [geben Sie hier Ihre Gr\u00fcnde an]. <\/p>  <h3>Schritt 5: Hauptteil<\/h3>  <p> Der Hauptteil des Anschreibens ist der wichtigste Teil, in dem Sie Ihre Argumente und Gr\u00fcnde f\u00fcr den Einspruch ausf\u00fchrlich darlegen. Teilen Sie Ihre Argumente in Abs\u00e4tze auf und verwenden Sie klare und pr\u00e4gnante Sprache. <\/p>  <p> <strong>Beispiel:<\/strong>  <\/p>  <p> <b>Argument 1:<\/b> Eine der Hauptgr\u00fcnde f\u00fcr die Ablehnung meines Visums war [geben Sie Ihre Argumente und Beweise an]. Jedoch m\u00f6chte ich betonen, dass [erkl\u00e4ren Sie hier Ihre zus\u00e4tzlichen Informationen oder Dokumente]. <\/p>  <p> <b>Argument 2:<\/b> Des Weiteren wurde mir mitgeteilt, dass [geben Sie hier weitere Gr\u00fcnde an]. Jedoch m\u00f6chte ich darauf hinweisen, dass [erkl\u00e4ren Sie Ihre Gegenargumente und Fakten]. <\/p>  <p> <b>Argument 3:<\/b> Zudem wurde ber\u00fccksichtigt, dass [geben Sie hier Ihre relevanten Informationen an]. Jedoch m\u00f6chte ich darauf aufmerksam machen, dass [pr\u00e4sentieren Sie Ihre Stellungnahme oder Ihre eigenen Informationen]. <\/p>  <h3>Schritt 6: Schluss<\/h3>  <p> Im Schlussteil des Anschreibens sollten Sie Ihren Einspruch zusammenfassen und Ihre Kontaktdaten sowie die Bitte um eine erneute Pr\u00fcfung angeben. <\/p>  <p> <strong>Beispiel:<\/strong>  <\/p>  <p> Abschlie\u00dfend bitte ich Sie, meinen Einspruch sorgf\u00e4ltig zu \u00fcberpr\u00fcfen und eine erneute Pr\u00fcfung meines Visumantrags vorzunehmen. Sie k\u00f6nnen mich unter der oben angegebenen Adresse oder per E-Mail unter [Ihre E-Mail-Adresse] erreichen. Ich stehe Ihnen gerne f\u00fcr weitere Informationen oder Unterlagen zur Verf\u00fcgung. <\/p>  <h3>Schritt 7: Schlussformel und Unterschrift<\/h3>  <p> Verwenden Sie eine h\u00f6fliche Schlussformel wie &#8220;Mit freundlichen Gr\u00fc\u00dfen&#8221; und unterschreiben Sie das Anschreiben handschriftlich. <\/p>  <p> <strong>Beispiel:<\/strong>  <\/p>  <p> Mit freundlichen Gr\u00fc\u00dfen,<br> [Unterschrift] <\/p>  <h3>Zus\u00e4tzliche Tipps f\u00fcr das Remonstration Visum Anschreiben<\/h3>  <dl> <dt>Tipp 1:<\/dt> <dd>Seien Sie h\u00f6flich und respektvoll, auch wenn Sie mit der Entscheidung der Visumbeh\u00f6rde nicht einverstanden sind.<\/dd> <dt>Tipp 2:<\/dt> <dd>Vermeiden Sie Wiederholungen und bleiben Sie pr\u00e4zise bei der Darstellung Ihrer Gr\u00fcnde und Argumente.<\/dd> <dt>Tipp 3:<\/dt> <dd>Hinterlegen Sie Kopien relevanter Dokumente oder Nachweise, die Ihre Argumente unterst\u00fctzen k\u00f6nnten.<\/dd> <dt>Tipp 4:<\/dt> <dd>Lassen Sie das Anschreiben von einer vertrauensw\u00fcrdigen Person Korrektur lesen, um Rechtschreib- und Grammatikfehler zu vermeiden.<\/dd> <dt>Tipp 5:<\/dt> <dd>Halten Sie sich an die vorgegebene L\u00e4nge des Anschreibens und stellen Sie sicher, dass es gut strukturiert ist.<\/dd> <\/dl>  <p> Mit diesen Tipps und Beispielen k\u00f6nnen Sie ein \u00fcberzeugendes Remonstration Visum Anschreiben verfassen. Denken Sie daran, dass es wichtig ist, Ihre Argumente klar und pr\u00e4zise darzulegen, um Ihre Chancen auf eine erfolgreiche Remonstration zu erh\u00f6hen. Viel Erfolg! <\/p>\r\n\r\n<\/div><\/div>\r\n\r\n<!-- wp:separator -->\r\n\r\n<hr class=\"wp-block-separator has-alpha-channel-opacity\" \/>","protected":false},"excerpt":{"rendered":"<p>Vorlage und Muster f\u00fcr Remonstration Visum Anschreiben &#8211; Erstellung und Ausf\u00fcllen &#8211; \u00d6ffnen im WORD und PDF Datei und Online &#8230; <\/p>\n<p class=\"read-more-container\"><a title=\"\u00d6ffnen &#8211; Remonstration Visum Anschreiben\" class=\"read-more button\" href=\"https:\/\/schreibenpro.com\/de\/remonstration-visum-anschreiben-offnen\/#more-709\" aria-label=\"Mehr zu \u00d6ffnen &#8211; Remonstration Visum Anschreiben\">\u00d6FFNEN <\/a><\/p>\n","protected":false},"author":1,"featured_media":0,"parent":0,"menu_order":0,"comment_status":"closed","ping_status":"closed","template":"","meta":{"footnotes":""},"class_list":{"0":"post-709","1":"page","2":"type-page","3":"status-publish","5":"infinite-scroll-item"},"yoast_head":"<!-- This site is optimized with the Yoast SEO plugin v24.6 - https:\/\/yoast.com\/wordpress\/plugins\/seo\/ -->\n<title>\u00d6ffnen - Remonstration Visum Anschreiben - Schreiben PRO<\/title>\n<meta name=\"robots\" content=\"noindex, follow\" \/>\n<meta property=\"og:locale\" content=\"de_DE\" \/>\n<meta property=\"og:type\" content=\"article\" \/>\n<meta property=\"og:title\" content=\"\u00d6ffnen - Remonstration Visum Anschreiben - Schreiben PRO\" \/>\n<meta property=\"og:description\" content=\"Vorlage und Muster f\u00fcr Remonstration Visum Anschreiben &#8211; Erstellung und Ausf\u00fcllen &#8211; \u00d6ffnen im WORD und PDF Datei und Online ... \u00d6FFNEN\" \/>\n<meta property=\"og:url\" content=\"https:\/\/schreibenpro.com\/de\/remonstration-visum-anschreiben-offnen\/\" \/>\n<meta property=\"og:site_name\" content=\"Schreiben PRO\" \/>\n<meta property=\"og:image\" content=\"https:\/\/schreibenpro.com\/de\/wp-content\/uploads\/remonstration-visum-anschreiben-muster-vorlage.jpg\" \/>\n<meta name=\"twitter:card\" content=\"summary_large_image\" \/>\n<meta name=\"twitter:label1\" content=\"Gesch\u00e4tzte Lesezeit\" \/>\n\t<meta name=\"twitter:data1\" content=\"1\u00a0Minute\" \/>\n<!-- \/ Yoast SEO plugin. -->","yoast_head_json":{"title":"\u00d6ffnen - Remonstration Visum Anschreiben - Schreiben PRO","robots":{"index":"noindex","follow":"follow"},"og_locale":"de_DE","og_type":"article","og_title":"\u00d6ffnen - Remonstration Visum Anschreiben - Schreiben PRO","og_description":"Vorlage und Muster f\u00fcr Remonstration Visum Anschreiben &#8211; Erstellung und Ausf\u00fcllen &#8211; \u00d6ffnen im WORD und PDF Datei und Online ... \u00d6FFNEN","og_url":"https:\/\/schreibenpro.com\/de\/remonstration-visum-anschreiben-offnen\/","og_site_name":"Schreiben PRO","og_image":[{"url":"https:\/\/schreibenpro.com\/de\/wp-content\/uploads\/remonstration-visum-anschreiben-muster-vorlage.jpg","type":"","width":"","height":""}],"twitter_card":"summary_large_image","twitter_misc":{"Gesch\u00e4tzte Lesezeit":"1\u00a0Minute"},"schema":{"@context":"https:\/\/schema.org","@graph":[{"@type":"WebPage","@id":"https:\/\/schreibenpro.com\/de\/remonstration-visum-anschreiben-offnen\/","url":"https:\/\/schreibenpro.com\/de\/remonstration-visum-anschreiben-offnen\/","name":"\u00d6ffnen - Remonstration Visum Anschreiben - Schreiben PRO","isPartOf":{"@id":"https:\/\/schreibenpro.com\/de\/#website"},"primaryImageOfPage":{"@id":"https:\/\/schreibenpro.com\/de\/remonstration-visum-anschreiben-offnen\/#primaryimage"},"image":{"@id":"https:\/\/schreibenpro.com\/de\/remonstration-visum-anschreiben-offnen\/#primaryimage"},"thumbnailUrl":"https:\/\/schreibenpro.com\/de\/wp-content\/uploads\/remonstration-visum-anschreiben-muster-vorlage.jpg","datePublished":"2023-12-18T08:25:45+00:00","breadcrumb":{"@id":"https:\/\/schreibenpro.com\/de\/remonstration-visum-anschreiben-offnen\/#breadcrumb"},"inLanguage":"de","potentialAction":[{"@type":"ReadAction","target":["https:\/\/schreibenpro.com\/de\/remonstration-visum-anschreiben-offnen\/"]}]},{"@type":"ImageObject","inLanguage":"de","@id":"https:\/\/schreibenpro.com\/de\/remonstration-visum-anschreiben-offnen\/#primaryimage","url":"https:\/\/schreibenpro.com\/de\/wp-content\/uploads\/anschreiben-zum-angebot-muster-vorlage.jpg","contentUrl":"https:\/\/schreibenpro.com\/de\/wp-content\/uploads\/anschreiben-zum-angebot-muster-vorlage.jpg","width":1410,"height":2250},{"@type":"BreadcrumbList","@id":"https:\/\/schreibenpro.com\/de\/remonstration-visum-anschreiben-offnen\/#breadcrumb","itemListElement":[{"@type":"ListItem","position":1,"name":"Portada","item":"https:\/\/schreibenpro.com\/de\/"},{"@type":"ListItem","position":2,"name":"\u00d6ffnen &#8211; Remonstration Visum Anschreiben"}]},{"@type":"WebSite","@id":"https:\/\/schreibenpro.com\/de\/#website","url":"https:\/\/schreibenpro.com\/de\/","name":"Schreiben PRO","description":"Muster und Vorlage","publisher":{"@id":"https:\/\/schreibenpro.com\/de\/#organization"},"potentialAction":[{"@type":"SearchAction","target":{"@type":"EntryPoint","urlTemplate":"https:\/\/schreibenpro.com\/de\/?s={search_term_string}"},"query-input":{"@type":"PropertyValueSpecification","valueRequired":true,"valueName":"search_term_string"}}],"inLanguage":"de"},{"@type":"Organization","@id":"https:\/\/schreibenpro.com\/de\/#organization","name":"Schreiben PRO","url":"https:\/\/schreibenpro.com\/de\/","logo":{"@type":"ImageObject","inLanguage":"de","@id":"https:\/\/schreibenpro.com\/de\/#\/schema\/logo\/image\/","url":"https:\/\/schreibenpro.com\/de\/wp-content\/uploads\/cropped-fav.png","contentUrl":"https:\/\/schreibenpro.com\/de\/wp-content\/uploads\/cropped-fav.png","width":512,"height":512,"caption":"Schreiben PRO"},"image":{"@id":"https:\/\/schreibenpro.com\/de\/#\/schema\/logo\/image\/"}}]}},"_links":{"self":[{"href":"https:\/\/schreibenpro.com\/de\/wp-json\/wp\/v2\/pages\/709","targetHints":{"allow":["GET"]}}],"collection":[{"href":"https:\/\/schreibenpro.com\/de\/wp-json\/wp\/v2\/pages"}],"about":[{"href":"https:\/\/schreibenpro.com\/de\/wp-json\/wp\/v2\/types\/page"}],"author":[{"embeddable":true,"href":"https:\/\/schreibenpro.com\/de\/wp-json\/wp\/v2\/users\/1"}],"replies":[{"embeddable":true,"href":"https:\/\/schreibenpro.com\/de\/wp-json\/wp\/v2\/comments?post=709"}],"version-history":[{"count":0,"href":"https:\/\/schreibenpro.com\/de\/wp-json\/wp\/v2\/pages\/709\/revisions"}],"wp:attachment":[{"href":"https:\/\/schreibenpro.com\/de\/wp-json\/wp\/v2\/media?parent=709"}],"curies":[{"name":"wp","href":"https:\/\/api.w.org\/{rel}","templated":true}]}}