{"id":710,"date":"2023-12-18T08:25:46","date_gmt":"2023-12-18T08:25:46","guid":{"rendered":"https:\/\/schreibenpro.com\/de\/bewerbungsschreiben-ausbildung-erzieherin-offnen\/"},"modified":"2023-12-18T08:25:46","modified_gmt":"2023-12-18T08:25:46","slug":"bewerbungsschreiben-ausbildung-erzieherin-offnen","status":"publish","type":"page","link":"https:\/\/schreibenpro.com\/de\/bewerbungsschreiben-ausbildung-erzieherin-offnen\/","title":{"rendered":"\u00d6ffnen &#8211; Bewerbungsschreiben Ausbildung Erzieherin"},"content":{"rendered":"\r\n<p class=\"has-text-align-center\">Vorlage und Muster f\u00fcr <strong> Bewerbungsschreiben Ausbildung Erzieherin<\/strong> &#8211; Ausf\u00fcllen und Erstellung  &#8211; \u00d6ffnen im <strong>PDF und WORD<\/strong> Datei und Online<\/p>\r\n\r\n\r\n\r\n\r\n<div class=\"wp-block-image\">\r\n<figure class=\"aligncenter size-large is-resized\"><img loading=\"lazy\" decoding=\"async\" class=\"wp-image-215\" src=\"https:\/\/schreibenpro.com\/de\/wp-content\/uploads\/bewerbungsschreiben-ausbildung-erzieherin-muster-vorlage.jpg\" alt=\"\" width=\"245\" height=\"391\" \/><\/figure>\r\n<\/div>\r\n\r\n\r\n\r\n<hr class=\"wp-block-separator has-alpha-channel-opacity\" \/>\r\n\r\n\r\n\r\n\r\n\r\n<div class=\"su-note\"  style=\"border-color:#e5e5e5;border-radius:10px;-moz-border-radius:10px;-webkit-border-radius:10px;\"><div class=\"su-note-inner su-u-clearfix su-u-trim\" style=\"background-color:#FFFFFF;border-color:#ffffff;color:#333333;border-radius:10px;-moz-border-radius:10px;-webkit-border-radius:10px;\">\r\n\r\n<section id=\"specialParagraph\"><style> h1 { color: blue; text-align: center; } p { margin: 10px 0; } strong { font-weight: bold; } b { font-weight: bold; } dt { font-weight: bold; margin-top: 10px; } dd { margin-left: 20px; } <\/style>    <p><strong>Einleitung:<\/strong><\/p> <p>Sehr geehrte Damen und Herren,<\/p> <p>hiermit bewerbe ich mich um einen Ausbildungsplatz als Erzieherin in Ihrer Einrichtung. Durch meine langj\u00e4hrige Erfahrung im Umgang mit Kindern und meinem starken Interesse an deren Entwicklung m\u00f6chte ich mich gerne beruflich in diesem Bereich etablieren. Ich bin \u00fcberzeugt, dass ich aufgrund meiner F\u00e4higkeiten, meiner Leidenschaft und meiner Qualifikationen eine wertvolle Bereicherung f\u00fcr Ihr Team sein kann.<\/p>  <p><strong>Studiengang\/Ausbildung:<\/strong><\/p> <p>Derzeit absolviere ich mein Abitur am Gymnasium XYZ und beabsichtige im Anschluss daran eine Ausbildung zur Erzieherin zu absolvieren. Die p\u00e4dagogischen Aspekte meines Gymnasialstudiums haben mein Interesse an der Arbeit mit Kindern weiter verst\u00e4rkt und mich dazu veranlasst, diesen Karriereweg einzuschlagen.<\/p>  <p><strong>Praktische Erfahrungen und F\u00e4higkeiten:<\/strong><\/p> <p>In den letzten Jahren konnte ich bereits praktische Erfahrungen im Umgang mit Kindern sammeln. W\u00e4hrend meiner Schulzeit habe ich ein Praktikum in einer Kindertagesst\u00e4tte absolviert, bei dem ich erfolgreich mit Kindern im Alter von 3 bis 6 Jahren gearbeitet habe. Hier habe ich gelernt, wie man p\u00e4dagogische Aktivit\u00e4ten plant und umsetzt, Konfliktsituationen l\u00f6st und Kinder individuell f\u00f6rdert. Durch meine einf\u00fchlsame und geduldige Art konnte ich eine positive Atmosph\u00e4re f\u00fcr die Kinder schaffen und ihre Entwicklung unterst\u00fctzen.<\/p> <p>Zus\u00e4tzlich habe ich in meiner Freizeit als Babysitter f\u00fcr verschiedene Familien gearbeitet. Diese Erfahrung hat meine Selbstst\u00e4ndigkeit, Verantwortungsbewusstsein und meine F\u00e4higkeit zur Organisation und zum Multitasking gest\u00e4rkt. Ich bin in der Lage, mich schnell und flexibel an ver\u00e4nderte Situationen anzupassen und liebe es, die individuellen Bed\u00fcrfnisse der Kinder zu ber\u00fccksichtigen und sie dabei zu unterst\u00fctzen, eigenst\u00e4ndig zu werden.<\/p>  <p><strong>Warum ich die Ausbildung bei Ihnen absolvieren m\u00f6chte:<\/strong><\/p> <p>Ich habe mich f\u00fcr eine Ausbildung in Ihrer Einrichtung entschieden, da Sie einen ausgezeichneten Ruf f\u00fcr die Qualit\u00e4t Ihrer Ausbildung haben. Ihre Einrichtung f\u00fchrt Kinder ab dem fr\u00fchesten Alter bis zur Einschulung durch den spannenden Entwicklungsprozess. Ich bin davon \u00fcberzeugt, dass ich von der Vielfalt an Erfahrungen, die ich bei Ihnen machen kann, am meisten profitieren werde.<\/p> <p>Ihr qualifiziertes und engagiertes Team von Fachkr\u00e4ften ist f\u00fcr mich ein weiterer Grund, mich f\u00fcr Ihre Einrichtung zu entscheiden. Ich glaube fest daran, dass ich von Ihren Erfahrungen und Ihrem Fachwissen lernen kann. Ich bin bereit, hart zu arbeiten und mich weiterzuentwickeln, um meinen Beitrag zum Wachstum und zur Entwicklung der Kinder, mit denen ich arbeiten werde, leisten zu k\u00f6nnen.<\/p>  <p><strong>Schluss:<\/strong><\/p> <p>Vielen Dank f\u00fcr die Ber\u00fccksichtigung meiner Bewerbung. Ich w\u00e4re sehr erfreut, Teil Ihres Teams zu werden und meine Ausbildung in Ihrer Einrichtung absolvieren zu d\u00fcrfen. Gerne stehe ich Ihnen f\u00fcr weitere Fragen oder Informationen zur Verf\u00fcgung. \u00dcber eine positive R\u00fcckmeldung w\u00fcrde ich mich sehr freuen.<\/p> <p>Mit freundlichen Gr\u00fc\u00dfen,<\/p> <p>Ihr Name<\/p><\/section><\/div><\/div>\r\n\r\n&nbsp;\r\n\r\n\r\n\r\n\r\n\r\n\r\n<p class=\"has-text-align-center\">Muster und Vorlage f\u00fcr <strong> Bewerbungsschreiben Ausbildung Erzieherin <\/strong> zur Anpassung und Erstellung  im <strong>WORD<\/strong>\u2013 und <strong>PDF-Format<\/strong><\/p>\r\n\r\n\r\n<button id=\"generatePDF\">Erstellen (PDF &#8211; WORD)<\/button>\r\n\r\n\r\n\r\n<hr class=\"wp-block-separator has-alpha-channel-opacity\" \/>\r\n\r\n\r\n\r\n<p style=\"text-align: center;\"><strong>Bewerbungsschreiben Ausbildung Erzieherin<\/strong><\/p>\r\n\r\n<div class=\"wp-block-columns is-layout-flex wp-container-core-columns-is-layout-9d6595d7 wp-block-columns-is-layout-flex\">\r\n\r\n\r\n<div class=\"wp-block-column is-layout-flow wp-block-column-is-layout-flow\"><div class=\"su-button-center\"><a href=\"https:\/\/bewerbungsanschreiben-muster.de\/Bewerbungsmuster\/Ausbildung_Erzieherin1.pdf\" class=\"su-button su-button-style-flat\" style=\"color:#FFFFFF;background-color:#144bb6;border-color:#103c92;border-radius:1px\" target=\"_self\"><span style=\"color:#FFFFFF;padding:0px 24px;font-size:18px;line-height:36px;border-color:#5b81cc;border-radius:1px;text-shadow:none\">   PDF <\/span><\/a><\/div>\n<\/div>\r\n\r\n\r\n\r\n<div class=\"wp-block-column is-layout-flow wp-block-column-is-layout-flow\"><div class=\"su-button-center\"><a href=\"https:\/\/www.azubiyo.de\/media\/6476\/bewerbungsanschreiben_erzieherin.docx\" class=\"su-button su-button-style-flat\" style=\"color:#FFFFFF;background-color:#144bb6;border-color:#103c92;border-radius:1px\" target=\"_self\"><span style=\"color:#FFFFFF;padding:0px 24px;font-size:18px;line-height:36px;border-color:#5b81cc;border-radius:1px;text-shadow:none\">   DOC<\/span><\/a><\/div>\n<\/div>\r\n\r\n\r\n<\/div>\r\n\r\n\r\n\r\n<p style=\"text-align: center;\"><strong>Beispiele<\/strong><\/p>\r\n\r\n<div class=\"wp-block-columns is-layout-flex wp-container-core-columns-is-layout-9d6595d7 wp-block-columns-is-layout-flex\">\r\n\r\n\r\n<div class=\"wp-block-column is-layout-flow wp-block-column-is-layout-flow\"><div class=\"su-button-center\"><a href=\"https:\/\/bewerbungsanschreiben-muster.de\/Bewerbungsmuster\/Ausbildung_Erzieherin1.pdf\" class=\"su-button su-button-style-flat\" style=\"color:#FFFFFF;background-color:#144bb6;border-color:#103c92;border-radius:1px\" target=\"_self\"><span style=\"color:#FFFFFF;padding:0px 24px;font-size:18px;line-height:36px;border-color:#5b81cc;border-radius:1px;text-shadow:none\">  Beispiel &#8211; 1 <\/span><\/a><\/div>\n<\/div>\r\n\r\n\r\n\r\n<div class=\"wp-block-column is-layout-flow wp-block-column-is-layout-flow\"><div class=\"su-button-center\"><a href=\"https:\/\/www.azubiyo.de\/media\/6552\/bewerbungsanschreiben_erzieherin_anleitung.pdf\" class=\"su-button su-button-style-flat\" style=\"color:#FFFFFF;background-color:#144bb6;border-color:#103c92;border-radius:1px\" target=\"_self\"><span style=\"color:#FFFFFF;padding:0px 24px;font-size:18px;line-height:36px;border-color:#5b81cc;border-radius:1px;text-shadow:none\">  Beispiel &#8211; 2 <\/span><\/a><\/div>\n<\/div>\r\n\r\n\r\n<\/div>\r\n\r\n\r\n<hr class=\"wp-block-separator has-alpha-channel-opacity\" \/>\r\n\r\n\r\n\r\n<div class=\"wp-block-columns is-layout-flex wp-container-core-columns-is-layout-9d6595d7 wp-block-columns-is-layout-flex\">\r\n\r\n\r\n<div class=\"wp-block-column is-layout-flow wp-block-column-is-layout-flow\"><div class=\"su-button-center\"><a href=\"https:\/\/www.ausbildungspark.com\/files\/anschreiben-erzieherin.pdf\" class=\"su-button su-button-style-flat\" style=\"color:#FFFFFF;background-color:#144bb6;border-color:#103c92;border-radius:1px\" target=\"_self\"><span style=\"color:#FFFFFF;padding:0px 24px;font-size:18px;line-height:36px;border-color:#5b81cc;border-radius:1px;text-shadow:none\">  Beispiel &#8211; 3 <\/span><\/a><\/div>\n<\/div>\r\n\r\n\r\n\r\n<div class=\"wp-block-column is-layout-flow wp-block-column-is-layout-flow\"><div class=\"su-button-center\"><a href=\"https:\/\/bewerbungsanschreiben-muster.de\/Bewerbungsmuster\/Ausbildung_Erzieherin1.pdf\" class=\"su-button su-button-style-flat\" style=\"color:#FFFFFF;background-color:#144bb6;border-color:#103c92;border-radius:1px\" target=\"_self\"><span style=\"color:#FFFFFF;padding:0px 24px;font-size:18px;line-height:36px;border-color:#5b81cc;border-radius:1px;text-shadow:none\">  Beispiel &#8211; 4 <\/span><\/a><\/div>\n<\/div>\r\n\r\n\r\n<\/div>\r\n\r\n\r\n<hr class=\"wp-block-separator has-alpha-channel-opacity\" \/>\r\n\r\n<!-- \/wp:post-content -->\r\n\r\n<!-- wp:table {\"align\":\"center\"} -->\r\n<figure class=\"wp-block-table aligncenter\">\r\n<table>\r\n<tbody>\r\n<tr>\r\n<td style=\"text-align: center;\">Bewerbungsschreiben Ausbildung Erzieherin<\/td>\r\n<\/tr>\r\n<tr>\r\n<td style=\"text-align: center;\">PDF &#8211; WORD Datei<\/td>\r\n<\/tr>\r\n<tr>\r\n<td style=\"text-align: center;\">Bewertung: \u2b50\u2b50\u2b50\u2b50\u2b50 4.21<\/td>\r\n<\/tr>\r\n<tr>\r\n<td style=\"text-align: center;\">Ergebnisse &#8211; 6452<\/td>\r\n<\/tr>\r\n<\/tbody>\r\n<\/table>\r\n<\/figure>\r\n<!-- \/wp:table -->\r\n\r\n<!-- wp:separator -->\r\n\r\n<hr class=\"wp-block-separator has-alpha-channel-opacity\" \/>\r\n\r\n<!-- \/wp:separator -->\r\n\r\n<div class=\"su-note\"  style=\"border-color:#e5e5e5;border-radius:10px;-moz-border-radius:10px;-webkit-border-radius:10px;\"><div class=\"su-note-inner su-u-clearfix su-u-trim\" style=\"background-color:#FFFFFF;border-color:#ffffff;color:#333333;border-radius:10px;-moz-border-radius:10px;-webkit-border-radius:10px;\">\r\n\r\n<p>Ein Bewerbungsschreiben ist ein wesentlicher Bestandteil deiner Bewerbungsunterlagen f\u00fcr die Ausbildung zur Erzieherin. Es ist wichtig, dass du einen guten ersten Eindruck hinterl\u00e4sst und deinen potenziellen Arbeitgeber davon \u00fcberzeugst, dass du die richtige Kandidatin f\u00fcr die Stelle bist. In diesem Leitfaden werden wir die verschiedenen Schritte und Bestandteile des Bewerbungsschreibens ausf\u00fchrlich erl\u00e4utern und dir hilfreiche Tipps sowie Beispiele geben, wie du ein \u00fcberzeugendes und professionelles Schreiben verfassen kannst.<\/p>  <h3>1. Einleitung<\/h3>  <p>Die Einleitung ist der erste Abschnitt deines Bewerbungsschreibens. Hier solltest du dich kurz vorstellen, den Grund f\u00fcr deine Bewerbung angeben und dein Interesse an der Ausbildung zur Erzieherin zeigen. Du kannst beispielsweise schreiben:<\/p>  <blockquote> <p>Sehr geehrte\/r [Name des Ansprechpartners],<\/p>  <p>mit gro\u00dfem Interesse habe ich auf Ihrer Webseite die Stellenausschreibung f\u00fcr die Ausbildung zur Erzieherin entdeckt. Als einf\u00fchlsame und engagierte Person, die eine gro\u00dfe Leidenschaft f\u00fcr die Arbeit mit Kindern hat, bewerbe ich mich hiermit um diese Stelle.<\/p> <\/blockquote>  <h3>2. Hauptteil<\/h3>  <p>Im Hauptteil deines Bewerbungsschreibens kannst du n\u00e4her erl\u00e4utern, warum du dich f\u00fcr die Ausbildung zur Erzieherin interessierst und welche Qualifikationen und Erfahrungen du mitbringst. Hierf\u00fcr kannst du zum Beispiel folgende Punkte ansprechen:<\/p>  <dl> <dt>Berufliches Ziel<\/dt> <dd>Beschreibe, warum du dich f\u00fcr eine Karriere als Erzieherin entschieden hast und warum du gerne in diesem Bereich arbeiten m\u00f6chtest.<\/dd>  <dt>Ausbildung und Erfahrungen<\/dt> <dd>Gib an, welche Ausbildung du bereits absolviert hast (z.B. Abschluss der Mittleren Reife) und ob du bereits Erfahrungen in der Arbeit mit Kindern gesammelt hast (z.B. Praktika, Babysitten, Nachhilfeunterricht).<\/dd>  <dt>Pers\u00f6nliche Eigenschaften<\/dt> <dd>Betone, welche pers\u00f6nlichen Eigenschaften dich zu einer geeigneten Kandidatin f\u00fcr die Ausbildung zur Erzieherin machen, wie zum Beispiel Kommunikationsf\u00e4higkeit, Geduld und Empathie.<\/dd>  <dt>Warum diese Einrichtung?<\/dt> <dd>Zeige, dass du dich mit der Einrichtung, bei der du dich bewirbst, auseinandergesetzt hast und warum du genau dort deine Ausbildung absolvieren m\u00f6chtest. Nenne zum Beispiel besondere p\u00e4dagogische Konzepte oder positive Erfahrungen, die du \u00fcber die Einrichtung geh\u00f6rt hast.<\/dd> <\/dl>  <h3>3. Schluss<\/h3>  <p>Im Schlussteil deines Bewerbungsschreibens kannst du den Personaler ermutigen, dich zu einem Vorstellungsgespr\u00e4ch einzuladen und deine Kontaktdaten hinterlassen. Du k\u00f6nntest zum Beispiel schreiben:<\/p>  <blockquote> <p>\u00dcber die Gelegenheit, mich pers\u00f6nlich bei Ihnen vorstellen zu d\u00fcrfen, w\u00fcrde ich mich sehr freuen. F\u00fcr weitere Informationen stehe ich Ihnen gerne telefonisch oder per E-Mail zur Verf\u00fcgung. Vielen Dank f\u00fcr Ihre Aufmerksamkeit.<\/p>  <p>Mit freundlichen Gr\u00fc\u00dfen,<\/p>  [Vorname Nachname] <\/blockquote>  <h3>4. Formale Gestaltung und Aufbau<\/h3>  <p>Ein Bewerbungsschreiben sollte in einem professionellen und formalen Stil verfasst sein. Hier sind einige wichtige Punkte zu beachten:<\/p>  <ul> <li>Verwende ein geeignetes Briefkopf-Format, das deinen vollst\u00e4ndigen Namen, deine Adresse, Telefonnummer und E-Mail-Adresse enth\u00e4lt.<\/li> <li>Gib den Namen des Empf\u00e4ngers und die Adresse der Einrichtung an, bei der du dich bewirbst.<\/li> <li>Verwende eine formelle Anrede wie &#8220;Sehr geehrte\/r [Name des Ansprechpartners]&#8221;.<\/li> <li>Gliedere deinen Text in Einleitung, Hauptteil und Schluss.<\/li> <li>Halte dich an eine klare und gut strukturierte Schreibweise.<\/li> <li>Verwende Abs\u00e4tze und Leerzeilen, um deinen Text \u00fcbersichtlich zu gestalten.<\/li> <li>Schreibe korrekt und achte auf Rechtschreibung und Grammatik.<\/li> <li>Unterschreibe das Bewerbungsschreiben handschriftlich.<\/li> <\/ul>  <h3><\/h3>  <p>Mit dieser Anleitung hast du nun eine detaillierte Vorstellung davon, wie du ein Bewerbungsschreiben f\u00fcr die Ausbildung zur Erzieherin verfassen kannst. Achte darauf, dass du dich gut pr\u00e4sentierst, deine Motivation und Qualifikationen hervorhebst und einen positiven Eindruck hinterl\u00e4sst. Viel Erfolg bei deiner Bewerbung!<\/p>\r\n\r\n<\/div><\/div>\r\n\r\n<!-- wp:separator -->\r\n\r\n<hr class=\"wp-block-separator has-alpha-channel-opacity\" \/>","protected":false},"excerpt":{"rendered":"<p>Vorlage und Muster f\u00fcr Bewerbungsschreiben Ausbildung Erzieherin &#8211; Ausf\u00fcllen und Erstellung &#8211; \u00d6ffnen im PDF und WORD Datei und Online &#8230; <\/p>\n<p class=\"read-more-container\"><a title=\"\u00d6ffnen &#8211; Bewerbungsschreiben Ausbildung Erzieherin\" class=\"read-more button\" href=\"https:\/\/schreibenpro.com\/de\/bewerbungsschreiben-ausbildung-erzieherin-offnen\/#more-710\" aria-label=\"Mehr zu \u00d6ffnen &#8211; Bewerbungsschreiben Ausbildung Erzieherin\">\u00d6FFNEN <\/a><\/p>\n","protected":false},"author":1,"featured_media":0,"parent":0,"menu_order":0,"comment_status":"closed","ping_status":"closed","template":"","meta":{"footnotes":""},"class_list":{"0":"post-710","1":"page","2":"type-page","3":"status-publish","5":"infinite-scroll-item"},"yoast_head":"<!-- This site is optimized with the Yoast SEO plugin v24.6 - https:\/\/yoast.com\/wordpress\/plugins\/seo\/ -->\n<title>\u00d6ffnen - Bewerbungsschreiben Ausbildung Erzieherin - Schreiben PRO<\/title>\n<meta name=\"robots\" content=\"noindex, follow\" \/>\n<meta property=\"og:locale\" content=\"de_DE\" \/>\n<meta property=\"og:type\" content=\"article\" \/>\n<meta property=\"og:title\" content=\"\u00d6ffnen - Bewerbungsschreiben Ausbildung Erzieherin - Schreiben PRO\" \/>\n<meta property=\"og:description\" content=\"Vorlage und Muster f\u00fcr Bewerbungsschreiben Ausbildung Erzieherin &#8211; Ausf\u00fcllen und Erstellung &#8211; \u00d6ffnen im PDF und WORD Datei und Online ... \u00d6FFNEN\" \/>\n<meta property=\"og:url\" content=\"https:\/\/schreibenpro.com\/de\/bewerbungsschreiben-ausbildung-erzieherin-offnen\/\" \/>\n<meta property=\"og:site_name\" content=\"Schreiben PRO\" \/>\n<meta property=\"og:image\" content=\"https:\/\/schreibenpro.com\/de\/wp-content\/uploads\/bewerbungsschreiben-ausbildung-erzieherin-muster-vorlage.jpg\" \/>\n<meta name=\"twitter:card\" content=\"summary_large_image\" \/>\n<meta name=\"twitter:label1\" content=\"Gesch\u00e4tzte Lesezeit\" \/>\n\t<meta name=\"twitter:data1\" content=\"1\u00a0Minute\" \/>\n<!-- \/ Yoast SEO plugin. -->","yoast_head_json":{"title":"\u00d6ffnen - Bewerbungsschreiben Ausbildung Erzieherin - Schreiben PRO","robots":{"index":"noindex","follow":"follow"},"og_locale":"de_DE","og_type":"article","og_title":"\u00d6ffnen - Bewerbungsschreiben Ausbildung Erzieherin - Schreiben PRO","og_description":"Vorlage und Muster f\u00fcr Bewerbungsschreiben Ausbildung Erzieherin &#8211; Ausf\u00fcllen und Erstellung &#8211; \u00d6ffnen im PDF und WORD Datei und Online ... \u00d6FFNEN","og_url":"https:\/\/schreibenpro.com\/de\/bewerbungsschreiben-ausbildung-erzieherin-offnen\/","og_site_name":"Schreiben PRO","og_image":[{"url":"https:\/\/schreibenpro.com\/de\/wp-content\/uploads\/bewerbungsschreiben-ausbildung-erzieherin-muster-vorlage.jpg","type":"","width":"","height":""}],"twitter_card":"summary_large_image","twitter_misc":{"Gesch\u00e4tzte Lesezeit":"1\u00a0Minute"},"schema":{"@context":"https:\/\/schema.org","@graph":[{"@type":"WebPage","@id":"https:\/\/schreibenpro.com\/de\/bewerbungsschreiben-ausbildung-erzieherin-offnen\/","url":"https:\/\/schreibenpro.com\/de\/bewerbungsschreiben-ausbildung-erzieherin-offnen\/","name":"\u00d6ffnen - Bewerbungsschreiben Ausbildung Erzieherin - Schreiben PRO","isPartOf":{"@id":"https:\/\/schreibenpro.com\/de\/#website"},"primaryImageOfPage":{"@id":"https:\/\/schreibenpro.com\/de\/bewerbungsschreiben-ausbildung-erzieherin-offnen\/#primaryimage"},"image":{"@id":"https:\/\/schreibenpro.com\/de\/bewerbungsschreiben-ausbildung-erzieherin-offnen\/#primaryimage"},"thumbnailUrl":"https:\/\/schreibenpro.com\/de\/wp-content\/uploads\/bewerbungsschreiben-ausbildung-erzieherin-muster-vorlage.jpg","datePublished":"2023-12-18T08:25:46+00:00","breadcrumb":{"@id":"https:\/\/schreibenpro.com\/de\/bewerbungsschreiben-ausbildung-erzieherin-offnen\/#breadcrumb"},"inLanguage":"de","potentialAction":[{"@type":"ReadAction","target":["https:\/\/schreibenpro.com\/de\/bewerbungsschreiben-ausbildung-erzieherin-offnen\/"]}]},{"@type":"ImageObject","inLanguage":"de","@id":"https:\/\/schreibenpro.com\/de\/bewerbungsschreiben-ausbildung-erzieherin-offnen\/#primaryimage","url":"https:\/\/schreibenpro.com\/de\/wp-content\/uploads\/anschreiben-zum-angebot-muster-vorlage.jpg","contentUrl":"https:\/\/schreibenpro.com\/de\/wp-content\/uploads\/anschreiben-zum-angebot-muster-vorlage.jpg","width":1410,"height":2250},{"@type":"BreadcrumbList","@id":"https:\/\/schreibenpro.com\/de\/bewerbungsschreiben-ausbildung-erzieherin-offnen\/#breadcrumb","itemListElement":[{"@type":"ListItem","position":1,"name":"Portada","item":"https:\/\/schreibenpro.com\/de\/"},{"@type":"ListItem","position":2,"name":"\u00d6ffnen &#8211; Bewerbungsschreiben Ausbildung Erzieherin"}]},{"@type":"WebSite","@id":"https:\/\/schreibenpro.com\/de\/#website","url":"https:\/\/schreibenpro.com\/de\/","name":"Schreiben PRO","description":"Muster und Vorlage","publisher":{"@id":"https:\/\/schreibenpro.com\/de\/#organization"},"potentialAction":[{"@type":"SearchAction","target":{"@type":"EntryPoint","urlTemplate":"https:\/\/schreibenpro.com\/de\/?s={search_term_string}"},"query-input":{"@type":"PropertyValueSpecification","valueRequired":true,"valueName":"search_term_string"}}],"inLanguage":"de"},{"@type":"Organization","@id":"https:\/\/schreibenpro.com\/de\/#organization","name":"Schreiben PRO","url":"https:\/\/schreibenpro.com\/de\/","logo":{"@type":"ImageObject","inLanguage":"de","@id":"https:\/\/schreibenpro.com\/de\/#\/schema\/logo\/image\/","url":"https:\/\/schreibenpro.com\/de\/wp-content\/uploads\/cropped-fav.png","contentUrl":"https:\/\/schreibenpro.com\/de\/wp-content\/uploads\/cropped-fav.png","width":512,"height":512,"caption":"Schreiben PRO"},"image":{"@id":"https:\/\/schreibenpro.com\/de\/#\/schema\/logo\/image\/"}}]}},"_links":{"self":[{"href":"https:\/\/schreibenpro.com\/de\/wp-json\/wp\/v2\/pages\/710","targetHints":{"allow":["GET"]}}],"collection":[{"href":"https:\/\/schreibenpro.com\/de\/wp-json\/wp\/v2\/pages"}],"about":[{"href":"https:\/\/schreibenpro.com\/de\/wp-json\/wp\/v2\/types\/page"}],"author":[{"embeddable":true,"href":"https:\/\/schreibenpro.com\/de\/wp-json\/wp\/v2\/users\/1"}],"replies":[{"embeddable":true,"href":"https:\/\/schreibenpro.com\/de\/wp-json\/wp\/v2\/comments?post=710"}],"version-history":[{"count":0,"href":"https:\/\/schreibenpro.com\/de\/wp-json\/wp\/v2\/pages\/710\/revisions"}],"wp:attachment":[{"href":"https:\/\/schreibenpro.com\/de\/wp-json\/wp\/v2\/media?parent=710"}],"curies":[{"name":"wp","href":"https:\/\/api.w.org\/{rel}","templated":true}]}}