{"id":711,"date":"2023-12-18T08:25:46","date_gmt":"2023-12-18T08:25:46","guid":{"rendered":"https:\/\/schreibenpro.com\/de\/bewerbungsschreiben-warum-dieses-unternehmen-offnen\/"},"modified":"2023-12-18T08:25:46","modified_gmt":"2023-12-18T08:25:46","slug":"bewerbungsschreiben-warum-dieses-unternehmen-offnen","status":"publish","type":"page","link":"https:\/\/schreibenpro.com\/de\/bewerbungsschreiben-warum-dieses-unternehmen-offnen\/","title":{"rendered":"\u00d6ffnen &#8211; Bewerbungsschreiben Warum Dieses Unternehmen"},"content":{"rendered":"\r\n<p class=\"has-text-align-center\">Muster und Vorlage f\u00fcr <strong> Bewerbungsschreiben Warum Dieses Unternehmen<\/strong> &#8211; Erstellung und Ausf\u00fcllen &#8211; \u00d6ffnen im <strong>WORD und PDF<\/strong> Datei und Online<\/p>\r\n\r\n\r\n\r\n\r\n<div class=\"wp-block-image\">\r\n<figure class=\"aligncenter size-large is-resized\"><img loading=\"lazy\" decoding=\"async\" class=\"wp-image-215\" src=\"https:\/\/schreibenpro.com\/de\/wp-content\/uploads\/bewerbungsschreiben-warum-dieses-unternehmen-muster-vorlage.jpg\" alt=\"\" width=\"245\" height=\"391\" \/><\/figure>\r\n<\/div>\r\n\r\n\r\n\r\n<hr class=\"wp-block-separator has-alpha-channel-opacity\" \/>\r\n\r\n\r\n\r\n\r\n\r\n<div class=\"su-note\"  style=\"border-color:#e5e5e5;border-radius:10px;-moz-border-radius:10px;-webkit-border-radius:10px;\"><div class=\"su-note-inner su-u-clearfix su-u-trim\" style=\"background-color:#FFFFFF;border-color:#ffffff;color:#333333;border-radius:10px;-moz-border-radius:10px;-webkit-border-radius:10px;\">\r\n\r\n<section id=\"specialParagraph\"><p><strong>Ihre Adresse<\/strong><br> Max Mustermann<br> Musterstra\u00dfe 123<br> 12345 Musterstadt<\/p>  <p><strong>Datum<\/strong><br> Musterstadt, 01. Januar 20XX<\/p>  <p><strong>Adressat des Schreibens<\/strong><br> Unternehmen XYZ<br> Personalabteilung<br> Hauptstra\u00dfe 456<br> 12345 Firmenstadt<\/p>  <p><strong>Betreff:<\/strong> Bewerbung um die Stelle als Marketing Manager<\/p>  <p><strong>Sehr geehrte Damen und Herren,<\/strong><\/p>  <p>mit gro\u00dfem Interesse habe ich auf Ihrer Unternehmenswebsite die offene Stelle als Marketing Manager entdeckt. Die innovativen Projekte, die Ihr Unternehmen in den letzten Jahren erfolgreich umgesetzt hat, haben mich besonders beeindruckt. In diesem Bewerbungsschreiben m\u00f6chte ich Ihnen daher gerne darlegen, warum ich davon \u00fcberzeugt bin, die ideale Besetzung f\u00fcr diese Position zu sein.<\/p>  <dt><strong>1. \u00dcber das Unternehmen informieren<\/strong><\/dt> <dd>Lassen Sie den Arbeitgeber wissen, dass Sie im Vorfeld gr\u00fcndlich \u00fcber das Unternehmen recherchiert haben. Beschreiben Sie, was Sie an dem Unternehmen besonders anspricht, wie z.B. die Vision, Mission oder die Unternehmenskultur.<\/dd>  <p>XYZ zeichnet sich durch eine vision\u00e4re Unternehmenskultur aus. Insbesondere die Werte, die in Ihrem Leitbild verankert sind, wie Innovation, Nachhaltigkeit und Teamarbeit, sprechen mich sehr an. Die zahlreichen Auszeichnungen, die Ihr Unternehmen in den letzten Jahren erhalten hat, zeigen deutlich, dass Sie sich konstant weiterentwickeln und stets neue Ma\u00dfst\u00e4be setzen.<\/p>  <dt><strong>2. Passung zwischen den eigenen F\u00e4higkeiten und Unternehmensanforderungen<\/strong><\/dt> <dd>Stellen Sie Ihre eigenen F\u00e4higkeiten und Erfahrungen in Bezug auf die Anforderungen der Stellenausschreibung vor. Begr\u00fcnden Sie, warum Sie glauben, dass Sie \u00fcber die n\u00f6tigen Kompetenzen verf\u00fcgen, um die Stelle erfolgreich auszuf\u00fcllen.<\/dd>  <p>Als Marketing Manager bringe ich umfangreiche Erfahrung im Online-Marketing mit. In meiner bisherigen T\u00e4tigkeit konnte ich erfolgreich digitale Marketingkampagnen planen und umsetzen. Durch meine hohe Affinit\u00e4t zu sozialen Medien und die F\u00e4higkeit, aktuelle Online-Trends strategisch f\u00fcr Unternehmen zu nutzen, konnte ich nachweislich die Markenbekanntheit und den Umsatz steigern.<\/p>  <dt><strong>3. Synergieeffekte betonen<\/strong><\/dt> <dd>Zeigen Sie auf, wie die Zusammenarbeit zwischen Ihnen und dem Unternehmen zu gegenseitigem Erfolg f\u00fchren kann. Beschreiben Sie m\u00f6gliche synergetische Effekte und wie Ihre F\u00e4higkeiten und Erfahrungen das Unternehmen weiter voranbringen k\u00f6nnen.<\/dd>  <p>Ich bin \u00fcberzeugt, dass meine Kenntnisse im Bereich des Online-Marketings und der digitalen Strategien perfekt zu den Zielen von XYZ passen. Durch meine Erfahrung im Aufbau und der Optimierung von Online-Kampagnen kann ich dazu beitragen, die Positionierung des Unternehmens weiter zu st\u00e4rken und den Umsatz signifikant zu steigern.<\/p>  <p>Des Weiteren zeichne ich mich durch eine hohe Lernbereitschaft aus und bin immer daran interessiert, mich weiterzuentwickeln. Ihre offene Unternehmenskultur sowie die M\u00f6glichkeiten zur internen Weiterbildung haben mich in diesem Zusammenhang besonders angesprochen.<\/p>  <p><strong>Abgeschlossene letzte Abs\u00e4tze:<\/strong><\/p>  <p>Ich freue mich darauf, meine F\u00e4higkeiten und Ideen in Ihr dynamisches Unternehmen einzubringen und gemeinsam mit Ihnen an den zuk\u00fcnftigen Erfolgen von XYZ zu arbeiten. Gerne m\u00f6chte ich in einem pers\u00f6nlichen Gespr\u00e4ch \u00fcber meine Bewerbung sprechen und Sie von meiner Motivation und Qualifikation \u00fcberzeugen. F\u00fcr Fragen stehe ich Ihnen jederzeit zur Verf\u00fcgung.<\/p>  <p>Vielen Dank f\u00fcr Ihre Aufmerksamkeit.<\/p>  <p>Mit freundlichen Gr\u00fc\u00dfen<\/p>  <p>Max Mustermann<\/p>  <p><strong>Anlagen:<\/strong><br> &#8211; Lebenslauf<br> &#8211; Zeugnisse<\/p><\/section><\/div><\/div>\r\n\r\n&nbsp;\r\n\r\n\r\n\r\n\r\n\r\n\r\n<p class=\"has-text-align-center\">Vorlage und Muster f\u00fcr <strong> Bewerbungsschreiben Warum Dieses Unternehmen <\/strong> zur Erstellung und Anpassung im <strong>WORD<\/strong>\u2013 und <strong>PDF-Format<\/strong><\/p>\r\n\r\n\r\n<button id=\"generatePDF\">Erstellen (PDF &#8211; WORD)<\/button>\r\n\r\n\r\n\r\n<hr class=\"wp-block-separator has-alpha-channel-opacity\" \/>\r\n\r\n\r\n\r\n<p style=\"text-align: center;\"><strong>Bewerbungsschreiben Warum Dieses Unternehmen<\/strong><\/p>\r\n\r\n<div class=\"wp-block-columns is-layout-flex wp-container-core-columns-is-layout-9d6595d7 wp-block-columns-is-layout-flex\">\r\n\r\n\r\n<div class=\"wp-block-column is-layout-flow wp-block-column-is-layout-flow\"><div class=\"su-button-center\"><a href=\"https:\/\/www.mustertexte-musterbewerbung.de\/bewerbungsanschreiben-vorlagen-und-mustertexte.pdf\" class=\"su-button su-button-style-flat\" style=\"color:#FFFFFF;background-color:#144bb6;border-color:#103c92;border-radius:1px\" target=\"_self\"><span style=\"color:#FFFFFF;padding:0px 24px;font-size:18px;line-height:36px;border-color:#5b81cc;border-radius:1px;text-shadow:none\">   PDF <\/span><\/a><\/div>\n<\/div>\r\n\r\n\r\n\r\n<div class=\"wp-block-column is-layout-flow wp-block-column-is-layout-flow\"><div class=\"su-button-center\"><a href=\"https:\/\/www.azubiyo.de\/media\/10333\/bewerbungsschreiben_schaedlingsbekaempfer.docx\" class=\"su-button su-button-style-flat\" style=\"color:#FFFFFF;background-color:#144bb6;border-color:#103c92;border-radius:1px\" target=\"_self\"><span style=\"color:#FFFFFF;padding:0px 24px;font-size:18px;line-height:36px;border-color:#5b81cc;border-radius:1px;text-shadow:none\">   DOC<\/span><\/a><\/div>\n<\/div>\r\n\r\n\r\n<\/div>\r\n\r\n\r\n\r\n<p style=\"text-align: center;\"><strong>Beispiele<\/strong><\/p>\r\n\r\n<div class=\"wp-block-columns is-layout-flex wp-container-core-columns-is-layout-9d6595d7 wp-block-columns-is-layout-flex\">\r\n\r\n\r\n<div class=\"wp-block-column is-layout-flow wp-block-column-is-layout-flow\"><div class=\"su-button-center\"><a href=\"https:\/\/www.azubiyo.de\/media\/9885\/anleitung_anschreiben.pdf\" class=\"su-button su-button-style-flat\" style=\"color:#FFFFFF;background-color:#144bb6;border-color:#103c92;border-radius:1px\" target=\"_self\"><span style=\"color:#FFFFFF;padding:0px 24px;font-size:18px;line-height:36px;border-color:#5b81cc;border-radius:1px;text-shadow:none\">  Beispiel &#8211; 1 <\/span><\/a><\/div>\n<\/div>\r\n\r\n\r\n\r\n<div class=\"wp-block-column is-layout-flow wp-block-column-is-layout-flow\"><div class=\"su-button-center\"><a href=\"https:\/\/www.college-council.de\/assets\/infocenter\/leitfaeden\/CC_Tipps_Bewerbungsschreiben_USA.pdf\" class=\"su-button su-button-style-flat\" style=\"color:#FFFFFF;background-color:#144bb6;border-color:#103c92;border-radius:1px\" target=\"_self\"><span style=\"color:#FFFFFF;padding:0px 24px;font-size:18px;line-height:36px;border-color:#5b81cc;border-radius:1px;text-shadow:none\">  Beispiel &#8211; 2 <\/span><\/a><\/div>\n<\/div>\r\n\r\n\r\n<\/div>\r\n\r\n\r\n<hr class=\"wp-block-separator has-alpha-channel-opacity\" \/>\r\n\r\n\r\n\r\n<div class=\"wp-block-columns is-layout-flex wp-container-core-columns-is-layout-9d6595d7 wp-block-columns-is-layout-flex\">\r\n\r\n\r\n<div class=\"wp-block-column is-layout-flow wp-block-column-is-layout-flow\"><div class=\"su-button-center\"><a href=\"https:\/\/www.wiwi.uni-muenster.de\/fakultaet\/sites\/fakultaet\/files\/downloads\/praxis\/broschuere_anschreiben_final.pdf\" class=\"su-button su-button-style-flat\" style=\"color:#FFFFFF;background-color:#144bb6;border-color:#103c92;border-radius:1px\" target=\"_self\"><span style=\"color:#FFFFFF;padding:0px 24px;font-size:18px;line-height:36px;border-color:#5b81cc;border-radius:1px;text-shadow:none\">  Beispiel &#8211; 3 <\/span><\/a><\/div>\n<\/div>\r\n\r\n\r\n\r\n<div class=\"wp-block-column is-layout-flow wp-block-column-is-layout-flow\"><div class=\"su-button-center\"><a href=\"https:\/\/www.mustertexte-musterbewerbung.de\/bewerbungsanschreiben-vorlagen-und-mustertexte.pdf\" class=\"su-button su-button-style-flat\" style=\"color:#FFFFFF;background-color:#144bb6;border-color:#103c92;border-radius:1px\" target=\"_self\"><span style=\"color:#FFFFFF;padding:0px 24px;font-size:18px;line-height:36px;border-color:#5b81cc;border-radius:1px;text-shadow:none\">  Beispiel &#8211; 4 <\/span><\/a><\/div>\n<\/div>\r\n\r\n\r\n<\/div>\r\n\r\n\r\n<hr class=\"wp-block-separator has-alpha-channel-opacity\" \/>\r\n\r\n<!-- \/wp:post-content -->\r\n\r\n<!-- wp:table {\"align\":\"center\"} -->\r\n<figure class=\"wp-block-table aligncenter\">\r\n<table>\r\n<tbody>\r\n<tr>\r\n<td style=\"text-align: center;\">Bewerbungsschreiben Warum Dieses Unternehmen<\/td>\r\n<\/tr>\r\n<tr>\r\n<td style=\"text-align: center;\">PDF &#8211; WORD Datei<\/td>\r\n<\/tr>\r\n<tr>\r\n<td style=\"text-align: center;\">Bewertung: \u2b50\u2b50\u2b50\u2b50\u2b50 4.46<\/td>\r\n<\/tr>\r\n<tr>\r\n<td style=\"text-align: center;\">Ergebnisse &#8211; 7301<\/td>\r\n<\/tr>\r\n<\/tbody>\r\n<\/table>\r\n<\/figure>\r\n<!-- \/wp:table -->\r\n\r\n<!-- wp:separator -->\r\n\r\n<hr class=\"wp-block-separator has-alpha-channel-opacity\" \/>\r\n\r\n<!-- \/wp:separator -->\r\n\r\n<div class=\"su-note\"  style=\"border-color:#e5e5e5;border-radius:10px;-moz-border-radius:10px;-webkit-border-radius:10px;\"><div class=\"su-note-inner su-u-clearfix su-u-trim\" style=\"background-color:#FFFFFF;border-color:#ffffff;color:#333333;border-radius:10px;-moz-border-radius:10px;-webkit-border-radius:10px;\">\r\n\r\n<p>Ein Bewerbungsschreiben ist ein wichtiges Dokument, das potenziellen Arbeitgebern hilft, Ihre Motivation und Qualifikationen besser zu verstehen. Wenn Sie sich auf eine Stelle bewerben, ist es oft ratsam, im Anschreiben auch darauf einzugehen, warum Sie sich gerade f\u00fcr dieses Unternehmen entschieden haben.<\/p>  <h3>1. Einleitung<\/h3>  <p>Die Einleitung Ihres Bewerbungsschreibens ist der erste Eindruck, den der Arbeitgeber von Ihnen bekommt. Es ist wichtig, dass Sie direkt auf den Punkt kommen und Ihr Interesse an der Stelle und dem Unternehmen zum Ausdruck bringen.<\/p>  <p><strong>Beispiel:<\/strong><\/p>  <p>Sehr geehrte\/r [Name des Ansprechpartners],<\/p>  <p>mit gro\u00dfem Interesse bin ich auf Ihre Stellenanzeige f\u00fcr [Position] bei [Unternehmen] gesto\u00dfen. Die Beschreibung der Aufgaben und Anforderungen hat mich sofort angesprochen, da [Grund, warum Sie sich f\u00fcr die Stelle interessieren]. Ich bin \u00fcberzeugt, dass meine Qualifikationen und Erfahrungen gut zu den Anforderungen der Position passen, und m\u00f6chte mich daher gerne bewerben.<\/p>  <h3>2. Hauptteil<\/h3>  <p>Im Hauptteil Ihres Bewerbungsschreibens sollten Sie erkl\u00e4ren, warum Sie sich gerade f\u00fcr dieses Unternehmen entschieden haben. Zeigen Sie, dass Sie sich gr\u00fcndlich \u00fcber das Unternehmen informiert haben und die Werte und Ziele des Unternehmens mit Ihren eigenen Vorstellungen \u00fcbereinstimmen.<\/p>  <p><strong>Beispiel:<\/strong><\/p>  <p>Was mich besonders an [Unternehmen] fasziniert, ist [Grund f\u00fcr Ihr Interesse am Unternehmen, z. B. innovative Projekte, starke Marktposition, Unternehmenskultur]. Ich bin beeindruckt von [Beispiel f\u00fcr eine Leistung oder einen Erfolg des Unternehmens]. Dar\u00fcber hinaus bewundere ich die [Besondere Eigenschaft des Unternehmens, z. B. soziales Engagement, nachhaltiges Gesch\u00e4ftsmodell]. Ich teile diese Werte und sehe darin eine ideale Grundlage, um meine berufliche Laufbahn weiterzuentwickeln.<\/p>  <p>Es ist auch empfehlenswert, auf aktuelle Entwicklungen oder Erfolge des Unternehmens einzugehen, um zu zeigen, dass Sie auf dem neuesten Stand sind und sich wirklich f\u00fcr das Unternehmen interessieren.<\/p>  <h3>3. Schluss<\/h3>  <p>Im Schlussteil Ihres Bewerbungsschreibens k\u00f6nnen Sie noch einmal Ihre Motivation und Ihr Interesse an der Stelle bekr\u00e4ftigen. Bedanken Sie sich f\u00fcr die M\u00f6glichkeit, sich bewerben zu d\u00fcrfen, und geben Sie an, dass Sie sich \u00fcber die Gelegenheit freuen w\u00fcrden, in einem pers\u00f6nlichen Gespr\u00e4ch weitere Einzelheiten zu besprechen.<\/p>  <p><strong>Beispiel:<\/strong><\/p>  <p>Ich w\u00fcrde mich sehr freuen, Teil des Teams bei [Unternehmen] zu werden und einen Beitrag zu Ihrem Erfolg zu leisten. Gerne stehe ich Ihnen f\u00fcr ein pers\u00f6nliches Gespr\u00e4ch zur Verf\u00fcgung, um weitere Details zu besprechen.<\/p>  <p>Nochmals vielen Dank f\u00fcr Ihre Zeit und die Ber\u00fccksichtigung meiner Bewerbung.<\/p>  <p>Mit freundlichen Gr\u00fc\u00dfen,<\/p> [Ihr Name]  <h3>Wichtige \u00dcberlegungen zur formalen Gestaltung<\/h3>  <p>Ein Bewerbungsschreiben sollte gut strukturiert und \u00fcbersichtlich sein. Verwenden Sie Abs\u00e4tze und \u00dcberschriften, um den Text lesbar und verst\u00e4ndlich zu gestalten.<\/p>  <p>Vermeiden Sie lange S\u00e4tze und verwenden Sie klare, pr\u00e4zise Formulierungen. Achten Sie auf eine korrekte Rechtschreibung und Grammatik. F\u00fchren Sie vor dem Versenden eine sorgf\u00e4ltige Rechtschreib- und Grammatikpr\u00fcfung durch.<\/p>  <p>Halten Sie das Bewerbungsschreiben auf eine Seite beschr\u00e4nkt, es sei denn, es werden explizit mehrere Seiten verlangt.<\/p>  <p><strong>Beispiel:<\/strong><\/p>  <dt>Briefkopf:<\/dt> <dd>Ihr Name<\/dd> <dd>Ihre Adresse<\/dd> <dd>Ihre Kontaktdaten (Telefonnummer, E-Mail-Adresse)<\/dd>  <dt>Anrede:<\/dt> <dd>Sehr geehrte\/r [Name des Ansprechpartners]<\/dd>  <dt>Einleitung:<\/dt> <dd>Ich wurde auf Ihre Stellenanzeige f\u00fcr [Position] bei [Unternehmen] aufmerksam und m\u00f6chte mich hiermit bewerben.<\/dd>  <dt>Hauptteil:<\/dt> <dd>[Warum dieses Unternehmen?] [Beispiel f\u00fcr eine Leistung oder einen Erfolg des Unternehmens].<\/dd>  <dt>Schluss:<\/dt> <dd>Ich freue mich \u00fcber die Gelegenheit, in einem pers\u00f6nlichen Gespr\u00e4ch weitere Einzelheiten zu besprechen.<\/dd>  <dd>Mit freundlichen Gr\u00fc\u00dfen,<\/dd> <dd>[Ihr Name]<\/dd>  <p>Das waren die grundlegenden Schritte und Bestandteile eines Bewerbungsschreibens. Indem Sie aufzeigen, warum Sie sich gerade f\u00fcr dieses Unternehmen entschieden haben, k\u00f6nnen Sie Ihr Interesse und Ihre Motivation hervorheben und Ihre Chancen auf eine Einladung zum Vorstellungsgespr\u00e4ch erh\u00f6hen.<\/p>\r\n\r\n<\/div><\/div>\r\n\r\n<!-- wp:separator -->\r\n\r\n<hr class=\"wp-block-separator has-alpha-channel-opacity\" \/>","protected":false},"excerpt":{"rendered":"<p>Muster und Vorlage f\u00fcr Bewerbungsschreiben Warum Dieses Unternehmen &#8211; Erstellung und Ausf\u00fcllen &#8211; \u00d6ffnen im WORD und PDF Datei und &#8230; <\/p>\n<p class=\"read-more-container\"><a title=\"\u00d6ffnen &#8211; Bewerbungsschreiben Warum Dieses Unternehmen\" class=\"read-more button\" href=\"https:\/\/schreibenpro.com\/de\/bewerbungsschreiben-warum-dieses-unternehmen-offnen\/#more-711\" aria-label=\"Mehr zu \u00d6ffnen &#8211; Bewerbungsschreiben Warum Dieses Unternehmen\">\u00d6FFNEN <\/a><\/p>\n","protected":false},"author":1,"featured_media":0,"parent":0,"menu_order":0,"comment_status":"closed","ping_status":"closed","template":"","meta":{"footnotes":""},"class_list":{"0":"post-711","1":"page","2":"type-page","3":"status-publish","5":"infinite-scroll-item"},"yoast_head":"<!-- This site is optimized with the Yoast SEO plugin v24.6 - https:\/\/yoast.com\/wordpress\/plugins\/seo\/ -->\n<title>\u00d6ffnen - Bewerbungsschreiben Warum Dieses Unternehmen - Schreiben PRO<\/title>\n<meta name=\"robots\" content=\"noindex, follow\" \/>\n<meta property=\"og:locale\" content=\"de_DE\" \/>\n<meta property=\"og:type\" content=\"article\" \/>\n<meta property=\"og:title\" content=\"\u00d6ffnen - Bewerbungsschreiben Warum Dieses Unternehmen - Schreiben PRO\" \/>\n<meta property=\"og:description\" content=\"Muster und Vorlage f\u00fcr Bewerbungsschreiben Warum Dieses Unternehmen &#8211; Erstellung und Ausf\u00fcllen &#8211; \u00d6ffnen im WORD und PDF Datei und ... \u00d6FFNEN\" \/>\n<meta property=\"og:url\" content=\"https:\/\/schreibenpro.com\/de\/bewerbungsschreiben-warum-dieses-unternehmen-offnen\/\" \/>\n<meta property=\"og:site_name\" content=\"Schreiben PRO\" \/>\n<meta property=\"og:image\" content=\"https:\/\/schreibenpro.com\/de\/wp-content\/uploads\/bewerbungsschreiben-warum-dieses-unternehmen-muster-vorlage.jpg\" \/>\n<meta name=\"twitter:card\" content=\"summary_large_image\" \/>\n<meta name=\"twitter:label1\" content=\"Gesch\u00e4tzte Lesezeit\" \/>\n\t<meta name=\"twitter:data1\" content=\"1\u00a0Minute\" \/>\n<!-- \/ Yoast SEO plugin. -->","yoast_head_json":{"title":"\u00d6ffnen - Bewerbungsschreiben Warum Dieses Unternehmen - Schreiben PRO","robots":{"index":"noindex","follow":"follow"},"og_locale":"de_DE","og_type":"article","og_title":"\u00d6ffnen - Bewerbungsschreiben Warum Dieses Unternehmen - Schreiben PRO","og_description":"Muster und Vorlage f\u00fcr Bewerbungsschreiben Warum Dieses Unternehmen &#8211; Erstellung und Ausf\u00fcllen &#8211; \u00d6ffnen im WORD und PDF Datei und ... \u00d6FFNEN","og_url":"https:\/\/schreibenpro.com\/de\/bewerbungsschreiben-warum-dieses-unternehmen-offnen\/","og_site_name":"Schreiben PRO","og_image":[{"url":"https:\/\/schreibenpro.com\/de\/wp-content\/uploads\/bewerbungsschreiben-warum-dieses-unternehmen-muster-vorlage.jpg","type":"","width":"","height":""}],"twitter_card":"summary_large_image","twitter_misc":{"Gesch\u00e4tzte Lesezeit":"1\u00a0Minute"},"schema":{"@context":"https:\/\/schema.org","@graph":[{"@type":"WebPage","@id":"https:\/\/schreibenpro.com\/de\/bewerbungsschreiben-warum-dieses-unternehmen-offnen\/","url":"https:\/\/schreibenpro.com\/de\/bewerbungsschreiben-warum-dieses-unternehmen-offnen\/","name":"\u00d6ffnen - Bewerbungsschreiben Warum Dieses Unternehmen - Schreiben PRO","isPartOf":{"@id":"https:\/\/schreibenpro.com\/de\/#website"},"primaryImageOfPage":{"@id":"https:\/\/schreibenpro.com\/de\/bewerbungsschreiben-warum-dieses-unternehmen-offnen\/#primaryimage"},"image":{"@id":"https:\/\/schreibenpro.com\/de\/bewerbungsschreiben-warum-dieses-unternehmen-offnen\/#primaryimage"},"thumbnailUrl":"https:\/\/schreibenpro.com\/de\/wp-content\/uploads\/bewerbungsschreiben-warum-dieses-unternehmen-muster-vorlage.jpg","datePublished":"2023-12-18T08:25:46+00:00","breadcrumb":{"@id":"https:\/\/schreibenpro.com\/de\/bewerbungsschreiben-warum-dieses-unternehmen-offnen\/#breadcrumb"},"inLanguage":"de","potentialAction":[{"@type":"ReadAction","target":["https:\/\/schreibenpro.com\/de\/bewerbungsschreiben-warum-dieses-unternehmen-offnen\/"]}]},{"@type":"ImageObject","inLanguage":"de","@id":"https:\/\/schreibenpro.com\/de\/bewerbungsschreiben-warum-dieses-unternehmen-offnen\/#primaryimage","url":"https:\/\/schreibenpro.com\/de\/wp-content\/uploads\/anschreiben-zum-angebot-muster-vorlage.jpg","contentUrl":"https:\/\/schreibenpro.com\/de\/wp-content\/uploads\/anschreiben-zum-angebot-muster-vorlage.jpg","width":1410,"height":2250},{"@type":"BreadcrumbList","@id":"https:\/\/schreibenpro.com\/de\/bewerbungsschreiben-warum-dieses-unternehmen-offnen\/#breadcrumb","itemListElement":[{"@type":"ListItem","position":1,"name":"Portada","item":"https:\/\/schreibenpro.com\/de\/"},{"@type":"ListItem","position":2,"name":"\u00d6ffnen &#8211; Bewerbungsschreiben Warum Dieses Unternehmen"}]},{"@type":"WebSite","@id":"https:\/\/schreibenpro.com\/de\/#website","url":"https:\/\/schreibenpro.com\/de\/","name":"Schreiben PRO","description":"Muster und Vorlage","publisher":{"@id":"https:\/\/schreibenpro.com\/de\/#organization"},"potentialAction":[{"@type":"SearchAction","target":{"@type":"EntryPoint","urlTemplate":"https:\/\/schreibenpro.com\/de\/?s={search_term_string}"},"query-input":{"@type":"PropertyValueSpecification","valueRequired":true,"valueName":"search_term_string"}}],"inLanguage":"de"},{"@type":"Organization","@id":"https:\/\/schreibenpro.com\/de\/#organization","name":"Schreiben PRO","url":"https:\/\/schreibenpro.com\/de\/","logo":{"@type":"ImageObject","inLanguage":"de","@id":"https:\/\/schreibenpro.com\/de\/#\/schema\/logo\/image\/","url":"https:\/\/schreibenpro.com\/de\/wp-content\/uploads\/cropped-fav.png","contentUrl":"https:\/\/schreibenpro.com\/de\/wp-content\/uploads\/cropped-fav.png","width":512,"height":512,"caption":"Schreiben PRO"},"image":{"@id":"https:\/\/schreibenpro.com\/de\/#\/schema\/logo\/image\/"}}]}},"_links":{"self":[{"href":"https:\/\/schreibenpro.com\/de\/wp-json\/wp\/v2\/pages\/711","targetHints":{"allow":["GET"]}}],"collection":[{"href":"https:\/\/schreibenpro.com\/de\/wp-json\/wp\/v2\/pages"}],"about":[{"href":"https:\/\/schreibenpro.com\/de\/wp-json\/wp\/v2\/types\/page"}],"author":[{"embeddable":true,"href":"https:\/\/schreibenpro.com\/de\/wp-json\/wp\/v2\/users\/1"}],"replies":[{"embeddable":true,"href":"https:\/\/schreibenpro.com\/de\/wp-json\/wp\/v2\/comments?post=711"}],"version-history":[{"count":0,"href":"https:\/\/schreibenpro.com\/de\/wp-json\/wp\/v2\/pages\/711\/revisions"}],"wp:attachment":[{"href":"https:\/\/schreibenpro.com\/de\/wp-json\/wp\/v2\/media?parent=711"}],"curies":[{"name":"wp","href":"https:\/\/api.w.org\/{rel}","templated":true}]}}