{"id":713,"date":"2023-12-18T08:25:47","date_gmt":"2023-12-18T08:25:47","guid":{"rendered":"https:\/\/schreibenpro.com\/de\/kundenanschreiben-neuer-ansprechpartner-offnen\/"},"modified":"2023-12-18T08:25:47","modified_gmt":"2023-12-18T08:25:47","slug":"kundenanschreiben-neuer-ansprechpartner-offnen","status":"publish","type":"page","link":"https:\/\/schreibenpro.com\/de\/kundenanschreiben-neuer-ansprechpartner-offnen\/","title":{"rendered":"\u00d6ffnen &#8211; Kundenanschreiben Neuer Ansprechpartner"},"content":{"rendered":"\r\n<p class=\"has-text-align-center\">Vorlage und Muster f\u00fcr <strong> Kundenanschreiben Neuer Ansprechpartner<\/strong> &#8211; Erstellung und Ausf\u00fcllen &#8211; \u00d6ffnen im <strong>WORD und PDF<\/strong> Datei und Online<\/p>\r\n\r\n\r\n\r\n\r\n<div class=\"wp-block-image\">\r\n<figure class=\"aligncenter size-large is-resized\"><img loading=\"lazy\" decoding=\"async\" class=\"wp-image-215\" src=\"https:\/\/schreibenpro.com\/de\/wp-content\/uploads\/kundenanschreiben-neuer-ansprechpartner-muster-vorlage.jpg\" alt=\"\" width=\"245\" height=\"391\" \/><\/figure>\r\n<\/div>\r\n\r\n\r\n\r\n<hr class=\"wp-block-separator has-alpha-channel-opacity\" \/>\r\n\r\n\r\n\r\n\r\n\r\n<div class=\"su-note\"  style=\"border-color:#e5e5e5;border-radius:10px;-moz-border-radius:10px;-webkit-border-radius:10px;\"><div class=\"su-note-inner su-u-clearfix su-u-trim\" style=\"background-color:#FFFFFF;border-color:#ffffff;color:#333333;border-radius:10px;-moz-border-radius:10px;-webkit-border-radius:10px;\">\r\n\r\n<section id=\"specialParagraph\"><p><strong>Einleitung:<\/strong><\/p> <p>Sehr geehrter Herr\/Frau [Nachname des Kunden],<\/p> <p>ich hoffe, diese Nachricht erreicht Sie in bester Gesundheit. Mein Name ist [Ihr Name] und ich freue mich, Ihnen mitteilen zu k\u00f6nnen, dass ich ab sofort Ihr neuer Ansprechpartner f\u00fcr [Firma\/Unternehmen] bin.<\/p>  <p><strong>Informationen \u00fcber Ihre Person:<\/strong><\/p> [Kurze Beschreibung Ihrer beruflichen Hintergrund\/Erfahrung] <p>Ich habe einen Bachelor-Abschluss in [Fachbereich] und habe in den letzten [Anzahl der Jahre] Jahren in der [Branche] gearbeitet. Ich bin hochmotiviert und freue mich darauf, Ihnen bei allen Fragen und Anliegen zur Seite zu stehen.<\/p>  <p><strong>Warum ein neuer Ansprechpartner?<\/strong><\/p> [Grund f\u00fcr den Wechsel des Ansprechpartners erkl\u00e4ren, z.B. Mitarbeiterwechsel, Umstrukturierung, etc.] <p>Wir bei [Firma\/Unternehmen] sind stets bestrebt, unseren Kunden den bestm\u00f6glichen Service zu bieten. Aus diesem Grund haben wir die Entscheidung getroffen, einen erfahrenen Mitarbeiter wie mich als Ihren neuen Ansprechpartner einzusetzen.<\/p>  <p><strong>Meine Verantwortlichkeiten:<\/strong><\/p> <ul> <li>Bearbeitung von Kundenanfragen und -auftr\u00e4gen<\/li> <li>Koordination mit verschiedenen Abteilungen, um sicherzustellen, dass Ihre Anliegen schnellstm\u00f6glich bearbeitet werden<\/li> <li>Erarbeitung von L\u00f6sungen f\u00fcr eventuelle Probleme oder Herausforderungen, mit denen Sie konfrontiert sind<\/li> <li>Regelm\u00e4\u00dfige Kommunikation und Updates zu neuen Produkten, Dienstleistungen oder relevanten Informationen aus unserem Unternehmen<\/li> <\/ul>  <p><strong>Wie k\u00f6nnen Sie mich kontaktieren?<\/strong><\/p> <p>Um sicherzustellen, dass Ihre Anfragen oder Anliegen schnell und effizient bearbeitet werden k\u00f6nnen, stehe ich Ihnen jederzeit zur Verf\u00fcgung. Sie k\u00f6nnen mich per E-Mail unter [Ihre E-Mail-Adresse] oder telefonisch unter [Ihre Telefonnummer] erreichen.<\/p>  <p><strong>Ausblick auf die Zusammenarbeit:<\/strong><\/p> <p>Ich bin zuversichtlich, dass wir eine erfolgreiche und langfristige Zusammenarbeit haben werden. Ich stehe Ihnen bei Fragen, Anregungen oder Problemen immer gerne zur Verf\u00fcgung und werde mein Bestes tun, um Ihnen zu helfen.<\/p>  <p><strong>Schluss:<\/strong><\/p> <p>Ich m\u00f6chte mich herzlich bei Ihnen bedanken und freue mich darauf, Sie in Zukunft besser kennenzulernen. Bitte z\u00f6gern Sie nicht, mich zu kontaktieren, wenn Sie Unterst\u00fctzung ben\u00f6tigen.<\/p> <p>Mit freundlichen Gr\u00fc\u00dfen,<\/p> [Ihr Name] [Ihre Position\/Abteilung] [Firma\/Unternehmen]  <p><strong>Anhang:<\/strong><\/p> [Optional: Falls relevant, k\u00f6nnen Sie hier zus\u00e4tzliche Informationen anh\u00e4ngen, wie z.B. relevante Brosch\u00fcren, Flyer oder Produktpr\u00e4sentationen.]<\/section><\/div><\/div>\r\n\r\n&nbsp;\r\n\r\n\r\n\r\n\r\n\r\n\r\n<p class=\"has-text-align-center\">Muster und Vorlage f\u00fcr <strong> Kundenanschreiben Neuer Ansprechpartner <\/strong> zur Erstellung und Anpassung im <strong>WORD<\/strong>\u2013 und <strong>PDF-Format<\/strong><\/p>\r\n\r\n\r\n<button id=\"generatePDF\">Erstellen (PDF &#8211; WORD)<\/button>\r\n\r\n\r\n\r\n<hr class=\"wp-block-separator has-alpha-channel-opacity\" \/>\r\n\r\n\r\n\r\n<p style=\"text-align: center;\"><strong>Kundenanschreiben Neuer Ansprechpartner<\/strong><\/p>\r\n\r\n<div class=\"wp-block-columns is-layout-flex wp-container-core-columns-is-layout-9d6595d7 wp-block-columns-is-layout-flex\">\r\n\r\n\r\n<div class=\"wp-block-column is-layout-flow wp-block-column-is-layout-flow\"><div class=\"su-button-center\"><a href=\"https:\/\/lphv.de\/filescms\/LPHV-Anschreiben-Kunden.pdf\" class=\"su-button su-button-style-flat\" style=\"color:#FFFFFF;background-color:#144bb6;border-color:#103c92;border-radius:1px\" target=\"_self\"><span style=\"color:#FFFFFF;padding:0px 24px;font-size:18px;line-height:36px;border-color:#5b81cc;border-radius:1px;text-shadow:none\">   PDF <\/span><\/a><\/div>\n<\/div>\r\n\r\n\r\n\r\n<div class=\"wp-block-column is-layout-flow wp-block-column-is-layout-flow\"><div class=\"su-button-center\"><a href=\"https:\/\/www.bdew.de\/media\/documents\/20220819_Musteranschreiben_Anpassung_LRV_Gas_KoV_XIII_final1.docx\" class=\"su-button su-button-style-flat\" style=\"color:#FFFFFF;background-color:#144bb6;border-color:#103c92;border-radius:1px\" target=\"_self\"><span style=\"color:#FFFFFF;padding:0px 24px;font-size:18px;line-height:36px;border-color:#5b81cc;border-radius:1px;text-shadow:none\">   DOC<\/span><\/a><\/div>\n<\/div>\r\n\r\n\r\n<\/div>\r\n\r\n\r\n\r\n<p style=\"text-align: center;\"><strong>Beispiele<\/strong><\/p>\r\n\r\n<div class=\"wp-block-columns is-layout-flex wp-container-core-columns-is-layout-9d6595d7 wp-block-columns-is-layout-flex\">\r\n\r\n\r\n<div class=\"wp-block-column is-layout-flow wp-block-column-is-layout-flow\"><div class=\"su-button-center\"><a href=\"https:\/\/lphv.de\/filescms\/LPHV-Anschreiben-Kunden.pdf\" class=\"su-button su-button-style-flat\" style=\"color:#FFFFFF;background-color:#144bb6;border-color:#103c92;border-radius:1px\" target=\"_self\"><span style=\"color:#FFFFFF;padding:0px 24px;font-size:18px;line-height:36px;border-color:#5b81cc;border-radius:1px;text-shadow:none\">  Beispiel &#8211; 1 <\/span><\/a><\/div>\n<\/div>\r\n\r\n\r\n\r\n<div class=\"wp-block-column is-layout-flow wp-block-column-is-layout-flow\"><div class=\"su-button-center\"><a href=\"https:\/\/www.kranz-medizintechnik.de\/fileadmin\/user_upload\/Anschreiben_Umfirmierung_20230104.pdf\" class=\"su-button su-button-style-flat\" style=\"color:#FFFFFF;background-color:#144bb6;border-color:#103c92;border-radius:1px\" target=\"_self\"><span style=\"color:#FFFFFF;padding:0px 24px;font-size:18px;line-height:36px;border-color:#5b81cc;border-radius:1px;text-shadow:none\">  Beispiel &#8211; 2 <\/span><\/a><\/div>\n<\/div>\r\n\r\n\r\n<\/div>\r\n\r\n\r\n<hr class=\"wp-block-separator has-alpha-channel-opacity\" \/>\r\n\r\n\r\n\r\n<div class=\"wp-block-columns is-layout-flex wp-container-core-columns-is-layout-9d6595d7 wp-block-columns-is-layout-flex\">\r\n\r\n\r\n<div class=\"wp-block-column is-layout-flow wp-block-column-is-layout-flow\"><div class=\"su-button-center\"><a href=\"https:\/\/kb-backhaus.de\/wp-content\/uploads\/Anschreiben-Umfirmierung-KB-1-1.pdf\" class=\"su-button su-button-style-flat\" style=\"color:#FFFFFF;background-color:#144bb6;border-color:#103c92;border-radius:1px\" target=\"_self\"><span style=\"color:#FFFFFF;padding:0px 24px;font-size:18px;line-height:36px;border-color:#5b81cc;border-radius:1px;text-shadow:none\">  Beispiel &#8211; 3 <\/span><\/a><\/div>\n<\/div>\r\n\r\n\r\n\r\n<div class=\"wp-block-column is-layout-flow wp-block-column-is-layout-flow\"><div class=\"su-button-center\"><a href=\"https:\/\/lphv.de\/filescms\/LPHV-Anschreiben-Kunden.pdf\" class=\"su-button su-button-style-flat\" style=\"color:#FFFFFF;background-color:#144bb6;border-color:#103c92;border-radius:1px\" target=\"_self\"><span style=\"color:#FFFFFF;padding:0px 24px;font-size:18px;line-height:36px;border-color:#5b81cc;border-radius:1px;text-shadow:none\">  Beispiel &#8211; 4 <\/span><\/a><\/div>\n<\/div>\r\n\r\n\r\n<\/div>\r\n\r\n\r\n<hr class=\"wp-block-separator has-alpha-channel-opacity\" \/>\r\n\r\n<!-- \/wp:post-content -->\r\n\r\n<!-- wp:table {\"align\":\"center\"} -->\r\n<figure class=\"wp-block-table aligncenter\">\r\n<table>\r\n<tbody>\r\n<tr>\r\n<td style=\"text-align: center;\">Kundenanschreiben Neuer Ansprechpartner<\/td>\r\n<\/tr>\r\n<tr>\r\n<td style=\"text-align: center;\">PDF &#8211; WORD Datei<\/td>\r\n<\/tr>\r\n<tr>\r\n<td style=\"text-align: center;\">Bewertung: \u2b50\u2b50\u2b50\u2b50\u2b50 4.6<\/td>\r\n<\/tr>\r\n<tr>\r\n<td style=\"text-align: center;\">Ergebnisse &#8211; 6954<\/td>\r\n<\/tr>\r\n<\/tbody>\r\n<\/table>\r\n<\/figure>\r\n<!-- \/wp:table -->\r\n\r\n<!-- wp:separator -->\r\n\r\n<hr class=\"wp-block-separator has-alpha-channel-opacity\" \/>\r\n\r\n<!-- \/wp:separator -->\r\n\r\n<div class=\"su-note\"  style=\"border-color:#e5e5e5;border-radius:10px;-moz-border-radius:10px;-webkit-border-radius:10px;\"><div class=\"su-note-inner su-u-clearfix su-u-trim\" style=\"background-color:#FFFFFF;border-color:#ffffff;color:#333333;border-radius:10px;-moz-border-radius:10px;-webkit-border-radius:10px;\">\r\n\r\n<p><strong>Einf\u00fchrung:<\/strong><\/p>  <p>Ein Kundenanschreiben an einen neuen Ansprechpartner ist eine wichtige M\u00f6glichkeit, um eine gesch\u00e4ftliche Beziehung zu etablieren und aufrechtzuerhalten. Es ist wichtig, dass der Brief gut strukturiert, pr\u00e4zise und professionell ist, um einen positiven Eindruck zu hinterlassen.<\/p>  <p><strong>Schritt 1: Kontaktaufnahme:<\/strong><\/p>  <p>Beginnen Sie den Brief mit einer h\u00f6flichen Begr\u00fc\u00dfung und einer kurzen Vorstellung Ihrer Firma. Geben Sie den Namen des neuen Ansprechpartners an, an den das Schreiben gerichtet ist.<\/p>  <p>Beispiel:<\/p>  <p>Sehr geehrter Herr\/Frau [Name des Ansprechpartners],<\/p>  <p>Ich hoffe, dass diese Einf\u00fchrung Sie bei bester Gesundheit erreicht. Mein Name ist [Ihr Name] und ich arbeite f\u00fcr [Ihre Firma].<\/p>  <p><strong>Schritt 2: Erste Eindr\u00fccke:<\/strong><\/p>  <p>Beschreiben Sie kurz den Zweck des Schreibens und den Grund f\u00fcr die Kontaktaufnahme. Nutzen Sie diese Gelegenheit, um die gemeinsamen Interessen oder Ziele zu betonen und dem Ansprechpartner einen Grund zu geben, weiterzulesen.<\/p>  <p>Beispiel:<\/p>  <p>Ich schreibe Ihnen, um Ihnen als neuer Ansprechpartner bei [Ihre Firma] mein Anliegen vorzustellen. Unsere Unternehmen haben gemeinsame Interessen in [Bereich\/Industrie], und ich bin zuversichtlich, dass wir durch eine Zusammenarbeit unsere Ziele erreichen k\u00f6nnen.<\/p>  <p><strong>Schritt 3: Vorstellung Ihrer Firma:<\/strong><\/p>  <p>Geben Sie eine detaillierte Beschreibung Ihrer Firma, Produkte oder Dienstleistungen. Machen Sie deutlich, warum Ihre Firma ein wertvoller Partner f\u00fcr den Empf\u00e4nger ist.<\/p>  <p>Beispiel:<\/p>  [Ihre Firma] ist ein renommiertes Unternehmen, das sich auf [Beschreibung Ihrer Firma\/Produkte\/Dienstleistungen] spezialisiert hat. Wir sind stolz darauf, [wertvolle Eigenschaften Ihrer Firma] anzubieten und haben bereits erfolgreich mit Unternehmen wie [Referenzkunden] zusammengearbeitet.<\/p>  <p><strong>Schritt 4: Gemeinsame Vorteile:<\/strong><\/p>  <p>Betonen Sie die Vorteile einer Zusammenarbeit f\u00fcr beide Parteien. Zeigen Sie dem Ansprechpartner, wie Ihr Unternehmen ihm helfen kann und welche Chancen sich daraus ergeben.<\/p>  <p>Beispiel:<\/p>  <p>Ich bin \u00fcberzeugt davon, dass eine Kooperation zwischen [Ihre Firma] und [Empf\u00e4ngerfirma] f\u00fcr beide Seiten von gro\u00dfem Nutzen sein kann. Durch unsere Produkte\/Dienstleistungen k\u00f6nnen wir Ihnen helfen, [Vorteile f\u00fcr den Empf\u00e4nger] zu erreichen und Ihnen einen Wettbewerbsvorteil zu verschaffen.<\/p>  <p><strong>Schritt 5: Handlungsaufforderung:<\/strong><\/p>  <p>Fordern Sie den Ansprechpartner auf, eine bestimmte Handlung vorzunehmen, wie z.B. eine R\u00fcckmeldung zu geben oder einen Termin f\u00fcr ein pers\u00f6nliches Treffen zu vereinbaren.<\/p>  <p>Beispiel:<\/p>  <p>Ich w\u00fcrde mich freuen, die Gelegenheit zu einem pers\u00f6nlichen Gespr\u00e4ch zu haben, um weitere Einzelheiten zu besprechen. Bitte lassen Sie mich wissen, ob Ihnen ein Termin in den kommenden Wochen zusagen w\u00fcrde.<\/p>  <p><strong>Schritt 6: H\u00f6flicher Abschluss:<\/strong><\/p>  <p>Bedenken Sie, dass sich der Abschluss des Briefes h\u00f6flich und professionell gestalten sollte. Bedanken Sie sich f\u00fcr die Aufmerksamkeit des Ansprechpartners und geben Sie Ihre Kontaktdaten an.<\/p>  <p>Beispiel:<\/p>  <p>Vielen Dank im Voraus f\u00fcr Ihre Zeit und \u00dcberlegung. Ich freue mich darauf, von Ihnen zu h\u00f6ren. Sie k\u00f6nnen mich telefonisch unter [Telefonnummer] oder per E-Mail unter [E-Mail-Adresse] erreichen.<\/p>  <p>Mit freundlichen Gr\u00fc\u00dfen,<\/p>  [Ihr Name]  <p><strong>Zus\u00e4tzliche Tipps:<\/strong><\/p>  <p>&#8211; Verwenden Sie einen professionellen Ton und vermeiden Sie umgangssprachliche Ausdr\u00fccke.<\/p> <p>&#8211; Verwenden Sie klare und pr\u00e4zise Sprache, um Missverst\u00e4ndnisse zu vermeiden.<\/p> <p>&#8211; Halten Sie den Brief auf eine angemessene L\u00e4nge und strukturieren Sie ihn mit Abs\u00e4tzen.<\/p> <p>&#8211; Beachten Sie die richtige Rechtschreibung und Grammatik.<\/p> <p>&#8211; Passen Sie den Brief an den Empf\u00e4nger und seine Firmenkultur an.<\/p>  <p>Indem Sie diese Tipps und Beispiele befolgen, werden Sie in der Lage sein, ein effektives und professionelles Kundenanschreiben an einen neuen Ansprechpartner zu verfassen.<\/p>\r\n\r\n<\/div><\/div>\r\n\r\n<!-- wp:separator -->\r\n\r\n<hr class=\"wp-block-separator has-alpha-channel-opacity\" \/>","protected":false},"excerpt":{"rendered":"<p>Vorlage und Muster f\u00fcr Kundenanschreiben Neuer Ansprechpartner &#8211; Erstellung und Ausf\u00fcllen &#8211; \u00d6ffnen im WORD und PDF Datei und Online &#8230; <\/p>\n<p class=\"read-more-container\"><a title=\"\u00d6ffnen &#8211; Kundenanschreiben Neuer Ansprechpartner\" class=\"read-more button\" href=\"https:\/\/schreibenpro.com\/de\/kundenanschreiben-neuer-ansprechpartner-offnen\/#more-713\" aria-label=\"Mehr zu \u00d6ffnen &#8211; Kundenanschreiben Neuer Ansprechpartner\">\u00d6FFNEN <\/a><\/p>\n","protected":false},"author":1,"featured_media":0,"parent":0,"menu_order":0,"comment_status":"closed","ping_status":"closed","template":"","meta":{"footnotes":""},"class_list":{"0":"post-713","1":"page","2":"type-page","3":"status-publish","5":"infinite-scroll-item"},"yoast_head":"<!-- This site is optimized with the Yoast SEO plugin v24.6 - https:\/\/yoast.com\/wordpress\/plugins\/seo\/ -->\n<title>\u00d6ffnen - Kundenanschreiben Neuer Ansprechpartner - Schreiben PRO<\/title>\n<meta name=\"robots\" content=\"noindex, follow\" \/>\n<meta property=\"og:locale\" content=\"de_DE\" \/>\n<meta property=\"og:type\" content=\"article\" \/>\n<meta property=\"og:title\" content=\"\u00d6ffnen - Kundenanschreiben Neuer Ansprechpartner - Schreiben PRO\" \/>\n<meta property=\"og:description\" content=\"Vorlage und Muster f\u00fcr Kundenanschreiben Neuer Ansprechpartner &#8211; Erstellung und Ausf\u00fcllen &#8211; \u00d6ffnen im WORD und PDF Datei und Online ... \u00d6FFNEN\" \/>\n<meta property=\"og:url\" content=\"https:\/\/schreibenpro.com\/de\/kundenanschreiben-neuer-ansprechpartner-offnen\/\" \/>\n<meta property=\"og:site_name\" content=\"Schreiben PRO\" \/>\n<meta property=\"og:image\" content=\"https:\/\/schreibenpro.com\/de\/wp-content\/uploads\/kundenanschreiben-neuer-ansprechpartner-muster-vorlage.jpg\" \/>\n<meta name=\"twitter:card\" content=\"summary_large_image\" \/>\n<meta name=\"twitter:label1\" content=\"Gesch\u00e4tzte Lesezeit\" \/>\n\t<meta name=\"twitter:data1\" content=\"1\u00a0Minute\" \/>\n<!-- \/ Yoast SEO plugin. -->","yoast_head_json":{"title":"\u00d6ffnen - Kundenanschreiben Neuer Ansprechpartner - Schreiben PRO","robots":{"index":"noindex","follow":"follow"},"og_locale":"de_DE","og_type":"article","og_title":"\u00d6ffnen - Kundenanschreiben Neuer Ansprechpartner - Schreiben PRO","og_description":"Vorlage und Muster f\u00fcr Kundenanschreiben Neuer Ansprechpartner &#8211; Erstellung und Ausf\u00fcllen &#8211; \u00d6ffnen im WORD und PDF Datei und Online ... \u00d6FFNEN","og_url":"https:\/\/schreibenpro.com\/de\/kundenanschreiben-neuer-ansprechpartner-offnen\/","og_site_name":"Schreiben PRO","og_image":[{"url":"https:\/\/schreibenpro.com\/de\/wp-content\/uploads\/kundenanschreiben-neuer-ansprechpartner-muster-vorlage.jpg","type":"","width":"","height":""}],"twitter_card":"summary_large_image","twitter_misc":{"Gesch\u00e4tzte Lesezeit":"1\u00a0Minute"},"schema":{"@context":"https:\/\/schema.org","@graph":[{"@type":"WebPage","@id":"https:\/\/schreibenpro.com\/de\/kundenanschreiben-neuer-ansprechpartner-offnen\/","url":"https:\/\/schreibenpro.com\/de\/kundenanschreiben-neuer-ansprechpartner-offnen\/","name":"\u00d6ffnen - Kundenanschreiben Neuer Ansprechpartner - Schreiben PRO","isPartOf":{"@id":"https:\/\/schreibenpro.com\/de\/#website"},"primaryImageOfPage":{"@id":"https:\/\/schreibenpro.com\/de\/kundenanschreiben-neuer-ansprechpartner-offnen\/#primaryimage"},"image":{"@id":"https:\/\/schreibenpro.com\/de\/kundenanschreiben-neuer-ansprechpartner-offnen\/#primaryimage"},"thumbnailUrl":"https:\/\/schreibenpro.com\/de\/wp-content\/uploads\/kundenanschreiben-neuer-ansprechpartner-muster-vorlage.jpg","datePublished":"2023-12-18T08:25:47+00:00","breadcrumb":{"@id":"https:\/\/schreibenpro.com\/de\/kundenanschreiben-neuer-ansprechpartner-offnen\/#breadcrumb"},"inLanguage":"de","potentialAction":[{"@type":"ReadAction","target":["https:\/\/schreibenpro.com\/de\/kundenanschreiben-neuer-ansprechpartner-offnen\/"]}]},{"@type":"ImageObject","inLanguage":"de","@id":"https:\/\/schreibenpro.com\/de\/kundenanschreiben-neuer-ansprechpartner-offnen\/#primaryimage","url":"https:\/\/schreibenpro.com\/de\/wp-content\/uploads\/anschreiben-zum-angebot-muster-vorlage.jpg","contentUrl":"https:\/\/schreibenpro.com\/de\/wp-content\/uploads\/anschreiben-zum-angebot-muster-vorlage.jpg","width":1410,"height":2250},{"@type":"BreadcrumbList","@id":"https:\/\/schreibenpro.com\/de\/kundenanschreiben-neuer-ansprechpartner-offnen\/#breadcrumb","itemListElement":[{"@type":"ListItem","position":1,"name":"Portada","item":"https:\/\/schreibenpro.com\/de\/"},{"@type":"ListItem","position":2,"name":"\u00d6ffnen &#8211; Kundenanschreiben Neuer Ansprechpartner"}]},{"@type":"WebSite","@id":"https:\/\/schreibenpro.com\/de\/#website","url":"https:\/\/schreibenpro.com\/de\/","name":"Schreiben PRO","description":"Muster und Vorlage","publisher":{"@id":"https:\/\/schreibenpro.com\/de\/#organization"},"potentialAction":[{"@type":"SearchAction","target":{"@type":"EntryPoint","urlTemplate":"https:\/\/schreibenpro.com\/de\/?s={search_term_string}"},"query-input":{"@type":"PropertyValueSpecification","valueRequired":true,"valueName":"search_term_string"}}],"inLanguage":"de"},{"@type":"Organization","@id":"https:\/\/schreibenpro.com\/de\/#organization","name":"Schreiben PRO","url":"https:\/\/schreibenpro.com\/de\/","logo":{"@type":"ImageObject","inLanguage":"de","@id":"https:\/\/schreibenpro.com\/de\/#\/schema\/logo\/image\/","url":"https:\/\/schreibenpro.com\/de\/wp-content\/uploads\/cropped-fav.png","contentUrl":"https:\/\/schreibenpro.com\/de\/wp-content\/uploads\/cropped-fav.png","width":512,"height":512,"caption":"Schreiben PRO"},"image":{"@id":"https:\/\/schreibenpro.com\/de\/#\/schema\/logo\/image\/"}}]}},"_links":{"self":[{"href":"https:\/\/schreibenpro.com\/de\/wp-json\/wp\/v2\/pages\/713","targetHints":{"allow":["GET"]}}],"collection":[{"href":"https:\/\/schreibenpro.com\/de\/wp-json\/wp\/v2\/pages"}],"about":[{"href":"https:\/\/schreibenpro.com\/de\/wp-json\/wp\/v2\/types\/page"}],"author":[{"embeddable":true,"href":"https:\/\/schreibenpro.com\/de\/wp-json\/wp\/v2\/users\/1"}],"replies":[{"embeddable":true,"href":"https:\/\/schreibenpro.com\/de\/wp-json\/wp\/v2\/comments?post=713"}],"version-history":[{"count":0,"href":"https:\/\/schreibenpro.com\/de\/wp-json\/wp\/v2\/pages\/713\/revisions"}],"wp:attachment":[{"href":"https:\/\/schreibenpro.com\/de\/wp-json\/wp\/v2\/media?parent=713"}],"curies":[{"name":"wp","href":"https:\/\/api.w.org\/{rel}","templated":true}]}}