{"id":715,"date":"2023-12-18T08:25:48","date_gmt":"2023-12-18T08:25:48","guid":{"rendered":"https:\/\/schreibenpro.com\/de\/begrusssungsschreiben-neue-mitarbeiter-offnen\/"},"modified":"2023-12-18T08:25:48","modified_gmt":"2023-12-18T08:25:48","slug":"begrusssungsschreiben-neue-mitarbeiter-offnen","status":"publish","type":"page","link":"https:\/\/schreibenpro.com\/de\/begrusssungsschreiben-neue-mitarbeiter-offnen\/","title":{"rendered":"\u00d6ffnen &#8211; Begr\u00fc\u00dfungsschreiben Neue Mitarbeiter"},"content":{"rendered":"\r\n<p class=\"has-text-align-center\">Muster und Vorlage f\u00fcr <strong> Begr\u00fc\u00dfungsschreiben Neue Mitarbeiter<\/strong> &#8211; Ausf\u00fcllen und Erstellung  &#8211; \u00d6ffnen im <strong>WORD und PDF<\/strong> Datei und Online<\/p>\r\n\r\n\r\n\r\n\r\n<div class=\"wp-block-image\">\r\n<figure class=\"aligncenter size-large is-resized\"><img loading=\"lazy\" decoding=\"async\" class=\"wp-image-215\" src=\"https:\/\/schreibenpro.com\/de\/wp-content\/uploads\/begrusssungsschreiben-neue-mitarbeiter-muster-vorlage.jpg\" alt=\"\" width=\"245\" height=\"391\" \/><\/figure>\r\n<\/div>\r\n\r\n\r\n\r\n<hr class=\"wp-block-separator has-alpha-channel-opacity\" \/>\r\n\r\n\r\n\r\n\r\n\r\n<div class=\"su-note\"  style=\"border-color:#e5e5e5;border-radius:10px;-moz-border-radius:10px;-webkit-border-radius:10px;\"><div class=\"su-note-inner su-u-clearfix su-u-trim\" style=\"background-color:#FFFFFF;border-color:#ffffff;color:#333333;border-radius:10px;-moz-border-radius:10px;-webkit-border-radius:10px;\">\r\n\r\n<section id=\"specialParagraph\"><p><strong>Einleitung:<\/strong><\/p>  <p>Liebe\/r [Name des neuen Mitarbeiters],<\/p>  <p>ich freue mich, dich im Namen des gesamten [Firmenname]-Teams herzlich willkommen zu hei\u00dfen. Mit diesem Schreiben m\u00f6chte ich dir nicht nur unsere Freude \u00fcber deine Entscheidung, unserem Unternehmen beizutreten, mitteilen, sondern dir auch einige wichtige Informationen geben, die dir den Einstieg erleichtern sollen.<\/p>  <p><strong>Vorstellung des Unternehmens:<\/strong><\/p>  <p>Falls du noch nicht mit unserer Firma vertraut bist, m\u00f6chte ich dir einen kurzen \u00dcberblick \u00fcber uns geben. [Firmenname] ist ein f\u00fchrendes Unternehmen in der [Branche] mit \u00fcber [Anzahl] Jahren Erfahrung. Wir sind stolz darauf, unseren Kunden innovative L\u00f6sungen und erstklassigen Service zu bieten.<\/p>  <p><strong>Unsere Unternehmenskultur:<\/strong><\/p>  <p>Bei [Firmenname] legen wir gro\u00dfen Wert auf Teamarbeit, Kreativit\u00e4t und offene Kommunikation. Wir glauben daran, ein positives Arbeitsumfeld zu schaffen, in dem alle Mitarbeiter ihr volles Potenzial entfalten k\u00f6nnen. Unser Ziel ist es, ein Unternehmen zu sein, in dem sich jeder Einzelne wertgesch\u00e4tzt und respektiert f\u00fchlt.<\/p>  <p><strong>Einf\u00fchrung ins Team:<\/strong><\/p>  <p>Du wirst Teil des [Abteilungsname]-Teams sein, das sich aus hochqualifizierten und motivierten Mitarbeitern zusammensetzt. Dein Vorgesetzter ist [Name des Vorgesetzten] und du wirst eng mit [Name eines Teamkollegen] zusammenarbeiten, der dir beim Einstieg behilflich sein wird. Unser Team ist bekannt f\u00fcr seine Zusammenarbeit und Unterst\u00fctzung, daher z\u00f6gere nicht, bei Fragen auf uns zuzukommen.<\/p>  <p><strong>Erwartungen und Verantwortlichkeiten:<\/strong><\/p>  <p>Als neuer Mitarbeiter erwarten wir von dir, dass du dich schnell in das Team integrierst und einen positiven Beitrag zur Erreichung unserer Ziele leistest. Du wirst spezifische Aufgaben und Verantwortlichkeiten haben, die im Rahmen eines Orientierungsprogramms ausf\u00fchrlich erl\u00e4utert werden. Wir sind zuversichtlich, dass deine F\u00e4higkeiten und Kenntnisse einen wertvollen Beitrag zu unserem Erfolg leisten werden.<\/p>  <p><strong>Arbeitsumgebung und -zeiten:<\/strong><\/p>  <p>Unsere Arbeitszeiten sind von [Startzeit] bis [Endzeit] von [Anzahl] bis [Anzahl] Uhr. Wir haben auch flexible Arbeitszeiten, sofern es die Art der Arbeit zul\u00e4sst. Unser B\u00fcro ist mit modernster Technologie ausgestattet und bietet dir ein komfortables und produktives Arbeitsumfeld.<\/p>  <p><strong>Personalabteilung und Ansprechpartner:<\/strong><\/p>  <p>Solltest du Fragen zu administrativen Angelegenheiten haben, wie beispielsweise Krankenversicherung, Urlaubsantr\u00e4ge oder Gehaltsabrechnungen, steht dir unsere Personalabteilung gerne zur Verf\u00fcgung. Dein Ansprechpartner ist [Name des Ansprechpartners] und er\/sie wird dir bei allen Anliegen behilflich sein.<\/p>  <p><strong>Weitere Informationen:<\/strong><\/p>  <p>Bitte beachte, dass du in den n\u00e4chsten Tagen weitere Informationen per E-Mail erhalten wirst, darunter auch Einzelheiten zu deinem ersten Arbeitstag, dem B\u00fcrogeb\u00e4ude und dem Parken. Wir m\u00f6chten sicherstellen, dass du einen reibungslosen Start hast und dich von Anfang an wohl f\u00fchlst.<\/p>  <p><strong>Schluss:<\/strong><\/p>  <p>Nochmals hei\u00dfe ich dich herzlich willkommen im Team von [Firmenname]. Wir freuen uns darauf, mit dir zusammenzuarbeiten und gemeinsam unsere Ziele zu erreichen. Wenn du vor deinem ersten Arbeitstag Fragen hast, z\u00f6gere nicht, dich an mich oder unsere Personalabteilung zu wenden.<\/p>  <p>Mit freundlichen Gr\u00fc\u00dfen,<\/p>  [Dein Name]  <p><strong>Anhang:<\/strong><\/p>  [Optional: Liste der Dokumente, die dem Begr\u00fc\u00dfungsschreiben beigef\u00fcgt sind, z. B. Handbuch, Unternehmensrichtlinien, Sicherheitsma\u00dfnahmen, etc.]<\/section><\/div><\/div>\r\n\r\n&nbsp;\r\n\r\n\r\n\r\n\r\n\r\n\r\n<p class=\"has-text-align-center\">Vorlage und Muster f\u00fcr <strong> Begr\u00fc\u00dfungsschreiben Neue Mitarbeiter <\/strong> zur Anpassung und Erstellung  im <strong>WORD<\/strong>\u2013 und <strong>PDF-Format<\/strong><\/p>\r\n\r\n\r\n<button id=\"generatePDF\">Erstellen (PDF &#8211; WORD)<\/button>\r\n\r\n\r\n\r\n<hr class=\"wp-block-separator has-alpha-channel-opacity\" \/>\r\n\r\n\r\n\r\n<p style=\"text-align: center;\"><strong>Begr\u00fc\u00dfungsschreiben Neue Mitarbeiter<\/strong><\/p>\r\n\r\n<div class=\"wp-block-columns is-layout-flex wp-container-core-columns-is-layout-9d6595d7 wp-block-columns-is-layout-flex\">\r\n\r\n\r\n<div class=\"wp-block-column is-layout-flow wp-block-column-is-layout-flow\"><div class=\"su-button-center\"><a href=\"https:\/\/f.hubspotusercontent40.net\/hubfs\/2688240\/DE%20resource%20library\/DE%20checklists%20and%20templates\/Vorlage%20fu%CC%88r%20Begru%CC%88%C3%9Fungsschreiben%20an%20neue%20Mitarbeiter*innen%20%7C%20Recruitee.pdf?utm_source=Bloh&#038;utm_medium=Content&#038;utm_campaign=DE%20resource%20library\" class=\"su-button su-button-style-flat\" style=\"color:#FFFFFF;background-color:#144bb6;border-color:#103c92;border-radius:1px\" target=\"_self\"><span style=\"color:#FFFFFF;padding:0px 24px;font-size:18px;line-height:36px;border-color:#5b81cc;border-radius:1px;text-shadow:none\">   PDF <\/span><\/a><\/div>\n<\/div>\r\n\r\n\r\n\r\n<div class=\"wp-block-column is-layout-flow wp-block-column-is-layout-flow\"><div class=\"su-button-center\"><a href=\"https:\/\/www.umg.eu\/fileadmin\/user_upload\/___Materialien_zur_praktischen_Nutzung_der_Leitlinie_2017.docx\" class=\"su-button su-button-style-flat\" style=\"color:#FFFFFF;background-color:#144bb6;border-color:#103c92;border-radius:1px\" target=\"_self\"><span style=\"color:#FFFFFF;padding:0px 24px;font-size:18px;line-height:36px;border-color:#5b81cc;border-radius:1px;text-shadow:none\">   DOC<\/span><\/a><\/div>\n<\/div>\r\n\r\n\r\n<\/div>\r\n\r\n\r\n\r\n<p style=\"text-align: center;\"><strong>Beispiele<\/strong><\/p>\r\n\r\n<div class=\"wp-block-columns is-layout-flex wp-container-core-columns-is-layout-9d6595d7 wp-block-columns-is-layout-flex\">\r\n\r\n\r\n<div class=\"wp-block-column is-layout-flow wp-block-column-is-layout-flow\"><div class=\"su-button-center\"><a href=\"https:\/\/f.hubspotusercontent40.net\/hubfs\/2688240\/DE%20resource%20library\/DE%20checklists%20and%20templates\/Vorlage%20fu%CC%88r%20Begru%CC%88%C3%9Fungsschreiben%20an%20neue%20Mitarbeiter*innen%20%7C%20Recruitee.pdf?utm_source=Bloh&#038;utm_medium=Content&#038;utm_campaign=DE%20resource%20library\" class=\"su-button su-button-style-flat\" style=\"color:#FFFFFF;background-color:#144bb6;border-color:#103c92;border-radius:1px\" target=\"_self\"><span style=\"color:#FFFFFF;padding:0px 24px;font-size:18px;line-height:36px;border-color:#5b81cc;border-radius:1px;text-shadow:none\">  Beispiel &#8211; 1 <\/span><\/a><\/div>\n<\/div>\r\n\r\n\r\n\r\n<div class=\"wp-block-column is-layout-flow wp-block-column-is-layout-flow\"><div class=\"su-button-center\"><a href=\"https:\/\/www.belegungsichern.de\/downloads\/AH_07_2017_PERSONALMANAGEMENT_Schoeffler_v.pdf\" class=\"su-button su-button-style-flat\" style=\"color:#FFFFFF;background-color:#144bb6;border-color:#103c92;border-radius:1px\" target=\"_self\"><span style=\"color:#FFFFFF;padding:0px 24px;font-size:18px;line-height:36px;border-color:#5b81cc;border-radius:1px;text-shadow:none\">  Beispiel &#8211; 2 <\/span><\/a><\/div>\n<\/div>\r\n\r\n\r\n<\/div>\r\n\r\n\r\n<hr class=\"wp-block-separator has-alpha-channel-opacity\" \/>\r\n\r\n\r\n\r\n<div class=\"wp-block-columns is-layout-flex wp-container-core-columns-is-layout-9d6595d7 wp-block-columns-is-layout-flex\">\r\n\r\n\r\n<div class=\"wp-block-column is-layout-flow wp-block-column-is-layout-flow\"><div class=\"su-button-center\"><a href=\"https:\/\/communico.de\/pdf\/fachartikel\/Communico-Fachartikel-Mahsa-Der-perfekte-erste-Arbeitstag.pdf\" class=\"su-button su-button-style-flat\" style=\"color:#FFFFFF;background-color:#144bb6;border-color:#103c92;border-radius:1px\" target=\"_self\"><span style=\"color:#FFFFFF;padding:0px 24px;font-size:18px;line-height:36px;border-color:#5b81cc;border-radius:1px;text-shadow:none\">  Beispiel &#8211; 3 <\/span><\/a><\/div>\n<\/div>\r\n\r\n\r\n\r\n<div class=\"wp-block-column is-layout-flow wp-block-column-is-layout-flow\"><div class=\"su-button-center\"><a href=\"https:\/\/f.hubspotusercontent40.net\/hubfs\/2688240\/DE%20resource%20library\/DE%20checklists%20and%20templates\/Vorlage%20fu%CC%88r%20Begru%CC%88%C3%9Fungsschreiben%20an%20neue%20Mitarbeiter*innen%20%7C%20Recruitee.pdf?utm_source=Bloh&#038;utm_medium=Content&#038;utm_campaign=DE%20resource%20library\" class=\"su-button su-button-style-flat\" style=\"color:#FFFFFF;background-color:#144bb6;border-color:#103c92;border-radius:1px\" target=\"_self\"><span style=\"color:#FFFFFF;padding:0px 24px;font-size:18px;line-height:36px;border-color:#5b81cc;border-radius:1px;text-shadow:none\">  Beispiel &#8211; 4 <\/span><\/a><\/div>\n<\/div>\r\n\r\n\r\n<\/div>\r\n\r\n\r\n<hr class=\"wp-block-separator has-alpha-channel-opacity\" \/>\r\n\r\n<!-- \/wp:post-content -->\r\n\r\n<!-- wp:table {\"align\":\"center\"} -->\r\n<figure class=\"wp-block-table aligncenter\">\r\n<table>\r\n<tbody>\r\n<tr>\r\n<td style=\"text-align: center;\">Begr\u00fc\u00dfungsschreiben Neue Mitarbeiter<\/td>\r\n<\/tr>\r\n<tr>\r\n<td style=\"text-align: center;\">PDF &#8211; WORD Datei<\/td>\r\n<\/tr>\r\n<tr>\r\n<td style=\"text-align: center;\">Bewertung: \u2b50\u2b50\u2b50\u2b50\u2b50 4.19<\/td>\r\n<\/tr>\r\n<tr>\r\n<td style=\"text-align: center;\">Ergebnisse &#8211; 5124<\/td>\r\n<\/tr>\r\n<\/tbody>\r\n<\/table>\r\n<\/figure>\r\n<!-- \/wp:table -->\r\n\r\n<!-- wp:separator -->\r\n\r\n<hr class=\"wp-block-separator has-alpha-channel-opacity\" \/>\r\n\r\n<!-- \/wp:separator -->\r\n\r\n<div class=\"su-note\"  style=\"border-color:#e5e5e5;border-radius:10px;-moz-border-radius:10px;-webkit-border-radius:10px;\"><div class=\"su-note-inner su-u-clearfix su-u-trim\" style=\"background-color:#FFFFFF;border-color:#ffffff;color:#333333;border-radius:10px;-moz-border-radius:10px;-webkit-border-radius:10px;\">\r\n\r\n<p>Ein Begr\u00fc\u00dfungsschreiben f\u00fcr neue Mitarbeiter ist eine wichtige M\u00f6glichkeit, den neuen Mitarbeiter willkommen zu hei\u00dfen und ihm einen positiven Eindruck vom Unternehmen zu vermitteln. In dieser Anleitung werden die verschiedenen Schritte und Bestandteile dieses Briefes ausf\u00fchrlich erl\u00e4utert, einschlie\u00dflich wichtiger \u00dcberlegungen zur formalen Gestaltung und zum Aufbau eines effektiven Schreibens.<\/p>  <h3>Schritt 1: Einleitung<\/h3> <p>Im ersten Abschnitt des Begr\u00fc\u00dfungsschreibens sollten Sie den neuen Mitarbeiter herzlich willkommen hei\u00dfen und ihm gratulieren, dass er Teil des Unternehmens geworden ist. Sie k\u00f6nnen seine Position und den Starttermin angeben und ihm mitteilen, wie sehr Sie sich auf eine erfolgreiche Zusammenarbeit freuen. Verwenden Sie dabei eine freundliche und positive Sprache. <\/p>  <h3>Beispiel:<\/h3> <p><strong>Sehr geehrter Herr\/Frau [Nachname des Mitarbeiters],<\/strong><\/p> <p>herzlichen Gl\u00fcckwunsch zu Ihrer neuen Position als [Position] bei [Unternehmen]. Wir freuen uns, Sie ab dem [Startdatum] in unserem Team begr\u00fc\u00dfen zu d\u00fcrfen. <\/p> <p>Bei [Unternehmen] werden Sie die M\u00f6glichkeit haben, an spannenden Projekten teilzunehmen und Ihr Fachwissen optimal einzubringen. Wir sind zuversichtlich, dass Ihre F\u00e4higkeiten und Erfahrungen einen wertvollen Beitrag zu unserem Unternehmen leisten werden.<\/p>  <h3>Schritt 2: Hauptteil<\/h3> <p>Im Hauptteil des Begr\u00fc\u00dfungsschreibens k\u00f6nnen Sie dem neuen Mitarbeiter einen \u00dcberblick \u00fcber das Unternehmen geben. Stellen Sie ihm die wichtigsten Abteilungen, Produkte oder Services vor, damit er sich schnell zurechtfinden kann. Betonen Sie dabei die Unternehmenswerte und das Engagement f\u00fcr Kundenzufriedenheit.<\/p>  <h3>Beispiel:<\/h3> <p><strong>Unser Unternehmen:<\/strong><\/p> <p>Bei [Unternehmen] legen wir gro\u00dfen Wert auf [Unternehmenswert 1], [Unternehmenswert 2] und [Unternehmenswert 3]. Unser Ziel ist es, unseren Kunden stets hochwertige Produkte und exzellenten Kundenservice anzubieten. Wir sind stolz darauf, dass unser Unternehmen seit [Gr\u00fcndungsjahr] erfolgreich am Markt ist und kontinuierlich w\u00e4chst.<\/p>  <p><strong>Unsere Abteilungen:<\/strong><\/p> <p>Unser Unternehmen besteht aus verschiedenen Abteilungen, darunter [Abteilung 1], [Abteilung 2] und [Abteilung 3]. Jede Abteilung spielt eine wichtige Rolle bei der Erreichung unserer Unternehmensziele. Sie werden in der [Abteilung des Mitarbeiters] t\u00e4tig sein, wo Sie an Projekten wie [Projekt 1] und [Projekt 2] mitwirken werden.<\/p>  <h3>Schritt 3: Schluss<\/h3> <p>Im abschlie\u00dfenden Teil des Begr\u00fc\u00dfungsschreibens k\u00f6nnen Sie dem Mitarbeiter nochmals Ihre Vorfreude auf die Zusammenarbeit ausdr\u00fccken. Bieten Sie ihm Ihre Unterst\u00fctzung an und geben Sie ihm Informationen zu seinem ersten Arbeitstag und den n\u00e4chsten Schritten.<\/p>  <h3>Beispiel:<\/h3> <p>Wir freuen uns bereits sehr auf die Zusammenarbeit mit Ihnen und darauf, gemeinsam an spannenden und erfolgreichen Projekten zu arbeiten. Wenn Sie vor Ihrem ersten Arbeitstag Fragen haben oder weitere Informationen ben\u00f6tigen, z\u00f6gern Sie bitte nicht, mich zu kontaktieren. <\/p> <p>Bitte erscheinen Sie am [Startdatum] um [Uhrzeit] in [Geb\u00e4ude\/Raumnummer]. Bringen Sie bitte Ihren Personalausweis sowie alle relevanten Dokumente mit. Unsere Empfangsmitarbeiter werden Sie dann zu Ihrem Arbeitsplatz begleiten und Ihnen alle weiteren Informationen geben.<\/p>  <p>Nochmals herzlichen Gl\u00fcckwunsch zu Ihrer neuen Position bei [Unternehmen]. Wir sind begeistert, Sie in unserem Team willkommen zu hei\u00dfen und sind zuversichtlich, dass Sie eine wertvolle Bereicherung unseres Unternehmens sind.<\/p>  <p>Mit freundlichen Gr\u00fc\u00dfen,<\/p> [Ihr Name] [Ihre Position]  <h3>Wichtige \u00dcberlegungen zur formalen Gestaltung:<\/h3> <p>Bei der formalen Gestaltung des Begr\u00fc\u00dfungsschreibens f\u00fcr neue Mitarbeiter sollten Sie folgende Punkte beachten:<\/p>  <dl> <dt>Schriftart und Schriftgr\u00f6\u00dfe:<\/dt> <dd>Verwenden Sie eine professionelle Schriftart wie Arial, Times New Roman oder Calibri in einer angemessenen Schriftgr\u00f6\u00dfe (z.B. 12pt).<\/dd>  <dt>Betreffzeile:<\/dt> <dd>Die Betreffzeile sollte pr\u00e4zise und aussagekr\u00e4ftig sein. Verwenden Sie zum Beispiel &#8220;Begr\u00fc\u00dfungsschreiben: [Name des Mitarbeiters] &#8211; [Position]&#8221;.<\/dd>  <dt>Formatierung:<\/dt> <dd>Gliedern Sie Ihren Text in Abs\u00e4tzen und verwenden Sie Leerzeilen zwischen den Abschnitten. Benutzen Sie auch Fettdruck oder Kursivschrift, um wichtige Informationen hervorzuheben.<\/dd>  <dt>Unterschrift:<\/dt> <dd>Unterzeichnen Sie das Begr\u00fc\u00dfungsschreiben handschriftlich, bevor Sie es scannen oder drucken. Alternativ k\u00f6nnen Sie auch eine digitale Unterschrift verwenden.<\/dd> <\/dl>  <h3><\/h3> <p>Ein Begr\u00fc\u00dfungsschreiben f\u00fcr neue Mitarbeiter ist eine gro\u00dfartige M\u00f6glichkeit, den neuen Mitarbeiter willkommen zu hei\u00dfen und ihm einen positiven Eindruck vom Unternehmen zu vermitteln. Indem Sie die obigen Tipps und Beispiele befolgen, k\u00f6nnen Sie ein effektives Begr\u00fc\u00dfungsschreiben verfassen, das den neuen Mitarbeiter motiviert und auf eine erfolgreiche Zusammenarbeit einstimmt.<\/p>\r\n\r\n<\/div><\/div>\r\n\r\n<!-- wp:separator -->\r\n\r\n<hr class=\"wp-block-separator has-alpha-channel-opacity\" \/>","protected":false},"excerpt":{"rendered":"<p>Muster und Vorlage f\u00fcr Begr\u00fc\u00dfungsschreiben Neue Mitarbeiter &#8211; Ausf\u00fcllen und Erstellung &#8211; \u00d6ffnen im WORD und PDF Datei und Online &#8230; <\/p>\n<p class=\"read-more-container\"><a title=\"\u00d6ffnen &#8211; Begr\u00fc\u00dfungsschreiben Neue Mitarbeiter\" class=\"read-more button\" href=\"https:\/\/schreibenpro.com\/de\/begrusssungsschreiben-neue-mitarbeiter-offnen\/#more-715\" aria-label=\"Mehr zu \u00d6ffnen &#8211; Begr\u00fc\u00dfungsschreiben Neue Mitarbeiter\">\u00d6FFNEN <\/a><\/p>\n","protected":false},"author":1,"featured_media":0,"parent":0,"menu_order":0,"comment_status":"closed","ping_status":"closed","template":"","meta":{"footnotes":""},"class_list":{"0":"post-715","1":"page","2":"type-page","3":"status-publish","5":"infinite-scroll-item"},"yoast_head":"<!-- This site is optimized with the Yoast SEO plugin v24.6 - https:\/\/yoast.com\/wordpress\/plugins\/seo\/ -->\n<title>\u00d6ffnen - Begr\u00fc\u00dfungsschreiben Neue Mitarbeiter - Schreiben PRO<\/title>\n<meta name=\"robots\" content=\"noindex, follow\" \/>\n<meta property=\"og:locale\" content=\"de_DE\" \/>\n<meta property=\"og:type\" content=\"article\" \/>\n<meta property=\"og:title\" content=\"\u00d6ffnen - Begr\u00fc\u00dfungsschreiben Neue Mitarbeiter - Schreiben PRO\" \/>\n<meta property=\"og:description\" content=\"Muster und Vorlage f\u00fcr Begr\u00fc\u00dfungsschreiben Neue Mitarbeiter &#8211; Ausf\u00fcllen und Erstellung &#8211; \u00d6ffnen im WORD und PDF Datei und Online ... \u00d6FFNEN\" \/>\n<meta property=\"og:url\" content=\"https:\/\/schreibenpro.com\/de\/begrusssungsschreiben-neue-mitarbeiter-offnen\/\" \/>\n<meta property=\"og:site_name\" content=\"Schreiben PRO\" \/>\n<meta property=\"og:image\" content=\"https:\/\/schreibenpro.com\/de\/wp-content\/uploads\/begrusssungsschreiben-neue-mitarbeiter-muster-vorlage.jpg\" \/>\n<meta name=\"twitter:card\" content=\"summary_large_image\" \/>\n<meta name=\"twitter:label1\" content=\"Gesch\u00e4tzte Lesezeit\" \/>\n\t<meta name=\"twitter:data1\" content=\"1\u00a0Minute\" \/>\n<!-- \/ Yoast SEO plugin. -->","yoast_head_json":{"title":"\u00d6ffnen - Begr\u00fc\u00dfungsschreiben Neue Mitarbeiter - Schreiben PRO","robots":{"index":"noindex","follow":"follow"},"og_locale":"de_DE","og_type":"article","og_title":"\u00d6ffnen - Begr\u00fc\u00dfungsschreiben Neue Mitarbeiter - Schreiben PRO","og_description":"Muster und Vorlage f\u00fcr Begr\u00fc\u00dfungsschreiben Neue Mitarbeiter &#8211; Ausf\u00fcllen und Erstellung &#8211; \u00d6ffnen im WORD und PDF Datei und Online ... \u00d6FFNEN","og_url":"https:\/\/schreibenpro.com\/de\/begrusssungsschreiben-neue-mitarbeiter-offnen\/","og_site_name":"Schreiben PRO","og_image":[{"url":"https:\/\/schreibenpro.com\/de\/wp-content\/uploads\/begrusssungsschreiben-neue-mitarbeiter-muster-vorlage.jpg","type":"","width":"","height":""}],"twitter_card":"summary_large_image","twitter_misc":{"Gesch\u00e4tzte Lesezeit":"1\u00a0Minute"},"schema":{"@context":"https:\/\/schema.org","@graph":[{"@type":"WebPage","@id":"https:\/\/schreibenpro.com\/de\/begrusssungsschreiben-neue-mitarbeiter-offnen\/","url":"https:\/\/schreibenpro.com\/de\/begrusssungsschreiben-neue-mitarbeiter-offnen\/","name":"\u00d6ffnen - Begr\u00fc\u00dfungsschreiben Neue Mitarbeiter - Schreiben PRO","isPartOf":{"@id":"https:\/\/schreibenpro.com\/de\/#website"},"primaryImageOfPage":{"@id":"https:\/\/schreibenpro.com\/de\/begrusssungsschreiben-neue-mitarbeiter-offnen\/#primaryimage"},"image":{"@id":"https:\/\/schreibenpro.com\/de\/begrusssungsschreiben-neue-mitarbeiter-offnen\/#primaryimage"},"thumbnailUrl":"https:\/\/schreibenpro.com\/de\/wp-content\/uploads\/begrusssungsschreiben-neue-mitarbeiter-muster-vorlage.jpg","datePublished":"2023-12-18T08:25:48+00:00","breadcrumb":{"@id":"https:\/\/schreibenpro.com\/de\/begrusssungsschreiben-neue-mitarbeiter-offnen\/#breadcrumb"},"inLanguage":"de","potentialAction":[{"@type":"ReadAction","target":["https:\/\/schreibenpro.com\/de\/begrusssungsschreiben-neue-mitarbeiter-offnen\/"]}]},{"@type":"ImageObject","inLanguage":"de","@id":"https:\/\/schreibenpro.com\/de\/begrusssungsschreiben-neue-mitarbeiter-offnen\/#primaryimage","url":"https:\/\/schreibenpro.com\/de\/wp-content\/uploads\/anschreiben-zum-angebot-muster-vorlage.jpg","contentUrl":"https:\/\/schreibenpro.com\/de\/wp-content\/uploads\/anschreiben-zum-angebot-muster-vorlage.jpg","width":1410,"height":2250},{"@type":"BreadcrumbList","@id":"https:\/\/schreibenpro.com\/de\/begrusssungsschreiben-neue-mitarbeiter-offnen\/#breadcrumb","itemListElement":[{"@type":"ListItem","position":1,"name":"Portada","item":"https:\/\/schreibenpro.com\/de\/"},{"@type":"ListItem","position":2,"name":"\u00d6ffnen &#8211; Begr\u00fc\u00dfungsschreiben Neue Mitarbeiter"}]},{"@type":"WebSite","@id":"https:\/\/schreibenpro.com\/de\/#website","url":"https:\/\/schreibenpro.com\/de\/","name":"Schreiben PRO","description":"Muster und Vorlage","publisher":{"@id":"https:\/\/schreibenpro.com\/de\/#organization"},"potentialAction":[{"@type":"SearchAction","target":{"@type":"EntryPoint","urlTemplate":"https:\/\/schreibenpro.com\/de\/?s={search_term_string}"},"query-input":{"@type":"PropertyValueSpecification","valueRequired":true,"valueName":"search_term_string"}}],"inLanguage":"de"},{"@type":"Organization","@id":"https:\/\/schreibenpro.com\/de\/#organization","name":"Schreiben PRO","url":"https:\/\/schreibenpro.com\/de\/","logo":{"@type":"ImageObject","inLanguage":"de","@id":"https:\/\/schreibenpro.com\/de\/#\/schema\/logo\/image\/","url":"https:\/\/schreibenpro.com\/de\/wp-content\/uploads\/cropped-fav.png","contentUrl":"https:\/\/schreibenpro.com\/de\/wp-content\/uploads\/cropped-fav.png","width":512,"height":512,"caption":"Schreiben PRO"},"image":{"@id":"https:\/\/schreibenpro.com\/de\/#\/schema\/logo\/image\/"}}]}},"_links":{"self":[{"href":"https:\/\/schreibenpro.com\/de\/wp-json\/wp\/v2\/pages\/715","targetHints":{"allow":["GET"]}}],"collection":[{"href":"https:\/\/schreibenpro.com\/de\/wp-json\/wp\/v2\/pages"}],"about":[{"href":"https:\/\/schreibenpro.com\/de\/wp-json\/wp\/v2\/types\/page"}],"author":[{"embeddable":true,"href":"https:\/\/schreibenpro.com\/de\/wp-json\/wp\/v2\/users\/1"}],"replies":[{"embeddable":true,"href":"https:\/\/schreibenpro.com\/de\/wp-json\/wp\/v2\/comments?post=715"}],"version-history":[{"count":0,"href":"https:\/\/schreibenpro.com\/de\/wp-json\/wp\/v2\/pages\/715\/revisions"}],"wp:attachment":[{"href":"https:\/\/schreibenpro.com\/de\/wp-json\/wp\/v2\/media?parent=715"}],"curies":[{"name":"wp","href":"https:\/\/api.w.org\/{rel}","templated":true}]}}