{"id":716,"date":"2023-12-18T08:25:49","date_gmt":"2023-12-18T08:25:49","guid":{"rendered":"https:\/\/schreibenpro.com\/de\/tk-heil-und-kostenplan-einreichen-anschreiben-offnen\/"},"modified":"2023-12-18T08:25:49","modified_gmt":"2023-12-18T08:25:49","slug":"tk-heil-und-kostenplan-einreichen-anschreiben-offnen","status":"publish","type":"page","link":"https:\/\/schreibenpro.com\/de\/tk-heil-und-kostenplan-einreichen-anschreiben-offnen\/","title":{"rendered":"\u00d6ffnen &#8211; Tk Heil- Und Kostenplan Einreichen Anschreiben"},"content":{"rendered":"\r\n<p class=\"has-text-align-center\">Muster und Vorlage f\u00fcr <strong> Tk Heil- Und Kostenplan Einreichen Anschreiben<\/strong> &#8211; Ausf\u00fcllen und Erstellung  &#8211; \u00d6ffnen im <strong>WORD  PDF<\/strong> Datei und Online<\/p>\r\n\r\n\r\n\r\n\r\n<div class=\"wp-block-image\">\r\n<figure class=\"aligncenter size-large is-resized\"><img loading=\"lazy\" decoding=\"async\" class=\"wp-image-215\" src=\"https:\/\/schreibenpro.com\/de\/wp-content\/uploads\/tk-heil--und-kostenplan-einreichen-anschreiben-muster-vorlage.jpg\" alt=\"\" width=\"245\" height=\"391\" \/><\/figure>\r\n<\/div>\r\n\r\n\r\n\r\n<hr class=\"wp-block-separator has-alpha-channel-opacity\" \/>\r\n\r\n\r\n\r\n\r\n\r\n<div class=\"su-note\"  style=\"border-color:#e5e5e5;border-radius:10px;-moz-border-radius:10px;-webkit-border-radius:10px;\"><div class=\"su-note-inner su-u-clearfix su-u-trim\" style=\"background-color:#FFFFFF;border-color:#ffffff;color:#333333;border-radius:10px;-moz-border-radius:10px;-webkit-border-radius:10px;\">\r\n\r\n<section id=\"specialParagraph\"><p><strong>EINLEITUNG:<\/strong><\/p>  <p>Sehr geehrte Damen und Herren,<\/p>  <p>hiermit reiche ich meinen Tk Heil- und Kostenplan ein und m\u00f6chte um Genehmigung f\u00fcr die geplante Behandlung bitten. Nach Absprache mit meinem Zahnarzt habe ich einen detaillierten Kostenplan erstellt, der alle notwendigen Ma\u00dfnahmen zur Wiederherstellung meiner Zahngesundheit enth\u00e4lt.<\/p>  <p><strong>BEHANDLUNGSBESCHREIBUNG:<\/strong><\/p>  <p>Im Folgenden finden Sie eine detaillierte Auflistung der geplanten Behandlungsschritte:<\/p>  <dt><strong>Zahnexamen:<\/strong><\/dt> <dd>&#8211; Untersuchung der aktuellen Zahngesundheit<\/dd> <dd>&#8211; Feststellung der vorhandenen Probleme und Behandlungsbedarf<\/dd>  <dt><strong>Zahnaufhellung:<\/strong><\/dt> <dd>&#8211; Professionelle Zahnaufhellung zur Verbesserung des \u00e4sthetischen Erscheinungsbildes<\/dd>  <dt><strong>Kariesbehandlung:<\/strong><\/dt> <dd>&#8211; Entfernung von Karies und F\u00fcllung der betroffenen Z\u00e4hne<\/dd>  <dt><strong>Zahnersatz:<\/strong><\/dt> <dd>&#8211; Kronen und Br\u00fccken zur Wiederherstellung von besch\u00e4digten Z\u00e4hnen<\/dd>  <dt><strong>Parodontalbehandlung:<\/strong><\/dt> <dd>&#8211; Behandlung von Zahnfleischerkrankungen und Reinigung der Zahnfleischtaschen<\/dd>  <p><strong>KOSTEN\u00dcBERSICHT:<\/strong><\/p>  <p>Der Gesamtkostenplan f\u00fcr die oben genannten Behandlungsschritte betr\u00e4gt <strong>XYZ Euro<\/strong>. Die Kosten setzen sich wie folgt zusammen:<\/p>  <dt><strong>Zahnexamen:<\/strong><\/dt> <dd>&#8211; Kosten: XYZ Euro<\/dd>  <dt><strong>Zahnaufhellung:<\/strong><\/dt> <dd>&#8211; Kosten: XYZ Euro<\/dd>  <dt><strong>Kariesbehandlung:<\/strong><\/dt> <dd>&#8211; Kosten: XYZ Euro<\/dd>  <dt><strong>Zahnersatz:<\/strong><\/dt> <dd>&#8211; Kosten: XYZ Euro<\/dd>  <dt><strong>Parodontalbehandlung:<\/strong><\/dt> <dd>&#8211; Kosten: XYZ Euro<\/dd>  <p>Ich bitte Sie, den Heil- und Kostenplan zu \u00fcberpr\u00fcfen und ihn zeitnah zu genehmigen, da ich mich bereits in einem fortgeschrittenen Stadium der Zahnerkrankung befinde, die dringend behandelt werden muss. Es ist mir bewusst, dass einige der geplanten Ma\u00dfnahmen nicht von der Krankenkasse abgedeckt werden und daher privat finanziert werden m\u00fcssen. Ich bin jedoch bereit, die entstehenden Kosten zu tragen, um meine Zahngesundheit wiederherzustellen.<\/p>  <p><strong>ABSCHLUSS:<\/strong><\/p>  <p>Ich bedanke mich im Voraus f\u00fcr Ihre schnelle Bearbeitung meines Antrags und stehe Ihnen gerne zur Verf\u00fcgung, sollten weitere Informationen oder Unterlagen ben\u00f6tigt werden. Ich bitte Sie h\u00f6flich darum, mir die Genehmigung des Heil- und Kostenplans schriftlich zukommen zu lassen.<\/p>  <p>Mit freundlichen Gr\u00fc\u00dfen,<\/p>  <p>Ihr Name<\/p>  <p><strong>Anlagen:<\/strong><\/p>  <p>&#8211; Heil- und Kostenplan<\/p>  <p>&#8211; Unterlagen des behandelnden Zahnarztes (R\u00f6ntgenbilder, Befunde)<\/p>  <p>&#8211; Kopie der Versichertenkarte<\/p><\/section><\/div><\/div>\r\n\r\n&nbsp;\r\n\r\n\r\n\r\n\r\n\r\n\r\n<p class=\"has-text-align-center\">Muster und Vorlage f\u00fcr <strong> Tk Heil- Und Kostenplan Einreichen Anschreiben <\/strong> zur Erstellung und Anpassung im <strong>WORD<\/strong>\u2013 und <strong>PDF-Format<\/strong><\/p>\r\n\r\n\r\n<button id=\"generatePDF\">Erstellen (PDF &#8211; WORD)<\/button>\r\n\r\n\r\n\r\n<hr class=\"wp-block-separator has-alpha-channel-opacity\" \/>\r\n\r\n\r\n\r\n<p style=\"text-align: center;\"><strong>Tk Heil- Und Kostenplan Einreichen Anschreiben<\/strong><\/p>\r\n\r\n<div class=\"wp-block-columns is-layout-flex wp-container-core-columns-is-layout-9d6595d7 wp-block-columns-is-layout-flex\">\r\n\r\n\r\n<div class=\"wp-block-column is-layout-flow wp-block-column-is-layout-flow\"><div class=\"su-button-center\"><a href=\"https:\/\/www.tk.de\/resource\/blob\/2010348\/aa0f0e9153a9a23f97ffe9e216324747\/zuschuss-zum-eigenanteil-zahnersatz-data.pdf\" class=\"su-button su-button-style-flat\" style=\"color:#FFFFFF;background-color:#144bb6;border-color:#103c92;border-radius:1px\" target=\"_self\"><span style=\"color:#FFFFFF;padding:0px 24px;font-size:18px;line-height:36px;border-color:#5b81cc;border-radius:1px;text-shadow:none\">   PDF <\/span><\/a><\/div>\n<\/div>\r\n\r\n\r\n\r\n<div class=\"wp-block-column is-layout-flow wp-block-column-is-layout-flow\"><div class=\"su-button-center\"><a href=\"https:\/\/www.tk.de\/resource\/blob\/2010348\/aa0f0e9153a9a23f97ffe9e216324747\/zuschuss-zum-eigenanteil-zahnersatz-data.pdf\" class=\"su-button su-button-style-flat\" style=\"color:#FFFFFF;background-color:#144bb6;border-color:#103c92;border-radius:1px\" target=\"_self\"><span style=\"color:#FFFFFF;padding:0px 24px;font-size:18px;line-height:36px;border-color:#5b81cc;border-radius:1px;text-shadow:none\">   DOC<\/span><\/a><\/div>\n<\/div>\r\n\r\n\r\n<\/div>\r\n\r\n\r\n\r\n<p style=\"text-align: center;\"><strong>Beispiele<\/strong><\/p>\r\n\r\n<div class=\"wp-block-columns is-layout-flex wp-container-core-columns-is-layout-9d6595d7 wp-block-columns-is-layout-flex\">\r\n\r\n\r\n<div class=\"wp-block-column is-layout-flow wp-block-column-is-layout-flow\"><div class=\"su-button-center\"><a href=\"https:\/\/www.tk.de\/resource\/blob\/2010348\/aa0f0e9153a9a23f97ffe9e216324747\/zuschuss-zum-eigenanteil-zahnersatz-data.pdf\" class=\"su-button su-button-style-flat\" style=\"color:#FFFFFF;background-color:#144bb6;border-color:#103c92;border-radius:1px\" target=\"_self\"><span style=\"color:#FFFFFF;padding:0px 24px;font-size:18px;line-height:36px;border-color:#5b81cc;border-radius:1px;text-shadow:none\">  Beispiel &#8211; 1 <\/span><\/a><\/div>\n<\/div>\r\n\r\n\r\n\r\n<div class=\"wp-block-column is-layout-flow wp-block-column-is-layout-flow\"><div class=\"su-button-center\"><a href=\"https:\/\/www.rawenzel.de\/files\/rawenzel.de\/dokumente\/downloads\/mustervorlage-kostenuebernahmeantrag.pdf\" class=\"su-button su-button-style-flat\" style=\"color:#FFFFFF;background-color:#144bb6;border-color:#103c92;border-radius:1px\" target=\"_self\"><span style=\"color:#FFFFFF;padding:0px 24px;font-size:18px;line-height:36px;border-color:#5b81cc;border-radius:1px;text-shadow:none\">  Beispiel &#8211; 2 <\/span><\/a><\/div>\n<\/div>\r\n\r\n\r\n<\/div>\r\n\r\n\r\n<hr class=\"wp-block-separator has-alpha-channel-opacity\" \/>\r\n\r\n\r\n\r\n<div class=\"wp-block-columns is-layout-flex wp-container-core-columns-is-layout-9d6595d7 wp-block-columns-is-layout-flex\">\r\n\r\n\r\n<div class=\"wp-block-column is-layout-flow wp-block-column-is-layout-flow\"><div class=\"su-button-center\"><a href=\"https:\/\/www.bundesgesundheitsministerium.de\/fileadmin\/Dateien\/5_Publikationen\/Gesundheit\/Berichte\/Abschlussbericht_Studie_Leistungsablehnungen_durch_Krankenkassen.pdf\" class=\"su-button su-button-style-flat\" style=\"color:#FFFFFF;background-color:#144bb6;border-color:#103c92;border-radius:1px\" target=\"_self\"><span style=\"color:#FFFFFF;padding:0px 24px;font-size:18px;line-height:36px;border-color:#5b81cc;border-radius:1px;text-shadow:none\">  Beispiel &#8211; 3 <\/span><\/a><\/div>\n<\/div>\r\n\r\n\r\n\r\n<div class=\"wp-block-column is-layout-flow wp-block-column-is-layout-flow\"><div class=\"su-button-center\"><a href=\"https:\/\/www.tk.de\/resource\/blob\/2010348\/aa0f0e9153a9a23f97ffe9e216324747\/zuschuss-zum-eigenanteil-zahnersatz-data.pdf\" class=\"su-button su-button-style-flat\" style=\"color:#FFFFFF;background-color:#144bb6;border-color:#103c92;border-radius:1px\" target=\"_self\"><span style=\"color:#FFFFFF;padding:0px 24px;font-size:18px;line-height:36px;border-color:#5b81cc;border-radius:1px;text-shadow:none\">  Beispiel &#8211; 4 <\/span><\/a><\/div>\n<\/div>\r\n\r\n\r\n<\/div>\r\n\r\n\r\n<hr class=\"wp-block-separator has-alpha-channel-opacity\" \/>\r\n\r\n<!-- \/wp:post-content -->\r\n\r\n<!-- wp:table {\"align\":\"center\"} -->\r\n<figure class=\"wp-block-table aligncenter\">\r\n<table>\r\n<tbody>\r\n<tr>\r\n<td style=\"text-align: center;\">Tk Heil- Und Kostenplan Einreichen Anschreiben<\/td>\r\n<\/tr>\r\n<tr>\r\n<td style=\"text-align: center;\">PDF &#8211; WORD Datei<\/td>\r\n<\/tr>\r\n<tr>\r\n<td style=\"text-align: center;\">Bewertung: \u2b50\u2b50\u2b50\u2b50\u2b50 4.22<\/td>\r\n<\/tr>\r\n<tr>\r\n<td style=\"text-align: center;\">Ergebnisse &#8211; 3040<\/td>\r\n<\/tr>\r\n<\/tbody>\r\n<\/table>\r\n<\/figure>\r\n<!-- \/wp:table -->\r\n\r\n<!-- wp:separator -->\r\n\r\n<hr class=\"wp-block-separator has-alpha-channel-opacity\" \/>\r\n\r\n<!-- \/wp:separator -->\r\n\r\n<div class=\"su-note\"  style=\"border-color:#e5e5e5;border-radius:10px;-moz-border-radius:10px;-webkit-border-radius:10px;\"><div class=\"su-note-inner su-u-clearfix su-u-trim\" style=\"background-color:#FFFFFF;border-color:#ffffff;color:#333333;border-radius:10px;-moz-border-radius:10px;-webkit-border-radius:10px;\">\r\n\r\n<p>Ein Tk Heil- und Kostenplan Einreichen Anschreiben ist ein formeller Brief, der an Ihre Krankenkasse geschickt wird, um Ihren Heil- und Kostenplan zur Genehmigung einzureichen. In diesem Anschreiben erkl\u00e4ren Sie Ihre medizinische Situation und bitten um die \u00dcbernahme der Kosten f\u00fcr Ihre geplante Behandlung.<\/p>  <p>Ein gut geschriebenes Anschreiben ist wichtig, um Ihre Sache effektiv zu pr\u00e4sentieren und sicherzustellen, dass Ihre Krankenkasse alle erforderlichen Informationen erh\u00e4lt. In dieser Anleitung werden wir Ihnen zeigen, wie Sie Ihr Tk Heil- und Kostenplan Einreichen Anschreiben optimal verfassen k\u00f6nnen.<\/p>  <p><strong>Schritt 1: Formale Gestaltung<\/strong><\/p>  <p>Beginnen Sie Ihr Anschreiben, indem Sie Ihren Namen und Ihre Kontaktdaten oben links auf der Seite angeben. Darunter sollten Sie das Datum des Schreibens angeben. Auf der rechten Seite geben Sie den Namen und die Adresse Ihrer Krankenkasse an. Verwenden Sie f\u00fcr das Anschreiben eine professionelle Schriftart wie Arial oder Times New Roman und eine Schriftgr\u00f6\u00dfe von 12 Punkten.<\/p>  <p><strong>Beispiel:<\/strong><\/p>  <p>Ihr Name<\/p> <p>Ihre Adresse<\/p> <p>Ihre Stadt, PLZ<\/p> <p>Ihre Telefonnummer<\/p> <p>Ihr E-Mail-Adresse<\/p>  <p>Datum des Schreibens<\/p>  <p>Name der Krankenkasse<\/p> <p>Adresse der Krankenkasse<\/p> <p>Stadt, PLZ der Krankenkasse<\/p>  <p><strong>Schritt 2: Betreffzeile<\/strong><\/p>  <p>In der Betreffzeile geben Sie klar an, um was es in Ihrem Anschreiben geht. Verwenden Sie eine pr\u00e4zise und informative Betreffzeile, um das Interesse des Empf\u00e4ngers zu wecken und ihm eine erste Vorstellung davon zu geben, worum es in Ihrem Schreiben geht.<\/p>  <p><strong>Beispiel:<\/strong><\/p>  <p>Betreff: Einreichung eines Tk Heil- und Kostenplans<\/p>  <p><strong>Schritt 3: Anrede<\/strong><\/p>  <p>Verwenden Sie eine h\u00f6fliche und professionelle Anrede, um Ihr Anschreiben zu beginnen. Falls Sie den Namen des Ansprechpartners bei Ihrer Krankenkasse kennen, verwenden Sie diesen. Andernfalls k\u00f6nnen Sie mit &#8220;Sehr geehrtes Team der Krankenkasse&#8221; oder &#8220;Sehr geehrte Damen und Herren&#8221; beginnen.<\/p>  <p><strong>Beispiel:<\/strong><\/p>  <p>Sehr geehrte Damen und Herren,<\/p>  <p><strong>Schritt 4: Einleitung<\/strong><\/p>  <p>Ihre Einleitung sollte den Zweck Ihres Anschreibens klar und pr\u00e4gnant erkl\u00e4ren. Geben Sie an, dass Sie Ihren Tk Heil- und Kostenplan einreichen m\u00f6chten und erkl\u00e4ren Sie, welche Behandlung Sie planen und warum Sie diese ben\u00f6tigen. Zeigen Sie Ihr Verst\u00e4ndnis f\u00fcr den Genehmigungsprozess und dass Sie alle erforderlichen Unterlagen beigef\u00fcgt haben.<\/p>  <p><strong>Beispiel:<\/strong><\/p>  <p>Ich reiche hiermit meinen Tk Heil- und Kostenplan f\u00fcr die geplante [Behandlung] ein. Meine behandelnde \u00c4rztin, Frau [Name der \u00c4rztin], hat mir diese Behandlung dringend empfohlen, da sie f\u00fcr eine erfolgreiche Genesung unbedingt erforderlich ist. Ich habe alle erforderlichen Unterlagen beigef\u00fcgt und bitte Sie h\u00f6flich um Pr\u00fcfung und Genehmigung meines Heil- und Kostenplans.<\/p>  <p><strong>Schritt 5: Hauptteil<\/strong><\/p>  <p>Im Hauptteil Ihres Anschreibens sollten Sie detaillierte Informationen zu Ihrer medizinischen Situation und zu der geplanten Behandlung geben. Erkl\u00e4ren Sie, warum diese Behandlung notwendig ist und welche Vorteile sie f\u00fcr Ihre Gesundheit haben wird. Zeigen Sie, dass Sie sich umfassend informiert haben und alle erforderlichen Schritte unternommen haben.<\/p>  <p><strong>Beispiel:<\/strong><\/p>  <p>Mein Arzt hat festgestellt, dass die geplante [Behandlung] f\u00fcr meine Genesung von entscheidender Bedeutung ist. Ohne diese Behandlung besteht ein hohes Risiko f\u00fcr [Komplikationen\/Beeintr\u00e4chtigungen]. Ich habe mich umfassend \u00fcber die Behandlung informiert und auch andere Expertenmeinungen dazu eingeholt. Alle medizinischen Unterlagen Ihrer Anfrage habe ich beigef\u00fcgt.<\/p>  <p><strong>Schritt 6: Schluss<\/strong><\/p>  <p>In Ihrem Schluss sollten Sie nochmals Ihre Bitte um Genehmigung des Heil- und Kostenplans wiederholen und sich f\u00fcr die Zeit und Aufmerksamkeit bedanken, die die Krankenkasse Ihrem Anliegen widmet. Geben Sie an, dass Sie auf eine positive R\u00fcckmeldung hoffen und dass Sie f\u00fcr weitere Informationen und Fragen zur Verf\u00fcgung stehen.<\/p>  <p><strong>Beispiel:<\/strong><\/p>  <p>Ich danke Ihnen herzlich f\u00fcr Ihre Zeit und Aufmerksamkeit und hoffe auf eine positive R\u00fcckmeldung. Ich stehe Ihnen gerne zur Verf\u00fcgung, falls noch weitere Informationen oder Unterlagen ben\u00f6tigt werden. Bitte teilen Sie mir auch mit, ob es noch etwas gibt, das ich tun kann, um den Genehmigungsprozess zu unterst\u00fctzen.<\/p>  <p><strong>Tipps f\u00fcr das Verfassen Ihres Tk Heil- und Kostenplan Einreichen Anschreibens:<\/strong><\/p>  <dt><strong>&#8211; Seien Sie pr\u00e4zise und ausf\u00fchrlich:<\/strong><\/dt> <dd>Erkl\u00e4ren Sie Ihre medizinische Situation und die geplante Behandlung so detailliert wie m\u00f6glich, um sicherzustellen, dass die Krankenkasse alle erforderlichen Informationen erh\u00e4lt.<\/dd>  <dt><strong>&#8211; Verwenden Sie eine professionelle Sprache:<\/strong><\/dt> <dd>Verwenden Sie eine h\u00f6fliche und respektvolle Ausdrucksweise. Bleiben Sie sachlich und vermeiden Sie emotionale Ausdr\u00fccke.<\/dd>  <dt><strong>&#8211; F\u00fcgen Sie alle erforderlichen Unterlagen bei:<\/strong><\/dt> <dd>Stellen Sie sicher, dass Sie alle medizinischen Unterlagen, einschlie\u00dflich des Heil- und Kostenplans, Ihrem Anschreiben beif\u00fcgen, um den Genehmigungsprozess zu erleichtern.<\/dd>  <dt><strong>&#8211; Folgen Sie den Anweisungen Ihrer Krankenkasse:<\/strong><\/dt> <dd>Lesen Sie sorgf\u00e4ltig die Anweisungen Ihrer Krankenkasse zum Einreichen des Heil- und Kostenplans und stellen Sie sicher, dass Sie alle erforderlichen Schritte befolgen.<\/dd>  <dt><strong>&#8211; \u00dcberpr\u00fcfen Sie Ihr Anschreiben sorgf\u00e4ltig:<\/strong><\/dt> <dd>Lesen Sie Ihr Anschreiben sorgf\u00e4ltig Korrektur und stellen Sie sicher, dass alle Informationen korrekt und vollst\u00e4ndig sind, bevor Sie es absenden.<\/dd>  <p>Mit diesen Tipps und Beispielen sind Sie nun bestens vorbereitet, um Ihr Tk Heil- und Kostenplan Einreichen Anschreiben zu verfassen. Viel Erfolg bei Ihrer Anfrage!<\/p>\r\n\r\n<\/div><\/div>\r\n\r\n<!-- wp:separator -->\r\n\r\n<hr class=\"wp-block-separator has-alpha-channel-opacity\" \/>","protected":false},"excerpt":{"rendered":"<p>Muster und Vorlage f\u00fcr Tk Heil- Und Kostenplan Einreichen Anschreiben &#8211; Ausf\u00fcllen und Erstellung &#8211; \u00d6ffnen im WORD PDF Datei &#8230; <\/p>\n<p class=\"read-more-container\"><a title=\"\u00d6ffnen &#8211; Tk Heil- Und Kostenplan Einreichen Anschreiben\" class=\"read-more button\" href=\"https:\/\/schreibenpro.com\/de\/tk-heil-und-kostenplan-einreichen-anschreiben-offnen\/#more-716\" aria-label=\"Mehr zu \u00d6ffnen &#8211; Tk Heil- Und Kostenplan Einreichen Anschreiben\">\u00d6FFNEN <\/a><\/p>\n","protected":false},"author":1,"featured_media":0,"parent":0,"menu_order":0,"comment_status":"closed","ping_status":"closed","template":"","meta":{"footnotes":""},"class_list":{"0":"post-716","1":"page","2":"type-page","3":"status-publish","5":"infinite-scroll-item"},"yoast_head":"<!-- This site is optimized with the Yoast SEO plugin v24.6 - https:\/\/yoast.com\/wordpress\/plugins\/seo\/ -->\n<title>\u00d6ffnen - Tk Heil- Und Kostenplan Einreichen Anschreiben - Schreiben PRO<\/title>\n<meta name=\"robots\" content=\"noindex, follow\" \/>\n<meta property=\"og:locale\" content=\"de_DE\" \/>\n<meta property=\"og:type\" content=\"article\" \/>\n<meta property=\"og:title\" content=\"\u00d6ffnen - Tk Heil- Und Kostenplan Einreichen Anschreiben - Schreiben PRO\" \/>\n<meta property=\"og:description\" content=\"Muster und Vorlage f\u00fcr Tk Heil- Und Kostenplan Einreichen Anschreiben &#8211; Ausf\u00fcllen und Erstellung &#8211; \u00d6ffnen im WORD PDF Datei ... \u00d6FFNEN\" \/>\n<meta property=\"og:url\" content=\"https:\/\/schreibenpro.com\/de\/tk-heil-und-kostenplan-einreichen-anschreiben-offnen\/\" \/>\n<meta property=\"og:site_name\" content=\"Schreiben PRO\" \/>\n<meta property=\"og:image\" content=\"https:\/\/schreibenpro.com\/de\/wp-content\/uploads\/tk-heil--und-kostenplan-einreichen-anschreiben-muster-vorlage.jpg\" \/>\n<meta name=\"twitter:card\" content=\"summary_large_image\" \/>\n<meta name=\"twitter:label1\" content=\"Gesch\u00e4tzte Lesezeit\" \/>\n\t<meta name=\"twitter:data1\" content=\"1\u00a0Minute\" \/>\n<!-- \/ Yoast SEO plugin. -->","yoast_head_json":{"title":"\u00d6ffnen - Tk Heil- Und Kostenplan Einreichen Anschreiben - Schreiben PRO","robots":{"index":"noindex","follow":"follow"},"og_locale":"de_DE","og_type":"article","og_title":"\u00d6ffnen - Tk Heil- Und Kostenplan Einreichen Anschreiben - Schreiben PRO","og_description":"Muster und Vorlage f\u00fcr Tk Heil- Und Kostenplan Einreichen Anschreiben &#8211; Ausf\u00fcllen und Erstellung &#8211; \u00d6ffnen im WORD PDF Datei ... \u00d6FFNEN","og_url":"https:\/\/schreibenpro.com\/de\/tk-heil-und-kostenplan-einreichen-anschreiben-offnen\/","og_site_name":"Schreiben PRO","og_image":[{"url":"https:\/\/schreibenpro.com\/de\/wp-content\/uploads\/tk-heil--und-kostenplan-einreichen-anschreiben-muster-vorlage.jpg","type":"","width":"","height":""}],"twitter_card":"summary_large_image","twitter_misc":{"Gesch\u00e4tzte Lesezeit":"1\u00a0Minute"},"schema":{"@context":"https:\/\/schema.org","@graph":[{"@type":"WebPage","@id":"https:\/\/schreibenpro.com\/de\/tk-heil-und-kostenplan-einreichen-anschreiben-offnen\/","url":"https:\/\/schreibenpro.com\/de\/tk-heil-und-kostenplan-einreichen-anschreiben-offnen\/","name":"\u00d6ffnen - Tk Heil- Und Kostenplan Einreichen Anschreiben - Schreiben PRO","isPartOf":{"@id":"https:\/\/schreibenpro.com\/de\/#website"},"primaryImageOfPage":{"@id":"https:\/\/schreibenpro.com\/de\/tk-heil-und-kostenplan-einreichen-anschreiben-offnen\/#primaryimage"},"image":{"@id":"https:\/\/schreibenpro.com\/de\/tk-heil-und-kostenplan-einreichen-anschreiben-offnen\/#primaryimage"},"thumbnailUrl":"https:\/\/schreibenpro.com\/de\/wp-content\/uploads\/tk-heil--und-kostenplan-einreichen-anschreiben-muster-vorlage.jpg","datePublished":"2023-12-18T08:25:49+00:00","breadcrumb":{"@id":"https:\/\/schreibenpro.com\/de\/tk-heil-und-kostenplan-einreichen-anschreiben-offnen\/#breadcrumb"},"inLanguage":"de","potentialAction":[{"@type":"ReadAction","target":["https:\/\/schreibenpro.com\/de\/tk-heil-und-kostenplan-einreichen-anschreiben-offnen\/"]}]},{"@type":"ImageObject","inLanguage":"de","@id":"https:\/\/schreibenpro.com\/de\/tk-heil-und-kostenplan-einreichen-anschreiben-offnen\/#primaryimage","url":"https:\/\/schreibenpro.com\/de\/wp-content\/uploads\/anschreiben-zum-angebot-muster-vorlage.jpg","contentUrl":"https:\/\/schreibenpro.com\/de\/wp-content\/uploads\/anschreiben-zum-angebot-muster-vorlage.jpg","width":1410,"height":2250},{"@type":"BreadcrumbList","@id":"https:\/\/schreibenpro.com\/de\/tk-heil-und-kostenplan-einreichen-anschreiben-offnen\/#breadcrumb","itemListElement":[{"@type":"ListItem","position":1,"name":"Portada","item":"https:\/\/schreibenpro.com\/de\/"},{"@type":"ListItem","position":2,"name":"\u00d6ffnen &#8211; Tk Heil- Und Kostenplan Einreichen Anschreiben"}]},{"@type":"WebSite","@id":"https:\/\/schreibenpro.com\/de\/#website","url":"https:\/\/schreibenpro.com\/de\/","name":"Schreiben PRO","description":"Muster und Vorlage","publisher":{"@id":"https:\/\/schreibenpro.com\/de\/#organization"},"potentialAction":[{"@type":"SearchAction","target":{"@type":"EntryPoint","urlTemplate":"https:\/\/schreibenpro.com\/de\/?s={search_term_string}"},"query-input":{"@type":"PropertyValueSpecification","valueRequired":true,"valueName":"search_term_string"}}],"inLanguage":"de"},{"@type":"Organization","@id":"https:\/\/schreibenpro.com\/de\/#organization","name":"Schreiben PRO","url":"https:\/\/schreibenpro.com\/de\/","logo":{"@type":"ImageObject","inLanguage":"de","@id":"https:\/\/schreibenpro.com\/de\/#\/schema\/logo\/image\/","url":"https:\/\/schreibenpro.com\/de\/wp-content\/uploads\/cropped-fav.png","contentUrl":"https:\/\/schreibenpro.com\/de\/wp-content\/uploads\/cropped-fav.png","width":512,"height":512,"caption":"Schreiben PRO"},"image":{"@id":"https:\/\/schreibenpro.com\/de\/#\/schema\/logo\/image\/"}}]}},"_links":{"self":[{"href":"https:\/\/schreibenpro.com\/de\/wp-json\/wp\/v2\/pages\/716","targetHints":{"allow":["GET"]}}],"collection":[{"href":"https:\/\/schreibenpro.com\/de\/wp-json\/wp\/v2\/pages"}],"about":[{"href":"https:\/\/schreibenpro.com\/de\/wp-json\/wp\/v2\/types\/page"}],"author":[{"embeddable":true,"href":"https:\/\/schreibenpro.com\/de\/wp-json\/wp\/v2\/users\/1"}],"replies":[{"embeddable":true,"href":"https:\/\/schreibenpro.com\/de\/wp-json\/wp\/v2\/comments?post=716"}],"version-history":[{"count":0,"href":"https:\/\/schreibenpro.com\/de\/wp-json\/wp\/v2\/pages\/716\/revisions"}],"wp:attachment":[{"href":"https:\/\/schreibenpro.com\/de\/wp-json\/wp\/v2\/media?parent=716"}],"curies":[{"name":"wp","href":"https:\/\/api.w.org\/{rel}","templated":true}]}}