{"id":717,"date":"2023-12-18T08:25:49","date_gmt":"2023-12-18T08:25:49","guid":{"rendered":"https:\/\/schreibenpro.com\/de\/anschreiben-zum-angebot-offnen\/"},"modified":"2023-12-18T08:25:49","modified_gmt":"2023-12-18T08:25:49","slug":"anschreiben-zum-angebot-offnen","status":"publish","type":"page","link":"https:\/\/schreibenpro.com\/de\/anschreiben-zum-angebot-offnen\/","title":{"rendered":"\u00d6ffnen &#8211; Anschreiben Zum Angebot"},"content":{"rendered":"\r\n<p class=\"has-text-align-center\">Vorlage und Muster f\u00fcr <strong> Anschreiben Zum Angebot<\/strong> &#8211; Erstellung und Ausf\u00fcllen &#8211; \u00d6ffnen im <strong>PDF  WORD<\/strong> Datei und Online<\/p>\r\n\r\n\r\n\r\n\r\n<div class=\"wp-block-image\">\r\n<figure class=\"aligncenter size-large is-resized\"><img loading=\"lazy\" decoding=\"async\" class=\"wp-image-215\" src=\"https:\/\/schreibenpro.com\/de\/wp-content\/uploads\/anschreiben-zum-angebot-muster-vorlage.jpg\" alt=\"\" width=\"245\" height=\"391\" srcset=\"https:\/\/schreibenpro.com\/de\/wp-content\/uploads\/anschreiben-zum-angebot-muster-vorlage.jpg 1410w, https:\/\/schreibenpro.com\/de\/wp-content\/uploads\/anschreiben-zum-angebot-muster-vorlage-188x300.jpg 188w, https:\/\/schreibenpro.com\/de\/wp-content\/uploads\/anschreiben-zum-angebot-muster-vorlage-642x1024.jpg 642w, https:\/\/schreibenpro.com\/de\/wp-content\/uploads\/anschreiben-zum-angebot-muster-vorlage-768x1226.jpg 768w, https:\/\/schreibenpro.com\/de\/wp-content\/uploads\/anschreiben-zum-angebot-muster-vorlage-963x1536.jpg 963w, https:\/\/schreibenpro.com\/de\/wp-content\/uploads\/anschreiben-zum-angebot-muster-vorlage-1283x2048.jpg 1283w\" sizes=\"auto, (max-width: 245px) 100vw, 245px\" \/><\/figure>\r\n<\/div>\r\n\r\n\r\n\r\n<hr class=\"wp-block-separator has-alpha-channel-opacity\" \/>\r\n\r\n\r\n\r\n\r\n\r\n<div class=\"su-note\"  style=\"border-color:#e5e5e5;border-radius:10px;-moz-border-radius:10px;-webkit-border-radius:10px;\"><div class=\"su-note-inner su-u-clearfix su-u-trim\" style=\"background-color:#FFFFFF;border-color:#ffffff;color:#333333;border-radius:10px;-moz-border-radius:10px;-webkit-border-radius:10px;\">\r\n\r\n<section id=\"specialParagraph\"><p><strong>Einleitung:<\/strong><\/p>  <p>Sehr geehrte Damen und Herren,<\/p>  <p>mit gro\u00dfem Interesse habe ich Ihre Anfrage nach einem Angebot f\u00fcr [Produkt\/Dienstleistung] erhalten und freue mich, Ihnen hiermit mein Angebot unterbreiten zu k\u00f6nnen. Als erfahrener [Beruf\/Branche] verf\u00fcge ich \u00fcber umfangreiche Kenntnisse und F\u00e4higkeiten, um Ihren Anforderungen gerecht zu werden.<\/p> <br>  <p><strong>Unternehmensvorstellung:<\/strong><\/p>  <p>Bevor ich Ihnen das Angebot im Detail vorstelle, m\u00f6chte ich Ihnen gerne einen kurzen \u00dcberblick \u00fcber mein Unternehmen geben. Wir sind seit [Gr\u00fcndungsjahr] in der [Beruf\/Branche] t\u00e4tig und haben uns auf [Spezialisierung\/Fokus] spezialisiert. Unser Team besteht aus hochqualifizierten Experten, die stets bestrebt sind, unseren Kunden exzellente Ergebnisse zu liefern.<\/p> <br>  <p><strong>Angebot:<\/strong><\/p>  <p>Nun kommen wir zum Angebot selbst. Nach sorgf\u00e4ltiger Analyse Ihrer Anforderungen bin ich zuversichtlich, dass wir Ihnen eine ma\u00dfgeschneiderte L\u00f6sung bieten k\u00f6nnen, die Ihre Erwartungen erf\u00fcllt. Im Folgenden finden Sie eine detaillierte Auflistung der enthaltenen Leistungen und Konditionen:<\/p>  <dl> <dt>[Leistung\/Komponente 1]:<\/dt> <dd>&#8211; [Beschreibung der Leistung]<\/dd> <dd>&#8211; [Weitere wichtige Details]<\/dd>  <dt>[Leistung\/Komponente 2]:<\/dt> <dd>&#8211; [Beschreibung der Leistung]<\/dd> <dd>&#8211; [Weitere wichtige Details]<\/dd>  <dt>[Leistung\/Komponente 3]:<\/dt> <dd>&#8211; [Beschreibung der Leistung]<\/dd> <dd>&#8211; [Weitere wichtige Details]<\/dd>  <dt>&#8230;<\/dt> <\/dl> <br>  <p><strong>Preis und Zahlungsbedingungen:<\/strong><\/p>  <p>Der Preis f\u00fcr das gesamte Angebot bel\u00e4uft sich auf [Gesamtbetrag]. Die genauen Zahlungsbedingungen sind wie folgt:<\/p>  <ul> <li>[Anzahlungsbetrag] bei Auftragserteilung<\/li> <li>[Zwischenbetrag] nach [Meilenstein\/Phase]<\/li> <li>[Schlussbetrag] bei Projektabnahme<\/li> <\/ul> <br>  <p><strong>Zeitplan und Lieferbedingungen:<\/strong><\/p>  <p>Wir schlagen vor, mit dem Projekt\/Bereitstellung der Leistungen am [Startdatum] zu beginnen. Die voraussichtliche Dauer betr\u00e4gt [Zeitspanne]. Die genauen Lieferbedingungen und Deadlines werden in einem separaten Dokument festgehalten, welches wir Ihnen nach Annahme des Angebots zur Verf\u00fcgung stellen.<\/p> <br>  <p><strong>Schluss:<\/strong><\/p>  <p>Vielen Dank f\u00fcr Ihr Interesse an unserem Angebot. Ich stehe Ihnen gerne zur Verf\u00fcgung, um offene Fragen zu kl\u00e4ren oder weitere Informationen bereitzustellen. Wir w\u00fcrden uns freuen, mit Ihnen zusammenzuarbeiten und sind zuversichtlich, dass wir Ihre Erwartungen \u00fcbertreffen k\u00f6nnen.<\/p>  <p>Mit freundlichen Gr\u00fc\u00dfen,<\/p>  [Ihr Name] [Ihr Titel\/Position im Unternehmen] [Ihr Unternehmen]<\/section><\/div><\/div>\r\n\r\n&nbsp;\r\n\r\n\r\n\r\n\r\n\r\n\r\n<p class=\"has-text-align-center\">Vorlage und Muster f\u00fcr <strong> Anschreiben Zum Angebot <\/strong> zur Erstellung und Anpassung im <strong>WORD<\/strong>\u2013 und <strong>PDF-Format<\/strong><\/p>\r\n\r\n\r\n<button id=\"generatePDF\">Erstellen (PDF &#8211; WORD)<\/button>\r\n\r\n\r\n\r\n<hr class=\"wp-block-separator has-alpha-channel-opacity\" \/>\r\n\r\n\r\n\r\n<p style=\"text-align: center;\"><strong>Anschreiben Zum Angebot<\/strong><\/p>\r\n\r\n<div class=\"wp-block-columns is-layout-flex wp-container-core-columns-is-layout-9d6595d7 wp-block-columns-is-layout-flex\">\r\n\r\n\r\n<div class=\"wp-block-column is-layout-flow wp-block-column-is-layout-flow\"><div class=\"su-button-center\"><a href=\"https:\/\/www.jimdo.com\/de\/magazin\/wp-content\/uploads\/2021\/07\/Jimdo-E-Mail-Vorlagen-fuer-Angebote.pdf\" class=\"su-button su-button-style-flat\" style=\"color:#FFFFFF;background-color:#144bb6;border-color:#103c92;border-radius:1px\" target=\"_self\"><span style=\"color:#FFFFFF;padding:0px 24px;font-size:18px;line-height:36px;border-color:#5b81cc;border-radius:1px;text-shadow:none\">   PDF <\/span><\/a><\/div>\n<\/div>\r\n\r\n\r\n\r\n<div class=\"wp-block-column is-layout-flow wp-block-column-is-layout-flow\"><div class=\"su-button-center\"><a href=\"https:\/\/www.bgw-online.de\/resource\/blob\/9092\/ac0be5dd16c743226848b682bc68b40b\/4_02_Musteranschreiben_Angebotsvorsorge_08-2021.dotx\" class=\"su-button su-button-style-flat\" style=\"color:#FFFFFF;background-color:#144bb6;border-color:#103c92;border-radius:1px\" target=\"_self\"><span style=\"color:#FFFFFF;padding:0px 24px;font-size:18px;line-height:36px;border-color:#5b81cc;border-radius:1px;text-shadow:none\">   DOC<\/span><\/a><\/div>\n<\/div>\r\n\r\n\r\n<\/div>\r\n\r\n\r\n\r\n<p style=\"text-align: center;\"><strong>Beispiele<\/strong><\/p>\r\n\r\n<div class=\"wp-block-columns is-layout-flex wp-container-core-columns-is-layout-9d6595d7 wp-block-columns-is-layout-flex\">\r\n\r\n\r\n<div class=\"wp-block-column is-layout-flow wp-block-column-is-layout-flow\"><div class=\"su-button-center\"><a href=\"https:\/\/www.jimdo.com\/de\/magazin\/wp-content\/uploads\/2021\/07\/Jimdo-E-Mail-Vorlagen-fuer-Angebote.pdf\" class=\"su-button su-button-style-flat\" style=\"color:#FFFFFF;background-color:#144bb6;border-color:#103c92;border-radius:1px\" target=\"_self\"><span style=\"color:#FFFFFF;padding:0px 24px;font-size:18px;line-height:36px;border-color:#5b81cc;border-radius:1px;text-shadow:none\">  Beispiel &#8211; 1 <\/span><\/a><\/div>\n<\/div>\r\n\r\n\r\n\r\n<div class=\"wp-block-column is-layout-flow wp-block-column-is-layout-flow\"><div class=\"su-button-center\"><a href=\"https:\/\/www.wirtschaftsdeutsch.de\/lehrmaterialien\/korrespondenz-textbausteine-angebot.pdf\" class=\"su-button su-button-style-flat\" style=\"color:#FFFFFF;background-color:#144bb6;border-color:#103c92;border-radius:1px\" target=\"_self\"><span style=\"color:#FFFFFF;padding:0px 24px;font-size:18px;line-height:36px;border-color:#5b81cc;border-radius:1px;text-shadow:none\">  Beispiel &#8211; 2 <\/span><\/a><\/div>\n<\/div>\r\n\r\n\r\n<\/div>\r\n\r\n\r\n<hr class=\"wp-block-separator has-alpha-channel-opacity\" \/>\r\n\r\n\r\n\r\n<div class=\"wp-block-columns is-layout-flex wp-container-core-columns-is-layout-9d6595d7 wp-block-columns-is-layout-flex\">\r\n\r\n\r\n<div class=\"wp-block-column is-layout-flow wp-block-column-is-layout-flow\"><div class=\"su-button-center\"><a href=\"https:\/\/www.wirtschaftsdeutsch.de\/lehrmaterialien\/korrespondenz-textbausteine-anfrage.pdf\" class=\"su-button su-button-style-flat\" style=\"color:#FFFFFF;background-color:#144bb6;border-color:#103c92;border-radius:1px\" target=\"_self\"><span style=\"color:#FFFFFF;padding:0px 24px;font-size:18px;line-height:36px;border-color:#5b81cc;border-radius:1px;text-shadow:none\">  Beispiel &#8211; 3 <\/span><\/a><\/div>\n<\/div>\r\n\r\n\r\n\r\n<div class=\"wp-block-column is-layout-flow wp-block-column-is-layout-flow\"><div class=\"su-button-center\"><a href=\"https:\/\/www.jimdo.com\/de\/magazin\/wp-content\/uploads\/2021\/07\/Jimdo-E-Mail-Vorlagen-fuer-Angebote.pdf\" class=\"su-button su-button-style-flat\" style=\"color:#FFFFFF;background-color:#144bb6;border-color:#103c92;border-radius:1px\" target=\"_self\"><span style=\"color:#FFFFFF;padding:0px 24px;font-size:18px;line-height:36px;border-color:#5b81cc;border-radius:1px;text-shadow:none\">  Beispiel &#8211; 4 <\/span><\/a><\/div>\n<\/div>\r\n\r\n\r\n<\/div>\r\n\r\n\r\n<hr class=\"wp-block-separator has-alpha-channel-opacity\" \/>\r\n\r\n<!-- \/wp:post-content -->\r\n\r\n<!-- wp:table {\"align\":\"center\"} -->\r\n<figure class=\"wp-block-table aligncenter\">\r\n<table>\r\n<tbody>\r\n<tr>\r\n<td style=\"text-align: center;\">Anschreiben Zum Angebot<\/td>\r\n<\/tr>\r\n<tr>\r\n<td style=\"text-align: center;\">PDF &#8211; WORD Datei<\/td>\r\n<\/tr>\r\n<tr>\r\n<td style=\"text-align: center;\">Bewertung: \u2b50\u2b50\u2b50\u2b50\u2b50 4.1<\/td>\r\n<\/tr>\r\n<tr>\r\n<td style=\"text-align: center;\">Ergebnisse &#8211; 1895<\/td>\r\n<\/tr>\r\n<\/tbody>\r\n<\/table>\r\n<\/figure>\r\n<!-- \/wp:table -->\r\n\r\n<!-- wp:separator -->\r\n\r\n<hr class=\"wp-block-separator has-alpha-channel-opacity\" \/>\r\n\r\n<!-- \/wp:separator -->\r\n\r\n<div class=\"su-note\"  style=\"border-color:#e5e5e5;border-radius:10px;-moz-border-radius:10px;-webkit-border-radius:10px;\"><div class=\"su-note-inner su-u-clearfix su-u-trim\" style=\"background-color:#FFFFFF;border-color:#ffffff;color:#333333;border-radius:10px;-moz-border-radius:10px;-webkit-border-radius:10px;\">\r\n\r\n<p>Ein Anschreiben zum Angebot ist ein wichtiger Bestandteil einer Gesch\u00e4ftskorrespondenz. Es dient dazu, dem Empf\u00e4nger das Angebot detailliert vorzustellen und ihn von dessen Nutzen zu \u00fcberzeugen. In diesem Leitfaden werden wir Ihnen detaillierte Tipps und Beispiele geben, wie Sie ein effektives Anschreiben zum Angebot verfassen k\u00f6nnen.<\/p>  <h3>1. Einleitung<\/h3> <p>Die Einleitung ist der erste Teil des Anschreibens zum Angebot und sollte den Empf\u00e4nger dazu bringen, weiterzulesen. Hier nehmen Sie Bezug auf vorangegangene Kommunikation oder stellen den Anlass f\u00fcr das Angebot dar. Die Einleitung sollte kurz und pr\u00e4gnant sein und das Interesse des Lesers wecken.<\/p>  <h4>Beispiel f\u00fcr die Einleitung:<\/h4> <p>Sehr geehrter Herr M\u00fcller,<\/p> <p>wir bedanken uns herzlich f\u00fcr das angenehme Telefonat von letzter Woche, in dem Sie Interesse an unseren Produkten bekundeten. Gerne m\u00f6chten wir Ihnen heute ein ma\u00dfgeschneidertes Angebot f\u00fcr Ihre Bed\u00fcrfnisse zukommen lassen.<\/p>  <h3>2. Hauptteil<\/h3> <p>Der Hauptteil des Anschreibens zum Angebot enth\u00e4lt die wichtigsten Informationen \u00fcber das Angebot selbst. Hier sollten Sie Ihren Kunden davon \u00fcberzeugen, warum Ihr Angebot die beste Wahl ist und wie es seinen Anforderungen gerecht wird. Gehen Sie auf die Besonderheiten Ihres Produkts oder Ihrer Dienstleistung ein und stellen Sie heraus, welche Vorteile es bietet. Verwenden Sie dabei klare und pr\u00e4zise Formulierungen.<\/p>  <h4>Beispiel f\u00fcr den Hauptteil:<\/h4> <p>Unsere Produkte bieten eine hohe Qualit\u00e4t und sind speziell auf Ihre Anforderungen zugeschnitten. Durch den Einsatz modernster Technologien garantieren wir eine langfristige Leistungsf\u00e4higkeit und Zuverl\u00e4ssigkeit. Unsere Kunden sch\u00e4tzen besonders die einfache Handhabung unserer Produkte, die Zeit und Kosten sparen.<\/p> <p>Des Weiteren m\u00f6chten wir Sie darauf hinweisen, dass wir einen exzellenten Kundenservice anbieten. Bei Fragen oder Problemen stehen wir Ihnen jederzeit zur Verf\u00fcgung und finden schnell eine L\u00f6sung.<\/p>  <h3>3. Schluss<\/h3> <p>Im Schlussteil des Anschreibens zum Angebot sollten Sie den Leser zu einer bestimmten Aktion auffordern, z. B. eine R\u00fcckmeldung zu geben oder das Angebot anzunehmen. Zeigen Sie dabei Wertsch\u00e4tzung f\u00fcr das Interesse des Empf\u00e4ngers und die potenzielle Zusammenarbeit. Geben Sie auch Ihre Kontaktdaten an, um dem Empf\u00e4nger die Kontaktaufnahme zu erleichtern.<\/p>  <h4>Beispiel f\u00fcr den Schluss:<\/h4> <p>Wir hoffen, dass Ihnen unser Angebot zusagt und wir bald zusammenarbeiten k\u00f6nnen. Gerne stehen wir Ihnen f\u00fcr weitere Fragen zur Verf\u00fcgung. Bitte z\u00f6gern Sie nicht, uns unter der folgenden Telefonnummer oder per E-Mail zu kontaktieren.<\/p> <p>Wir freuen uns auf Ihre R\u00fcckmeldung und verbleiben mit freundlichen Gr\u00fc\u00dfen,<\/p> <p>Ihr Team von XYZ Company<\/p>  <h3>4. Formale Gestaltung und Aufbau<\/h3> <p>Ein Anschreiben zum Angebot sollte professionell gestaltet sein und den formalen Standards entsprechen. Verwenden Sie daf\u00fcr die folgenden Tipps:<\/p>  <dt><strong>Schrifttyp:<\/strong><\/dt> <dd>Verwenden Sie eine klare und gut lesbare Schriftart wie Arial oder Times New Roman.<\/dd>  <dt><strong>Schriftgr\u00f6\u00dfe:<\/strong><\/dt> <dd>Verwenden Sie eine Schriftgr\u00f6\u00dfe zwischen 10 und 12 pt, um sicherzustellen, dass der Text leicht zu lesen ist.<\/dd>  <dt><strong>Seitenrand:<\/strong><\/dt> <dd>Halten Sie einen angemessenen Seitenrand ein, etwa 2,5 cm auf allen Seiten.<\/dd>  <dt><strong>Betreffzeile:<\/strong><\/dt> <dd>Geben Sie eine aussagekr\u00e4ftige Betreffzeile an, die das Thema des Schreibens kurz zusammenfasst.<\/dd>  <dt><strong>Adressblock:<\/strong><\/dt> <dd>Enthalten Sie Ihren Namen, Ihre Position, den Firmennamen und die vollst\u00e4ndige Adresse im Adressblock.<\/dd>  <dt><strong>Datumszeile:<\/strong><\/dt> <dd>Geben Sie das Datum an, an dem Sie das Anschreiben verfasst haben.<\/dd>  <dt><strong>Anrede:<\/strong><\/dt> <dd>Verwenden Sie eine h\u00f6fliche und passende Anrede, z. B. &#8220;Sehr geehrter Herr M\u00fcller&#8221;.<\/dd>  <dt><strong>Unterschrift:<\/strong><\/dt> <dd>Vergessen Sie nicht, das Anschreiben am Ende zu unterschreiben.<\/dd>  <h3>5. Tipps f\u00fcr ein effektives Anschreiben zum Angebot<\/h3> <p>Hier sind einige zus\u00e4tzliche Tipps f\u00fcr das Verfassen eines effektiven Anschreibens zum Angebot:<\/p>  <dt><strong>Personalisierung:<\/strong><\/dt> <dd>Passen Sie das Anschreiben an den Empf\u00e4nger an und zeigen Sie, dass Sie seine Bed\u00fcrfnisse verstehen.<\/dd>  <dt><strong>Klare Struktur:<\/strong><\/dt> <dd>Verwenden Sie Abs\u00e4tze, Zwischen\u00fcberschriften und Aufz\u00e4hlungen, um den Text \u00fcbersichtlich und leicht lesbar zu gestalten.<\/dd>  <dt><strong>Positive Sprache:<\/strong><\/dt> <dd>Verwenden Sie eine positive Ausdrucksweise, um den Leser von Ihrem Angebot zu \u00fcberzeugen.<\/dd>  <dt><strong>Hervorhebungen:<\/strong><\/dt> <dd>Verwenden Sie Hervorhebungen wie Fettdruck oder kursiven Text, um wichtige Informationen oder Vorteile zu betonen.<\/dd>  <dt><strong>Korrekturlesen:<\/strong><\/dt> <dd>\u00dcberpr\u00fcfen Sie das Anschreiben auf Rechtschreibfehler und grammatikalische Fehler, bevor Sie es versenden.<\/dd>  <h3><\/h3> <p>Das Verfassen eines Anschreibens zum Angebot erfordert Sorgfalt und einen strukturierten Aufbau. Mit den oben genannten Tipps und Beispielen k\u00f6nnen Sie ein effektives Anschreiben erstellen, das den Empf\u00e4nger von Ihrem Angebot \u00fcberzeugt. Denken Sie daran, die formale Gestaltung zu beachten und das Anschreiben auf Rechtschreibfehler zu \u00fcberpr\u00fcfen, bevor Sie es versenden.<\/p>\r\n\r\n<\/div><\/div>\r\n\r\n<!-- wp:separator -->\r\n\r\n<hr class=\"wp-block-separator has-alpha-channel-opacity\" \/>","protected":false},"excerpt":{"rendered":"<p>Vorlage und Muster f\u00fcr Anschreiben Zum Angebot &#8211; Erstellung und Ausf\u00fcllen &#8211; \u00d6ffnen im PDF WORD Datei und Online &nbsp; &#8230; <\/p>\n<p class=\"read-more-container\"><a title=\"\u00d6ffnen &#8211; Anschreiben Zum Angebot\" class=\"read-more button\" href=\"https:\/\/schreibenpro.com\/de\/anschreiben-zum-angebot-offnen\/#more-717\" aria-label=\"Mehr zu \u00d6ffnen &#8211; Anschreiben Zum Angebot\">\u00d6FFNEN <\/a><\/p>\n","protected":false},"author":1,"featured_media":0,"parent":0,"menu_order":0,"comment_status":"closed","ping_status":"closed","template":"","meta":{"footnotes":""},"class_list":{"0":"post-717","1":"page","2":"type-page","3":"status-publish","5":"infinite-scroll-item"},"yoast_head":"<!-- This site is optimized with the Yoast SEO plugin v24.6 - https:\/\/yoast.com\/wordpress\/plugins\/seo\/ -->\n<title>\u00d6ffnen - Anschreiben Zum Angebot - Schreiben PRO<\/title>\n<meta name=\"robots\" content=\"noindex, follow\" \/>\n<meta property=\"og:locale\" content=\"de_DE\" \/>\n<meta property=\"og:type\" content=\"article\" \/>\n<meta property=\"og:title\" content=\"\u00d6ffnen - Anschreiben Zum Angebot - Schreiben PRO\" \/>\n<meta property=\"og:description\" content=\"Vorlage und Muster f\u00fcr Anschreiben Zum Angebot &#8211; Erstellung und Ausf\u00fcllen &#8211; \u00d6ffnen im PDF WORD Datei und Online &nbsp; ... \u00d6FFNEN\" \/>\n<meta property=\"og:url\" content=\"https:\/\/schreibenpro.com\/de\/anschreiben-zum-angebot-offnen\/\" \/>\n<meta property=\"og:site_name\" content=\"Schreiben PRO\" \/>\n<meta property=\"og:image\" content=\"https:\/\/schreibenpro.com\/de\/wp-content\/uploads\/anschreiben-zum-angebot-muster-vorlage.jpg\" \/>\n<meta name=\"twitter:card\" content=\"summary_large_image\" \/>\n<meta name=\"twitter:label1\" content=\"Gesch\u00e4tzte Lesezeit\" \/>\n\t<meta name=\"twitter:data1\" content=\"1\u00a0Minute\" \/>\n<!-- \/ Yoast SEO plugin. -->","yoast_head_json":{"title":"\u00d6ffnen - Anschreiben Zum Angebot - Schreiben PRO","robots":{"index":"noindex","follow":"follow"},"og_locale":"de_DE","og_type":"article","og_title":"\u00d6ffnen - Anschreiben Zum Angebot - Schreiben PRO","og_description":"Vorlage und Muster f\u00fcr Anschreiben Zum Angebot &#8211; Erstellung und Ausf\u00fcllen &#8211; \u00d6ffnen im PDF WORD Datei und Online &nbsp; ... \u00d6FFNEN","og_url":"https:\/\/schreibenpro.com\/de\/anschreiben-zum-angebot-offnen\/","og_site_name":"Schreiben PRO","og_image":[{"url":"https:\/\/schreibenpro.com\/de\/wp-content\/uploads\/anschreiben-zum-angebot-muster-vorlage.jpg","type":"","width":"","height":""}],"twitter_card":"summary_large_image","twitter_misc":{"Gesch\u00e4tzte Lesezeit":"1\u00a0Minute"},"schema":{"@context":"https:\/\/schema.org","@graph":[{"@type":"WebPage","@id":"https:\/\/schreibenpro.com\/de\/anschreiben-zum-angebot-offnen\/","url":"https:\/\/schreibenpro.com\/de\/anschreiben-zum-angebot-offnen\/","name":"\u00d6ffnen - Anschreiben Zum Angebot - Schreiben PRO","isPartOf":{"@id":"https:\/\/schreibenpro.com\/de\/#website"},"primaryImageOfPage":{"@id":"https:\/\/schreibenpro.com\/de\/anschreiben-zum-angebot-offnen\/#primaryimage"},"image":{"@id":"https:\/\/schreibenpro.com\/de\/anschreiben-zum-angebot-offnen\/#primaryimage"},"thumbnailUrl":"https:\/\/schreibenpro.com\/de\/wp-content\/uploads\/anschreiben-zum-angebot-muster-vorlage.jpg","datePublished":"2023-12-18T08:25:49+00:00","breadcrumb":{"@id":"https:\/\/schreibenpro.com\/de\/anschreiben-zum-angebot-offnen\/#breadcrumb"},"inLanguage":"de","potentialAction":[{"@type":"ReadAction","target":["https:\/\/schreibenpro.com\/de\/anschreiben-zum-angebot-offnen\/"]}]},{"@type":"ImageObject","inLanguage":"de","@id":"https:\/\/schreibenpro.com\/de\/anschreiben-zum-angebot-offnen\/#primaryimage","url":"https:\/\/schreibenpro.com\/de\/wp-content\/uploads\/anschreiben-zum-angebot-muster-vorlage.jpg","contentUrl":"https:\/\/schreibenpro.com\/de\/wp-content\/uploads\/anschreiben-zum-angebot-muster-vorlage.jpg","width":1410,"height":2250},{"@type":"BreadcrumbList","@id":"https:\/\/schreibenpro.com\/de\/anschreiben-zum-angebot-offnen\/#breadcrumb","itemListElement":[{"@type":"ListItem","position":1,"name":"Portada","item":"https:\/\/schreibenpro.com\/de\/"},{"@type":"ListItem","position":2,"name":"\u00d6ffnen &#8211; Anschreiben Zum Angebot"}]},{"@type":"WebSite","@id":"https:\/\/schreibenpro.com\/de\/#website","url":"https:\/\/schreibenpro.com\/de\/","name":"Schreiben PRO","description":"Muster und Vorlage","publisher":{"@id":"https:\/\/schreibenpro.com\/de\/#organization"},"potentialAction":[{"@type":"SearchAction","target":{"@type":"EntryPoint","urlTemplate":"https:\/\/schreibenpro.com\/de\/?s={search_term_string}"},"query-input":{"@type":"PropertyValueSpecification","valueRequired":true,"valueName":"search_term_string"}}],"inLanguage":"de"},{"@type":"Organization","@id":"https:\/\/schreibenpro.com\/de\/#organization","name":"Schreiben PRO","url":"https:\/\/schreibenpro.com\/de\/","logo":{"@type":"ImageObject","inLanguage":"de","@id":"https:\/\/schreibenpro.com\/de\/#\/schema\/logo\/image\/","url":"https:\/\/schreibenpro.com\/de\/wp-content\/uploads\/cropped-fav.png","contentUrl":"https:\/\/schreibenpro.com\/de\/wp-content\/uploads\/cropped-fav.png","width":512,"height":512,"caption":"Schreiben PRO"},"image":{"@id":"https:\/\/schreibenpro.com\/de\/#\/schema\/logo\/image\/"}}]}},"_links":{"self":[{"href":"https:\/\/schreibenpro.com\/de\/wp-json\/wp\/v2\/pages\/717","targetHints":{"allow":["GET"]}}],"collection":[{"href":"https:\/\/schreibenpro.com\/de\/wp-json\/wp\/v2\/pages"}],"about":[{"href":"https:\/\/schreibenpro.com\/de\/wp-json\/wp\/v2\/types\/page"}],"author":[{"embeddable":true,"href":"https:\/\/schreibenpro.com\/de\/wp-json\/wp\/v2\/users\/1"}],"replies":[{"embeddable":true,"href":"https:\/\/schreibenpro.com\/de\/wp-json\/wp\/v2\/comments?post=717"}],"version-history":[{"count":0,"href":"https:\/\/schreibenpro.com\/de\/wp-json\/wp\/v2\/pages\/717\/revisions"}],"wp:attachment":[{"href":"https:\/\/schreibenpro.com\/de\/wp-json\/wp\/v2\/media?parent=717"}],"curies":[{"name":"wp","href":"https:\/\/api.w.org\/{rel}","templated":true}]}}