{"id":718,"date":"2023-12-18T08:25:50","date_gmt":"2023-12-18T08:25:50","guid":{"rendered":"https:\/\/schreibenpro.com\/de\/bewerbungsanschreiben-maschinen-und-anlagenfuhrer-offnen\/"},"modified":"2023-12-18T08:25:50","modified_gmt":"2023-12-18T08:25:50","slug":"bewerbungsanschreiben-maschinen-und-anlagenfuhrer-offnen","status":"publish","type":"page","link":"https:\/\/schreibenpro.com\/de\/bewerbungsanschreiben-maschinen-und-anlagenfuhrer-offnen\/","title":{"rendered":"\u00d6ffnen &#8211; Bewerbungsanschreiben Maschinen Und Anlagenf\u00fchrer"},"content":{"rendered":"\r\n<p class=\"has-text-align-center\">Vorlage und Muster f\u00fcr <strong> Bewerbungsanschreiben Maschinen Und Anlagenf\u00fchrer<\/strong> &#8211; Erstellung und Ausf\u00fcllen &#8211; \u00d6ffnen im <strong>PDF  WORD<\/strong> Datei und Online<\/p>\r\n\r\n\r\n\r\n\r\n<div class=\"wp-block-image\">\r\n<figure class=\"aligncenter size-large is-resized\"><img loading=\"lazy\" decoding=\"async\" class=\"wp-image-215\" src=\"https:\/\/schreibenpro.com\/de\/wp-content\/uploads\/bewerbungsanschreiben-maschinen-und-anlagenfuhrer-muster-vorlage.jpg\" alt=\"\" width=\"245\" height=\"391\" \/><\/figure>\r\n<\/div>\r\n\r\n\r\n\r\n<hr class=\"wp-block-separator has-alpha-channel-opacity\" \/>\r\n\r\n\r\n\r\n\r\n\r\n<div class=\"su-note\"  style=\"border-color:#e5e5e5;border-radius:10px;-moz-border-radius:10px;-webkit-border-radius:10px;\"><div class=\"su-note-inner su-u-clearfix su-u-trim\" style=\"background-color:#FFFFFF;border-color:#ffffff;color:#333333;border-radius:10px;-moz-border-radius:10px;-webkit-border-radius:10px;\">\r\n\r\n<section id=\"specialParagraph\"><p>Ihre Adresse Ihre Telefonnummer Ihre E-Mail-Adresse<\/p>  <p>Datum<\/p>  <p>Der Name des Empf\u00e4ngers Die Position des Empf\u00e4ngers Name des Unternehmens Adresse des Unternehmens<\/p>  <p>Betreff: Bewerbung als Maschinen und Anlagenf\u00fchrer<\/p>  <p>Sehr geehrter Herr\/Frau [Nachname des Empf\u00e4ngers],<\/p>  <p>Ich schreibe Ihnen, um mich um die Stelle als Maschinen und Anlagenf\u00fchrer in Ihrem Unternehmen zu bewerben. Mit meiner Ausbildung und Erfahrung in diesem Bereich bin ich \u00fcberzeugt, dass ich einen wertvollen Beitrag zu Ihrem Team leisten kann.<\/p>  <p>Als Maschinen und Anlagenf\u00fchrer habe ich umfangreiche Kenntnisse und F\u00e4higkeiten bei der Bedienung, Wartung und Reparatur verschiedener Maschinen und Anlagen erworben. Ich habe eine Ausbildung als Industriemechaniker absolviert und anschlie\u00dfend mehrere Jahre in verschiedenen Unternehmen erfolgreich in dieser Position gearbeitet. In meiner aktuellen Position als Maschinen und Anlagenf\u00fchrer bei XYZ GmbH habe ich bewiesen, dass ich in der Lage bin, produktiv und effizient zu arbeiten und dabei h\u00f6chste Qualit\u00e4tsstandards einzuhalten.<\/p>  <p>Ich bin mit einer Vielzahl von Maschinen und Anlagen vertraut, darunter Drehmaschinen, CNC-Maschinen, Schwei\u00dfroboter und Montagelinien. Ich verstehe die Bedeutung von Sicherheit am Arbeitsplatz und habe einen nachgewiesenen Erfolg bei der Einhaltung und Umsetzung von Sicherheitsstandards. Dar\u00fcber hinaus bin ich gut mit den neuesten Technologien und Verfahren in der Branche vertraut und halte mich stets \u00fcber neue Entwicklungen und Best Practices auf dem Laufenden.<\/p>  <p>Ich bin eine engagierte und zuverl\u00e4ssige Person, die gerne im Team arbeitet und bereit ist, Verantwortung zu \u00fcbernehmen. Ich bin detailorientiert, habe eine starke Probleml\u00f6sungsf\u00e4higkeit und bin in der Lage, unter Druck zu arbeiten. Meine positiven Arbeitsbeziehungen und meine F\u00e4higkeit, effektiv zu kommunizieren, machen mich zu einem wertvollen Teammitglied und erm\u00f6glichen es mir, erfolgreich mit Kollegen, Vorgesetzten und Kunden zusammenzuarbeiten.<\/p>  <p>Ich bin \u00fcberzeugt, dass meine F\u00e4higkeiten und meine Erfahrung mich zu einem idealen Kandidaten f\u00fcr die Position des Maschinen und Anlagenf\u00fchrers in Ihrem Unternehmen machen. Ich freue mich darauf, mehr \u00fcber die Stelle zu erfahren und wie ich mit meinem Fachwissen und meinen F\u00e4higkeiten zum Erfolg Ihres Unternehmens beitragen kann.<\/p>  <p>Vielen Dank f\u00fcr Ihre Zeit und Ihre \u00dcberlegung. Ich stehe Ihnen f\u00fcr weitere Informationen oder ein pers\u00f6nliches Gespr\u00e4ch zur Verf\u00fcgung und hoffe, bald von Ihnen zu h\u00f6ren.<\/p>  <p>Mit freundlichen Gr\u00fc\u00dfen,<\/p>  <p>Ihr Name<\/p><\/section><\/div><\/div>\r\n\r\n&nbsp;\r\n\r\n\r\n\r\n\r\n\r\n\r\n<p class=\"has-text-align-center\">Muster und Vorlage f\u00fcr <strong> Bewerbungsanschreiben Maschinen Und Anlagenf\u00fchrer <\/strong> zur Anpassung und Erstellung  im <strong>WORD<\/strong>\u2013 und <strong>PDF-Format<\/strong><\/p>\r\n\r\n\r\n<button id=\"generatePDF\">Erstellen (PDF &#8211; WORD)<\/button>\r\n\r\n\r\n\r\n<hr class=\"wp-block-separator has-alpha-channel-opacity\" \/>\r\n\r\n\r\n\r\n<p style=\"text-align: center;\"><strong>Bewerbungsanschreiben Maschinen Und Anlagenf\u00fchrer<\/strong><\/p>\r\n\r\n<div class=\"wp-block-columns is-layout-flex wp-container-core-columns-is-layout-9d6595d7 wp-block-columns-is-layout-flex\">\r\n\r\n\r\n<div class=\"wp-block-column is-layout-flow wp-block-column-is-layout-flow\"><div class=\"su-button-center\"><a href=\"https:\/\/www.total-lokal.de\/city\/ludwigshafen\/data\/67059_80_16_13.pdf\" class=\"su-button su-button-style-flat\" style=\"color:#FFFFFF;background-color:#144bb6;border-color:#103c92;border-radius:1px\" target=\"_self\"><span style=\"color:#FFFFFF;padding:0px 24px;font-size:18px;line-height:36px;border-color:#5b81cc;border-radius:1px;text-shadow:none\">   PDF <\/span><\/a><\/div>\n<\/div>\r\n\r\n\r\n\r\n<div class=\"wp-block-column is-layout-flow wp-block-column-is-layout-flow\"><div class=\"su-button-center\"><a href=\"https:\/\/www.total-lokal.de\/city\/ludwigshafen\/data\/67059_80_16_13.pdf\" class=\"su-button su-button-style-flat\" style=\"color:#FFFFFF;background-color:#144bb6;border-color:#103c92;border-radius:1px\" target=\"_self\"><span style=\"color:#FFFFFF;padding:0px 24px;font-size:18px;line-height:36px;border-color:#5b81cc;border-radius:1px;text-shadow:none\">   DOC<\/span><\/a><\/div>\n<\/div>\r\n\r\n\r\n<\/div>\r\n\r\n\r\n\r\n<p style=\"text-align: center;\"><strong>Beispiele<\/strong><\/p>\r\n\r\n<div class=\"wp-block-columns is-layout-flex wp-container-core-columns-is-layout-9d6595d7 wp-block-columns-is-layout-flex\">\r\n\r\n\r\n<div class=\"wp-block-column is-layout-flow wp-block-column-is-layout-flow\"><div class=\"su-button-center\"><a href=\"https:\/\/www.walterscheid-group.com\/wp-content\/uploads\/Stellenanzeige_Lohmar_Maschinen_Anlagenfuehrer_1120.pdf\" class=\"su-button su-button-style-flat\" style=\"color:#FFFFFF;background-color:#144bb6;border-color:#103c92;border-radius:1px\" target=\"_self\"><span style=\"color:#FFFFFF;padding:0px 24px;font-size:18px;line-height:36px;border-color:#5b81cc;border-radius:1px;text-shadow:none\">  Beispiel &#8211; 1 <\/span><\/a><\/div>\n<\/div>\r\n\r\n\r\n\r\n<div class=\"wp-block-column is-layout-flow wp-block-column-is-layout-flow\"><div class=\"su-button-center\"><a href=\"https:\/\/www.ihk-lehrstellenboerse.de\/ausbildung\/maschinen-und-anlagenfuehrer-in\/1065376\/dokumente\/790521\/ausbildung-maschinen-und-anlagenfuehrer-2023-002-.pdf\" class=\"su-button su-button-style-flat\" style=\"color:#FFFFFF;background-color:#144bb6;border-color:#103c92;border-radius:1px\" target=\"_self\"><span style=\"color:#FFFFFF;padding:0px 24px;font-size:18px;line-height:36px;border-color:#5b81cc;border-radius:1px;text-shadow:none\">  Beispiel &#8211; 2 <\/span><\/a><\/div>\n<\/div>\r\n\r\n\r\n<\/div>\r\n\r\n\r\n<hr class=\"wp-block-separator has-alpha-channel-opacity\" \/>\r\n\r\n\r\n\r\n<div class=\"wp-block-columns is-layout-flex wp-container-core-columns-is-layout-9d6595d7 wp-block-columns-is-layout-flex\">\r\n\r\n\r\n<div class=\"wp-block-column is-layout-flow wp-block-column-is-layout-flow\"><div class=\"su-button-center\"><a href=\"https:\/\/www.karriere-suedwestfalen.de\/pdf\/ausbildung\/ausbildung-maschinen-anlagenfuehrer-fuer-metall-und-kunststofftechnik-17811.pdf\" class=\"su-button su-button-style-flat\" style=\"color:#FFFFFF;background-color:#144bb6;border-color:#103c92;border-radius:1px\" target=\"_self\"><span style=\"color:#FFFFFF;padding:0px 24px;font-size:18px;line-height:36px;border-color:#5b81cc;border-radius:1px;text-shadow:none\">  Beispiel &#8211; 3 <\/span><\/a><\/div>\n<\/div>\r\n\r\n\r\n\r\n<div class=\"wp-block-column is-layout-flow wp-block-column-is-layout-flow\"><div class=\"su-button-center\"><a href=\"https:\/\/www.total-lokal.de\/city\/ludwigshafen\/data\/67059_80_16_13.pdf\" class=\"su-button su-button-style-flat\" style=\"color:#FFFFFF;background-color:#144bb6;border-color:#103c92;border-radius:1px\" target=\"_self\"><span style=\"color:#FFFFFF;padding:0px 24px;font-size:18px;line-height:36px;border-color:#5b81cc;border-radius:1px;text-shadow:none\">  Beispiel &#8211; 4 <\/span><\/a><\/div>\n<\/div>\r\n\r\n\r\n<\/div>\r\n\r\n\r\n<hr class=\"wp-block-separator has-alpha-channel-opacity\" \/>\r\n\r\n<!-- \/wp:post-content -->\r\n\r\n<!-- wp:table {\"align\":\"center\"} -->\r\n<figure class=\"wp-block-table aligncenter\">\r\n<table>\r\n<tbody>\r\n<tr>\r\n<td style=\"text-align: center;\">Bewerbungsanschreiben Maschinen Und Anlagenf\u00fchrer<\/td>\r\n<\/tr>\r\n<tr>\r\n<td style=\"text-align: center;\">PDF &#8211; WORD Datei<\/td>\r\n<\/tr>\r\n<tr>\r\n<td style=\"text-align: center;\">Bewertung: \u2b50\u2b50\u2b50\u2b50\u2b50 4.79<\/td>\r\n<\/tr>\r\n<tr>\r\n<td style=\"text-align: center;\">Ergebnisse &#8211; 5757<\/td>\r\n<\/tr>\r\n<\/tbody>\r\n<\/table>\r\n<\/figure>\r\n<!-- \/wp:table -->\r\n\r\n<!-- wp:separator -->\r\n\r\n<hr class=\"wp-block-separator has-alpha-channel-opacity\" \/>\r\n\r\n<!-- \/wp:separator -->\r\n\r\n<div class=\"su-note\"  style=\"border-color:#e5e5e5;border-radius:10px;-moz-border-radius:10px;-webkit-border-radius:10px;\"><div class=\"su-note-inner su-u-clearfix su-u-trim\" style=\"background-color:#FFFFFF;border-color:#ffffff;color:#333333;border-radius:10px;-moz-border-radius:10px;-webkit-border-radius:10px;\">\r\n\r\n<p>Ein Bewerbungsanschreiben ist ein wichtiger Bestandteil Ihrer Bewerbungsunterlagen. Es bietet Ihnen die M\u00f6glichkeit, sich potenziellen Arbeitgebern vorzustellen und Ihre Motivation f\u00fcr die Stelle als Maschinen- und Anlagenf\u00fchrer zu kommunizieren. In dieser Anleitung erfahren Sie, wie Sie ein \u00fcberzeugendes Bewerbungsanschreiben verfassen k\u00f6nnen.<\/p>  <h3>Schritt 1: Adressieren Sie den Empf\u00e4nger<\/h3>  <p>Beginnen Sie Ihr Bewerbungsanschreiben, indem Sie den Empf\u00e4nger korrekt adressieren. Verwenden Sie dazu die Anrede &#8220;Sehr geehrter Herr&#8221; oder &#8220;Sehr geehrte Frau&#8221;, gefolgt von dem Nachnamen des Empf\u00e4ngers. Wenn der Name des Empf\u00e4ngers nicht bekannt ist, k\u00f6nnen Sie auch &#8220;Sehr geehrte Damen und Herren&#8221; verwenden.<\/p>  <p><strong>Beispiel:<\/strong><\/p>  <blockquote> <p>Sehr geehrter Herr M\u00fcller,<\/p> <\/blockquote>  <h3>Schritt 2: Pr\u00e4sentieren Sie sich<\/h3>  <p>In diesem Abschnitt stellen Sie sich dem Arbeitgeber vor und geben einen \u00dcberblick \u00fcber Ihre aktuellen Qualifikationen und Erfahrungen als Maschinen- und Anlagenf\u00fchrer.<\/p>  <p><strong>Beispiel:<\/strong><\/p>  <blockquote> <p>Ich m\u00f6chte mich gerne f\u00fcr die ausgeschriebene Stelle als Maschinen- und Anlagenf\u00fchrer in Ihrem Unternehmen bewerben. Ich habe \u00fcber f\u00fcnf Jahre Berufserfahrung in dieser Position gesammelt und besitze fundierte Kenntnisse in der Bedienung verschiedener Maschinen und Anlagen.<\/p> <p>W\u00e4hrend meiner bisherigen T\u00e4tigkeit bei XYZ Industrie GmbH war ich f\u00fcr die \u00dcberwachung und Wartung von Produktionsmaschinen verantwortlich. Ich habe die Qualit\u00e4t der gefertigten Produkte stets sicherstellen k\u00f6nnen und konnte dank meiner schnellen Reaktionsf\u00e4higkeit auch bei auftretenden Problemen effiziente L\u00f6sungen finden.<\/p> <\/blockquote>  <h3>Schritt 3: Zeigen Sie Ihr Interesse an der Stelle<\/h3>  <p>In diesem Abschnitt verdeutlichen Sie Ihr Interesse an der Stelle als Maschinen- und Anlagenf\u00fchrer. Erkl\u00e4ren Sie, warum Sie sich f\u00fcr diese Position und das Unternehmen entschieden haben und wie Ihre F\u00e4higkeiten und Kenntnisse zum Erfolg des Unternehmens beitragen k\u00f6nnen.<\/p>  <p><strong>Beispiel:<\/strong><\/p>  <blockquote> <p>Ihr Unternehmen hat einen ausgezeichneten Ruf in der Branche und ist bekannt f\u00fcr hochwertige Produkte. Ich m\u00f6chte gerne Teil Ihres Teams werden und meinen Beitrag zum weiteren Erfolg des Unternehmens leisten. Mit meinen technischen F\u00e4higkeiten und meiner Leidenschaft f\u00fcr Maschinen und Anlagen bin ich zuversichtlich, dass ich mich schnell in Ihr Unternehmen integrieren und wertvolle Arbeit leisten kann.<\/p> <\/blockquote>  <h3>Schritt 4: Begr\u00fcnden Sie Ihre Bewerbung<\/h3>  <p>In diesem Abschnitt erl\u00e4utern Sie die Gr\u00fcnde, warum Sie sich f\u00fcr die Stelle als Maschinen- und Anlagenf\u00fchrer bewerben. Beschreiben Sie, welche spezifischen F\u00e4higkeiten und Kenntnisse Sie f\u00fcr die Position qualifizieren und wie Sie von Ihrer Erfahrung profitieren k\u00f6nnen.<\/p>  <p><strong>Beispiel:<\/strong><\/p>  <blockquote> <p>Ich habe eine abgeschlossene Ausbildung als Maschinen- und Anlagenf\u00fchrer und verf\u00fcge \u00fcber umfangreiche Kenntnisse in der Bedienung von CNC-Maschinen, Drehb\u00e4nken und Fr\u00e4smaschinen. Ich habe auch Erfahrung in der Programmierung und Wartung dieser Maschinen. Durch mein technisches Verst\u00e4ndnis bin ich in der Lage, eventuelle Ausf\u00e4lle oder St\u00f6rungen fr\u00fchzeitig zu erkennen und zu beheben.<\/p> <p>Zus\u00e4tzlich zu meinen technischen F\u00e4higkeiten bin ich ein Teamplayer und arbeite gerne mit anderen zusammen, um die Arbeitsabl\u00e4ufe zu optimieren und die Produktionsziele zu erreichen. Ich bin gewohnt, eigenst\u00e4ndig zu arbeiten und Verantwortung zu \u00fcbernehmen, um die bestm\u00f6glichen Ergebnisse zu erzielen.<\/p> <\/blockquote>  <h3>Schritt 5: Schlie\u00dfen Sie das Bewerbungsanschreiben ab<\/h3>  <p>In diesem Abschnitt bedanken Sie sich beim Empf\u00e4nger f\u00fcr seine Zeit und geben an, dass Sie sich \u00fcber die Gelegenheit freuen, weitere Details in einem pers\u00f6nlichen Gespr\u00e4ch zu besprechen. Geben Sie Ihre Kontaktdaten an, damit der Arbeitgeber Sie erreichen kann.<\/p>  <p><strong>Beispiel:<\/strong><\/p>  <blockquote> <p>Vielen Dank f\u00fcr die Ber\u00fccksichtigung meiner Bewerbung als Maschinen- und Anlagenf\u00fchrer. Ich freue mich sehr \u00fcber die Gelegenheit, weitere Details in einem pers\u00f6nlichen Gespr\u00e4ch zu besprechen. Sie erreichen mich unter der angegebenen Telefonnummer und E-Mail-Adresse.<\/p> <p>Nochmals vielen Dank f\u00fcr Ihre Zeit und ich freue mich darauf, von Ihnen zu h\u00f6ren.<\/p> <\/blockquote>  <h3><\/h3>  <p>Ein \u00fcberzeugendes Bewerbungsanschreiben als Maschinen- und Anlagenf\u00fchrer besteht aus mehreren Abschnitten, die aufeinander aufbauen. Adressieren Sie den Empf\u00e4nger korrekt, stellen Sie sich vor, zeigen Sie Ihr Interesse, begr\u00fcnden Sie Ihre Bewerbung und schlie\u00dfen Sie das Anschreiben. Vergessen Sie nicht, Ihre Kontaktdaten anzugeben und sich f\u00fcr die Zeit des Empf\u00e4ngers zu bedanken.<\/p>  <p>Mit dieser Anleitung sind Sie gut ger\u00fcstet, um ein ansprechendes Bewerbungsanschreiben als Maschinen- und Anlagenf\u00fchrer zu verfassen und potenzielle Arbeitgeber von Ihren F\u00e4higkeiten zu \u00fcberzeugen.<\/p>\r\n\r\n<\/div><\/div>\r\n\r\n<!-- wp:separator -->\r\n\r\n<hr class=\"wp-block-separator has-alpha-channel-opacity\" \/>","protected":false},"excerpt":{"rendered":"<p>Vorlage und Muster f\u00fcr Bewerbungsanschreiben Maschinen Und Anlagenf\u00fchrer &#8211; Erstellung und Ausf\u00fcllen &#8211; \u00d6ffnen im PDF WORD Datei und Online &#8230; <\/p>\n<p class=\"read-more-container\"><a title=\"\u00d6ffnen &#8211; Bewerbungsanschreiben Maschinen Und Anlagenf\u00fchrer\" class=\"read-more button\" href=\"https:\/\/schreibenpro.com\/de\/bewerbungsanschreiben-maschinen-und-anlagenfuhrer-offnen\/#more-718\" aria-label=\"Mehr zu \u00d6ffnen &#8211; Bewerbungsanschreiben Maschinen Und Anlagenf\u00fchrer\">\u00d6FFNEN <\/a><\/p>\n","protected":false},"author":1,"featured_media":0,"parent":0,"menu_order":0,"comment_status":"closed","ping_status":"closed","template":"","meta":{"footnotes":""},"class_list":{"0":"post-718","1":"page","2":"type-page","3":"status-publish","5":"infinite-scroll-item"},"yoast_head":"<!-- This site is optimized with the Yoast SEO plugin v24.6 - https:\/\/yoast.com\/wordpress\/plugins\/seo\/ -->\n<title>\u00d6ffnen - Bewerbungsanschreiben Maschinen Und Anlagenf\u00fchrer - Schreiben PRO<\/title>\n<meta name=\"robots\" content=\"noindex, follow\" \/>\n<meta property=\"og:locale\" content=\"de_DE\" \/>\n<meta property=\"og:type\" content=\"article\" \/>\n<meta property=\"og:title\" content=\"\u00d6ffnen - Bewerbungsanschreiben Maschinen Und Anlagenf\u00fchrer - Schreiben PRO\" \/>\n<meta property=\"og:description\" content=\"Vorlage und Muster f\u00fcr Bewerbungsanschreiben Maschinen Und Anlagenf\u00fchrer &#8211; Erstellung und Ausf\u00fcllen &#8211; \u00d6ffnen im PDF WORD Datei und Online ... \u00d6FFNEN\" \/>\n<meta property=\"og:url\" content=\"https:\/\/schreibenpro.com\/de\/bewerbungsanschreiben-maschinen-und-anlagenfuhrer-offnen\/\" \/>\n<meta property=\"og:site_name\" content=\"Schreiben PRO\" \/>\n<meta property=\"og:image\" content=\"https:\/\/schreibenpro.com\/de\/wp-content\/uploads\/bewerbungsanschreiben-maschinen-und-anlagenfuhrer-muster-vorlage.jpg\" \/>\n<meta name=\"twitter:card\" content=\"summary_large_image\" \/>\n<meta name=\"twitter:label1\" content=\"Gesch\u00e4tzte Lesezeit\" \/>\n\t<meta name=\"twitter:data1\" content=\"1\u00a0Minute\" \/>\n<!-- \/ Yoast SEO plugin. -->","yoast_head_json":{"title":"\u00d6ffnen - Bewerbungsanschreiben Maschinen Und Anlagenf\u00fchrer - Schreiben PRO","robots":{"index":"noindex","follow":"follow"},"og_locale":"de_DE","og_type":"article","og_title":"\u00d6ffnen - Bewerbungsanschreiben Maschinen Und Anlagenf\u00fchrer - Schreiben PRO","og_description":"Vorlage und Muster f\u00fcr Bewerbungsanschreiben Maschinen Und Anlagenf\u00fchrer &#8211; Erstellung und Ausf\u00fcllen &#8211; \u00d6ffnen im PDF WORD Datei und Online ... \u00d6FFNEN","og_url":"https:\/\/schreibenpro.com\/de\/bewerbungsanschreiben-maschinen-und-anlagenfuhrer-offnen\/","og_site_name":"Schreiben PRO","og_image":[{"url":"https:\/\/schreibenpro.com\/de\/wp-content\/uploads\/bewerbungsanschreiben-maschinen-und-anlagenfuhrer-muster-vorlage.jpg","type":"","width":"","height":""}],"twitter_card":"summary_large_image","twitter_misc":{"Gesch\u00e4tzte Lesezeit":"1\u00a0Minute"},"schema":{"@context":"https:\/\/schema.org","@graph":[{"@type":"WebPage","@id":"https:\/\/schreibenpro.com\/de\/bewerbungsanschreiben-maschinen-und-anlagenfuhrer-offnen\/","url":"https:\/\/schreibenpro.com\/de\/bewerbungsanschreiben-maschinen-und-anlagenfuhrer-offnen\/","name":"\u00d6ffnen - Bewerbungsanschreiben Maschinen Und Anlagenf\u00fchrer - Schreiben PRO","isPartOf":{"@id":"https:\/\/schreibenpro.com\/de\/#website"},"primaryImageOfPage":{"@id":"https:\/\/schreibenpro.com\/de\/bewerbungsanschreiben-maschinen-und-anlagenfuhrer-offnen\/#primaryimage"},"image":{"@id":"https:\/\/schreibenpro.com\/de\/bewerbungsanschreiben-maschinen-und-anlagenfuhrer-offnen\/#primaryimage"},"thumbnailUrl":"https:\/\/schreibenpro.com\/de\/wp-content\/uploads\/bewerbungsanschreiben-maschinen-und-anlagenfuhrer-muster-vorlage.jpg","datePublished":"2023-12-18T08:25:50+00:00","breadcrumb":{"@id":"https:\/\/schreibenpro.com\/de\/bewerbungsanschreiben-maschinen-und-anlagenfuhrer-offnen\/#breadcrumb"},"inLanguage":"de","potentialAction":[{"@type":"ReadAction","target":["https:\/\/schreibenpro.com\/de\/bewerbungsanschreiben-maschinen-und-anlagenfuhrer-offnen\/"]}]},{"@type":"ImageObject","inLanguage":"de","@id":"https:\/\/schreibenpro.com\/de\/bewerbungsanschreiben-maschinen-und-anlagenfuhrer-offnen\/#primaryimage","url":"https:\/\/schreibenpro.com\/de\/wp-content\/uploads\/anschreiben-zum-angebot-muster-vorlage.jpg","contentUrl":"https:\/\/schreibenpro.com\/de\/wp-content\/uploads\/anschreiben-zum-angebot-muster-vorlage.jpg","width":1410,"height":2250},{"@type":"BreadcrumbList","@id":"https:\/\/schreibenpro.com\/de\/bewerbungsanschreiben-maschinen-und-anlagenfuhrer-offnen\/#breadcrumb","itemListElement":[{"@type":"ListItem","position":1,"name":"Portada","item":"https:\/\/schreibenpro.com\/de\/"},{"@type":"ListItem","position":2,"name":"\u00d6ffnen &#8211; Bewerbungsanschreiben Maschinen Und Anlagenf\u00fchrer"}]},{"@type":"WebSite","@id":"https:\/\/schreibenpro.com\/de\/#website","url":"https:\/\/schreibenpro.com\/de\/","name":"Schreiben PRO","description":"Muster und Vorlage","publisher":{"@id":"https:\/\/schreibenpro.com\/de\/#organization"},"potentialAction":[{"@type":"SearchAction","target":{"@type":"EntryPoint","urlTemplate":"https:\/\/schreibenpro.com\/de\/?s={search_term_string}"},"query-input":{"@type":"PropertyValueSpecification","valueRequired":true,"valueName":"search_term_string"}}],"inLanguage":"de"},{"@type":"Organization","@id":"https:\/\/schreibenpro.com\/de\/#organization","name":"Schreiben PRO","url":"https:\/\/schreibenpro.com\/de\/","logo":{"@type":"ImageObject","inLanguage":"de","@id":"https:\/\/schreibenpro.com\/de\/#\/schema\/logo\/image\/","url":"https:\/\/schreibenpro.com\/de\/wp-content\/uploads\/cropped-fav.png","contentUrl":"https:\/\/schreibenpro.com\/de\/wp-content\/uploads\/cropped-fav.png","width":512,"height":512,"caption":"Schreiben PRO"},"image":{"@id":"https:\/\/schreibenpro.com\/de\/#\/schema\/logo\/image\/"}}]}},"_links":{"self":[{"href":"https:\/\/schreibenpro.com\/de\/wp-json\/wp\/v2\/pages\/718","targetHints":{"allow":["GET"]}}],"collection":[{"href":"https:\/\/schreibenpro.com\/de\/wp-json\/wp\/v2\/pages"}],"about":[{"href":"https:\/\/schreibenpro.com\/de\/wp-json\/wp\/v2\/types\/page"}],"author":[{"embeddable":true,"href":"https:\/\/schreibenpro.com\/de\/wp-json\/wp\/v2\/users\/1"}],"replies":[{"embeddable":true,"href":"https:\/\/schreibenpro.com\/de\/wp-json\/wp\/v2\/comments?post=718"}],"version-history":[{"count":0,"href":"https:\/\/schreibenpro.com\/de\/wp-json\/wp\/v2\/pages\/718\/revisions"}],"wp:attachment":[{"href":"https:\/\/schreibenpro.com\/de\/wp-json\/wp\/v2\/media?parent=718"}],"curies":[{"name":"wp","href":"https:\/\/api.w.org\/{rel}","templated":true}]}}