{"id":719,"date":"2023-12-18T08:25:50","date_gmt":"2023-12-18T08:25:50","guid":{"rendered":"https:\/\/schreibenpro.com\/de\/anschreiben-standesamt-eheschliesssung-offnen\/"},"modified":"2023-12-18T08:25:50","modified_gmt":"2023-12-18T08:25:50","slug":"anschreiben-standesamt-eheschliesssung-offnen","status":"publish","type":"page","link":"https:\/\/schreibenpro.com\/de\/anschreiben-standesamt-eheschliesssung-offnen\/","title":{"rendered":"\u00d6ffnen &#8211; Anschreiben Standesamt Eheschlie\u00dfung"},"content":{"rendered":"\r\n<p class=\"has-text-align-center\">Muster und Vorlage f\u00fcr <strong> Anschreiben Standesamt Eheschlie\u00dfung<\/strong> &#8211; Ausf\u00fcllen und Erstellung  &#8211; \u00d6ffnen im <strong>WORD  PDF<\/strong> Datei und Online<\/p>\r\n\r\n\r\n\r\n\r\n<div class=\"wp-block-image\">\r\n<figure class=\"aligncenter size-large is-resized\"><img loading=\"lazy\" decoding=\"async\" class=\"wp-image-215\" src=\"https:\/\/schreibenpro.com\/de\/wp-content\/uploads\/anschreiben-standesamt-eheschliesssung-muster-vorlage.jpg\" alt=\"\" width=\"245\" height=\"391\" \/><\/figure>\r\n<\/div>\r\n\r\n\r\n\r\n<hr class=\"wp-block-separator has-alpha-channel-opacity\" \/>\r\n\r\n\r\n\r\n\r\n\r\n<div class=\"su-note\"  style=\"border-color:#e5e5e5;border-radius:10px;-moz-border-radius:10px;-webkit-border-radius:10px;\"><div class=\"su-note-inner su-u-clearfix su-u-trim\" style=\"background-color:#FFFFFF;border-color:#ffffff;color:#333333;border-radius:10px;-moz-border-radius:10px;-webkit-border-radius:10px;\">\r\n\r\n<section id=\"specialParagraph\"><p><strong>An das Standesamt<\/strong><\/p> <p><strong>Adresse des Standesamtes<\/strong><\/p> <p><strong>PLZ und Ort<\/strong><\/p> <p><strong>Datum der Hochzeit<\/strong><\/p>  <p><strong>Betreff: Anmeldung zur Eheschlie\u00dfung<\/strong><\/p>  <p>Sehr geehrte Damen und Herren,<\/p>  <p>hiermit m\u00f6chten wir unsere Absicht bekunden, eine Ehe einzugehen und bitten Sie um die Anmeldung zur Eheschlie\u00dfung. Im Folgenden finden Sie unsere pers\u00f6nlichen Daten:<\/p>  <dl> <dt>1. Br\u00e4utigam:<\/dt> <dd>Name: Max Mustermann<\/dd> <dd>Geburtsdatum: 01.01.1990<\/dd> <dd>Geburtsort: Musterstadt<\/dd> <dd>Anschrift: Musterstra\u00dfe 1, 12345 Musterstadt<\/dd> <dd>Religion: evangelisch<\/dd> <dd>Telefonnummer: 0123456789<\/dd> <dd>E-Mail-Adresse: max.mustermann@example.com<\/dd>  <dt>2. Braut:<\/dt> <dd>Name: Anna Musterfrau<\/dd> <dd>Geburtsdatum: 01.01.1992<\/dd> <dd>Geburtsort: Musterstadt<\/dd> <dd>Anschrift: Musterstra\u00dfe 2, 12345 Musterstadt<\/dd> <dd>Religion: katholisch<\/dd> <dd>Telefonnummer: 0987654321<\/dd> <dd>E-Mail-Adresse: anna.musterfrau@example.com<\/dd> <\/dl>  <p>Wir beantragen eine standesamtliche Trauung und bitten Sie um baldige Terminvorschl\u00e4ge f\u00fcr die Zeremonie. Gerne w\u00fcrden wir unsere Eheschlie\u00dfung am <strong>Datum der Hochzeit<\/strong> in Ihren sch\u00f6nen R\u00e4umlichkeiten feiern.<\/p>  <p>Anbei finden Sie die erforderlichen Unterlagen:<\/p>  <ol> <li>Kopien unserer g\u00fcltigen Personalausweise<\/li> <li>Auszug aus dem Geburtenregister<\/li> <li>Ehef\u00e4higkeitszeugnisse (sofern erforderlich)<\/li> <li>Lebenslauf beider Partner<\/li> <li>Passfotos von uns beiden<\/li> <\/ol>  <p>Bitte teilen Sie uns mit, falls Sie weitere Unterlagen ben\u00f6tigen oder wenn weitere Schritte erforderlich sind. Wir sind gerne bereit, alle erforderlichen Ma\u00dfnahmen zu ergreifen und die n\u00f6tigen Informationen zur Verf\u00fcgung zu stellen.<\/p>  <p>Wir bedanken uns im Voraus f\u00fcr Ihre Unterst\u00fctzung und freuen uns darauf, von Ihnen zu h\u00f6ren.<\/p>  <p>Mit freundlichen Gr\u00fc\u00dfen,<\/p>  <p><strong>Max Mustermann<\/strong><\/p> <p><strong>Anna Musterfrau<\/strong><\/p> <p><strong>(Unterschriften)<\/strong><\/p><\/section><\/div><\/div>\r\n\r\n&nbsp;\r\n\r\n\r\n\r\n\r\n\r\n\r\n<p class=\"has-text-align-center\">Vorlage und Muster f\u00fcr <strong> Anschreiben Standesamt Eheschlie\u00dfung <\/strong> zur Anpassung und Erstellung  im <strong>WORD<\/strong>\u2013 und <strong>PDF-Format<\/strong><\/p>\r\n\r\n\r\n<button id=\"generatePDF\">Erstellen (PDF &#8211; WORD)<\/button>\r\n\r\n\r\n\r\n<hr class=\"wp-block-separator has-alpha-channel-opacity\" \/>\r\n\r\n\r\n\r\n<p style=\"text-align: center;\"><strong>Anschreiben Standesamt Eheschlie\u00dfung<\/strong><\/p>\r\n\r\n<div class=\"wp-block-columns is-layout-flex wp-container-core-columns-is-layout-9d6595d7 wp-block-columns-is-layout-flex\">\r\n\r\n\r\n<div class=\"wp-block-column is-layout-flow wp-block-column-is-layout-flow\"><div class=\"su-button-center\"><a href=\"https:\/\/media.essen.de\/media\/wwwessende\/aemter\/33\/formular_2\/schriftliche_anmeldung_eheschliessung.pdf\" class=\"su-button su-button-style-flat\" style=\"color:#FFFFFF;background-color:#144bb6;border-color:#103c92;border-radius:1px\" target=\"_self\"><span style=\"color:#FFFFFF;padding:0px 24px;font-size:18px;line-height:36px;border-color:#5b81cc;border-radius:1px;text-shadow:none\">   PDF <\/span><\/a><\/div>\n<\/div>\r\n\r\n\r\n\r\n<div class=\"wp-block-column is-layout-flow wp-block-column-is-layout-flow\"><div class=\"su-button-center\"><a href=\"https:\/\/se31e3d2c171b4e6f.jimcontent.com\/download\/version\/1672688536\/module\/14814121223\/name\/Taufe%20-%20Checklisten.docx\" class=\"su-button su-button-style-flat\" style=\"color:#FFFFFF;background-color:#144bb6;border-color:#103c92;border-radius:1px\" target=\"_self\"><span style=\"color:#FFFFFF;padding:0px 24px;font-size:18px;line-height:36px;border-color:#5b81cc;border-radius:1px;text-shadow:none\">   DOC<\/span><\/a><\/div>\n<\/div>\r\n\r\n\r\n<\/div>\r\n\r\n\r\n\r\n<p style=\"text-align: center;\"><strong>Beispiele<\/strong><\/p>\r\n\r\n<div class=\"wp-block-columns is-layout-flex wp-container-core-columns-is-layout-9d6595d7 wp-block-columns-is-layout-flex\">\r\n\r\n\r\n<div class=\"wp-block-column is-layout-flow wp-block-column-is-layout-flow\"><div class=\"su-button-center\"><a href=\"https:\/\/media.essen.de\/media\/wwwessende\/aemter\/33\/formular_2\/schriftliche_anmeldung_eheschliessung.pdf\" class=\"su-button su-button-style-flat\" style=\"color:#FFFFFF;background-color:#144bb6;border-color:#103c92;border-radius:1px\" target=\"_self\"><span style=\"color:#FFFFFF;padding:0px 24px;font-size:18px;line-height:36px;border-color:#5b81cc;border-radius:1px;text-shadow:none\">  Beispiel &#8211; 1 <\/span><\/a><\/div>\n<\/div>\r\n\r\n\r\n\r\n<div class=\"wp-block-column is-layout-flow wp-block-column-is-layout-flow\"><div class=\"su-button-center\"><a href=\"https:\/\/www.berlin.de\/ba-lichtenberg\/service\/standesamt\/schriftliche_anmeldung_der_eheschliessung.pdf\" class=\"su-button su-button-style-flat\" style=\"color:#FFFFFF;background-color:#144bb6;border-color:#103c92;border-radius:1px\" target=\"_self\"><span style=\"color:#FFFFFF;padding:0px 24px;font-size:18px;line-height:36px;border-color:#5b81cc;border-radius:1px;text-shadow:none\">  Beispiel &#8211; 2 <\/span><\/a><\/div>\n<\/div>\r\n\r\n\r\n<\/div>\r\n\r\n\r\n<hr class=\"wp-block-separator has-alpha-channel-opacity\" \/>\r\n\r\n\r\n\r\n<div class=\"wp-block-columns is-layout-flex wp-container-core-columns-is-layout-9d6595d7 wp-block-columns-is-layout-flex\">\r\n\r\n\r\n<div class=\"wp-block-column is-layout-flow wp-block-column-is-layout-flow\"><div class=\"su-button-center\"><a href=\"https:\/\/www.burg-reichenstein.com\/wp-content\/uploads\/Anschreiben-Standesamt.pdf\" class=\"su-button su-button-style-flat\" style=\"color:#FFFFFF;background-color:#144bb6;border-color:#103c92;border-radius:1px\" target=\"_self\"><span style=\"color:#FFFFFF;padding:0px 24px;font-size:18px;line-height:36px;border-color:#5b81cc;border-radius:1px;text-shadow:none\">  Beispiel &#8211; 3 <\/span><\/a><\/div>\n<\/div>\r\n\r\n\r\n\r\n<div class=\"wp-block-column is-layout-flow wp-block-column-is-layout-flow\"><div class=\"su-button-center\"><a href=\"https:\/\/media.essen.de\/media\/wwwessende\/aemter\/33\/formular_2\/schriftliche_anmeldung_eheschliessung.pdf\" class=\"su-button su-button-style-flat\" style=\"color:#FFFFFF;background-color:#144bb6;border-color:#103c92;border-radius:1px\" target=\"_self\"><span style=\"color:#FFFFFF;padding:0px 24px;font-size:18px;line-height:36px;border-color:#5b81cc;border-radius:1px;text-shadow:none\">  Beispiel &#8211; 4 <\/span><\/a><\/div>\n<\/div>\r\n\r\n\r\n<\/div>\r\n\r\n\r\n<hr class=\"wp-block-separator has-alpha-channel-opacity\" \/>\r\n\r\n<!-- \/wp:post-content -->\r\n\r\n<!-- wp:table {\"align\":\"center\"} -->\r\n<figure class=\"wp-block-table aligncenter\">\r\n<table>\r\n<tbody>\r\n<tr>\r\n<td style=\"text-align: center;\">Anschreiben Standesamt Eheschlie\u00dfung<\/td>\r\n<\/tr>\r\n<tr>\r\n<td style=\"text-align: center;\">PDF &#8211; WORD Datei<\/td>\r\n<\/tr>\r\n<tr>\r\n<td style=\"text-align: center;\">Bewertung: \u2b50\u2b50\u2b50\u2b50\u2b50 4.7<\/td>\r\n<\/tr>\r\n<tr>\r\n<td style=\"text-align: center;\">Ergebnisse &#8211; 1659<\/td>\r\n<\/tr>\r\n<\/tbody>\r\n<\/table>\r\n<\/figure>\r\n<!-- \/wp:table -->\r\n\r\n<!-- wp:separator -->\r\n\r\n<hr class=\"wp-block-separator has-alpha-channel-opacity\" \/>\r\n\r\n<!-- \/wp:separator -->\r\n\r\n<div class=\"su-note\"  style=\"border-color:#e5e5e5;border-radius:10px;-moz-border-radius:10px;-webkit-border-radius:10px;\"><div class=\"su-note-inner su-u-clearfix su-u-trim\" style=\"background-color:#FFFFFF;border-color:#ffffff;color:#333333;border-radius:10px;-moz-border-radius:10px;-webkit-border-radius:10px;\">\r\n\r\n<p>Ein Anschreiben f\u00fcr das Standesamt zur Eheschlie\u00dfung ist ein formeller Brief, der wichtige Informationen \u00fcber das Brautpaar und deren Absicht, zu heiraten, enth\u00e4lt. Es ist wichtig, dass das Anschreiben korrekt und pr\u00e4zise verfasst wird, um Missverst\u00e4ndnisse zu vermeiden und den Bearbeitungsprozess zu erleichtern. Diese Anleitung gibt Ihnen Tipps und Beispiele, wie Sie ein effektives Anschreiben f\u00fcr das Standesamt zur Eheschlie\u00dfung verfassen k\u00f6nnen.<\/p>  <h3>1. Einleitung<\/h3>  <p>Die Einleitung des Anschreibens sollte h\u00f6flich und respektvoll sein. Beginnen Sie mit einer h\u00f6flichen Begr\u00fc\u00dfung und stellen Sie sich und Ihren Partner vor. Geben Sie Ihren vollst\u00e4ndigen Namen, Adresse und Kontaktdaten an.<\/p>  <code><strong>Beispiel:<\/strong><\/code> <code><p>Sehr geehrtes Standesamt,<\/p><\/code> <code><p>mein Name ist [Ihr Name] und ich schreibe Ihnen im Namen meines Partners [Name Ihres Partners]. Wir m\u00f6chten unsere Absicht bekunden, zu heiraten und bitten um Informationen und Unterst\u00fctzung bei den erforderlichen Unterlagen und Verfahren.<\/p><\/code>  <h3>2. Hauptteil<\/h3>  <p>Im Hauptteil des Anschreibens sollten Sie detaillierte Informationen \u00fcber Ihre Eheschlie\u00dfung angeben. Geben Sie das voraussichtliche Datum der Eheschlie\u00dfung sowie den Ort an, an dem Sie heiraten m\u00f6chten.<\/p>  <code><strong>Beispiel:<\/strong><\/code> <code><p>Wir planen unsere Hochzeit f\u00fcr den [Datum] in [Ort]. Wir haben diesen Ort ausgew\u00e4hlt, da er f\u00fcr uns einen besonderen emotionalen Wert hat und wir uns hier das Ja-Wort geben m\u00f6chten.<\/p><\/code>  <p>Geben Sie au\u00dferdem an, ob es besondere Bed\u00fcrfnisse oder Anforderungen f\u00fcr Ihre Eheschlie\u00dfung gibt. Wenn Sie beispielsweise eine bestimmte Zeremonie oder Tradition befolgen m\u00f6chten, erw\u00e4hnen Sie dies im Anschreiben.<\/p>  <code><strong>Beispiel:<\/strong><\/code> <code><p>Wir m\u00f6chten Sie auch dar\u00fcber informieren, dass wir gerne an einer traditionellen Hochzeitszeremonie teilnehmen m\u00f6chten, die unsere kulturellen Werte und Traditionen repr\u00e4sentiert. Bitte lassen Sie uns wissen, ob dies m\u00f6glich ist und welche Schritte wir unternehmen m\u00fcssen, um dies zu erm\u00f6glichen.<\/p><\/code>  <p>Sie k\u00f6nnen auch besondere W\u00fcnsche oder Fragen in Bezug auf die Eheschlie\u00dfung im Hauptteil des Anschreibens stellen. Geben Sie an, ob Sie spezielle Dekorationen oder Musik w\u00fcnschen oder ob es andere Anliegen gibt, die Sie gerne mit dem Standesamt besprechen m\u00f6chten.<\/p>  <code><strong>Beispiel:<\/strong><\/code> <code><p>Wir w\u00fcrden uns sehr dar\u00fcber freuen, wenn wir einige Informationen \u00fcber m\u00f6gliche Dekorationsm\u00f6glichkeiten erhalten k\u00f6nnten. Wir haben ein Farbschema und einen Stil im Sinn und m\u00f6chten sicherstellen, dass die Hochzeitslocation unseren Vorstellungen entspricht. K\u00f6nnten Sie uns dabei behilflich sein?<\/p><\/code>  <h3>3. Schluss<\/h3>  <p>Der Schlussteil des Anschreibens sollte h\u00f6flich formuliert sein und Ihren Dank zum Ausdruck bringen. Bedanken Sie sich f\u00fcr die Zeit und Unterst\u00fctzung des Standesamts und dr\u00fccken Sie Ihre Vorfreude auf die Eheschlie\u00dfung aus.<\/p>  <code><strong>Beispiel:<\/strong><\/code> <code><p>Wir m\u00f6chten uns im Voraus f\u00fcr Ihre Unterst\u00fctzung bedanken und freuen uns sehr auf unsere bevorstehende Hochzeit. Wir sind zuversichtlich, dass das Standesamt uns bei allen erforderlichen Schritten und Vorbereitungen behilflich sein wird. Bitte z\u00f6gern Sie nicht, uns zu kontaktieren, falls weitere Informationen oder Dokumente ben\u00f6tigt werden.<\/p><\/code>  <p>Beenden Sie das Anschreiben mit einer freundlichen Gru\u00dfformel und unterschreiben Sie beide Partner mit Ihren vollst\u00e4ndigen Namen.<\/p>  <code><strong>Beispiel:<\/strong><\/code> <code><p>Mit freundlichen Gr\u00fc\u00dfen,<\/p><\/code> <code>[Ihr Name]<\/code> <code>[Name Ihres Partners]<\/code>  <h3>4. Formale Gestaltung und Aufbau eines effektiven Briefes<\/h3>  <p>Bei der formalen Gestaltung des Anschreibens zur Eheschlie\u00dfung sollten Sie die folgenden Punkte beachten:<\/p>  <dl> <dt><strong>Formatierung:<\/strong><\/dt> <dd>Verwenden Sie einen standardisierten Briefkopf mit Ihrer Adresse als Absender. Geben Sie das Datum des Briefes sowie das Adresse des Standesamts als Empf\u00e4nger an.<\/dd>  <dt><strong>Schriftart und -gr\u00f6\u00dfe:<\/strong><\/dt> <dd>Verwenden Sie eine gut lesbare Schriftart (z.B. Arial oder Times New Roman) und eine angemessene Schriftgr\u00f6\u00dfe (z.B. 12 Punkt).<\/dd>  <dt><strong>Abst\u00e4nde und Einr\u00fcckungen:<\/strong><\/dt> <dd>Halten Sie einen angemessenen Abstand zwischen den einzelnen Abs\u00e4tzen und verwenden Sie Einr\u00fcckungen f\u00fcr neue Abs\u00e4tze.<\/dd>  <dt><strong>Sprache und Ton:<\/strong><\/dt> <dd>Verwenden Sie eine formelle und h\u00f6fliche Sprache und dr\u00fccken Sie sich klar und pr\u00e4zise aus. Vermeiden Sie umgangssprachliche Ausdr\u00fccke oder Jargon.<\/dd>  <dt><strong>Rechtschreibung und Grammatik:<\/strong><\/dt> <dd>\u00dcberpr\u00fcfen Sie den Brief auf Rechtschreib- und Grammatikfehler. Vermeiden Sie Abk\u00fcrzungen oder informelle Schreibweisen.<\/dd> <\/dl>  <p>Ein effektiver Brief sollte gut strukturiert sein und einen klaren roten Faden haben. Teilen Sie den Brief in Abschnitte ein, um die Informationen \u00fcbersichtlich zu pr\u00e4sentieren. Verwenden Sie Abs\u00e4tze und Zwischen\u00fcberschriften, um den Text leicht lesbar zu machen.<\/p>  <p>\u00dcberpr\u00fcfen Sie den Brief sorgf\u00e4ltig, bevor Sie ihn abschicken. Stellen Sie sicher, dass alle Informationen korrekt sind und dass der Brief all Ihre Fragen und Anliegen anspricht. Untersch\u00e4tzen Sie nicht die Bedeutung eines gut geschriebenen und gut gestalteten Anschreibens f\u00fcr das Standesamt zur Eheschlie\u00dfung.<\/p>    <p>Vielen Dank und viel Erfolg bei Ihrer bevorstehenden Hochzeit!<\/p>\r\n\r\n<\/div><\/div>\r\n\r\n<!-- wp:separator -->\r\n\r\n<hr class=\"wp-block-separator has-alpha-channel-opacity\" \/>","protected":false},"excerpt":{"rendered":"<p>Muster und Vorlage f\u00fcr Anschreiben Standesamt Eheschlie\u00dfung &#8211; Ausf\u00fcllen und Erstellung &#8211; \u00d6ffnen im WORD PDF Datei und Online &nbsp; &#8230; <\/p>\n<p class=\"read-more-container\"><a title=\"\u00d6ffnen &#8211; Anschreiben Standesamt Eheschlie\u00dfung\" class=\"read-more button\" href=\"https:\/\/schreibenpro.com\/de\/anschreiben-standesamt-eheschliesssung-offnen\/#more-719\" aria-label=\"Mehr zu \u00d6ffnen &#8211; Anschreiben Standesamt Eheschlie\u00dfung\">\u00d6FFNEN <\/a><\/p>\n","protected":false},"author":1,"featured_media":0,"parent":0,"menu_order":0,"comment_status":"closed","ping_status":"closed","template":"","meta":{"footnotes":""},"class_list":{"0":"post-719","1":"page","2":"type-page","3":"status-publish","5":"infinite-scroll-item"},"yoast_head":"<!-- This site is optimized with the Yoast SEO plugin v24.6 - https:\/\/yoast.com\/wordpress\/plugins\/seo\/ -->\n<title>\u00d6ffnen - Anschreiben Standesamt Eheschlie\u00dfung - Schreiben PRO<\/title>\n<meta name=\"robots\" content=\"noindex, follow\" \/>\n<meta property=\"og:locale\" content=\"de_DE\" \/>\n<meta property=\"og:type\" content=\"article\" \/>\n<meta property=\"og:title\" content=\"\u00d6ffnen - Anschreiben Standesamt Eheschlie\u00dfung - Schreiben PRO\" \/>\n<meta property=\"og:description\" content=\"Muster und Vorlage f\u00fcr Anschreiben Standesamt Eheschlie\u00dfung &#8211; Ausf\u00fcllen und Erstellung &#8211; \u00d6ffnen im WORD PDF Datei und Online &nbsp; ... \u00d6FFNEN\" \/>\n<meta property=\"og:url\" content=\"https:\/\/schreibenpro.com\/de\/anschreiben-standesamt-eheschliesssung-offnen\/\" \/>\n<meta property=\"og:site_name\" content=\"Schreiben PRO\" \/>\n<meta property=\"og:image\" content=\"https:\/\/schreibenpro.com\/de\/wp-content\/uploads\/anschreiben-standesamt-eheschliesssung-muster-vorlage.jpg\" \/>\n<meta name=\"twitter:card\" content=\"summary_large_image\" \/>\n<meta name=\"twitter:label1\" content=\"Gesch\u00e4tzte Lesezeit\" \/>\n\t<meta name=\"twitter:data1\" content=\"1\u00a0Minute\" \/>\n<!-- \/ Yoast SEO plugin. -->","yoast_head_json":{"title":"\u00d6ffnen - Anschreiben Standesamt Eheschlie\u00dfung - Schreiben PRO","robots":{"index":"noindex","follow":"follow"},"og_locale":"de_DE","og_type":"article","og_title":"\u00d6ffnen - Anschreiben Standesamt Eheschlie\u00dfung - Schreiben PRO","og_description":"Muster und Vorlage f\u00fcr Anschreiben Standesamt Eheschlie\u00dfung &#8211; Ausf\u00fcllen und Erstellung &#8211; \u00d6ffnen im WORD PDF Datei und Online &nbsp; ... \u00d6FFNEN","og_url":"https:\/\/schreibenpro.com\/de\/anschreiben-standesamt-eheschliesssung-offnen\/","og_site_name":"Schreiben PRO","og_image":[{"url":"https:\/\/schreibenpro.com\/de\/wp-content\/uploads\/anschreiben-standesamt-eheschliesssung-muster-vorlage.jpg","type":"","width":"","height":""}],"twitter_card":"summary_large_image","twitter_misc":{"Gesch\u00e4tzte Lesezeit":"1\u00a0Minute"},"schema":{"@context":"https:\/\/schema.org","@graph":[{"@type":"WebPage","@id":"https:\/\/schreibenpro.com\/de\/anschreiben-standesamt-eheschliesssung-offnen\/","url":"https:\/\/schreibenpro.com\/de\/anschreiben-standesamt-eheschliesssung-offnen\/","name":"\u00d6ffnen - Anschreiben Standesamt Eheschlie\u00dfung - Schreiben PRO","isPartOf":{"@id":"https:\/\/schreibenpro.com\/de\/#website"},"primaryImageOfPage":{"@id":"https:\/\/schreibenpro.com\/de\/anschreiben-standesamt-eheschliesssung-offnen\/#primaryimage"},"image":{"@id":"https:\/\/schreibenpro.com\/de\/anschreiben-standesamt-eheschliesssung-offnen\/#primaryimage"},"thumbnailUrl":"https:\/\/schreibenpro.com\/de\/wp-content\/uploads\/anschreiben-standesamt-eheschliesssung-muster-vorlage.jpg","datePublished":"2023-12-18T08:25:50+00:00","breadcrumb":{"@id":"https:\/\/schreibenpro.com\/de\/anschreiben-standesamt-eheschliesssung-offnen\/#breadcrumb"},"inLanguage":"de","potentialAction":[{"@type":"ReadAction","target":["https:\/\/schreibenpro.com\/de\/anschreiben-standesamt-eheschliesssung-offnen\/"]}]},{"@type":"ImageObject","inLanguage":"de","@id":"https:\/\/schreibenpro.com\/de\/anschreiben-standesamt-eheschliesssung-offnen\/#primaryimage","url":"https:\/\/schreibenpro.com\/de\/wp-content\/uploads\/anschreiben-zum-angebot-muster-vorlage.jpg","contentUrl":"https:\/\/schreibenpro.com\/de\/wp-content\/uploads\/anschreiben-zum-angebot-muster-vorlage.jpg","width":1410,"height":2250},{"@type":"BreadcrumbList","@id":"https:\/\/schreibenpro.com\/de\/anschreiben-standesamt-eheschliesssung-offnen\/#breadcrumb","itemListElement":[{"@type":"ListItem","position":1,"name":"Portada","item":"https:\/\/schreibenpro.com\/de\/"},{"@type":"ListItem","position":2,"name":"\u00d6ffnen &#8211; Anschreiben Standesamt Eheschlie\u00dfung"}]},{"@type":"WebSite","@id":"https:\/\/schreibenpro.com\/de\/#website","url":"https:\/\/schreibenpro.com\/de\/","name":"Schreiben PRO","description":"Muster und Vorlage","publisher":{"@id":"https:\/\/schreibenpro.com\/de\/#organization"},"potentialAction":[{"@type":"SearchAction","target":{"@type":"EntryPoint","urlTemplate":"https:\/\/schreibenpro.com\/de\/?s={search_term_string}"},"query-input":{"@type":"PropertyValueSpecification","valueRequired":true,"valueName":"search_term_string"}}],"inLanguage":"de"},{"@type":"Organization","@id":"https:\/\/schreibenpro.com\/de\/#organization","name":"Schreiben PRO","url":"https:\/\/schreibenpro.com\/de\/","logo":{"@type":"ImageObject","inLanguage":"de","@id":"https:\/\/schreibenpro.com\/de\/#\/schema\/logo\/image\/","url":"https:\/\/schreibenpro.com\/de\/wp-content\/uploads\/cropped-fav.png","contentUrl":"https:\/\/schreibenpro.com\/de\/wp-content\/uploads\/cropped-fav.png","width":512,"height":512,"caption":"Schreiben PRO"},"image":{"@id":"https:\/\/schreibenpro.com\/de\/#\/schema\/logo\/image\/"}}]}},"_links":{"self":[{"href":"https:\/\/schreibenpro.com\/de\/wp-json\/wp\/v2\/pages\/719","targetHints":{"allow":["GET"]}}],"collection":[{"href":"https:\/\/schreibenpro.com\/de\/wp-json\/wp\/v2\/pages"}],"about":[{"href":"https:\/\/schreibenpro.com\/de\/wp-json\/wp\/v2\/types\/page"}],"author":[{"embeddable":true,"href":"https:\/\/schreibenpro.com\/de\/wp-json\/wp\/v2\/users\/1"}],"replies":[{"embeddable":true,"href":"https:\/\/schreibenpro.com\/de\/wp-json\/wp\/v2\/comments?post=719"}],"version-history":[{"count":0,"href":"https:\/\/schreibenpro.com\/de\/wp-json\/wp\/v2\/pages\/719\/revisions"}],"wp:attachment":[{"href":"https:\/\/schreibenpro.com\/de\/wp-json\/wp\/v2\/media?parent=719"}],"curies":[{"name":"wp","href":"https:\/\/api.w.org\/{rel}","templated":true}]}}