{"id":720,"date":"2023-12-18T08:25:51","date_gmt":"2023-12-18T08:25:51","guid":{"rendered":"https:\/\/schreibenpro.com\/de\/anschreiben-zusammenarbeit-kooperationsanfrage-offnen\/"},"modified":"2023-12-18T08:25:51","modified_gmt":"2023-12-18T08:25:51","slug":"anschreiben-zusammenarbeit-kooperationsanfrage-offnen","status":"publish","type":"page","link":"https:\/\/schreibenpro.com\/de\/anschreiben-zusammenarbeit-kooperationsanfrage-offnen\/","title":{"rendered":"\u00d6ffnen &#8211; Anschreiben Zusammenarbeit Kooperationsanfrage"},"content":{"rendered":"\r\n<p class=\"has-text-align-center\">Vorlage und Muster f\u00fcr <strong> Anschreiben Zusammenarbeit Kooperationsanfrage<\/strong> &#8211; Erstellung und Ausf\u00fcllen &#8211; \u00d6ffnen im <strong>WORD PDF<\/strong> Datei und Online<\/p>\r\n\r\n\r\n\r\n\r\n<div class=\"wp-block-image\">\r\n<figure class=\"aligncenter size-large is-resized\"><img loading=\"lazy\" decoding=\"async\" class=\"wp-image-215\" src=\"https:\/\/schreibenpro.com\/de\/wp-content\/uploads\/anschreiben-zusammenarbeit-kooperationsanfrage-muster-vorlage.jpg\" alt=\"\" width=\"245\" height=\"391\" \/><\/figure>\r\n<\/div>\r\n\r\n\r\n\r\n<hr class=\"wp-block-separator has-alpha-channel-opacity\" \/>\r\n\r\n\r\n\r\n\r\n\r\n<div class=\"su-note\"  style=\"border-color:#e5e5e5;border-radius:10px;-moz-border-radius:10px;-webkit-border-radius:10px;\"><div class=\"su-note-inner su-u-clearfix su-u-trim\" style=\"background-color:#FFFFFF;border-color:#ffffff;color:#333333;border-radius:10px;-moz-border-radius:10px;-webkit-border-radius:10px;\">\r\n\r\n<section id=\"specialParagraph\"><p><strong>Sehr geehrter [Name des Empf\u00e4ngers],<\/strong><\/p>  <p>Ich m\u00f6chte Ihnen heute eine Kooperationsanfrage bez\u00fcglich einer m\u00f6glichen Zusammenarbeit zwischen unserer Firma [Ihr Firmenname] und Ihrem Unternehmen [Empf\u00e4ngerfirmenname] vorlegen. Als einer der f\u00fchrenden Anbieter in unserer Branche sind wir der \u00dcberzeugung, dass eine Zusammenarbeit zwischen unseren Unternehmen sowohl f\u00fcr uns als auch f\u00fcr Sie von gro\u00dfem Nutzen sein k\u00f6nnte.<\/p>  <p><strong>I. Einleitung:<\/strong><\/p> <p>Um Ihnen einen besseren Eindruck von unserer Firma zu vermitteln, m\u00f6chten wir uns zuerst kurz vorstellen. [Ihr Firmenname] ist ein innovatives Unternehmen, das sich auf [Beschreibung Ihrer Firma, Produkte oder Dienstleistungen] spezialisiert hat. Mit unserer langj\u00e4hrigen Erfahrung und unserem hochqualifizierten Team haben wir uns einen hervorragenden Ruf in der Branche erarbeitet.<\/p>  <p><strong>II. Grund der Zusammenarbeit:<\/strong><\/p> <p>Wir haben Ihre Firma als idealen Partner f\u00fcr eine Zusammenarbeit identifiziert, da wir der Meinung sind, dass unsere beiden Unternehmen gemeinsam einzigartige M\u00f6glichkeiten schaffen k\u00f6nnen. Wir haben Ihre Expertise in [Beschreibung der Fachgebiete des Empf\u00e4ngerunternehmens] studiert und sind fasziniert von Ihrer Innovationskraft und Ihrem Branchenwissen.<\/p>  <p><strong>III. Kooperationsm\u00f6glichkeiten:<\/strong><\/p> <p>Wir m\u00f6chten vorschlagen, dass wir gemeinsam an [Beschreibung des konkreten Projekts oder der Zusammenarbeit] arbeiten. Durch die Kombination unserer Ressourcen, Expertisen und Netzwerke k\u00f6nnen wir innovative L\u00f6sungen entwickeln und unsere Marktpr\u00e4senz erweitern. Wir haben bereits einige konkrete Ideen in Betracht gezogen, die wir gerne in einem pers\u00f6nlichen Gespr\u00e4ch mit Ihnen besprechen w\u00fcrden.<\/p>  <p><strong>IV. Vorteile der Zusammenarbeit:<\/strong><\/p> <p>Wir sind fest davon \u00fcberzeugt, dass eine Zusammenarbeit mit [Empf\u00e4ngerfirmenname] zahlreiche Vorteile f\u00fcr beide Seiten bietet. Dazu geh\u00f6ren:<\/p> <dl> <dt>Innovationskraft:<\/dt> <dd>Die Kombination unserer Ideen und Fachkenntnisse wird es uns erm\u00f6glichen, innovative L\u00f6sungen zu entwickeln, die uns einen Vorteil auf dem Markt verschaffen.<\/dd> <dt>Erweiterung des Kundenstamms:<\/dt> <dd>Durch die Zusammenarbeit k\u00f6nnen wir neue Kundengruppen erschlie\u00dfen und unsere Reichweite erweitern.<\/dd> <dt>Effizienzsteigerung:<\/dt> <dd>Gemeinsame Ressourcennutzung und Prozessoptimierung werden zu einer effizienteren Zusammenarbeit und Kosteneinsparungen f\u00fchren.<\/dd> <dt>Imageverbesserung:<\/dt> <dd>Die Zusammenarbeit mit einem angesehenen Unternehmen wie Ihrem wird unser Image st\u00e4rken und das Vertrauen unserer Kunden und Partner steigern.<\/dd> <\/dl>  <p><strong>V. Kontakt und weitere Schritte:<\/strong><\/p> <p>Wir w\u00fcrden uns freuen, Ihnen unser Konzept und weitere Details pers\u00f6nlich zu pr\u00e4sentieren. Gerne h\u00e4tten wir die Gelegenheit, Ihre Fragen zu beantworten und unsere Ideen n\u00e4her zu erl\u00e4utern. Bitte lassen Sie uns wissen, ob Sie an einem pers\u00f6nlichen Treffen interessiert sind. Wir stehen Ihnen auch jederzeit telefonisch oder per E-Mail zur Verf\u00fcgung.<\/p>  <p><strong>VI. Schluss:<\/strong><\/p> <p>Wir sind \u00fcberzeugt, dass eine Zusammenarbeit zwischen [Ihr Firmenname] und [Empf\u00e4ngerfirmenname] ein gro\u00dfer Schritt nach vorne f\u00fcr beide Unternehmen w\u00e4re. Wir freuen uns auf Ihre positive R\u00fcckmeldung und auf die M\u00f6glichkeit, gemeinsam an Projekten zu arbeiten, die unseren Markt erweitern und unsere starke Position festigen.<\/p>  <p><b>Mit freundlichen Gr\u00fc\u00dfen<\/b><\/p>  [Ihr Name] [Ihre Position] [Ihre Firma] [Kontaktdaten]<\/section><\/div><\/div>\r\n\r\n&nbsp;\r\n\r\n\r\n\r\n\r\n\r\n\r\n<p class=\"has-text-align-center\">Vorlage und Muster f\u00fcr <strong> Anschreiben Zusammenarbeit Kooperationsanfrage <\/strong> zur Erstellung und Anpassung im <strong>WORD<\/strong>\u2013 und <strong>PDF-Format<\/strong><\/p>\r\n\r\n\r\n<button id=\"generatePDF\">Erstellen (PDF &#8211; WORD)<\/button>\r\n\r\n\r\n\r\n<hr class=\"wp-block-separator has-alpha-channel-opacity\" \/>\r\n\r\n\r\n\r\n<p style=\"text-align: center;\"><strong>Anschreiben Zusammenarbeit Kooperationsanfrage<\/strong><\/p>\r\n\r\n<div class=\"wp-block-columns is-layout-flex wp-container-core-columns-is-layout-9d6595d7 wp-block-columns-is-layout-flex\">\r\n\r\n\r\n<div class=\"wp-block-column is-layout-flow wp-block-column-is-layout-flow\"><div class=\"su-button-center\"><a href=\"https:\/\/www.hwk-muenster.de\/adbimage\/3614\/asset-original\/muster-kooperationsvertrag.pdf\" class=\"su-button su-button-style-flat\" style=\"color:#FFFFFF;background-color:#144bb6;border-color:#103c92;border-radius:1px\" target=\"_self\"><span style=\"color:#FFFFFF;padding:0px 24px;font-size:18px;line-height:36px;border-color:#5b81cc;border-radius:1px;text-shadow:none\">   PDF <\/span><\/a><\/div>\n<\/div>\r\n\r\n\r\n\r\n<div class=\"wp-block-column is-layout-flow wp-block-column-is-layout-flow\"><div class=\"su-button-center\"><a href=\"https:\/\/www.aufbaubank.de\/Download\/12472_LFE_Muster-Kooperationsvereinbarung_gueltig-ab-09-01-23.docx\" class=\"su-button su-button-style-flat\" style=\"color:#FFFFFF;background-color:#144bb6;border-color:#103c92;border-radius:1px\" target=\"_self\"><span style=\"color:#FFFFFF;padding:0px 24px;font-size:18px;line-height:36px;border-color:#5b81cc;border-radius:1px;text-shadow:none\">   DOC<\/span><\/a><\/div>\n<\/div>\r\n\r\n\r\n<\/div>\r\n\r\n\r\n\r\n<p style=\"text-align: center;\"><strong>Beispiele<\/strong><\/p>\r\n\r\n<div class=\"wp-block-columns is-layout-flex wp-container-core-columns-is-layout-9d6595d7 wp-block-columns-is-layout-flex\">\r\n\r\n\r\n<div class=\"wp-block-column is-layout-flow wp-block-column-is-layout-flow\"><div class=\"su-button-center\"><a href=\"https:\/\/www.hwk-muenster.de\/adbimage\/3614\/asset-original\/muster-kooperationsvertrag.pdf\" class=\"su-button su-button-style-flat\" style=\"color:#FFFFFF;background-color:#144bb6;border-color:#103c92;border-radius:1px\" target=\"_self\"><span style=\"color:#FFFFFF;padding:0px 24px;font-size:18px;line-height:36px;border-color:#5b81cc;border-radius:1px;text-shadow:none\">  Beispiel &#8211; 1 <\/span><\/a><\/div>\n<\/div>\r\n\r\n\r\n\r\n<div class=\"wp-block-column is-layout-flow wp-block-column-is-layout-flow\"><div class=\"su-button-center\"><a href=\"https:\/\/www.ihk-muenchen.de\/ihk\/documents\/Branchen\/Dienstleistung\/Kooperationen.pdf\" class=\"su-button su-button-style-flat\" style=\"color:#FFFFFF;background-color:#144bb6;border-color:#103c92;border-radius:1px\" target=\"_self\"><span style=\"color:#FFFFFF;padding:0px 24px;font-size:18px;line-height:36px;border-color:#5b81cc;border-radius:1px;text-shadow:none\">  Beispiel &#8211; 2 <\/span><\/a><\/div>\n<\/div>\r\n\r\n\r\n<\/div>\r\n\r\n\r\n<hr class=\"wp-block-separator has-alpha-channel-opacity\" \/>\r\n\r\n\r\n\r\n<div class=\"wp-block-columns is-layout-flex wp-container-core-columns-is-layout-9d6595d7 wp-block-columns-is-layout-flex\">\r\n\r\n\r\n<div class=\"wp-block-column is-layout-flow wp-block-column-is-layout-flow\"><div class=\"su-button-center\"><a href=\"https:\/\/www.handelskammer.bz.it\/sites\/default\/files\/uploaded_files\/sviluppo_impresa\/1145_Muster%20f%C3%BCr%20eine%20Kooperationsvereinbarung.pdf\" class=\"su-button su-button-style-flat\" style=\"color:#FFFFFF;background-color:#144bb6;border-color:#103c92;border-radius:1px\" target=\"_self\"><span style=\"color:#FFFFFF;padding:0px 24px;font-size:18px;line-height:36px;border-color:#5b81cc;border-radius:1px;text-shadow:none\">  Beispiel &#8211; 3 <\/span><\/a><\/div>\n<\/div>\r\n\r\n\r\n\r\n<div class=\"wp-block-column is-layout-flow wp-block-column-is-layout-flow\"><div class=\"su-button-center\"><a href=\"https:\/\/www.hwk-muenster.de\/adbimage\/3614\/asset-original\/muster-kooperationsvertrag.pdf\" class=\"su-button su-button-style-flat\" style=\"color:#FFFFFF;background-color:#144bb6;border-color:#103c92;border-radius:1px\" target=\"_self\"><span style=\"color:#FFFFFF;padding:0px 24px;font-size:18px;line-height:36px;border-color:#5b81cc;border-radius:1px;text-shadow:none\">  Beispiel &#8211; 4 <\/span><\/a><\/div>\n<\/div>\r\n\r\n\r\n<\/div>\r\n\r\n\r\n<hr class=\"wp-block-separator has-alpha-channel-opacity\" \/>\r\n\r\n<!-- \/wp:post-content -->\r\n\r\n<!-- wp:table {\"align\":\"center\"} -->\r\n<figure class=\"wp-block-table aligncenter\">\r\n<table>\r\n<tbody>\r\n<tr>\r\n<td style=\"text-align: center;\">Anschreiben Zusammenarbeit Kooperationsanfrage<\/td>\r\n<\/tr>\r\n<tr>\r\n<td style=\"text-align: center;\">PDF &#8211; WORD Datei<\/td>\r\n<\/tr>\r\n<tr>\r\n<td style=\"text-align: center;\">Bewertung: \u2b50\u2b50\u2b50\u2b50\u2b50 4.36<\/td>\r\n<\/tr>\r\n<tr>\r\n<td style=\"text-align: center;\">Ergebnisse &#8211; 6795<\/td>\r\n<\/tr>\r\n<\/tbody>\r\n<\/table>\r\n<\/figure>\r\n<!-- \/wp:table -->\r\n\r\n<!-- wp:separator -->\r\n\r\n<hr class=\"wp-block-separator has-alpha-channel-opacity\" \/>\r\n\r\n<!-- \/wp:separator -->\r\n\r\n<div class=\"su-note\"  style=\"border-color:#e5e5e5;border-radius:10px;-moz-border-radius:10px;-webkit-border-radius:10px;\"><div class=\"su-note-inner su-u-clearfix su-u-trim\" style=\"background-color:#FFFFFF;border-color:#ffffff;color:#333333;border-radius:10px;-moz-border-radius:10px;-webkit-border-radius:10px;\">\r\n\r\n<p>Das Anschreiben f\u00fcr eine Zusammenarbeit oder Kooperationsanfrage ist eine wichtige M\u00f6glichkeit, um potenzielle Gesch\u00e4ftspartner oder Unternehmen anzusprechen. Es sollte gut strukturiert und \u00fcberzeugend sein, um Aufmerksamkeit zu erregen und Interesse zu wecken. In diesem Leitfaden werden die verschiedenen Schritte und Bestandteile eines solchen Anschreibens ausf\u00fchrlich erl\u00e4utert, um Ihnen bei der Erstellung eines effektiven und professionellen Schreibens zu helfen.<\/p>  <h3>1. Einleitung<\/h3> <p>Die Einleitung ist der erste Teil des Anschreibens und dient dazu, das Interesse des Lesers zu wecken und einen positiven Eindruck zu hinterlassen. Beginnen Sie das Anschreiben mit einer h\u00f6flichen und ansprechenden Anrede, adressiert an die entsprechende Person oder das Unternehmen. \u00dcberpr\u00fcfen Sie vorab, ob Sie den richtigen Ansprechpartner haben.<\/p>  <p><strong>Beispiel:<\/strong><\/p> <p>&#8220;Sehr geehrter Herr\/Frau [Name des Ansprechpartners],&#8221;<\/p>  <p>Nach der Anrede sollten Sie in wenigen pr\u00e4gnanten S\u00e4tzen den Grund f\u00fcr Ihr Schreiben erl\u00e4utern. Stellen Sie klar, dass Sie an einer Zusammenarbeit oder Kooperation mit dem Unternehmen interessiert sind und warum. Begr\u00fcnden Sie, was Sie von einer Zusammenarbeit erhoffen und welche Vorteile sie f\u00fcr beide Parteien haben k\u00f6nnte.<\/p>  <p><strong>Beispiel:<\/strong><\/p> <p>&#8220;Ich schreibe Ihnen, weil ich an einer m\u00f6glichen Zusammenarbeit mit Ihrem Unternehmen im Bereich [Bereich des Unternehmens] interessiert bin. Durch eine Zusammenarbeit k\u00f6nnten wir unsere Kompetenzen kombinieren und gemeinsam von neuen Gesch\u00e4ftsm\u00f6glichkeiten profitieren.&#8221;<\/p>  <h3>2. Hauptteil<\/h3> <p>Der Hauptteil des Anschreibens dient dazu, Ihre F\u00e4higkeiten, Erfahrungen und Qualifikationen herauszustellen und zu erkl\u00e4ren, warum Sie eine gute Wahl f\u00fcr eine Zusammenarbeit oder Kooperation sind. Gehen Sie detailliert auf Ihre Erfolge, Projekte und Referenzen ein, die relevant f\u00fcr die angestrebte Zusammenarbeit sind. Verkn\u00fcpfen Sie Ihre F\u00e4higkeiten mit den Zielen und Interessen des Unternehmens, um zu zeigen, dass Sie gut zusammenpassen.<\/p>  <p><strong>Beispiel:<\/strong><\/p> <p>&#8220;In den letzten f\u00fcnf Jahren habe ich erfolgreich mehrere Projekte im Bereich [Bereich des Unternehmens] geleitet und dabei signifikante Ergebnisse erzielt. Meine Fachkenntnisse in [spezifische F\u00e4higkeiten] und meine Erfahrung mit [spezifische Projekte\/Referenzen] machen mich zu einem idealen Partner f\u00fcr eine Zusammenarbeit mit Ihrem Unternehmen. Ich bin \u00fcberzeugt, dass wir gemeinsam innovative L\u00f6sungen entwickeln k\u00f6nnen, um den Markt weiterzuentwickeln und neue Chancen zu nutzen.&#8221;<\/p>  <p>Zus\u00e4tzlich dazu k\u00f6nnen Sie in diesem Teil des Anschreibens auch weitere Informationen \u00fcber Ihr Unternehmen oder Ihre Organisation bereitstellen, sofern diese relevant sind und den Wert Ihrer Zusammenarbeit unterstreichen.<\/p>  <h3>3. Schluss<\/h3> <p>Der Schluss des Anschreibens sollte eine bieten und den Leser ermutigen, auf Ihr Angebot einzugehen. Bedanken Sie sich f\u00fcr die Zeit und Aufmerksamkeit des Lesers und dr\u00fccken Sie Ihr Interesse an weiteren Gespr\u00e4chen und m\u00f6glichen n\u00e4chsten Schritten aus. Geben Sie Ihre Kontaktdaten an, um es dem Leser leicht zu machen, mit Ihnen in Verbindung zu treten.<\/p>  <p><strong>Beispiel:<\/strong><\/p> <p>&#8220;Vielen Dank f\u00fcr Ihre Aufmerksamkeit und die Zeit, die Sie sich genommen haben, mein Anschreiben zu lesen. Ich w\u00fcrde mich freuen, weitere Einzelheiten zu besprechen und die M\u00f6glichkeit einer Zusammenarbeit auszuloten. Bitte z\u00f6gern Sie nicht, mich per E-Mail unter [Ihre E-Mail-Adresse] oder telefonisch unter [Ihre Telefonnummer] zu kontaktieren. Ich freue mich darauf, von Ihnen zu h\u00f6ren.&#8221;<\/p>  <h3>4. Formale Gestaltung und Aufbau<\/h3> <p>Ein effektives Anschreiben f\u00fcr eine Zusammenarbeit oder Kooperationsanfrage sollte einige grundlegende formale Elemente enthalten:<\/p>  <dl> <dt>Format:<\/dt> <dd>Verwenden Sie ein professionelles Format f\u00fcr Ihr Schreiben, wie beispielsweise einen Gesch\u00e4ftsbriefstil.<\/dd>  <dt>Schriftart und Gr\u00f6\u00dfe:<\/dt> <dd>W\u00e4hlen Sie eine gut lesbare Schriftart wie Arial oder Times New Roman und eine angemessene Schriftgr\u00f6\u00dfe von 11 oder 12pt.<\/dd>  <dt>Einr\u00fcckung und Ausrichtung:<\/dt> <dd>Einr\u00fccken Sie den ersten Satz jedes Absatzes und richten Sie den Rest des Textes linksb\u00fcndig aus.<\/dd>  <dt>Unterschrift:<\/dt> <dd>Verwenden Sie am Ende des Schreibens eine professionelle Gru\u00dfformel wie &#8220;Mit freundlichen Gr\u00fc\u00dfen&#8221; und unterschreiben Sie handschriftlich.<\/dd> <\/dl>  <p>Denken Sie daran, dass es wichtig ist, den Brief interessant und \u00fcberzeugend zu gestalten. Vermeiden Sie es, zu lange S\u00e4tze zu verwenden und halten Sie den Text pr\u00e4gnant und leicht verst\u00e4ndlich.<\/p>  <p>Es kann auch hilfreich sein, das Anschreiben vor dem Versenden an eine andere Person zu senden, um Feedback und Verbesserungsvorschl\u00e4ge zu erhalten. Eine sorgf\u00e4ltige \u00dcberpr\u00fcfung auf Fehler, Rechtschreibung und Grammatik ist ebenfalls unerl\u00e4sslich, um einen professionellen Eindruck zu hinterlassen.<\/p>  <p>Indem Sie diese Schritte und Bestandteile befolgen und Ihren Brief sorgf\u00e4ltig gestalten, werden Sie die besten Chancen haben, potenzielle Gesch\u00e4ftspartner oder Unternehmen von Ihrer Zusammenarbeit zu \u00fcberzeugen. Viel Erfolg!<\/p>\r\n\r\n<\/div><\/div>\r\n\r\n<!-- wp:separator -->\r\n\r\n<hr class=\"wp-block-separator has-alpha-channel-opacity\" \/>","protected":false},"excerpt":{"rendered":"<p>Vorlage und Muster f\u00fcr Anschreiben Zusammenarbeit Kooperationsanfrage &#8211; Erstellung und Ausf\u00fcllen &#8211; \u00d6ffnen im WORD PDF Datei und Online &nbsp; &#8230; <\/p>\n<p class=\"read-more-container\"><a title=\"\u00d6ffnen &#8211; Anschreiben Zusammenarbeit Kooperationsanfrage\" class=\"read-more button\" href=\"https:\/\/schreibenpro.com\/de\/anschreiben-zusammenarbeit-kooperationsanfrage-offnen\/#more-720\" aria-label=\"Mehr zu \u00d6ffnen &#8211; Anschreiben Zusammenarbeit Kooperationsanfrage\">\u00d6FFNEN <\/a><\/p>\n","protected":false},"author":1,"featured_media":0,"parent":0,"menu_order":0,"comment_status":"closed","ping_status":"closed","template":"","meta":{"footnotes":""},"class_list":{"0":"post-720","1":"page","2":"type-page","3":"status-publish","5":"infinite-scroll-item"},"yoast_head":"<!-- This site is optimized with the Yoast SEO plugin v24.6 - https:\/\/yoast.com\/wordpress\/plugins\/seo\/ -->\n<title>\u00d6ffnen - Anschreiben Zusammenarbeit Kooperationsanfrage - Schreiben PRO<\/title>\n<meta name=\"robots\" content=\"noindex, follow\" \/>\n<meta property=\"og:locale\" content=\"de_DE\" \/>\n<meta property=\"og:type\" content=\"article\" \/>\n<meta property=\"og:title\" content=\"\u00d6ffnen - Anschreiben Zusammenarbeit Kooperationsanfrage - Schreiben PRO\" \/>\n<meta property=\"og:description\" content=\"Vorlage und Muster f\u00fcr Anschreiben Zusammenarbeit Kooperationsanfrage &#8211; Erstellung und Ausf\u00fcllen &#8211; \u00d6ffnen im WORD PDF Datei und Online &nbsp; ... \u00d6FFNEN\" \/>\n<meta property=\"og:url\" content=\"https:\/\/schreibenpro.com\/de\/anschreiben-zusammenarbeit-kooperationsanfrage-offnen\/\" \/>\n<meta property=\"og:site_name\" content=\"Schreiben PRO\" \/>\n<meta property=\"og:image\" content=\"https:\/\/schreibenpro.com\/de\/wp-content\/uploads\/anschreiben-zusammenarbeit-kooperationsanfrage-muster-vorlage.jpg\" \/>\n<meta name=\"twitter:card\" content=\"summary_large_image\" \/>\n<meta name=\"twitter:label1\" content=\"Gesch\u00e4tzte Lesezeit\" \/>\n\t<meta name=\"twitter:data1\" content=\"1\u00a0Minute\" \/>\n<!-- \/ Yoast SEO plugin. -->","yoast_head_json":{"title":"\u00d6ffnen - Anschreiben Zusammenarbeit Kooperationsanfrage - Schreiben PRO","robots":{"index":"noindex","follow":"follow"},"og_locale":"de_DE","og_type":"article","og_title":"\u00d6ffnen - Anschreiben Zusammenarbeit Kooperationsanfrage - Schreiben PRO","og_description":"Vorlage und Muster f\u00fcr Anschreiben Zusammenarbeit Kooperationsanfrage &#8211; Erstellung und Ausf\u00fcllen &#8211; \u00d6ffnen im WORD PDF Datei und Online &nbsp; ... \u00d6FFNEN","og_url":"https:\/\/schreibenpro.com\/de\/anschreiben-zusammenarbeit-kooperationsanfrage-offnen\/","og_site_name":"Schreiben PRO","og_image":[{"url":"https:\/\/schreibenpro.com\/de\/wp-content\/uploads\/anschreiben-zusammenarbeit-kooperationsanfrage-muster-vorlage.jpg","type":"","width":"","height":""}],"twitter_card":"summary_large_image","twitter_misc":{"Gesch\u00e4tzte Lesezeit":"1\u00a0Minute"},"schema":{"@context":"https:\/\/schema.org","@graph":[{"@type":"WebPage","@id":"https:\/\/schreibenpro.com\/de\/anschreiben-zusammenarbeit-kooperationsanfrage-offnen\/","url":"https:\/\/schreibenpro.com\/de\/anschreiben-zusammenarbeit-kooperationsanfrage-offnen\/","name":"\u00d6ffnen - Anschreiben Zusammenarbeit Kooperationsanfrage - Schreiben PRO","isPartOf":{"@id":"https:\/\/schreibenpro.com\/de\/#website"},"primaryImageOfPage":{"@id":"https:\/\/schreibenpro.com\/de\/anschreiben-zusammenarbeit-kooperationsanfrage-offnen\/#primaryimage"},"image":{"@id":"https:\/\/schreibenpro.com\/de\/anschreiben-zusammenarbeit-kooperationsanfrage-offnen\/#primaryimage"},"thumbnailUrl":"https:\/\/schreibenpro.com\/de\/wp-content\/uploads\/anschreiben-zusammenarbeit-kooperationsanfrage-muster-vorlage.jpg","datePublished":"2023-12-18T08:25:51+00:00","breadcrumb":{"@id":"https:\/\/schreibenpro.com\/de\/anschreiben-zusammenarbeit-kooperationsanfrage-offnen\/#breadcrumb"},"inLanguage":"de","potentialAction":[{"@type":"ReadAction","target":["https:\/\/schreibenpro.com\/de\/anschreiben-zusammenarbeit-kooperationsanfrage-offnen\/"]}]},{"@type":"ImageObject","inLanguage":"de","@id":"https:\/\/schreibenpro.com\/de\/anschreiben-zusammenarbeit-kooperationsanfrage-offnen\/#primaryimage","url":"https:\/\/schreibenpro.com\/de\/wp-content\/uploads\/anschreiben-zum-angebot-muster-vorlage.jpg","contentUrl":"https:\/\/schreibenpro.com\/de\/wp-content\/uploads\/anschreiben-zum-angebot-muster-vorlage.jpg","width":1410,"height":2250},{"@type":"BreadcrumbList","@id":"https:\/\/schreibenpro.com\/de\/anschreiben-zusammenarbeit-kooperationsanfrage-offnen\/#breadcrumb","itemListElement":[{"@type":"ListItem","position":1,"name":"Portada","item":"https:\/\/schreibenpro.com\/de\/"},{"@type":"ListItem","position":2,"name":"\u00d6ffnen &#8211; Anschreiben Zusammenarbeit Kooperationsanfrage"}]},{"@type":"WebSite","@id":"https:\/\/schreibenpro.com\/de\/#website","url":"https:\/\/schreibenpro.com\/de\/","name":"Schreiben PRO","description":"Muster und Vorlage","publisher":{"@id":"https:\/\/schreibenpro.com\/de\/#organization"},"potentialAction":[{"@type":"SearchAction","target":{"@type":"EntryPoint","urlTemplate":"https:\/\/schreibenpro.com\/de\/?s={search_term_string}"},"query-input":{"@type":"PropertyValueSpecification","valueRequired":true,"valueName":"search_term_string"}}],"inLanguage":"de"},{"@type":"Organization","@id":"https:\/\/schreibenpro.com\/de\/#organization","name":"Schreiben PRO","url":"https:\/\/schreibenpro.com\/de\/","logo":{"@type":"ImageObject","inLanguage":"de","@id":"https:\/\/schreibenpro.com\/de\/#\/schema\/logo\/image\/","url":"https:\/\/schreibenpro.com\/de\/wp-content\/uploads\/cropped-fav.png","contentUrl":"https:\/\/schreibenpro.com\/de\/wp-content\/uploads\/cropped-fav.png","width":512,"height":512,"caption":"Schreiben PRO"},"image":{"@id":"https:\/\/schreibenpro.com\/de\/#\/schema\/logo\/image\/"}}]}},"_links":{"self":[{"href":"https:\/\/schreibenpro.com\/de\/wp-json\/wp\/v2\/pages\/720","targetHints":{"allow":["GET"]}}],"collection":[{"href":"https:\/\/schreibenpro.com\/de\/wp-json\/wp\/v2\/pages"}],"about":[{"href":"https:\/\/schreibenpro.com\/de\/wp-json\/wp\/v2\/types\/page"}],"author":[{"embeddable":true,"href":"https:\/\/schreibenpro.com\/de\/wp-json\/wp\/v2\/users\/1"}],"replies":[{"embeddable":true,"href":"https:\/\/schreibenpro.com\/de\/wp-json\/wp\/v2\/comments?post=720"}],"version-history":[{"count":0,"href":"https:\/\/schreibenpro.com\/de\/wp-json\/wp\/v2\/pages\/720\/revisions"}],"wp:attachment":[{"href":"https:\/\/schreibenpro.com\/de\/wp-json\/wp\/v2\/media?parent=720"}],"curies":[{"name":"wp","href":"https:\/\/api.w.org\/{rel}","templated":true}]}}