{"id":721,"date":"2023-12-18T08:25:51","date_gmt":"2023-12-18T08:25:51","guid":{"rendered":"https:\/\/schreibenpro.com\/de\/bachelorarbeit-professor-anschreiben-offnen\/"},"modified":"2023-12-18T08:25:51","modified_gmt":"2023-12-18T08:25:51","slug":"bachelorarbeit-professor-anschreiben-offnen","status":"publish","type":"page","link":"https:\/\/schreibenpro.com\/de\/bachelorarbeit-professor-anschreiben-offnen\/","title":{"rendered":"\u00d6ffnen &#8211; Bachelorarbeit Professor Anschreiben"},"content":{"rendered":"\r\n<p class=\"has-text-align-center\">Vorlage und Muster f\u00fcr <strong> Bachelorarbeit Professor Anschreiben<\/strong> &#8211; Erstellung und Ausf\u00fcllen &#8211; \u00d6ffnen im <strong>PDF WORD<\/strong> Datei und Online<\/p>\r\n\r\n\r\n\r\n\r\n<div class=\"wp-block-image\">\r\n<figure class=\"aligncenter size-large is-resized\"><img loading=\"lazy\" decoding=\"async\" class=\"wp-image-215\" src=\"https:\/\/schreibenpro.com\/de\/wp-content\/uploads\/bachelorarbeit-professor-anschreiben-muster-vorlage.jpg\" alt=\"\" width=\"245\" height=\"391\" \/><\/figure>\r\n<\/div>\r\n\r\n\r\n\r\n<hr class=\"wp-block-separator has-alpha-channel-opacity\" \/>\r\n\r\n\r\n\r\n\r\n\r\n<div class=\"su-note\"  style=\"border-color:#e5e5e5;border-radius:10px;-moz-border-radius:10px;-webkit-border-radius:10px;\"><div class=\"su-note-inner su-u-clearfix su-u-trim\" style=\"background-color:#FFFFFF;border-color:#ffffff;color:#333333;border-radius:10px;-moz-border-radius:10px;-webkit-border-radius:10px;\">\r\n\r\n<section id=\"specialParagraph\"><p>Sehr geehrter Professor [Nachname des Professors],<\/p>  <p>Ich hoffe, dass Ihnen diese E-Mail bei bester Gesundheit erreicht. Mein Name ist [Ihr Name] und ich bin Student an der [Universit\u00e4t\/ Hochschule] und werde voraussichtlich im [Monat\/Jahr] meinen Bachelor in [Studienfach] abschlie\u00dfen. Ich wende mich an Sie, um mich \u00fcber die M\u00f6glichkeit zu informieren, meine Bachelorarbeit unter Ihrer Betreuung zu schreiben.<\/p>  <p>Ich habe Ihr Forschungsprofil gr\u00fcndlich studiert und bin von Ihrer Expertise in [spezifischem Forschungsbereich] beeindruckt. Insbesondere haben Ihre Publikationen zu [spezifisches Thema] mein Interesse geweckt. Ich war fasziniert von Ihrer analytischen Herangehensweise und den innovativen Methoden, die Sie in Ihrer Forschung anwenden.<\/p>  <p>Meine Bachelorarbeit soll das Thema [kurze Beschreibung des Themas] behandeln und ich bin \u00fcberzeugt, dass Ihre Fachkenntnisse und Erfahrungen einen wertvollen Beitrag zur erfolgreichen Durchf\u00fchrung meines Projekts leisten k\u00f6nnen. Ich w\u00e4re sehr dankbar, wenn Sie meine Arbeit betreuen k\u00f6nnten und mich dabei unterst\u00fctzen k\u00f6nnten, mein Wissen in diesem Bereich zu vertiefen.<\/p>  <p>Im Folgenden habe ich die Gliederung meiner Bachelorarbeit beigef\u00fcgt:<\/p>  <ol> <li>Einf\u00fchrung <ol> <li>Hintergrund und Motivation<\/li> <li>Forschungsfrage(n)<\/li> <li>Zielsetzung<\/li> <\/ol> <\/li> <li>Theoretischer Rahmen <ol> <li>\u00dcberblick \u00fcber relevante Theorien<\/li> <li>Vorherige Forschungsergebnisse<\/li> <\/ol> <\/li> <li>Forschungsmethoden <ol> <li>Datenbeschaffung<\/li> <li>Data-Analysemethoden<\/li> <\/ol> <\/li> <li>Ergebnisse und Diskussion<\/li> <li>Zusammenfassung und Ausblick<\/li> <\/ol>  <p>Ich werde in den n\u00e4chsten Wochen eine ausf\u00fchrliche Projektbeschreibung einf\u00fchren, um Ihnen einen detaillierten Einblick in meine Bachelorarbeit zu erm\u00f6glichen. Bitte lassen Sie mich wissen, ob ich weitere Informationen bereitstellen soll oder wenn Sie spezifische Anforderungen oder Erwartungen an meine Arbeit haben.<\/p>  <p>Ich bin sehr motiviert, diese Bachelorarbeit unter Ihrer Aufsicht zu schreiben und bin zuversichtlich, dass Ihre fachliche Anleitung dazu beitragen wird, meine Forschung auf ein h\u00f6heres Niveau zu bringen. \u00dcber ein kurzes Treffen, um meine Ideen pers\u00f6nlich zu besprechen, w\u00fcrde ich mich sehr freuen.<\/p>  <p>Vielen Dank im Voraus f\u00fcr Ihre Zeit und \u00dcberlegung. Ich freue mich auf die M\u00f6glichkeit, mit Ihnen zusammenzuarbeiten und von Ihrer Expertise zu profitieren.<\/p>  <p>Mit freundlichen Gr\u00fc\u00dfen,<\/p>  [Ihr Name]<\/section><\/div><\/div>\r\n\r\n&nbsp;\r\n\r\n\r\n\r\n\r\n\r\n\r\n<p class=\"has-text-align-center\">Vorlage und Muster f\u00fcr <strong> Bachelorarbeit Professor Anschreiben <\/strong> zur Erstellung und Anpassung im <strong>WORD<\/strong>\u2013 und <strong>PDF-Format<\/strong><\/p>\r\n\r\n\r\n<button id=\"generatePDF\">Erstellen (PDF &#8211; WORD)<\/button>\r\n\r\n\r\n\r\n<hr class=\"wp-block-separator has-alpha-channel-opacity\" \/>\r\n\r\n\r\n\r\n<p style=\"text-align: center;\"><strong>Bachelorarbeit Professor Anschreiben<\/strong><\/p>\r\n\r\n<div class=\"wp-block-columns is-layout-flex wp-container-core-columns-is-layout-9d6595d7 wp-block-columns-is-layout-flex\">\r\n\r\n\r\n<div class=\"wp-block-column is-layout-flow wp-block-column-is-layout-flow\"><div class=\"su-button-center\"><a href=\"https:\/\/thesius.de\/blog\/wp-content\/uploads\/2017\/08\/Anleitung-E-Mail-an-den-Professor-1.pdf\" class=\"su-button su-button-style-flat\" style=\"color:#FFFFFF;background-color:#144bb6;border-color:#103c92;border-radius:1px\" target=\"_self\"><span style=\"color:#FFFFFF;padding:0px 24px;font-size:18px;line-height:36px;border-color:#5b81cc;border-radius:1px;text-shadow:none\">   PDF <\/span><\/a><\/div>\n<\/div>\r\n\r\n\r\n\r\n<div class=\"wp-block-column is-layout-flow wp-block-column-is-layout-flow\"><div class=\"su-button-center\"><a href=\"https:\/\/www.uni-due.de\/imperia\/md\/content\/biologie\/promoleit0623docx.docx\" class=\"su-button su-button-style-flat\" style=\"color:#FFFFFF;background-color:#144bb6;border-color:#103c92;border-radius:1px\" target=\"_self\"><span style=\"color:#FFFFFF;padding:0px 24px;font-size:18px;line-height:36px;border-color:#5b81cc;border-radius:1px;text-shadow:none\">   DOC<\/span><\/a><\/div>\n<\/div>\r\n\r\n\r\n<\/div>\r\n\r\n\r\n\r\n<p style=\"text-align: center;\"><strong>Beispiele<\/strong><\/p>\r\n\r\n<div class=\"wp-block-columns is-layout-flex wp-container-core-columns-is-layout-9d6595d7 wp-block-columns-is-layout-flex\">\r\n\r\n\r\n<div class=\"wp-block-column is-layout-flow wp-block-column-is-layout-flow\"><div class=\"su-button-center\"><a href=\"https:\/\/thesius.de\/blog\/wp-content\/uploads\/2017\/08\/Anleitung-E-Mail-an-den-Professor-1.pdf\" class=\"su-button su-button-style-flat\" style=\"color:#FFFFFF;background-color:#144bb6;border-color:#103c92;border-radius:1px\" target=\"_self\"><span style=\"color:#FFFFFF;padding:0px 24px;font-size:18px;line-height:36px;border-color:#5b81cc;border-radius:1px;text-shadow:none\">  Beispiel &#8211; 1 <\/span><\/a><\/div>\n<\/div>\r\n\r\n\r\n\r\n<div class=\"wp-block-column is-layout-flow wp-block-column-is-layout-flow\"><div class=\"su-button-center\"><a href=\"https:\/\/ib.uni-koeln.de\/sites\/jaeger\/onlinetutorium\/Informationen_zu_Abschlussarbeiten\/Wie_schreibe_ich_eine_Bachelorarbeit_09072020.pdf\" class=\"su-button su-button-style-flat\" style=\"color:#FFFFFF;background-color:#144bb6;border-color:#103c92;border-radius:1px\" target=\"_self\"><span style=\"color:#FFFFFF;padding:0px 24px;font-size:18px;line-height:36px;border-color:#5b81cc;border-radius:1px;text-shadow:none\">  Beispiel &#8211; 2 <\/span><\/a><\/div>\n<\/div>\r\n\r\n\r\n<\/div>\r\n\r\n\r\n<hr class=\"wp-block-separator has-alpha-channel-opacity\" \/>\r\n\r\n\r\n\r\n<div class=\"wp-block-columns is-layout-flex wp-container-core-columns-is-layout-9d6595d7 wp-block-columns-is-layout-flex\">\r\n\r\n\r\n<div class=\"wp-block-column is-layout-flow wp-block-column-is-layout-flow\"><div class=\"su-button-center\"><a href=\"https:\/\/etm.entechnon.kit.edu\/downloads\/Ablauf%20Abschlussarbeiten.pdf\" class=\"su-button su-button-style-flat\" style=\"color:#FFFFFF;background-color:#144bb6;border-color:#103c92;border-radius:1px\" target=\"_self\"><span style=\"color:#FFFFFF;padding:0px 24px;font-size:18px;line-height:36px;border-color:#5b81cc;border-radius:1px;text-shadow:none\">  Beispiel &#8211; 3 <\/span><\/a><\/div>\n<\/div>\r\n\r\n\r\n\r\n<div class=\"wp-block-column is-layout-flow wp-block-column-is-layout-flow\"><div class=\"su-button-center\"><a href=\"https:\/\/thesius.de\/blog\/wp-content\/uploads\/2017\/08\/Anleitung-E-Mail-an-den-Professor-1.pdf\" class=\"su-button su-button-style-flat\" style=\"color:#FFFFFF;background-color:#144bb6;border-color:#103c92;border-radius:1px\" target=\"_self\"><span style=\"color:#FFFFFF;padding:0px 24px;font-size:18px;line-height:36px;border-color:#5b81cc;border-radius:1px;text-shadow:none\">  Beispiel &#8211; 4 <\/span><\/a><\/div>\n<\/div>\r\n\r\n\r\n<\/div>\r\n\r\n\r\n<hr class=\"wp-block-separator has-alpha-channel-opacity\" \/>\r\n\r\n<!-- \/wp:post-content -->\r\n\r\n<!-- wp:table {\"align\":\"center\"} -->\r\n<figure class=\"wp-block-table aligncenter\">\r\n<table>\r\n<tbody>\r\n<tr>\r\n<td style=\"text-align: center;\">Bachelorarbeit Professor Anschreiben<\/td>\r\n<\/tr>\r\n<tr>\r\n<td style=\"text-align: center;\">PDF &#8211; WORD Datei<\/td>\r\n<\/tr>\r\n<tr>\r\n<td style=\"text-align: center;\">Bewertung: \u2b50\u2b50\u2b50\u2b50\u2b50 4.46<\/td>\r\n<\/tr>\r\n<tr>\r\n<td style=\"text-align: center;\">Ergebnisse &#8211; 2464<\/td>\r\n<\/tr>\r\n<\/tbody>\r\n<\/table>\r\n<\/figure>\r\n<!-- \/wp:table -->\r\n\r\n<!-- wp:separator -->\r\n\r\n<hr class=\"wp-block-separator has-alpha-channel-opacity\" \/>\r\n\r\n<!-- \/wp:separator -->\r\n\r\n<div class=\"su-note\"  style=\"border-color:#e5e5e5;border-radius:10px;-moz-border-radius:10px;-webkit-border-radius:10px;\"><div class=\"su-note-inner su-u-clearfix su-u-trim\" style=\"background-color:#FFFFFF;border-color:#ffffff;color:#333333;border-radius:10px;-moz-border-radius:10px;-webkit-border-radius:10px;\">\r\n\r\n<p>Ein Anschreiben an einen Professor f\u00fcr Ihre Bachelorarbeit ist eine wichtige und formelle Kommunikation. Es ist entscheidend, dass Sie den richtigen Ton treffen und Ihre Absichten klar und pr\u00e4zise vermitteln. In dieser Anleitung werden wir Ihnen die verschiedenen Schritte und Bestandteile des Briefschreibens erl\u00e4utern, von der Einleitung \u00fcber den Hauptteil bis hin zum Schluss. Au\u00dferdem werden wir wichtige \u00dcberlegungen zur formalen Gestaltung und zum Aufbau eines effektiven Briefes besprechen.<\/p>  <h3>Einleitung<\/h3>  <p>Die Einleitung ist der erste Eindruck, den der Professor von Ihnen als potenziellem Studenten erh\u00e4lt. Hier sollten Sie h\u00f6flich und professionell auftreten, w\u00e4hrend Sie gleichzeitig Ihr Interesse an der Zusammenarbeit mit dem Professor ausdr\u00fccken. Beginnen Sie mit einer h\u00f6flichen Anrede, wie z.B. &#8220;Sehr geehrter Herr Professor [Nachname]&#8221;. Danach sollten Sie Ihr Anliegen klar und pr\u00e4zise darlegen. Nennen Sie den Grund Ihres Schreibens, indem Sie erw\u00e4hnen, dass Sie an einer Bachelorarbeit unter der Betreuung des Professors interessiert sind. Geben Sie auch an, in welchem Bereich Sie Ihre Arbeit durchf\u00fchren m\u00f6chten.<\/p>  <p><strong>Beispiel:<\/strong><\/p>  <blockquote> <p>Sehr geehrter Herr Professor M\u00fcller,<\/p>  <p>Ich schreibe Ihnen, um mein Interesse an einer Bachelorarbeit in Ihrem Forschungsbereich auszudr\u00fccken. Ich habe Ihre Arbeit \u00fcber [Thema] mit gro\u00dfem Interesse gelesen und bin beeindruckt von den Ergebnissen, die Sie erzielt haben. Ich w\u00fcrde gerne meine Bachelorarbeit unter Ihrer Betreuung durchf\u00fchren und das Wissen und die Erfahrung erlangen, die ich in Ihrem Bereich entwickeln kann.<\/p> <\/blockquote>  <h3>Hauptteil<\/h3>  <p>Im Hauptteil Ihres Anschreibens sollten Sie n\u00e4her auf Ihr Forschungsinteresse eingehen und Ihre bisherige Erfahrung oder Kenntnisse in diesem Bereich darstellen. Dieser Teil sollte zeigen, dass Sie bereits \u00fcber das Thema informiert sind und wirkliches Interesse an der Arbeit haben. Stellen Sie Ihre bisherigen akademischen Leistungen oder Forschungserfahrungen vor, die Ihre Eignung f\u00fcr die Durchf\u00fchrung einer Bachelorarbeit belegen.<\/p>  <p><strong>Beispiel:<\/strong><\/p>  <blockquote> <p>Ich habe w\u00e4hrend meines Studiums in [Studiengang] verschiedene Kurse zu [Thema] belegt, wodurch mein Interesse an diesem Gebiet geweckt wurde. Insbesondere habe ich in meinem Seminar \u00fcber [spezifisches Thema] intensive Forschung betrieben und eine Pr\u00e4sentation zu diesem Thema gehalten. Dies hat mein Interesse an der vertiefenden Arbeit in diesem Bereich weiter verst\u00e4rkt.<\/p>  <p>Zus\u00e4tzlich habe ich auch au\u00dferhalb des Studiums praktische Erfahrungen gesammelt, indem ich als studentische Hilfskraft in einem [Forschungsinstitut] gearbeitet habe. Diese Erfahrung hat mich mit wissenschaftlichen Herangehensweisen und Methoden vertraut gemacht und meine F\u00e4higkeit zur eigenst\u00e4ndigen Forschung weiterentwickelt.<\/p> <\/blockquote>  <h3>Schluss<\/h3>  <p>Ihr Schluss sollte eine Ihrer Motivation und Ihres Engagements f\u00fcr die Bachelorarbeit sein. Sie k\u00f6nnen erneut betonen, warum Sie gerne mit dem Professor zusammenarbeiten m\u00f6chten und wie Sie von der Zusammenarbeit profitieren w\u00fcrden. Bedanken Sie sich h\u00f6flich f\u00fcr die Zeit und Aufmerksamkeit des Professors und geben Sie Ihre Kontaktdaten an, damit er\/sie Sie bei weiterem Interesse oder Fragen erreichen kann.<\/p>  <p><strong>Beispiel:<\/strong><\/p>  <blockquote> <p>Es w\u00fcrde mir eine gro\u00dfe Ehre sein, meine Bachelorarbeit unter Ihrer Betreuung durchzuf\u00fchren. Ich bin begeistert von der M\u00f6glichkeit, mein Wissen in [Thema] zu vertiefen und von Ihrer langj\u00e4hrigen Erfahrung und Expertise zu profitieren. Vielen Dank f\u00fcr Ihre Zeit und Aufmerksamkeit.<\/p>  <p>Ich stehe Ihnen gerne f\u00fcr weitere Fragen oder Informationen zur Verf\u00fcgung. Sie k\u00f6nnen mich unter [Telefonnummer] oder per E-Mail unter [E-Mail-Adresse] erreichen. Ich freue mich darauf, von Ihnen zu h\u00f6ren.<\/p>  <p>Mit freundlichen Gr\u00fc\u00dfen,<\/p> [Ihr Name] <\/blockquote>  <h3>Formale Gestaltung und Aufbau<\/h3>  <p>Bei der formalen Gestaltung und dem Aufbau Ihres Anschreibens sollten Sie auf folgende Punkte achten:<\/p>  <dl> <dt>1. Formatierung:<\/dt> <dd>Verwenden Sie eine professionelle Schriftart wie Arial oder Times New Roman und halten Sie eine Schriftgr\u00f6\u00dfe von 12 Punkten ein. Zentrieren Sie die \u00dcberschriften und verwenden Sie Abs\u00e4tze, um Ihren Text \u00fcbersichtlicher zu gestalten.<\/dd>  <dt>2. L\u00e4nge:<\/dt> <dd>Ihr Anschreiben sollte nicht l\u00e4nger als eine Seite sein. Stellen Sie sicher, dass Sie sich auf die wichtigsten Punkte konzentrieren und Ihre Informationen pr\u00e4gnant und klar vermitteln.<\/dd>  <dt>3. Rechtschreibung und Grammatik:<\/dt> <dd>\u00dcberpr\u00fcfen Sie Ihr Anschreiben sorgf\u00e4ltig auf Rechtschreib- und Grammatikfehler. Verwenden Sie die Rechtschreibpr\u00fcfung in Ihrem Textverarbeitungsprogramm und lesen Sie den Brief nochmals gr\u00fcndlich durch, um m\u00f6gliche Fehler zu erkennen.<\/dd> <\/dl>  <p>Mit einer klaren Einleitung, einem aussagekr\u00e4ftigen Hauptteil und einem \u00fcberzeugenden Schluss k\u00f6nnen Sie ein effektives Anschreiben an einen Professor f\u00fcr Ihre Bachelorarbeit verfassen. Halten Sie sich an die formalen Richtlinien und achten Sie auf die Struktur und den Inhalt Ihres Briefes. Mit etwas Sorgfalt und Vorbereitung k\u00f6nnen Sie einen positiven Eindruck hinterlassen und Ihre Chancen auf die Betreuung Ihrer Bachelorarbeit erh\u00f6hen.<\/p>\r\n\r\n<\/div><\/div>\r\n\r\n<!-- wp:separator -->\r\n\r\n<hr class=\"wp-block-separator has-alpha-channel-opacity\" \/>","protected":false},"excerpt":{"rendered":"<p>Vorlage und Muster f\u00fcr Bachelorarbeit Professor Anschreiben &#8211; Erstellung und Ausf\u00fcllen &#8211; \u00d6ffnen im PDF WORD Datei und Online &nbsp; &#8230; <\/p>\n<p class=\"read-more-container\"><a title=\"\u00d6ffnen &#8211; Bachelorarbeit Professor Anschreiben\" class=\"read-more button\" href=\"https:\/\/schreibenpro.com\/de\/bachelorarbeit-professor-anschreiben-offnen\/#more-721\" aria-label=\"Mehr zu \u00d6ffnen &#8211; Bachelorarbeit Professor Anschreiben\">\u00d6FFNEN <\/a><\/p>\n","protected":false},"author":1,"featured_media":0,"parent":0,"menu_order":0,"comment_status":"closed","ping_status":"closed","template":"","meta":{"footnotes":""},"class_list":{"0":"post-721","1":"page","2":"type-page","3":"status-publish","5":"infinite-scroll-item"},"yoast_head":"<!-- This site is optimized with the Yoast SEO plugin v24.6 - https:\/\/yoast.com\/wordpress\/plugins\/seo\/ -->\n<title>\u00d6ffnen - Bachelorarbeit Professor Anschreiben - Schreiben PRO<\/title>\n<meta name=\"robots\" content=\"noindex, follow\" \/>\n<meta property=\"og:locale\" content=\"de_DE\" \/>\n<meta property=\"og:type\" content=\"article\" \/>\n<meta property=\"og:title\" content=\"\u00d6ffnen - Bachelorarbeit Professor Anschreiben - Schreiben PRO\" \/>\n<meta property=\"og:description\" content=\"Vorlage und Muster f\u00fcr Bachelorarbeit Professor Anschreiben &#8211; Erstellung und Ausf\u00fcllen &#8211; \u00d6ffnen im PDF WORD Datei und Online &nbsp; ... \u00d6FFNEN\" \/>\n<meta property=\"og:url\" content=\"https:\/\/schreibenpro.com\/de\/bachelorarbeit-professor-anschreiben-offnen\/\" \/>\n<meta property=\"og:site_name\" content=\"Schreiben PRO\" \/>\n<meta property=\"og:image\" content=\"https:\/\/schreibenpro.com\/de\/wp-content\/uploads\/bachelorarbeit-professor-anschreiben-muster-vorlage.jpg\" \/>\n<meta name=\"twitter:card\" content=\"summary_large_image\" \/>\n<meta name=\"twitter:label1\" content=\"Gesch\u00e4tzte Lesezeit\" \/>\n\t<meta name=\"twitter:data1\" content=\"1\u00a0Minute\" \/>\n<!-- \/ Yoast SEO plugin. -->","yoast_head_json":{"title":"\u00d6ffnen - Bachelorarbeit Professor Anschreiben - Schreiben PRO","robots":{"index":"noindex","follow":"follow"},"og_locale":"de_DE","og_type":"article","og_title":"\u00d6ffnen - Bachelorarbeit Professor Anschreiben - Schreiben PRO","og_description":"Vorlage und Muster f\u00fcr Bachelorarbeit Professor Anschreiben &#8211; Erstellung und Ausf\u00fcllen &#8211; \u00d6ffnen im PDF WORD Datei und Online &nbsp; ... \u00d6FFNEN","og_url":"https:\/\/schreibenpro.com\/de\/bachelorarbeit-professor-anschreiben-offnen\/","og_site_name":"Schreiben PRO","og_image":[{"url":"https:\/\/schreibenpro.com\/de\/wp-content\/uploads\/bachelorarbeit-professor-anschreiben-muster-vorlage.jpg","type":"","width":"","height":""}],"twitter_card":"summary_large_image","twitter_misc":{"Gesch\u00e4tzte Lesezeit":"1\u00a0Minute"},"schema":{"@context":"https:\/\/schema.org","@graph":[{"@type":"WebPage","@id":"https:\/\/schreibenpro.com\/de\/bachelorarbeit-professor-anschreiben-offnen\/","url":"https:\/\/schreibenpro.com\/de\/bachelorarbeit-professor-anschreiben-offnen\/","name":"\u00d6ffnen - Bachelorarbeit Professor Anschreiben - Schreiben PRO","isPartOf":{"@id":"https:\/\/schreibenpro.com\/de\/#website"},"primaryImageOfPage":{"@id":"https:\/\/schreibenpro.com\/de\/bachelorarbeit-professor-anschreiben-offnen\/#primaryimage"},"image":{"@id":"https:\/\/schreibenpro.com\/de\/bachelorarbeit-professor-anschreiben-offnen\/#primaryimage"},"thumbnailUrl":"https:\/\/schreibenpro.com\/de\/wp-content\/uploads\/bachelorarbeit-professor-anschreiben-muster-vorlage.jpg","datePublished":"2023-12-18T08:25:51+00:00","breadcrumb":{"@id":"https:\/\/schreibenpro.com\/de\/bachelorarbeit-professor-anschreiben-offnen\/#breadcrumb"},"inLanguage":"de","potentialAction":[{"@type":"ReadAction","target":["https:\/\/schreibenpro.com\/de\/bachelorarbeit-professor-anschreiben-offnen\/"]}]},{"@type":"ImageObject","inLanguage":"de","@id":"https:\/\/schreibenpro.com\/de\/bachelorarbeit-professor-anschreiben-offnen\/#primaryimage","url":"https:\/\/schreibenpro.com\/de\/wp-content\/uploads\/anschreiben-zum-angebot-muster-vorlage.jpg","contentUrl":"https:\/\/schreibenpro.com\/de\/wp-content\/uploads\/anschreiben-zum-angebot-muster-vorlage.jpg","width":1410,"height":2250},{"@type":"BreadcrumbList","@id":"https:\/\/schreibenpro.com\/de\/bachelorarbeit-professor-anschreiben-offnen\/#breadcrumb","itemListElement":[{"@type":"ListItem","position":1,"name":"Portada","item":"https:\/\/schreibenpro.com\/de\/"},{"@type":"ListItem","position":2,"name":"\u00d6ffnen &#8211; Bachelorarbeit Professor Anschreiben"}]},{"@type":"WebSite","@id":"https:\/\/schreibenpro.com\/de\/#website","url":"https:\/\/schreibenpro.com\/de\/","name":"Schreiben PRO","description":"Muster und Vorlage","publisher":{"@id":"https:\/\/schreibenpro.com\/de\/#organization"},"potentialAction":[{"@type":"SearchAction","target":{"@type":"EntryPoint","urlTemplate":"https:\/\/schreibenpro.com\/de\/?s={search_term_string}"},"query-input":{"@type":"PropertyValueSpecification","valueRequired":true,"valueName":"search_term_string"}}],"inLanguage":"de"},{"@type":"Organization","@id":"https:\/\/schreibenpro.com\/de\/#organization","name":"Schreiben PRO","url":"https:\/\/schreibenpro.com\/de\/","logo":{"@type":"ImageObject","inLanguage":"de","@id":"https:\/\/schreibenpro.com\/de\/#\/schema\/logo\/image\/","url":"https:\/\/schreibenpro.com\/de\/wp-content\/uploads\/cropped-fav.png","contentUrl":"https:\/\/schreibenpro.com\/de\/wp-content\/uploads\/cropped-fav.png","width":512,"height":512,"caption":"Schreiben PRO"},"image":{"@id":"https:\/\/schreibenpro.com\/de\/#\/schema\/logo\/image\/"}}]}},"_links":{"self":[{"href":"https:\/\/schreibenpro.com\/de\/wp-json\/wp\/v2\/pages\/721","targetHints":{"allow":["GET"]}}],"collection":[{"href":"https:\/\/schreibenpro.com\/de\/wp-json\/wp\/v2\/pages"}],"about":[{"href":"https:\/\/schreibenpro.com\/de\/wp-json\/wp\/v2\/types\/page"}],"author":[{"embeddable":true,"href":"https:\/\/schreibenpro.com\/de\/wp-json\/wp\/v2\/users\/1"}],"replies":[{"embeddable":true,"href":"https:\/\/schreibenpro.com\/de\/wp-json\/wp\/v2\/comments?post=721"}],"version-history":[{"count":0,"href":"https:\/\/schreibenpro.com\/de\/wp-json\/wp\/v2\/pages\/721\/revisions"}],"wp:attachment":[{"href":"https:\/\/schreibenpro.com\/de\/wp-json\/wp\/v2\/media?parent=721"}],"curies":[{"name":"wp","href":"https:\/\/api.w.org\/{rel}","templated":true}]}}