{"id":723,"date":"2023-12-18T08:25:52","date_gmt":"2023-12-18T08:25:52","guid":{"rendered":"https:\/\/schreibenpro.com\/de\/dankschreiben-nach-probearbeiten-offnen\/"},"modified":"2023-12-18T08:25:52","modified_gmt":"2023-12-18T08:25:52","slug":"dankschreiben-nach-probearbeiten-offnen","status":"publish","type":"page","link":"https:\/\/schreibenpro.com\/de\/dankschreiben-nach-probearbeiten-offnen\/","title":{"rendered":"\u00d6ffnen &#8211; Dankschreiben Nach Probearbeiten"},"content":{"rendered":"\r\n<p class=\"has-text-align-center\">Muster und Vorlage f\u00fcr <strong> Dankschreiben Nach Probearbeiten<\/strong> &#8211; Erstellung und Ausf\u00fcllen &#8211; \u00d6ffnen im <strong>WORD  PDF<\/strong> Datei und Online<\/p>\r\n\r\n\r\n\r\n\r\n<div class=\"wp-block-image\">\r\n<figure class=\"aligncenter size-large is-resized\"><img loading=\"lazy\" decoding=\"async\" class=\"wp-image-215\" src=\"https:\/\/schreibenpro.com\/de\/wp-content\/uploads\/dankschreiben-nach-probearbeiten-muster-vorlage.jpg\" alt=\"\" width=\"245\" height=\"391\" \/><\/figure>\r\n<\/div>\r\n\r\n\r\n\r\n<hr class=\"wp-block-separator has-alpha-channel-opacity\" \/>\r\n\r\n\r\n\r\n\r\n\r\n<div class=\"su-note\"  style=\"border-color:#e5e5e5;border-radius:10px;-moz-border-radius:10px;-webkit-border-radius:10px;\"><div class=\"su-note-inner su-u-clearfix su-u-trim\" style=\"background-color:#FFFFFF;border-color:#ffffff;color:#333333;border-radius:10px;-moz-border-radius:10px;-webkit-border-radius:10px;\">\r\n\r\n<section id=\"specialParagraph\"><p><strong>Datum:<\/strong> [Datum des Dankschreibens]  <p><strong>Empf\u00e4nger:<\/strong><\/p> <address> [Name des Empf\u00e4ngers]<br> [Position des Empf\u00e4ngers]<br> [Name des Unternehmens]<br> [Adresse des Unternehmens]<br> [Postleitzahl, Stadt]<br> <\/address>  <p><strong>Absender:<\/strong><\/p> <address> [Ihr Name]<br> [Ihre Adresse]<br> [Ihre Kontaktdaten]<br> <\/address>  <p><strong>Betreff:<\/strong> Dankschreiben nach Probearbeiten<\/p>  <p><strong>Anrede:<\/strong><\/p> <p>Sehr geehrte(r) [Name des Empf\u00e4ngers],<\/p>  <p>ich m\u00f6chte mich herzlich f\u00fcr die Gelegenheit bedanken, bei Ihnen Probearbeiten zu d\u00fcrfen. Es war eine wertvolle Erfahrung und ich bin Ihnen daf\u00fcr sehr dankbar.<\/p>  <p><strong>Hintergrund:<\/strong><\/p> <p>Ich bin sehr beeindruckt von der Professionalit\u00e4t und dem Engagement, das ich w\u00e4hrend meiner Zeit im Unternehmen erleben durfte. Die M\u00f6glichkeit, den Arbeitsalltag bei Ihnen kennenzulernen und in verschiedene Projekte eingebunden zu werden, hat mich fasziniert und mir tiefe Einblicke in Ihre Branche verschafft.<\/p>  <p><strong>Erfahrungen und Lernmomente:<\/strong><\/p> <p>W\u00e4hrend der Probearbeiten konnte ich viele wertvolle Erfahrungen sammeln. Besonders beeindruckt hat mich die Teamdynamik und die offene Kommunikation innerhalb des Unternehmens. Die Zusammenarbeit mit den Kollegen war \u00e4u\u00dferst angenehm und ich f\u00fchlte mich jederzeit wohl. Auch die M\u00f6glichkeit, eigenst\u00e4ndig an Projekten zu arbeiten und meine F\u00e4higkeiten unter Beweis zu stellen, hat mir viel Freude bereitet.<\/p>  <p><strong>Zusammenfassung meiner Eindr\u00fccke:<\/strong><\/p> <p>Insgesamt kann ich sagen, dass die Probearbeiten bei Ihnen meine Erwartungen \u00fcbertroffen haben. Ich habe mich bei Ihnen immer unterst\u00fctzt und wertgesch\u00e4tzt gef\u00fchlt. Das dynamische Arbeitsumfeld und die hervorragende Arbeitsatmosph\u00e4re haben bei mir einen bleibenden Eindruck hinterlassen.<\/p>  <p><strong>Ausblick:<\/strong><\/p> <p>Mit diesem Schreiben m\u00f6chte ich mich f\u00fcr die M\u00f6glichkeit bedanken und meine Fortsetzung des Bewerbungsverfahrens bekunden. Ich bin nach wie vor sehr daran interessiert, Teil Ihres Teams zu werden und w\u00fcrde gerne die n\u00e4chste Stufe des Auswahlprozesses angehen.<\/p>  <p><strong>Unverbindlicher Vorschlag f\u00fcr weitere Schritte:<\/strong><\/p> <dl> <dt>1. N\u00e4chster Schritt:<\/dt> <dd>Gerne stehe ich Ihnen f\u00fcr weitere Fragen oder Informationen zur Verf\u00fcgung. Bitte lassen Sie mich wissen, wie es nach den Probearbeiten weitergeht.<\/dd> <dt>2. Pers\u00f6nliches Treffen:<\/dt> <dd>Ich freue mich darauf, Sie pers\u00f6nlich kennenzulernen und im Detail \u00fcber meine Erfahrungen und F\u00e4higkeiten zu sprechen.<\/dd> <dt>3. Referenzen:<\/dt> <dd>Auf Anfrage stehe ich Ihnen gerne mit Referenzen aus vorherigen T\u00e4tigkeiten oder Arbeitsproben zur Verf\u00fcgung.<\/dd> <\/dl>  <p><strong>Schlusswort:<\/strong><\/p> <p>Nochmals vielen Dank f\u00fcr die M\u00f6glichkeit, Probearbeiten bei Ihnen zu absolvieren. Ich freue mich sehr \u00fcber eine positive R\u00fcckmeldung und \u00fcber die Chance, meine F\u00e4higkeiten weiter unter Beweis stellen zu k\u00f6nnen.<\/p>  <p>Mit freundlichen Gr\u00fc\u00dfen,<\/p>  [Ihr Name]<\/section><\/div><\/div>\r\n\r\n&nbsp;\r\n\r\n\r\n\r\n\r\n\r\n\r\n<p class=\"has-text-align-center\">Muster und Vorlage f\u00fcr <strong> Dankschreiben Nach Probearbeiten <\/strong> zur Erstellung und Anpassung im <strong>WORD<\/strong>\u2013 und <strong>PDF-Format<\/strong><\/p>\r\n\r\n\r\n<button id=\"generatePDF\">Erstellen (PDF &#8211; WORD)<\/button>\r\n\r\n\r\n\r\n<hr class=\"wp-block-separator has-alpha-channel-opacity\" \/>\r\n\r\n\r\n\r\n<p style=\"text-align: center;\"><strong>Dankschreiben Nach Probearbeiten<\/strong><\/p>\r\n\r\n<div class=\"wp-block-columns is-layout-flex wp-container-core-columns-is-layout-9d6595d7 wp-block-columns-is-layout-flex\">\r\n\r\n\r\n<div class=\"wp-block-column is-layout-flow wp-block-column-is-layout-flow\"><div class=\"su-button-center\"><a href=\"https:\/\/www.jstor.org\/stable\/43346515\" class=\"su-button su-button-style-flat\" style=\"color:#FFFFFF;background-color:#144bb6;border-color:#103c92;border-radius:1px\" target=\"_self\"><span style=\"color:#FFFFFF;padding:0px 24px;font-size:18px;line-height:36px;border-color:#5b81cc;border-radius:1px;text-shadow:none\">   PDF <\/span><\/a><\/div>\n<\/div>\r\n\r\n\r\n\r\n<div class=\"wp-block-column is-layout-flow wp-block-column-is-layout-flow\"><div class=\"su-button-center\"><a href=\"https:\/\/www.jstor.org\/stable\/43346515\" class=\"su-button su-button-style-flat\" style=\"color:#FFFFFF;background-color:#144bb6;border-color:#103c92;border-radius:1px\" target=\"_self\"><span style=\"color:#FFFFFF;padding:0px 24px;font-size:18px;line-height:36px;border-color:#5b81cc;border-radius:1px;text-shadow:none\">   DOC<\/span><\/a><\/div>\n<\/div>\r\n\r\n\r\n<\/div>\r\n\r\n\r\n\r\n<p style=\"text-align: center;\"><strong>Beispiele<\/strong><\/p>\r\n\r\n<div class=\"wp-block-columns is-layout-flex wp-container-core-columns-is-layout-9d6595d7 wp-block-columns-is-layout-flex\">\r\n\r\n\r\n<div class=\"wp-block-column is-layout-flow wp-block-column-is-layout-flow\"><div class=\"su-button-center\"><a href=\"https:\/\/karrierebibel.de\/wp-content\/uploads\/2013\/04\/Vorstellungsgespraech-Tipps-111.pdf\" class=\"su-button su-button-style-flat\" style=\"color:#FFFFFF;background-color:#144bb6;border-color:#103c92;border-radius:1px\" target=\"_self\"><span style=\"color:#FFFFFF;padding:0px 24px;font-size:18px;line-height:36px;border-color:#5b81cc;border-radius:1px;text-shadow:none\">  Beispiel &#8211; 1 <\/span><\/a><\/div>\n<\/div>\r\n\r\n\r\n\r\n<div class=\"wp-block-column is-layout-flow wp-block-column-is-layout-flow\"><div class=\"su-button-center\"><a href=\"https:\/\/www.forgottenbooks.com\/de\/download\/DieFackel_10751538.pdf\" class=\"su-button su-button-style-flat\" style=\"color:#FFFFFF;background-color:#144bb6;border-color:#103c92;border-radius:1px\" target=\"_self\"><span style=\"color:#FFFFFF;padding:0px 24px;font-size:18px;line-height:36px;border-color:#5b81cc;border-radius:1px;text-shadow:none\">  Beispiel &#8211; 2 <\/span><\/a><\/div>\n<\/div>\r\n\r\n\r\n<\/div>\r\n\r\n\r\n<hr class=\"wp-block-separator has-alpha-channel-opacity\" \/>\r\n\r\n\r\n\r\n<div class=\"wp-block-columns is-layout-flex wp-container-core-columns-is-layout-9d6595d7 wp-block-columns-is-layout-flex\">\r\n\r\n\r\n<div class=\"wp-block-column is-layout-flow wp-block-column-is-layout-flow\"><div class=\"su-button-center\"><a href=\"https:\/\/www.neps-data.de\/Portals\/0\/NEPS\/Datenzentrum\/Forschungsdaten\/SC4\/Feldversionen\/SC4_w9.pdf\" class=\"su-button su-button-style-flat\" style=\"color:#FFFFFF;background-color:#144bb6;border-color:#103c92;border-radius:1px\" target=\"_self\"><span style=\"color:#FFFFFF;padding:0px 24px;font-size:18px;line-height:36px;border-color:#5b81cc;border-radius:1px;text-shadow:none\">  Beispiel &#8211; 3 <\/span><\/a><\/div>\n<\/div>\r\n\r\n\r\n\r\n<div class=\"wp-block-column is-layout-flow wp-block-column-is-layout-flow\"><div class=\"su-button-center\"><a href=\"https:\/\/www.jstor.org\/stable\/43346515\" class=\"su-button su-button-style-flat\" style=\"color:#FFFFFF;background-color:#144bb6;border-color:#103c92;border-radius:1px\" target=\"_self\"><span style=\"color:#FFFFFF;padding:0px 24px;font-size:18px;line-height:36px;border-color:#5b81cc;border-radius:1px;text-shadow:none\">  Beispiel &#8211; 4 <\/span><\/a><\/div>\n<\/div>\r\n\r\n\r\n<\/div>\r\n\r\n\r\n<hr class=\"wp-block-separator has-alpha-channel-opacity\" \/>\r\n\r\n<!-- \/wp:post-content -->\r\n\r\n<!-- wp:table {\"align\":\"center\"} -->\r\n<figure class=\"wp-block-table aligncenter\">\r\n<table>\r\n<tbody>\r\n<tr>\r\n<td style=\"text-align: center;\">Dankschreiben Nach Probearbeiten<\/td>\r\n<\/tr>\r\n<tr>\r\n<td style=\"text-align: center;\">PDF &#8211; WORD Datei<\/td>\r\n<\/tr>\r\n<tr>\r\n<td style=\"text-align: center;\">Bewertung: \u2b50\u2b50\u2b50\u2b50\u2b50 4.28<\/td>\r\n<\/tr>\r\n<tr>\r\n<td style=\"text-align: center;\">Ergebnisse &#8211; 2406<\/td>\r\n<\/tr>\r\n<\/tbody>\r\n<\/table>\r\n<\/figure>\r\n<!-- \/wp:table -->\r\n\r\n<!-- wp:separator -->\r\n\r\n<hr class=\"wp-block-separator has-alpha-channel-opacity\" \/>\r\n\r\n<!-- \/wp:separator -->\r\n\r\n<div class=\"su-note\"  style=\"border-color:#e5e5e5;border-radius:10px;-moz-border-radius:10px;-webkit-border-radius:10px;\"><div class=\"su-note-inner su-u-clearfix su-u-trim\" style=\"background-color:#FFFFFF;border-color:#ffffff;color:#333333;border-radius:10px;-moz-border-radius:10px;-webkit-border-radius:10px;\">\r\n\r\n<p>Ein Dankschreiben nach Probearbeiten ist eine h\u00f6fliche und effektive M\u00f6glichkeit, sich bei einer Person oder einem Unternehmen zu bedanken, nachdem man dort eine Probezeit oder ein Praktikum absolviert hat. Es zeigt deine Dankbarkeit f\u00fcr die M\u00f6glichkeit, Erfahrungen zu sammeln und gibt dir die M\u00f6glichkeit, einen positiven Eindruck zu hinterlassen. In dieser Anleitung werden wir die verschiedenen Schritte und Bestandteile eines professionellen Dankschreibens ausf\u00fchrlich erl\u00e4utern.<\/p>  <h3>1. Einleitung<\/h3>  <p>Die Einleitung ist der erste Teil deines Dankschreibens. Hier solltest du einen professionellen und h\u00f6flichen Ton anschlagen und dich kurz bei der Person oder dem Unternehmen daf\u00fcr bedanken, dass du die M\u00f6glichkeit hattest, dort Probearbeiten zu k\u00f6nnen.<\/p>  <p>Beispiel:<\/p>  <blockquote> <p>Sehr geehrte\/r [Nachname des Ansprechpartners],<\/p> <p>ich m\u00f6chte mich herzlich bei Ihnen daf\u00fcr bedanken, dass Sie mir die Chance gegeben haben, bei Ihrem Unternehmen Probearbeiten zu k\u00f6nnen. Es war eine wertvolle Erfahrung, von der ich viel gelernt habe.<\/p> <\/blockquote>  <h3>2. Hauptteil<\/h3>  <p>Im Hauptteil deines Dankschreibens kannst du spezifischer auf deine Erfahrungen w\u00e4hrend der Probearbeiten eingehen. Hier ist es wichtig, positiv \u00fcber deine Erfahrungen zu sprechen und Beispiele zu geben, welche F\u00e4higkeiten du w\u00e4hrend der Zeit entwickelt hast.<\/p>  <p>Beispiel:<\/p>  <blockquote> <p>W\u00e4hrend der Zeit bei Ihrem Unternehmen hatte ich die Gelegenheit, mit einem talentierten Team zusammenzuarbeiten und an verschiedenen Projekten mitzuwirken. Ich konnte meine F\u00e4higkeiten in [relevanten Bereichen] weiterentwickeln und habe wertvolle Einblicke in die Branche gewonnen. Besonders beeindruckt hat mich die offene und unterst\u00fctzende Arbeitsatmosph\u00e4re, die es mir erm\u00f6glichte, mein volles Potenzial auszusch\u00f6pfen.<\/p> <\/blockquote>  <h3>3. Schluss<\/h3>  <p>Im Schlussteil deines Dankschreibens solltest du dich erneut f\u00fcr die M\u00f6glichkeit bedanken, Probearbeiten zu k\u00f6nnen. Du kannst auch erw\u00e4hnen, dass du gerne in Zukunft weiterhin mit dem Unternehmen in Kontakt bleiben m\u00f6chtest.<\/p>  <p>Beispiel:<\/p>  <blockquote> <p>Nochmals vielen Dank f\u00fcr die Chance, Probearbeiten zu k\u00f6nnen. Ich w\u00e4re sehr daran interessiert, weiterhin mit Ihrem Unternehmen in Kontakt zu bleiben und m\u00f6gliche zuk\u00fcnftige M\u00f6glichkeiten zu besprechen. Ich stehe Ihnen f\u00fcr weitere Fragen gerne zur Verf\u00fcgung.<\/p> <p>Mit freundlichen Gr\u00fc\u00dfen,<\/p> [Dein Name] <\/blockquote>  <h3>4. Formale Gestaltung und Aufbau<\/h3>  <p>Bei der formalen Gestaltung deines Dankschreibens solltest du darauf achten, eine professionelle und gut strukturierte E-Mail oder einen f\u00f6rmlichen Brief zu verfassen. Hier sind einige wichtige Punkte zu beachten:<\/p>  <dl> <dt>Format:<\/dt> <dd>Verwende ein professionelles Format f\u00fcr deine Korrespondenz, entweder als E-Mail oder als formelles Schreiben.<\/dd> <dt>Betreffzeile:<\/dt> <dd>Die Betreffzeile sollte klar und pr\u00e4gnant sein und den Zweck deiner Nachricht deutlich machen, z. B. &#8220;Dankschreiben nach Probearbeiten&#8221;.<\/dd> <dt>Anrede:<\/dt> <dd>Verwende eine angemessene Anrede, z. B. &#8220;Sehr geehrte\/r [Nachname des Ansprechpartners]&#8221;.<\/dd> <dt>Struktur:<\/dt> <dd>Gliedere dein Dankschreiben in Abs\u00e4tze, um den Text \u00fcbersichtlich und leicht lesbar zu machen.<\/dd> <dt>Abschluss:<\/dt> <dd>Beende dein Dankschreiben mit einer h\u00f6flichen Gru\u00dfformel wie &#8220;Mit freundlichen Gr\u00fc\u00dfen&#8221; gefolgt von deinem Namen.<\/dd> <\/dl>  <p>Nachfolgend findest du ein Beispiel f\u00fcr die formale Gestaltung und den Aufbau eines Dankschreibens:<\/p>  <blockquote> <p>Betreff: Dankschreiben nach Probearbeiten<\/p> <p>Sehr geehrte\/r [Nachname des Ansprechpartners],<\/p> <p>ich m\u00f6chte mich herzlich bei Ihnen daf\u00fcr bedanken, dass Sie mir die Chance gegeben haben, bei Ihrem Unternehmen Probearbeiten zu k\u00f6nnen. Es war eine wertvolle Erfahrung, von der ich viel gelernt habe.<\/p> <p>W\u00e4hrend der Zeit bei Ihrem Unternehmen hatte ich die Gelegenheit, mit einem talentierten Team zusammenzuarbeiten und an verschiedenen Projekten mitzuwirken. Ich konnte meine F\u00e4higkeiten in [relevanten Bereichen] weiterentwickeln und habe wertvolle Einblicke in die Branche gewonnen. Besonders beeindruckt hat mich die offene und unterst\u00fctzende Arbeitsatmosph\u00e4re, die es mir erm\u00f6glichte, mein volles Potenzial auszusch\u00f6pfen.<\/p> <p>Nochmals vielen Dank f\u00fcr die Chance, Probearbeiten zu k\u00f6nnen. Ich w\u00e4re sehr daran interessiert, weiterhin mit Ihrem Unternehmen in Kontakt zu bleiben und m\u00f6gliche zuk\u00fcnftige M\u00f6glichkeiten zu besprechen. Ich stehe Ihnen f\u00fcr weitere Fragen gerne zur Verf\u00fcgung.<\/p> <p>Mit freundlichen Gr\u00fc\u00dfen,<\/p> [Dein Name] <\/blockquote>  <p>Dies sind die grundlegenden Schritte und Bestandteile f\u00fcr ein Dankschreiben nach Probearbeiten. Es ist wichtig, dass du das Schreiben an deine spezifischen Erfahrungen und Bed\u00fcrfnisse anpasst, um einen pers\u00f6nlichen und effektiven Eindruck zu hinterlassen.<\/p>\r\n\r\n<\/div><\/div>\r\n\r\n<!-- wp:separator -->\r\n\r\n<hr class=\"wp-block-separator has-alpha-channel-opacity\" \/>","protected":false},"excerpt":{"rendered":"<p>Muster und Vorlage f\u00fcr Dankschreiben Nach Probearbeiten &#8211; Erstellung und Ausf\u00fcllen &#8211; \u00d6ffnen im WORD PDF Datei und Online &nbsp; &#8230; <\/p>\n<p class=\"read-more-container\"><a title=\"\u00d6ffnen &#8211; Dankschreiben Nach Probearbeiten\" class=\"read-more button\" href=\"https:\/\/schreibenpro.com\/de\/dankschreiben-nach-probearbeiten-offnen\/#more-723\" aria-label=\"Mehr zu \u00d6ffnen &#8211; Dankschreiben Nach Probearbeiten\">\u00d6FFNEN <\/a><\/p>\n","protected":false},"author":1,"featured_media":0,"parent":0,"menu_order":0,"comment_status":"closed","ping_status":"closed","template":"","meta":{"footnotes":""},"class_list":{"0":"post-723","1":"page","2":"type-page","3":"status-publish","5":"infinite-scroll-item"},"yoast_head":"<!-- This site is optimized with the Yoast SEO plugin v24.6 - https:\/\/yoast.com\/wordpress\/plugins\/seo\/ -->\n<title>\u00d6ffnen - Dankschreiben Nach Probearbeiten - Schreiben PRO<\/title>\n<meta name=\"robots\" content=\"noindex, follow\" \/>\n<meta property=\"og:locale\" content=\"de_DE\" \/>\n<meta property=\"og:type\" content=\"article\" \/>\n<meta property=\"og:title\" content=\"\u00d6ffnen - Dankschreiben Nach Probearbeiten - Schreiben PRO\" \/>\n<meta property=\"og:description\" content=\"Muster und Vorlage f\u00fcr Dankschreiben Nach Probearbeiten &#8211; Erstellung und Ausf\u00fcllen &#8211; \u00d6ffnen im WORD PDF Datei und Online &nbsp; ... \u00d6FFNEN\" \/>\n<meta property=\"og:url\" content=\"https:\/\/schreibenpro.com\/de\/dankschreiben-nach-probearbeiten-offnen\/\" \/>\n<meta property=\"og:site_name\" content=\"Schreiben PRO\" \/>\n<meta property=\"og:image\" content=\"https:\/\/schreibenpro.com\/de\/wp-content\/uploads\/dankschreiben-nach-probearbeiten-muster-vorlage.jpg\" \/>\n<meta name=\"twitter:card\" content=\"summary_large_image\" \/>\n<meta name=\"twitter:label1\" content=\"Gesch\u00e4tzte Lesezeit\" \/>\n\t<meta name=\"twitter:data1\" content=\"1\u00a0Minute\" \/>\n<!-- \/ Yoast SEO plugin. -->","yoast_head_json":{"title":"\u00d6ffnen - Dankschreiben Nach Probearbeiten - Schreiben PRO","robots":{"index":"noindex","follow":"follow"},"og_locale":"de_DE","og_type":"article","og_title":"\u00d6ffnen - Dankschreiben Nach Probearbeiten - Schreiben PRO","og_description":"Muster und Vorlage f\u00fcr Dankschreiben Nach Probearbeiten &#8211; Erstellung und Ausf\u00fcllen &#8211; \u00d6ffnen im WORD PDF Datei und Online &nbsp; ... \u00d6FFNEN","og_url":"https:\/\/schreibenpro.com\/de\/dankschreiben-nach-probearbeiten-offnen\/","og_site_name":"Schreiben PRO","og_image":[{"url":"https:\/\/schreibenpro.com\/de\/wp-content\/uploads\/dankschreiben-nach-probearbeiten-muster-vorlage.jpg","type":"","width":"","height":""}],"twitter_card":"summary_large_image","twitter_misc":{"Gesch\u00e4tzte Lesezeit":"1\u00a0Minute"},"schema":{"@context":"https:\/\/schema.org","@graph":[{"@type":"WebPage","@id":"https:\/\/schreibenpro.com\/de\/dankschreiben-nach-probearbeiten-offnen\/","url":"https:\/\/schreibenpro.com\/de\/dankschreiben-nach-probearbeiten-offnen\/","name":"\u00d6ffnen - Dankschreiben Nach Probearbeiten - Schreiben PRO","isPartOf":{"@id":"https:\/\/schreibenpro.com\/de\/#website"},"primaryImageOfPage":{"@id":"https:\/\/schreibenpro.com\/de\/dankschreiben-nach-probearbeiten-offnen\/#primaryimage"},"image":{"@id":"https:\/\/schreibenpro.com\/de\/dankschreiben-nach-probearbeiten-offnen\/#primaryimage"},"thumbnailUrl":"https:\/\/schreibenpro.com\/de\/wp-content\/uploads\/dankschreiben-nach-probearbeiten-muster-vorlage.jpg","datePublished":"2023-12-18T08:25:52+00:00","breadcrumb":{"@id":"https:\/\/schreibenpro.com\/de\/dankschreiben-nach-probearbeiten-offnen\/#breadcrumb"},"inLanguage":"de","potentialAction":[{"@type":"ReadAction","target":["https:\/\/schreibenpro.com\/de\/dankschreiben-nach-probearbeiten-offnen\/"]}]},{"@type":"ImageObject","inLanguage":"de","@id":"https:\/\/schreibenpro.com\/de\/dankschreiben-nach-probearbeiten-offnen\/#primaryimage","url":"https:\/\/schreibenpro.com\/de\/wp-content\/uploads\/anschreiben-zum-angebot-muster-vorlage.jpg","contentUrl":"https:\/\/schreibenpro.com\/de\/wp-content\/uploads\/anschreiben-zum-angebot-muster-vorlage.jpg","width":1410,"height":2250},{"@type":"BreadcrumbList","@id":"https:\/\/schreibenpro.com\/de\/dankschreiben-nach-probearbeiten-offnen\/#breadcrumb","itemListElement":[{"@type":"ListItem","position":1,"name":"Portada","item":"https:\/\/schreibenpro.com\/de\/"},{"@type":"ListItem","position":2,"name":"\u00d6ffnen &#8211; Dankschreiben Nach Probearbeiten"}]},{"@type":"WebSite","@id":"https:\/\/schreibenpro.com\/de\/#website","url":"https:\/\/schreibenpro.com\/de\/","name":"Schreiben PRO","description":"Muster und Vorlage","publisher":{"@id":"https:\/\/schreibenpro.com\/de\/#organization"},"potentialAction":[{"@type":"SearchAction","target":{"@type":"EntryPoint","urlTemplate":"https:\/\/schreibenpro.com\/de\/?s={search_term_string}"},"query-input":{"@type":"PropertyValueSpecification","valueRequired":true,"valueName":"search_term_string"}}],"inLanguage":"de"},{"@type":"Organization","@id":"https:\/\/schreibenpro.com\/de\/#organization","name":"Schreiben PRO","url":"https:\/\/schreibenpro.com\/de\/","logo":{"@type":"ImageObject","inLanguage":"de","@id":"https:\/\/schreibenpro.com\/de\/#\/schema\/logo\/image\/","url":"https:\/\/schreibenpro.com\/de\/wp-content\/uploads\/cropped-fav.png","contentUrl":"https:\/\/schreibenpro.com\/de\/wp-content\/uploads\/cropped-fav.png","width":512,"height":512,"caption":"Schreiben PRO"},"image":{"@id":"https:\/\/schreibenpro.com\/de\/#\/schema\/logo\/image\/"}}]}},"_links":{"self":[{"href":"https:\/\/schreibenpro.com\/de\/wp-json\/wp\/v2\/pages\/723","targetHints":{"allow":["GET"]}}],"collection":[{"href":"https:\/\/schreibenpro.com\/de\/wp-json\/wp\/v2\/pages"}],"about":[{"href":"https:\/\/schreibenpro.com\/de\/wp-json\/wp\/v2\/types\/page"}],"author":[{"embeddable":true,"href":"https:\/\/schreibenpro.com\/de\/wp-json\/wp\/v2\/users\/1"}],"replies":[{"embeddable":true,"href":"https:\/\/schreibenpro.com\/de\/wp-json\/wp\/v2\/comments?post=723"}],"version-history":[{"count":0,"href":"https:\/\/schreibenpro.com\/de\/wp-json\/wp\/v2\/pages\/723\/revisions"}],"wp:attachment":[{"href":"https:\/\/schreibenpro.com\/de\/wp-json\/wp\/v2\/media?parent=723"}],"curies":[{"name":"wp","href":"https:\/\/api.w.org\/{rel}","templated":true}]}}