{"id":729,"date":"2023-12-18T08:25:56","date_gmt":"2023-12-18T08:25:56","guid":{"rendered":"https:\/\/schreibenpro.com\/de\/schreiben-an-gericht-offnen\/"},"modified":"2023-12-18T08:25:56","modified_gmt":"2023-12-18T08:25:56","slug":"schreiben-an-gericht-offnen","status":"publish","type":"page","link":"https:\/\/schreibenpro.com\/de\/schreiben-an-gericht-offnen\/","title":{"rendered":"\u00d6ffnen &#8211; Schreiben An Gericht"},"content":{"rendered":"\r\n<p class=\"has-text-align-center\">Vorlage und Muster f\u00fcr <strong> Schreiben An Gericht<\/strong> &#8211; Ausf\u00fcllen und Erstellung  &#8211; \u00d6ffnen im <strong>PDF WORD<\/strong> Datei und Online<\/p>\r\n\r\n\r\n\r\n\r\n<div class=\"wp-block-image\">\r\n<figure class=\"aligncenter size-large is-resized\"><img loading=\"lazy\" decoding=\"async\" class=\"wp-image-215\" src=\"https:\/\/schreibenpro.com\/de\/wp-content\/uploads\/schreiben-an-gericht-muster-vorlage.jpg\" alt=\"\" width=\"245\" height=\"391\" \/><\/figure>\r\n<\/div>\r\n\r\n\r\n\r\n<hr class=\"wp-block-separator has-alpha-channel-opacity\" \/>\r\n\r\n\r\n\r\n\r\n\r\n<div class=\"su-note\"  style=\"border-color:#e5e5e5;border-radius:10px;-moz-border-radius:10px;-webkit-border-radius:10px;\"><div class=\"su-note-inner su-u-clearfix su-u-trim\" style=\"background-color:#FFFFFF;border-color:#ffffff;color:#333333;border-radius:10px;-moz-border-radius:10px;-webkit-border-radius:10px;\">\r\n\r\n<section id=\"specialParagraph\"><style> p { text-indent: 1.5em; margin-bottom: 1.5em; }  strong { font-weight: bold; }  b { font-weight: bold; }  h1 { font-size: 24px; font-weight: bold; text-align: center; margin-bottom: 1.5em; }  dt { font-weight: bold; margin-top: 1.5em; }  dd { margin-bottom: 1.5em; }  <\/style>     <p>Sehr geehrtes Gericht,<\/p>  <p>hiermit reiche ich Ihnen einen schriftlichen Brief ein, um meinen Fall vorzutragen. In diesem Schreiben m\u00f6chte ich die wichtigsten Punkte meines Anliegens darlegen und um Ihre Unterst\u00fctzung in dieser Angelegenheit bitten.<\/p>  <h3>Einleitung<\/h3>  <p>Ich m\u00f6chte Ihnen zun\u00e4chst den Grund f\u00fcr mein Schreiben erl\u00e4utern. Es handelt sich dabei um einen rechtlichen Streit, der meine Person betrifft und bei dem ich auf Ihr Urteil angewiesen bin.<\/p>  <h3>Sachverhalt<\/h3>  <dl> <dt>Hintergrund<\/dt> <dd>Ich wurde am [Datum] in einen Verkehrsunfall verwickelt.<\/dd>  <dt>Details zum Unfall<\/dt> <dd>Der Unfall ereignete sich um [Uhrzeit] auf der [Stra\u00dfe]. Ich war zu dieser Zeit mit meinem Fahrzeug unterwegs, als pl\u00f6tzlich ein anderes Fahrzeug ohne Vorwarnung die Spur wechselte und in mich hineinfuhr.<\/dd>  <dt>Verletzungen<\/dt> <dd>Aufgrund des Zusammensto\u00dfes erlitt ich Verletzungen an meinem R\u00fccken und an meinem rechten Arm. Diese Verletzungen f\u00fchrten zu erheblichen Schmerzen und Einschr\u00e4nkungen in meinem t\u00e4glichen Leben.<\/dd> <\/dl>  <h3>Rechtliche Grundlage<\/h3>  <p>Es gibt mehrere Rechtsgrundlagen, die in diesem Fall relevant sind. Die wichtigsten sind:<\/p>  <ul> <li><strong>Verkehrsordnung:<\/strong> Gem\u00e4\u00df Abschnitt 1, Paragraph 1 der Verkehrsordnung ist jeder Verkehrsteilnehmer dazu verpflichtet, andere Verkehrsteilnehmer nicht zu gef\u00e4hrden oder zu sch\u00e4digen.<\/li>  <li><strong>Schmerzensgeld:<\/strong> Nach \u00a7253 des B\u00fcrgerlichen Gesetzbuches haben Gesch\u00e4digte Anspruch auf Schmerzensgeld, wenn sie k\u00f6rperliche oder seelische Sch\u00e4den erlitten haben.<\/li> <\/ul>  <h3>Belege und Beweise<\/h3>  <p>Um meinen Fall zu unterst\u00fctzen, habe ich folgende Belege und Beweise gesammelt:<\/p>  <ul> <li><strong>Verkehrsunfallbericht:<\/strong> Dieser Bericht wurde von der Polizei am Unfallort erstellt und enth\u00e4lt detaillierte Informationen \u00fcber den Vorfall.<\/li>  <li><strong>Arztberichte und medizinische Aufzeichnungen:<\/strong> Ich habe mehrere Arztbesuche wegen meiner Verletzungen gemacht. Die Berichte und Aufzeichnungen der \u00c4rzte belegen die Schwere meiner Verletzungen und die damit verbundenen Einschr\u00e4nkungen.<\/li>  <li><strong>Zeugenaussagen:<\/strong> Es gibt mehrere Zeugen, die den Unfall beobachtet haben und bereit sind, ihre Aussagen vor Gericht zu machen.<\/li> <\/ul>  <h3>Antrag<\/h3>  <p>Basierend auf den oben genannten Informationen und Beweisen bitte ich Sie, folgende Punkte zu ber\u00fccksichtigen:<\/p>  <ul> <li>Die andere beteiligte Partei soll f\u00fcr den entstandenen Schaden verantwortlich gemacht werden und mir eine angemessene finanzielle Entsch\u00e4digung zahlen.<\/li>  <li>Die Schuld des anderen Fahrers soll durch die Belege und Zeugenaussagen best\u00e4tigt werden.<\/li>  <li>Ich bitte um die Zusicherung, dass mein Schmerzensgeldanspruch fair bewertet und ber\u00fccksichtigt wird.<\/li> <\/ul>  <h3>Schluss<\/h3>  <p>Ich danke Ihnen f\u00fcr Ihre Zeit und Ihre Unterst\u00fctzung in dieser Angelegenheit. Ich bitte Sie, meinem Anliegen die geb\u00fchrende Aufmerksamkeit zu schenken und eine gerechte Entscheidung zu treffen. F\u00fcr weitere Informationen stehe ich Ihnen gerne zur Verf\u00fcgung.<\/p>  <p>Mit freundlichen Gr\u00fc\u00dfen,<\/p>  [Ihr Name]<\/section><\/div><\/div>\r\n\r\n&nbsp;\r\n\r\n\r\n\r\n\r\n\r\n\r\n<p class=\"has-text-align-center\">Vorlage und Muster f\u00fcr <strong> Schreiben An Gericht <\/strong> zur Anpassung und Erstellung  im <strong>WORD<\/strong>\u2013 und <strong>PDF-Format<\/strong><\/p>\r\n\r\n\r\n<button id=\"generatePDF\">Erstellen (PDF &#8211; WORD)<\/button>\r\n\r\n\r\n\r\n<hr class=\"wp-block-separator has-alpha-channel-opacity\" \/>\r\n\r\n\r\n\r\n<p style=\"text-align: center;\"><strong>Schreiben An Gericht<\/strong><\/p>\r\n\r\n<div class=\"wp-block-columns is-layout-flex wp-container-core-columns-is-layout-9d6595d7 wp-block-columns-is-layout-flex\">\r\n\r\n\r\n<div class=\"wp-block-column is-layout-flow wp-block-column-is-layout-flow\"><div class=\"su-button-center\"><a href=\"https:\/\/www.betreuungsverein.org\/images\/vorlagen\/erweiterung-aufgabenkreis\/03_Gesetzliche_Betreuung_Erweiterung_Aufgabenkreis.pdf\" class=\"su-button su-button-style-flat\" style=\"color:#FFFFFF;background-color:#144bb6;border-color:#103c92;border-radius:1px\" target=\"_self\"><span style=\"color:#FFFFFF;padding:0px 24px;font-size:18px;line-height:36px;border-color:#5b81cc;border-radius:1px;text-shadow:none\">   PDF <\/span><\/a><\/div>\n<\/div>\r\n\r\n\r\n\r\n<div class=\"wp-block-column is-layout-flow wp-block-column-is-layout-flow\"><div class=\"su-button-center\"><a href=\"https:\/\/amtsgericht-mannheim.justiz-bw.de\/pb\/site\/jum2\/get\/documents\/jum1\/JuM\/Amtsgericht%20Mannheim\/Betreuung\/BetreuungsanregungnF%20Formular.docx\" class=\"su-button su-button-style-flat\" style=\"color:#FFFFFF;background-color:#144bb6;border-color:#103c92;border-radius:1px\" target=\"_self\"><span style=\"color:#FFFFFF;padding:0px 24px;font-size:18px;line-height:36px;border-color:#5b81cc;border-radius:1px;text-shadow:none\">   DOC<\/span><\/a><\/div>\n<\/div>\r\n\r\n\r\n<\/div>\r\n\r\n\r\n\r\n<p style=\"text-align: center;\"><strong>Beispiele<\/strong><\/p>\r\n\r\n<div class=\"wp-block-columns is-layout-flex wp-container-core-columns-is-layout-9d6595d7 wp-block-columns-is-layout-flex\">\r\n\r\n\r\n<div class=\"wp-block-column is-layout-flow wp-block-column-is-layout-flow\"><div class=\"su-button-center\"><a href=\"https:\/\/www.justiz.bayern.de\/media\/images\/behoerden-und-gerichte\/amtsgerichte\/ingolstadt\/merkblatt_eip_familie_f%C3%BCr_zivil_und_familie.pdf\" class=\"su-button su-button-style-flat\" style=\"color:#FFFFFF;background-color:#144bb6;border-color:#103c92;border-radius:1px\" target=\"_self\"><span style=\"color:#FFFFFF;padding:0px 24px;font-size:18px;line-height:36px;border-color:#5b81cc;border-radius:1px;text-shadow:none\">  Beispiel &#8211; 1 <\/span><\/a><\/div>\n<\/div>\r\n\r\n\r\n\r\n<div class=\"wp-block-column is-layout-flow wp-block-column-is-layout-flow\"><div class=\"su-button-center\"><a href=\"https:\/\/www.betreuungsverein.org\/images\/vorlagen\/erweiterung-aufgabenkreis\/03_Gesetzliche_Betreuung_Erweiterung_Aufgabenkreis.pdf\" class=\"su-button su-button-style-flat\" style=\"color:#FFFFFF;background-color:#144bb6;border-color:#103c92;border-radius:1px\" target=\"_self\"><span style=\"color:#FFFFFF;padding:0px 24px;font-size:18px;line-height:36px;border-color:#5b81cc;border-radius:1px;text-shadow:none\">  Beispiel &#8211; 2 <\/span><\/a><\/div>\n<\/div>\r\n\r\n\r\n<\/div>\r\n\r\n\r\n<hr class=\"wp-block-separator has-alpha-channel-opacity\" \/>\r\n\r\n\r\n\r\n<div class=\"wp-block-columns is-layout-flex wp-container-core-columns-is-layout-9d6595d7 wp-block-columns-is-layout-flex\">\r\n\r\n\r\n<div class=\"wp-block-column is-layout-flow wp-block-column-is-layout-flow\"><div class=\"su-button-center\"><a href=\"https:\/\/www.iww.de\/sr\/archiv\/elektronischer-rechtsverkehr-bea-so-sollten-sie-ihre-schreiben-an-das-gericht-strukturieren-und-benennen-f118550?save\" class=\"su-button su-button-style-flat\" style=\"color:#FFFFFF;background-color:#144bb6;border-color:#103c92;border-radius:1px\" target=\"_self\"><span style=\"color:#FFFFFF;padding:0px 24px;font-size:18px;line-height:36px;border-color:#5b81cc;border-radius:1px;text-shadow:none\">  Beispiel &#8211; 3 <\/span><\/a><\/div>\n<\/div>\r\n\r\n\r\n\r\n<div class=\"wp-block-column is-layout-flow wp-block-column-is-layout-flow\"><div class=\"su-button-center\"><a href=\"https:\/\/www.betreuungsverein.org\/images\/vorlagen\/erweiterung-aufgabenkreis\/03_Gesetzliche_Betreuung_Erweiterung_Aufgabenkreis.pdf\" class=\"su-button su-button-style-flat\" style=\"color:#FFFFFF;background-color:#144bb6;border-color:#103c92;border-radius:1px\" target=\"_self\"><span style=\"color:#FFFFFF;padding:0px 24px;font-size:18px;line-height:36px;border-color:#5b81cc;border-radius:1px;text-shadow:none\">  Beispiel &#8211; 4 <\/span><\/a><\/div>\n<\/div>\r\n\r\n\r\n<\/div>\r\n\r\n\r\n<hr class=\"wp-block-separator has-alpha-channel-opacity\" \/>\r\n\r\n<!-- \/wp:post-content -->\r\n\r\n<!-- wp:table {\"align\":\"center\"} -->\r\n<figure class=\"wp-block-table aligncenter\">\r\n<table>\r\n<tbody>\r\n<tr>\r\n<td style=\"text-align: center;\">Schreiben An Gericht<\/td>\r\n<\/tr>\r\n<tr>\r\n<td style=\"text-align: center;\">PDF &#8211; WORD Datei<\/td>\r\n<\/tr>\r\n<tr>\r\n<td style=\"text-align: center;\">Bewertung: \u2b50\u2b50\u2b50\u2b50\u2b50 4.56<\/td>\r\n<\/tr>\r\n<tr>\r\n<td style=\"text-align: center;\">Ergebnisse &#8211; 1605<\/td>\r\n<\/tr>\r\n<\/tbody>\r\n<\/table>\r\n<\/figure>\r\n<!-- \/wp:table -->\r\n\r\n<!-- wp:separator -->\r\n\r\n<hr class=\"wp-block-separator has-alpha-channel-opacity\" \/>\r\n\r\n<!-- \/wp:separator -->\r\n\r\n<div class=\"su-note\"  style=\"border-color:#e5e5e5;border-radius:10px;-moz-border-radius:10px;-webkit-border-radius:10px;\"><div class=\"su-note-inner su-u-clearfix su-u-trim\" style=\"background-color:#FFFFFF;border-color:#ffffff;color:#333333;border-radius:10px;-moz-border-radius:10px;-webkit-border-radius:10px;\">\r\n\r\n<p>Das Verfassen eines Schreibens an Gericht erfordert besondere Sorgfalt und Kenntnisse \u00fcber den formalen Aufbau. Diese Anleitung bietet Tipps und Beispiele, um Ihnen dabei zu helfen, effektive Schreiben an Gericht zu verfassen.<\/p>  <h3>Teil 1: Einleitung<\/h3>  <p>Die Einleitung eines Schreibens an Gericht spielt eine wichtige Rolle, da sie den Zweck des Schreibens erkl\u00e4rt und den Leser auf das folgende Schreiben vorbereitet. Hier sind einige Tipps, um eine \u00fcberzeugende Einleitung zu verfassen:<\/p>  <ol> <li><strong>Eindeutige Betreffzeile:<\/strong> Geben Sie im Betreff klar an, worum es in Ihrem Schreiben geht.<\/li> <li><strong>Einf\u00fchrung:<\/strong> Stellen Sie sich kurz vor und erl\u00e4utern Sie, welche Beziehung Sie zum Gericht oder dem Fall haben.<\/li> <li><strong>:<\/strong> Geben Sie eine kurze des Anliegens, \u00fcber das Sie schreiben.<\/li> <\/ol>  <p>Beispiel:<\/p>  <blockquote> <p><strong>Betreff:<\/strong> Antrag auf Aufhebung des Urteils<\/p> <p><strong>Sehr geehrte Damen und Herren,<\/strong><\/p> <p>Mein Name ist Max Mustermann und ich schreibe Ihnen bez\u00fcglich des Urteils in der Angelegenheit XYZ. Ich beantrage hiermit die Aufhebung des Urteils aufgrund neuer Beweise, die meine Unschuld beweisen.<\/p> <\/blockquote>  <h3>Teil 2: Hauptteil<\/h3>  <p>Der Hauptteil Ihres Schreibens an Gericht enth\u00e4lt alle relevanten Informationen und Argumente in Bezug auf Ihren Fall. Hier sind einige wichtige Punkte, die Sie beachten sollten:<\/p>  <dl> <dt><strong>1. Chronologische Reihenfolge:<\/strong><\/dt> <dd>Organisieren Sie Ihre Argumente und Informationen in einer klaren, chronologischen Reihenfolge, um dem Leser zu helfen, den Fall nachzuvollziehen.<\/dd> <dt><strong>2. Fakten und Beweise:<\/strong><\/dt> <dd>St\u00fctzen Sie Ihre Argumente mit Fakten und Beweisen, um Ihre Position zu unterst\u00fctzen.<\/dd> <dt><strong>3. Pr\u00e4zise und klare Sprache:<\/strong><\/dt> <dd>Verwenden Sie pr\u00e4zise und klare Sprache, um Ihre Informationen und Argumente effektiv zu vermitteln.<\/dd> <dt><strong>4. Zitate und Verweise:<\/strong><\/dt> <dd>F\u00fcgen Sie relevante Zitate und Verweise hinzu, um Ihre Argumente zu untermauern.<\/dd> <\/dl>  <p>Beispiel:<\/p>  <blockquote> <p>Nachdem ich die Anklagepunkte gegen mich gepr\u00fcft habe, m\u00f6chte ich darauf hinweisen, dass ich zum Tatzeitpunkt nicht am Ort des Geschehens war. Mein Aufenthaltsort l\u00e4sst sich durch Zeugen und \u00dcberwachungskameras belegen. Des Weiteren ist die einzige Zeugin, die gegen mich ausgesagt hat, bekannt f\u00fcr ihre Unzuverl\u00e4ssigkeit.<\/p> <\/blockquote>  <h3>Teil 3: Schluss<\/h3>  <p>Der Schluss Ihres Schreibens an Gericht fasst noch einmal die wichtigsten Punkte zusammen und formuliert Ihren konkreten Antrag. Hier sind einige Tipps f\u00fcr einen \u00fcberzeugenden Schluss:<\/p>  <ol> <li><strong>:<\/strong> Fassen Sie kurz die wichtigsten Argumente und Informationen zusammen.<\/li> <li><strong>Konkreter Antrag:<\/strong> Formulieren Sie Ihren konkreten Antrag klar und pr\u00e4zise.<\/li> <li><strong>Gru\u00dfformel:<\/strong> Verabschieden Sie sich h\u00f6flich und geben Sie Ihren Namen und Kontaktinformationen an.<\/li> <\/ol>  <p>Beispiel:<\/p>  <blockquote> <p>Aus den genannten Gr\u00fcnden beantrage ich hiermit die Aufhebung des Urteils und eine erneute \u00dcberpr\u00fcfung meines Falls. Ich bitte um eine zeitnahe R\u00fcckmeldung bez\u00fcglich des weiteren Vorgehens.<\/p> <p>Mit freundlichen Gr\u00fc\u00dfen,<\/p> <p>Max Mustermann<\/p> <p>Email: max.mustermann@example.com<\/p> <p>Tel: 0123456789<\/p> <\/blockquote>  <h3>Teil 4: Formale Gestaltung<\/h3>  <p>Die formale Gestaltung eines Schreibens an Gericht ist essentiell, um einen professionellen Eindruck zu hinterlassen. Hier sind einige wichtige \u00dcberlegungen:<\/p>  <dl> <dt><strong>Schriftart und -gr\u00f6\u00dfe:<\/strong><\/dt> <dd>Verwenden Sie eine serifenlose Schriftart wie Arial oder Times New Roman in der Gr\u00f6\u00dfe 12.<\/dd> <dt><strong>Zeilenumbruch:<\/strong><\/dt> <dd>Verwenden Sie einen einfachen Zeilenumbruch und verzichten Sie auf zu viele Abs\u00e4tze.<\/dd> <dt><strong>Absender:<\/strong><\/dt> <dd>Geben Sie Ihren Namen, Ihre Adresse, Ihre Telefonnummer und Ihre E-Mail-Adresse als Absender oben links im Schreiben an.<\/dd> <dt><strong>Empf\u00e4nger:<\/strong><\/dt> <dd>Notieren Sie den Namen des Gerichts und dessen Adresse als Empf\u00e4nger oben rechts im Schreiben.<\/dd> <dt><strong>Formaler Ton:<\/strong><\/dt> <dd>Verwenden Sie einen formalen und respektvollen Ton in Ihrem Schreiben an Gericht.<\/dd> <\/dl>  <h3>Teil 5: Aufbau eines effektiven Briefes<\/h3>  <p>Ein effektiver Brief an Gericht folgt einem klaren Aufbau und beinhaltet alle relevanten Informationen. Hier sind einige wichtige Punkte, die Sie beachten sollten:<\/p>  <ol> <li><strong>Betreff:<\/strong> Geben Sie im Betreff klar an, worum es in Ihrem Schreiben geht.<\/li> <li><strong>Einf\u00fchrung:<\/strong> Stellen Sie sich kurz vor und erl\u00e4utern Sie den Zweck Ihres Schreibens.<\/li> <li><strong>Hauptteil:<\/strong> Geben Sie alle relevanten Informationen und Argumente in einer klaren Reihenfolge wieder.<\/li> <li><strong>Schluss:<\/strong> Fassen Sie die wichtigsten Punkte zusammen und formulieren Sie Ihren konkreten Antrag.<\/li> <li><strong>Formale Gestaltung:<\/strong> Achten Sie auf eine angemessene formale Gestaltung, um einen professionellen Eindruck zu hinterlassen.<\/li> <\/ol>\r\n\r\n<\/div><\/div>\r\n\r\n<!-- wp:separator -->\r\n\r\n<hr class=\"wp-block-separator has-alpha-channel-opacity\" \/>","protected":false},"excerpt":{"rendered":"<p>Vorlage und Muster f\u00fcr Schreiben An Gericht &#8211; Ausf\u00fcllen und Erstellung &#8211; \u00d6ffnen im PDF WORD Datei und Online &nbsp; &#8230; <\/p>\n<p class=\"read-more-container\"><a title=\"\u00d6ffnen &#8211; Schreiben An Gericht\" class=\"read-more button\" href=\"https:\/\/schreibenpro.com\/de\/schreiben-an-gericht-offnen\/#more-729\" aria-label=\"Mehr zu \u00d6ffnen &#8211; Schreiben An Gericht\">\u00d6FFNEN <\/a><\/p>\n","protected":false},"author":1,"featured_media":0,"parent":0,"menu_order":0,"comment_status":"closed","ping_status":"closed","template":"","meta":{"footnotes":""},"class_list":{"0":"post-729","1":"page","2":"type-page","3":"status-publish","5":"infinite-scroll-item"},"yoast_head":"<!-- This site is optimized with the Yoast SEO plugin v24.6 - https:\/\/yoast.com\/wordpress\/plugins\/seo\/ -->\n<title>\u00d6ffnen - Schreiben An Gericht - Schreiben PRO<\/title>\n<meta name=\"robots\" content=\"noindex, follow\" \/>\n<meta property=\"og:locale\" content=\"de_DE\" \/>\n<meta property=\"og:type\" content=\"article\" \/>\n<meta property=\"og:title\" content=\"\u00d6ffnen - Schreiben An Gericht - Schreiben PRO\" \/>\n<meta property=\"og:description\" content=\"Vorlage und Muster f\u00fcr Schreiben An Gericht &#8211; Ausf\u00fcllen und Erstellung &#8211; \u00d6ffnen im PDF WORD Datei und Online &nbsp; ... \u00d6FFNEN\" \/>\n<meta property=\"og:url\" content=\"https:\/\/schreibenpro.com\/de\/schreiben-an-gericht-offnen\/\" \/>\n<meta property=\"og:site_name\" content=\"Schreiben PRO\" \/>\n<meta property=\"og:image\" content=\"https:\/\/schreibenpro.com\/de\/wp-content\/uploads\/schreiben-an-gericht-muster-vorlage.jpg\" \/>\n<meta name=\"twitter:card\" content=\"summary_large_image\" \/>\n<meta name=\"twitter:label1\" content=\"Gesch\u00e4tzte Lesezeit\" \/>\n\t<meta name=\"twitter:data1\" content=\"1\u00a0Minute\" \/>\n<!-- \/ Yoast SEO plugin. -->","yoast_head_json":{"title":"\u00d6ffnen - Schreiben An Gericht - Schreiben PRO","robots":{"index":"noindex","follow":"follow"},"og_locale":"de_DE","og_type":"article","og_title":"\u00d6ffnen - Schreiben An Gericht - Schreiben PRO","og_description":"Vorlage und Muster f\u00fcr Schreiben An Gericht &#8211; Ausf\u00fcllen und Erstellung &#8211; \u00d6ffnen im PDF WORD Datei und Online &nbsp; ... \u00d6FFNEN","og_url":"https:\/\/schreibenpro.com\/de\/schreiben-an-gericht-offnen\/","og_site_name":"Schreiben PRO","og_image":[{"url":"https:\/\/schreibenpro.com\/de\/wp-content\/uploads\/schreiben-an-gericht-muster-vorlage.jpg","type":"","width":"","height":""}],"twitter_card":"summary_large_image","twitter_misc":{"Gesch\u00e4tzte Lesezeit":"1\u00a0Minute"},"schema":{"@context":"https:\/\/schema.org","@graph":[{"@type":"WebPage","@id":"https:\/\/schreibenpro.com\/de\/schreiben-an-gericht-offnen\/","url":"https:\/\/schreibenpro.com\/de\/schreiben-an-gericht-offnen\/","name":"\u00d6ffnen - Schreiben An Gericht - Schreiben PRO","isPartOf":{"@id":"https:\/\/schreibenpro.com\/de\/#website"},"primaryImageOfPage":{"@id":"https:\/\/schreibenpro.com\/de\/schreiben-an-gericht-offnen\/#primaryimage"},"image":{"@id":"https:\/\/schreibenpro.com\/de\/schreiben-an-gericht-offnen\/#primaryimage"},"thumbnailUrl":"https:\/\/schreibenpro.com\/de\/wp-content\/uploads\/schreiben-an-gericht-muster-vorlage.jpg","datePublished":"2023-12-18T08:25:56+00:00","breadcrumb":{"@id":"https:\/\/schreibenpro.com\/de\/schreiben-an-gericht-offnen\/#breadcrumb"},"inLanguage":"de","potentialAction":[{"@type":"ReadAction","target":["https:\/\/schreibenpro.com\/de\/schreiben-an-gericht-offnen\/"]}]},{"@type":"ImageObject","inLanguage":"de","@id":"https:\/\/schreibenpro.com\/de\/schreiben-an-gericht-offnen\/#primaryimage","url":"https:\/\/schreibenpro.com\/de\/wp-content\/uploads\/anschreiben-zum-angebot-muster-vorlage.jpg","contentUrl":"https:\/\/schreibenpro.com\/de\/wp-content\/uploads\/anschreiben-zum-angebot-muster-vorlage.jpg","width":1410,"height":2250},{"@type":"BreadcrumbList","@id":"https:\/\/schreibenpro.com\/de\/schreiben-an-gericht-offnen\/#breadcrumb","itemListElement":[{"@type":"ListItem","position":1,"name":"Portada","item":"https:\/\/schreibenpro.com\/de\/"},{"@type":"ListItem","position":2,"name":"\u00d6ffnen &#8211; Schreiben An Gericht"}]},{"@type":"WebSite","@id":"https:\/\/schreibenpro.com\/de\/#website","url":"https:\/\/schreibenpro.com\/de\/","name":"Schreiben PRO","description":"Muster und Vorlage","publisher":{"@id":"https:\/\/schreibenpro.com\/de\/#organization"},"potentialAction":[{"@type":"SearchAction","target":{"@type":"EntryPoint","urlTemplate":"https:\/\/schreibenpro.com\/de\/?s={search_term_string}"},"query-input":{"@type":"PropertyValueSpecification","valueRequired":true,"valueName":"search_term_string"}}],"inLanguage":"de"},{"@type":"Organization","@id":"https:\/\/schreibenpro.com\/de\/#organization","name":"Schreiben PRO","url":"https:\/\/schreibenpro.com\/de\/","logo":{"@type":"ImageObject","inLanguage":"de","@id":"https:\/\/schreibenpro.com\/de\/#\/schema\/logo\/image\/","url":"https:\/\/schreibenpro.com\/de\/wp-content\/uploads\/cropped-fav.png","contentUrl":"https:\/\/schreibenpro.com\/de\/wp-content\/uploads\/cropped-fav.png","width":512,"height":512,"caption":"Schreiben PRO"},"image":{"@id":"https:\/\/schreibenpro.com\/de\/#\/schema\/logo\/image\/"}}]}},"_links":{"self":[{"href":"https:\/\/schreibenpro.com\/de\/wp-json\/wp\/v2\/pages\/729","targetHints":{"allow":["GET"]}}],"collection":[{"href":"https:\/\/schreibenpro.com\/de\/wp-json\/wp\/v2\/pages"}],"about":[{"href":"https:\/\/schreibenpro.com\/de\/wp-json\/wp\/v2\/types\/page"}],"author":[{"embeddable":true,"href":"https:\/\/schreibenpro.com\/de\/wp-json\/wp\/v2\/users\/1"}],"replies":[{"embeddable":true,"href":"https:\/\/schreibenpro.com\/de\/wp-json\/wp\/v2\/comments?post=729"}],"version-history":[{"count":0,"href":"https:\/\/schreibenpro.com\/de\/wp-json\/wp\/v2\/pages\/729\/revisions"}],"wp:attachment":[{"href":"https:\/\/schreibenpro.com\/de\/wp-json\/wp\/v2\/media?parent=729"}],"curies":[{"name":"wp","href":"https:\/\/api.w.org\/{rel}","templated":true}]}}