{"id":732,"date":"2023-12-18T08:25:58","date_gmt":"2023-12-18T08:25:58","guid":{"rendered":"https:\/\/schreibenpro.com\/de\/bewerbungsschreiben-praktikum-kindergarten-offnen\/"},"modified":"2023-12-18T08:25:58","modified_gmt":"2023-12-18T08:25:58","slug":"bewerbungsschreiben-praktikum-kindergarten-offnen","status":"publish","type":"page","link":"https:\/\/schreibenpro.com\/de\/bewerbungsschreiben-praktikum-kindergarten-offnen\/","title":{"rendered":"\u00d6ffnen &#8211; Bewerbungsschreiben Praktikum Kindergarten"},"content":{"rendered":"\r\n<p class=\"has-text-align-center\">Muster und Vorlage f\u00fcr <strong> Bewerbungsschreiben Praktikum Kindergarten<\/strong> &#8211; Erstellung und Ausf\u00fcllen &#8211; \u00d6ffnen im <strong>WORD  PDF<\/strong> Datei und Online<\/p>\r\n\r\n\r\n\r\n\r\n<div class=\"wp-block-image\">\r\n<figure class=\"aligncenter size-large is-resized\"><img loading=\"lazy\" decoding=\"async\" class=\"wp-image-215\" src=\"https:\/\/schreibenpro.com\/de\/wp-content\/uploads\/bewerbungsschreiben-praktikum-kindergarten-muster-vorlage.jpg\" alt=\"\" width=\"245\" height=\"391\" \/><\/figure>\r\n<\/div>\r\n\r\n\r\n\r\n<hr class=\"wp-block-separator has-alpha-channel-opacity\" \/>\r\n\r\n\r\n\r\n\r\n\r\n<div class=\"su-note\"  style=\"border-color:#e5e5e5;border-radius:10px;-moz-border-radius:10px;-webkit-border-radius:10px;\"><div class=\"su-note-inner su-u-clearfix su-u-trim\" style=\"background-color:#FFFFFF;border-color:#ffffff;color:#333333;border-radius:10px;-moz-border-radius:10px;-webkit-border-radius:10px;\">\r\n\r\n<section id=\"specialParagraph\"><p><strong>Dein Name<\/strong><\/p> <p><strong>Deine Adresse<\/strong><\/p> <p><strong>Deine Kontaktinformationen<\/strong><\/p> <p><strong>Datum<\/strong><\/p>  <p><strong>Name des Kindergartens<\/strong><\/p> <p><strong>Adresse des Kindergartens<\/strong><\/p> <p><strong>Anrede (Sehr geehrte(r) [Name der Ansprechperson] oder Sehr geehrtes Team des Kindergartens),<\/strong><\/p>  <p>Ich schreibe Ihnen, um mich als Praktikant(in) in Ihrem Kindergarten zu bewerben. Derzeit besuche ich die [Name deiner Schule] und m\u00f6chte praktische Erfahrungen im Bereich der Fr\u00fchp\u00e4dagogik sammeln.<\/p>  <p><strong>Einleitung:<\/strong><\/p> <p>In diesem Abschnitt erkl\u00e4rst du den Zweck deines Briefes und stellst dich vor. Du kannst auch angeben, woher du von der freien Praktikumsstelle erfahren hast.<\/p>  <p>Ich habe gro\u00dfes Interesse daran, Kinder in ihrer Entwicklung zu unterst\u00fctzen und ihnen ein kreatives und liebevolles Umfeld zu bieten. Durch mein bisheriges Engagement als freiwillige Helferin im Jugendzentrum habe ich bereits erste Erfahrungen in der Betreuung und F\u00f6rderung von Kindern gesammelt. Das Praktikum in Ihrem Kindergarten w\u00fcrde mir die M\u00f6glichkeit geben, meine F\u00e4higkeiten weiterzuentwickeln und einen tieferen Einblick in die Arbeit mit Kindern zu bekommen.<\/p>  <p><strong>K\u00f6rper des Briefes:<\/strong><\/p> <p>Im K\u00f6rper des Briefes betonst du deine F\u00e4higkeiten, Erfahrungen und Qualifikationen, die dich zu einem geeigneten Praktikanten f\u00fcr den Kindergarten machen.<\/p>  <p>W\u00e4hrend meines bisherigen Engagements habe ich gelernt, wie wichtig es ist, auf die individuellen Bed\u00fcrfnisse der Kinder einzugehen und ihre nat\u00fcrliche Neugierde zu f\u00f6rdern. Ich bin geduldig, einf\u00fchlsam und habe Spa\u00df daran, mit Kindern zu arbeiten. Au\u00dferdem habe ich gute kommunikative F\u00e4higkeiten, die es mir erm\u00f6glichen, mit Kindern und Eltern gleicherma\u00dfen effektiv zu interagieren.<\/p>  <p>Meine schulischen Leistungen sind ebenfalls stark. Ich habe gute Noten in F\u00e4chern wie Psychologie, P\u00e4dagogik und Deutsch, die mir ein fundiertes Verst\u00e4ndnis von Kindesentwicklung und p\u00e4dagogischen Ans\u00e4tzen vermitteln. Ich bin bereit, mein theoretisches Wissen in die Praxis umzusetzen und von erfahrenen P\u00e4dagogen zu lernen.<\/p>  <p>Des Weiteren bin ich flexibel, belastbar und kann gut im Team arbeiten. Ich finde Freude daran, Verantwortung zu \u00fcbernehmen und selbst\u00e4ndig zu arbeiten.<\/p>  <p><strong>Warum dieser Kindergarten:<\/strong><\/p> <p>In diesem Abschnitt erkl\u00e4rst du, warum du dich f\u00fcr genau diesen Kindergarten als Praktikumsplatz entschieden hast.<\/p>  <p>Ihr Kindergarten hat einen hervorragenden Ruf in der Gemeinde und ist bekannt f\u00fcr seine ganzheitliche p\u00e4dagogische Herangehensweise. Ich teile Ihre \u00dcberzeugung, dass eine liebevolle und anregende Umgebung ein wichtiger Faktor f\u00fcr die kindliche Entwicklung ist. Dieser Kindergarten hat ein breites Spektrum an Aktivit\u00e4ten und Programmen, die den Kindern helfen, ihre F\u00e4higkeiten zu entdecken und ihre Talente zu entfalten. Dieser ganzheitliche Ansatz und Ihre engagierte P\u00e4dagogen-Team sind die Gr\u00fcnde, warum ich mich f\u00fcr ein Praktikum in Ihrem Kindergarten bewerbe.<\/p>  <p><strong>Schluss:<\/strong><\/p> <p>Im Schlussabschnitt bedankst du dich f\u00fcr die Aufmerksamkeit und gibst an, wann du f\u00fcr ein pers\u00f6nliches Gespr\u00e4ch zur Verf\u00fcgung stehst. Du kannst auch nochmal betonen, warum du dich f\u00fcr das Praktikum interessierst und wie du von dieser Erfahrung profitieren w\u00fcrdest.<\/p>  <p>Ich w\u00fcrde mich sehr freuen, Teil Ihres Kindergartens zu werden und dazu beizutragen, den Kindern eine liebevolle und anregende Umgebung zu bieten. Ich stehe Ihnen gerne f\u00fcr ein pers\u00f6nliches Gespr\u00e4ch zur Verf\u00fcgung und kann ab dem [Datum] mit dem Praktikum beginnen.<\/p>  <p>Nochmals vielen Dank f\u00fcr Ihre Zeit und die Ber\u00fccksichtigung meiner Bewerbung.<\/p>  <p>Mit freundlichen Gr\u00fc\u00dfen,<\/p> <p><strong>Dein Name<\/strong><\/p><\/section><\/div><\/div>\r\n\r\n&nbsp;\r\n\r\n\r\n\r\n\r\n\r\n\r\n<p class=\"has-text-align-center\">Vorlage und Muster f\u00fcr <strong> Bewerbungsschreiben Praktikum Kindergarten <\/strong> zur Erstellung und Anpassung im <strong>WORD<\/strong>\u2013 und <strong>PDF-Format<\/strong><\/p>\r\n\r\n\r\n<button id=\"generatePDF\">Erstellen (PDF &#8211; WORD)<\/button>\r\n\r\n\r\n\r\n<hr class=\"wp-block-separator has-alpha-channel-opacity\" \/>\r\n\r\n\r\n\r\n<p style=\"text-align: center;\"><strong>Bewerbungsschreiben Praktikum Kindergarten<\/strong><\/p>\r\n\r\n<div class=\"wp-block-columns is-layout-flex wp-container-core-columns-is-layout-9d6595d7 wp-block-columns-is-layout-flex\">\r\n\r\n\r\n<div class=\"wp-block-column is-layout-flow wp-block-column-is-layout-flow\"><div class=\"su-button-center\"><a href=\"https:\/\/karrierebibel.de\/wp-content\/uploads\/2014\/08\/Vorlage-Bewerbungsanschreiben-Schulpraktikum.pdf\" class=\"su-button su-button-style-flat\" style=\"color:#FFFFFF;background-color:#144bb6;border-color:#103c92;border-radius:1px\" target=\"_self\"><span style=\"color:#FFFFFF;padding:0px 24px;font-size:18px;line-height:36px;border-color:#5b81cc;border-radius:1px;text-shadow:none\">   PDF <\/span><\/a><\/div>\n<\/div>\r\n\r\n\r\n\r\n<div class=\"wp-block-column is-layout-flow wp-block-column-is-layout-flow\"><div class=\"su-button-center\"><a href=\"https:\/\/kindergartenassistentin.at\/Bewerbungsschreiben_Kindergartenassistentin.docx\" class=\"su-button su-button-style-flat\" style=\"color:#FFFFFF;background-color:#144bb6;border-color:#103c92;border-radius:1px\" target=\"_self\"><span style=\"color:#FFFFFF;padding:0px 24px;font-size:18px;line-height:36px;border-color:#5b81cc;border-radius:1px;text-shadow:none\">   DOC<\/span><\/a><\/div>\n<\/div>\r\n\r\n\r\n<\/div>\r\n\r\n\r\n\r\n<p style=\"text-align: center;\"><strong>Beispiele<\/strong><\/p>\r\n\r\n<div class=\"wp-block-columns is-layout-flex wp-container-core-columns-is-layout-9d6595d7 wp-block-columns-is-layout-flex\">\r\n\r\n\r\n<div class=\"wp-block-column is-layout-flow wp-block-column-is-layout-flow\"><div class=\"su-button-center\"><a href=\"https:\/\/karrierebibel.de\/wp-content\/uploads\/2014\/08\/Vorlage-Bewerbungsanschreiben-Schulpraktikum.pdf\" class=\"su-button su-button-style-flat\" style=\"color:#FFFFFF;background-color:#144bb6;border-color:#103c92;border-radius:1px\" target=\"_self\"><span style=\"color:#FFFFFF;padding:0px 24px;font-size:18px;line-height:36px;border-color:#5b81cc;border-radius:1px;text-shadow:none\">  Beispiel &#8211; 1 <\/span><\/a><\/div>\n<\/div>\r\n\r\n\r\n\r\n<div class=\"wp-block-column is-layout-flow wp-block-column-is-layout-flow\"><div class=\"su-button-center\"><a href=\"https:\/\/bewerbungsanschreiben-muster.de\/Bewerbungsmuster\/Ausbildung_Erzieherin1.pdf\" class=\"su-button su-button-style-flat\" style=\"color:#FFFFFF;background-color:#144bb6;border-color:#103c92;border-radius:1px\" target=\"_self\"><span style=\"color:#FFFFFF;padding:0px 24px;font-size:18px;line-height:36px;border-color:#5b81cc;border-radius:1px;text-shadow:none\">  Beispiel &#8211; 2 <\/span><\/a><\/div>\n<\/div>\r\n\r\n\r\n<\/div>\r\n\r\n\r\n<hr class=\"wp-block-separator has-alpha-channel-opacity\" \/>\r\n\r\n\r\n\r\n<div class=\"wp-block-columns is-layout-flex wp-container-core-columns-is-layout-9d6595d7 wp-block-columns-is-layout-flex\">\r\n\r\n\r\n<div class=\"wp-block-column is-layout-flow wp-block-column-is-layout-flow\"><div class=\"su-button-center\"><a href=\"https:\/\/www.adhs-ausbildungskompass.de\/Content\/Pdfs\/Musteranschreiben_Schuelerpraktikum.pdf\" class=\"su-button su-button-style-flat\" style=\"color:#FFFFFF;background-color:#144bb6;border-color:#103c92;border-radius:1px\" target=\"_self\"><span style=\"color:#FFFFFF;padding:0px 24px;font-size:18px;line-height:36px;border-color:#5b81cc;border-radius:1px;text-shadow:none\">  Beispiel &#8211; 3 <\/span><\/a><\/div>\n<\/div>\r\n\r\n\r\n\r\n<div class=\"wp-block-column is-layout-flow wp-block-column-is-layout-flow\"><div class=\"su-button-center\"><a href=\"https:\/\/karrierebibel.de\/wp-content\/uploads\/2014\/08\/Vorlage-Bewerbungsanschreiben-Schulpraktikum.pdf\" class=\"su-button su-button-style-flat\" style=\"color:#FFFFFF;background-color:#144bb6;border-color:#103c92;border-radius:1px\" target=\"_self\"><span style=\"color:#FFFFFF;padding:0px 24px;font-size:18px;line-height:36px;border-color:#5b81cc;border-radius:1px;text-shadow:none\">  Beispiel &#8211; 4 <\/span><\/a><\/div>\n<\/div>\r\n\r\n\r\n<\/div>\r\n\r\n\r\n<hr class=\"wp-block-separator has-alpha-channel-opacity\" \/>\r\n\r\n<!-- \/wp:post-content -->\r\n\r\n<!-- wp:table {\"align\":\"center\"} -->\r\n<figure class=\"wp-block-table aligncenter\">\r\n<table>\r\n<tbody>\r\n<tr>\r\n<td style=\"text-align: center;\">Bewerbungsschreiben Praktikum Kindergarten<\/td>\r\n<\/tr>\r\n<tr>\r\n<td style=\"text-align: center;\">PDF &#8211; WORD Datei<\/td>\r\n<\/tr>\r\n<tr>\r\n<td style=\"text-align: center;\">Bewertung: \u2b50\u2b50\u2b50\u2b50\u2b50 4.49<\/td>\r\n<\/tr>\r\n<tr>\r\n<td style=\"text-align: center;\">Ergebnisse &#8211; 1951<\/td>\r\n<\/tr>\r\n<\/tbody>\r\n<\/table>\r\n<\/figure>\r\n<!-- \/wp:table -->\r\n\r\n<!-- wp:separator -->\r\n\r\n<hr class=\"wp-block-separator has-alpha-channel-opacity\" \/>\r\n\r\n<!-- \/wp:separator -->\r\n\r\n<div class=\"su-note\"  style=\"border-color:#e5e5e5;border-radius:10px;-moz-border-radius:10px;-webkit-border-radius:10px;\"><div class=\"su-note-inner su-u-clearfix su-u-trim\" style=\"background-color:#FFFFFF;border-color:#ffffff;color:#333333;border-radius:10px;-moz-border-radius:10px;-webkit-border-radius:10px;\">\r\n\r\n<p><strong>Einleitung:<\/strong><\/p>  <p>Ein Bewerbungsschreiben f\u00fcr ein Praktikum im Kindergarten ist der erste Schritt, um den Arbeitgeber von Ihren F\u00e4higkeiten und Qualifikationen zu \u00fcberzeugen. In dieser Anleitung erfahren Sie, wie Sie ein effektives Bewerbungsschreiben verfassen k\u00f6nnen, um Ihre Chancen auf das gew\u00fcnschte Praktikum zu erh\u00f6hen.<\/p>  <p><strong>Schritt 1: Adressierung und Betreffzeile<\/strong><\/p>  <p>Beginnen Sie das Bewerbungsschreiben mit Ihren Kontaktdaten oben links. Darunter folgt das Datum. Adresse des Kindergartens, Name des Ansprechpartners sowie die Betreffzeile, die den Zweck des Briefes angibt.<\/p>  <code> <p><b>Ihre Adresse<\/b><\/p> <p>Ihr Vorname und Nachname<\/p> <p>Stra\u00dfe und Hausnummer<\/p> <p>PLZ, Stadt<\/p> <p>Ihre Kontaktdaten<\/p>  <p><b>Datum<\/b><\/p>  <p><b>Name des Kindergartens<\/b><\/p> <p>Vorname, Nachname<\/p> <p>Stra\u00dfe und Hausnummer des Kindergartens<\/p> <p>PLZ, Stadt des Kindergartens<\/p>  <p><b>Betreff: Bewerbung um ein Praktikum im Kindergarten<\/b><\/p> <\/code>  <p><strong>Schritt 2: Anrede und Einleitung<\/strong><\/p>  <p>In der Anrede sollten Sie den Ansprechpartner pers\u00f6nlich ansprechen. In der Einleitung geben Sie an, in welchem Zusammenhang Sie auf das Praktikum im Kindergarten aufmerksam geworden sind und warum Sie sich daf\u00fcr interessieren.<\/p>  <code> <p><b>Sehr geehrter Herr\/Frau [Name des Ansprechpartners],<\/b><\/p>  <p>Ich bin durch [Quelle, z.B. die Internetseite des Kindergartens] auf das Praktikum im Kindergarten aufmerksam geworden und bin sehr daran interessiert, einen Einblick in Ihre Einrichtung zu gewinnen.<\/p> <\/code>  <p><strong>Schritt 3: Hauptteil<\/strong><\/p>  <p>Der Hauptteil des Bewerbungsschreibens bietet Ihnen die M\u00f6glichkeit, Ihre pers\u00f6nlichen St\u00e4rken und Erfahrungen im Umgang mit Kindern hervorzuheben. Beschreiben Sie, warum Sie sich f\u00fcr den Kindergarten entschieden haben und welche relevanten F\u00e4higkeiten Sie mitbringen. Verkn\u00fcpfen Sie dabei Ihre Erfahrungen mit den Anforderungen des Praktikums.<\/p>  <code> <p><b>Warum der Kindergarten?<\/b><\/p>  <p>Ich habe mich f\u00fcr Ihren Kindergarten entschieden, da ich begeistert von Ihrer p\u00e4dagogischen Ausrichtung und Ihrem ganzheitlichen Ansatz bin. Das Spielen und Lernen in einer nat\u00fcrlichen Umgebung ist mir ein besonderes Anliegen und ich bin \u00fcberzeugt, dass ich in Ihrem Kindergarten wertvolle Erfahrungen sammeln kann.<\/p>  <p><b>Meine Erfahrungen und F\u00e4higkeiten:<\/b><\/p>  <p>W\u00e4hrend meines Studiums der P\u00e4dagogik habe ich im Rahmen von Praktika bereits Erfahrungen im Umgang mit Kindern gesammelt. Dabei habe ich gelernt, auf die Bed\u00fcrfnisse und Interessen der Kinder einzugehen und sie in ihrer individuellen Entwicklung zu unterst\u00fctzen.<\/p>  <p>Des Weiteren habe ich ehrenamtlich in einer Kinderbetreuungseinrichtung gearbeitet, wo ich meine organisatorischen F\u00e4higkeiten und meine Kreativit\u00e4t bei der Gestaltung von Aktivit\u00e4ten unter Beweis stellen konnte.<\/p> <\/code>  <p><strong>Schritt 4: Schluss<\/strong><\/p>  <p>Fassen Sie im Schluss des Bewerbungsschreibens noch einmal Ihre Motivation zusammen und bedanken Sie sich f\u00fcr die Ber\u00fccksichtigung Ihrer Bewerbung. Geben Sie au\u00dferdem an, dass Sie sich \u00fcber ein pers\u00f6nliches Gespr\u00e4ch freuen w\u00fcrden.<\/p>  <code> <p><b>Motivation und Ausblick:<\/b><\/p>  <p>Ich bin fest davon \u00fcberzeugt, dass ein Praktikum in Ihrem Kindergarten mir wertvolle Einblicke in die p\u00e4dagogische Arbeit erm\u00f6glichen wird und ich mich in Ihrem Team weiterentwickeln kann.<\/p>  <p>\u00dcber eine Einladung zu einem pers\u00f6nlichen Gespr\u00e4ch freue ich mich sehr, um mich und meine F\u00e4higkeiten im Detail vorstellen zu k\u00f6nnen.<\/p>  <p><b>Mit freundlichen Gr\u00fc\u00dfen,<\/b><\/p>  <p>Ihr Vorname und Nachname<\/p> <\/code>  <p><strong>Schritt 5: Formalit\u00e4ten<\/strong><\/p>  <p>Beenden Sie das Bewerbungsschreiben mit einer &#8220;Hochachtungsvoll&#8221; oder &#8220;Mit freundlichen Gr\u00fc\u00dfen&#8221;-Floskel und Ihrer Unterschrift. Vergessen Sie nicht, Ihren vollen Namen zu nennen.<\/p>  <code> <p><b>Unterschrift<\/b><\/p> <p>Ihr Vorname und Nachname (unterschrieben)<\/p> <\/code>  <p><strong>:<\/strong><\/p>  <p>Mit dieser detaillierten Anleitung sind Sie bestens ger\u00fcstet, um ein \u00fcberzeugendes Bewerbungsschreiben f\u00fcr ein Praktikum im Kindergarten zu verfassen. Nutzen Sie die einzelnen Schritte und Beispiele, um Ihre eigenen F\u00e4higkeiten und Qualifikationen in den Vordergrund zu stellen und Ihre Chancen auf das gew\u00fcnschte Praktikum zu erh\u00f6hen.<\/p>\r\n\r\n<\/div><\/div>\r\n\r\n<!-- wp:separator -->\r\n\r\n<hr class=\"wp-block-separator has-alpha-channel-opacity\" \/>","protected":false},"excerpt":{"rendered":"<p>Muster und Vorlage f\u00fcr Bewerbungsschreiben Praktikum Kindergarten &#8211; Erstellung und Ausf\u00fcllen &#8211; \u00d6ffnen im WORD PDF Datei und Online &nbsp; &#8230; <\/p>\n<p class=\"read-more-container\"><a title=\"\u00d6ffnen &#8211; Bewerbungsschreiben Praktikum Kindergarten\" class=\"read-more button\" href=\"https:\/\/schreibenpro.com\/de\/bewerbungsschreiben-praktikum-kindergarten-offnen\/#more-732\" aria-label=\"Mehr zu \u00d6ffnen &#8211; Bewerbungsschreiben Praktikum Kindergarten\">\u00d6FFNEN <\/a><\/p>\n","protected":false},"author":1,"featured_media":0,"parent":0,"menu_order":0,"comment_status":"closed","ping_status":"closed","template":"","meta":{"footnotes":""},"class_list":{"0":"post-732","1":"page","2":"type-page","3":"status-publish","5":"infinite-scroll-item"},"yoast_head":"<!-- This site is optimized with the Yoast SEO plugin v24.6 - https:\/\/yoast.com\/wordpress\/plugins\/seo\/ -->\n<title>\u00d6ffnen - Bewerbungsschreiben Praktikum Kindergarten - Schreiben PRO<\/title>\n<meta name=\"robots\" content=\"noindex, follow\" \/>\n<meta property=\"og:locale\" content=\"de_DE\" \/>\n<meta property=\"og:type\" content=\"article\" \/>\n<meta property=\"og:title\" content=\"\u00d6ffnen - Bewerbungsschreiben Praktikum Kindergarten - Schreiben PRO\" \/>\n<meta property=\"og:description\" content=\"Muster und Vorlage f\u00fcr Bewerbungsschreiben Praktikum Kindergarten &#8211; Erstellung und Ausf\u00fcllen &#8211; \u00d6ffnen im WORD PDF Datei und Online &nbsp; ... \u00d6FFNEN\" \/>\n<meta property=\"og:url\" content=\"https:\/\/schreibenpro.com\/de\/bewerbungsschreiben-praktikum-kindergarten-offnen\/\" \/>\n<meta property=\"og:site_name\" content=\"Schreiben PRO\" \/>\n<meta property=\"og:image\" content=\"https:\/\/schreibenpro.com\/de\/wp-content\/uploads\/bewerbungsschreiben-praktikum-kindergarten-muster-vorlage.jpg\" \/>\n<meta name=\"twitter:card\" content=\"summary_large_image\" \/>\n<meta name=\"twitter:label1\" content=\"Gesch\u00e4tzte Lesezeit\" \/>\n\t<meta name=\"twitter:data1\" content=\"1\u00a0Minute\" \/>\n<!-- \/ Yoast SEO plugin. -->","yoast_head_json":{"title":"\u00d6ffnen - Bewerbungsschreiben Praktikum Kindergarten - Schreiben PRO","robots":{"index":"noindex","follow":"follow"},"og_locale":"de_DE","og_type":"article","og_title":"\u00d6ffnen - Bewerbungsschreiben Praktikum Kindergarten - Schreiben PRO","og_description":"Muster und Vorlage f\u00fcr Bewerbungsschreiben Praktikum Kindergarten &#8211; Erstellung und Ausf\u00fcllen &#8211; \u00d6ffnen im WORD PDF Datei und Online &nbsp; ... \u00d6FFNEN","og_url":"https:\/\/schreibenpro.com\/de\/bewerbungsschreiben-praktikum-kindergarten-offnen\/","og_site_name":"Schreiben PRO","og_image":[{"url":"https:\/\/schreibenpro.com\/de\/wp-content\/uploads\/bewerbungsschreiben-praktikum-kindergarten-muster-vorlage.jpg","type":"","width":"","height":""}],"twitter_card":"summary_large_image","twitter_misc":{"Gesch\u00e4tzte Lesezeit":"1\u00a0Minute"},"schema":{"@context":"https:\/\/schema.org","@graph":[{"@type":"WebPage","@id":"https:\/\/schreibenpro.com\/de\/bewerbungsschreiben-praktikum-kindergarten-offnen\/","url":"https:\/\/schreibenpro.com\/de\/bewerbungsschreiben-praktikum-kindergarten-offnen\/","name":"\u00d6ffnen - Bewerbungsschreiben Praktikum Kindergarten - Schreiben PRO","isPartOf":{"@id":"https:\/\/schreibenpro.com\/de\/#website"},"primaryImageOfPage":{"@id":"https:\/\/schreibenpro.com\/de\/bewerbungsschreiben-praktikum-kindergarten-offnen\/#primaryimage"},"image":{"@id":"https:\/\/schreibenpro.com\/de\/bewerbungsschreiben-praktikum-kindergarten-offnen\/#primaryimage"},"thumbnailUrl":"https:\/\/schreibenpro.com\/de\/wp-content\/uploads\/bewerbungsschreiben-praktikum-kindergarten-muster-vorlage.jpg","datePublished":"2023-12-18T08:25:58+00:00","breadcrumb":{"@id":"https:\/\/schreibenpro.com\/de\/bewerbungsschreiben-praktikum-kindergarten-offnen\/#breadcrumb"},"inLanguage":"de","potentialAction":[{"@type":"ReadAction","target":["https:\/\/schreibenpro.com\/de\/bewerbungsschreiben-praktikum-kindergarten-offnen\/"]}]},{"@type":"ImageObject","inLanguage":"de","@id":"https:\/\/schreibenpro.com\/de\/bewerbungsschreiben-praktikum-kindergarten-offnen\/#primaryimage","url":"https:\/\/schreibenpro.com\/de\/wp-content\/uploads\/anschreiben-zum-angebot-muster-vorlage.jpg","contentUrl":"https:\/\/schreibenpro.com\/de\/wp-content\/uploads\/anschreiben-zum-angebot-muster-vorlage.jpg","width":1410,"height":2250},{"@type":"BreadcrumbList","@id":"https:\/\/schreibenpro.com\/de\/bewerbungsschreiben-praktikum-kindergarten-offnen\/#breadcrumb","itemListElement":[{"@type":"ListItem","position":1,"name":"Portada","item":"https:\/\/schreibenpro.com\/de\/"},{"@type":"ListItem","position":2,"name":"\u00d6ffnen &#8211; Bewerbungsschreiben Praktikum Kindergarten"}]},{"@type":"WebSite","@id":"https:\/\/schreibenpro.com\/de\/#website","url":"https:\/\/schreibenpro.com\/de\/","name":"Schreiben PRO","description":"Muster und Vorlage","publisher":{"@id":"https:\/\/schreibenpro.com\/de\/#organization"},"potentialAction":[{"@type":"SearchAction","target":{"@type":"EntryPoint","urlTemplate":"https:\/\/schreibenpro.com\/de\/?s={search_term_string}"},"query-input":{"@type":"PropertyValueSpecification","valueRequired":true,"valueName":"search_term_string"}}],"inLanguage":"de"},{"@type":"Organization","@id":"https:\/\/schreibenpro.com\/de\/#organization","name":"Schreiben PRO","url":"https:\/\/schreibenpro.com\/de\/","logo":{"@type":"ImageObject","inLanguage":"de","@id":"https:\/\/schreibenpro.com\/de\/#\/schema\/logo\/image\/","url":"https:\/\/schreibenpro.com\/de\/wp-content\/uploads\/cropped-fav.png","contentUrl":"https:\/\/schreibenpro.com\/de\/wp-content\/uploads\/cropped-fav.png","width":512,"height":512,"caption":"Schreiben PRO"},"image":{"@id":"https:\/\/schreibenpro.com\/de\/#\/schema\/logo\/image\/"}}]}},"_links":{"self":[{"href":"https:\/\/schreibenpro.com\/de\/wp-json\/wp\/v2\/pages\/732","targetHints":{"allow":["GET"]}}],"collection":[{"href":"https:\/\/schreibenpro.com\/de\/wp-json\/wp\/v2\/pages"}],"about":[{"href":"https:\/\/schreibenpro.com\/de\/wp-json\/wp\/v2\/types\/page"}],"author":[{"embeddable":true,"href":"https:\/\/schreibenpro.com\/de\/wp-json\/wp\/v2\/users\/1"}],"replies":[{"embeddable":true,"href":"https:\/\/schreibenpro.com\/de\/wp-json\/wp\/v2\/comments?post=732"}],"version-history":[{"count":0,"href":"https:\/\/schreibenpro.com\/de\/wp-json\/wp\/v2\/pages\/732\/revisions"}],"wp:attachment":[{"href":"https:\/\/schreibenpro.com\/de\/wp-json\/wp\/v2\/media?parent=732"}],"curies":[{"name":"wp","href":"https:\/\/api.w.org\/{rel}","templated":true}]}}