{"id":738,"date":"2023-12-18T08:26:01","date_gmt":"2023-12-18T08:26:01","guid":{"rendered":"https:\/\/schreibenpro.com\/de\/sich-selbst-beschreiben-offnen\/"},"modified":"2023-12-18T08:26:01","modified_gmt":"2023-12-18T08:26:01","slug":"sich-selbst-beschreiben-offnen","status":"publish","type":"page","link":"https:\/\/schreibenpro.com\/de\/sich-selbst-beschreiben-offnen\/","title":{"rendered":"\u00d6ffnen &#8211; Sich Selbst Beschreiben"},"content":{"rendered":"\r\n<p class=\"has-text-align-center\">Vorlage und Muster f\u00fcr <strong> Sich Selbst Beschreiben<\/strong> &#8211; Erstellung und Ausf\u00fcllen &#8211; \u00d6ffnen im <strong>WORD und PDF<\/strong> Datei und Online<\/p>\r\n\r\n\r\n\r\n\r\n<div class=\"wp-block-image\">\r\n<figure class=\"aligncenter size-large is-resized\"><img loading=\"lazy\" decoding=\"async\" class=\"wp-image-215\" src=\"https:\/\/schreibenpro.com\/de\/wp-content\/uploads\/sich-selbst-beschreiben-muster-vorlage.jpg\" alt=\"\" width=\"245\" height=\"391\" \/><\/figure>\r\n<\/div>\r\n\r\n\r\n\r\n<hr class=\"wp-block-separator has-alpha-channel-opacity\" \/>\r\n\r\n\r\n\r\n\r\n\r\n<div class=\"su-note\"  style=\"border-color:#e5e5e5;border-radius:10px;-moz-border-radius:10px;-webkit-border-radius:10px;\"><div class=\"su-note-inner su-u-clearfix su-u-trim\" style=\"background-color:#FFFFFF;border-color:#ffffff;color:#333333;border-radius:10px;-moz-border-radius:10px;-webkit-border-radius:10px;\">\r\n\r\n<section id=\"specialParagraph\"><p>Sehr geehrte Damen und Herren,<\/p>  <p>mit diesem Brief m\u00f6chte ich mich Ihnen ausf\u00fchrlich vorstellen und Ihnen einen Einblick in meine Pers\u00f6nlichkeit, meinen Werdegang und meine St\u00e4rken geben.<\/p>  <h3>Einf\u00fchrung<\/h3>  <p>Mein Name ist Max Mustermann und ich bin am 01. Januar 1980 in Berlin geboren. Ich habe Wirtschaftswissenschaften an der Universit\u00e4t XYZ studiert und meinen Abschluss im Jahr 2004 gemacht. Seitdem habe ich langj\u00e4hrige Berufserfahrung in den Bereichen Marketing und Vertrieb.<\/p>  <h3>Pers\u00f6nlichkeit<\/h3>  <p>In meiner Pers\u00f6nlichkeit zeichne ich mich durch Ausdauer, Zielstrebigkeit und Teamf\u00e4higkeit aus. Ich bin ein nat\u00fcrlicher Anf\u00fchrer, der es genie\u00dft, andere zu motivieren und zu inspirieren. Meine Kommunikationsf\u00e4higkeiten erm\u00f6glichen es mir, sowohl auf individueller als auch auf Team-Ebene effektiv zu arbeiten.<\/p>  <h3>Werdegang<\/h3>  <dl> <dt>2004-2006:<\/dt> <dd>Marketing Manager bei ABC Company<\/dd> <dt>2006-2010:<\/dt> <dd>Vertriebsleiter bei DEF Company<\/dd> <dt>2010-2015:<\/dt> <dd>Marketingdirektor bei GHI Company<\/dd> <dt>2015-heute:<\/dt> <dd>Gesch\u00e4ftsf\u00fchrer bei JKL Company<\/dd> <\/dl>  <p>In meiner bisherigen Karriere konnte ich umfangreiche Erfahrungen in den Bereichen Marktforschung, Produktentwicklung, Kundenbetreuung und strategischer Planung sammeln. Ich habe erfolgreich komplexe Projekte geleitet und dabei stets die Ziele und W\u00fcnsche meiner Kunden im Auge behalten.<\/p>  <h3>St\u00e4rken<\/h3>  <ul> <li><strong>F\u00fchrungsf\u00e4higkeiten:<\/strong> Durch meine Erfahrungen in leitenden Positionen konnte ich meine F\u00e4higkeiten im Bereich der Mitarbeiterf\u00fchrung und des Teammanagements kontinuierlich verbessern.<\/li> <li><strong>Kommunikation:<\/strong> Meine ausgepr\u00e4gten kommunikativen F\u00e4higkeiten, sowohl schriftlich als auch m\u00fcndlich, helfen mir bei der effektiven Zusammenarbeit mit internen und externen Stakeholdern.<\/li> <li><strong>Probleml\u00f6sung:<\/strong> Ich bin ein kreativer Probleml\u00f6ser und finde gerne innovative L\u00f6sungsans\u00e4tze f\u00fcr Herausforderungen in meinem beruflichen Umfeld.<\/li> <li><strong>Organisationstalent:<\/strong> Durch meine strukturierte Arbeitsweise und meine F\u00e4higkeit, Priorit\u00e4ten zu setzen, kann ich effizient und zielgerichtet arbeiten.<\/li> <\/ul>  <h3>Schluss<\/h3>  <p>Vielen Dank f\u00fcr Ihre Aufmerksamkeit. Ich hoffe, dass ich Ihnen einen guten \u00dcberblick \u00fcber meine Person und meine beruflichen F\u00e4higkeiten geben konnte. Gerne stehe ich Ihnen f\u00fcr weitere Fragen oder ein pers\u00f6nliches Kennenlernen zur Verf\u00fcgung.<\/p>  <p>Mit freundlichen Gr\u00fc\u00dfen,<\/p>  <p>Max Mustermann<\/p><\/section><\/div><\/div>\r\n\r\n&nbsp;\r\n\r\n\r\n\r\n\r\n\r\n\r\n<p class=\"has-text-align-center\">Muster und Vorlage f\u00fcr <strong> Sich Selbst Beschreiben <\/strong> zur Anpassung und Erstellung  im <strong>WORD<\/strong>\u2013 und <strong>PDF-Format<\/strong><\/p>\r\n\r\n\r\n<button id=\"generatePDF\">Erstellen (PDF &#8211; WORD)<\/button>\r\n\r\n\r\n\r\n<hr class=\"wp-block-separator has-alpha-channel-opacity\" \/>\r\n\r\n\r\n\r\n<p style=\"text-align: center;\"><strong>Sich Selbst Beschreiben<\/strong><\/p>\r\n\r\n<div class=\"wp-block-columns is-layout-flex wp-container-core-columns-is-layout-9d6595d7 wp-block-columns-is-layout-flex\">\r\n\r\n\r\n<div class=\"wp-block-column is-layout-flow wp-block-column-is-layout-flow\"><div class=\"su-button-center\"><a href=\"https:\/\/www.dgsf.org\/zertifizierung\/dgsf-empfohlene-einrichtungen\/frame-selbstbeschreibung\" class=\"su-button su-button-style-flat\" style=\"color:#FFFFFF;background-color:#144bb6;border-color:#103c92;border-radius:1px\" target=\"_self\"><span style=\"color:#FFFFFF;padding:0px 24px;font-size:18px;line-height:36px;border-color:#5b81cc;border-radius:1px;text-shadow:none\">   PDF <\/span><\/a><\/div>\n<\/div>\r\n\r\n\r\n\r\n<div class=\"wp-block-column is-layout-flow wp-block-column-is-layout-flow\"><div class=\"su-button-center\"><a href=\"https:\/\/www.qualitaets-portal.de\/wp-content\/uploads\/Vorlage_Selbstreport_LQS_Modellversion_2_2020-06.docx\" class=\"su-button su-button-style-flat\" style=\"color:#FFFFFF;background-color:#144bb6;border-color:#103c92;border-radius:1px\" target=\"_self\"><span style=\"color:#FFFFFF;padding:0px 24px;font-size:18px;line-height:36px;border-color:#5b81cc;border-radius:1px;text-shadow:none\">   DOC<\/span><\/a><\/div>\n<\/div>\r\n\r\n\r\n<\/div>\r\n\r\n\r\n\r\n<p style=\"text-align: center;\"><strong>Beispiele<\/strong><\/p>\r\n\r\n<div class=\"wp-block-columns is-layout-flex wp-container-core-columns-is-layout-9d6595d7 wp-block-columns-is-layout-flex\">\r\n\r\n\r\n<div class=\"wp-block-column is-layout-flow wp-block-column-is-layout-flow\"><div class=\"su-button-center\"><a href=\"https:\/\/editionmusze.com\/wp-content\/uploads\/2018\/02\/e-book_me_vorsatz.pdf\" class=\"su-button su-button-style-flat\" style=\"color:#FFFFFF;background-color:#144bb6;border-color:#103c92;border-radius:1px\" target=\"_self\"><span style=\"color:#FFFFFF;padding:0px 24px;font-size:18px;line-height:36px;border-color:#5b81cc;border-radius:1px;text-shadow:none\">  Beispiel &#8211; 1 <\/span><\/a><\/div>\n<\/div>\r\n\r\n\r\n\r\n<div class=\"wp-block-column is-layout-flow wp-block-column-is-layout-flow\"><div class=\"su-button-center\"><a href=\"https:\/\/www.karriereakademie.de\/sites\/default\/files\/public\/public\/staerken-liste-100-beispiele-adjektive.pdf\" class=\"su-button su-button-style-flat\" style=\"color:#FFFFFF;background-color:#144bb6;border-color:#103c92;border-radius:1px\" target=\"_self\"><span style=\"color:#FFFFFF;padding:0px 24px;font-size:18px;line-height:36px;border-color:#5b81cc;border-radius:1px;text-shadow:none\">  Beispiel &#8211; 2 <\/span><\/a><\/div>\n<\/div>\r\n\r\n\r\n<\/div>\r\n\r\n\r\n<hr class=\"wp-block-separator has-alpha-channel-opacity\" \/>\r\n\r\n\r\n\r\n<div class=\"wp-block-columns is-layout-flex wp-container-core-columns-is-layout-9d6595d7 wp-block-columns-is-layout-flex\">\r\n\r\n\r\n<div class=\"wp-block-column is-layout-flow wp-block-column-is-layout-flow\"><div class=\"su-button-center\"><a href=\"https:\/\/www.dji.de\/fileadmin\/user_upload\/5_kompetenznachweis\/KB_Kompetenzliste_281206.pdf\" class=\"su-button su-button-style-flat\" style=\"color:#FFFFFF;background-color:#144bb6;border-color:#103c92;border-radius:1px\" target=\"_self\"><span style=\"color:#FFFFFF;padding:0px 24px;font-size:18px;line-height:36px;border-color:#5b81cc;border-radius:1px;text-shadow:none\">  Beispiel &#8211; 3 <\/span><\/a><\/div>\n<\/div>\r\n\r\n\r\n\r\n<div class=\"wp-block-column is-layout-flow wp-block-column-is-layout-flow\"><div class=\"su-button-center\"><a href=\"https:\/\/www.dgsf.org\/zertifizierung\/dgsf-empfohlene-einrichtungen\/frame-selbstbeschreibung\" class=\"su-button su-button-style-flat\" style=\"color:#FFFFFF;background-color:#144bb6;border-color:#103c92;border-radius:1px\" target=\"_self\"><span style=\"color:#FFFFFF;padding:0px 24px;font-size:18px;line-height:36px;border-color:#5b81cc;border-radius:1px;text-shadow:none\">  Beispiel &#8211; 4 <\/span><\/a><\/div>\n<\/div>\r\n\r\n\r\n<\/div>\r\n\r\n\r\n<hr class=\"wp-block-separator has-alpha-channel-opacity\" \/>\r\n\r\n<!-- \/wp:post-content -->\r\n\r\n<!-- wp:table {\"align\":\"center\"} -->\r\n<figure class=\"wp-block-table aligncenter\">\r\n<table>\r\n<tbody>\r\n<tr>\r\n<td style=\"text-align: center;\">Sich Selbst Beschreiben<\/td>\r\n<\/tr>\r\n<tr>\r\n<td style=\"text-align: center;\">PDF &#8211; WORD Datei<\/td>\r\n<\/tr>\r\n<tr>\r\n<td style=\"text-align: center;\">Bewertung: \u2b50\u2b50\u2b50\u2b50\u2b50 4.91<\/td>\r\n<\/tr>\r\n<tr>\r\n<td style=\"text-align: center;\">Ergebnisse &#8211; 4185<\/td>\r\n<\/tr>\r\n<\/tbody>\r\n<\/table>\r\n<\/figure>\r\n<!-- \/wp:table -->\r\n\r\n<!-- wp:separator -->\r\n\r\n<hr class=\"wp-block-separator has-alpha-channel-opacity\" \/>\r\n\r\n<!-- \/wp:separator -->\r\n\r\n<div class=\"su-note\"  style=\"border-color:#e5e5e5;border-radius:10px;-moz-border-radius:10px;-webkit-border-radius:10px;\"><div class=\"su-note-inner su-u-clearfix su-u-trim\" style=\"background-color:#FFFFFF;border-color:#ffffff;color:#333333;border-radius:10px;-moz-border-radius:10px;-webkit-border-radius:10px;\">\r\n\r\n<h3>Einf\u00fchrung<\/h3>  <p>Das Sich Selbst Beschreiben ist eine wichtige F\u00e4higkeit, die in verschiedenen Situationen erforderlich sein kann, sei es f\u00fcr eine Bewerbung, ein Vorstellungsgespr\u00e4ch oder einfach um sich selbst besser vorzustellen. In diesem Leitfaden werden wir die verschiedenen Schritte und Bestandteile des Sich Selbst Beschreibens ausf\u00fchrlich erl\u00e4utern und Ihnen Tipps und Beispiele geben, um Ihnen dabei zu helfen, einen effektiven Selbstbeschreibungstext zu verfassen.<\/p>  <h3>Teil 1: Einleitung<\/h3>  <p>Die Einleitung ist der erste Teil Ihres Selbstbeschreibungstextes und dient dazu, das Interesse des Lesers zu wecken und einen ersten Eindruck von Ihnen zu vermitteln. Hier sind einige Tipps, wie Sie Ihre Einleitung gestalten k\u00f6nnen:<\/p>  <ol> <li>Beginnen Sie mit einer interessanten Tatsache oder einem Zitat, das Ihre Pers\u00f6nlichkeit oder Ihre Leidenschaften widerspiegelt.<\/li> <li>Stellen Sie Ihre Identit\u00e4t vor, z.B. Ihren Namen, Ihr Alter, Ihren Beruf oder Ihre Ausbildung.<\/li> <li>Beschreiben Sie kurz Ihren Hintergrund und Ihre bisherigen Erfahrungen, die f\u00fcr den Leser relevant sein k\u00f6nnten.<\/li> <\/ol>  <p>Hier ist ein Beispiel f\u00fcr eine Einleitung:<\/p>  <blockquote> <p>&#8220;Hallo, mein Name ist Lisa und ich bin eine leidenschaftliche Fotografin. Ich habe schon immer eine Kamera in der Hand gehalten und es fasziniert mich, Momente einzufangen und Geschichten durch Bilder zu erz\u00e4hlen. Mit meiner kreativen Perspektive und meinem Auge f\u00fcr Details m\u00f6chte ich die Welt durch meine Linse zum Leben erwecken.&#8221;<\/p> <\/blockquote>  <h3>Teil 2: Hauptteil<\/h3>  <p>Der Hauptteil Ihrer Selbstbeschreibung erm\u00f6glicht es Ihnen, sich genauer vorzustellen und Ihre Pers\u00f6nlichkeit, F\u00e4higkeiten und Interessen n\u00e4her zu erl\u00e4utern. Hier sind einige Tipps, wie Sie Ihren Hauptteil strukturieren k\u00f6nnen:<\/p>  <ol> <li>Beschreiben Sie Ihre wichtigsten pers\u00f6nlichen Eigenschaften, z.B. Ihre St\u00e4rken und Schw\u00e4chen.<\/li> <li>Geben Sie Beispiele f\u00fcr Situationen oder Projekte, in denen Sie Ihre F\u00e4higkeiten unter Beweis gestellt haben.<\/li> <li>Erz\u00e4hlen Sie Geschichten oder Anekdoten, die Ihre Pers\u00f6nlichkeit oder Ihre Leidenschaften veranschaulichen.<\/li> <li>Erl\u00e4utern Sie Ihre beruflichen Ziele und Ambitionen.<\/li> <li>Zeigen Sie, wie Ihre F\u00e4higkeiten und Interessen zu der Position oder dem Anlass passen, f\u00fcr den Sie sich selbst beschreiben.<\/li> <\/ol>  <p>Hier ist ein Beispiel f\u00fcr den Hauptteil einer Selbstbeschreibung f\u00fcr einen Bewerbungsbrief:<\/p>  <blockquote> <p>&#8220;Als selbstmotivierte und zielorientierte Person glaube ich fest daran, dass harte Arbeit und Entschlossenheit zu gro\u00dfem Erfolg f\u00fchren. In meiner bisherigen beruflichen Laufbahn habe ich bewiesen, dass ich komplexe Projekte erfolgreich abschlie\u00dfen und gro\u00dfe Verantwortung \u00fcbernehmen kann. Zum Beispiel habe ich als Projektleiterin eines internationalen Forschungsprojekts erfolgreich ein Team von Wissenschaftlern aus verschiedenen L\u00e4ndern koordiniert und dabei effektive Kommunikations- und Organisationsf\u00e4higkeiten entwickelt. Durch meine Erfahrung im Umgang mit verschiedenen Kulturen und Arbeitsstilen bin ich in der Lage, effektiv in einem globalen Umfeld zu arbeiten und komplexe Herausforderungen anzugehen. Meine langfristigen beruflichen Ziele beinhalten die Weiterentwicklung meiner F\u00fchrungsqualit\u00e4ten und die \u00dcbernahme einer leitenden Position in der Branche, um einen positiven Einfluss auf die Gesellschaft zu haben.&#8221;<\/p> <\/blockquote>  <h3>Teil 3: Schluss<\/h3>  <p>Der Schluss ist der letzte Teil Ihres Selbstbeschreibungstextes und sollte Ihre Hauptpunkte zusammenfassen und einen bleibenden Eindruck hinterlassen. Hier sind einige Tipps f\u00fcr einen effektiven Schluss:<\/p>  <ol> <li>Fassen Sie die wichtigsten Punkte Ihrer Selbstbeschreibung zusammen.<\/li> <li>Betonen Sie, wie Ihre F\u00e4higkeiten und Erfahrungen einen Mehrwert f\u00fcr den Leser oder die Situation bieten.<\/li> <li>Beenden Sie mit einer starken Aussage oder einem Appell, der den Leser dazu ermutigt, weiterzulesen oder mit Ihnen in Kontakt zu treten.<\/li> <\/ol>  <p>Hier ist ein Beispiel f\u00fcr einen Schluss einer Selbstbeschreibung f\u00fcr ein Vorstellungsgespr\u00e4ch:<\/p>  <blockquote> <p>&#8220;Zusammenfassend m\u00f6chte ich betonen, dass ich \u00fcber die erforderlichen F\u00e4higkeiten und Erfahrungen verf\u00fcge, um einen wertvollen Beitrag zu Ihrem Unternehmen zu leisten. Meine Motivation, mein Ehrgeiz und meine Leidenschaft f\u00fcr die Branche machen mich zu einem idealen Kandidaten f\u00fcr die ausgeschriebene Stelle. Ich freue mich darauf, Sie davon zu \u00fcberzeugen, dass ich die richtige Wahl bin und stehe Ihnen f\u00fcr ein pers\u00f6nliches Gespr\u00e4ch gerne zur Verf\u00fcgung.&#8221;<\/p> <\/blockquote>  <h3>Teil 4: \u00dcberlegungen zur formalen Gestaltung und zum Aufbau eines effektiven Briefes<\/h3>  <p>Bei der Erstellung eines effektiven Selbstbeschreibungstextes sollten Sie auch die folgenden \u00dcberlegungen zur formalen Gestaltung und zum Aufbau eines Briefes beachten:<\/p>  <dl> <dt>Formatierung<\/dt> <dd>Verwenden Sie eine klare und lesbar Schriftart, wie z.B. Times New Roman oder Arial, und eine angemessene Schriftgr\u00f6\u00dfe, wie z.B. 12 pt. Sie k\u00f6nnen auch \u00dcberschriften und Abs\u00e4tze verwenden, um Ihren Text \u00fcbersichtlicher zu gestalten.<\/dd>  <dt>Grammatik und Rechtschreibung<\/dt> <dd>Achten Sie darauf, dass Ihr Text frei von Grammatik- und Rechtschreibfehlern ist. Lesen Sie Ihren Text mehrmals gr\u00fcndlich Korrektur und nutzen Sie gegebenenfalls ein Rechtschreibprogramm oder bitten Sie jemanden, Ihren Text zu \u00fcberpr\u00fcfen.<\/dd>  <dt>Gliederung<\/dt> <dd>Strukturieren Sie Ihren Text logisch und verwenden Sie \u00dcberschriften und Abs\u00e4tze, um verschiedene Abschnitte voneinander abzugrenzen.<\/dd>  <dt>L\u00e4nge<\/dt> <dd>Versuchen Sie, Ihren Selbstbeschreibungstext auf eine angemessene L\u00e4nge zu halten. Zu lange Texte k\u00f6nnen den Leser \u00fcberfordern und die Aufmerksamkeitsspanne verringern.<\/dd> <\/dl>  <h3><\/h3>  <p>Das Sich selbst Beschreiben erfordert Zeit, \u00dcberlegung und Planung. Mit diesem Leitfaden haben Sie eine detaillierte Anleitung erhalten, die Ihnen dabei hilft, einen \u00fcberzeugenden und effektiven Selbstbeschreibungstext zu verfassen. Denken Sie daran, Ihre Einleitung interessant zu gestalten, Ihren Hauptteil strukturiert und aussagekr\u00e4ftig zu gestalten und mit einem starken Schluss zu beenden. Ber\u00fccksichtigen Sie auch die formalen Gestaltungsrichtlinien und denken Sie daran, Ihren Text gr\u00fcndlich zu \u00fcberpr\u00fcfen. Viel Erfolg beim Verfassen Ihrer Selbstbeschreibung!<\/p>\r\n\r\n<\/div><\/div>\r\n\r\n<!-- wp:separator -->\r\n\r\n<hr class=\"wp-block-separator has-alpha-channel-opacity\" \/>","protected":false},"excerpt":{"rendered":"<p>Vorlage und Muster f\u00fcr Sich Selbst Beschreiben &#8211; Erstellung und Ausf\u00fcllen &#8211; \u00d6ffnen im WORD und PDF Datei und Online &#8230; <\/p>\n<p class=\"read-more-container\"><a title=\"\u00d6ffnen &#8211; Sich Selbst Beschreiben\" class=\"read-more button\" href=\"https:\/\/schreibenpro.com\/de\/sich-selbst-beschreiben-offnen\/#more-738\" aria-label=\"Mehr zu \u00d6ffnen &#8211; Sich Selbst Beschreiben\">\u00d6FFNEN <\/a><\/p>\n","protected":false},"author":1,"featured_media":0,"parent":0,"menu_order":0,"comment_status":"closed","ping_status":"closed","template":"","meta":{"footnotes":""},"class_list":{"0":"post-738","1":"page","2":"type-page","3":"status-publish","5":"infinite-scroll-item"},"yoast_head":"<!-- This site is optimized with the Yoast SEO plugin v24.6 - https:\/\/yoast.com\/wordpress\/plugins\/seo\/ -->\n<title>\u00d6ffnen - Sich Selbst Beschreiben - Schreiben PRO<\/title>\n<meta name=\"robots\" content=\"noindex, follow\" \/>\n<meta property=\"og:locale\" content=\"de_DE\" \/>\n<meta property=\"og:type\" content=\"article\" \/>\n<meta property=\"og:title\" content=\"\u00d6ffnen - Sich Selbst Beschreiben - Schreiben PRO\" \/>\n<meta property=\"og:description\" content=\"Vorlage und Muster f\u00fcr Sich Selbst Beschreiben &#8211; Erstellung und Ausf\u00fcllen &#8211; \u00d6ffnen im WORD und PDF Datei und Online ... \u00d6FFNEN\" \/>\n<meta property=\"og:url\" content=\"https:\/\/schreibenpro.com\/de\/sich-selbst-beschreiben-offnen\/\" \/>\n<meta property=\"og:site_name\" content=\"Schreiben PRO\" \/>\n<meta property=\"og:image\" content=\"https:\/\/schreibenpro.com\/de\/wp-content\/uploads\/sich-selbst-beschreiben-muster-vorlage.jpg\" \/>\n<meta name=\"twitter:card\" content=\"summary_large_image\" \/>\n<meta name=\"twitter:label1\" content=\"Gesch\u00e4tzte Lesezeit\" \/>\n\t<meta name=\"twitter:data1\" content=\"1\u00a0Minute\" \/>\n<!-- \/ Yoast SEO plugin. -->","yoast_head_json":{"title":"\u00d6ffnen - Sich Selbst Beschreiben - Schreiben PRO","robots":{"index":"noindex","follow":"follow"},"og_locale":"de_DE","og_type":"article","og_title":"\u00d6ffnen - Sich Selbst Beschreiben - Schreiben PRO","og_description":"Vorlage und Muster f\u00fcr Sich Selbst Beschreiben &#8211; Erstellung und Ausf\u00fcllen &#8211; \u00d6ffnen im WORD und PDF Datei und Online ... \u00d6FFNEN","og_url":"https:\/\/schreibenpro.com\/de\/sich-selbst-beschreiben-offnen\/","og_site_name":"Schreiben PRO","og_image":[{"url":"https:\/\/schreibenpro.com\/de\/wp-content\/uploads\/sich-selbst-beschreiben-muster-vorlage.jpg","type":"","width":"","height":""}],"twitter_card":"summary_large_image","twitter_misc":{"Gesch\u00e4tzte Lesezeit":"1\u00a0Minute"},"schema":{"@context":"https:\/\/schema.org","@graph":[{"@type":"WebPage","@id":"https:\/\/schreibenpro.com\/de\/sich-selbst-beschreiben-offnen\/","url":"https:\/\/schreibenpro.com\/de\/sich-selbst-beschreiben-offnen\/","name":"\u00d6ffnen - Sich Selbst Beschreiben - Schreiben PRO","isPartOf":{"@id":"https:\/\/schreibenpro.com\/de\/#website"},"primaryImageOfPage":{"@id":"https:\/\/schreibenpro.com\/de\/sich-selbst-beschreiben-offnen\/#primaryimage"},"image":{"@id":"https:\/\/schreibenpro.com\/de\/sich-selbst-beschreiben-offnen\/#primaryimage"},"thumbnailUrl":"https:\/\/schreibenpro.com\/de\/wp-content\/uploads\/sich-selbst-beschreiben-muster-vorlage.jpg","datePublished":"2023-12-18T08:26:01+00:00","breadcrumb":{"@id":"https:\/\/schreibenpro.com\/de\/sich-selbst-beschreiben-offnen\/#breadcrumb"},"inLanguage":"de","potentialAction":[{"@type":"ReadAction","target":["https:\/\/schreibenpro.com\/de\/sich-selbst-beschreiben-offnen\/"]}]},{"@type":"ImageObject","inLanguage":"de","@id":"https:\/\/schreibenpro.com\/de\/sich-selbst-beschreiben-offnen\/#primaryimage","url":"https:\/\/schreibenpro.com\/de\/wp-content\/uploads\/anschreiben-zum-angebot-muster-vorlage.jpg","contentUrl":"https:\/\/schreibenpro.com\/de\/wp-content\/uploads\/anschreiben-zum-angebot-muster-vorlage.jpg","width":1410,"height":2250},{"@type":"BreadcrumbList","@id":"https:\/\/schreibenpro.com\/de\/sich-selbst-beschreiben-offnen\/#breadcrumb","itemListElement":[{"@type":"ListItem","position":1,"name":"Portada","item":"https:\/\/schreibenpro.com\/de\/"},{"@type":"ListItem","position":2,"name":"\u00d6ffnen &#8211; Sich Selbst Beschreiben"}]},{"@type":"WebSite","@id":"https:\/\/schreibenpro.com\/de\/#website","url":"https:\/\/schreibenpro.com\/de\/","name":"Schreiben PRO","description":"Muster und Vorlage","publisher":{"@id":"https:\/\/schreibenpro.com\/de\/#organization"},"potentialAction":[{"@type":"SearchAction","target":{"@type":"EntryPoint","urlTemplate":"https:\/\/schreibenpro.com\/de\/?s={search_term_string}"},"query-input":{"@type":"PropertyValueSpecification","valueRequired":true,"valueName":"search_term_string"}}],"inLanguage":"de"},{"@type":"Organization","@id":"https:\/\/schreibenpro.com\/de\/#organization","name":"Schreiben PRO","url":"https:\/\/schreibenpro.com\/de\/","logo":{"@type":"ImageObject","inLanguage":"de","@id":"https:\/\/schreibenpro.com\/de\/#\/schema\/logo\/image\/","url":"https:\/\/schreibenpro.com\/de\/wp-content\/uploads\/cropped-fav.png","contentUrl":"https:\/\/schreibenpro.com\/de\/wp-content\/uploads\/cropped-fav.png","width":512,"height":512,"caption":"Schreiben PRO"},"image":{"@id":"https:\/\/schreibenpro.com\/de\/#\/schema\/logo\/image\/"}}]}},"_links":{"self":[{"href":"https:\/\/schreibenpro.com\/de\/wp-json\/wp\/v2\/pages\/738","targetHints":{"allow":["GET"]}}],"collection":[{"href":"https:\/\/schreibenpro.com\/de\/wp-json\/wp\/v2\/pages"}],"about":[{"href":"https:\/\/schreibenpro.com\/de\/wp-json\/wp\/v2\/types\/page"}],"author":[{"embeddable":true,"href":"https:\/\/schreibenpro.com\/de\/wp-json\/wp\/v2\/users\/1"}],"replies":[{"embeddable":true,"href":"https:\/\/schreibenpro.com\/de\/wp-json\/wp\/v2\/comments?post=738"}],"version-history":[{"count":0,"href":"https:\/\/schreibenpro.com\/de\/wp-json\/wp\/v2\/pages\/738\/revisions"}],"wp:attachment":[{"href":"https:\/\/schreibenpro.com\/de\/wp-json\/wp\/v2\/media?parent=738"}],"curies":[{"name":"wp","href":"https:\/\/api.w.org\/{rel}","templated":true}]}}