{"id":741,"date":"2023-12-18T08:26:02","date_gmt":"2023-12-18T08:26:02","guid":{"rendered":"https:\/\/schreibenpro.com\/de\/fristlose-kundigung-schreiben-offnen\/"},"modified":"2023-12-18T08:26:02","modified_gmt":"2023-12-18T08:26:02","slug":"fristlose-kundigung-schreiben-offnen","status":"publish","type":"page","link":"https:\/\/schreibenpro.com\/de\/fristlose-kundigung-schreiben-offnen\/","title":{"rendered":"\u00d6ffnen &#8211; Fristlose K\u00fcndigung Schreiben"},"content":{"rendered":"\r\n<p class=\"has-text-align-center\">Muster und Vorlage f\u00fcr <strong> Fristlose K\u00fcndigung Schreiben<\/strong> &#8211; Ausf\u00fcllen und Erstellung  &#8211; \u00d6ffnen im <strong>PDF  WORD<\/strong> Datei und Online<\/p>\r\n\r\n\r\n\r\n\r\n<div class=\"wp-block-image\">\r\n<figure class=\"aligncenter size-large is-resized\"><img loading=\"lazy\" decoding=\"async\" class=\"wp-image-215\" src=\"https:\/\/schreibenpro.com\/de\/wp-content\/uploads\/fristlose-kundigung-schreiben-muster-vorlage.jpg\" alt=\"\" width=\"245\" height=\"391\" \/><\/figure>\r\n<\/div>\r\n\r\n\r\n\r\n<hr class=\"wp-block-separator has-alpha-channel-opacity\" \/>\r\n\r\n\r\n\r\n\r\n\r\n<div class=\"su-note\"  style=\"border-color:#e5e5e5;border-radius:10px;-moz-border-radius:10px;-webkit-border-radius:10px;\"><div class=\"su-note-inner su-u-clearfix su-u-trim\" style=\"background-color:#FFFFFF;border-color:#ffffff;color:#333333;border-radius:10px;-moz-border-radius:10px;-webkit-border-radius:10px;\">\r\n\r\n<section id=\"specialParagraph\"><p><strong>Einleitung:<\/strong><\/p> <p>Sehr geehrte\/r [Name des Arbeitgebers],<\/p> <p>hiermit m\u00f6chte ich Ihnen meine fristlose K\u00fcndigung aussprechen. Es f\u00e4llt mir nicht leicht, diesen Schritt zu gehen, aber aufgrund der vorliegenden Umst\u00e4nde sehe ich keine andere M\u00f6glichkeit mehr. Im Folgenden erl\u00e4utere ich Ihnen ausf\u00fchrlich die Gr\u00fcnde f\u00fcr meine Entscheidung.<\/p>  <p><strong>Sachverhalt:<\/strong><\/p> <p>Seit Beginn meiner Besch\u00e4ftigung bei [Firma\/Unternehmen] am [Datum des Arbeitsbeginns] habe ich mich stets bem\u00fcht, meine Aufgaben gewissenhaft und zur Zufriedenheit aller auszuf\u00fchren. Trotz meiner Bem\u00fchungen bin ich jedoch immer wieder mit folgenden Schwierigkeiten konfrontiert worden:<\/p> <dt> <dd>1. Verletzung von arbeitsrechtlichen Bestimmungen:<\/dd> <dd><p>Nach eingehender Pr\u00fcfung verschiedener Vorf\u00e4lle habe ich festgestellt, dass in unserer Firma wiederholt arbeitsrechtliche Bestimmungen missachtet wurden. Insbesondere wurden \u00dcberstunden nicht korrekt erfasst und verg\u00fctet, Arbeitszeiten nicht ordnungsgem\u00e4\u00df eingehalten und Sicherheitsvorschriften ignoriert. Trotz meiner wiederholten Hinweise auf diese Missst\u00e4nde wurden keine angemessenen Ma\u00dfnahmen ergriffen, um das Problem zu beheben.<\/p><\/dd> <dd><p>2. Mobbing und Diskriminierung:<\/dd> <dd><p>Dar\u00fcber hinaus wurde ich w\u00e4hrend meiner Arbeitszeit wiederholt Opfer von Mobbing und Diskriminierung seitens meiner Kollegen. Trotz meiner Beschwerden und des offensichtlichen Leidens, das diese Situation f\u00fcr mich mit sich bringt, hat die Gesch\u00e4ftsleitung keine wirksamen Schritte unternommen, um diese Vorf\u00e4lle zu untersuchen oder die Schikanen zu beenden.<\/p><\/dd> <dd><p>3. Nichtzahlung des vereinbarten Gehalts:<\/dd> <dd><p>In den letzten drei Monaten wurde mein Gehalt unregelm\u00e4\u00dfig und unvollst\u00e4ndig ausgezahlt, obwohl ich meine Arbeit stets ordnungsgem\u00e4\u00df erledigt habe. Trotz meiner wiederholten Anfragen zur Kl\u00e4rung dieses Problems wurde mir keine zufriedenstellende Antwort gegeben und die ausstehenden Betr\u00e4ge wurden bis zum heutigen Tag nicht beglichen.<\/p><\/dd> <\/dt>  <p><strong>Rechtliche Grundlage:<\/strong><\/p> <p>Die genannten Umst\u00e4nde stellen schwerwiegende Vertragsverletzungen seitens des Arbeitgebers dar und berechtigen mich gem\u00e4\u00df \u00a7X Absatz Y des Arbeitsvertrags zur K\u00fcndigung meines Arbeitsverh\u00e4ltnisses fristlos. Gem\u00e4\u00df meiner Pflicht, den Vertrauensgrundsatz aufrechtzuerhalten, kann ich nicht l\u00e4nger f\u00fcr ein Unternehmen arbeiten, welches grundlegende arbeitsrechtliche Bestimmungen ignoriert und keine angemessenen Ma\u00dfnahmen gegen Diskriminierung ergreift.<\/p>  <p><strong>Schluss:<\/strong><\/p> <p>Ich bitte Sie, diese K\u00fcndigung umgehend zu best\u00e4tigen und mir eine schriftliche Best\u00e4tigung \u00fcber den Erhalt der K\u00fcndigung zukommen zu lassen. Sollten Sie binnen [Frist] keine Best\u00e4tigung senden und die oben genannten Probleme nicht umgehend angehen, behalte ich mir das Recht vor, weitere rechtliche Schritte einzuleiten. Abschlie\u00dfend danke ich Ihnen f\u00fcr die bisherige Zusammenarbeit und bedaure es, dass es zu dieser Situation gekommen ist.<\/p>  <p>Mit freundlichen Gr\u00fc\u00dfen,<\/p> [Ihr Name]<\/section><\/div><\/div>\r\n\r\n&nbsp;\r\n\r\n\r\n\r\n\r\n\r\n\r\n<p class=\"has-text-align-center\">Vorlage und Muster f\u00fcr <strong> Fristlose K\u00fcndigung Schreiben <\/strong> zur Anpassung und Erstellung  im <strong>WORD<\/strong>\u2013 und <strong>PDF-Format<\/strong><\/p>\r\n\r\n\r\n<button id=\"generatePDF\">Erstellen (PDF &#8211; WORD)<\/button>\r\n\r\n\r\n\r\n<hr class=\"wp-block-separator has-alpha-channel-opacity\" \/>\r\n\r\n\r\n\r\n<p style=\"text-align: center;\"><strong>Fristlose K\u00fcndigung Schreiben<\/strong><\/p>\r\n\r\n<div class=\"wp-block-columns is-layout-flex wp-container-core-columns-is-layout-9d6595d7 wp-block-columns-is-layout-flex\">\r\n\r\n\r\n<div class=\"wp-block-column is-layout-flow wp-block-column-is-layout-flow\"><div class=\"su-button-center\"><a href=\"https:\/\/mgp-rechtsanwalt.de\/wp-content\/uploads\/2023\/01\/vorlage-ausserordentliche-kuendigung.pdf\" class=\"su-button su-button-style-flat\" style=\"color:#FFFFFF;background-color:#144bb6;border-color:#103c92;border-radius:1px\" target=\"_self\"><span style=\"color:#FFFFFF;padding:0px 24px;font-size:18px;line-height:36px;border-color:#5b81cc;border-radius:1px;text-shadow:none\">   PDF <\/span><\/a><\/div>\n<\/div>\r\n\r\n\r\n\r\n<div class=\"wp-block-column is-layout-flow wp-block-column-is-layout-flow\"><div class=\"su-button-center\"><a href=\"https:\/\/www.klugo.de\/images\/downloads\/arbeitsrecht\/kuendigung\/muster-kuendigung-fristlos-arbeitnehmer.docx\" class=\"su-button su-button-style-flat\" style=\"color:#FFFFFF;background-color:#144bb6;border-color:#103c92;border-radius:1px\" target=\"_self\"><span style=\"color:#FFFFFF;padding:0px 24px;font-size:18px;line-height:36px;border-color:#5b81cc;border-radius:1px;text-shadow:none\">   DOC<\/span><\/a><\/div>\n<\/div>\r\n\r\n\r\n<\/div>\r\n\r\n\r\n\r\n<p style=\"text-align: center;\"><strong>Beispiele<\/strong><\/p>\r\n\r\n<div class=\"wp-block-columns is-layout-flex wp-container-core-columns-is-layout-9d6595d7 wp-block-columns-is-layout-flex\">\r\n\r\n\r\n<div class=\"wp-block-column is-layout-flow wp-block-column-is-layout-flow\"><div class=\"su-button-center\"><a href=\"https:\/\/mgp-rechtsanwalt.de\/wp-content\/uploads\/2023\/01\/vorlage-ausserordentliche-kuendigung.pdf\" class=\"su-button su-button-style-flat\" style=\"color:#FFFFFF;background-color:#144bb6;border-color:#103c92;border-radius:1px\" target=\"_self\"><span style=\"color:#FFFFFF;padding:0px 24px;font-size:18px;line-height:36px;border-color:#5b81cc;border-radius:1px;text-shadow:none\">  Beispiel &#8211; 1 <\/span><\/a><\/div>\n<\/div>\r\n\r\n\r\n\r\n<div class=\"wp-block-column is-layout-flow wp-block-column-is-layout-flow\"><div class=\"su-button-center\"><a href=\"https:\/\/www.hwk-rhein-main.de\/adbimage\/16345\/asset-original\/\/kuendigung-ausserordentliche-kuendigung.pdf\" class=\"su-button su-button-style-flat\" style=\"color:#FFFFFF;background-color:#144bb6;border-color:#103c92;border-radius:1px\" target=\"_self\"><span style=\"color:#FFFFFF;padding:0px 24px;font-size:18px;line-height:36px;border-color:#5b81cc;border-radius:1px;text-shadow:none\">  Beispiel &#8211; 2 <\/span><\/a><\/div>\n<\/div>\r\n\r\n\r\n<\/div>\r\n\r\n\r\n<hr class=\"wp-block-separator has-alpha-channel-opacity\" \/>\r\n\r\n\r\n\r\n<div class=\"wp-block-columns is-layout-flex wp-container-core-columns-is-layout-9d6595d7 wp-block-columns-is-layout-flex\">\r\n\r\n\r\n<div class=\"wp-block-column is-layout-flow wp-block-column-is-layout-flow\"><div class=\"su-button-center\"><a href=\"https:\/\/www.ihk.de\/blueprint\/servlet\/resource\/blob\/1320940\/5d87e4bf3d9b15b50c1ce5d3ba024f4c\/kuendigung-muster-data.pdf\" class=\"su-button su-button-style-flat\" style=\"color:#FFFFFF;background-color:#144bb6;border-color:#103c92;border-radius:1px\" target=\"_self\"><span style=\"color:#FFFFFF;padding:0px 24px;font-size:18px;line-height:36px;border-color:#5b81cc;border-radius:1px;text-shadow:none\">  Beispiel &#8211; 3 <\/span><\/a><\/div>\n<\/div>\r\n\r\n\r\n\r\n<div class=\"wp-block-column is-layout-flow wp-block-column-is-layout-flow\"><div class=\"su-button-center\"><a href=\"https:\/\/mgp-rechtsanwalt.de\/wp-content\/uploads\/2023\/01\/vorlage-ausserordentliche-kuendigung.pdf\" class=\"su-button su-button-style-flat\" style=\"color:#FFFFFF;background-color:#144bb6;border-color:#103c92;border-radius:1px\" target=\"_self\"><span style=\"color:#FFFFFF;padding:0px 24px;font-size:18px;line-height:36px;border-color:#5b81cc;border-radius:1px;text-shadow:none\">  Beispiel &#8211; 4 <\/span><\/a><\/div>\n<\/div>\r\n\r\n\r\n<\/div>\r\n\r\n\r\n<hr class=\"wp-block-separator has-alpha-channel-opacity\" \/>\r\n\r\n<!-- \/wp:post-content -->\r\n\r\n<!-- wp:table {\"align\":\"center\"} -->\r\n<figure class=\"wp-block-table aligncenter\">\r\n<table>\r\n<tbody>\r\n<tr>\r\n<td style=\"text-align: center;\">Fristlose K\u00fcndigung Schreiben<\/td>\r\n<\/tr>\r\n<tr>\r\n<td style=\"text-align: center;\">PDF &#8211; WORD Datei<\/td>\r\n<\/tr>\r\n<tr>\r\n<td style=\"text-align: center;\">Bewertung: \u2b50\u2b50\u2b50\u2b50\u2b50 4.61<\/td>\r\n<\/tr>\r\n<tr>\r\n<td style=\"text-align: center;\">Ergebnisse &#8211; 6055<\/td>\r\n<\/tr>\r\n<\/tbody>\r\n<\/table>\r\n<\/figure>\r\n<!-- \/wp:table -->\r\n\r\n<!-- wp:separator -->\r\n\r\n<hr class=\"wp-block-separator has-alpha-channel-opacity\" \/>\r\n\r\n<!-- \/wp:separator -->\r\n\r\n<div class=\"su-note\"  style=\"border-color:#e5e5e5;border-radius:10px;-moz-border-radius:10px;-webkit-border-radius:10px;\"><div class=\"su-note-inner su-u-clearfix su-u-trim\" style=\"background-color:#FFFFFF;border-color:#ffffff;color:#333333;border-radius:10px;-moz-border-radius:10px;-webkit-border-radius:10px;\">\r\n\r\n<p>Ein fristloses K\u00fcndigungsschreiben ist ein wichtiger formeller Brief, der verwendet wird, um ein Arbeitsverh\u00e4ltnis oder einen Vertrag sofort zu beenden. Es ist wichtig, das Schreiben korrekt zu verfassen, um m\u00f6gliche rechtliche Konsequenzen zu vermeiden. Diese Anleitung bietet Tipps und Beispiele, wie man ein effektives fristloses K\u00fcndigungsschreiben schreibt und welche Punkte dabei beachtet werden sollten.<\/p>  <h3>1. Einleitung<\/h3>  <p>Die Einleitung des K\u00fcndigungsschreibens sollte den Zweck des Schreibens klarstellen und den Empf\u00e4nger dar\u00fcber informieren, dass der Vertrag oder das Arbeitsverh\u00e4ltnis aufgrund bestimmter Gr\u00fcnde sofort beendet werden soll. Hier sind einige Punkte, die in der Einleitung enthalten sein sollten:<\/p>  <ul> <li>Nennung des Empf\u00e4ngers (Name, Position, Firma)<\/li> <li>Klare Aussage \u00fcber die fristlose K\u00fcndigung<\/li> <li>Angabe des K\u00fcndigungsdatums<\/li> <li>Kurze der Gr\u00fcnde f\u00fcr die fristlose K\u00fcndigung<\/li> <\/ul>  <p>Beispiel f\u00fcr die Einleitung:<\/p>  <blockquote> <p>Sehr geehrter Herr\/Frau [Empf\u00e4ngername],<\/p> <p>mit diesem Schreiben k\u00fcndige ich hiermit fristlos meinen Arbeitsvertrag [oder Vertragstitel] vom [Datum] aufgrund der folgenden Gr\u00fcnde:<\/p> <ul> <li>[Grund 1]<\/li> <li>[Grund 2]<\/li> <li>[Grund 3]<\/li> <\/ul> <\/blockquote>  <h3>2. Hauptteil<\/h3>  <p>Im Hauptteil des K\u00fcndigungsschreibens sollten die Gr\u00fcnde f\u00fcr die fristlose K\u00fcndigung detailliert erkl\u00e4rt werden. Jeder Grund sollte in einem separaten Absatz behandelt werden. Hier sind einige Punkte, die im Hauptteil enthalten sein sollten:<\/p>  <ul> <li>Klare Beschreibung der vertragswidrigen Handlungen oder Verfehlungen, die zur fristlosen K\u00fcndigung f\u00fchren<\/li> <li>Nennung von relevanten Fakten, Daten oder Beweisen, um die Gr\u00fcnde zu unterst\u00fctzen<\/li> <li>Bezugnahme auf bestimmte Vertragsklauseln oder Arbeitsvereinbarungen, die verletzt wurden<\/li> <li>Kurze Erl\u00e4uterung der negativen Auswirkungen des vertragswidrigen Verhaltens auf das Arbeitsverh\u00e4ltnis oder Projekt<\/li> <\/ul>  <p>Beispiel f\u00fcr den Hauptteil:<\/p>  <blockquote> [Grund 1]: Wie bereits m\u00fcndlich besprochen, haben Sie wiederholt unentschuldigt gefehlt und dadurch den Arbeitsablauf erheblich gest\u00f6rt. Laut unserem Arbeitsvertrag ist eine regelm\u00e4\u00dfige Anwesenheit Pflicht, um den Betrieb reibungslos zu gew\u00e4hrleisten.<\/p> [Grund 2]: Des Weiteren wurde festgestellt, dass Sie wiederholt vertrauliche Informationen an externe Parteien weitergegeben haben, was einen klaren Versto\u00df gegen unsere Geheimhaltungsvereinbarung darstellt.<\/p> [Grund 3]: Zudem haben Sie wiederholt unprofessionelles Verhalten gegen\u00fcber Kollegen gezeigt, was zu Spannungen und Konflikten im Team gef\u00fchrt hat und somit die Zusammenarbeit erheblich beeintr\u00e4chtigt.<\/p> <\/blockquote>  <h3>3. Schluss<\/h3>  <p>Im Schlussteil des K\u00fcndigungsschreibens sollte die Beendigung des Vertrags oder Arbeitsverh\u00e4ltnisses nochmals deutlich gemacht werden. Hier sind einige Punkte, die im Schluss enthalten sein sollten:<\/p>  <ul> <li>Klare Aussage \u00fcber die sofortige Beendigung des Vertrags oder Arbeitsverh\u00e4ltnisses<\/li> <li>Aufforderung an den Empf\u00e4nger, alle erforderlichen Ma\u00dfnahmen zur Abwicklung der K\u00fcndigung zu treffen<\/li> <li>Nennung von Kontaktdaten f\u00fcr R\u00fcckfragen oder weitere Informationen<\/li> <li>Ein h\u00f6flicher Abschiedsgru\u00df<\/li> <\/ul>  <p>Beispiel f\u00fcr den Schluss:<\/p>  <blockquote> <p>Aufgrund der genannten Gr\u00fcnde und der Schwere Ihrer Verst\u00f6\u00dfe sehe ich mich gezwungen, den Arbeitsvertrag\/Vertragstitel mit sofortiger Wirkung zu beenden. Bitte treffen Sie alle erforderlichen Ma\u00dfnahmen f\u00fcr die reibungslose Abwicklung dieser K\u00fcndigung sowie die \u00dcbergabe von Firmeneigentum.<\/p> <p>F\u00fcr R\u00fcckfragen oder weitere Informationen stehe ich Ihnen unter den unten angegebenen Kontaktdaten gerne zur Verf\u00fcgung.<\/p> <p>Mit freundlichen Gr\u00fc\u00dfen,<\/p> [Ihr Name] [Ihre Position] [Firma] [Kontaktdaten] <\/blockquote>  <h3>4. Wichtige \u00dcberlegungen zur formalen Gestaltung und Aufbau<\/h3>  <p>Bei der formalen Gestaltung und dem Aufbau eines fristlosen K\u00fcndigungsschreibens sollten die folgenden Punkte beachtet werden:<\/p>  <ul> <li>Verwendung einer professionellen Sprache und eines h\u00f6flichen Tons<\/li> <li>Korrekte Anrede des Empf\u00e4ngers<\/li> <li>\u00dcbersichtliche Gliederung in Einleitung, Hauptteil und Schluss<\/li> <li>Verwendung von Abs\u00e4tzen, um den Text lesbar zu gestalten<\/li> <li>Korrekte Formatierung von Namen, Daten und Kontaktdetails<\/li> <li>Rechtschreib- und Grammatikpr\u00fcfung<\/li> <\/ul>  <h3><\/h3>  <p>Das Verfassen eines fristlosen K\u00fcndigungsschreibens erfordert Sorgfalt und gr\u00fcndliche \u00dcberlegungen. Mit Hilfe dieser Anleitung k\u00f6nnen Sie sicherstellen, dass Ihr Schreiben alle wichtigen Informationen enth\u00e4lt und korrekt formal gestaltet ist. Denken Sie daran, dass es ratsam sein kann, vor dem Versand des Schreibens rechtlichen Rat einzuholen, um m\u00f6gliche Risiken zu minimieren.<\/p>\r\n\r\n<\/div><\/div>\r\n\r\n<!-- wp:separator -->\r\n\r\n<hr class=\"wp-block-separator has-alpha-channel-opacity\" \/>","protected":false},"excerpt":{"rendered":"<p>Muster und Vorlage f\u00fcr Fristlose K\u00fcndigung Schreiben &#8211; Ausf\u00fcllen und Erstellung &#8211; \u00d6ffnen im PDF WORD Datei und Online &nbsp; &#8230; <\/p>\n<p class=\"read-more-container\"><a title=\"\u00d6ffnen &#8211; Fristlose K\u00fcndigung Schreiben\" class=\"read-more button\" href=\"https:\/\/schreibenpro.com\/de\/fristlose-kundigung-schreiben-offnen\/#more-741\" aria-label=\"Mehr zu \u00d6ffnen &#8211; Fristlose K\u00fcndigung Schreiben\">\u00d6FFNEN <\/a><\/p>\n","protected":false},"author":1,"featured_media":0,"parent":0,"menu_order":0,"comment_status":"closed","ping_status":"closed","template":"","meta":{"footnotes":""},"class_list":{"0":"post-741","1":"page","2":"type-page","3":"status-publish","5":"infinite-scroll-item"},"yoast_head":"<!-- This site is optimized with the Yoast SEO plugin v24.6 - https:\/\/yoast.com\/wordpress\/plugins\/seo\/ -->\n<title>\u00d6ffnen - Fristlose K\u00fcndigung Schreiben - Schreiben PRO<\/title>\n<meta name=\"robots\" content=\"noindex, follow\" \/>\n<meta property=\"og:locale\" content=\"de_DE\" \/>\n<meta property=\"og:type\" content=\"article\" \/>\n<meta property=\"og:title\" content=\"\u00d6ffnen - Fristlose K\u00fcndigung Schreiben - Schreiben PRO\" \/>\n<meta property=\"og:description\" content=\"Muster und Vorlage f\u00fcr Fristlose K\u00fcndigung Schreiben &#8211; Ausf\u00fcllen und Erstellung &#8211; \u00d6ffnen im PDF WORD Datei und Online &nbsp; ... \u00d6FFNEN\" \/>\n<meta property=\"og:url\" content=\"https:\/\/schreibenpro.com\/de\/fristlose-kundigung-schreiben-offnen\/\" \/>\n<meta property=\"og:site_name\" content=\"Schreiben PRO\" \/>\n<meta property=\"og:image\" content=\"https:\/\/schreibenpro.com\/de\/wp-content\/uploads\/fristlose-kundigung-schreiben-muster-vorlage.jpg\" \/>\n<meta name=\"twitter:card\" content=\"summary_large_image\" \/>\n<meta name=\"twitter:label1\" content=\"Gesch\u00e4tzte Lesezeit\" \/>\n\t<meta name=\"twitter:data1\" content=\"1\u00a0Minute\" \/>\n<!-- \/ Yoast SEO plugin. -->","yoast_head_json":{"title":"\u00d6ffnen - Fristlose K\u00fcndigung Schreiben - Schreiben PRO","robots":{"index":"noindex","follow":"follow"},"og_locale":"de_DE","og_type":"article","og_title":"\u00d6ffnen - Fristlose K\u00fcndigung Schreiben - Schreiben PRO","og_description":"Muster und Vorlage f\u00fcr Fristlose K\u00fcndigung Schreiben &#8211; Ausf\u00fcllen und Erstellung &#8211; \u00d6ffnen im PDF WORD Datei und Online &nbsp; ... \u00d6FFNEN","og_url":"https:\/\/schreibenpro.com\/de\/fristlose-kundigung-schreiben-offnen\/","og_site_name":"Schreiben PRO","og_image":[{"url":"https:\/\/schreibenpro.com\/de\/wp-content\/uploads\/fristlose-kundigung-schreiben-muster-vorlage.jpg","type":"","width":"","height":""}],"twitter_card":"summary_large_image","twitter_misc":{"Gesch\u00e4tzte Lesezeit":"1\u00a0Minute"},"schema":{"@context":"https:\/\/schema.org","@graph":[{"@type":"WebPage","@id":"https:\/\/schreibenpro.com\/de\/fristlose-kundigung-schreiben-offnen\/","url":"https:\/\/schreibenpro.com\/de\/fristlose-kundigung-schreiben-offnen\/","name":"\u00d6ffnen - Fristlose K\u00fcndigung Schreiben - Schreiben PRO","isPartOf":{"@id":"https:\/\/schreibenpro.com\/de\/#website"},"primaryImageOfPage":{"@id":"https:\/\/schreibenpro.com\/de\/fristlose-kundigung-schreiben-offnen\/#primaryimage"},"image":{"@id":"https:\/\/schreibenpro.com\/de\/fristlose-kundigung-schreiben-offnen\/#primaryimage"},"thumbnailUrl":"https:\/\/schreibenpro.com\/de\/wp-content\/uploads\/fristlose-kundigung-schreiben-muster-vorlage.jpg","datePublished":"2023-12-18T08:26:02+00:00","breadcrumb":{"@id":"https:\/\/schreibenpro.com\/de\/fristlose-kundigung-schreiben-offnen\/#breadcrumb"},"inLanguage":"de","potentialAction":[{"@type":"ReadAction","target":["https:\/\/schreibenpro.com\/de\/fristlose-kundigung-schreiben-offnen\/"]}]},{"@type":"ImageObject","inLanguage":"de","@id":"https:\/\/schreibenpro.com\/de\/fristlose-kundigung-schreiben-offnen\/#primaryimage","url":"https:\/\/schreibenpro.com\/de\/wp-content\/uploads\/anschreiben-zum-angebot-muster-vorlage.jpg","contentUrl":"https:\/\/schreibenpro.com\/de\/wp-content\/uploads\/anschreiben-zum-angebot-muster-vorlage.jpg","width":1410,"height":2250},{"@type":"BreadcrumbList","@id":"https:\/\/schreibenpro.com\/de\/fristlose-kundigung-schreiben-offnen\/#breadcrumb","itemListElement":[{"@type":"ListItem","position":1,"name":"Portada","item":"https:\/\/schreibenpro.com\/de\/"},{"@type":"ListItem","position":2,"name":"\u00d6ffnen &#8211; Fristlose K\u00fcndigung Schreiben"}]},{"@type":"WebSite","@id":"https:\/\/schreibenpro.com\/de\/#website","url":"https:\/\/schreibenpro.com\/de\/","name":"Schreiben PRO","description":"Muster und Vorlage","publisher":{"@id":"https:\/\/schreibenpro.com\/de\/#organization"},"potentialAction":[{"@type":"SearchAction","target":{"@type":"EntryPoint","urlTemplate":"https:\/\/schreibenpro.com\/de\/?s={search_term_string}"},"query-input":{"@type":"PropertyValueSpecification","valueRequired":true,"valueName":"search_term_string"}}],"inLanguage":"de"},{"@type":"Organization","@id":"https:\/\/schreibenpro.com\/de\/#organization","name":"Schreiben PRO","url":"https:\/\/schreibenpro.com\/de\/","logo":{"@type":"ImageObject","inLanguage":"de","@id":"https:\/\/schreibenpro.com\/de\/#\/schema\/logo\/image\/","url":"https:\/\/schreibenpro.com\/de\/wp-content\/uploads\/cropped-fav.png","contentUrl":"https:\/\/schreibenpro.com\/de\/wp-content\/uploads\/cropped-fav.png","width":512,"height":512,"caption":"Schreiben PRO"},"image":{"@id":"https:\/\/schreibenpro.com\/de\/#\/schema\/logo\/image\/"}}]}},"_links":{"self":[{"href":"https:\/\/schreibenpro.com\/de\/wp-json\/wp\/v2\/pages\/741","targetHints":{"allow":["GET"]}}],"collection":[{"href":"https:\/\/schreibenpro.com\/de\/wp-json\/wp\/v2\/pages"}],"about":[{"href":"https:\/\/schreibenpro.com\/de\/wp-json\/wp\/v2\/types\/page"}],"author":[{"embeddable":true,"href":"https:\/\/schreibenpro.com\/de\/wp-json\/wp\/v2\/users\/1"}],"replies":[{"embeddable":true,"href":"https:\/\/schreibenpro.com\/de\/wp-json\/wp\/v2\/comments?post=741"}],"version-history":[{"count":0,"href":"https:\/\/schreibenpro.com\/de\/wp-json\/wp\/v2\/pages\/741\/revisions"}],"wp:attachment":[{"href":"https:\/\/schreibenpro.com\/de\/wp-json\/wp\/v2\/media?parent=741"}],"curies":[{"name":"wp","href":"https:\/\/api.w.org\/{rel}","templated":true}]}}