{"id":743,"date":"2023-12-18T08:26:04","date_gmt":"2023-12-18T08:26:04","guid":{"rendered":"https:\/\/schreibenpro.com\/de\/brief-auf-englisch-schreiben-offnen\/"},"modified":"2023-12-18T08:26:04","modified_gmt":"2023-12-18T08:26:04","slug":"brief-auf-englisch-schreiben-offnen","status":"publish","type":"page","link":"https:\/\/schreibenpro.com\/de\/brief-auf-englisch-schreiben-offnen\/","title":{"rendered":"\u00d6ffnen &#8211; Brief Auf Englisch Schreiben"},"content":{"rendered":"\r\n<p class=\"has-text-align-center\">Vorlage und Muster f\u00fcr <strong> Brief Auf Englisch Schreiben<\/strong> &#8211; Erstellung und Ausf\u00fcllen &#8211; \u00d6ffnen im <strong>PDF WORD<\/strong> Datei und Online<\/p>\r\n\r\n\r\n\r\n\r\n<div class=\"wp-block-image\">\r\n<figure class=\"aligncenter size-large is-resized\"><img loading=\"lazy\" decoding=\"async\" class=\"wp-image-215\" src=\"https:\/\/schreibenpro.com\/de\/wp-content\/uploads\/brief-auf-englisch-schreiben-muster-vorlage.jpg\" alt=\"\" width=\"245\" height=\"391\" \/><\/figure>\r\n<\/div>\r\n\r\n\r\n\r\n<hr class=\"wp-block-separator has-alpha-channel-opacity\" \/>\r\n\r\n\r\n\r\n\r\n\r\n<div class=\"su-note\"  style=\"border-color:#e5e5e5;border-radius:10px;-moz-border-radius:10px;-webkit-border-radius:10px;\"><div class=\"su-note-inner su-u-clearfix su-u-trim\" style=\"background-color:#FFFFFF;border-color:#ffffff;color:#333333;border-radius:10px;-moz-border-radius:10px;-webkit-border-radius:10px;\">\r\n\r\n<section id=\"specialParagraph\"><p><strong>Einleitung:<\/strong><\/p> <p>Dear [Empf\u00e4ngername],<\/p>  <p>Ich hoffe, diese Nachricht findet Sie in bester Verfassung. Mein Name ist [Ihr Name] und ich schreibe Ihnen in Bezug auf [Grund f\u00fcr den Brief]. Ich m\u00f6chte meine Gedanken zu diesem Thema mit Ihnen teilen und weitere Informationen dar\u00fcber geben.<\/p>  <p><strong>Zweiter Absatz:<\/strong><\/p> <p>Zun\u00e4chst m\u00f6chte ich Ihnen einige wichtige Hintergrundinformationen geben. [Beschreiben Sie den Kontext oder das Problem und f\u00fcgen Sie alle relevanten Statistiken oder Artikel hinzu, um Ihre Aussagen zu unterst\u00fctzen.] Da dieser Sachverhalt immer dringlicher wird, halte ich es f\u00fcr entscheidend, Ma\u00dfnahmen zu ergreifen.<\/p>  <p><strong>Dritter Absatz:<\/strong><\/p> <p>Um das Problem zu l\u00f6sen, schlage ich vor, dass wir [Ihre Idee oder L\u00f6sung hier]. Dieser Ansatz hat sich bereits in anderen \u00e4hnlichen Situationen bew\u00e4hrt und kann auch hier erfolgreich sein. Durch [Ihre Idee] k\u00f6nnen wir die negativen Auswirkungen minimieren und gleichzeitig positive Ver\u00e4nderungen erreichen.<\/p>  <p><b>Unterst\u00fctzung:<\/b><\/p> <blockquote> <p>Ein Beispiel f\u00fcr dieses Konzept kann in [andere Organisation\/l\u00e4nderspezifische Fallstudie] gesehen werden. Durch die Implementierung [Ihrer Idee] haben sie es geschafft, [Erfolg\/Messbare Ergebnisse] zu erzielen. Diese Erfahrungen sind ein Beweis daf\u00fcr, dass dieser Ansatz wirksam ist und auch f\u00fcr uns funktionieren kann.<\/p> <\/blockquote>  <p><strong>Vierter Absatz:<\/strong><\/p> <p>Um dieses Ziel zu erreichen, schlage ich vor, dass wir folgende Schritte unternehmen:<\/p>  <ol> <li>[Schritt 1]: [Beschreiben Sie den ersten Schritt detailliert und legen Sie die Verantwortlichen fest.]<\/li> <li>[Schritt 2]: [Beschreiben Sie den zweiten Schritt detailliert und legen Sie die Verantwortlichen fest.]<\/li> <li>[Schritt 3]: [Beschreiben Sie den dritten Schritt detailliert und legen Sie die Verantwortlichen fest.]<\/li> <\/ol>  <p><strong>F\u00fcnfter Absatz:<\/strong><\/p> <p>Ich bitte Sie dringend, diese Vorschl\u00e4ge zu pr\u00fcfen und Ihre Unterst\u00fctzung anzubieten. Gemeinsam k\u00f6nnen wir die n\u00f6tigen Ver\u00e4nderungen herbeif\u00fchren und [Grund f\u00fcr den Brief] erfolgreich bew\u00e4ltigen.<\/p>  <p>Vielen Dank f\u00fcr Ihre Zeit und Aufmerksamkeit. Ich freue mich auf Ihre R\u00fcckmeldung und hoffe auf eine positive Reaktion.<\/p>  <p><strong>Schluss:<\/strong><\/p> <p>Beste Gr\u00fc\u00dfe,<\/p> [Ihr Name]  [Kontaktdaten]<\/section><\/div><\/div>\r\n\r\n&nbsp;\r\n\r\n\r\n\r\n\r\n\r\n\r\n<p class=\"has-text-align-center\">Muster und Vorlage f\u00fcr <strong> Brief Auf Englisch Schreiben <\/strong> zur Erstellung und Anpassung im <strong>WORD<\/strong>\u2013 und <strong>PDF-Format<\/strong><\/p>\r\n\r\n\r\n<button id=\"generatePDF\">Erstellen (PDF &#8211; WORD)<\/button>\r\n\r\n\r\n\r\n<hr class=\"wp-block-separator has-alpha-channel-opacity\" \/>\r\n\r\n\r\n\r\n<p style=\"text-align: center;\"><strong>Brief Auf Englisch Schreiben<\/strong><\/p>\r\n\r\n<div class=\"wp-block-columns is-layout-flex wp-container-core-columns-is-layout-9d6595d7 wp-block-columns-is-layout-flex\">\r\n\r\n\r\n<div class=\"wp-block-column is-layout-flow wp-block-column-is-layout-flow\"><div class=\"su-button-center\"><a href=\"https:\/\/mein-campus.net\/wp-content\/uploads\/2016\/09\/Handout-Karriere-Formulierungen-auf-Englisch.pdf\" class=\"su-button su-button-style-flat\" style=\"color:#FFFFFF;background-color:#144bb6;border-color:#103c92;border-radius:1px\" target=\"_self\"><span style=\"color:#FFFFFF;padding:0px 24px;font-size:18px;line-height:36px;border-color:#5b81cc;border-radius:1px;text-shadow:none\">   PDF <\/span><\/a><\/div>\n<\/div>\r\n\r\n\r\n\r\n<div class=\"wp-block-column is-layout-flow wp-block-column-is-layout-flow\"><div class=\"su-button-center\"><a href=\"https:\/\/www.km-bw.de\/site\/pbs-bw-new\/get\/documents\/KULTUS.Dachmandant\/KULTUS\/KM-Homepage\/Realschule\/Klassenarbeiten\/Englisch%20KA-Kl.%208-Teenagers%20in%20the%20USA.docx\" class=\"su-button su-button-style-flat\" style=\"color:#FFFFFF;background-color:#144bb6;border-color:#103c92;border-radius:1px\" target=\"_self\"><span style=\"color:#FFFFFF;padding:0px 24px;font-size:18px;line-height:36px;border-color:#5b81cc;border-radius:1px;text-shadow:none\">   DOC<\/span><\/a><\/div>\n<\/div>\r\n\r\n\r\n<\/div>\r\n\r\n\r\n\r\n<p style=\"text-align: center;\"><strong>Beispiele<\/strong><\/p>\r\n\r\n<div class=\"wp-block-columns is-layout-flex wp-container-core-columns-is-layout-9d6595d7 wp-block-columns-is-layout-flex\">\r\n\r\n\r\n<div class=\"wp-block-column is-layout-flow wp-block-column-is-layout-flow\"><div class=\"su-button-center\"><a href=\"https:\/\/mein-campus.net\/wp-content\/uploads\/2016\/09\/Handout-Karriere-Formulierungen-auf-Englisch.pdf\" class=\"su-button su-button-style-flat\" style=\"color:#FFFFFF;background-color:#144bb6;border-color:#103c92;border-radius:1px\" target=\"_self\"><span style=\"color:#FFFFFF;padding:0px 24px;font-size:18px;line-height:36px;border-color:#5b81cc;border-radius:1px;text-shadow:none\">  Beispiel &#8211; 1 <\/span><\/a><\/div>\n<\/div>\r\n\r\n\r\n\r\n<div class=\"wp-block-column is-layout-flow wp-block-column-is-layout-flow\"><div class=\"su-button-center\"><a href=\"https:\/\/de.bab.la\/phrasen\/persoenlich\/bab.la-phrasen-brief-deutsch-englisch.pdf\" class=\"su-button su-button-style-flat\" style=\"color:#FFFFFF;background-color:#144bb6;border-color:#103c92;border-radius:1px\" target=\"_self\"><span style=\"color:#FFFFFF;padding:0px 24px;font-size:18px;line-height:36px;border-color:#5b81cc;border-radius:1px;text-shadow:none\">  Beispiel &#8211; 2 <\/span><\/a><\/div>\n<\/div>\r\n\r\n\r\n<\/div>\r\n\r\n\r\n<hr class=\"wp-block-separator has-alpha-channel-opacity\" \/>\r\n\r\n\r\n\r\n<div class=\"wp-block-columns is-layout-flex wp-container-core-columns-is-layout-9d6595d7 wp-block-columns-is-layout-flex\">\r\n\r\n\r\n<div class=\"wp-block-column is-layout-flow wp-block-column-is-layout-flow\"><div class=\"su-button-center\"><a href=\"https:\/\/www.stw.berlin\/assets\/sw-berlin\/bereiche\/beratung\/Schreibzentrum\/Lernmaterialien\/Handout_Formulierungshilfen_Englisch_Webseite_2020.pdf\" class=\"su-button su-button-style-flat\" style=\"color:#FFFFFF;background-color:#144bb6;border-color:#103c92;border-radius:1px\" target=\"_self\"><span style=\"color:#FFFFFF;padding:0px 24px;font-size:18px;line-height:36px;border-color:#5b81cc;border-radius:1px;text-shadow:none\">  Beispiel &#8211; 3 <\/span><\/a><\/div>\n<\/div>\r\n\r\n\r\n\r\n<div class=\"wp-block-column is-layout-flow wp-block-column-is-layout-flow\"><div class=\"su-button-center\"><a href=\"https:\/\/mein-campus.net\/wp-content\/uploads\/2016\/09\/Handout-Karriere-Formulierungen-auf-Englisch.pdf\" class=\"su-button su-button-style-flat\" style=\"color:#FFFFFF;background-color:#144bb6;border-color:#103c92;border-radius:1px\" target=\"_self\"><span style=\"color:#FFFFFF;padding:0px 24px;font-size:18px;line-height:36px;border-color:#5b81cc;border-radius:1px;text-shadow:none\">  Beispiel &#8211; 4 <\/span><\/a><\/div>\n<\/div>\r\n\r\n\r\n<\/div>\r\n\r\n\r\n<hr class=\"wp-block-separator has-alpha-channel-opacity\" \/>\r\n\r\n<!-- \/wp:post-content -->\r\n\r\n<!-- wp:table {\"align\":\"center\"} -->\r\n<figure class=\"wp-block-table aligncenter\">\r\n<table>\r\n<tbody>\r\n<tr>\r\n<td style=\"text-align: center;\">Brief Auf Englisch Schreiben<\/td>\r\n<\/tr>\r\n<tr>\r\n<td style=\"text-align: center;\">PDF &#8211; WORD Datei<\/td>\r\n<\/tr>\r\n<tr>\r\n<td style=\"text-align: center;\">Bewertung: \u2b50\u2b50\u2b50\u2b50\u2b50 4.19<\/td>\r\n<\/tr>\r\n<tr>\r\n<td style=\"text-align: center;\">Ergebnisse &#8211; 7171<\/td>\r\n<\/tr>\r\n<\/tbody>\r\n<\/table>\r\n<\/figure>\r\n<!-- \/wp:table -->\r\n\r\n<!-- wp:separator -->\r\n\r\n<hr class=\"wp-block-separator has-alpha-channel-opacity\" \/>\r\n\r\n<!-- \/wp:separator -->\r\n\r\n<div class=\"su-note\"  style=\"border-color:#e5e5e5;border-radius:10px;-moz-border-radius:10px;-webkit-border-radius:10px;\"><div class=\"su-note-inner su-u-clearfix su-u-trim\" style=\"background-color:#FFFFFF;border-color:#ffffff;color:#333333;border-radius:10px;-moz-border-radius:10px;-webkit-border-radius:10px;\">\r\n\r\n<p>Das Verfassen eines Briefes auf Englisch kann eine herausfordernde Aufgabe sein, insbesondere wenn es um formelle oder gesch\u00e4ftliche Korrespondenz geht. In dieser Anleitung werden wir die verschiedenen Schritte und Bestandteile des Briefschreibens erkl\u00e4ren und Ihnen n\u00fctzliche Tipps und Beispiele geben, damit Sie effektive englische Briefe verfassen k\u00f6nnen.<\/p>  <h3>1. Formale Gestaltung des Briefes<\/h3>  <p>Bevor wir uns mit dem eigentlichen Schreibprozess befassen, ist es wichtig, die formale Gestaltung eines Briefes zu verstehen. Hier sind die wichtigsten Elemente:<\/p>  <dl> <dt>Absender<\/dt> <dd>Beginnen Sie Ihren Brief mit Ihren Kontaktdaten, einschlie\u00dflich Ihrem Namen, Ihrer Adresse, Ihrer Telefonnummer und Ihrer E-Mail-Adresse. Platzieren Sie diese Informationen oben links auf der Seite.<\/dd>  <dt>Datum<\/dt> <dd>Geben Sie das aktuelle Datum an. Platzieren Sie es direkt unter Ihren Kontaktdaten.<\/dd>  <dt>Empf\u00e4nger<\/dt> <dd>Geben Sie den Namen und die Adresse des Empf\u00e4ngers an. Platzieren Sie diese Informationen oben rechts auf der Seite.<\/dd>  <dt>Anrede<\/dt> <dd>Begr\u00fc\u00dfen Sie den Empf\u00e4nger h\u00f6flich, indem Sie &#8220;Dear Mr.&#8221; oder &#8220;Dear Ms.&#8221; gefolgt von seinem Namen verwenden. Wenn Sie den Namen des Empf\u00e4ngers nicht kennen, k\u00f6nnen Sie stattdessen &#8220;Dear Sir or Madam&#8221; verwenden.<\/dd>  <dt>Betreff<\/dt> <dd>Geben Sie eine kurze des Zwecks Ihres Briefes an. Platzieren Sie den Betreff nach der Anrede.<\/dd>  <dt>Text<\/dt> <dd>Schreiben Sie den eigentlichen Inhalt Ihres Briefes. Stellen Sie sicher, dass Ihre S\u00e4tze klar, pr\u00e4zise und gut strukturiert sind. Vermeiden Sie lange, komplizierte S\u00e4tze.<\/dd>  <dt>Schlussformel<\/dt> <dd>Verwenden Sie eine geeignete Schlussformel wie &#8220;Yours sincerely&#8221; oder &#8220;Yours faithfully&#8221;, gefolgt von Ihrem Namen.<\/dd>  <\/dl>  <h3>2. Einleitung<\/h3>  <p>Die Einleitung ist der erste Abschnitt Ihres Briefes und dient dazu, das Interesse des Lesers zu wecken und den Zweck des Briefes zu erl\u00e4utern. Hier sind einige Tipps f\u00fcr eine effektive Einleitung:<\/p>  <ul> <li>Begr\u00fc\u00dfen Sie den Leser h\u00f6flich und verwenden Sie seinen Namen, falls bekannt.<\/li> <li>Schreiben Sie einen einpr\u00e4gsamen ersten Satz, der das Interesse des Lesers weckt.<\/li> <li>Erkl\u00e4ren Sie kurz den Grund f\u00fcr Ihren Brief.<\/li> <li>Geben Sie an, warum Sie sich an den Empf\u00e4nger wenden.<\/li> <\/ul>  <p><strong>Beispiel:<\/strong><\/p>  <p>Dear Mr. Smith,<\/p>  <p>I hope this letter finds you well. I am writing to inquire about the job opening at your company.<\/p>  <h3>3. Hauptteil<\/h3>  <p>Der Hauptteil Ihres Briefes enth\u00e4lt die detaillierten Informationen oder Argumente, die Sie dem Empf\u00e4nger vermitteln m\u00f6chten. Hier sind einige Tipps, um Ihren Hauptteil effektiv zu gestalten:<\/p>  <ul> <li>Gliedern Sie Ihre Informationen in Abs\u00e4tze, um sie \u00fcbersichtlich zu pr\u00e4sentieren.<\/li> <li>Verwenden Sie klare und pr\u00e4zise S\u00e4tze, um Ihre Punkte zu erkl\u00e4ren.<\/li> <li>St\u00fctzen Sie Ihre Aussagen mit relevanten Beispielen oder Fakten.<\/li> <li>Vermeiden Sie es, zu viele technische Begriffe oder Fachjargon zu verwenden.<\/li> <li>Halten Sie Ihren Hauptteil gut strukturiert und logisch aufgebaut.<\/li> <\/ul>  <p><strong>Beispiel:<\/strong><\/p>  <p>I have several years of experience in the marketing industry, specifically in digital marketing. In my current role as a Digital Marketing Manager at XYZ Company, I have successfully implemented various online marketing campaigns that have significantly increased our brand&#8217;s visibility and customer engagement. I believe that my skills and expertise make me a strong candidate for the job.<\/p>  <h3>4. Schluss<\/h3>  <p>Der Abschluss Ihres Briefes fasst Ihre Hauptpunkte zusammen und gibt Ihnen die M\u00f6glichkeit, Ihre Ziele oder Erwartungen zu \u00e4u\u00dfern. Hier sind einige Tipps f\u00fcr einen effektiven Abschluss:<\/p>  <ul> <li>Fassen Sie die wichtigsten Punkte aus Ihrem Hauptteil zusammen.<\/li> <li>Geben Sie klare Handlungsaufforderungen, falls erforderlich.<\/li> <li>Bedanken Sie sich h\u00f6flich f\u00fcr die Zeit und Aufmerksamkeit des Empf\u00e4ngers.<\/li> <li>Geben Sie Ihre Kontaktdaten erneut an, falls der Empf\u00e4nger weitere Informationen von Ihnen ben\u00f6tigt.<\/li> <\/ul>  <p><strong>Beispiel:<\/strong><\/p>  <p>Thank you for considering my application. I would greatly appreciate the opportunity to discuss how my skills and experience can contribute to your team. Please feel free to contact me at your convenience.<\/p>  <h3>5. Schlusssatz<\/h3>  <p>Nach dem Schluss des Briefes k\u00f6nnen Sie eine passende Schlussformel verwenden, gefolgt von Ihrem Namen. Hier sind einige g\u00e4ngige Schlussformeln:<\/p>  <ul> <li>Yours sincerely,<\/li> <li>Yours faithfully,<\/li> <li>Best regards,<\/li> <li>Kind regards,<\/li> <\/ul>  <p><strong>Beispiel:<\/strong><\/p>  <p>Yours sincerely,<\/p>  <p>John Smith<\/p>  <h3><\/h3>  <p>In dieser Anleitung haben wir die verschiedenen Schritte und Bestandteile des Briefschreibens erkl\u00e4rt. Von der formalen Gestaltung \u00fcber die Einleitung, den Hauptteil bis hin zum Schlusssatz haben wir Ihnen n\u00fctzliche Tipps und Beispiele gegeben, um effektive englische Briefe zu verfassen. Z\u00f6gern Sie nicht, diese Anleitung als Referenz zu verwenden, wenn Sie das n\u00e4chste Mal einen Brief auf Englisch schreiben m\u00fcssen.<\/p>\r\n\r\n<\/div><\/div>\r\n\r\n<!-- wp:separator -->\r\n\r\n<hr class=\"wp-block-separator has-alpha-channel-opacity\" \/>","protected":false},"excerpt":{"rendered":"<p>Vorlage und Muster f\u00fcr Brief Auf Englisch Schreiben &#8211; Erstellung und Ausf\u00fcllen &#8211; \u00d6ffnen im PDF WORD Datei und Online &#8230; <\/p>\n<p class=\"read-more-container\"><a title=\"\u00d6ffnen &#8211; Brief Auf Englisch Schreiben\" class=\"read-more button\" href=\"https:\/\/schreibenpro.com\/de\/brief-auf-englisch-schreiben-offnen\/#more-743\" aria-label=\"Mehr zu \u00d6ffnen &#8211; Brief Auf Englisch Schreiben\">\u00d6FFNEN <\/a><\/p>\n","protected":false},"author":1,"featured_media":0,"parent":0,"menu_order":0,"comment_status":"closed","ping_status":"closed","template":"","meta":{"footnotes":""},"class_list":{"0":"post-743","1":"page","2":"type-page","3":"status-publish","5":"infinite-scroll-item"},"yoast_head":"<!-- This site is optimized with the Yoast SEO plugin v24.6 - https:\/\/yoast.com\/wordpress\/plugins\/seo\/ -->\n<title>\u00d6ffnen - Brief Auf Englisch Schreiben - Schreiben PRO<\/title>\n<meta name=\"robots\" content=\"noindex, follow\" \/>\n<meta property=\"og:locale\" content=\"de_DE\" \/>\n<meta property=\"og:type\" content=\"article\" \/>\n<meta property=\"og:title\" content=\"\u00d6ffnen - Brief Auf Englisch Schreiben - Schreiben PRO\" \/>\n<meta property=\"og:description\" content=\"Vorlage und Muster f\u00fcr Brief Auf Englisch Schreiben &#8211; Erstellung und Ausf\u00fcllen &#8211; \u00d6ffnen im PDF WORD Datei und Online ... \u00d6FFNEN\" \/>\n<meta property=\"og:url\" content=\"https:\/\/schreibenpro.com\/de\/brief-auf-englisch-schreiben-offnen\/\" \/>\n<meta property=\"og:site_name\" content=\"Schreiben PRO\" \/>\n<meta property=\"og:image\" content=\"https:\/\/schreibenpro.com\/de\/wp-content\/uploads\/brief-auf-englisch-schreiben-muster-vorlage.jpg\" \/>\n<meta name=\"twitter:card\" content=\"summary_large_image\" \/>\n<meta name=\"twitter:label1\" content=\"Gesch\u00e4tzte Lesezeit\" \/>\n\t<meta name=\"twitter:data1\" content=\"1\u00a0Minute\" \/>\n<!-- \/ Yoast SEO plugin. -->","yoast_head_json":{"title":"\u00d6ffnen - Brief Auf Englisch Schreiben - Schreiben PRO","robots":{"index":"noindex","follow":"follow"},"og_locale":"de_DE","og_type":"article","og_title":"\u00d6ffnen - Brief Auf Englisch Schreiben - Schreiben PRO","og_description":"Vorlage und Muster f\u00fcr Brief Auf Englisch Schreiben &#8211; Erstellung und Ausf\u00fcllen &#8211; \u00d6ffnen im PDF WORD Datei und Online ... \u00d6FFNEN","og_url":"https:\/\/schreibenpro.com\/de\/brief-auf-englisch-schreiben-offnen\/","og_site_name":"Schreiben PRO","og_image":[{"url":"https:\/\/schreibenpro.com\/de\/wp-content\/uploads\/brief-auf-englisch-schreiben-muster-vorlage.jpg","type":"","width":"","height":""}],"twitter_card":"summary_large_image","twitter_misc":{"Gesch\u00e4tzte Lesezeit":"1\u00a0Minute"},"schema":{"@context":"https:\/\/schema.org","@graph":[{"@type":"WebPage","@id":"https:\/\/schreibenpro.com\/de\/brief-auf-englisch-schreiben-offnen\/","url":"https:\/\/schreibenpro.com\/de\/brief-auf-englisch-schreiben-offnen\/","name":"\u00d6ffnen - Brief Auf Englisch Schreiben - Schreiben PRO","isPartOf":{"@id":"https:\/\/schreibenpro.com\/de\/#website"},"primaryImageOfPage":{"@id":"https:\/\/schreibenpro.com\/de\/brief-auf-englisch-schreiben-offnen\/#primaryimage"},"image":{"@id":"https:\/\/schreibenpro.com\/de\/brief-auf-englisch-schreiben-offnen\/#primaryimage"},"thumbnailUrl":"https:\/\/schreibenpro.com\/de\/wp-content\/uploads\/brief-auf-englisch-schreiben-muster-vorlage.jpg","datePublished":"2023-12-18T08:26:04+00:00","breadcrumb":{"@id":"https:\/\/schreibenpro.com\/de\/brief-auf-englisch-schreiben-offnen\/#breadcrumb"},"inLanguage":"de","potentialAction":[{"@type":"ReadAction","target":["https:\/\/schreibenpro.com\/de\/brief-auf-englisch-schreiben-offnen\/"]}]},{"@type":"ImageObject","inLanguage":"de","@id":"https:\/\/schreibenpro.com\/de\/brief-auf-englisch-schreiben-offnen\/#primaryimage","url":"https:\/\/schreibenpro.com\/de\/wp-content\/uploads\/anschreiben-zum-angebot-muster-vorlage.jpg","contentUrl":"https:\/\/schreibenpro.com\/de\/wp-content\/uploads\/anschreiben-zum-angebot-muster-vorlage.jpg","width":1410,"height":2250},{"@type":"BreadcrumbList","@id":"https:\/\/schreibenpro.com\/de\/brief-auf-englisch-schreiben-offnen\/#breadcrumb","itemListElement":[{"@type":"ListItem","position":1,"name":"Portada","item":"https:\/\/schreibenpro.com\/de\/"},{"@type":"ListItem","position":2,"name":"\u00d6ffnen &#8211; Brief Auf Englisch Schreiben"}]},{"@type":"WebSite","@id":"https:\/\/schreibenpro.com\/de\/#website","url":"https:\/\/schreibenpro.com\/de\/","name":"Schreiben PRO","description":"Muster und Vorlage","publisher":{"@id":"https:\/\/schreibenpro.com\/de\/#organization"},"potentialAction":[{"@type":"SearchAction","target":{"@type":"EntryPoint","urlTemplate":"https:\/\/schreibenpro.com\/de\/?s={search_term_string}"},"query-input":{"@type":"PropertyValueSpecification","valueRequired":true,"valueName":"search_term_string"}}],"inLanguage":"de"},{"@type":"Organization","@id":"https:\/\/schreibenpro.com\/de\/#organization","name":"Schreiben PRO","url":"https:\/\/schreibenpro.com\/de\/","logo":{"@type":"ImageObject","inLanguage":"de","@id":"https:\/\/schreibenpro.com\/de\/#\/schema\/logo\/image\/","url":"https:\/\/schreibenpro.com\/de\/wp-content\/uploads\/cropped-fav.png","contentUrl":"https:\/\/schreibenpro.com\/de\/wp-content\/uploads\/cropped-fav.png","width":512,"height":512,"caption":"Schreiben PRO"},"image":{"@id":"https:\/\/schreibenpro.com\/de\/#\/schema\/logo\/image\/"}}]}},"_links":{"self":[{"href":"https:\/\/schreibenpro.com\/de\/wp-json\/wp\/v2\/pages\/743","targetHints":{"allow":["GET"]}}],"collection":[{"href":"https:\/\/schreibenpro.com\/de\/wp-json\/wp\/v2\/pages"}],"about":[{"href":"https:\/\/schreibenpro.com\/de\/wp-json\/wp\/v2\/types\/page"}],"author":[{"embeddable":true,"href":"https:\/\/schreibenpro.com\/de\/wp-json\/wp\/v2\/users\/1"}],"replies":[{"embeddable":true,"href":"https:\/\/schreibenpro.com\/de\/wp-json\/wp\/v2\/comments?post=743"}],"version-history":[{"count":0,"href":"https:\/\/schreibenpro.com\/de\/wp-json\/wp\/v2\/pages\/743\/revisions"}],"wp:attachment":[{"href":"https:\/\/schreibenpro.com\/de\/wp-json\/wp\/v2\/media?parent=743"}],"curies":[{"name":"wp","href":"https:\/\/api.w.org\/{rel}","templated":true}]}}