{"id":749,"date":"2023-12-18T08:26:06","date_gmt":"2023-12-18T08:26:06","guid":{"rendered":"https:\/\/schreibenpro.com\/de\/abloseschreiben-kredit-ablosen-schreiben-offnen\/"},"modified":"2023-12-18T08:26:06","modified_gmt":"2023-12-18T08:26:06","slug":"abloseschreiben-kredit-ablosen-schreiben-offnen","status":"publish","type":"page","link":"https:\/\/schreibenpro.com\/de\/abloseschreiben-kredit-ablosen-schreiben-offnen\/","title":{"rendered":"\u00d6ffnen &#8211; Abl\u00f6seschreiben Kredit Abl\u00f6sen Schreiben"},"content":{"rendered":"\r\n<p class=\"has-text-align-center\">Vorlage und Muster f\u00fcr <strong> Abl\u00f6seschreiben Kredit Abl\u00f6sen Schreiben<\/strong> &#8211; Ausf\u00fcllen und Erstellung  &#8211; \u00d6ffnen im <strong>WORD PDF<\/strong> Datei und Online<\/p>\r\n\r\n\r\n\r\n\r\n<div class=\"wp-block-image\">\r\n<figure class=\"aligncenter size-large is-resized\"><img loading=\"lazy\" decoding=\"async\" class=\"wp-image-215\" src=\"https:\/\/schreibenpro.com\/de\/wp-content\/uploads\/abloseschreiben-kredit-ablosen-schreiben-muster-vorlage.jpg\" alt=\"\" width=\"245\" height=\"391\" \/><\/figure>\r\n<\/div>\r\n\r\n\r\n\r\n<hr class=\"wp-block-separator has-alpha-channel-opacity\" \/>\r\n\r\n\r\n\r\n\r\n\r\n<div class=\"su-note\"  style=\"border-color:#e5e5e5;border-radius:10px;-moz-border-radius:10px;-webkit-border-radius:10px;\"><div class=\"su-note-inner su-u-clearfix su-u-trim\" style=\"background-color:#FFFFFF;border-color:#ffffff;color:#333333;border-radius:10px;-moz-border-radius:10px;-webkit-border-radius:10px;\">\r\n\r\n<section id=\"specialParagraph\"><p><strong>Einleitung:<\/strong><\/p> <p>Sehr geehrte Damen und Herren,<\/p> <p>hiermit m\u00f6chte ich Sie dar\u00fcber informieren, dass ich meinen laufenden Kredit bei Ihnen abl\u00f6sen m\u00f6chte. Ich habe die M\u00f6glichkeit erhalten, den Kredit vorzeitig zur\u00fcckzuzahlen und m\u00f6chte von dieser Gelegenheit Gebrauch machen. In diesem Schreiben finden Sie alle erforderlichen Informationen und Dokumente, um den Abl\u00f6seprozess abzuschlie\u00dfen.<\/p>  <p><strong>Kreditdetails:<\/strong><\/p> <p><b>Kreditnummer:<\/b> [Kreditnummer] <p><b>Kreditbetrag:<\/b> [Betrag] <p><b>Laufzeit:<\/b> [Laufzeit] <p><b>Aktuelle Zinssatz:<\/b> [Zinssatz]  <p><strong>Abl\u00f6sebetrag:<\/strong><\/p> <p>Nach R\u00fccksprache mit meinem aktuellen Kreditgeber habe ich den Abl\u00f6sebetrag ermittelt. Der Abl\u00f6sebetrag bel\u00e4uft sich auf [Abl\u00f6sebetrag]. Ich bitte Sie, diesen Betrag auf das unten angegebene Konto zu \u00fcberweisen.<\/p>  <p><strong>Bankverbindung:<\/strong><\/p> <dl> <dt>Name der Bank:<\/dt> <dd>[Bankname]<\/dd> <dt>Kontoinhaber:<\/dt> <dd>[Kontoinhaber]<\/dd> <dt>Kontonummer:<\/dt> <dd>[Kontonummer]<\/dd> <dt>IBAN:<\/dt> <dd>[IBAN]<\/dd> <dt>BIC:<\/dt> <dd>[BIC]<\/dd> <\/dl>  <p><strong>Ablauf:<\/strong><\/p> <p>Bitte teilen Sie mir schriftlich mit, dass Sie meinen Kredit abl\u00f6sen k\u00f6nnen. Sobald ich diese Best\u00e4tigung erhalten habe, werde ich den Abl\u00f6sebetrag auf das angegebene Konto \u00fcberweisen. Nachdem der Betrag erfolgreich bei Ihnen eingegangen ist, bitte ich Sie, mir eine schriftliche Best\u00e4tigung \u00fcber die vollst\u00e4ndige Abl\u00f6sung des Kredits zukommen zu lassen.<\/p>  <p><strong>Wichtige Dokumente:<\/strong><\/p> <p>Im Anhang finden Sie folgende Dokumente:<\/p> <ul> <li>Kontoauszug mit dem eingegangenen Abl\u00f6sebetrag<\/li> <li>Kopie meines Personalausweises<\/li> <li>Nachweis \u00fcber die Kontoverbindung f\u00fcr die \u00dcberweisung<\/li> <\/ul>  <p><strong>Zusammenfassung:<\/strong><\/p> <p>Ich bitte Sie h\u00f6flich, den Abl\u00f6seprozess so schnell wie m\u00f6glich abzuschlie\u00dfen. Sollten Sie weitere Informationen oder Dokumente ben\u00f6tigen, stehe ich Ihnen gerne zur Verf\u00fcgung.<\/p> <p>Vielen Dank im Voraus f\u00fcr Ihre M\u00fche und Unterst\u00fctzung.<\/p>  <p>Mit freundlichen Gr\u00fc\u00dfen,<\/p> [Ihr Name]<\/section><\/div><\/div>\r\n\r\n&nbsp;\r\n\r\n\r\n\r\n\r\n\r\n\r\n<p class=\"has-text-align-center\">Vorlage und Muster f\u00fcr <strong> Abl\u00f6seschreiben Kredit Abl\u00f6sen Schreiben <\/strong> zur Anpassung und Erstellung  im <strong>WORD<\/strong>\u2013 und <strong>PDF-Format<\/strong><\/p>\r\n\r\n\r\n<button id=\"generatePDF\">Erstellen (PDF &#8211; WORD)<\/button>\r\n\r\n\r\n\r\n<hr class=\"wp-block-separator has-alpha-channel-opacity\" \/>\r\n\r\n\r\n\r\n<p style=\"text-align: center;\"><strong>Abl\u00f6seschreiben Kredit Abl\u00f6sen Schreiben<\/strong><\/p>\r\n\r\n<div class=\"wp-block-columns is-layout-flex wp-container-core-columns-is-layout-9d6595d7 wp-block-columns-is-layout-flex\">\r\n\r\n\r\n<div class=\"wp-block-column is-layout-flow wp-block-column-is-layout-flow\"><div class=\"su-button-center\"><a href=\"https:\/\/www.giromatch.com\/bilder\/kredit\/kredit-abloesen.Abloese-Kredit-Muster-Vorlage.pdf\" class=\"su-button su-button-style-flat\" style=\"color:#FFFFFF;background-color:#144bb6;border-color:#103c92;border-radius:1px\" target=\"_self\"><span style=\"color:#FFFFFF;padding:0px 24px;font-size:18px;line-height:36px;border-color:#5b81cc;border-radius:1px;text-shadow:none\">   PDF <\/span><\/a><\/div>\n<\/div>\r\n\r\n\r\n\r\n<div class=\"wp-block-column is-layout-flow wp-block-column-is-layout-flow\"><div class=\"su-button-center\"><a href=\"https:\/\/www.giromatch.com\/bilder\/kredit\/kredit-abloesen.Abloese-Kredit-Muster-Vorlage.pdf\" class=\"su-button su-button-style-flat\" style=\"color:#FFFFFF;background-color:#144bb6;border-color:#103c92;border-radius:1px\" target=\"_self\"><span style=\"color:#FFFFFF;padding:0px 24px;font-size:18px;line-height:36px;border-color:#5b81cc;border-radius:1px;text-shadow:none\">   DOC<\/span><\/a><\/div>\n<\/div>\r\n\r\n\r\n<\/div>\r\n\r\n\r\n\r\n<p style=\"text-align: center;\"><strong>Beispiele<\/strong><\/p>\r\n\r\n<div class=\"wp-block-columns is-layout-flex wp-container-core-columns-is-layout-9d6595d7 wp-block-columns-is-layout-flex\">\r\n\r\n\r\n<div class=\"wp-block-column is-layout-flow wp-block-column-is-layout-flow\"><div class=\"su-button-center\"><a href=\"https:\/\/www.giromatch.com\/bilder\/kredit\/kredit-abloesen.Abloese-Kredit-Muster-Vorlage.pdf\" class=\"su-button su-button-style-flat\" style=\"color:#FFFFFF;background-color:#144bb6;border-color:#103c92;border-radius:1px\" target=\"_self\"><span style=\"color:#FFFFFF;padding:0px 24px;font-size:18px;line-height:36px;border-color:#5b81cc;border-radius:1px;text-shadow:none\">  Beispiel &#8211; 1 <\/span><\/a><\/div>\n<\/div>\r\n\r\n\r\n\r\n<div class=\"wp-block-column is-layout-flow wp-block-column-is-layout-flow\"><div class=\"su-button-center\"><a href=\"https:\/\/www.verivox.de\/dateien\/abloesebescheinigung-kredit-vorlage-1002630.pdf\" class=\"su-button su-button-style-flat\" style=\"color:#FFFFFF;background-color:#144bb6;border-color:#103c92;border-radius:1px\" target=\"_self\"><span style=\"color:#FFFFFF;padding:0px 24px;font-size:18px;line-height:36px;border-color:#5b81cc;border-radius:1px;text-shadow:none\">  Beispiel &#8211; 2 <\/span><\/a><\/div>\n<\/div>\r\n\r\n\r\n<\/div>\r\n\r\n\r\n<hr class=\"wp-block-separator has-alpha-channel-opacity\" \/>\r\n\r\n\r\n\r\n<div class=\"wp-block-columns is-layout-flex wp-container-core-columns-is-layout-9d6595d7 wp-block-columns-is-layout-flex\">\r\n\r\n\r\n<div class=\"wp-block-column is-layout-flow wp-block-column-is-layout-flow\"><div class=\"su-button-center\"><a href=\"https:\/\/www.verbraucherzentrale.de\/sites\/default\/files\/migration_files\/media169931A.pdf\" class=\"su-button su-button-style-flat\" style=\"color:#FFFFFF;background-color:#144bb6;border-color:#103c92;border-radius:1px\" target=\"_self\"><span style=\"color:#FFFFFF;padding:0px 24px;font-size:18px;line-height:36px;border-color:#5b81cc;border-radius:1px;text-shadow:none\">  Beispiel &#8211; 3 <\/span><\/a><\/div>\n<\/div>\r\n\r\n\r\n\r\n<div class=\"wp-block-column is-layout-flow wp-block-column-is-layout-flow\"><div class=\"su-button-center\"><a href=\"https:\/\/www.giromatch.com\/bilder\/kredit\/kredit-abloesen.Abloese-Kredit-Muster-Vorlage.pdf\" class=\"su-button su-button-style-flat\" style=\"color:#FFFFFF;background-color:#144bb6;border-color:#103c92;border-radius:1px\" target=\"_self\"><span style=\"color:#FFFFFF;padding:0px 24px;font-size:18px;line-height:36px;border-color:#5b81cc;border-radius:1px;text-shadow:none\">  Beispiel &#8211; 4 <\/span><\/a><\/div>\n<\/div>\r\n\r\n\r\n<\/div>\r\n\r\n\r\n<hr class=\"wp-block-separator has-alpha-channel-opacity\" \/>\r\n\r\n<!-- \/wp:post-content -->\r\n\r\n<!-- wp:table {\"align\":\"center\"} -->\r\n<figure class=\"wp-block-table aligncenter\">\r\n<table>\r\n<tbody>\r\n<tr>\r\n<td style=\"text-align: center;\">Abl\u00f6seschreiben Kredit Abl\u00f6sen Schreiben<\/td>\r\n<\/tr>\r\n<tr>\r\n<td style=\"text-align: center;\">PDF &#8211; WORD Datei<\/td>\r\n<\/tr>\r\n<tr>\r\n<td style=\"text-align: center;\">Bewertung: \u2b50\u2b50\u2b50\u2b50\u2b50 4.35<\/td>\r\n<\/tr>\r\n<tr>\r\n<td style=\"text-align: center;\">Ergebnisse &#8211; 2206<\/td>\r\n<\/tr>\r\n<\/tbody>\r\n<\/table>\r\n<\/figure>\r\n<!-- \/wp:table -->\r\n\r\n<!-- wp:separator -->\r\n\r\n<hr class=\"wp-block-separator has-alpha-channel-opacity\" \/>\r\n\r\n<!-- \/wp:separator -->\r\n\r\n<div class=\"su-note\"  style=\"border-color:#e5e5e5;border-radius:10px;-moz-border-radius:10px;-webkit-border-radius:10px;\"><div class=\"su-note-inner su-u-clearfix su-u-trim\" style=\"background-color:#FFFFFF;border-color:#ffffff;color:#333333;border-radius:10px;-moz-border-radius:10px;-webkit-border-radius:10px;\">\r\n\r\n<p>Ein Abl\u00f6seschreiben f\u00fcr die vorzeitige Tilgung eines Kredits kann eine wirksame M\u00f6glichkeit sein, um ausstehende Schulden zu begleichen. Es ist wichtig, dieses Schreiben formell und pr\u00e4zise zu verfassen, um sicherzustellen, dass es sowohl rechtlich bindend als auch effektiv ist. In dieser Anleitung werden wir detailliert erkl\u00e4ren, wie man ein Abl\u00f6seschreiben verfasst, einschlie\u00dflich wichtiger \u00dcberlegungen zur Form, Struktur und Inhalt. Hier sind die Schritte, die Sie befolgen sollten:<\/p>  <h3>Schritt 1: Briefkopf und Absenderinformationen<\/h3> <p>Beginnen Sie das Abl\u00f6seschreiben mit einem Briefkopf, der Ihren Namen, Ihre Anschrift, Ihre Telefonnummer und Ihre E-Mail-Adresse enth\u00e4lt. Diese Informationen sollten links oben auf der Seite stehen. Unter dem Briefkopf sollten Sie das aktuelle Datum angeben.<\/p> <p><strong>Beispiel:<\/strong><\/p> <p><b>Ihr Name<\/b><\/p> <p>Ihre Adresse<\/p> <p>Ihre Stadt, Ihr Bundesland, Ihre Postleitzahl<\/p> <p>Ihre Telefonnummer<\/p> <p>Ihre E-Mail-Adresse<\/p> <p>Datum: [Aktuelles Datum]  <h3>Schritt 2: Empf\u00e4ngerinformationen<\/h3> <p>Geben Sie die Namen und Adressen des Empf\u00e4ngers sorgf\u00e4ltig ein. Dies ist wichtig, wenn der Brief direkt an den Kreditgeber oder die Kreditabteilung einer Bank gerichtet ist. Diese Informationen sollten links unter Ihrem Briefkopf erscheinen.<\/p> <p><strong>Beispiel:<\/strong><\/p> <p><dt><b>An:<\/b><\/dt><\/p> <p><dd>Kreditgeber Name<\/dd><\/p> <p><dd>Kreditgeber Adresse<\/dd><\/p> <p><dd>Kreditgeber Stadt, Kreditgeber Bundesland, Kreditgeber Postleitzahl<\/dd><\/p>  <h3>Schritt 3: Betreffzeile<\/h3> <p>Die Betreffzeile sollte den Zweck des Briefes klar und pr\u00e4zise angeben. In diesem Fall sollte sie auff\u00fchren, dass es sich um ein Abl\u00f6seschreiben f\u00fcr die vorzeitige Tilgung eines Kredits handelt. Die Betreffzeile sollte direkt unter den Empf\u00e4ngerinformationen stehen.<\/p> <p><strong>Beispiel:<\/strong><\/p> <p><b>Betreff: Abl\u00f6seschreiben f\u00fcr die vorzeitige Tilgung eines Kredits<\/b><\/p>  <h3>Schritt 4: Anrede<\/h3> <p>Eine angemessene Anrede ist wichtig, um den Brief formell und professionell zu halten. Wenn Sie den Namen des Empf\u00e4ngers kennen, verwenden Sie die entsprechende Anrede wie &#8220;Sehr geehrter Herr [Nachname]&#8221; oder &#8220;Sehr geehrte Frau [Nachname]&#8221;. Wenn Sie den Namen nicht kennen, verwenden Sie &#8220;Sehr geehrte Damen und Herren&#8221;.<\/p> <p><strong>Beispiel:<\/strong><\/p> <p><b>Sehr geehrte Damen und Herren,<\/b><\/p>  <h3>Schritt 5: Einleitung<\/h3> <p>In der Einleitung sollten Sie den Zweck des Briefes klar erl\u00e4utern. Geben Sie an, dass Sie den Kredit vorzeitig abl\u00f6sen m\u00f6chten und bitten Sie um die erforderlichen Informationen und Anweisungen, um dies zu tun. Geben Sie auch relevante Informationen wie Ihre Kreditnummer und andere relevante Details an.<\/p> <p><strong>Beispiel:<\/strong><\/p> <p><b>Ich schreibe Ihnen, um den Kredit mit der Nummer [Kreditnummer] vorzeitig abzul\u00f6sen. Bitte geben Sie mir die erforderlichen Informationen und Anweisungen, um diesen Prozess abzuschlie\u00dfen.<\/b><\/p>  <h3>Schritt 6: Hauptteil<\/h3> <p>Der Hauptteil sollte detailliert erkl\u00e4ren, wie die vorzeitige Tilgung erfolgen soll. Geben Sie alle relevanten Informationen an, wie zum Beispiel den Betrag, den Sie bezahlen m\u00f6chten, die gew\u00fcnschte Zahlungsmethode und das gew\u00fcnschte Datum der Tilgung.<\/p> <p><strong>Beispiel:<\/strong><\/p> <p><b>Ich beabsichtige, den ausstehenden Kreditbetrag in einer einzigen Zahlung zu begleichen. Bitte teilen Sie mir mit, wie viel genau noch ausstehend ist und wie ich diesen Betrag bezahlen kann. Ich m\u00f6chte diesen Betrag am [Datum] bezahlen und bevorzuge die Zahlung per \u00dcberweisung.<\/b><\/p>  <h3>Schritt 7: Schluss<\/h3> <p>Im Schlussteil des Briefes sollten Sie Ihren Wunsch nach einer rechtlichen Best\u00e4tigung der Tilgung des Kredits zum Ausdruck bringen. Bitten Sie um eine schriftliche Best\u00e4tigung, dass der Kredit vollst\u00e4ndig bezahlt wurde.<\/p> <p><strong>Beispiel:<\/strong><\/p> <p><b>Ich m\u00f6chte Sie bitten, mir eine schriftliche Best\u00e4tigung zu senden, dass der Kredit nach Zahlung des oben genannten Betrags vollst\u00e4ndig getilgt ist.<\/b><\/p>  <h3>Schritt 8: Abschlussformel und Unterschrift<\/h3> <p>Schlie\u00dfen Sie den Brief mit einer angemessenen Abschlussformel wie &#8220;Mit freundlichen Gr\u00fc\u00dfen&#8221; oder &#8220;Hochachtungsvoll&#8221;. Danach sollten Sie Ihren vollst\u00e4ndigen Namen eingeben und den Brief handschriftlich unterschreiben.<\/p> <p><strong>Beispiel:<\/strong><\/p> <p><b>Mit freundlichen Gr\u00fc\u00dfen,<\/b><\/p> <p><b>Ihr vollst\u00e4ndiger Name<\/b><\/p> <p><img decoding=\"async\" src=\"signature.jpg\" alt=\"Ihre Unterschrift\"><\/p>  <h3>Schritt 9: \u00dcberpr\u00fcfung und Korrekturlesen<\/h3> <p>Stellen Sie sicher, dass Sie den gesamten Brief sorgf\u00e4ltig durchlesen und auf m\u00f6gliche Fehler \u00fcberpr\u00fcfen. \u00dcberpr\u00fcfen Sie die Rechtschreibung, Grammatik und den Inhalt, um sicherzustellen, dass der Brief pr\u00e4zise und professionell ist.<\/p>  <p>Mit diesen Schritten haben Sie eine detaillierte Anleitung zur Erstellung eines Abl\u00f6seschreibens f\u00fcr die vorzeitige Tilgung eines Kredits. Beachten Sie, dass dieser Brief als allgemeine Richtlinie gedacht ist und je nach spezifischer Situation angepasst werden kann. Es ist immer ratsam, individuelle Informationen sorgf\u00e4ltig in den Brief einzuf\u00fcgen und professionellen Rat einzuholen, wenn n\u00f6tig.<\/p>\r\n\r\n<\/div><\/div>\r\n\r\n<!-- wp:separator -->\r\n\r\n<hr class=\"wp-block-separator has-alpha-channel-opacity\" \/>","protected":false},"excerpt":{"rendered":"<p>Vorlage und Muster f\u00fcr Abl\u00f6seschreiben Kredit Abl\u00f6sen Schreiben &#8211; Ausf\u00fcllen und Erstellung &#8211; \u00d6ffnen im WORD PDF Datei und Online &#8230; <\/p>\n<p class=\"read-more-container\"><a title=\"\u00d6ffnen &#8211; Abl\u00f6seschreiben Kredit Abl\u00f6sen Schreiben\" class=\"read-more button\" href=\"https:\/\/schreibenpro.com\/de\/abloseschreiben-kredit-ablosen-schreiben-offnen\/#more-749\" aria-label=\"Mehr zu \u00d6ffnen &#8211; Abl\u00f6seschreiben Kredit Abl\u00f6sen Schreiben\">\u00d6FFNEN <\/a><\/p>\n","protected":false},"author":1,"featured_media":0,"parent":0,"menu_order":0,"comment_status":"closed","ping_status":"closed","template":"","meta":{"footnotes":""},"class_list":{"0":"post-749","1":"page","2":"type-page","3":"status-publish","5":"infinite-scroll-item"},"yoast_head":"<!-- This site is optimized with the Yoast SEO plugin v24.6 - https:\/\/yoast.com\/wordpress\/plugins\/seo\/ -->\n<title>\u00d6ffnen - Abl\u00f6seschreiben Kredit Abl\u00f6sen Schreiben - Schreiben PRO<\/title>\n<meta name=\"robots\" content=\"noindex, follow\" \/>\n<meta property=\"og:locale\" content=\"de_DE\" \/>\n<meta property=\"og:type\" content=\"article\" \/>\n<meta property=\"og:title\" content=\"\u00d6ffnen - Abl\u00f6seschreiben Kredit Abl\u00f6sen Schreiben - Schreiben PRO\" \/>\n<meta property=\"og:description\" content=\"Vorlage und Muster f\u00fcr Abl\u00f6seschreiben Kredit Abl\u00f6sen Schreiben &#8211; Ausf\u00fcllen und Erstellung &#8211; \u00d6ffnen im WORD PDF Datei und Online ... \u00d6FFNEN\" \/>\n<meta property=\"og:url\" content=\"https:\/\/schreibenpro.com\/de\/abloseschreiben-kredit-ablosen-schreiben-offnen\/\" \/>\n<meta property=\"og:site_name\" content=\"Schreiben PRO\" \/>\n<meta property=\"og:image\" content=\"https:\/\/schreibenpro.com\/de\/wp-content\/uploads\/abloseschreiben-kredit-ablosen-schreiben-muster-vorlage.jpg\" \/>\n<meta name=\"twitter:card\" content=\"summary_large_image\" \/>\n<meta name=\"twitter:label1\" content=\"Gesch\u00e4tzte Lesezeit\" \/>\n\t<meta name=\"twitter:data1\" content=\"1\u00a0Minute\" \/>\n<!-- \/ Yoast SEO plugin. -->","yoast_head_json":{"title":"\u00d6ffnen - Abl\u00f6seschreiben Kredit Abl\u00f6sen Schreiben - Schreiben PRO","robots":{"index":"noindex","follow":"follow"},"og_locale":"de_DE","og_type":"article","og_title":"\u00d6ffnen - Abl\u00f6seschreiben Kredit Abl\u00f6sen Schreiben - Schreiben PRO","og_description":"Vorlage und Muster f\u00fcr Abl\u00f6seschreiben Kredit Abl\u00f6sen Schreiben &#8211; Ausf\u00fcllen und Erstellung &#8211; \u00d6ffnen im WORD PDF Datei und Online ... \u00d6FFNEN","og_url":"https:\/\/schreibenpro.com\/de\/abloseschreiben-kredit-ablosen-schreiben-offnen\/","og_site_name":"Schreiben PRO","og_image":[{"url":"https:\/\/schreibenpro.com\/de\/wp-content\/uploads\/abloseschreiben-kredit-ablosen-schreiben-muster-vorlage.jpg","type":"","width":"","height":""}],"twitter_card":"summary_large_image","twitter_misc":{"Gesch\u00e4tzte Lesezeit":"1\u00a0Minute"},"schema":{"@context":"https:\/\/schema.org","@graph":[{"@type":"WebPage","@id":"https:\/\/schreibenpro.com\/de\/abloseschreiben-kredit-ablosen-schreiben-offnen\/","url":"https:\/\/schreibenpro.com\/de\/abloseschreiben-kredit-ablosen-schreiben-offnen\/","name":"\u00d6ffnen - Abl\u00f6seschreiben Kredit Abl\u00f6sen Schreiben - Schreiben PRO","isPartOf":{"@id":"https:\/\/schreibenpro.com\/de\/#website"},"primaryImageOfPage":{"@id":"https:\/\/schreibenpro.com\/de\/abloseschreiben-kredit-ablosen-schreiben-offnen\/#primaryimage"},"image":{"@id":"https:\/\/schreibenpro.com\/de\/abloseschreiben-kredit-ablosen-schreiben-offnen\/#primaryimage"},"thumbnailUrl":"https:\/\/schreibenpro.com\/de\/wp-content\/uploads\/abloseschreiben-kredit-ablosen-schreiben-muster-vorlage.jpg","datePublished":"2023-12-18T08:26:06+00:00","breadcrumb":{"@id":"https:\/\/schreibenpro.com\/de\/abloseschreiben-kredit-ablosen-schreiben-offnen\/#breadcrumb"},"inLanguage":"de","potentialAction":[{"@type":"ReadAction","target":["https:\/\/schreibenpro.com\/de\/abloseschreiben-kredit-ablosen-schreiben-offnen\/"]}]},{"@type":"ImageObject","inLanguage":"de","@id":"https:\/\/schreibenpro.com\/de\/abloseschreiben-kredit-ablosen-schreiben-offnen\/#primaryimage","url":"https:\/\/schreibenpro.com\/de\/wp-content\/uploads\/anschreiben-zum-angebot-muster-vorlage.jpg","contentUrl":"https:\/\/schreibenpro.com\/de\/wp-content\/uploads\/anschreiben-zum-angebot-muster-vorlage.jpg","width":1410,"height":2250},{"@type":"BreadcrumbList","@id":"https:\/\/schreibenpro.com\/de\/abloseschreiben-kredit-ablosen-schreiben-offnen\/#breadcrumb","itemListElement":[{"@type":"ListItem","position":1,"name":"Portada","item":"https:\/\/schreibenpro.com\/de\/"},{"@type":"ListItem","position":2,"name":"\u00d6ffnen &#8211; Abl\u00f6seschreiben Kredit Abl\u00f6sen Schreiben"}]},{"@type":"WebSite","@id":"https:\/\/schreibenpro.com\/de\/#website","url":"https:\/\/schreibenpro.com\/de\/","name":"Schreiben PRO","description":"Muster und Vorlage","publisher":{"@id":"https:\/\/schreibenpro.com\/de\/#organization"},"potentialAction":[{"@type":"SearchAction","target":{"@type":"EntryPoint","urlTemplate":"https:\/\/schreibenpro.com\/de\/?s={search_term_string}"},"query-input":{"@type":"PropertyValueSpecification","valueRequired":true,"valueName":"search_term_string"}}],"inLanguage":"de"},{"@type":"Organization","@id":"https:\/\/schreibenpro.com\/de\/#organization","name":"Schreiben PRO","url":"https:\/\/schreibenpro.com\/de\/","logo":{"@type":"ImageObject","inLanguage":"de","@id":"https:\/\/schreibenpro.com\/de\/#\/schema\/logo\/image\/","url":"https:\/\/schreibenpro.com\/de\/wp-content\/uploads\/cropped-fav.png","contentUrl":"https:\/\/schreibenpro.com\/de\/wp-content\/uploads\/cropped-fav.png","width":512,"height":512,"caption":"Schreiben PRO"},"image":{"@id":"https:\/\/schreibenpro.com\/de\/#\/schema\/logo\/image\/"}}]}},"_links":{"self":[{"href":"https:\/\/schreibenpro.com\/de\/wp-json\/wp\/v2\/pages\/749","targetHints":{"allow":["GET"]}}],"collection":[{"href":"https:\/\/schreibenpro.com\/de\/wp-json\/wp\/v2\/pages"}],"about":[{"href":"https:\/\/schreibenpro.com\/de\/wp-json\/wp\/v2\/types\/page"}],"author":[{"embeddable":true,"href":"https:\/\/schreibenpro.com\/de\/wp-json\/wp\/v2\/users\/1"}],"replies":[{"embeddable":true,"href":"https:\/\/schreibenpro.com\/de\/wp-json\/wp\/v2\/comments?post=749"}],"version-history":[{"count":0,"href":"https:\/\/schreibenpro.com\/de\/wp-json\/wp\/v2\/pages\/749\/revisions"}],"wp:attachment":[{"href":"https:\/\/schreibenpro.com\/de\/wp-json\/wp\/v2\/media?parent=749"}],"curies":[{"name":"wp","href":"https:\/\/api.w.org\/{rel}","templated":true}]}}