{"id":752,"date":"2023-12-18T08:26:08","date_gmt":"2023-12-18T08:26:08","guid":{"rendered":"https:\/\/schreibenpro.com\/de\/haus-interesse-schreiben-offnen\/"},"modified":"2023-12-18T08:26:08","modified_gmt":"2023-12-18T08:26:08","slug":"haus-interesse-schreiben-offnen","status":"publish","type":"page","link":"https:\/\/schreibenpro.com\/de\/haus-interesse-schreiben-offnen\/","title":{"rendered":"\u00d6ffnen &#8211; Haus Interesse Schreiben"},"content":{"rendered":"\r\n<p class=\"has-text-align-center\">Vorlage und Muster f\u00fcr <strong> Haus Interesse Schreiben<\/strong> &#8211; Ausf\u00fcllen und Erstellung  &#8211; \u00d6ffnen im <strong>WORD PDF<\/strong> Datei und Online<\/p>\r\n\r\n\r\n\r\n\r\n<div class=\"wp-block-image\">\r\n<figure class=\"aligncenter size-large is-resized\"><img loading=\"lazy\" decoding=\"async\" class=\"wp-image-215\" src=\"https:\/\/schreibenpro.com\/de\/wp-content\/uploads\/haus-interesse-schreiben-muster-vorlage.jpg\" alt=\"\" width=\"245\" height=\"391\" \/><\/figure>\r\n<\/div>\r\n\r\n\r\n\r\n<hr class=\"wp-block-separator has-alpha-channel-opacity\" \/>\r\n\r\n\r\n\r\n\r\n\r\n<div class=\"su-note\"  style=\"border-color:#e5e5e5;border-radius:10px;-moz-border-radius:10px;-webkit-border-radius:10px;\"><div class=\"su-note-inner su-u-clearfix su-u-trim\" style=\"background-color:#FFFFFF;border-color:#ffffff;color:#333333;border-radius:10px;-moz-border-radius:10px;-webkit-border-radius:10px;\">\r\n\r\n<section id=\"specialParagraph\"><style> h1 { color: blue; }  p { font-size: 16px; font-family: Arial, sans-serif; }  strong { font-weight: bold; }  dt { font-weight: bold; }  dd { margin-left: 20px; } <\/style>     <p><strong>Einleitung:<\/strong><\/p> <p>Sehr geehrter Herr\/Frau [Name des Empf\u00e4ngers],<\/p> <p>Ich schreibe Ihnen diesen Brief, um mein gro\u00dfes Interesse an dem Haus zum Verkauf in [Adresse des Hauses] auszudr\u00fccken. Ich habe von diesem Angebot geh\u00f6rt und nach meiner gr\u00fcndlichen Recherche bin ich der Meinung, dass das Haus perfekt zu meinen Bed\u00fcrfnissen und Pr\u00e4ferenzen passt.<\/p>  <p><strong>Kurze Vorstellung der eigenen Person:<\/strong><\/p> <p>Mein Name ist [Ihr Name] und ich bin 32 Jahre alt. Ich arbeite als [Beruf] und lebe derzeit in [aktueller Wohnort]. Meine Familie und ich suchen seit einiger Zeit nach einem neuen Zuhause, das unseren Anforderungen gerecht wird. Nachdem wir das Angebot f\u00fcr das Haus zum Verkauf in [Adresse des Hauses] gesehen haben, sind wir davon \u00fcberzeugt, dass dies das ideale Haus f\u00fcr uns ist.<\/p>  <p><strong>Beschreibung des Hauses:<\/strong><\/p> <p>Das Haus zum Verkauf in [Adresse des Hauses] hat genau die Eigenschaften, die wir uns f\u00fcr unser neues Zuhause w\u00fcnschen. Es besteht aus [Anzahl der Zimmer] Zimmern, darunter [Anzahl der Schlafzimmer und Badezimmer]. Die Wohnfl\u00e4che betr\u00e4gt [Gr\u00f6\u00dfe der Wohnfl\u00e4che]. Zus\u00e4tzlich verf\u00fcgt das Haus \u00fcber [weitere wichtige Merkmale wie Garten, Garage, Pool usw.]. Wir finden den architektonischen Stil und die Innenausstattung des Hauses \u00e4u\u00dferst ansprechend.<\/p>  <p><strong>Erl\u00e4uterung des Grundes f\u00fcr das Interesse:<\/strong><\/p> <p>Es gibt mehrere Gr\u00fcnde, warum wir gro\u00dfes Interesse an dem Haus in [Adresse des Hauses] haben. Erstens liegt das Haus in einer sehr begehrten Wohngegend, die f\u00fcr ihre ruhige Umgebung und ihre freundliche Nachbarschaft bekannt ist. Dar\u00fcber hinaus sind die Schulen und Einkaufsm\u00f6glichkeiten in der N\u00e4he, was f\u00fcr unsere Familie von gro\u00dfer Bedeutung ist.<\/p> <p>Zweitens erf\u00fcllt das Haus alle unsere r\u00e4umlichen Anforderungen. Die Anzahl der Zimmer und die Gr\u00f6\u00dfe der Wohnfl\u00e4che sind genau das, was wir suchen, um unseren wachsenden Raumbedarf zu decken. Au\u00dferdem haben wir den Zustand des Hauses sorgf\u00e4ltig \u00fcberpr\u00fcft und festgestellt, dass keine gr\u00f6\u00dferen Renovierungen erforderlich sind, was den potenziellen Kaufpreis weiter attraktiv macht.<\/p> <p>Des Weiteren sprechen uns die zus\u00e4tzlichen Merkmale des Hauses, wie der wundersch\u00f6n gestaltete Garten und die ger\u00e4umige Garage, sehr an. Diese bieten uns die M\u00f6glichkeit, unsere Hobbys und Aktivit\u00e4ten im Freien zu genie\u00dfen.<\/p>  <p><strong>Finanzielle Aspekte:<\/strong><\/p> <p>Was die finanzielle Seite betrifft, sind wir bereit, einen angemessenen Preis f\u00fcr das Haus zu zahlen, basierend auf einem unabh\u00e4ngigen Gutachten. Wir verstehen, dass der Verkaufspreis verhandelbar ist und wir sind offen f\u00fcr eine Diskussion dar\u00fcber, wie wir eine f\u00fcr beide Seiten faire Vereinbarung treffen k\u00f6nnen. Wir sind auch bereit, einen angemessenen Anteil als Anzahlung zu leisten und die erforderlichen finanziellen Schritte zu unternehmen, um den Kauf des Hauses zu sichern.<\/p>  <p><strong>Abschluss:<\/strong><\/p> <p>Abschlie\u00dfend m\u00f6chte ich betonen, dass wir wirklich von dem Haus in [Adresse des Hauses] beeindruckt sind und sehr daran interessiert sind, es zu unserem neuen Zuhause zu machen. Wir w\u00fcrden uns freuen, weitere Informationen \u00fcber das Haus zu erhalten und eine Besichtigung zu vereinbaren, um das Haus pers\u00f6nlich zu sehen. Bitte lassen Sie uns wissen, ob dies m\u00f6glich ist und wann es Ihnen passt.<\/p> <p>Vielen Dank im Voraus f\u00fcr Ihre Aufmerksamkeit und Ihre Bem\u00fchungen. Wir hoffen, bald von Ihnen zu h\u00f6ren und freuen uns auf die M\u00f6glichkeit, das Haus genauer zu betrachten.<\/p>  <p>Mit freundlichen Gr\u00fc\u00dfen,<\/p> [Ihr Name]<\/section><\/div><\/div>\r\n\r\n&nbsp;\r\n\r\n\r\n\r\n\r\n\r\n\r\n<p class=\"has-text-align-center\">Muster und Vorlage f\u00fcr <strong> Haus Interesse Schreiben <\/strong> zur Anpassung und Erstellung  im <strong>WORD<\/strong>\u2013 und <strong>PDF-Format<\/strong><\/p>\r\n\r\n\r\n<button id=\"generatePDF\">Erstellen (PDF &#8211; WORD)<\/button>\r\n\r\n\r\n\r\n<hr class=\"wp-block-separator has-alpha-channel-opacity\" \/>\r\n\r\n\r\n\r\n<p style=\"text-align: center;\"><strong>Haus Interesse Schreiben<\/strong><\/p>\r\n\r\n<div class=\"wp-block-columns is-layout-flex wp-container-core-columns-is-layout-9d6595d7 wp-block-columns-is-layout-flex\">\r\n\r\n\r\n<div class=\"wp-block-column is-layout-flow wp-block-column-is-layout-flow\"><div class=\"su-button-center\"><a href=\"https:\/\/briefe-fuer-immobilienmakler.de\/cust\/Briefe%20f%C3%BCr%20Immobilienmakler.pdf\" class=\"su-button su-button-style-flat\" style=\"color:#FFFFFF;background-color:#144bb6;border-color:#103c92;border-radius:1px\" target=\"_self\"><span style=\"color:#FFFFFF;padding:0px 24px;font-size:18px;line-height:36px;border-color:#5b81cc;border-radius:1px;text-shadow:none\">   PDF <\/span><\/a><\/div>\n<\/div>\r\n\r\n\r\n\r\n<div class=\"wp-block-column is-layout-flow wp-block-column-is-layout-flow\"><div class=\"su-button-center\"><a href=\"https:\/\/www.verlag-hausundgrund.de\/fileadmin\/verlag\/media\/pdfs\/Datenschutz_-_DSGVO\/DSGVO-Musterinformationsschreiben_fuer_Vermieter_an_Mieter_06-2018.docx\" class=\"su-button su-button-style-flat\" style=\"color:#FFFFFF;background-color:#144bb6;border-color:#103c92;border-radius:1px\" target=\"_self\"><span style=\"color:#FFFFFF;padding:0px 24px;font-size:18px;line-height:36px;border-color:#5b81cc;border-radius:1px;text-shadow:none\">   DOC<\/span><\/a><\/div>\n<\/div>\r\n\r\n\r\n<\/div>\r\n\r\n\r\n\r\n<p style=\"text-align: center;\"><strong>Beispiele<\/strong><\/p>\r\n\r\n<div class=\"wp-block-columns is-layout-flex wp-container-core-columns-is-layout-9d6595d7 wp-block-columns-is-layout-flex\">\r\n\r\n\r\n<div class=\"wp-block-column is-layout-flow wp-block-column-is-layout-flow\"><div class=\"su-button-center\"><a href=\"https:\/\/briefe-fuer-immobilienmakler.de\/cust\/Briefe%20f%C3%BCr%20Immobilienmakler.pdf\" class=\"su-button su-button-style-flat\" style=\"color:#FFFFFF;background-color:#144bb6;border-color:#103c92;border-radius:1px\" target=\"_self\"><span style=\"color:#FFFFFF;padding:0px 24px;font-size:18px;line-height:36px;border-color:#5b81cc;border-radius:1px;text-shadow:none\">  Beispiel &#8211; 1 <\/span><\/a><\/div>\n<\/div>\r\n\r\n\r\n\r\n<div class=\"wp-block-column is-layout-flow wp-block-column-is-layout-flow\"><div class=\"su-button-center\"><a href=\"https:\/\/www2.klett.de\/sixcms\/media.php\/10\/676231_Einfach_schreiben_Loesungen_EB.pdf\" class=\"su-button su-button-style-flat\" style=\"color:#FFFFFF;background-color:#144bb6;border-color:#103c92;border-radius:1px\" target=\"_self\"><span style=\"color:#FFFFFF;padding:0px 24px;font-size:18px;line-height:36px;border-color:#5b81cc;border-radius:1px;text-shadow:none\">  Beispiel &#8211; 2 <\/span><\/a><\/div>\n<\/div>\r\n\r\n\r\n<\/div>\r\n\r\n\r\n<hr class=\"wp-block-separator has-alpha-channel-opacity\" \/>\r\n\r\n\r\n\r\n<div class=\"wp-block-columns is-layout-flex wp-container-core-columns-is-layout-9d6595d7 wp-block-columns-is-layout-flex\">\r\n\r\n\r\n<div class=\"wp-block-column is-layout-flow wp-block-column-is-layout-flow\"><div class=\"su-button-center\"><a href=\"https:\/\/www.bruchsal.de\/site\/Bruchsal-Internet\/get\/documents\/bruchsal-internet\/PB5Documents\/pdf\/Interessenbekundung-Wohnbauinvestoren-02-endversion.pdf\" class=\"su-button su-button-style-flat\" style=\"color:#FFFFFF;background-color:#144bb6;border-color:#103c92;border-radius:1px\" target=\"_self\"><span style=\"color:#FFFFFF;padding:0px 24px;font-size:18px;line-height:36px;border-color:#5b81cc;border-radius:1px;text-shadow:none\">  Beispiel &#8211; 3 <\/span><\/a><\/div>\n<\/div>\r\n\r\n\r\n\r\n<div class=\"wp-block-column is-layout-flow wp-block-column-is-layout-flow\"><div class=\"su-button-center\"><a href=\"https:\/\/briefe-fuer-immobilienmakler.de\/cust\/Briefe%20f%C3%BCr%20Immobilienmakler.pdf\" class=\"su-button su-button-style-flat\" style=\"color:#FFFFFF;background-color:#144bb6;border-color:#103c92;border-radius:1px\" target=\"_self\"><span style=\"color:#FFFFFF;padding:0px 24px;font-size:18px;line-height:36px;border-color:#5b81cc;border-radius:1px;text-shadow:none\">  Beispiel &#8211; 4 <\/span><\/a><\/div>\n<\/div>\r\n\r\n\r\n<\/div>\r\n\r\n\r\n<hr class=\"wp-block-separator has-alpha-channel-opacity\" \/>\r\n\r\n<!-- \/wp:post-content -->\r\n\r\n<!-- wp:table {\"align\":\"center\"} -->\r\n<figure class=\"wp-block-table aligncenter\">\r\n<table>\r\n<tbody>\r\n<tr>\r\n<td style=\"text-align: center;\">Haus Interesse Schreiben<\/td>\r\n<\/tr>\r\n<tr>\r\n<td style=\"text-align: center;\">PDF &#8211; WORD Datei<\/td>\r\n<\/tr>\r\n<tr>\r\n<td style=\"text-align: center;\">Bewertung: \u2b50\u2b50\u2b50\u2b50\u2b50 4.55<\/td>\r\n<\/tr>\r\n<tr>\r\n<td style=\"text-align: center;\">Ergebnisse &#8211; 5271<\/td>\r\n<\/tr>\r\n<\/tbody>\r\n<\/table>\r\n<\/figure>\r\n<!-- \/wp:table -->\r\n\r\n<!-- wp:separator -->\r\n\r\n<hr class=\"wp-block-separator has-alpha-channel-opacity\" \/>\r\n\r\n<!-- \/wp:separator -->\r\n\r\n<div class=\"su-note\"  style=\"border-color:#e5e5e5;border-radius:10px;-moz-border-radius:10px;-webkit-border-radius:10px;\"><div class=\"su-note-inner su-u-clearfix su-u-trim\" style=\"background-color:#FFFFFF;border-color:#ffffff;color:#333333;border-radius:10px;-moz-border-radius:10px;-webkit-border-radius:10px;\">\r\n\r\n<p>Ein Hausinteresse Schreiben ist ein formeller Brief, den Sie an den Verk\u00e4ufer oder Makler eines Hauses schicken, um Ihr Interesse an dem Haus auszudr\u00fccken. Es ist wichtig, dass Ihr Brief professionell und gut durchdacht ist, um einen guten Eindruck zu hinterlassen und Ihre Chancen auf den Erwerb des Hauses zu erh\u00f6hen. In dieser Anleitung werden wir Ihnen Schritt f\u00fcr Schritt erkl\u00e4ren, wie Sie ein solches Schreiben verfassen k\u00f6nnen.<\/p>  <h3>Schritt 1: Empf\u00e4ngerinformationen<\/h3>  <p>Zu Beginn des Briefes sollten Sie die Empf\u00e4ngerinformationen angeben. Dazu geh\u00f6ren der Name des Verk\u00e4ufers oder Maklers, die Adresse des Hauses und die Kontaktdaten. Diese Informationen sollten in einem Absatz zusammengefasst werden, zum Beispiel:<\/p>  <blockquote> <p>Sehr geehrter Herr Meier,<\/p> <p>Ich schreibe Ihnen bez\u00fcglich des Hauses in der Musterstra\u00dfe 123. Sie k\u00f6nnen mich unter der Telefonnummer 01234567 oder per E-Mail unter muster@email.com erreichen.<\/p> <\/blockquote>  <h3>Schritt 2: Einleitung<\/h3>  <p>In der Einleitung sollten Sie den Zweck Ihres Briefes erl\u00e4utern und angeben, warum Sie an dem Haus interessiert sind. Es ist wichtig, dass Sie Ihre Beziehung zum Verk\u00e4ufer oder Makler erw\u00e4hnen, falls vorhanden. Hier ist ein Beispiel f\u00fcr eine Einleitung:<\/p>  <blockquote> <p>Vielen Dank, dass Sie sich die Zeit nehmen, meinen Brief zu lesen. Mein Name ist [Ihr Name] und ich habe vor kurzem von dem Haus in der Musterstra\u00dfe 123 erfahren. Ich wurde von meinem Freund Herrn Schmidt darauf aufmerksam gemacht, der mir gesagt hat, dass Sie der Verk\u00e4ufer bzw. Makler des Hauses sind. Da ich schon lange auf der Suche nach einem Haus in dieser Gegend bin, hat mich Ihre Anzeige sehr interessiert.<\/p> <\/blockquote>  <h3>Schritt 3: Hauptteil<\/h3>  <p>Im Hauptteil sollten Sie Ihre Interessen, Bed\u00fcrfnisse und W\u00fcnsche in Bezug auf das Haus detailliert beschreiben. Hier sind einige Punkte, die Sie in Betracht ziehen k\u00f6nnten:<\/p>  <dl> <dt>1. Hausbeschreibung<\/dt> <dd>Beschreiben Sie, warum Ihnen das Haus gef\u00e4llt. Nennen Sie seine Eigenschaften und Merkmale, wie zum Beispiel die Lage, die Gr\u00f6\u00dfe, die Architektur oder besondere Merkmale.<\/dd> <dt>2. Finanzen<\/dt> <dd>Erkl\u00e4ren Sie, dass Sie finanziell vorbereitet sind, das Haus zu kaufen. Wenn Sie bereits eine Finanzierung haben oder gen\u00fcgend Geld f\u00fcr die Anzahlung haben, erw\u00e4hnen Sie dies.<\/dd> <dt>3. Zeitplan<\/dt> <dd>Erkl\u00e4ren Sie, dass Sie bereit sind, den Kaufprozess so schnell wie m\u00f6glich abzuschlie\u00dfen. Wenn Sie einen bestimmten Zeitplan haben, zum Beispiel aufgrund einer bevorstehenden Lebenssituation, geben Sie dies an.<\/dd> <dt>4. Besichtigung<\/dt> <dd>Bitten Sie um eine Gelegenheit, das Haus zu besichtigen, um eine bessere Vorstellung davon zu bekommen. Schlagen Sie Termine vor, zu denen Sie verf\u00fcgbar sind, und bitten Sie um R\u00fcckmeldung.<\/dd> <\/dl>  <p>Es ist wichtig, dass Sie diese Punkte in klaren und pr\u00e4zisen S\u00e4tzen beschreiben, um Ihr Interesse \u00fcberzeugend darzulegen.<\/p>  <h3>Schritt 4: Schluss<\/h3>  <p>Im Schluss sollten Sie nochmals Ihre Wertsch\u00e4tzung f\u00fcr die Gelegenheit zum Ausdruck bringen und Ihre Kontaktdaten erneut angeben. Hier ist ein Beispiel f\u00fcr einen Schluss:<\/p>  <blockquote> <p>Nochmals vielen Dank f\u00fcr Ihre Zeit und die M\u00f6glichkeit, mein Interesse an dem Haus auszudr\u00fccken. Ich freue mich darauf, mehr \u00fcber das Haus zu erfahren und es pers\u00f6nlich zu besichtigen. Sie k\u00f6nnen mich unter der oben angegebenen Telefonnummer oder E-Mail-Adresse erreichen. Ich freue mich auf Ihre Antwort.<\/p> <p>Mit freundlichen Gr\u00fc\u00dfen,<\/p> [Ihr Name] <\/blockquote>  <h3>\u00dcberlegungen zur formalen Gestaltung<\/h3>  <p>Bei der formalen Gestaltung eines Hausinteresse Schreibens gibt es einige wichtige \u00dcberlegungen, die Sie beachten sollten:<\/p>  <ul> <li>Verwenden Sie ein professionelles Erscheinungsbild. W\u00e4hlen Sie eine professionelle Schriftart und -gr\u00f6\u00dfe, und formatieren Sie den Brief \u00fcbersichtlich.<\/li> <li>\u00dcberpr\u00fcfen Sie Rechtschreibung und Grammatik. Korrigieren Sie alle Fehler, um einen professionellen Eindruck zu hinterlassen.<\/li> <li>Verwenden Sie einen formellen Ton. Ihr Brief sollte h\u00f6flich, respektvoll und angemessen sein.<\/li> <li>Behalten Sie eine angemessene L\u00e4nge bei. Versuchen Sie, den Brief auf eine Seite zu beschr\u00e4nken und bleiben Sie sachlich und pr\u00e4zise.<\/li> <\/ul>  <p>Durch die Ber\u00fccksichtigung dieser \u00dcberlegungen k\u00f6nnen Sie sicherstellen, dass Ihr Hausinteresse Schreiben professionell und effektiv ist.<\/p>  <h3><\/h3>  <p>Das Verfassen eines Hausinteresse Schreibens erfordert Sorgfalt und \u00dcberlegung. Durch das Befolgen dieser Schritte und die Ber\u00fccksichtigung der formalen \u00dcberlegungen k\u00f6nnen Sie sicherstellen, dass Ihr Brief gut durchdacht, \u00fcberzeugend und professionell ist. Viel Erfolg bei Ihrem Hausinteresse Schreiben!<\/p>\r\n\r\n<\/div><\/div>\r\n\r\n<!-- wp:separator -->\r\n\r\n<hr class=\"wp-block-separator has-alpha-channel-opacity\" \/>","protected":false},"excerpt":{"rendered":"<p>Vorlage und Muster f\u00fcr Haus Interesse Schreiben &#8211; Ausf\u00fcllen und Erstellung &#8211; \u00d6ffnen im WORD PDF Datei und Online &nbsp; &#8230; <\/p>\n<p class=\"read-more-container\"><a title=\"\u00d6ffnen &#8211; Haus Interesse Schreiben\" class=\"read-more button\" href=\"https:\/\/schreibenpro.com\/de\/haus-interesse-schreiben-offnen\/#more-752\" aria-label=\"Mehr zu \u00d6ffnen &#8211; Haus Interesse Schreiben\">\u00d6FFNEN <\/a><\/p>\n","protected":false},"author":1,"featured_media":0,"parent":0,"menu_order":0,"comment_status":"closed","ping_status":"closed","template":"","meta":{"footnotes":""},"class_list":{"0":"post-752","1":"page","2":"type-page","3":"status-publish","5":"infinite-scroll-item"},"yoast_head":"<!-- This site is optimized with the Yoast SEO plugin v24.6 - https:\/\/yoast.com\/wordpress\/plugins\/seo\/ -->\n<title>\u00d6ffnen - Haus Interesse Schreiben - Schreiben PRO<\/title>\n<meta name=\"robots\" content=\"noindex, follow\" \/>\n<meta property=\"og:locale\" content=\"de_DE\" \/>\n<meta property=\"og:type\" content=\"article\" \/>\n<meta property=\"og:title\" content=\"\u00d6ffnen - Haus Interesse Schreiben - Schreiben PRO\" \/>\n<meta property=\"og:description\" content=\"Vorlage und Muster f\u00fcr Haus Interesse Schreiben &#8211; Ausf\u00fcllen und Erstellung &#8211; \u00d6ffnen im WORD PDF Datei und Online &nbsp; ... \u00d6FFNEN\" \/>\n<meta property=\"og:url\" content=\"https:\/\/schreibenpro.com\/de\/haus-interesse-schreiben-offnen\/\" \/>\n<meta property=\"og:site_name\" content=\"Schreiben PRO\" \/>\n<meta property=\"og:image\" content=\"https:\/\/schreibenpro.com\/de\/wp-content\/uploads\/haus-interesse-schreiben-muster-vorlage.jpg\" \/>\n<meta name=\"twitter:card\" content=\"summary_large_image\" \/>\n<meta name=\"twitter:label1\" content=\"Gesch\u00e4tzte Lesezeit\" \/>\n\t<meta name=\"twitter:data1\" content=\"1\u00a0Minute\" \/>\n<!-- \/ Yoast SEO plugin. -->","yoast_head_json":{"title":"\u00d6ffnen - Haus Interesse Schreiben - Schreiben PRO","robots":{"index":"noindex","follow":"follow"},"og_locale":"de_DE","og_type":"article","og_title":"\u00d6ffnen - Haus Interesse Schreiben - Schreiben PRO","og_description":"Vorlage und Muster f\u00fcr Haus Interesse Schreiben &#8211; Ausf\u00fcllen und Erstellung &#8211; \u00d6ffnen im WORD PDF Datei und Online &nbsp; ... \u00d6FFNEN","og_url":"https:\/\/schreibenpro.com\/de\/haus-interesse-schreiben-offnen\/","og_site_name":"Schreiben PRO","og_image":[{"url":"https:\/\/schreibenpro.com\/de\/wp-content\/uploads\/haus-interesse-schreiben-muster-vorlage.jpg","type":"","width":"","height":""}],"twitter_card":"summary_large_image","twitter_misc":{"Gesch\u00e4tzte Lesezeit":"1\u00a0Minute"},"schema":{"@context":"https:\/\/schema.org","@graph":[{"@type":"WebPage","@id":"https:\/\/schreibenpro.com\/de\/haus-interesse-schreiben-offnen\/","url":"https:\/\/schreibenpro.com\/de\/haus-interesse-schreiben-offnen\/","name":"\u00d6ffnen - Haus Interesse Schreiben - Schreiben PRO","isPartOf":{"@id":"https:\/\/schreibenpro.com\/de\/#website"},"primaryImageOfPage":{"@id":"https:\/\/schreibenpro.com\/de\/haus-interesse-schreiben-offnen\/#primaryimage"},"image":{"@id":"https:\/\/schreibenpro.com\/de\/haus-interesse-schreiben-offnen\/#primaryimage"},"thumbnailUrl":"https:\/\/schreibenpro.com\/de\/wp-content\/uploads\/haus-interesse-schreiben-muster-vorlage.jpg","datePublished":"2023-12-18T08:26:08+00:00","breadcrumb":{"@id":"https:\/\/schreibenpro.com\/de\/haus-interesse-schreiben-offnen\/#breadcrumb"},"inLanguage":"de","potentialAction":[{"@type":"ReadAction","target":["https:\/\/schreibenpro.com\/de\/haus-interesse-schreiben-offnen\/"]}]},{"@type":"ImageObject","inLanguage":"de","@id":"https:\/\/schreibenpro.com\/de\/haus-interesse-schreiben-offnen\/#primaryimage","url":"https:\/\/schreibenpro.com\/de\/wp-content\/uploads\/anschreiben-zum-angebot-muster-vorlage.jpg","contentUrl":"https:\/\/schreibenpro.com\/de\/wp-content\/uploads\/anschreiben-zum-angebot-muster-vorlage.jpg","width":1410,"height":2250},{"@type":"BreadcrumbList","@id":"https:\/\/schreibenpro.com\/de\/haus-interesse-schreiben-offnen\/#breadcrumb","itemListElement":[{"@type":"ListItem","position":1,"name":"Portada","item":"https:\/\/schreibenpro.com\/de\/"},{"@type":"ListItem","position":2,"name":"\u00d6ffnen &#8211; Haus Interesse Schreiben"}]},{"@type":"WebSite","@id":"https:\/\/schreibenpro.com\/de\/#website","url":"https:\/\/schreibenpro.com\/de\/","name":"Schreiben PRO","description":"Muster und Vorlage","publisher":{"@id":"https:\/\/schreibenpro.com\/de\/#organization"},"potentialAction":[{"@type":"SearchAction","target":{"@type":"EntryPoint","urlTemplate":"https:\/\/schreibenpro.com\/de\/?s={search_term_string}"},"query-input":{"@type":"PropertyValueSpecification","valueRequired":true,"valueName":"search_term_string"}}],"inLanguage":"de"},{"@type":"Organization","@id":"https:\/\/schreibenpro.com\/de\/#organization","name":"Schreiben PRO","url":"https:\/\/schreibenpro.com\/de\/","logo":{"@type":"ImageObject","inLanguage":"de","@id":"https:\/\/schreibenpro.com\/de\/#\/schema\/logo\/image\/","url":"https:\/\/schreibenpro.com\/de\/wp-content\/uploads\/cropped-fav.png","contentUrl":"https:\/\/schreibenpro.com\/de\/wp-content\/uploads\/cropped-fav.png","width":512,"height":512,"caption":"Schreiben PRO"},"image":{"@id":"https:\/\/schreibenpro.com\/de\/#\/schema\/logo\/image\/"}}]}},"_links":{"self":[{"href":"https:\/\/schreibenpro.com\/de\/wp-json\/wp\/v2\/pages\/752","targetHints":{"allow":["GET"]}}],"collection":[{"href":"https:\/\/schreibenpro.com\/de\/wp-json\/wp\/v2\/pages"}],"about":[{"href":"https:\/\/schreibenpro.com\/de\/wp-json\/wp\/v2\/types\/page"}],"author":[{"embeddable":true,"href":"https:\/\/schreibenpro.com\/de\/wp-json\/wp\/v2\/users\/1"}],"replies":[{"embeddable":true,"href":"https:\/\/schreibenpro.com\/de\/wp-json\/wp\/v2\/comments?post=752"}],"version-history":[{"count":0,"href":"https:\/\/schreibenpro.com\/de\/wp-json\/wp\/v2\/pages\/752\/revisions"}],"wp:attachment":[{"href":"https:\/\/schreibenpro.com\/de\/wp-json\/wp\/v2\/media?parent=752"}],"curies":[{"name":"wp","href":"https:\/\/api.w.org\/{rel}","templated":true}]}}